{"id":125332,"date":"2022-06-13T20:05:18","date_gmt":"2022-06-13T18:05:18","guid":{"rendered":"https:\/\/marktxxl.de\/markt\/produkt\/aden-anais-essentials-cotton-muslin-blanket\/"},"modified":"2023-04-03T02:25:17","modified_gmt":"2023-04-03T00:25:17","slug":"aden-anais-essentials-cotton-muslin-blanket","status":"publish","type":"product","link":"https:\/\/marktxxl.de\/markt\/produkt\/aden-anais-essentials-cotton-muslin-blanket\/","title":{"rendered":"aden + anais\u2122 Essentials Cotton Muslin Blanket"},"content":{"rendered":"<p>Super langlebig und erschwinglich \u2013 lassen Sie unser hochwertiges Musselin versichern, dass Sie das Beste f\u00fcr den Komfort Ihres Babys tun. \u00dcberlegene Atmungsaktivit\u00e4t, nat\u00fcrliches Geschenk, Weichheit und Haltbarkeit. Baby-Utensilien, die ein Leben lang halten und \u00fcber Generationen Gl\u00fcck bereiten<br \/>\nKuscheliger Komfort \u2013 es wurde unsere &#8220;Magic&#8221;-Decke von treuen Kunden bezeichnet, so dass es Babys zum Schlafen bringt. Atmungsaktiver und weicher Musselin-Gem\u00fctlicher Stoff verhindert \u00dcberhitzung und ist sanft zu empfindlicher Babyhaut.<br \/>\nGro\u00df, vielseitig und stilvoll \u2013 unsere gro\u00dfe 111 cm x 111 cm gro\u00dfe Decke bietet Ihnen und Ihrem kleinen B\u00fcndel Freude genug Platz, ohne Angst zu haben, dass sie die Decke zu fr\u00fch \u00fcberwachsen wird. Die perfekte Gr\u00f6\u00dfe f\u00fcr Spielzeit, Bauchzeit, Schlafenszeit und jedes Mal dazwischen. Es ist kein Wunder, warum w\u00e4hlerische Kleinkinder und Neugeborene daran haften, f\u00fcr Komfort und Sicherheit beim Schlafen in der Nacht.<br \/>\nPerfektes Baby-Geschenk \u2013 Unsere Decken sind ideale Geschenke f\u00fcr Babypartys, Geburtstage und Feiertage<br \/>\nZufriedenheitsgarantie \u2013 Lassen Sie unseren au\u00dfergew\u00f6hnlich hochwertigen, leichten und atmungsaktiven Musselin versichern, dass Sie das Beste f\u00fcr den Komfort Ihres Babys tun. \u00dcberlegene Atmungsaktivit\u00e4t, nat\u00fcrliches Geschenk, Weichheit und Haltbarkeit. Baby-Utensilien, die \u00fcber Generationen Gl\u00fcck bereiten<br \/>\n<div class=\"main-cross-sell\" data-asin=\"B0B12GXT31\">\n\n\t<div class=\"WooZone-cross-sell-loader\">\n\t\t<div>\n\t\t\t<div id=\"floatingBarsG\">\n\t\t\t\t<div class=\"blockG\" id=\"rotateG_01\"><\/div>\n\t\t\t\t<div class=\"blockG\" id=\"rotateG_02\"><\/div>\n\t\t\t\t<div class=\"blockG\" id=\"rotateG_03\"><\/div>\n\t\t\t\t<div class=\"blockG\" id=\"rotateG_04\"><\/div>\n\t\t\t\t<div class=\"blockG\" id=\"rotateG_05\"><\/div>\n\t\t\t\t<div class=\"blockG\" id=\"rotateG_06\"><\/div>\n\t\t\t\t<div class=\"blockG\" id=\"rotateG_07\"><\/div>\n\t\t\t\t<div class=\"blockG\" id=\"rotateG_08\"><\/div>\n\t\t\t<\/div>\n\t\t\t<div class=\"WooZone-cross-sell-loader-text\"><\/div>\n\t\t<\/div>\n\t<\/div>\n\n\t\t\n<\/div>\n<div style=\"clear:both;\"><\/div><\/p>\n","protected":false},"excerpt":{"rendered":"<p>Super langlebig und erschwinglich \u2013 lassen Sie unser hochwertiges Musselin versichern, dass Sie das Beste f\u00fcr den Komfort Ihres Babys tun. \u00dcberlegene Atmungsaktivit\u00e4t, nat\u00fcrliches Geschenk, Weichheit und Haltbarkeit. Baby-Utensilien, die ein Leben lang halten und \u00fcber Generationen Gl\u00fcck bereiten<br \/>\nKuscheliger Komfort \u2013 es wurde unsere &#8220;Magic&#8221;-Decke von treuen Kunden bezeichnet, so dass es Babys zum Schlafen bringt. Atmungsaktiver und weicher Musselin-Gem\u00fctlicher Stoff verhindert \u00dcberhitzung und ist sanft zu empfindlicher Babyhaut.<br \/>\nGro\u00df, vielseitig und stilvoll \u2013 unsere gro\u00dfe 111 cm x 111 cm gro\u00dfe Decke bietet Ihnen und Ihrem kleinen B\u00fcndel Freude genug Platz, ohne Angst zu haben, dass sie die Decke zu fr\u00fch \u00fcberwachsen wird. Die perfekte Gr\u00f6\u00dfe f\u00fcr Spielzeit, Bauchzeit, Schlafenszeit und jedes Mal dazwischen. Es ist kein Wunder, warum w\u00e4hlerische Kleinkinder und Neugeborene daran haften, f\u00fcr Komfort und Sicherheit beim Schlafen in der Nacht.<\/p>\n","protected":false},"featured_media":125333,"comment_status":"open","ping_status":"closed","template":"","meta":[],"product_brand":[],"product_cat":[21,8825],"product_tag":[],"class_list":{"0":"post-125332","1":"product","2":"type-product","3":"status-publish","4":"has-post-thumbnail","6":"product_cat-baby","7":"product_cat-baby-kleinkinderzimmer-baby","8":"pa_binding-haushaltswaren","9":"pa_brand-aden-plus-anais","10":"pa_manufacturer-aden-by-aden-plus-anais","12":"first","13":"instock","14":"shipping-taxable","15":"purchasable","16":"product-type-simple","17":"customify-col","18":"product-has-gallery"},"yoast_head":"<!-- This site is optimized with the Yoast SEO plugin v27.3 - https:\/\/yoast.com\/product\/yoast-seo-wordpress\/ -->\n<title>aden + anais\u2122 Essentials Cotton Muslin Blanket - Markt-XXL<\/title>\n<meta name=\"description\" content=\"Markt-XXL aden + anais\u2122 Essentials Cotton Muslin Blanket\" \/>\n<meta name=\"robots\" content=\"index, follow, max-snippet:-1, max-image-preview:large, max-video-preview:-1\" \/>\n<link rel=\"canonical\" href=\"https:\/\/marktxxl.de\/markt\/produkt\/aden-anais-essentials-cotton-muslin-blanket\/\" \/>\n<meta property=\"og:locale\" content=\"de_DE\" \/>\n<meta property=\"og:type\" content=\"article\" \/>\n<meta property=\"og:title\" content=\"aden + anais\u2122 Essentials Cotton Muslin Blanket - Markt-XXL\" \/>\n<meta property=\"og:description\" content=\"Markt-XXL aden + anais\u2122 Essentials Cotton Muslin Blanket\" \/>\n<meta property=\"og:url\" content=\"https:\/\/marktxxl.de\/markt\/produkt\/aden-anais-essentials-cotton-muslin-blanket\/\" \/>\n<meta property=\"og:site_name\" content=\"Markt-XXL\" \/>\n<meta property=\"article:modified_time\" content=\"2023-04-03T00:25:17+00:00\" \/>\n<meta property=\"og:image\" content=\"https:\/\/m.media-amazon.com\/images\/I\/4133j6XEN+L._SL500_.jpg\" \/>\n\t<meta property=\"og:image:width\" content=\"500\" \/>\n\t<meta property=\"og:image:height\" content=\"500\" \/>\n\t<meta property=\"og:image:type\" content=\"image\/jpeg\" \/>\n<meta name=\"twitter:card\" content=\"summary_large_image\" \/>\n<meta name=\"twitter:label1\" content=\"Gesch\u00e4tzte Lesezeit\" \/>\n\t<meta name=\"twitter:data1\" content=\"1\u00a0Minute\" \/>\n<script type=\"application\/ld+json\" class=\"yoast-schema-graph\">{\"@context\":\"https:\\\/\\\/schema.org\",\"@graph\":[{\"@type\":\"WebPage\",\"@id\":\"https:\\\/\\\/marktxxl.de\\\/markt\\\/produkt\\\/aden-anais-essentials-cotton-muslin-blanket\\\/\",\"url\":\"https:\\\/\\\/marktxxl.de\\\/markt\\\/produkt\\\/aden-anais-essentials-cotton-muslin-blanket\\\/\",\"name\":\"aden + anais\u2122 Essentials Cotton Muslin Blanket - Markt-XXL\",\"isPartOf\":{\"@id\":\"https:\\\/\\\/marktxxl.de\\\/markt\\\/#website\"},\"primaryImageOfPage\":{\"@id\":\"https:\\\/\\\/marktxxl.de\\\/markt\\\/produkt\\\/aden-anais-essentials-cotton-muslin-blanket\\\/#primaryimage\"},\"image\":{\"@id\":\"https:\\\/\\\/marktxxl.de\\\/markt\\\/produkt\\\/aden-anais-essentials-cotton-muslin-blanket\\\/#primaryimage\"},\"thumbnailUrl\":\"https:\\\/\\\/m.media-amazon.com\\\/images\\\/I\\\/4133j6XEN+L._SL500_.jpg\",\"datePublished\":\"2022-06-13T18:05:18+00:00\",\"dateModified\":\"2023-04-03T00:25:17+00:00\",\"description\":\"Markt-XXL aden + anais\u2122 Essentials Cotton Muslin Blanket\",\"breadcrumb\":{\"@id\":\"https:\\\/\\\/marktxxl.de\\\/markt\\\/produkt\\\/aden-anais-essentials-cotton-muslin-blanket\\\/#breadcrumb\"},\"inLanguage\":\"de\",\"potentialAction\":[{\"@type\":\"ReadAction\",\"target\":[\"https:\\\/\\\/marktxxl.de\\\/markt\\\/produkt\\\/aden-anais-essentials-cotton-muslin-blanket\\\/\"]}]},{\"@type\":\"ImageObject\",\"inLanguage\":\"de\",\"@id\":\"https:\\\/\\\/marktxxl.de\\\/markt\\\/produkt\\\/aden-anais-essentials-cotton-muslin-blanket\\\/#primaryimage\",\"url\":\"https:\\\/\\\/m.media-amazon.com\\\/images\\\/I\\\/4133j6XEN+L._SL500_.jpg\",\"contentUrl\":\"https:\\\/\\\/m.media-amazon.com\\\/images\\\/I\\\/4133j6XEN+L._SL500_.jpg\",\"width\":500,\"height\":500},{\"@type\":\"BreadcrumbList\",\"@id\":\"https:\\\/\\\/marktxxl.de\\\/markt\\\/produkt\\\/aden-anais-essentials-cotton-muslin-blanket\\\/#breadcrumb\",\"itemListElement\":[{\"@type\":\"ListItem\",\"position\":1,\"name\":\"Startseite\",\"item\":\"https:\\\/\\\/marktxxl.de\\\/markt\\\/\"},{\"@type\":\"ListItem\",\"position\":2,\"name\":\"Markt\",\"item\":\"https:\\\/\\\/marktxxl.de\\\/markt\\\/\"},{\"@type\":\"ListItem\",\"position\":3,\"name\":\"aden + anais\u2122 Essentials Cotton Muslin Blanket\"}]},{\"@type\":\"WebSite\",\"@id\":\"https:\\\/\\\/marktxxl.de\\\/markt\\\/#website\",\"url\":\"https:\\\/\\\/marktxxl.de\\\/markt\\\/\",\"name\":\"Markt-XXL\",\"description\":\"Ihr Markt Online\",\"publisher\":{\"@id\":\"https:\\\/\\\/marktxxl.de\\\/markt\\\/#organization\"},\"potentialAction\":[{\"@type\":\"SearchAction\",\"target\":{\"@type\":\"EntryPoint\",\"urlTemplate\":\"https:\\\/\\\/marktxxl.de\\\/markt\\\/?s={search_term_string}\"},\"query-input\":{\"@type\":\"PropertyValueSpecification\",\"valueRequired\":true,\"valueName\":\"search_term_string\"}}],\"inLanguage\":\"de\"},{\"@type\":\"Organization\",\"@id\":\"https:\\\/\\\/marktxxl.de\\\/markt\\\/#organization\",\"name\":\"Markt-XXL\",\"url\":\"https:\\\/\\\/marktxxl.de\\\/markt\\\/\",\"logo\":{\"@type\":\"ImageObject\",\"inLanguage\":\"de\",\"@id\":\"https:\\\/\\\/marktxxl.de\\\/markt\\\/#\\\/schema\\\/logo\\\/image\\\/\",\"url\":\"https:\\\/\\\/marktxxl.de\\\/markt\\\/wp-content\\\/uploads\\\/sites\\\/3\\\/2020\\\/12\\\/logo.png\",\"contentUrl\":\"https:\\\/\\\/marktxxl.de\\\/markt\\\/wp-content\\\/uploads\\\/sites\\\/3\\\/2020\\\/12\\\/logo.png\",\"width\":200,\"height\":70,\"caption\":\"Markt-XXL\"},\"image\":{\"@id\":\"https:\\\/\\\/marktxxl.de\\\/markt\\\/#\\\/schema\\\/logo\\\/image\\\/\"}}]}<\/script>\n<!-- \/ Yoast SEO plugin. -->","yoast_head_json":{"title":"aden + anais\u2122 Essentials Cotton Muslin Blanket - Markt-XXL","description":"Markt-XXL aden + anais\u2122 Essentials Cotton Muslin Blanket","robots":{"index":"index","follow":"follow","max-snippet":"max-snippet:-1","max-image-preview":"max-image-preview:large","max-video-preview":"max-video-preview:-1"},"canonical":"https:\/\/marktxxl.de\/markt\/produkt\/aden-anais-essentials-cotton-muslin-blanket\/","og_locale":"de_DE","og_type":"article","og_title":"aden + anais\u2122 Essentials Cotton Muslin Blanket - Markt-XXL","og_description":"Markt-XXL aden + anais\u2122 Essentials Cotton Muslin Blanket","og_url":"https:\/\/marktxxl.de\/markt\/produkt\/aden-anais-essentials-cotton-muslin-blanket\/","og_site_name":"Markt-XXL","article_modified_time":"2023-04-03T00:25:17+00:00","og_image":[{"width":500,"height":500,"url":"https:\/\/m.media-amazon.com\/images\/I\/4133j6XEN+L._SL500_.jpg","type":"image\/jpeg"}],"twitter_card":"summary_large_image","twitter_misc":{"Gesch\u00e4tzte Lesezeit":"1\u00a0Minute"},"schema":{"@context":"https:\/\/schema.org","@graph":[{"@type":"WebPage","@id":"https:\/\/marktxxl.de\/markt\/produkt\/aden-anais-essentials-cotton-muslin-blanket\/","url":"https:\/\/marktxxl.de\/markt\/produkt\/aden-anais-essentials-cotton-muslin-blanket\/","name":"aden + anais\u2122 Essentials Cotton Muslin Blanket - Markt-XXL","isPartOf":{"@id":"https:\/\/marktxxl.de\/markt\/#website"},"primaryImageOfPage":{"@id":"https:\/\/marktxxl.de\/markt\/produkt\/aden-anais-essentials-cotton-muslin-blanket\/#primaryimage"},"image":{"@id":"https:\/\/marktxxl.de\/markt\/produkt\/aden-anais-essentials-cotton-muslin-blanket\/#primaryimage"},"thumbnailUrl":"https:\/\/m.media-amazon.com\/images\/I\/4133j6XEN+L._SL500_.jpg","datePublished":"2022-06-13T18:05:18+00:00","dateModified":"2023-04-03T00:25:17+00:00","description":"Markt-XXL aden + anais\u2122 Essentials Cotton Muslin Blanket","breadcrumb":{"@id":"https:\/\/marktxxl.de\/markt\/produkt\/aden-anais-essentials-cotton-muslin-blanket\/#breadcrumb"},"inLanguage":"de","potentialAction":[{"@type":"ReadAction","target":["https:\/\/marktxxl.de\/markt\/produkt\/aden-anais-essentials-cotton-muslin-blanket\/"]}]},{"@type":"ImageObject","inLanguage":"de","@id":"https:\/\/marktxxl.de\/markt\/produkt\/aden-anais-essentials-cotton-muslin-blanket\/#primaryimage","url":"https:\/\/m.media-amazon.com\/images\/I\/4133j6XEN+L._SL500_.jpg","contentUrl":"https:\/\/m.media-amazon.com\/images\/I\/4133j6XEN+L._SL500_.jpg","width":500,"height":500},{"@type":"BreadcrumbList","@id":"https:\/\/marktxxl.de\/markt\/produkt\/aden-anais-essentials-cotton-muslin-blanket\/#breadcrumb","itemListElement":[{"@type":"ListItem","position":1,"name":"Startseite","item":"https:\/\/marktxxl.de\/markt\/"},{"@type":"ListItem","position":2,"name":"Markt","item":"https:\/\/marktxxl.de\/markt\/"},{"@type":"ListItem","position":3,"name":"aden + anais\u2122 Essentials Cotton Muslin Blanket"}]},{"@type":"WebSite","@id":"https:\/\/marktxxl.de\/markt\/#website","url":"https:\/\/marktxxl.de\/markt\/","name":"Markt-XXL","description":"Ihr Markt Online","publisher":{"@id":"https:\/\/marktxxl.de\/markt\/#organization"},"potentialAction":[{"@type":"SearchAction","target":{"@type":"EntryPoint","urlTemplate":"https:\/\/marktxxl.de\/markt\/?s={search_term_string}"},"query-input":{"@type":"PropertyValueSpecification","valueRequired":true,"valueName":"search_term_string"}}],"inLanguage":"de"},{"@type":"Organization","@id":"https:\/\/marktxxl.de\/markt\/#organization","name":"Markt-XXL","url":"https:\/\/marktxxl.de\/markt\/","logo":{"@type":"ImageObject","inLanguage":"de","@id":"https:\/\/marktxxl.de\/markt\/#\/schema\/logo\/image\/","url":"https:\/\/marktxxl.de\/markt\/wp-content\/uploads\/sites\/3\/2020\/12\/logo.png","contentUrl":"https:\/\/marktxxl.de\/markt\/wp-content\/uploads\/sites\/3\/2020\/12\/logo.png","width":200,"height":70,"caption":"Markt-XXL"},"image":{"@id":"https:\/\/marktxxl.de\/markt\/#\/schema\/logo\/image\/"}}]}},"_links":{"self":[{"href":"https:\/\/marktxxl.de\/markt\/wp-json\/wp\/v2\/product\/125332","targetHints":{"allow":["GET"]}}],"collection":[{"href":"https:\/\/marktxxl.de\/markt\/wp-json\/wp\/v2\/product"}],"about":[{"href":"https:\/\/marktxxl.de\/markt\/wp-json\/wp\/v2\/types\/product"}],"replies":[{"embeddable":true,"href":"https:\/\/marktxxl.de\/markt\/wp-json\/wp\/v2\/comments?post=125332"}],"wp:featuredmedia":[{"embeddable":true,"href":"https:\/\/marktxxl.de\/markt\/wp-json\/wp\/v2\/media\/125333"}],"wp:attachment":[{"href":"https:\/\/marktxxl.de\/markt\/wp-json\/wp\/v2\/media?parent=125332"}],"wp:term":[{"taxonomy":"product_brand","embeddable":true,"href":"https:\/\/marktxxl.de\/markt\/wp-json\/wp\/v2\/product_brand?post=125332"},{"taxonomy":"product_cat","embeddable":true,"href":"https:\/\/marktxxl.de\/markt\/wp-json\/wp\/v2\/product_cat?post=125332"},{"taxonomy":"product_tag","embeddable":true,"href":"https:\/\/marktxxl.de\/markt\/wp-json\/wp\/v2\/product_tag?post=125332"}],"curies":[{"name":"wp","href":"https:\/\/api.w.org\/{rel}","templated":true}]}}