{"id":125319,"date":"2022-06-13T20:05:03","date_gmt":"2022-06-13T18:05:03","guid":{"rendered":"https:\/\/marktxxl.de\/markt\/produkt\/mushie-spannbetttuch-fuer-kinderbett-extraweich-71-x-132-cm-gelb\/"},"modified":"2023-04-03T02:25:17","modified_gmt":"2023-04-03T00:25:17","slug":"mushie-spannbetttuch-fuer-kinderbett-extraweich-71-x-132-cm-gelb","status":"publish","type":"product","link":"https:\/\/marktxxl.de\/markt\/produkt\/mushie-spannbetttuch-fuer-kinderbett-extraweich-71-x-132-cm-gelb\/","title":{"rendered":"mushie Spannbetttuch f\u00fcr Kinderbett, extraweich, 71 x 132 cm, Gelb"},"content":{"rendered":"<p>Aus 100 % Baumwolle, unser gem\u00fctliches, extra weiches Musselin-Kinderbettlaken ist vorgewaschen f\u00fcr Weichheit auf der zarten Babyhaut.<br \/>\nMusselin bleibt atmungsaktiv und h\u00e4lt Ihr Baby warm und kuschelig.<br \/>\nDieses Spannbetttuch f\u00fcr Kinderbetten ist elastisch und erm\u00f6glicht ein einfaches Abziehen und eine perfekte Passform nach dem Waschen. Vor Gebrauch waschen.<br \/>\nPassend f\u00fcr Kinderbetten in Standardgr\u00f6\u00dfen: 71 x 132 cm<br \/>\n22 cm tiefe Taschen f\u00fcr eine gute Passform auf der Matratze<br \/>\n<div class=\"main-cross-sell\" data-asin=\"B097NSGY63\">\n\n\t<div class=\"WooZone-cross-sell-loader\">\n\t\t<div>\n\t\t\t<div id=\"floatingBarsG\">\n\t\t\t\t<div class=\"blockG\" id=\"rotateG_01\"><\/div>\n\t\t\t\t<div class=\"blockG\" id=\"rotateG_02\"><\/div>\n\t\t\t\t<div class=\"blockG\" id=\"rotateG_03\"><\/div>\n\t\t\t\t<div class=\"blockG\" id=\"rotateG_04\"><\/div>\n\t\t\t\t<div class=\"blockG\" id=\"rotateG_05\"><\/div>\n\t\t\t\t<div class=\"blockG\" id=\"rotateG_06\"><\/div>\n\t\t\t\t<div class=\"blockG\" id=\"rotateG_07\"><\/div>\n\t\t\t\t<div class=\"blockG\" id=\"rotateG_08\"><\/div>\n\t\t\t<\/div>\n\t\t\t<div class=\"WooZone-cross-sell-loader-text\"><\/div>\n\t\t<\/div>\n\t<\/div>\n\n\t\t\n<\/div>\n<div style=\"clear:both;\"><\/div><\/p>\n","protected":false},"excerpt":{"rendered":"<p>Aus 100 % Baumwolle, unser gem\u00fctliches, extra weiches Musselin-Kinderbettlaken ist vorgewaschen f\u00fcr Weichheit auf der zarten Babyhaut.<br \/>\nMusselin bleibt atmungsaktiv und h\u00e4lt Ihr Baby warm und kuschelig.<br \/>\nDieses Spannbetttuch f\u00fcr Kinderbetten ist elastisch und erm\u00f6glicht ein einfaches Abziehen und eine perfekte Passform nach dem Waschen. Vor Gebrauch waschen.<\/p>\n","protected":false},"featured_media":125320,"comment_status":"open","ping_status":"closed","template":"","meta":[],"product_brand":[],"product_cat":[21,8825],"product_tag":[],"class_list":{"0":"post-125319","1":"product","2":"type-product","3":"status-publish","4":"has-post-thumbnail","6":"product_cat-baby","7":"product_cat-baby-kleinkinderzimmer-baby","8":"pa_brand-mushie","9":"pa_color-herbstgelb","10":"pa_height-0-00399999999592-zoll","11":"pa_length-51-99999994696-zoll","12":"pa_manufacturer-mushie","13":"pa_model-mcs-319","14":"pa_width-27-99999997144-zoll","16":"first","17":"instock","18":"shipping-taxable","19":"purchasable","20":"product-type-simple","21":"customify-col","22":"product-has-gallery"},"yoast_head":"<!-- This site is optimized with the Yoast SEO plugin v27.4 - https:\/\/yoast.com\/product\/yoast-seo-wordpress\/ -->\n<title>mushie Spannbetttuch f\u00fcr Kinderbett, extraweich, 71 x 132 cm, Gelb - Markt-XXL<\/title>\n<meta name=\"description\" content=\"Markt-XXL mushie Spannbetttuch f\u00fcr Kinderbett, extraweich, 71 x 132 cm, Gelb\" \/>\n<meta name=\"robots\" content=\"index, follow, max-snippet:-1, max-image-preview:large, max-video-preview:-1\" \/>\n<link rel=\"canonical\" href=\"https:\/\/marktxxl.de\/markt\/produkt\/mushie-spannbetttuch-fuer-kinderbett-extraweich-71-x-132-cm-gelb\/\" \/>\n<meta property=\"og:locale\" content=\"de_DE\" \/>\n<meta property=\"og:type\" content=\"article\" \/>\n<meta property=\"og:title\" content=\"mushie Spannbetttuch f\u00fcr Kinderbett, extraweich, 71 x 132 cm, Gelb - Markt-XXL\" \/>\n<meta property=\"og:description\" content=\"Markt-XXL mushie Spannbetttuch f\u00fcr Kinderbett, extraweich, 71 x 132 cm, Gelb\" \/>\n<meta property=\"og:url\" content=\"https:\/\/marktxxl.de\/markt\/produkt\/mushie-spannbetttuch-fuer-kinderbett-extraweich-71-x-132-cm-gelb\/\" \/>\n<meta property=\"og:site_name\" content=\"Markt-XXL\" \/>\n<meta property=\"article:modified_time\" content=\"2023-04-03T00:25:17+00:00\" \/>\n<meta property=\"og:image\" content=\"https:\/\/m.media-amazon.com\/images\/I\/412TAHC2yUS._SL500_.jpg\" \/>\n\t<meta property=\"og:image:width\" content=\"499\" \/>\n\t<meta property=\"og:image:height\" content=\"500\" \/>\n\t<meta property=\"og:image:type\" content=\"image\/jpeg\" \/>\n<meta name=\"twitter:card\" content=\"summary_large_image\" \/>\n<script type=\"application\/ld+json\" class=\"yoast-schema-graph\">{\"@context\":\"https:\\\/\\\/schema.org\",\"@graph\":[{\"@type\":\"WebPage\",\"@id\":\"https:\\\/\\\/marktxxl.de\\\/markt\\\/produkt\\\/mushie-spannbetttuch-fuer-kinderbett-extraweich-71-x-132-cm-gelb\\\/\",\"url\":\"https:\\\/\\\/marktxxl.de\\\/markt\\\/produkt\\\/mushie-spannbetttuch-fuer-kinderbett-extraweich-71-x-132-cm-gelb\\\/\",\"name\":\"mushie Spannbetttuch f\u00fcr Kinderbett, extraweich, 71 x 132 cm, Gelb - Markt-XXL\",\"isPartOf\":{\"@id\":\"https:\\\/\\\/marktxxl.de\\\/markt\\\/#website\"},\"primaryImageOfPage\":{\"@id\":\"https:\\\/\\\/marktxxl.de\\\/markt\\\/produkt\\\/mushie-spannbetttuch-fuer-kinderbett-extraweich-71-x-132-cm-gelb\\\/#primaryimage\"},\"image\":{\"@id\":\"https:\\\/\\\/marktxxl.de\\\/markt\\\/produkt\\\/mushie-spannbetttuch-fuer-kinderbett-extraweich-71-x-132-cm-gelb\\\/#primaryimage\"},\"thumbnailUrl\":\"https:\\\/\\\/m.media-amazon.com\\\/images\\\/I\\\/412TAHC2yUS._SL500_.jpg\",\"datePublished\":\"2022-06-13T18:05:03+00:00\",\"dateModified\":\"2023-04-03T00:25:17+00:00\",\"description\":\"Markt-XXL mushie Spannbetttuch f\u00fcr Kinderbett, extraweich, 71 x 132 cm, Gelb\",\"breadcrumb\":{\"@id\":\"https:\\\/\\\/marktxxl.de\\\/markt\\\/produkt\\\/mushie-spannbetttuch-fuer-kinderbett-extraweich-71-x-132-cm-gelb\\\/#breadcrumb\"},\"inLanguage\":\"de\",\"potentialAction\":[{\"@type\":\"ReadAction\",\"target\":[\"https:\\\/\\\/marktxxl.de\\\/markt\\\/produkt\\\/mushie-spannbetttuch-fuer-kinderbett-extraweich-71-x-132-cm-gelb\\\/\"]}]},{\"@type\":\"ImageObject\",\"inLanguage\":\"de\",\"@id\":\"https:\\\/\\\/marktxxl.de\\\/markt\\\/produkt\\\/mushie-spannbetttuch-fuer-kinderbett-extraweich-71-x-132-cm-gelb\\\/#primaryimage\",\"url\":\"https:\\\/\\\/m.media-amazon.com\\\/images\\\/I\\\/412TAHC2yUS._SL500_.jpg\",\"contentUrl\":\"https:\\\/\\\/m.media-amazon.com\\\/images\\\/I\\\/412TAHC2yUS._SL500_.jpg\",\"width\":499,\"height\":500},{\"@type\":\"BreadcrumbList\",\"@id\":\"https:\\\/\\\/marktxxl.de\\\/markt\\\/produkt\\\/mushie-spannbetttuch-fuer-kinderbett-extraweich-71-x-132-cm-gelb\\\/#breadcrumb\",\"itemListElement\":[{\"@type\":\"ListItem\",\"position\":1,\"name\":\"Startseite\",\"item\":\"https:\\\/\\\/marktxxl.de\\\/markt\\\/\"},{\"@type\":\"ListItem\",\"position\":2,\"name\":\"Markt\",\"item\":\"https:\\\/\\\/marktxxl.de\\\/markt\\\/\"},{\"@type\":\"ListItem\",\"position\":3,\"name\":\"mushie Spannbetttuch f\u00fcr Kinderbett, extraweich, 71 x 132 cm, Gelb\"}]},{\"@type\":\"WebSite\",\"@id\":\"https:\\\/\\\/marktxxl.de\\\/markt\\\/#website\",\"url\":\"https:\\\/\\\/marktxxl.de\\\/markt\\\/\",\"name\":\"Markt-XXL\",\"description\":\"Ihr Markt Online\",\"publisher\":{\"@id\":\"https:\\\/\\\/marktxxl.de\\\/markt\\\/#organization\"},\"potentialAction\":[{\"@type\":\"SearchAction\",\"target\":{\"@type\":\"EntryPoint\",\"urlTemplate\":\"https:\\\/\\\/marktxxl.de\\\/markt\\\/?s={search_term_string}\"},\"query-input\":{\"@type\":\"PropertyValueSpecification\",\"valueRequired\":true,\"valueName\":\"search_term_string\"}}],\"inLanguage\":\"de\"},{\"@type\":\"Organization\",\"@id\":\"https:\\\/\\\/marktxxl.de\\\/markt\\\/#organization\",\"name\":\"Markt-XXL\",\"url\":\"https:\\\/\\\/marktxxl.de\\\/markt\\\/\",\"logo\":{\"@type\":\"ImageObject\",\"inLanguage\":\"de\",\"@id\":\"https:\\\/\\\/marktxxl.de\\\/markt\\\/#\\\/schema\\\/logo\\\/image\\\/\",\"url\":\"https:\\\/\\\/marktxxl.de\\\/markt\\\/wp-content\\\/uploads\\\/sites\\\/3\\\/2020\\\/12\\\/logo.png\",\"contentUrl\":\"https:\\\/\\\/marktxxl.de\\\/markt\\\/wp-content\\\/uploads\\\/sites\\\/3\\\/2020\\\/12\\\/logo.png\",\"width\":200,\"height\":70,\"caption\":\"Markt-XXL\"},\"image\":{\"@id\":\"https:\\\/\\\/marktxxl.de\\\/markt\\\/#\\\/schema\\\/logo\\\/image\\\/\"}}]}<\/script>\n<!-- \/ Yoast SEO plugin. -->","yoast_head_json":{"title":"mushie Spannbetttuch f\u00fcr Kinderbett, extraweich, 71 x 132 cm, Gelb - Markt-XXL","description":"Markt-XXL mushie Spannbetttuch f\u00fcr Kinderbett, extraweich, 71 x 132 cm, Gelb","robots":{"index":"index","follow":"follow","max-snippet":"max-snippet:-1","max-image-preview":"max-image-preview:large","max-video-preview":"max-video-preview:-1"},"canonical":"https:\/\/marktxxl.de\/markt\/produkt\/mushie-spannbetttuch-fuer-kinderbett-extraweich-71-x-132-cm-gelb\/","og_locale":"de_DE","og_type":"article","og_title":"mushie Spannbetttuch f\u00fcr Kinderbett, extraweich, 71 x 132 cm, Gelb - Markt-XXL","og_description":"Markt-XXL mushie Spannbetttuch f\u00fcr Kinderbett, extraweich, 71 x 132 cm, Gelb","og_url":"https:\/\/marktxxl.de\/markt\/produkt\/mushie-spannbetttuch-fuer-kinderbett-extraweich-71-x-132-cm-gelb\/","og_site_name":"Markt-XXL","article_modified_time":"2023-04-03T00:25:17+00:00","og_image":[{"width":499,"height":500,"url":"https:\/\/m.media-amazon.com\/images\/I\/412TAHC2yUS._SL500_.jpg","type":"image\/jpeg"}],"twitter_card":"summary_large_image","schema":{"@context":"https:\/\/schema.org","@graph":[{"@type":"WebPage","@id":"https:\/\/marktxxl.de\/markt\/produkt\/mushie-spannbetttuch-fuer-kinderbett-extraweich-71-x-132-cm-gelb\/","url":"https:\/\/marktxxl.de\/markt\/produkt\/mushie-spannbetttuch-fuer-kinderbett-extraweich-71-x-132-cm-gelb\/","name":"mushie Spannbetttuch f\u00fcr Kinderbett, extraweich, 71 x 132 cm, Gelb - Markt-XXL","isPartOf":{"@id":"https:\/\/marktxxl.de\/markt\/#website"},"primaryImageOfPage":{"@id":"https:\/\/marktxxl.de\/markt\/produkt\/mushie-spannbetttuch-fuer-kinderbett-extraweich-71-x-132-cm-gelb\/#primaryimage"},"image":{"@id":"https:\/\/marktxxl.de\/markt\/produkt\/mushie-spannbetttuch-fuer-kinderbett-extraweich-71-x-132-cm-gelb\/#primaryimage"},"thumbnailUrl":"https:\/\/m.media-amazon.com\/images\/I\/412TAHC2yUS._SL500_.jpg","datePublished":"2022-06-13T18:05:03+00:00","dateModified":"2023-04-03T00:25:17+00:00","description":"Markt-XXL mushie Spannbetttuch f\u00fcr Kinderbett, extraweich, 71 x 132 cm, Gelb","breadcrumb":{"@id":"https:\/\/marktxxl.de\/markt\/produkt\/mushie-spannbetttuch-fuer-kinderbett-extraweich-71-x-132-cm-gelb\/#breadcrumb"},"inLanguage":"de","potentialAction":[{"@type":"ReadAction","target":["https:\/\/marktxxl.de\/markt\/produkt\/mushie-spannbetttuch-fuer-kinderbett-extraweich-71-x-132-cm-gelb\/"]}]},{"@type":"ImageObject","inLanguage":"de","@id":"https:\/\/marktxxl.de\/markt\/produkt\/mushie-spannbetttuch-fuer-kinderbett-extraweich-71-x-132-cm-gelb\/#primaryimage","url":"https:\/\/m.media-amazon.com\/images\/I\/412TAHC2yUS._SL500_.jpg","contentUrl":"https:\/\/m.media-amazon.com\/images\/I\/412TAHC2yUS._SL500_.jpg","width":499,"height":500},{"@type":"BreadcrumbList","@id":"https:\/\/marktxxl.de\/markt\/produkt\/mushie-spannbetttuch-fuer-kinderbett-extraweich-71-x-132-cm-gelb\/#breadcrumb","itemListElement":[{"@type":"ListItem","position":1,"name":"Startseite","item":"https:\/\/marktxxl.de\/markt\/"},{"@type":"ListItem","position":2,"name":"Markt","item":"https:\/\/marktxxl.de\/markt\/"},{"@type":"ListItem","position":3,"name":"mushie Spannbetttuch f\u00fcr Kinderbett, extraweich, 71 x 132 cm, Gelb"}]},{"@type":"WebSite","@id":"https:\/\/marktxxl.de\/markt\/#website","url":"https:\/\/marktxxl.de\/markt\/","name":"Markt-XXL","description":"Ihr Markt Online","publisher":{"@id":"https:\/\/marktxxl.de\/markt\/#organization"},"potentialAction":[{"@type":"SearchAction","target":{"@type":"EntryPoint","urlTemplate":"https:\/\/marktxxl.de\/markt\/?s={search_term_string}"},"query-input":{"@type":"PropertyValueSpecification","valueRequired":true,"valueName":"search_term_string"}}],"inLanguage":"de"},{"@type":"Organization","@id":"https:\/\/marktxxl.de\/markt\/#organization","name":"Markt-XXL","url":"https:\/\/marktxxl.de\/markt\/","logo":{"@type":"ImageObject","inLanguage":"de","@id":"https:\/\/marktxxl.de\/markt\/#\/schema\/logo\/image\/","url":"https:\/\/marktxxl.de\/markt\/wp-content\/uploads\/sites\/3\/2020\/12\/logo.png","contentUrl":"https:\/\/marktxxl.de\/markt\/wp-content\/uploads\/sites\/3\/2020\/12\/logo.png","width":200,"height":70,"caption":"Markt-XXL"},"image":{"@id":"https:\/\/marktxxl.de\/markt\/#\/schema\/logo\/image\/"}}]}},"_links":{"self":[{"href":"https:\/\/marktxxl.de\/markt\/wp-json\/wp\/v2\/product\/125319","targetHints":{"allow":["GET"]}}],"collection":[{"href":"https:\/\/marktxxl.de\/markt\/wp-json\/wp\/v2\/product"}],"about":[{"href":"https:\/\/marktxxl.de\/markt\/wp-json\/wp\/v2\/types\/product"}],"replies":[{"embeddable":true,"href":"https:\/\/marktxxl.de\/markt\/wp-json\/wp\/v2\/comments?post=125319"}],"wp:featuredmedia":[{"embeddable":true,"href":"https:\/\/marktxxl.de\/markt\/wp-json\/wp\/v2\/media\/125320"}],"wp:attachment":[{"href":"https:\/\/marktxxl.de\/markt\/wp-json\/wp\/v2\/media?parent=125319"}],"wp:term":[{"taxonomy":"product_brand","embeddable":true,"href":"https:\/\/marktxxl.de\/markt\/wp-json\/wp\/v2\/product_brand?post=125319"},{"taxonomy":"product_cat","embeddable":true,"href":"https:\/\/marktxxl.de\/markt\/wp-json\/wp\/v2\/product_cat?post=125319"},{"taxonomy":"product_tag","embeddable":true,"href":"https:\/\/marktxxl.de\/markt\/wp-json\/wp\/v2\/product_tag?post=125319"}],"curies":[{"name":"wp","href":"https:\/\/api.w.org\/{rel}","templated":true}]}}