{"id":125163,"date":"2022-06-13T19:58:18","date_gmt":"2022-06-13T17:58:18","guid":{"rendered":"https:\/\/marktxxl.de\/markt\/produkt\/chictry-maenner-herren-body-leder-harness-harnis-wetlook-kragen-abnehmbare-top-shirt-brustgeschirr-einstellbar\/"},"modified":"2023-04-03T02:25:14","modified_gmt":"2023-04-03T00:25:14","slug":"chictry-maenner-herren-body-leder-harness-harnis-wetlook-kragen-abnehmbare-top-shirt-brustgeschirr-einstellbar","status":"publish","type":"product","link":"https:\/\/marktxxl.de\/markt\/produkt\/chictry-maenner-herren-body-leder-harness-harnis-wetlook-kragen-abnehmbare-top-shirt-brustgeschirr-einstellbar\/","title":{"rendered":"CHICTRY M\u00e4nner Herren Body Leder Harness Harnis Wetlook Kragen Abnehmbare Top Shirt Brustgeschirr Einstellbar"},"content":{"rendered":"<p>Herren Dessous K\u00f6rper Brust Harness Body Brustgurt.<br \/>\nRevers Design, Schulter verziert mit Epaulet auf jeder Seite.<br \/>\nF\u00fcr die Einstellung der Gr\u00f6\u00dfe k\u00f6nnen Sie die Tasten am Vorderen Ausschnitt und Achsel dr\u00fccken.<br \/>\nPerfekt f\u00fcr Nachtclub, Dessous Nacht, erotische Stimmung und romantischen Abend, Auch geeignet f\u00fcr M\u00e4nner \/ Homosexuell, mit dem Sie das Highlight im Nachtclub sein werden.<br \/>\nGr\u00f6\u00dfe: Einheitsgr\u00f6\u00dfe passt die meisten. Halsumfang: 15-16 inch\/38-40cm, Achselh\u00f6hle Umfang: 16-18 inch\/40-46cm.<br \/>\n<div class=\"main-cross-sell\" data-asin=\"B07K6BZJZN\">\n\n\t<div class=\"WooZone-cross-sell-loader\">\n\t\t<div>\n\t\t\t<div id=\"floatingBarsG\">\n\t\t\t\t<div class=\"blockG\" id=\"rotateG_01\"><\/div>\n\t\t\t\t<div class=\"blockG\" id=\"rotateG_02\"><\/div>\n\t\t\t\t<div class=\"blockG\" id=\"rotateG_03\"><\/div>\n\t\t\t\t<div class=\"blockG\" id=\"rotateG_04\"><\/div>\n\t\t\t\t<div class=\"blockG\" id=\"rotateG_05\"><\/div>\n\t\t\t\t<div class=\"blockG\" id=\"rotateG_06\"><\/div>\n\t\t\t\t<div class=\"blockG\" id=\"rotateG_07\"><\/div>\n\t\t\t\t<div class=\"blockG\" id=\"rotateG_08\"><\/div>\n\t\t\t<\/div>\n\t\t\t<div class=\"WooZone-cross-sell-loader-text\"><\/div>\n\t\t<\/div>\n\t<\/div>\n\n\t\t\n<\/div>\n<div style=\"clear:both;\"><\/div><\/p>\n","protected":false},"excerpt":{"rendered":"<p>Herren Dessous K\u00f6rper Brust Harness Body Brustgurt.<br \/>\nRevers Design, Schulter verziert mit Epaulet auf jeder Seite.<br \/>\nF\u00fcr die Einstellung der Gr\u00f6\u00dfe k\u00f6nnen Sie die Tasten am Vorderen Ausschnitt und Achsel dr\u00fccken.<\/p>\n","protected":false},"featured_media":125164,"comment_status":"open","ping_status":"closed","template":"","meta":[],"product_brand":[],"product_cat":[652,3064],"product_tag":[],"class_list":{"0":"post-125163","1":"product","2":"type-product","3":"status-publish","4":"has-post-thumbnail","6":"product_cat-erotik-markt-xxl","7":"product_cat-fesseln-bondage","8":"pa_brand-chictry","10":"first","11":"instock","12":"shipping-taxable","13":"purchasable","14":"product-type-simple","15":"customify-col","16":"product-has-gallery"},"yoast_head":"<!-- This site is optimized with the Yoast SEO plugin v27.4 - https:\/\/yoast.com\/product\/yoast-seo-wordpress\/ -->\n<title>CHICTRY M\u00e4nner Herren Body Leder Harness Harnis Wetlook Kragen Abnehmbare Top Shirt Brustgeschirr Einstellbar - Markt-XXL<\/title>\n<meta name=\"description\" content=\"Markt-XXL CHICTRY M\u00e4nner Herren Body Leder Harness Harnis Wetlook Kragen Abnehmbare Top Shirt Brustgeschirr Einstellbar\" \/>\n<meta name=\"robots\" content=\"index, follow, max-snippet:-1, max-image-preview:large, max-video-preview:-1\" \/>\n<link rel=\"canonical\" href=\"https:\/\/marktxxl.de\/markt\/produkt\/chictry-maenner-herren-body-leder-harness-harnis-wetlook-kragen-abnehmbare-top-shirt-brustgeschirr-einstellbar\/\" \/>\n<meta property=\"og:locale\" content=\"de_DE\" \/>\n<meta property=\"og:type\" content=\"article\" \/>\n<meta property=\"og:title\" content=\"CHICTRY M\u00e4nner Herren Body Leder Harness Harnis Wetlook Kragen Abnehmbare Top Shirt Brustgeschirr Einstellbar - Markt-XXL\" \/>\n<meta property=\"og:description\" content=\"Markt-XXL CHICTRY M\u00e4nner Herren Body Leder Harness Harnis Wetlook Kragen Abnehmbare Top Shirt Brustgeschirr Einstellbar\" \/>\n<meta property=\"og:url\" content=\"https:\/\/marktxxl.de\/markt\/produkt\/chictry-maenner-herren-body-leder-harness-harnis-wetlook-kragen-abnehmbare-top-shirt-brustgeschirr-einstellbar\/\" \/>\n<meta property=\"og:site_name\" content=\"Markt-XXL\" \/>\n<meta property=\"article:modified_time\" content=\"2023-04-03T00:25:14+00:00\" \/>\n<meta property=\"og:image\" content=\"https:\/\/m.media-amazon.com\/images\/I\/31NuPdW3grL._SL500_.jpg\" \/>\n\t<meta property=\"og:image:width\" content=\"500\" \/>\n\t<meta property=\"og:image:height\" content=\"500\" \/>\n\t<meta property=\"og:image:type\" content=\"image\/jpeg\" \/>\n<meta name=\"twitter:card\" content=\"summary_large_image\" \/>\n<script type=\"application\/ld+json\" class=\"yoast-schema-graph\">{\"@context\":\"https:\\\/\\\/schema.org\",\"@graph\":[{\"@type\":\"WebPage\",\"@id\":\"https:\\\/\\\/marktxxl.de\\\/markt\\\/produkt\\\/chictry-maenner-herren-body-leder-harness-harnis-wetlook-kragen-abnehmbare-top-shirt-brustgeschirr-einstellbar\\\/\",\"url\":\"https:\\\/\\\/marktxxl.de\\\/markt\\\/produkt\\\/chictry-maenner-herren-body-leder-harness-harnis-wetlook-kragen-abnehmbare-top-shirt-brustgeschirr-einstellbar\\\/\",\"name\":\"CHICTRY M\u00e4nner Herren Body Leder Harness Harnis Wetlook Kragen Abnehmbare Top Shirt Brustgeschirr Einstellbar - Markt-XXL\",\"isPartOf\":{\"@id\":\"https:\\\/\\\/marktxxl.de\\\/markt\\\/#website\"},\"primaryImageOfPage\":{\"@id\":\"https:\\\/\\\/marktxxl.de\\\/markt\\\/produkt\\\/chictry-maenner-herren-body-leder-harness-harnis-wetlook-kragen-abnehmbare-top-shirt-brustgeschirr-einstellbar\\\/#primaryimage\"},\"image\":{\"@id\":\"https:\\\/\\\/marktxxl.de\\\/markt\\\/produkt\\\/chictry-maenner-herren-body-leder-harness-harnis-wetlook-kragen-abnehmbare-top-shirt-brustgeschirr-einstellbar\\\/#primaryimage\"},\"thumbnailUrl\":\"https:\\\/\\\/m.media-amazon.com\\\/images\\\/I\\\/31NuPdW3grL._SL500_.jpg\",\"datePublished\":\"2022-06-13T17:58:18+00:00\",\"dateModified\":\"2023-04-03T00:25:14+00:00\",\"description\":\"Markt-XXL CHICTRY M\u00e4nner Herren Body Leder Harness Harnis Wetlook Kragen Abnehmbare Top Shirt Brustgeschirr Einstellbar\",\"breadcrumb\":{\"@id\":\"https:\\\/\\\/marktxxl.de\\\/markt\\\/produkt\\\/chictry-maenner-herren-body-leder-harness-harnis-wetlook-kragen-abnehmbare-top-shirt-brustgeschirr-einstellbar\\\/#breadcrumb\"},\"inLanguage\":\"de\",\"potentialAction\":[{\"@type\":\"ReadAction\",\"target\":[\"https:\\\/\\\/marktxxl.de\\\/markt\\\/produkt\\\/chictry-maenner-herren-body-leder-harness-harnis-wetlook-kragen-abnehmbare-top-shirt-brustgeschirr-einstellbar\\\/\"]}]},{\"@type\":\"ImageObject\",\"inLanguage\":\"de\",\"@id\":\"https:\\\/\\\/marktxxl.de\\\/markt\\\/produkt\\\/chictry-maenner-herren-body-leder-harness-harnis-wetlook-kragen-abnehmbare-top-shirt-brustgeschirr-einstellbar\\\/#primaryimage\",\"url\":\"https:\\\/\\\/m.media-amazon.com\\\/images\\\/I\\\/31NuPdW3grL._SL500_.jpg\",\"contentUrl\":\"https:\\\/\\\/m.media-amazon.com\\\/images\\\/I\\\/31NuPdW3grL._SL500_.jpg\",\"width\":500,\"height\":500},{\"@type\":\"BreadcrumbList\",\"@id\":\"https:\\\/\\\/marktxxl.de\\\/markt\\\/produkt\\\/chictry-maenner-herren-body-leder-harness-harnis-wetlook-kragen-abnehmbare-top-shirt-brustgeschirr-einstellbar\\\/#breadcrumb\",\"itemListElement\":[{\"@type\":\"ListItem\",\"position\":1,\"name\":\"Startseite\",\"item\":\"https:\\\/\\\/marktxxl.de\\\/markt\\\/\"},{\"@type\":\"ListItem\",\"position\":2,\"name\":\"Markt\",\"item\":\"https:\\\/\\\/marktxxl.de\\\/markt\\\/\"},{\"@type\":\"ListItem\",\"position\":3,\"name\":\"CHICTRY M\u00e4nner Herren Body Leder Harness Harnis Wetlook Kragen Abnehmbare Top Shirt Brustgeschirr Einstellbar\"}]},{\"@type\":\"WebSite\",\"@id\":\"https:\\\/\\\/marktxxl.de\\\/markt\\\/#website\",\"url\":\"https:\\\/\\\/marktxxl.de\\\/markt\\\/\",\"name\":\"Markt-XXL\",\"description\":\"Ihr Markt Online\",\"publisher\":{\"@id\":\"https:\\\/\\\/marktxxl.de\\\/markt\\\/#organization\"},\"potentialAction\":[{\"@type\":\"SearchAction\",\"target\":{\"@type\":\"EntryPoint\",\"urlTemplate\":\"https:\\\/\\\/marktxxl.de\\\/markt\\\/?s={search_term_string}\"},\"query-input\":{\"@type\":\"PropertyValueSpecification\",\"valueRequired\":true,\"valueName\":\"search_term_string\"}}],\"inLanguage\":\"de\"},{\"@type\":\"Organization\",\"@id\":\"https:\\\/\\\/marktxxl.de\\\/markt\\\/#organization\",\"name\":\"Markt-XXL\",\"url\":\"https:\\\/\\\/marktxxl.de\\\/markt\\\/\",\"logo\":{\"@type\":\"ImageObject\",\"inLanguage\":\"de\",\"@id\":\"https:\\\/\\\/marktxxl.de\\\/markt\\\/#\\\/schema\\\/logo\\\/image\\\/\",\"url\":\"https:\\\/\\\/marktxxl.de\\\/markt\\\/wp-content\\\/uploads\\\/sites\\\/3\\\/2020\\\/12\\\/logo.png\",\"contentUrl\":\"https:\\\/\\\/marktxxl.de\\\/markt\\\/wp-content\\\/uploads\\\/sites\\\/3\\\/2020\\\/12\\\/logo.png\",\"width\":200,\"height\":70,\"caption\":\"Markt-XXL\"},\"image\":{\"@id\":\"https:\\\/\\\/marktxxl.de\\\/markt\\\/#\\\/schema\\\/logo\\\/image\\\/\"}}]}<\/script>\n<!-- \/ Yoast SEO plugin. -->","yoast_head_json":{"title":"CHICTRY M\u00e4nner Herren Body Leder Harness Harnis Wetlook Kragen Abnehmbare Top Shirt Brustgeschirr Einstellbar - Markt-XXL","description":"Markt-XXL CHICTRY M\u00e4nner Herren Body Leder Harness Harnis Wetlook Kragen Abnehmbare Top Shirt Brustgeschirr Einstellbar","robots":{"index":"index","follow":"follow","max-snippet":"max-snippet:-1","max-image-preview":"max-image-preview:large","max-video-preview":"max-video-preview:-1"},"canonical":"https:\/\/marktxxl.de\/markt\/produkt\/chictry-maenner-herren-body-leder-harness-harnis-wetlook-kragen-abnehmbare-top-shirt-brustgeschirr-einstellbar\/","og_locale":"de_DE","og_type":"article","og_title":"CHICTRY M\u00e4nner Herren Body Leder Harness Harnis Wetlook Kragen Abnehmbare Top Shirt Brustgeschirr Einstellbar - Markt-XXL","og_description":"Markt-XXL CHICTRY M\u00e4nner Herren Body Leder Harness Harnis Wetlook Kragen Abnehmbare Top Shirt Brustgeschirr Einstellbar","og_url":"https:\/\/marktxxl.de\/markt\/produkt\/chictry-maenner-herren-body-leder-harness-harnis-wetlook-kragen-abnehmbare-top-shirt-brustgeschirr-einstellbar\/","og_site_name":"Markt-XXL","article_modified_time":"2023-04-03T00:25:14+00:00","og_image":[{"width":500,"height":500,"url":"https:\/\/m.media-amazon.com\/images\/I\/31NuPdW3grL._SL500_.jpg","type":"image\/jpeg"}],"twitter_card":"summary_large_image","schema":{"@context":"https:\/\/schema.org","@graph":[{"@type":"WebPage","@id":"https:\/\/marktxxl.de\/markt\/produkt\/chictry-maenner-herren-body-leder-harness-harnis-wetlook-kragen-abnehmbare-top-shirt-brustgeschirr-einstellbar\/","url":"https:\/\/marktxxl.de\/markt\/produkt\/chictry-maenner-herren-body-leder-harness-harnis-wetlook-kragen-abnehmbare-top-shirt-brustgeschirr-einstellbar\/","name":"CHICTRY M\u00e4nner Herren Body Leder Harness Harnis Wetlook Kragen Abnehmbare Top Shirt Brustgeschirr Einstellbar - Markt-XXL","isPartOf":{"@id":"https:\/\/marktxxl.de\/markt\/#website"},"primaryImageOfPage":{"@id":"https:\/\/marktxxl.de\/markt\/produkt\/chictry-maenner-herren-body-leder-harness-harnis-wetlook-kragen-abnehmbare-top-shirt-brustgeschirr-einstellbar\/#primaryimage"},"image":{"@id":"https:\/\/marktxxl.de\/markt\/produkt\/chictry-maenner-herren-body-leder-harness-harnis-wetlook-kragen-abnehmbare-top-shirt-brustgeschirr-einstellbar\/#primaryimage"},"thumbnailUrl":"https:\/\/m.media-amazon.com\/images\/I\/31NuPdW3grL._SL500_.jpg","datePublished":"2022-06-13T17:58:18+00:00","dateModified":"2023-04-03T00:25:14+00:00","description":"Markt-XXL CHICTRY M\u00e4nner Herren Body Leder Harness Harnis Wetlook Kragen Abnehmbare Top Shirt Brustgeschirr Einstellbar","breadcrumb":{"@id":"https:\/\/marktxxl.de\/markt\/produkt\/chictry-maenner-herren-body-leder-harness-harnis-wetlook-kragen-abnehmbare-top-shirt-brustgeschirr-einstellbar\/#breadcrumb"},"inLanguage":"de","potentialAction":[{"@type":"ReadAction","target":["https:\/\/marktxxl.de\/markt\/produkt\/chictry-maenner-herren-body-leder-harness-harnis-wetlook-kragen-abnehmbare-top-shirt-brustgeschirr-einstellbar\/"]}]},{"@type":"ImageObject","inLanguage":"de","@id":"https:\/\/marktxxl.de\/markt\/produkt\/chictry-maenner-herren-body-leder-harness-harnis-wetlook-kragen-abnehmbare-top-shirt-brustgeschirr-einstellbar\/#primaryimage","url":"https:\/\/m.media-amazon.com\/images\/I\/31NuPdW3grL._SL500_.jpg","contentUrl":"https:\/\/m.media-amazon.com\/images\/I\/31NuPdW3grL._SL500_.jpg","width":500,"height":500},{"@type":"BreadcrumbList","@id":"https:\/\/marktxxl.de\/markt\/produkt\/chictry-maenner-herren-body-leder-harness-harnis-wetlook-kragen-abnehmbare-top-shirt-brustgeschirr-einstellbar\/#breadcrumb","itemListElement":[{"@type":"ListItem","position":1,"name":"Startseite","item":"https:\/\/marktxxl.de\/markt\/"},{"@type":"ListItem","position":2,"name":"Markt","item":"https:\/\/marktxxl.de\/markt\/"},{"@type":"ListItem","position":3,"name":"CHICTRY M\u00e4nner Herren Body Leder Harness Harnis Wetlook Kragen Abnehmbare Top Shirt Brustgeschirr Einstellbar"}]},{"@type":"WebSite","@id":"https:\/\/marktxxl.de\/markt\/#website","url":"https:\/\/marktxxl.de\/markt\/","name":"Markt-XXL","description":"Ihr Markt Online","publisher":{"@id":"https:\/\/marktxxl.de\/markt\/#organization"},"potentialAction":[{"@type":"SearchAction","target":{"@type":"EntryPoint","urlTemplate":"https:\/\/marktxxl.de\/markt\/?s={search_term_string}"},"query-input":{"@type":"PropertyValueSpecification","valueRequired":true,"valueName":"search_term_string"}}],"inLanguage":"de"},{"@type":"Organization","@id":"https:\/\/marktxxl.de\/markt\/#organization","name":"Markt-XXL","url":"https:\/\/marktxxl.de\/markt\/","logo":{"@type":"ImageObject","inLanguage":"de","@id":"https:\/\/marktxxl.de\/markt\/#\/schema\/logo\/image\/","url":"https:\/\/marktxxl.de\/markt\/wp-content\/uploads\/sites\/3\/2020\/12\/logo.png","contentUrl":"https:\/\/marktxxl.de\/markt\/wp-content\/uploads\/sites\/3\/2020\/12\/logo.png","width":200,"height":70,"caption":"Markt-XXL"},"image":{"@id":"https:\/\/marktxxl.de\/markt\/#\/schema\/logo\/image\/"}}]}},"_links":{"self":[{"href":"https:\/\/marktxxl.de\/markt\/wp-json\/wp\/v2\/product\/125163","targetHints":{"allow":["GET"]}}],"collection":[{"href":"https:\/\/marktxxl.de\/markt\/wp-json\/wp\/v2\/product"}],"about":[{"href":"https:\/\/marktxxl.de\/markt\/wp-json\/wp\/v2\/types\/product"}],"replies":[{"embeddable":true,"href":"https:\/\/marktxxl.de\/markt\/wp-json\/wp\/v2\/comments?post=125163"}],"wp:featuredmedia":[{"embeddable":true,"href":"https:\/\/marktxxl.de\/markt\/wp-json\/wp\/v2\/media\/125164"}],"wp:attachment":[{"href":"https:\/\/marktxxl.de\/markt\/wp-json\/wp\/v2\/media?parent=125163"}],"wp:term":[{"taxonomy":"product_brand","embeddable":true,"href":"https:\/\/marktxxl.de\/markt\/wp-json\/wp\/v2\/product_brand?post=125163"},{"taxonomy":"product_cat","embeddable":true,"href":"https:\/\/marktxxl.de\/markt\/wp-json\/wp\/v2\/product_cat?post=125163"},{"taxonomy":"product_tag","embeddable":true,"href":"https:\/\/marktxxl.de\/markt\/wp-json\/wp\/v2\/product_tag?post=125163"}],"curies":[{"name":"wp","href":"https:\/\/api.w.org\/{rel}","templated":true}]}}