{"id":125152,"date":"2022-06-13T19:56:17","date_gmt":"2022-06-13T17:56:17","guid":{"rendered":"https:\/\/marktxxl.de\/markt\/produkt\/alofa-stillmassagegeraet-laktaion-massagegeraet-stillunterstuetzung-brustmassagegeraet-wasserdicht-10-modi-usb-magnetladung\/"},"modified":"2023-04-03T02:25:14","modified_gmt":"2023-04-03T00:25:14","slug":"alofa-stillmassagegeraet-laktaion-massagegeraet-stillunterstuetzung-brustmassagegeraet-wasserdicht-10-modi-usb-magnetladung","status":"publish","type":"product","link":"https:\/\/marktxxl.de\/markt\/produkt\/alofa-stillmassagegeraet-laktaion-massagegeraet-stillunterstuetzung-brustmassagegeraet-wasserdicht-10-modi-usb-magnetladung\/","title":{"rendered":"AL\u2019OFA Stillmassageger\u00e4t, Laktaion Massageger\u00e4t, Stillunterst\u00fctzung, Brustmassageger\u00e4t, wasserdicht, 10 Modi, USB\u2026"},"content":{"rendered":"<p>10 Massagemodi: AL&#8217;OFA Stillmassageger\u00e4t bietet 10 verschiedene Massagemodi. Sie k\u00f6nnen leicht einen komfortablen Massagemodus w\u00e4hlen, um sanften Druck und Massage der Brust zu erzeugen.<br \/>\nSicheres und weiches Silikon: aus weichem Silikon. Seine geschwungene Form passt sich der Brust an. Es kann in einen BH gelegt werden, um die Br\u00fcste zu massieren. Es wird verwendet, um Erkrankungen zu lindern, die durch verstopfte Brustkan\u00e4le w\u00e4hrend des Stillens verursacht werden. Verbessern Sie Ihre Stillerfahrung.<br \/>\nTragbares und magnetisches Aufladen: Unser Massageger\u00e4t ist klein, leicht und einfach zu tragen. Dieses Massageger\u00e4t hat einen wasserdichten Ladeanschluss, USB-Magnetladung, Ein-Tasten-Bedienung, bequemer zu bedienen.<br \/>\nWasserdicht und leicht zu reinigen: Im Gegensatz zu anderen Stillmassageger\u00e4ten besteht das AL&#8217;OFA Still-Massageger\u00e4t aus fl\u00fcssigem Silikon, nahtloser Prozess, einteiliges Design, das verhindert, dass sich Staub in der L\u00fccke ansammelt. Kann in Wasser gereinigt werden.<br \/>\nAfter-Sales-Service: Wenn dieses Produkt Qualit\u00e4tsprobleme in einem Jahr hat, m\u00fcssen Sie es nicht zur\u00fcckgeben, wir bieten kostenlosen neuen Ersatz. Wenn Sie Fragen zum Produkt haben, kontaktieren Sie uns bitte jederzeit \u00fcber die Schaltfl\u00e4che &#8220;Verk\u00e4ufer kontaktieren&#8221; oder unseren After-Sales-Postkasten.<br \/>\n<div class=\"main-cross-sell\" data-asin=\"B09M2WHD29\">\n\n\t<div class=\"WooZone-cross-sell-loader\">\n\t\t<div>\n\t\t\t<div id=\"floatingBarsG\">\n\t\t\t\t<div class=\"blockG\" id=\"rotateG_01\"><\/div>\n\t\t\t\t<div class=\"blockG\" id=\"rotateG_02\"><\/div>\n\t\t\t\t<div class=\"blockG\" id=\"rotateG_03\"><\/div>\n\t\t\t\t<div class=\"blockG\" id=\"rotateG_04\"><\/div>\n\t\t\t\t<div class=\"blockG\" id=\"rotateG_05\"><\/div>\n\t\t\t\t<div class=\"blockG\" id=\"rotateG_06\"><\/div>\n\t\t\t\t<div class=\"blockG\" id=\"rotateG_07\"><\/div>\n\t\t\t\t<div class=\"blockG\" id=\"rotateG_08\"><\/div>\n\t\t\t<\/div>\n\t\t\t<div class=\"WooZone-cross-sell-loader-text\"><\/div>\n\t\t<\/div>\n\t<\/div>\n\n\t\t\n<\/div>\n<div style=\"clear:both;\"><\/div><\/p>\n","protected":false},"excerpt":{"rendered":"<p>10 Massagemodi: AL&#8217;OFA Stillmassageger\u00e4t bietet 10 verschiedene Massagemodi. Sie k\u00f6nnen leicht einen komfortablen Massagemodus w\u00e4hlen, um sanften Druck und Massage der Brust zu erzeugen.<br \/>\nSicheres und weiches Silikon: aus weichem Silikon. Seine geschwungene Form passt sich der Brust an. Es kann in einen BH gelegt werden, um die Br\u00fcste zu massieren. Es wird verwendet, um Erkrankungen zu lindern, die durch verstopfte Brustkan\u00e4le w\u00e4hrend des Stillens verursacht werden. Verbessern Sie Ihre Stillerfahrung.<br \/>\nTragbares und magnetisches Aufladen: Unser Massageger\u00e4t ist klein, leicht und einfach zu tragen. Dieses Massageger\u00e4t hat einen wasserdichten Ladeanschluss, USB-Magnetladung, Ein-Tasten-Bedienung, bequemer zu bedienen.<\/p>\n","protected":false},"featured_media":125153,"comment_status":"open","ping_status":"closed","template":"","meta":[],"product_brand":[],"product_cat":[652,2977],"product_tag":[],"class_list":{"0":"post-125152","1":"product","2":"type-product","3":"status-publish","4":"has-post-thumbnail","6":"product_cat-erotik-markt-xxl","7":"product_cat-sexspielzeug","8":"pa_binding-badartikel","9":"pa_brand-alofa","10":"pa_height-3-93700787-zoll","11":"pa_length-1-574803148-zoll","12":"pa_manufacturer-alofa","13":"pa_width-1-574803148-zoll","15":"first","16":"instock","17":"shipping-taxable","18":"purchasable","19":"product-type-simple","20":"customify-col","21":"product-has-gallery"},"yoast_head":"<!-- This site is optimized with the Yoast SEO plugin v27.3 - https:\/\/yoast.com\/product\/yoast-seo-wordpress\/ -->\n<title>AL\u2019OFA Stillmassageger\u00e4t, Laktaion Massageger\u00e4t, Stillunterst\u00fctzung, Brustmassageger\u00e4t, wasserdicht, 10 Modi, USB\u2026 - Markt-XXL<\/title>\n<meta name=\"description\" content=\"Markt-XXL AL\u2019OFA Stillmassageger\u00e4t, Laktaion Massageger\u00e4t, Stillunterst\u00fctzung, Brustmassageger\u00e4t, wasserdicht, 10 Modi, USB\u2026\" \/>\n<meta name=\"robots\" content=\"index, follow, max-snippet:-1, max-image-preview:large, max-video-preview:-1\" \/>\n<link rel=\"canonical\" href=\"https:\/\/marktxxl.de\/markt\/produkt\/alofa-stillmassagegeraet-laktaion-massagegeraet-stillunterstuetzung-brustmassagegeraet-wasserdicht-10-modi-usb-magnetladung\/\" \/>\n<meta property=\"og:locale\" content=\"de_DE\" \/>\n<meta property=\"og:type\" content=\"article\" \/>\n<meta property=\"og:title\" content=\"AL\u2019OFA Stillmassageger\u00e4t, Laktaion Massageger\u00e4t, Stillunterst\u00fctzung, Brustmassageger\u00e4t, wasserdicht, 10 Modi, USB\u2026 - Markt-XXL\" \/>\n<meta property=\"og:description\" content=\"Markt-XXL AL\u2019OFA Stillmassageger\u00e4t, Laktaion Massageger\u00e4t, Stillunterst\u00fctzung, Brustmassageger\u00e4t, wasserdicht, 10 Modi, USB\u2026\" \/>\n<meta property=\"og:url\" content=\"https:\/\/marktxxl.de\/markt\/produkt\/alofa-stillmassagegeraet-laktaion-massagegeraet-stillunterstuetzung-brustmassagegeraet-wasserdicht-10-modi-usb-magnetladung\/\" \/>\n<meta property=\"og:site_name\" content=\"Markt-XXL\" \/>\n<meta property=\"article:modified_time\" content=\"2023-04-03T00:25:14+00:00\" \/>\n<meta property=\"og:image\" content=\"https:\/\/m.media-amazon.com\/images\/I\/31kT6bIjdqL._SL500_.jpg\" \/>\n\t<meta property=\"og:image:width\" content=\"500\" \/>\n\t<meta property=\"og:image:height\" content=\"500\" \/>\n\t<meta property=\"og:image:type\" content=\"image\/jpeg\" \/>\n<meta name=\"twitter:card\" content=\"summary_large_image\" \/>\n<meta name=\"twitter:label1\" content=\"Gesch\u00e4tzte Lesezeit\" \/>\n\t<meta name=\"twitter:data1\" content=\"1\u00a0Minute\" \/>\n<script type=\"application\/ld+json\" class=\"yoast-schema-graph\">{\"@context\":\"https:\\\/\\\/schema.org\",\"@graph\":[{\"@type\":\"WebPage\",\"@id\":\"https:\\\/\\\/marktxxl.de\\\/markt\\\/produkt\\\/alofa-stillmassagegeraet-laktaion-massagegeraet-stillunterstuetzung-brustmassagegeraet-wasserdicht-10-modi-usb-magnetladung\\\/\",\"url\":\"https:\\\/\\\/marktxxl.de\\\/markt\\\/produkt\\\/alofa-stillmassagegeraet-laktaion-massagegeraet-stillunterstuetzung-brustmassagegeraet-wasserdicht-10-modi-usb-magnetladung\\\/\",\"name\":\"AL\u2019OFA Stillmassageger\u00e4t, Laktaion Massageger\u00e4t, Stillunterst\u00fctzung, Brustmassageger\u00e4t, wasserdicht, 10 Modi, USB\u2026 - Markt-XXL\",\"isPartOf\":{\"@id\":\"https:\\\/\\\/marktxxl.de\\\/markt\\\/#website\"},\"primaryImageOfPage\":{\"@id\":\"https:\\\/\\\/marktxxl.de\\\/markt\\\/produkt\\\/alofa-stillmassagegeraet-laktaion-massagegeraet-stillunterstuetzung-brustmassagegeraet-wasserdicht-10-modi-usb-magnetladung\\\/#primaryimage\"},\"image\":{\"@id\":\"https:\\\/\\\/marktxxl.de\\\/markt\\\/produkt\\\/alofa-stillmassagegeraet-laktaion-massagegeraet-stillunterstuetzung-brustmassagegeraet-wasserdicht-10-modi-usb-magnetladung\\\/#primaryimage\"},\"thumbnailUrl\":\"https:\\\/\\\/m.media-amazon.com\\\/images\\\/I\\\/31kT6bIjdqL._SL500_.jpg\",\"datePublished\":\"2022-06-13T17:56:17+00:00\",\"dateModified\":\"2023-04-03T00:25:14+00:00\",\"description\":\"Markt-XXL AL\u2019OFA Stillmassageger\u00e4t, Laktaion Massageger\u00e4t, Stillunterst\u00fctzung, Brustmassageger\u00e4t, wasserdicht, 10 Modi, USB\u2026\",\"breadcrumb\":{\"@id\":\"https:\\\/\\\/marktxxl.de\\\/markt\\\/produkt\\\/alofa-stillmassagegeraet-laktaion-massagegeraet-stillunterstuetzung-brustmassagegeraet-wasserdicht-10-modi-usb-magnetladung\\\/#breadcrumb\"},\"inLanguage\":\"de\",\"potentialAction\":[{\"@type\":\"ReadAction\",\"target\":[\"https:\\\/\\\/marktxxl.de\\\/markt\\\/produkt\\\/alofa-stillmassagegeraet-laktaion-massagegeraet-stillunterstuetzung-brustmassagegeraet-wasserdicht-10-modi-usb-magnetladung\\\/\"]}]},{\"@type\":\"ImageObject\",\"inLanguage\":\"de\",\"@id\":\"https:\\\/\\\/marktxxl.de\\\/markt\\\/produkt\\\/alofa-stillmassagegeraet-laktaion-massagegeraet-stillunterstuetzung-brustmassagegeraet-wasserdicht-10-modi-usb-magnetladung\\\/#primaryimage\",\"url\":\"https:\\\/\\\/m.media-amazon.com\\\/images\\\/I\\\/31kT6bIjdqL._SL500_.jpg\",\"contentUrl\":\"https:\\\/\\\/m.media-amazon.com\\\/images\\\/I\\\/31kT6bIjdqL._SL500_.jpg\",\"width\":500,\"height\":500},{\"@type\":\"BreadcrumbList\",\"@id\":\"https:\\\/\\\/marktxxl.de\\\/markt\\\/produkt\\\/alofa-stillmassagegeraet-laktaion-massagegeraet-stillunterstuetzung-brustmassagegeraet-wasserdicht-10-modi-usb-magnetladung\\\/#breadcrumb\",\"itemListElement\":[{\"@type\":\"ListItem\",\"position\":1,\"name\":\"Startseite\",\"item\":\"https:\\\/\\\/marktxxl.de\\\/markt\\\/\"},{\"@type\":\"ListItem\",\"position\":2,\"name\":\"Markt\",\"item\":\"https:\\\/\\\/marktxxl.de\\\/markt\\\/\"},{\"@type\":\"ListItem\",\"position\":3,\"name\":\"AL\u2019OFA Stillmassageger\u00e4t, Laktaion Massageger\u00e4t, Stillunterst\u00fctzung, Brustmassageger\u00e4t, wasserdicht, 10 Modi, USB\u2026\"}]},{\"@type\":\"WebSite\",\"@id\":\"https:\\\/\\\/marktxxl.de\\\/markt\\\/#website\",\"url\":\"https:\\\/\\\/marktxxl.de\\\/markt\\\/\",\"name\":\"Markt-XXL\",\"description\":\"Ihr Markt Online\",\"publisher\":{\"@id\":\"https:\\\/\\\/marktxxl.de\\\/markt\\\/#organization\"},\"potentialAction\":[{\"@type\":\"SearchAction\",\"target\":{\"@type\":\"EntryPoint\",\"urlTemplate\":\"https:\\\/\\\/marktxxl.de\\\/markt\\\/?s={search_term_string}\"},\"query-input\":{\"@type\":\"PropertyValueSpecification\",\"valueRequired\":true,\"valueName\":\"search_term_string\"}}],\"inLanguage\":\"de\"},{\"@type\":\"Organization\",\"@id\":\"https:\\\/\\\/marktxxl.de\\\/markt\\\/#organization\",\"name\":\"Markt-XXL\",\"url\":\"https:\\\/\\\/marktxxl.de\\\/markt\\\/\",\"logo\":{\"@type\":\"ImageObject\",\"inLanguage\":\"de\",\"@id\":\"https:\\\/\\\/marktxxl.de\\\/markt\\\/#\\\/schema\\\/logo\\\/image\\\/\",\"url\":\"https:\\\/\\\/marktxxl.de\\\/markt\\\/wp-content\\\/uploads\\\/sites\\\/3\\\/2020\\\/12\\\/logo.png\",\"contentUrl\":\"https:\\\/\\\/marktxxl.de\\\/markt\\\/wp-content\\\/uploads\\\/sites\\\/3\\\/2020\\\/12\\\/logo.png\",\"width\":200,\"height\":70,\"caption\":\"Markt-XXL\"},\"image\":{\"@id\":\"https:\\\/\\\/marktxxl.de\\\/markt\\\/#\\\/schema\\\/logo\\\/image\\\/\"}}]}<\/script>\n<!-- \/ Yoast SEO plugin. -->","yoast_head_json":{"title":"AL\u2019OFA Stillmassageger\u00e4t, Laktaion Massageger\u00e4t, Stillunterst\u00fctzung, Brustmassageger\u00e4t, wasserdicht, 10 Modi, USB\u2026 - Markt-XXL","description":"Markt-XXL AL\u2019OFA Stillmassageger\u00e4t, Laktaion Massageger\u00e4t, Stillunterst\u00fctzung, Brustmassageger\u00e4t, wasserdicht, 10 Modi, USB\u2026","robots":{"index":"index","follow":"follow","max-snippet":"max-snippet:-1","max-image-preview":"max-image-preview:large","max-video-preview":"max-video-preview:-1"},"canonical":"https:\/\/marktxxl.de\/markt\/produkt\/alofa-stillmassagegeraet-laktaion-massagegeraet-stillunterstuetzung-brustmassagegeraet-wasserdicht-10-modi-usb-magnetladung\/","og_locale":"de_DE","og_type":"article","og_title":"AL\u2019OFA Stillmassageger\u00e4t, Laktaion Massageger\u00e4t, Stillunterst\u00fctzung, Brustmassageger\u00e4t, wasserdicht, 10 Modi, USB\u2026 - Markt-XXL","og_description":"Markt-XXL AL\u2019OFA Stillmassageger\u00e4t, Laktaion Massageger\u00e4t, Stillunterst\u00fctzung, Brustmassageger\u00e4t, wasserdicht, 10 Modi, USB\u2026","og_url":"https:\/\/marktxxl.de\/markt\/produkt\/alofa-stillmassagegeraet-laktaion-massagegeraet-stillunterstuetzung-brustmassagegeraet-wasserdicht-10-modi-usb-magnetladung\/","og_site_name":"Markt-XXL","article_modified_time":"2023-04-03T00:25:14+00:00","og_image":[{"width":500,"height":500,"url":"https:\/\/m.media-amazon.com\/images\/I\/31kT6bIjdqL._SL500_.jpg","type":"image\/jpeg"}],"twitter_card":"summary_large_image","twitter_misc":{"Gesch\u00e4tzte Lesezeit":"1\u00a0Minute"},"schema":{"@context":"https:\/\/schema.org","@graph":[{"@type":"WebPage","@id":"https:\/\/marktxxl.de\/markt\/produkt\/alofa-stillmassagegeraet-laktaion-massagegeraet-stillunterstuetzung-brustmassagegeraet-wasserdicht-10-modi-usb-magnetladung\/","url":"https:\/\/marktxxl.de\/markt\/produkt\/alofa-stillmassagegeraet-laktaion-massagegeraet-stillunterstuetzung-brustmassagegeraet-wasserdicht-10-modi-usb-magnetladung\/","name":"AL\u2019OFA Stillmassageger\u00e4t, Laktaion Massageger\u00e4t, Stillunterst\u00fctzung, Brustmassageger\u00e4t, wasserdicht, 10 Modi, USB\u2026 - Markt-XXL","isPartOf":{"@id":"https:\/\/marktxxl.de\/markt\/#website"},"primaryImageOfPage":{"@id":"https:\/\/marktxxl.de\/markt\/produkt\/alofa-stillmassagegeraet-laktaion-massagegeraet-stillunterstuetzung-brustmassagegeraet-wasserdicht-10-modi-usb-magnetladung\/#primaryimage"},"image":{"@id":"https:\/\/marktxxl.de\/markt\/produkt\/alofa-stillmassagegeraet-laktaion-massagegeraet-stillunterstuetzung-brustmassagegeraet-wasserdicht-10-modi-usb-magnetladung\/#primaryimage"},"thumbnailUrl":"https:\/\/m.media-amazon.com\/images\/I\/31kT6bIjdqL._SL500_.jpg","datePublished":"2022-06-13T17:56:17+00:00","dateModified":"2023-04-03T00:25:14+00:00","description":"Markt-XXL AL\u2019OFA Stillmassageger\u00e4t, Laktaion Massageger\u00e4t, Stillunterst\u00fctzung, Brustmassageger\u00e4t, wasserdicht, 10 Modi, USB\u2026","breadcrumb":{"@id":"https:\/\/marktxxl.de\/markt\/produkt\/alofa-stillmassagegeraet-laktaion-massagegeraet-stillunterstuetzung-brustmassagegeraet-wasserdicht-10-modi-usb-magnetladung\/#breadcrumb"},"inLanguage":"de","potentialAction":[{"@type":"ReadAction","target":["https:\/\/marktxxl.de\/markt\/produkt\/alofa-stillmassagegeraet-laktaion-massagegeraet-stillunterstuetzung-brustmassagegeraet-wasserdicht-10-modi-usb-magnetladung\/"]}]},{"@type":"ImageObject","inLanguage":"de","@id":"https:\/\/marktxxl.de\/markt\/produkt\/alofa-stillmassagegeraet-laktaion-massagegeraet-stillunterstuetzung-brustmassagegeraet-wasserdicht-10-modi-usb-magnetladung\/#primaryimage","url":"https:\/\/m.media-amazon.com\/images\/I\/31kT6bIjdqL._SL500_.jpg","contentUrl":"https:\/\/m.media-amazon.com\/images\/I\/31kT6bIjdqL._SL500_.jpg","width":500,"height":500},{"@type":"BreadcrumbList","@id":"https:\/\/marktxxl.de\/markt\/produkt\/alofa-stillmassagegeraet-laktaion-massagegeraet-stillunterstuetzung-brustmassagegeraet-wasserdicht-10-modi-usb-magnetladung\/#breadcrumb","itemListElement":[{"@type":"ListItem","position":1,"name":"Startseite","item":"https:\/\/marktxxl.de\/markt\/"},{"@type":"ListItem","position":2,"name":"Markt","item":"https:\/\/marktxxl.de\/markt\/"},{"@type":"ListItem","position":3,"name":"AL\u2019OFA Stillmassageger\u00e4t, Laktaion Massageger\u00e4t, Stillunterst\u00fctzung, Brustmassageger\u00e4t, wasserdicht, 10 Modi, USB\u2026"}]},{"@type":"WebSite","@id":"https:\/\/marktxxl.de\/markt\/#website","url":"https:\/\/marktxxl.de\/markt\/","name":"Markt-XXL","description":"Ihr Markt Online","publisher":{"@id":"https:\/\/marktxxl.de\/markt\/#organization"},"potentialAction":[{"@type":"SearchAction","target":{"@type":"EntryPoint","urlTemplate":"https:\/\/marktxxl.de\/markt\/?s={search_term_string}"},"query-input":{"@type":"PropertyValueSpecification","valueRequired":true,"valueName":"search_term_string"}}],"inLanguage":"de"},{"@type":"Organization","@id":"https:\/\/marktxxl.de\/markt\/#organization","name":"Markt-XXL","url":"https:\/\/marktxxl.de\/markt\/","logo":{"@type":"ImageObject","inLanguage":"de","@id":"https:\/\/marktxxl.de\/markt\/#\/schema\/logo\/image\/","url":"https:\/\/marktxxl.de\/markt\/wp-content\/uploads\/sites\/3\/2020\/12\/logo.png","contentUrl":"https:\/\/marktxxl.de\/markt\/wp-content\/uploads\/sites\/3\/2020\/12\/logo.png","width":200,"height":70,"caption":"Markt-XXL"},"image":{"@id":"https:\/\/marktxxl.de\/markt\/#\/schema\/logo\/image\/"}}]}},"_links":{"self":[{"href":"https:\/\/marktxxl.de\/markt\/wp-json\/wp\/v2\/product\/125152","targetHints":{"allow":["GET"]}}],"collection":[{"href":"https:\/\/marktxxl.de\/markt\/wp-json\/wp\/v2\/product"}],"about":[{"href":"https:\/\/marktxxl.de\/markt\/wp-json\/wp\/v2\/types\/product"}],"replies":[{"embeddable":true,"href":"https:\/\/marktxxl.de\/markt\/wp-json\/wp\/v2\/comments?post=125152"}],"wp:featuredmedia":[{"embeddable":true,"href":"https:\/\/marktxxl.de\/markt\/wp-json\/wp\/v2\/media\/125153"}],"wp:attachment":[{"href":"https:\/\/marktxxl.de\/markt\/wp-json\/wp\/v2\/media?parent=125152"}],"wp:term":[{"taxonomy":"product_brand","embeddable":true,"href":"https:\/\/marktxxl.de\/markt\/wp-json\/wp\/v2\/product_brand?post=125152"},{"taxonomy":"product_cat","embeddable":true,"href":"https:\/\/marktxxl.de\/markt\/wp-json\/wp\/v2\/product_cat?post=125152"},{"taxonomy":"product_tag","embeddable":true,"href":"https:\/\/marktxxl.de\/markt\/wp-json\/wp\/v2\/product_tag?post=125152"}],"curies":[{"name":"wp","href":"https:\/\/api.w.org\/{rel}","templated":true}]}}