{"id":125144,"date":"2022-06-13T19:56:09","date_gmt":"2022-06-13T17:56:09","guid":{"rendered":"https:\/\/marktxxl.de\/markt\/produkt\/duschdusche-mit-7-loechern-fuer-klistier-und-vaginalspuelung-enemator-analsex-reinigung-dusche-sowohl-fuer-maenner-als-auch-frauen\/"},"modified":"2023-04-03T02:25:14","modified_gmt":"2023-04-03T00:25:14","slug":"duschdusche-mit-7-loechern-fuer-klistier-und-vaginalspuelung-enemator-analsex-reinigung-dusche-sowohl-fuer-maenner-als-auch-frauen","status":"publish","type":"product","link":"https:\/\/marktxxl.de\/markt\/produkt\/duschdusche-mit-7-loechern-fuer-klistier-und-vaginalspuelung-enemator-analsex-reinigung-dusche-sowohl-fuer-maenner-als-auch-frauen\/","title":{"rendered":"Dedisgn Duschkopf mit 7 L\u00f6chern, Duschkopf, f\u00fcr Klistier- und Vaginalsp\u00fclung, Klistier, Analsex-Reinigungsdusche f\u00fcr\u2026"},"content":{"rendered":"<p>\u2655 Dies ist ein sehr gepflegtes Einlaufsystem. Die Einlaufd\u00fcse ist f\u00fcr den Einsatz als Duschaufsatz ausger\u00fcstet, kann auf Ihre vorhandene Dusche oder Waschbecken geschraubt werden.<br \/>\n\u2655 Dieser Duschkopf kann gut mit internationalen Standard-Duschschl\u00e4uchen verbunden werden, passend f\u00fcr die meisten Duschrohre im Badezimmer<br \/>\n\u2655 Hilft, den K\u00f6rper zu entgiften und den regelm\u00e4\u00dfigen Stuhlgang zu f\u00f6rdern, wodurch Einl\u00e4ufe eine Quelle der Erleichterung f\u00fcr Personen, die unter schwerer Verstopfung leiden. Einl\u00e4ufe k\u00f6nnen auch die Bildung von schmerzhaften Polypen im Dickdarm und Rektum verhindern.<br \/>\n\u2655 Die D\u00fcse wird in den Rektum eingesetzt, oft mit Hilfe von Gleitmittel. Die Dusche wird eingeschaltet, und das Druckventil wird so eingestellt bis der Wasserfluss auf einem angenehmen Niveau ist.<br \/>\n\u2655 Reinigt Bakterien und reduziert das Risiko von Infektionen. Erm\u00f6glicht es Ihnen, den Wasserfluss aus Ihrem Klistierschlauch zu steuern, bitte halten Sie den Wasserdruck auf einem sicheren Niveau.<br \/>\n<div class=\"main-cross-sell\" data-asin=\"B07K8TC96G\">\n\n\t<div class=\"WooZone-cross-sell-loader\">\n\t\t<div>\n\t\t\t<div id=\"floatingBarsG\">\n\t\t\t\t<div class=\"blockG\" id=\"rotateG_01\"><\/div>\n\t\t\t\t<div class=\"blockG\" id=\"rotateG_02\"><\/div>\n\t\t\t\t<div class=\"blockG\" id=\"rotateG_03\"><\/div>\n\t\t\t\t<div class=\"blockG\" id=\"rotateG_04\"><\/div>\n\t\t\t\t<div class=\"blockG\" id=\"rotateG_05\"><\/div>\n\t\t\t\t<div class=\"blockG\" id=\"rotateG_06\"><\/div>\n\t\t\t\t<div class=\"blockG\" id=\"rotateG_07\"><\/div>\n\t\t\t\t<div class=\"blockG\" id=\"rotateG_08\"><\/div>\n\t\t\t<\/div>\n\t\t\t<div class=\"WooZone-cross-sell-loader-text\"><\/div>\n\t\t<\/div>\n\t<\/div>\n\n\t\t\n<\/div>\n<div style=\"clear:both;\"><\/div><\/p>\n","protected":false},"excerpt":{"rendered":"<p>\u2655 Dies ist ein sehr gepflegtes Einlaufsystem. Die Einlaufd\u00fcse ist f\u00fcr den Einsatz als Duschaufsatz ausger\u00fcstet, kann auf Ihre vorhandene Dusche oder Waschbecken geschraubt werden.<br \/>\n\u2655 Dieser Duschkopf kann gut mit internationalen Standard-Duschschl\u00e4uchen verbunden werden, passend f\u00fcr die meisten Duschrohre im Badezimmer<br \/>\n\u2655 Hilft, den K\u00f6rper zu entgiften und den regelm\u00e4\u00dfigen Stuhlgang zu f\u00f6rdern, wodurch Einl\u00e4ufe eine Quelle der Erleichterung f\u00fcr Personen, die unter schwerer Verstopfung leiden. Einl\u00e4ufe k\u00f6nnen auch die Bildung von schmerzhaften Polypen im Dickdarm und Rektum verhindern.<\/p>\n","protected":false},"featured_media":125145,"comment_status":"open","ping_status":"closed","template":"","meta":[],"product_brand":[],"product_cat":[652,2977],"product_tag":[],"class_list":{"0":"post-125144","1":"product","2":"type-product","3":"status-publish","4":"has-post-thumbnail","6":"product_cat-erotik-markt-xxl","7":"product_cat-sexspielzeug","8":"pa_binding-misc","9":"pa_brand-busch-jaeger-3","10":"pa_brand-funmove","11":"pa_height-1-zoll","12":"pa_length-7-zoll","13":"pa_manufacturer-funmove","14":"pa_size-1-stueck-1er-pack","15":"pa_weight-0-1763698096-pfund","16":"pa_width-3-zoll","18":"first","19":"instock","20":"shipping-taxable","21":"purchasable","22":"product-type-simple","23":"customify-col","24":"product-has-gallery"},"yoast_head":"<!-- This site is optimized with the Yoast SEO plugin v27.4 - https:\/\/yoast.com\/product\/yoast-seo-wordpress\/ -->\n<title>Dedisgn Duschkopf mit 7 L\u00f6chern, Duschkopf, f\u00fcr Klistier- und Vaginalsp\u00fclung, Klistier, Analsex-Reinigungsdusche f\u00fcr\u2026 - Markt-XXL<\/title>\n<meta name=\"description\" content=\"Markt-XXL Dedisgn Duschkopf mit 7 L\u00f6chern, Duschkopf, f\u00fcr Klistier- und Vaginalsp\u00fclung, Klistier, Analsex-Reinigungsdusche f\u00fcr\u2026\" \/>\n<meta name=\"robots\" content=\"index, follow, max-snippet:-1, max-image-preview:large, max-video-preview:-1\" \/>\n<link rel=\"canonical\" href=\"https:\/\/marktxxl.de\/markt\/produkt\/duschdusche-mit-7-loechern-fuer-klistier-und-vaginalspuelung-enemator-analsex-reinigung-dusche-sowohl-fuer-maenner-als-auch-frauen\/\" \/>\n<meta property=\"og:locale\" content=\"de_DE\" \/>\n<meta property=\"og:type\" content=\"article\" \/>\n<meta property=\"og:title\" content=\"Dedisgn Duschkopf mit 7 L\u00f6chern, Duschkopf, f\u00fcr Klistier- und Vaginalsp\u00fclung, Klistier, Analsex-Reinigungsdusche f\u00fcr\u2026 - Markt-XXL\" \/>\n<meta property=\"og:description\" content=\"Markt-XXL Dedisgn Duschkopf mit 7 L\u00f6chern, Duschkopf, f\u00fcr Klistier- und Vaginalsp\u00fclung, Klistier, Analsex-Reinigungsdusche f\u00fcr\u2026\" \/>\n<meta property=\"og:url\" content=\"https:\/\/marktxxl.de\/markt\/produkt\/duschdusche-mit-7-loechern-fuer-klistier-und-vaginalspuelung-enemator-analsex-reinigung-dusche-sowohl-fuer-maenner-als-auch-frauen\/\" \/>\n<meta property=\"og:site_name\" content=\"Markt-XXL\" \/>\n<meta property=\"article:modified_time\" content=\"2023-04-03T00:25:14+00:00\" \/>\n<meta property=\"og:image\" content=\"https:\/\/m.media-amazon.com\/images\/I\/41j9k1OKOEL._SL500_.jpg\" \/>\n\t<meta property=\"og:image:width\" content=\"500\" \/>\n\t<meta property=\"og:image:height\" content=\"500\" \/>\n\t<meta property=\"og:image:type\" content=\"image\/jpeg\" \/>\n<meta name=\"twitter:card\" content=\"summary_large_image\" \/>\n<meta name=\"twitter:label1\" content=\"Gesch\u00e4tzte Lesezeit\" \/>\n\t<meta name=\"twitter:data1\" content=\"1\u00a0Minute\" \/>\n<script type=\"application\/ld+json\" class=\"yoast-schema-graph\">{\"@context\":\"https:\\\/\\\/schema.org\",\"@graph\":[{\"@type\":\"WebPage\",\"@id\":\"https:\\\/\\\/marktxxl.de\\\/markt\\\/produkt\\\/duschdusche-mit-7-loechern-fuer-klistier-und-vaginalspuelung-enemator-analsex-reinigung-dusche-sowohl-fuer-maenner-als-auch-frauen\\\/\",\"url\":\"https:\\\/\\\/marktxxl.de\\\/markt\\\/produkt\\\/duschdusche-mit-7-loechern-fuer-klistier-und-vaginalspuelung-enemator-analsex-reinigung-dusche-sowohl-fuer-maenner-als-auch-frauen\\\/\",\"name\":\"Dedisgn Duschkopf mit 7 L\u00f6chern, Duschkopf, f\u00fcr Klistier- und Vaginalsp\u00fclung, Klistier, Analsex-Reinigungsdusche f\u00fcr\u2026 - Markt-XXL\",\"isPartOf\":{\"@id\":\"https:\\\/\\\/marktxxl.de\\\/markt\\\/#website\"},\"primaryImageOfPage\":{\"@id\":\"https:\\\/\\\/marktxxl.de\\\/markt\\\/produkt\\\/duschdusche-mit-7-loechern-fuer-klistier-und-vaginalspuelung-enemator-analsex-reinigung-dusche-sowohl-fuer-maenner-als-auch-frauen\\\/#primaryimage\"},\"image\":{\"@id\":\"https:\\\/\\\/marktxxl.de\\\/markt\\\/produkt\\\/duschdusche-mit-7-loechern-fuer-klistier-und-vaginalspuelung-enemator-analsex-reinigung-dusche-sowohl-fuer-maenner-als-auch-frauen\\\/#primaryimage\"},\"thumbnailUrl\":\"https:\\\/\\\/m.media-amazon.com\\\/images\\\/I\\\/41j9k1OKOEL._SL500_.jpg\",\"datePublished\":\"2022-06-13T17:56:09+00:00\",\"dateModified\":\"2023-04-03T00:25:14+00:00\",\"description\":\"Markt-XXL Dedisgn Duschkopf mit 7 L\u00f6chern, Duschkopf, f\u00fcr Klistier- und Vaginalsp\u00fclung, Klistier, Analsex-Reinigungsdusche f\u00fcr\u2026\",\"breadcrumb\":{\"@id\":\"https:\\\/\\\/marktxxl.de\\\/markt\\\/produkt\\\/duschdusche-mit-7-loechern-fuer-klistier-und-vaginalspuelung-enemator-analsex-reinigung-dusche-sowohl-fuer-maenner-als-auch-frauen\\\/#breadcrumb\"},\"inLanguage\":\"de\",\"potentialAction\":[{\"@type\":\"ReadAction\",\"target\":[\"https:\\\/\\\/marktxxl.de\\\/markt\\\/produkt\\\/duschdusche-mit-7-loechern-fuer-klistier-und-vaginalspuelung-enemator-analsex-reinigung-dusche-sowohl-fuer-maenner-als-auch-frauen\\\/\"]}]},{\"@type\":\"ImageObject\",\"inLanguage\":\"de\",\"@id\":\"https:\\\/\\\/marktxxl.de\\\/markt\\\/produkt\\\/duschdusche-mit-7-loechern-fuer-klistier-und-vaginalspuelung-enemator-analsex-reinigung-dusche-sowohl-fuer-maenner-als-auch-frauen\\\/#primaryimage\",\"url\":\"https:\\\/\\\/m.media-amazon.com\\\/images\\\/I\\\/41j9k1OKOEL._SL500_.jpg\",\"contentUrl\":\"https:\\\/\\\/m.media-amazon.com\\\/images\\\/I\\\/41j9k1OKOEL._SL500_.jpg\",\"width\":500,\"height\":500},{\"@type\":\"BreadcrumbList\",\"@id\":\"https:\\\/\\\/marktxxl.de\\\/markt\\\/produkt\\\/duschdusche-mit-7-loechern-fuer-klistier-und-vaginalspuelung-enemator-analsex-reinigung-dusche-sowohl-fuer-maenner-als-auch-frauen\\\/#breadcrumb\",\"itemListElement\":[{\"@type\":\"ListItem\",\"position\":1,\"name\":\"Startseite\",\"item\":\"https:\\\/\\\/marktxxl.de\\\/markt\\\/\"},{\"@type\":\"ListItem\",\"position\":2,\"name\":\"Markt\",\"item\":\"https:\\\/\\\/marktxxl.de\\\/markt\\\/\"},{\"@type\":\"ListItem\",\"position\":3,\"name\":\"Dedisgn Duschkopf mit 7 L\u00f6chern, Duschkopf, f\u00fcr Klistier- und Vaginalsp\u00fclung, Klistier, Analsex-Reinigungsdusche f\u00fcr\u2026\"}]},{\"@type\":\"WebSite\",\"@id\":\"https:\\\/\\\/marktxxl.de\\\/markt\\\/#website\",\"url\":\"https:\\\/\\\/marktxxl.de\\\/markt\\\/\",\"name\":\"Markt-XXL\",\"description\":\"Ihr Markt Online\",\"publisher\":{\"@id\":\"https:\\\/\\\/marktxxl.de\\\/markt\\\/#organization\"},\"potentialAction\":[{\"@type\":\"SearchAction\",\"target\":{\"@type\":\"EntryPoint\",\"urlTemplate\":\"https:\\\/\\\/marktxxl.de\\\/markt\\\/?s={search_term_string}\"},\"query-input\":{\"@type\":\"PropertyValueSpecification\",\"valueRequired\":true,\"valueName\":\"search_term_string\"}}],\"inLanguage\":\"de\"},{\"@type\":\"Organization\",\"@id\":\"https:\\\/\\\/marktxxl.de\\\/markt\\\/#organization\",\"name\":\"Markt-XXL\",\"url\":\"https:\\\/\\\/marktxxl.de\\\/markt\\\/\",\"logo\":{\"@type\":\"ImageObject\",\"inLanguage\":\"de\",\"@id\":\"https:\\\/\\\/marktxxl.de\\\/markt\\\/#\\\/schema\\\/logo\\\/image\\\/\",\"url\":\"https:\\\/\\\/marktxxl.de\\\/markt\\\/wp-content\\\/uploads\\\/sites\\\/3\\\/2020\\\/12\\\/logo.png\",\"contentUrl\":\"https:\\\/\\\/marktxxl.de\\\/markt\\\/wp-content\\\/uploads\\\/sites\\\/3\\\/2020\\\/12\\\/logo.png\",\"width\":200,\"height\":70,\"caption\":\"Markt-XXL\"},\"image\":{\"@id\":\"https:\\\/\\\/marktxxl.de\\\/markt\\\/#\\\/schema\\\/logo\\\/image\\\/\"}}]}<\/script>\n<!-- \/ Yoast SEO plugin. -->","yoast_head_json":{"title":"Dedisgn Duschkopf mit 7 L\u00f6chern, Duschkopf, f\u00fcr Klistier- und Vaginalsp\u00fclung, Klistier, Analsex-Reinigungsdusche f\u00fcr\u2026 - Markt-XXL","description":"Markt-XXL Dedisgn Duschkopf mit 7 L\u00f6chern, Duschkopf, f\u00fcr Klistier- und Vaginalsp\u00fclung, Klistier, Analsex-Reinigungsdusche f\u00fcr\u2026","robots":{"index":"index","follow":"follow","max-snippet":"max-snippet:-1","max-image-preview":"max-image-preview:large","max-video-preview":"max-video-preview:-1"},"canonical":"https:\/\/marktxxl.de\/markt\/produkt\/duschdusche-mit-7-loechern-fuer-klistier-und-vaginalspuelung-enemator-analsex-reinigung-dusche-sowohl-fuer-maenner-als-auch-frauen\/","og_locale":"de_DE","og_type":"article","og_title":"Dedisgn Duschkopf mit 7 L\u00f6chern, Duschkopf, f\u00fcr Klistier- und Vaginalsp\u00fclung, Klistier, Analsex-Reinigungsdusche f\u00fcr\u2026 - Markt-XXL","og_description":"Markt-XXL Dedisgn Duschkopf mit 7 L\u00f6chern, Duschkopf, f\u00fcr Klistier- und Vaginalsp\u00fclung, Klistier, Analsex-Reinigungsdusche f\u00fcr\u2026","og_url":"https:\/\/marktxxl.de\/markt\/produkt\/duschdusche-mit-7-loechern-fuer-klistier-und-vaginalspuelung-enemator-analsex-reinigung-dusche-sowohl-fuer-maenner-als-auch-frauen\/","og_site_name":"Markt-XXL","article_modified_time":"2023-04-03T00:25:14+00:00","og_image":[{"width":500,"height":500,"url":"https:\/\/m.media-amazon.com\/images\/I\/41j9k1OKOEL._SL500_.jpg","type":"image\/jpeg"}],"twitter_card":"summary_large_image","twitter_misc":{"Gesch\u00e4tzte Lesezeit":"1\u00a0Minute"},"schema":{"@context":"https:\/\/schema.org","@graph":[{"@type":"WebPage","@id":"https:\/\/marktxxl.de\/markt\/produkt\/duschdusche-mit-7-loechern-fuer-klistier-und-vaginalspuelung-enemator-analsex-reinigung-dusche-sowohl-fuer-maenner-als-auch-frauen\/","url":"https:\/\/marktxxl.de\/markt\/produkt\/duschdusche-mit-7-loechern-fuer-klistier-und-vaginalspuelung-enemator-analsex-reinigung-dusche-sowohl-fuer-maenner-als-auch-frauen\/","name":"Dedisgn Duschkopf mit 7 L\u00f6chern, Duschkopf, f\u00fcr Klistier- und Vaginalsp\u00fclung, Klistier, Analsex-Reinigungsdusche f\u00fcr\u2026 - Markt-XXL","isPartOf":{"@id":"https:\/\/marktxxl.de\/markt\/#website"},"primaryImageOfPage":{"@id":"https:\/\/marktxxl.de\/markt\/produkt\/duschdusche-mit-7-loechern-fuer-klistier-und-vaginalspuelung-enemator-analsex-reinigung-dusche-sowohl-fuer-maenner-als-auch-frauen\/#primaryimage"},"image":{"@id":"https:\/\/marktxxl.de\/markt\/produkt\/duschdusche-mit-7-loechern-fuer-klistier-und-vaginalspuelung-enemator-analsex-reinigung-dusche-sowohl-fuer-maenner-als-auch-frauen\/#primaryimage"},"thumbnailUrl":"https:\/\/m.media-amazon.com\/images\/I\/41j9k1OKOEL._SL500_.jpg","datePublished":"2022-06-13T17:56:09+00:00","dateModified":"2023-04-03T00:25:14+00:00","description":"Markt-XXL Dedisgn Duschkopf mit 7 L\u00f6chern, Duschkopf, f\u00fcr Klistier- und Vaginalsp\u00fclung, Klistier, Analsex-Reinigungsdusche f\u00fcr\u2026","breadcrumb":{"@id":"https:\/\/marktxxl.de\/markt\/produkt\/duschdusche-mit-7-loechern-fuer-klistier-und-vaginalspuelung-enemator-analsex-reinigung-dusche-sowohl-fuer-maenner-als-auch-frauen\/#breadcrumb"},"inLanguage":"de","potentialAction":[{"@type":"ReadAction","target":["https:\/\/marktxxl.de\/markt\/produkt\/duschdusche-mit-7-loechern-fuer-klistier-und-vaginalspuelung-enemator-analsex-reinigung-dusche-sowohl-fuer-maenner-als-auch-frauen\/"]}]},{"@type":"ImageObject","inLanguage":"de","@id":"https:\/\/marktxxl.de\/markt\/produkt\/duschdusche-mit-7-loechern-fuer-klistier-und-vaginalspuelung-enemator-analsex-reinigung-dusche-sowohl-fuer-maenner-als-auch-frauen\/#primaryimage","url":"https:\/\/m.media-amazon.com\/images\/I\/41j9k1OKOEL._SL500_.jpg","contentUrl":"https:\/\/m.media-amazon.com\/images\/I\/41j9k1OKOEL._SL500_.jpg","width":500,"height":500},{"@type":"BreadcrumbList","@id":"https:\/\/marktxxl.de\/markt\/produkt\/duschdusche-mit-7-loechern-fuer-klistier-und-vaginalspuelung-enemator-analsex-reinigung-dusche-sowohl-fuer-maenner-als-auch-frauen\/#breadcrumb","itemListElement":[{"@type":"ListItem","position":1,"name":"Startseite","item":"https:\/\/marktxxl.de\/markt\/"},{"@type":"ListItem","position":2,"name":"Markt","item":"https:\/\/marktxxl.de\/markt\/"},{"@type":"ListItem","position":3,"name":"Dedisgn Duschkopf mit 7 L\u00f6chern, Duschkopf, f\u00fcr Klistier- und Vaginalsp\u00fclung, Klistier, Analsex-Reinigungsdusche f\u00fcr\u2026"}]},{"@type":"WebSite","@id":"https:\/\/marktxxl.de\/markt\/#website","url":"https:\/\/marktxxl.de\/markt\/","name":"Markt-XXL","description":"Ihr Markt Online","publisher":{"@id":"https:\/\/marktxxl.de\/markt\/#organization"},"potentialAction":[{"@type":"SearchAction","target":{"@type":"EntryPoint","urlTemplate":"https:\/\/marktxxl.de\/markt\/?s={search_term_string}"},"query-input":{"@type":"PropertyValueSpecification","valueRequired":true,"valueName":"search_term_string"}}],"inLanguage":"de"},{"@type":"Organization","@id":"https:\/\/marktxxl.de\/markt\/#organization","name":"Markt-XXL","url":"https:\/\/marktxxl.de\/markt\/","logo":{"@type":"ImageObject","inLanguage":"de","@id":"https:\/\/marktxxl.de\/markt\/#\/schema\/logo\/image\/","url":"https:\/\/marktxxl.de\/markt\/wp-content\/uploads\/sites\/3\/2020\/12\/logo.png","contentUrl":"https:\/\/marktxxl.de\/markt\/wp-content\/uploads\/sites\/3\/2020\/12\/logo.png","width":200,"height":70,"caption":"Markt-XXL"},"image":{"@id":"https:\/\/marktxxl.de\/markt\/#\/schema\/logo\/image\/"}}]}},"_links":{"self":[{"href":"https:\/\/marktxxl.de\/markt\/wp-json\/wp\/v2\/product\/125144","targetHints":{"allow":["GET"]}}],"collection":[{"href":"https:\/\/marktxxl.de\/markt\/wp-json\/wp\/v2\/product"}],"about":[{"href":"https:\/\/marktxxl.de\/markt\/wp-json\/wp\/v2\/types\/product"}],"replies":[{"embeddable":true,"href":"https:\/\/marktxxl.de\/markt\/wp-json\/wp\/v2\/comments?post=125144"}],"wp:featuredmedia":[{"embeddable":true,"href":"https:\/\/marktxxl.de\/markt\/wp-json\/wp\/v2\/media\/125145"}],"wp:attachment":[{"href":"https:\/\/marktxxl.de\/markt\/wp-json\/wp\/v2\/media?parent=125144"}],"wp:term":[{"taxonomy":"product_brand","embeddable":true,"href":"https:\/\/marktxxl.de\/markt\/wp-json\/wp\/v2\/product_brand?post=125144"},{"taxonomy":"product_cat","embeddable":true,"href":"https:\/\/marktxxl.de\/markt\/wp-json\/wp\/v2\/product_cat?post=125144"},{"taxonomy":"product_tag","embeddable":true,"href":"https:\/\/marktxxl.de\/markt\/wp-json\/wp\/v2\/product_tag?post=125144"}],"curies":[{"name":"wp","href":"https:\/\/api.w.org\/{rel}","templated":true}]}}