{"id":124793,"date":"2022-05-18T01:46:13","date_gmt":"2022-05-17T23:46:13","guid":{"rendered":"https:\/\/marktxxl.de\/markt\/produkt\/glen-appin-suesse-braune-schottische-highland-kuh-kleinkind-baby-hausschuhe-stiefel-mit-anti-rutsch-sohlen-babygroessen\/"},"modified":"2023-04-09T03:34:39","modified_gmt":"2023-04-09T01:34:39","slug":"glen-appin-suesse-braune-schottische-highland-kuh-kleinkind-baby-hausschuhe-stiefel-mit-anti-rutsch-sohlen-babygroessen","status":"publish","type":"product","link":"https:\/\/marktxxl.de\/markt\/produkt\/glen-appin-suesse-braune-schottische-highland-kuh-kleinkind-baby-hausschuhe-stiefel-mit-anti-rutsch-sohlen-babygroessen\/","title":{"rendered":"Glen Appin Babyhausschuhe mit rutschfester Sohle, f\u00fcr Babys von 6 bis 12 Monaten, Braun"},"content":{"rendered":"<p>Aufgrund der gro\u00dfen Nachfrage haben wir jetzt diese Stiefeletten in kleineren Gr\u00f6\u00dfen f\u00fcr die winzigen Toots zusammengestellt.<br \/>\nDiese sind zu niedlich f\u00fcr jedes kleine Kind<br \/>\nSie haben eine flauschig weiche Au\u00dfen- und Innenseite, um sicherzustellen, dass sie Ihren Kleinen warm halten.<br \/>\nDie Sohle hat weiche Noppen, um ein Verrutschen zu vermeiden! Perfekt f\u00fcr unterwegs mit dem Baby und zum Lernen des Kleinkindes im Haus.<br \/>\nMaschinenwaschbar<br \/>\n<div class=\"main-cross-sell\" data-asin=\"B01N53SJ9V\">\n\n\t<div class=\"WooZone-cross-sell-loader\">\n\t\t<div>\n\t\t\t<div id=\"floatingBarsG\">\n\t\t\t\t<div class=\"blockG\" id=\"rotateG_01\"><\/div>\n\t\t\t\t<div class=\"blockG\" id=\"rotateG_02\"><\/div>\n\t\t\t\t<div class=\"blockG\" id=\"rotateG_03\"><\/div>\n\t\t\t\t<div class=\"blockG\" id=\"rotateG_04\"><\/div>\n\t\t\t\t<div class=\"blockG\" id=\"rotateG_05\"><\/div>\n\t\t\t\t<div class=\"blockG\" id=\"rotateG_06\"><\/div>\n\t\t\t\t<div class=\"blockG\" id=\"rotateG_07\"><\/div>\n\t\t\t\t<div class=\"blockG\" id=\"rotateG_08\"><\/div>\n\t\t\t<\/div>\n\t\t\t<div class=\"WooZone-cross-sell-loader-text\"><\/div>\n\t\t<\/div>\n\t<\/div>\n\n\t\t\n<\/div>\n<div style=\"clear:both;\"><\/div><\/p>\n","protected":false},"excerpt":{"rendered":"<p>Aufgrund der gro\u00dfen Nachfrage haben wir jetzt diese Stiefeletten in kleineren Gr\u00f6\u00dfen f\u00fcr die winzigen Toots zusammengestellt.<br \/>\nDiese sind zu niedlich f\u00fcr jedes kleine Kind<br \/>\nSie haben eine flauschig weiche Au\u00dfen- und Innenseite, um sicherzustellen, dass sie Ihren Kleinen warm halten.<\/p>\n","protected":false},"featured_media":124794,"comment_status":"open","ping_status":"closed","template":"","meta":[],"product_brand":[],"product_cat":[21,9036],"product_tag":[],"class_list":{"0":"post-124793","1":"product","2":"type-product","3":"status-publish","4":"has-post-thumbnail","6":"product_cat-baby","7":"product_cat-babyschuhe-baby","8":"pa_brand-glen-appin","9":"pa_manufacturer-glen-appin","11":"first","12":"instock","13":"shipping-taxable","14":"purchasable","15":"product-type-simple","16":"customify-col","17":"product-has-gallery"},"yoast_head":"<!-- This site is optimized with the Yoast SEO plugin v27.4 - https:\/\/yoast.com\/product\/yoast-seo-wordpress\/ -->\n<title>Glen Appin Babyhausschuhe mit rutschfester Sohle, f\u00fcr Babys von 6 bis 12 Monaten, Braun - Markt-XXL<\/title>\n<meta name=\"description\" content=\"Markt-XXL Glen Appin Babyhausschuhe mit rutschfester Sohle, f\u00fcr Babys von 6 bis 12 Monaten, Braun\" \/>\n<meta name=\"robots\" content=\"index, follow, max-snippet:-1, max-image-preview:large, max-video-preview:-1\" \/>\n<link rel=\"canonical\" href=\"https:\/\/marktxxl.de\/markt\/produkt\/glen-appin-suesse-braune-schottische-highland-kuh-kleinkind-baby-hausschuhe-stiefel-mit-anti-rutsch-sohlen-babygroessen\/\" \/>\n<meta property=\"og:locale\" content=\"de_DE\" \/>\n<meta property=\"og:type\" content=\"article\" \/>\n<meta property=\"og:title\" content=\"Glen Appin Babyhausschuhe mit rutschfester Sohle, f\u00fcr Babys von 6 bis 12 Monaten, Braun - Markt-XXL\" \/>\n<meta property=\"og:description\" content=\"Markt-XXL Glen Appin Babyhausschuhe mit rutschfester Sohle, f\u00fcr Babys von 6 bis 12 Monaten, Braun\" \/>\n<meta property=\"og:url\" content=\"https:\/\/marktxxl.de\/markt\/produkt\/glen-appin-suesse-braune-schottische-highland-kuh-kleinkind-baby-hausschuhe-stiefel-mit-anti-rutsch-sohlen-babygroessen\/\" \/>\n<meta property=\"og:site_name\" content=\"Markt-XXL\" \/>\n<meta property=\"article:modified_time\" content=\"2023-04-09T01:34:39+00:00\" \/>\n<meta property=\"og:image\" content=\"https:\/\/m.media-amazon.com\/images\/I\/519OaxYFJfL._SL500_.jpg\" \/>\n\t<meta property=\"og:image:width\" content=\"500\" \/>\n\t<meta property=\"og:image:height\" content=\"374\" \/>\n\t<meta property=\"og:image:type\" content=\"image\/jpeg\" \/>\n<meta name=\"twitter:card\" content=\"summary_large_image\" \/>\n<script type=\"application\/ld+json\" class=\"yoast-schema-graph\">{\"@context\":\"https:\\\/\\\/schema.org\",\"@graph\":[{\"@type\":\"WebPage\",\"@id\":\"https:\\\/\\\/marktxxl.de\\\/markt\\\/produkt\\\/glen-appin-suesse-braune-schottische-highland-kuh-kleinkind-baby-hausschuhe-stiefel-mit-anti-rutsch-sohlen-babygroessen\\\/\",\"url\":\"https:\\\/\\\/marktxxl.de\\\/markt\\\/produkt\\\/glen-appin-suesse-braune-schottische-highland-kuh-kleinkind-baby-hausschuhe-stiefel-mit-anti-rutsch-sohlen-babygroessen\\\/\",\"name\":\"Glen Appin Babyhausschuhe mit rutschfester Sohle, f\u00fcr Babys von 6 bis 12 Monaten, Braun - Markt-XXL\",\"isPartOf\":{\"@id\":\"https:\\\/\\\/marktxxl.de\\\/markt\\\/#website\"},\"primaryImageOfPage\":{\"@id\":\"https:\\\/\\\/marktxxl.de\\\/markt\\\/produkt\\\/glen-appin-suesse-braune-schottische-highland-kuh-kleinkind-baby-hausschuhe-stiefel-mit-anti-rutsch-sohlen-babygroessen\\\/#primaryimage\"},\"image\":{\"@id\":\"https:\\\/\\\/marktxxl.de\\\/markt\\\/produkt\\\/glen-appin-suesse-braune-schottische-highland-kuh-kleinkind-baby-hausschuhe-stiefel-mit-anti-rutsch-sohlen-babygroessen\\\/#primaryimage\"},\"thumbnailUrl\":\"https:\\\/\\\/m.media-amazon.com\\\/images\\\/I\\\/519OaxYFJfL._SL500_.jpg\",\"datePublished\":\"2022-05-17T23:46:13+00:00\",\"dateModified\":\"2023-04-09T01:34:39+00:00\",\"description\":\"Markt-XXL Glen Appin Babyhausschuhe mit rutschfester Sohle, f\u00fcr Babys von 6 bis 12 Monaten, Braun\",\"breadcrumb\":{\"@id\":\"https:\\\/\\\/marktxxl.de\\\/markt\\\/produkt\\\/glen-appin-suesse-braune-schottische-highland-kuh-kleinkind-baby-hausschuhe-stiefel-mit-anti-rutsch-sohlen-babygroessen\\\/#breadcrumb\"},\"inLanguage\":\"de\",\"potentialAction\":[{\"@type\":\"ReadAction\",\"target\":[\"https:\\\/\\\/marktxxl.de\\\/markt\\\/produkt\\\/glen-appin-suesse-braune-schottische-highland-kuh-kleinkind-baby-hausschuhe-stiefel-mit-anti-rutsch-sohlen-babygroessen\\\/\"]}]},{\"@type\":\"ImageObject\",\"inLanguage\":\"de\",\"@id\":\"https:\\\/\\\/marktxxl.de\\\/markt\\\/produkt\\\/glen-appin-suesse-braune-schottische-highland-kuh-kleinkind-baby-hausschuhe-stiefel-mit-anti-rutsch-sohlen-babygroessen\\\/#primaryimage\",\"url\":\"https:\\\/\\\/m.media-amazon.com\\\/images\\\/I\\\/519OaxYFJfL._SL500_.jpg\",\"contentUrl\":\"https:\\\/\\\/m.media-amazon.com\\\/images\\\/I\\\/519OaxYFJfL._SL500_.jpg\",\"width\":500,\"height\":374},{\"@type\":\"BreadcrumbList\",\"@id\":\"https:\\\/\\\/marktxxl.de\\\/markt\\\/produkt\\\/glen-appin-suesse-braune-schottische-highland-kuh-kleinkind-baby-hausschuhe-stiefel-mit-anti-rutsch-sohlen-babygroessen\\\/#breadcrumb\",\"itemListElement\":[{\"@type\":\"ListItem\",\"position\":1,\"name\":\"Startseite\",\"item\":\"https:\\\/\\\/marktxxl.de\\\/markt\\\/\"},{\"@type\":\"ListItem\",\"position\":2,\"name\":\"Markt\",\"item\":\"https:\\\/\\\/marktxxl.de\\\/markt\\\/\"},{\"@type\":\"ListItem\",\"position\":3,\"name\":\"Glen Appin Babyhausschuhe mit rutschfester Sohle, f\u00fcr Babys von 6 bis 12 Monaten, Braun\"}]},{\"@type\":\"WebSite\",\"@id\":\"https:\\\/\\\/marktxxl.de\\\/markt\\\/#website\",\"url\":\"https:\\\/\\\/marktxxl.de\\\/markt\\\/\",\"name\":\"Markt-XXL\",\"description\":\"Ihr Markt Online\",\"publisher\":{\"@id\":\"https:\\\/\\\/marktxxl.de\\\/markt\\\/#organization\"},\"potentialAction\":[{\"@type\":\"SearchAction\",\"target\":{\"@type\":\"EntryPoint\",\"urlTemplate\":\"https:\\\/\\\/marktxxl.de\\\/markt\\\/?s={search_term_string}\"},\"query-input\":{\"@type\":\"PropertyValueSpecification\",\"valueRequired\":true,\"valueName\":\"search_term_string\"}}],\"inLanguage\":\"de\"},{\"@type\":\"Organization\",\"@id\":\"https:\\\/\\\/marktxxl.de\\\/markt\\\/#organization\",\"name\":\"Markt-XXL\",\"url\":\"https:\\\/\\\/marktxxl.de\\\/markt\\\/\",\"logo\":{\"@type\":\"ImageObject\",\"inLanguage\":\"de\",\"@id\":\"https:\\\/\\\/marktxxl.de\\\/markt\\\/#\\\/schema\\\/logo\\\/image\\\/\",\"url\":\"https:\\\/\\\/marktxxl.de\\\/markt\\\/wp-content\\\/uploads\\\/sites\\\/3\\\/2020\\\/12\\\/logo.png\",\"contentUrl\":\"https:\\\/\\\/marktxxl.de\\\/markt\\\/wp-content\\\/uploads\\\/sites\\\/3\\\/2020\\\/12\\\/logo.png\",\"width\":200,\"height\":70,\"caption\":\"Markt-XXL\"},\"image\":{\"@id\":\"https:\\\/\\\/marktxxl.de\\\/markt\\\/#\\\/schema\\\/logo\\\/image\\\/\"}}]}<\/script>\n<!-- \/ Yoast SEO plugin. -->","yoast_head_json":{"title":"Glen Appin Babyhausschuhe mit rutschfester Sohle, f\u00fcr Babys von 6 bis 12 Monaten, Braun - Markt-XXL","description":"Markt-XXL Glen Appin Babyhausschuhe mit rutschfester Sohle, f\u00fcr Babys von 6 bis 12 Monaten, Braun","robots":{"index":"index","follow":"follow","max-snippet":"max-snippet:-1","max-image-preview":"max-image-preview:large","max-video-preview":"max-video-preview:-1"},"canonical":"https:\/\/marktxxl.de\/markt\/produkt\/glen-appin-suesse-braune-schottische-highland-kuh-kleinkind-baby-hausschuhe-stiefel-mit-anti-rutsch-sohlen-babygroessen\/","og_locale":"de_DE","og_type":"article","og_title":"Glen Appin Babyhausschuhe mit rutschfester Sohle, f\u00fcr Babys von 6 bis 12 Monaten, Braun - Markt-XXL","og_description":"Markt-XXL Glen Appin Babyhausschuhe mit rutschfester Sohle, f\u00fcr Babys von 6 bis 12 Monaten, Braun","og_url":"https:\/\/marktxxl.de\/markt\/produkt\/glen-appin-suesse-braune-schottische-highland-kuh-kleinkind-baby-hausschuhe-stiefel-mit-anti-rutsch-sohlen-babygroessen\/","og_site_name":"Markt-XXL","article_modified_time":"2023-04-09T01:34:39+00:00","og_image":[{"width":500,"height":374,"url":"https:\/\/m.media-amazon.com\/images\/I\/519OaxYFJfL._SL500_.jpg","type":"image\/jpeg"}],"twitter_card":"summary_large_image","schema":{"@context":"https:\/\/schema.org","@graph":[{"@type":"WebPage","@id":"https:\/\/marktxxl.de\/markt\/produkt\/glen-appin-suesse-braune-schottische-highland-kuh-kleinkind-baby-hausschuhe-stiefel-mit-anti-rutsch-sohlen-babygroessen\/","url":"https:\/\/marktxxl.de\/markt\/produkt\/glen-appin-suesse-braune-schottische-highland-kuh-kleinkind-baby-hausschuhe-stiefel-mit-anti-rutsch-sohlen-babygroessen\/","name":"Glen Appin Babyhausschuhe mit rutschfester Sohle, f\u00fcr Babys von 6 bis 12 Monaten, Braun - Markt-XXL","isPartOf":{"@id":"https:\/\/marktxxl.de\/markt\/#website"},"primaryImageOfPage":{"@id":"https:\/\/marktxxl.de\/markt\/produkt\/glen-appin-suesse-braune-schottische-highland-kuh-kleinkind-baby-hausschuhe-stiefel-mit-anti-rutsch-sohlen-babygroessen\/#primaryimage"},"image":{"@id":"https:\/\/marktxxl.de\/markt\/produkt\/glen-appin-suesse-braune-schottische-highland-kuh-kleinkind-baby-hausschuhe-stiefel-mit-anti-rutsch-sohlen-babygroessen\/#primaryimage"},"thumbnailUrl":"https:\/\/m.media-amazon.com\/images\/I\/519OaxYFJfL._SL500_.jpg","datePublished":"2022-05-17T23:46:13+00:00","dateModified":"2023-04-09T01:34:39+00:00","description":"Markt-XXL Glen Appin Babyhausschuhe mit rutschfester Sohle, f\u00fcr Babys von 6 bis 12 Monaten, Braun","breadcrumb":{"@id":"https:\/\/marktxxl.de\/markt\/produkt\/glen-appin-suesse-braune-schottische-highland-kuh-kleinkind-baby-hausschuhe-stiefel-mit-anti-rutsch-sohlen-babygroessen\/#breadcrumb"},"inLanguage":"de","potentialAction":[{"@type":"ReadAction","target":["https:\/\/marktxxl.de\/markt\/produkt\/glen-appin-suesse-braune-schottische-highland-kuh-kleinkind-baby-hausschuhe-stiefel-mit-anti-rutsch-sohlen-babygroessen\/"]}]},{"@type":"ImageObject","inLanguage":"de","@id":"https:\/\/marktxxl.de\/markt\/produkt\/glen-appin-suesse-braune-schottische-highland-kuh-kleinkind-baby-hausschuhe-stiefel-mit-anti-rutsch-sohlen-babygroessen\/#primaryimage","url":"https:\/\/m.media-amazon.com\/images\/I\/519OaxYFJfL._SL500_.jpg","contentUrl":"https:\/\/m.media-amazon.com\/images\/I\/519OaxYFJfL._SL500_.jpg","width":500,"height":374},{"@type":"BreadcrumbList","@id":"https:\/\/marktxxl.de\/markt\/produkt\/glen-appin-suesse-braune-schottische-highland-kuh-kleinkind-baby-hausschuhe-stiefel-mit-anti-rutsch-sohlen-babygroessen\/#breadcrumb","itemListElement":[{"@type":"ListItem","position":1,"name":"Startseite","item":"https:\/\/marktxxl.de\/markt\/"},{"@type":"ListItem","position":2,"name":"Markt","item":"https:\/\/marktxxl.de\/markt\/"},{"@type":"ListItem","position":3,"name":"Glen Appin Babyhausschuhe mit rutschfester Sohle, f\u00fcr Babys von 6 bis 12 Monaten, Braun"}]},{"@type":"WebSite","@id":"https:\/\/marktxxl.de\/markt\/#website","url":"https:\/\/marktxxl.de\/markt\/","name":"Markt-XXL","description":"Ihr Markt Online","publisher":{"@id":"https:\/\/marktxxl.de\/markt\/#organization"},"potentialAction":[{"@type":"SearchAction","target":{"@type":"EntryPoint","urlTemplate":"https:\/\/marktxxl.de\/markt\/?s={search_term_string}"},"query-input":{"@type":"PropertyValueSpecification","valueRequired":true,"valueName":"search_term_string"}}],"inLanguage":"de"},{"@type":"Organization","@id":"https:\/\/marktxxl.de\/markt\/#organization","name":"Markt-XXL","url":"https:\/\/marktxxl.de\/markt\/","logo":{"@type":"ImageObject","inLanguage":"de","@id":"https:\/\/marktxxl.de\/markt\/#\/schema\/logo\/image\/","url":"https:\/\/marktxxl.de\/markt\/wp-content\/uploads\/sites\/3\/2020\/12\/logo.png","contentUrl":"https:\/\/marktxxl.de\/markt\/wp-content\/uploads\/sites\/3\/2020\/12\/logo.png","width":200,"height":70,"caption":"Markt-XXL"},"image":{"@id":"https:\/\/marktxxl.de\/markt\/#\/schema\/logo\/image\/"}}]}},"_links":{"self":[{"href":"https:\/\/marktxxl.de\/markt\/wp-json\/wp\/v2\/product\/124793","targetHints":{"allow":["GET"]}}],"collection":[{"href":"https:\/\/marktxxl.de\/markt\/wp-json\/wp\/v2\/product"}],"about":[{"href":"https:\/\/marktxxl.de\/markt\/wp-json\/wp\/v2\/types\/product"}],"replies":[{"embeddable":true,"href":"https:\/\/marktxxl.de\/markt\/wp-json\/wp\/v2\/comments?post=124793"}],"wp:featuredmedia":[{"embeddable":true,"href":"https:\/\/marktxxl.de\/markt\/wp-json\/wp\/v2\/media\/124794"}],"wp:attachment":[{"href":"https:\/\/marktxxl.de\/markt\/wp-json\/wp\/v2\/media?parent=124793"}],"wp:term":[{"taxonomy":"product_brand","embeddable":true,"href":"https:\/\/marktxxl.de\/markt\/wp-json\/wp\/v2\/product_brand?post=124793"},{"taxonomy":"product_cat","embeddable":true,"href":"https:\/\/marktxxl.de\/markt\/wp-json\/wp\/v2\/product_cat?post=124793"},{"taxonomy":"product_tag","embeddable":true,"href":"https:\/\/marktxxl.de\/markt\/wp-json\/wp\/v2\/product_tag?post=124793"}],"curies":[{"name":"wp","href":"https:\/\/api.w.org\/{rel}","templated":true}]}}