{"id":124737,"date":"2022-05-15T12:08:21","date_gmt":"2022-05-15T10:08:21","guid":{"rendered":"https:\/\/marktxxl.de\/markt\/produkt\/corolle-9000020080-mon-doudou-corolle-babipouce-bluetentraum-franzoesische-puppe-mit-charme-und-vanilleduft\/"},"modified":"2023-04-09T03:34:37","modified_gmt":"2023-04-09T01:34:37","slug":"corolle-9000020080-mon-doudou-corolle-babipouce-bluetentraum-franzoesische-puppe-mit-charme-und-vanilleduft","status":"publish","type":"product","link":"https:\/\/marktxxl.de\/markt\/produkt\/corolle-9000020080-mon-doudou-corolle-babipouce-bluetentraum-franzoesische-puppe-mit-charme-und-vanilleduft\/","title":{"rendered":"Corolle 9000020080 &#8211; Mon Doudou Babipouce Bl\u00fctentraum, Franz\u00f6sische Puppe mit Charme und Vanilleduft"},"content":{"rendered":"<p>Corolle &#8211; franz\u00f6sische Puppen mit Charme<br \/>\nErste Spielpuppe und Freund: die Kuschelpuppe eignet sich bereits f\u00fcr Kinder ab den ersten Lebensmonaten<br \/>\nDie Weichk\u00f6rperpuppe ist aus sehr weichem Stoff und kann ihren Daumen im Mund behalten<br \/>\nLeicht und weich: aufgrund des geringen Gewichtes ist die Puppe leicht f\u00fcr Kinder zu tragen und ideal zum Kuscheln und Umarmen geeignet<br \/>\nCharakteristischer Vanilleduft: alle Corolle Puppen riechen angenehm zart nach Vanille<br \/>\nMit Namensetikett: in der Puppe ist ein Etikett zum Eintragen von Name und Adresse im Falle eines Verlustes eingen\u00e4ht<br \/>\n<div class=\"main-cross-sell\" data-asin=\"B07MXYQDKT\">\n\n\t<div class=\"WooZone-cross-sell-loader\">\n\t\t<div>\n\t\t\t<div id=\"floatingBarsG\">\n\t\t\t\t<div class=\"blockG\" id=\"rotateG_01\"><\/div>\n\t\t\t\t<div class=\"blockG\" id=\"rotateG_02\"><\/div>\n\t\t\t\t<div class=\"blockG\" id=\"rotateG_03\"><\/div>\n\t\t\t\t<div class=\"blockG\" id=\"rotateG_04\"><\/div>\n\t\t\t\t<div class=\"blockG\" id=\"rotateG_05\"><\/div>\n\t\t\t\t<div class=\"blockG\" id=\"rotateG_06\"><\/div>\n\t\t\t\t<div class=\"blockG\" id=\"rotateG_07\"><\/div>\n\t\t\t\t<div class=\"blockG\" id=\"rotateG_08\"><\/div>\n\t\t\t<\/div>\n\t\t\t<div class=\"WooZone-cross-sell-loader-text\"><\/div>\n\t\t<\/div>\n\t<\/div>\n\n\t\t\n<\/div>\n<div style=\"clear:both;\"><\/div><\/p>\n","protected":false},"excerpt":{"rendered":"<p>Corolle &#8211; franz\u00f6sische Puppen mit Charme<br \/>\nErste Spielpuppe und Freund: die Kuschelpuppe eignet sich bereits f\u00fcr Kinder ab den ersten Lebensmonaten<br \/>\nDie Weichk\u00f6rperpuppe ist aus sehr weichem Stoff und kann ihren Daumen im Mund behalten<\/p>\n","protected":false},"featured_media":124738,"comment_status":"open","ping_status":"closed","template":"","meta":[],"product_brand":[],"product_cat":[21,8879],"product_tag":[],"class_list":{"0":"post-124737","1":"product","2":"type-product","3":"status-publish","4":"has-post-thumbnail","6":"product_cat-baby","7":"product_cat-baby-kleinkindspielzeug-baby","8":"pa_binding-spielzeug","9":"pa_brand-corolle","10":"pa_height-9-5-zoll","11":"pa_languages-gesprochen-franzoesisch","12":"pa_length-7-1-zoll","13":"pa_manufacturer-simba-toys","14":"pa_model-36043","15":"pa_size-28-cm","16":"pa_warranty-2-jahre-herstellergarantie","17":"pa_weight-0-3527396192-pfund","18":"pa_width-7-5-zoll","20":"first","21":"instock","22":"shipping-taxable","23":"purchasable","24":"product-type-simple","25":"customify-col","26":"product-has-gallery"},"yoast_head":"<!-- This site is optimized with the Yoast SEO plugin v27.3 - https:\/\/yoast.com\/product\/yoast-seo-wordpress\/ -->\n<title>Corolle 9000020080 - Mon Doudou Babipouce Bl\u00fctentraum, Franz\u00f6sische Puppe mit Charme und Vanilleduft - Markt-XXL<\/title>\n<meta name=\"description\" content=\"Markt-XXL Corolle 9000020080 - Mon Doudou Babipouce Bl\u00fctentraum, Franz\u00f6sische Puppe mit Charme und Vanilleduft\" \/>\n<meta name=\"robots\" content=\"index, follow, max-snippet:-1, max-image-preview:large, max-video-preview:-1\" \/>\n<link rel=\"canonical\" href=\"https:\/\/marktxxl.de\/markt\/produkt\/corolle-9000020080-mon-doudou-corolle-babipouce-bluetentraum-franzoesische-puppe-mit-charme-und-vanilleduft\/\" \/>\n<meta property=\"og:locale\" content=\"de_DE\" \/>\n<meta property=\"og:type\" content=\"article\" \/>\n<meta property=\"og:title\" content=\"Corolle 9000020080 - Mon Doudou Babipouce Bl\u00fctentraum, Franz\u00f6sische Puppe mit Charme und Vanilleduft - Markt-XXL\" \/>\n<meta property=\"og:description\" content=\"Markt-XXL Corolle 9000020080 - Mon Doudou Babipouce Bl\u00fctentraum, Franz\u00f6sische Puppe mit Charme und Vanilleduft\" \/>\n<meta property=\"og:url\" content=\"https:\/\/marktxxl.de\/markt\/produkt\/corolle-9000020080-mon-doudou-corolle-babipouce-bluetentraum-franzoesische-puppe-mit-charme-und-vanilleduft\/\" \/>\n<meta property=\"og:site_name\" content=\"Markt-XXL\" \/>\n<meta property=\"article:modified_time\" content=\"2023-04-09T01:34:37+00:00\" \/>\n<meta property=\"og:image\" content=\"https:\/\/m.media-amazon.com\/images\/I\/31TA0RCYCqL._SL500_.jpg\" \/>\n\t<meta property=\"og:image:width\" content=\"500\" \/>\n\t<meta property=\"og:image:height\" content=\"500\" \/>\n\t<meta property=\"og:image:type\" content=\"image\/jpeg\" \/>\n<meta name=\"twitter:card\" content=\"summary_large_image\" \/>\n<script type=\"application\/ld+json\" class=\"yoast-schema-graph\">{\"@context\":\"https:\\\/\\\/schema.org\",\"@graph\":[{\"@type\":\"WebPage\",\"@id\":\"https:\\\/\\\/marktxxl.de\\\/markt\\\/produkt\\\/corolle-9000020080-mon-doudou-corolle-babipouce-bluetentraum-franzoesische-puppe-mit-charme-und-vanilleduft\\\/\",\"url\":\"https:\\\/\\\/marktxxl.de\\\/markt\\\/produkt\\\/corolle-9000020080-mon-doudou-corolle-babipouce-bluetentraum-franzoesische-puppe-mit-charme-und-vanilleduft\\\/\",\"name\":\"Corolle 9000020080 - Mon Doudou Babipouce Bl\u00fctentraum, Franz\u00f6sische Puppe mit Charme und Vanilleduft - Markt-XXL\",\"isPartOf\":{\"@id\":\"https:\\\/\\\/marktxxl.de\\\/markt\\\/#website\"},\"primaryImageOfPage\":{\"@id\":\"https:\\\/\\\/marktxxl.de\\\/markt\\\/produkt\\\/corolle-9000020080-mon-doudou-corolle-babipouce-bluetentraum-franzoesische-puppe-mit-charme-und-vanilleduft\\\/#primaryimage\"},\"image\":{\"@id\":\"https:\\\/\\\/marktxxl.de\\\/markt\\\/produkt\\\/corolle-9000020080-mon-doudou-corolle-babipouce-bluetentraum-franzoesische-puppe-mit-charme-und-vanilleduft\\\/#primaryimage\"},\"thumbnailUrl\":\"https:\\\/\\\/m.media-amazon.com\\\/images\\\/I\\\/31TA0RCYCqL._SL500_.jpg\",\"datePublished\":\"2022-05-15T10:08:21+00:00\",\"dateModified\":\"2023-04-09T01:34:37+00:00\",\"description\":\"Markt-XXL Corolle 9000020080 - Mon Doudou Babipouce Bl\u00fctentraum, Franz\u00f6sische Puppe mit Charme und Vanilleduft\",\"breadcrumb\":{\"@id\":\"https:\\\/\\\/marktxxl.de\\\/markt\\\/produkt\\\/corolle-9000020080-mon-doudou-corolle-babipouce-bluetentraum-franzoesische-puppe-mit-charme-und-vanilleduft\\\/#breadcrumb\"},\"inLanguage\":\"de\",\"potentialAction\":[{\"@type\":\"ReadAction\",\"target\":[\"https:\\\/\\\/marktxxl.de\\\/markt\\\/produkt\\\/corolle-9000020080-mon-doudou-corolle-babipouce-bluetentraum-franzoesische-puppe-mit-charme-und-vanilleduft\\\/\"]}]},{\"@type\":\"ImageObject\",\"inLanguage\":\"de\",\"@id\":\"https:\\\/\\\/marktxxl.de\\\/markt\\\/produkt\\\/corolle-9000020080-mon-doudou-corolle-babipouce-bluetentraum-franzoesische-puppe-mit-charme-und-vanilleduft\\\/#primaryimage\",\"url\":\"https:\\\/\\\/m.media-amazon.com\\\/images\\\/I\\\/31TA0RCYCqL._SL500_.jpg\",\"contentUrl\":\"https:\\\/\\\/m.media-amazon.com\\\/images\\\/I\\\/31TA0RCYCqL._SL500_.jpg\",\"width\":500,\"height\":500},{\"@type\":\"BreadcrumbList\",\"@id\":\"https:\\\/\\\/marktxxl.de\\\/markt\\\/produkt\\\/corolle-9000020080-mon-doudou-corolle-babipouce-bluetentraum-franzoesische-puppe-mit-charme-und-vanilleduft\\\/#breadcrumb\",\"itemListElement\":[{\"@type\":\"ListItem\",\"position\":1,\"name\":\"Startseite\",\"item\":\"https:\\\/\\\/marktxxl.de\\\/markt\\\/\"},{\"@type\":\"ListItem\",\"position\":2,\"name\":\"Markt\",\"item\":\"https:\\\/\\\/marktxxl.de\\\/markt\\\/\"},{\"@type\":\"ListItem\",\"position\":3,\"name\":\"Corolle 9000020080 &#8211; Mon Doudou Babipouce Bl\u00fctentraum, Franz\u00f6sische Puppe mit Charme und Vanilleduft\"}]},{\"@type\":\"WebSite\",\"@id\":\"https:\\\/\\\/marktxxl.de\\\/markt\\\/#website\",\"url\":\"https:\\\/\\\/marktxxl.de\\\/markt\\\/\",\"name\":\"Markt-XXL\",\"description\":\"Ihr Markt Online\",\"publisher\":{\"@id\":\"https:\\\/\\\/marktxxl.de\\\/markt\\\/#organization\"},\"potentialAction\":[{\"@type\":\"SearchAction\",\"target\":{\"@type\":\"EntryPoint\",\"urlTemplate\":\"https:\\\/\\\/marktxxl.de\\\/markt\\\/?s={search_term_string}\"},\"query-input\":{\"@type\":\"PropertyValueSpecification\",\"valueRequired\":true,\"valueName\":\"search_term_string\"}}],\"inLanguage\":\"de\"},{\"@type\":\"Organization\",\"@id\":\"https:\\\/\\\/marktxxl.de\\\/markt\\\/#organization\",\"name\":\"Markt-XXL\",\"url\":\"https:\\\/\\\/marktxxl.de\\\/markt\\\/\",\"logo\":{\"@type\":\"ImageObject\",\"inLanguage\":\"de\",\"@id\":\"https:\\\/\\\/marktxxl.de\\\/markt\\\/#\\\/schema\\\/logo\\\/image\\\/\",\"url\":\"https:\\\/\\\/marktxxl.de\\\/markt\\\/wp-content\\\/uploads\\\/sites\\\/3\\\/2020\\\/12\\\/logo.png\",\"contentUrl\":\"https:\\\/\\\/marktxxl.de\\\/markt\\\/wp-content\\\/uploads\\\/sites\\\/3\\\/2020\\\/12\\\/logo.png\",\"width\":200,\"height\":70,\"caption\":\"Markt-XXL\"},\"image\":{\"@id\":\"https:\\\/\\\/marktxxl.de\\\/markt\\\/#\\\/schema\\\/logo\\\/image\\\/\"}}]}<\/script>\n<!-- \/ Yoast SEO plugin. -->","yoast_head_json":{"title":"Corolle 9000020080 - Mon Doudou Babipouce Bl\u00fctentraum, Franz\u00f6sische Puppe mit Charme und Vanilleduft - Markt-XXL","description":"Markt-XXL Corolle 9000020080 - Mon Doudou Babipouce Bl\u00fctentraum, Franz\u00f6sische Puppe mit Charme und Vanilleduft","robots":{"index":"index","follow":"follow","max-snippet":"max-snippet:-1","max-image-preview":"max-image-preview:large","max-video-preview":"max-video-preview:-1"},"canonical":"https:\/\/marktxxl.de\/markt\/produkt\/corolle-9000020080-mon-doudou-corolle-babipouce-bluetentraum-franzoesische-puppe-mit-charme-und-vanilleduft\/","og_locale":"de_DE","og_type":"article","og_title":"Corolle 9000020080 - Mon Doudou Babipouce Bl\u00fctentraum, Franz\u00f6sische Puppe mit Charme und Vanilleduft - Markt-XXL","og_description":"Markt-XXL Corolle 9000020080 - Mon Doudou Babipouce Bl\u00fctentraum, Franz\u00f6sische Puppe mit Charme und Vanilleduft","og_url":"https:\/\/marktxxl.de\/markt\/produkt\/corolle-9000020080-mon-doudou-corolle-babipouce-bluetentraum-franzoesische-puppe-mit-charme-und-vanilleduft\/","og_site_name":"Markt-XXL","article_modified_time":"2023-04-09T01:34:37+00:00","og_image":[{"width":500,"height":500,"url":"https:\/\/m.media-amazon.com\/images\/I\/31TA0RCYCqL._SL500_.jpg","type":"image\/jpeg"}],"twitter_card":"summary_large_image","schema":{"@context":"https:\/\/schema.org","@graph":[{"@type":"WebPage","@id":"https:\/\/marktxxl.de\/markt\/produkt\/corolle-9000020080-mon-doudou-corolle-babipouce-bluetentraum-franzoesische-puppe-mit-charme-und-vanilleduft\/","url":"https:\/\/marktxxl.de\/markt\/produkt\/corolle-9000020080-mon-doudou-corolle-babipouce-bluetentraum-franzoesische-puppe-mit-charme-und-vanilleduft\/","name":"Corolle 9000020080 - Mon Doudou Babipouce Bl\u00fctentraum, Franz\u00f6sische Puppe mit Charme und Vanilleduft - Markt-XXL","isPartOf":{"@id":"https:\/\/marktxxl.de\/markt\/#website"},"primaryImageOfPage":{"@id":"https:\/\/marktxxl.de\/markt\/produkt\/corolle-9000020080-mon-doudou-corolle-babipouce-bluetentraum-franzoesische-puppe-mit-charme-und-vanilleduft\/#primaryimage"},"image":{"@id":"https:\/\/marktxxl.de\/markt\/produkt\/corolle-9000020080-mon-doudou-corolle-babipouce-bluetentraum-franzoesische-puppe-mit-charme-und-vanilleduft\/#primaryimage"},"thumbnailUrl":"https:\/\/m.media-amazon.com\/images\/I\/31TA0RCYCqL._SL500_.jpg","datePublished":"2022-05-15T10:08:21+00:00","dateModified":"2023-04-09T01:34:37+00:00","description":"Markt-XXL Corolle 9000020080 - Mon Doudou Babipouce Bl\u00fctentraum, Franz\u00f6sische Puppe mit Charme und Vanilleduft","breadcrumb":{"@id":"https:\/\/marktxxl.de\/markt\/produkt\/corolle-9000020080-mon-doudou-corolle-babipouce-bluetentraum-franzoesische-puppe-mit-charme-und-vanilleduft\/#breadcrumb"},"inLanguage":"de","potentialAction":[{"@type":"ReadAction","target":["https:\/\/marktxxl.de\/markt\/produkt\/corolle-9000020080-mon-doudou-corolle-babipouce-bluetentraum-franzoesische-puppe-mit-charme-und-vanilleduft\/"]}]},{"@type":"ImageObject","inLanguage":"de","@id":"https:\/\/marktxxl.de\/markt\/produkt\/corolle-9000020080-mon-doudou-corolle-babipouce-bluetentraum-franzoesische-puppe-mit-charme-und-vanilleduft\/#primaryimage","url":"https:\/\/m.media-amazon.com\/images\/I\/31TA0RCYCqL._SL500_.jpg","contentUrl":"https:\/\/m.media-amazon.com\/images\/I\/31TA0RCYCqL._SL500_.jpg","width":500,"height":500},{"@type":"BreadcrumbList","@id":"https:\/\/marktxxl.de\/markt\/produkt\/corolle-9000020080-mon-doudou-corolle-babipouce-bluetentraum-franzoesische-puppe-mit-charme-und-vanilleduft\/#breadcrumb","itemListElement":[{"@type":"ListItem","position":1,"name":"Startseite","item":"https:\/\/marktxxl.de\/markt\/"},{"@type":"ListItem","position":2,"name":"Markt","item":"https:\/\/marktxxl.de\/markt\/"},{"@type":"ListItem","position":3,"name":"Corolle 9000020080 &#8211; Mon Doudou Babipouce Bl\u00fctentraum, Franz\u00f6sische Puppe mit Charme und Vanilleduft"}]},{"@type":"WebSite","@id":"https:\/\/marktxxl.de\/markt\/#website","url":"https:\/\/marktxxl.de\/markt\/","name":"Markt-XXL","description":"Ihr Markt Online","publisher":{"@id":"https:\/\/marktxxl.de\/markt\/#organization"},"potentialAction":[{"@type":"SearchAction","target":{"@type":"EntryPoint","urlTemplate":"https:\/\/marktxxl.de\/markt\/?s={search_term_string}"},"query-input":{"@type":"PropertyValueSpecification","valueRequired":true,"valueName":"search_term_string"}}],"inLanguage":"de"},{"@type":"Organization","@id":"https:\/\/marktxxl.de\/markt\/#organization","name":"Markt-XXL","url":"https:\/\/marktxxl.de\/markt\/","logo":{"@type":"ImageObject","inLanguage":"de","@id":"https:\/\/marktxxl.de\/markt\/#\/schema\/logo\/image\/","url":"https:\/\/marktxxl.de\/markt\/wp-content\/uploads\/sites\/3\/2020\/12\/logo.png","contentUrl":"https:\/\/marktxxl.de\/markt\/wp-content\/uploads\/sites\/3\/2020\/12\/logo.png","width":200,"height":70,"caption":"Markt-XXL"},"image":{"@id":"https:\/\/marktxxl.de\/markt\/#\/schema\/logo\/image\/"}}]}},"_links":{"self":[{"href":"https:\/\/marktxxl.de\/markt\/wp-json\/wp\/v2\/product\/124737","targetHints":{"allow":["GET"]}}],"collection":[{"href":"https:\/\/marktxxl.de\/markt\/wp-json\/wp\/v2\/product"}],"about":[{"href":"https:\/\/marktxxl.de\/markt\/wp-json\/wp\/v2\/types\/product"}],"replies":[{"embeddable":true,"href":"https:\/\/marktxxl.de\/markt\/wp-json\/wp\/v2\/comments?post=124737"}],"wp:featuredmedia":[{"embeddable":true,"href":"https:\/\/marktxxl.de\/markt\/wp-json\/wp\/v2\/media\/124738"}],"wp:attachment":[{"href":"https:\/\/marktxxl.de\/markt\/wp-json\/wp\/v2\/media?parent=124737"}],"wp:term":[{"taxonomy":"product_brand","embeddable":true,"href":"https:\/\/marktxxl.de\/markt\/wp-json\/wp\/v2\/product_brand?post=124737"},{"taxonomy":"product_cat","embeddable":true,"href":"https:\/\/marktxxl.de\/markt\/wp-json\/wp\/v2\/product_cat?post=124737"},{"taxonomy":"product_tag","embeddable":true,"href":"https:\/\/marktxxl.de\/markt\/wp-json\/wp\/v2\/product_tag?post=124737"}],"curies":[{"name":"wp","href":"https:\/\/api.w.org\/{rel}","templated":true}]}}