{"id":124694,"date":"2022-05-15T12:07:56","date_gmt":"2022-05-15T10:07:56","guid":{"rendered":"https:\/\/marktxxl.de\/markt\/produkt\/externes-cd-dvd-laufwerk-usb-3-0-tragbarer-cd-dvd-rw-rom-brenner-drive-mit-sd-tf-usb-slots-usb-c-slim-optical-dvd-player-fuer-laptop-mac-macbook-air-pro-apple-imac-pc-windows-11-10-linux\/"},"modified":"2023-04-09T03:34:37","modified_gmt":"2023-04-09T01:34:37","slug":"externes-cd-dvd-laufwerk-usb-3-0-tragbarer-cd-dvd-rw-rom-brenner-drive-mit-sd-tf-usb-slots-usb-c-slim-optical-dvd-player-fuer-laptop-mac-macbook-air-pro-apple-imac-pc-windows-11-10-linux","status":"publish","type":"product","link":"https:\/\/marktxxl.de\/markt\/produkt\/externes-cd-dvd-laufwerk-usb-3-0-tragbarer-cd-dvd-rw-rom-brenner-drive-mit-sd-tf-usb-slots-usb-c-slim-optical-dvd-player-fuer-laptop-mac-macbook-air-pro-apple-imac-pc-windows-11-10-linux\/","title":{"rendered":"BUNUD Externes CD DVD Laufwerk USB 3.0 Type-C CD\/DVD Laufwerk Brenner mit SD\/TF &amp; 2 USB Slots, Optical DVD Drive CD DVD\u2026"},"content":{"rendered":"<p>\u30105 in 1 externes DVD Laufwerk\u3011Das externes CD DVD Laufwerk verf\u00fcgt \u00fcber eine USB 3.0 und Typ-C-Dual-Schnittstelle,einen unabh\u00e4ngigen SD\/TF-Kartensteckplatz, 2 USB 3.0-Anschl\u00fcsse und Micro-Anschl\u00fcsse. USB 3.0 High Speed Schnittstelle, bringt Ihnen schnellere Daten\u00fcbertragungsgeschwindigkeit (bis zu einem Maximum von 5 Gbps). DVD Laufwerk zus\u00e4tzliche 2 USB-Anschl\u00fcsse k\u00f6nnen zum Anschlie\u00dfen der U-Disk, zum Aufladen Ihres Telefons oder anderer elektronischer Ger\u00e4te verwendet werden.<br \/>\n\u3010Breite Kompatibilit\u00e4t\u3011Die Externe CD- &amp; DVD-Laufwerke der verschiedene Ger\u00e4te unterst\u00fctzen kann sind f\u00fcr Ideal f\u00fcr verschiedene Ger\u00e4te, Windows XP\/2003\/Vista\/7\/8.1\/10\/11, Linux, alle Versionen Mac OS System, Laptop, Notebook, PC, Desktop Computer. Au\u00dferdem muss dieses USB C DVD Laufwerk f\u00fcr die Desktops an den USB-Anschluss auf der R\u00fcckseite des Computerhosts angeschlossen werden, da es sonst zu einer unzureichenden Stromversorgung f\u00fchrt.<br \/>\n\u3010Plug and Play\u3011Dieses externes DVD Laufwerk wird \u00fcber einen USB 3.0- und Typ-C-Anschluss mit Strom versorgt und ist f\u00fcr Desktops, Computer, Laptops und PCs mit USB-C \/ Typ-C-Schnittstelle geeignet. Keine Notwendigkeit, ein Fahrprogramm zu installieren, einfach Plug-and-Play. Dann wird das cd laufwerk innerhalb von Sekunden automatisch erkannt. Das externer dvd brenner deckt alle Ihre Brenn- und Wiedergabeanforderungen.<br \/>\n\u3010Unterst\u00fctzung Formate\u3011Externes DVD laufwerk unterst\u00fctzt DVD-ROM, DVD-R, DVD+R, DVD-RW, DVD+RW, CD-RW, CD-ROM, CD-R, CD+R(W), VCD, SVCD. Max DVD-ROM-Laufwerk Lesegeschwindigkeit 8X; Max CD-ROM-Laufwerk Brenngeschwindigkeit 24 X und DVD-Laufwerk Lesegeschwindigkeit 8X; Max CD-Laufwerk Lesegeschwindigkeit 24 X. PS: SD-Anschluss und TF-Steckplatz d\u00fcrfen nicht gleichzeitig verwendet werden. BLU-RAY, 3D, 4K, 2K von DVD sind nicht zu lesen!<br \/>\n\u3010Modisches und tragbares Design\u3011 Externe CD Laufwerk \/ DVD Brenner \/ CD DVD Player f\u00fcr pc aus aluminiumlegierunghat ein schlankes, leichtes und sto\u00dffestes Design. Einfaches Erscheinungsbild design l\u00e4sst Ihr extern optisches Laufwerk stilvoller und exquisiter aussehen.Das Datenkabel ist im DVD laufwerk verborgen. Sie k\u00f6nnen dieses externe CD DVD Laufwerke in die Reisetasche oder auf Ihren Schreibtisch legen.<br \/>\n\u3010100% Garantieservice\u3011BUNUD bietet 100% Garantieservice, 60 Tage volle R\u00fcckerstattung und 1 Jahr Qualit\u00e4tsgarantie. Bei Fragen zu diesem externe DVD laufwerk k\u00f6nnen Sie uns gerne unter homeyuanservice@outlook.com kontaktieren. Wir werden Ihr Problem innerhalb von 24 Stunden l\u00f6sen. Wenn bei der Verwendung des Produkts ein Produktqualit\u00e4tsproblem (nicht menschliche Zerst\u00f6rung) auftritt, bieten wir einen kostenlosen schnellen Ersatz an.<br \/>\n<div class=\"main-cross-sell\" data-asin=\"B09X97NMZB\">\n\n\t<div class=\"WooZone-cross-sell-loader\">\n\t\t<div>\n\t\t\t<div id=\"floatingBarsG\">\n\t\t\t\t<div class=\"blockG\" id=\"rotateG_01\"><\/div>\n\t\t\t\t<div class=\"blockG\" id=\"rotateG_02\"><\/div>\n\t\t\t\t<div class=\"blockG\" id=\"rotateG_03\"><\/div>\n\t\t\t\t<div class=\"blockG\" id=\"rotateG_04\"><\/div>\n\t\t\t\t<div class=\"blockG\" id=\"rotateG_05\"><\/div>\n\t\t\t\t<div class=\"blockG\" id=\"rotateG_06\"><\/div>\n\t\t\t\t<div class=\"blockG\" id=\"rotateG_07\"><\/div>\n\t\t\t\t<div class=\"blockG\" id=\"rotateG_08\"><\/div>\n\t\t\t<\/div>\n\t\t\t<div class=\"WooZone-cross-sell-loader-text\"><\/div>\n\t\t<\/div>\n\t<\/div>\n\n\t\t\n<\/div>\n<div style=\"clear:both;\"><\/div><\/p>\n","protected":false},"excerpt":{"rendered":"<p>\u30105 in 1 externes DVD Laufwerk\u3011Das externes CD DVD Laufwerk verf\u00fcgt \u00fcber eine USB 3.0 und Typ-C-Dual-Schnittstelle,einen unabh\u00e4ngigen SD\/TF-Kartensteckplatz, 2 USB 3.0-Anschl\u00fcsse und Micro-Anschl\u00fcsse. USB 3.0 High Speed Schnittstelle, bringt Ihnen schnellere Daten\u00fcbertragungsgeschwindigkeit (bis zu einem Maximum von 5 Gbps). DVD Laufwerk zus\u00e4tzliche 2 USB-Anschl\u00fcsse k\u00f6nnen zum Anschlie\u00dfen der U-Disk, zum Aufladen Ihres Telefons oder anderer elektronischer Ger\u00e4te verwendet werden.<br \/>\n\u3010Breite Kompatibilit\u00e4t\u3011Die Externe CD- &amp; DVD-Laufwerke der verschiedene Ger\u00e4te unterst\u00fctzen kann sind f\u00fcr Ideal f\u00fcr verschiedene Ger\u00e4te, Windows XP\/2003\/Vista\/7\/8.1\/10\/11, Linux, alle Versionen Mac OS System, Laptop, Notebook, PC, Desktop Computer. Au\u00dferdem muss dieses USB C DVD Laufwerk f\u00fcr die Desktops an den USB-Anschluss auf der R\u00fcckseite des Computerhosts angeschlossen werden, da es sonst zu einer unzureichenden Stromversorgung f\u00fchrt.<br \/>\n\u3010Plug and Play\u3011Dieses externes DVD Laufwerk wird \u00fcber einen USB 3.0- und Typ-C-Anschluss mit Strom versorgt und ist f\u00fcr Desktops, Computer, Laptops und PCs mit USB-C \/ Typ-C-Schnittstelle geeignet. Keine Notwendigkeit, ein Fahrprogramm zu installieren, einfach Plug-and-Play. Dann wird das cd laufwerk innerhalb von Sekunden automatisch erkannt. Das externer dvd brenner deckt alle Ihre Brenn- und Wiedergabeanforderungen.<\/p>\n","protected":false},"featured_media":124695,"comment_status":"open","ping_status":"closed","template":"","meta":[],"product_brand":[],"product_cat":[863],"product_tag":[],"class_list":{"0":"post-124694","1":"product","2":"type-product","3":"status-publish","4":"has-post-thumbnail","6":"product_cat-computer-zubehoer","7":"pa_brand-bunud","8":"pa_color-gray","9":"pa_manufacturer-homeyuan","10":"pa_size-5-in-1","12":"first","13":"instock","14":"shipping-taxable","15":"purchasable","16":"product-type-simple","17":"customify-col","18":"product-has-gallery"},"yoast_head":"<!-- This site is optimized with the Yoast SEO plugin v27.4 - https:\/\/yoast.com\/product\/yoast-seo-wordpress\/ -->\n<title>BUNUD Externes CD DVD Laufwerk USB 3.0 Type-C CD\/DVD Laufwerk Brenner mit SD\/TF &amp; 2 USB Slots, Optical DVD Drive CD DVD\u2026 - Markt-XXL<\/title>\n<meta name=\"description\" content=\"Markt-XXL BUNUD Externes CD DVD Laufwerk USB 3.0 Type-C CD\/DVD Laufwerk Brenner mit SD\/TF &amp; 2 USB Slots, Optical DVD Drive CD DVD\u2026\" \/>\n<meta name=\"robots\" content=\"index, follow, max-snippet:-1, max-image-preview:large, max-video-preview:-1\" \/>\n<link rel=\"canonical\" href=\"https:\/\/marktxxl.de\/markt\/produkt\/externes-cd-dvd-laufwerk-usb-3-0-tragbarer-cd-dvd-rw-rom-brenner-drive-mit-sd-tf-usb-slots-usb-c-slim-optical-dvd-player-fuer-laptop-mac-macbook-air-pro-apple-imac-pc-windows-11-10-linux\/\" \/>\n<meta property=\"og:locale\" content=\"de_DE\" \/>\n<meta property=\"og:type\" content=\"article\" \/>\n<meta property=\"og:title\" content=\"BUNUD Externes CD DVD Laufwerk USB 3.0 Type-C CD\/DVD Laufwerk Brenner mit SD\/TF &amp; 2 USB Slots, Optical DVD Drive CD DVD\u2026 - Markt-XXL\" \/>\n<meta property=\"og:description\" content=\"Markt-XXL BUNUD Externes CD DVD Laufwerk USB 3.0 Type-C CD\/DVD Laufwerk Brenner mit SD\/TF &amp; 2 USB Slots, Optical DVD Drive CD DVD\u2026\" \/>\n<meta property=\"og:url\" content=\"https:\/\/marktxxl.de\/markt\/produkt\/externes-cd-dvd-laufwerk-usb-3-0-tragbarer-cd-dvd-rw-rom-brenner-drive-mit-sd-tf-usb-slots-usb-c-slim-optical-dvd-player-fuer-laptop-mac-macbook-air-pro-apple-imac-pc-windows-11-10-linux\/\" \/>\n<meta property=\"og:site_name\" content=\"Markt-XXL\" \/>\n<meta property=\"article:modified_time\" content=\"2023-04-09T01:34:37+00:00\" \/>\n<meta property=\"og:image\" content=\"https:\/\/m.media-amazon.com\/images\/I\/41jpiiKbJhL._SL500_.jpg\" \/>\n\t<meta property=\"og:image:width\" content=\"500\" \/>\n\t<meta property=\"og:image:height\" content=\"500\" \/>\n\t<meta property=\"og:image:type\" content=\"image\/jpeg\" \/>\n<meta name=\"twitter:card\" content=\"summary_large_image\" \/>\n<meta name=\"twitter:label1\" content=\"Gesch\u00e4tzte Lesezeit\" \/>\n\t<meta name=\"twitter:data1\" content=\"2\u00a0Minuten\" \/>\n<script type=\"application\/ld+json\" class=\"yoast-schema-graph\">{\"@context\":\"https:\\\/\\\/schema.org\",\"@graph\":[{\"@type\":\"WebPage\",\"@id\":\"https:\\\/\\\/marktxxl.de\\\/markt\\\/produkt\\\/externes-cd-dvd-laufwerk-usb-3-0-tragbarer-cd-dvd-rw-rom-brenner-drive-mit-sd-tf-usb-slots-usb-c-slim-optical-dvd-player-fuer-laptop-mac-macbook-air-pro-apple-imac-pc-windows-11-10-linux\\\/\",\"url\":\"https:\\\/\\\/marktxxl.de\\\/markt\\\/produkt\\\/externes-cd-dvd-laufwerk-usb-3-0-tragbarer-cd-dvd-rw-rom-brenner-drive-mit-sd-tf-usb-slots-usb-c-slim-optical-dvd-player-fuer-laptop-mac-macbook-air-pro-apple-imac-pc-windows-11-10-linux\\\/\",\"name\":\"BUNUD Externes CD DVD Laufwerk USB 3.0 Type-C CD\\\/DVD Laufwerk Brenner mit SD\\\/TF &amp; 2 USB Slots, Optical DVD Drive CD DVD\u2026 - Markt-XXL\",\"isPartOf\":{\"@id\":\"https:\\\/\\\/marktxxl.de\\\/markt\\\/#website\"},\"primaryImageOfPage\":{\"@id\":\"https:\\\/\\\/marktxxl.de\\\/markt\\\/produkt\\\/externes-cd-dvd-laufwerk-usb-3-0-tragbarer-cd-dvd-rw-rom-brenner-drive-mit-sd-tf-usb-slots-usb-c-slim-optical-dvd-player-fuer-laptop-mac-macbook-air-pro-apple-imac-pc-windows-11-10-linux\\\/#primaryimage\"},\"image\":{\"@id\":\"https:\\\/\\\/marktxxl.de\\\/markt\\\/produkt\\\/externes-cd-dvd-laufwerk-usb-3-0-tragbarer-cd-dvd-rw-rom-brenner-drive-mit-sd-tf-usb-slots-usb-c-slim-optical-dvd-player-fuer-laptop-mac-macbook-air-pro-apple-imac-pc-windows-11-10-linux\\\/#primaryimage\"},\"thumbnailUrl\":\"https:\\\/\\\/m.media-amazon.com\\\/images\\\/I\\\/41jpiiKbJhL._SL500_.jpg\",\"datePublished\":\"2022-05-15T10:07:56+00:00\",\"dateModified\":\"2023-04-09T01:34:37+00:00\",\"description\":\"Markt-XXL BUNUD Externes CD DVD Laufwerk USB 3.0 Type-C CD\\\/DVD Laufwerk Brenner mit SD\\\/TF &amp; 2 USB Slots, Optical DVD Drive CD DVD\u2026\",\"breadcrumb\":{\"@id\":\"https:\\\/\\\/marktxxl.de\\\/markt\\\/produkt\\\/externes-cd-dvd-laufwerk-usb-3-0-tragbarer-cd-dvd-rw-rom-brenner-drive-mit-sd-tf-usb-slots-usb-c-slim-optical-dvd-player-fuer-laptop-mac-macbook-air-pro-apple-imac-pc-windows-11-10-linux\\\/#breadcrumb\"},\"inLanguage\":\"de\",\"potentialAction\":[{\"@type\":\"ReadAction\",\"target\":[\"https:\\\/\\\/marktxxl.de\\\/markt\\\/produkt\\\/externes-cd-dvd-laufwerk-usb-3-0-tragbarer-cd-dvd-rw-rom-brenner-drive-mit-sd-tf-usb-slots-usb-c-slim-optical-dvd-player-fuer-laptop-mac-macbook-air-pro-apple-imac-pc-windows-11-10-linux\\\/\"]}]},{\"@type\":\"ImageObject\",\"inLanguage\":\"de\",\"@id\":\"https:\\\/\\\/marktxxl.de\\\/markt\\\/produkt\\\/externes-cd-dvd-laufwerk-usb-3-0-tragbarer-cd-dvd-rw-rom-brenner-drive-mit-sd-tf-usb-slots-usb-c-slim-optical-dvd-player-fuer-laptop-mac-macbook-air-pro-apple-imac-pc-windows-11-10-linux\\\/#primaryimage\",\"url\":\"https:\\\/\\\/m.media-amazon.com\\\/images\\\/I\\\/41jpiiKbJhL._SL500_.jpg\",\"contentUrl\":\"https:\\\/\\\/m.media-amazon.com\\\/images\\\/I\\\/41jpiiKbJhL._SL500_.jpg\",\"width\":500,\"height\":500},{\"@type\":\"BreadcrumbList\",\"@id\":\"https:\\\/\\\/marktxxl.de\\\/markt\\\/produkt\\\/externes-cd-dvd-laufwerk-usb-3-0-tragbarer-cd-dvd-rw-rom-brenner-drive-mit-sd-tf-usb-slots-usb-c-slim-optical-dvd-player-fuer-laptop-mac-macbook-air-pro-apple-imac-pc-windows-11-10-linux\\\/#breadcrumb\",\"itemListElement\":[{\"@type\":\"ListItem\",\"position\":1,\"name\":\"Startseite\",\"item\":\"https:\\\/\\\/marktxxl.de\\\/markt\\\/\"},{\"@type\":\"ListItem\",\"position\":2,\"name\":\"Markt\",\"item\":\"https:\\\/\\\/marktxxl.de\\\/markt\\\/\"},{\"@type\":\"ListItem\",\"position\":3,\"name\":\"BUNUD Externes CD DVD Laufwerk USB 3.0 Type-C CD\\\/DVD Laufwerk Brenner mit SD\\\/TF &amp; 2 USB Slots, Optical DVD Drive CD DVD\u2026\"}]},{\"@type\":\"WebSite\",\"@id\":\"https:\\\/\\\/marktxxl.de\\\/markt\\\/#website\",\"url\":\"https:\\\/\\\/marktxxl.de\\\/markt\\\/\",\"name\":\"Markt-XXL\",\"description\":\"Ihr Markt Online\",\"publisher\":{\"@id\":\"https:\\\/\\\/marktxxl.de\\\/markt\\\/#organization\"},\"potentialAction\":[{\"@type\":\"SearchAction\",\"target\":{\"@type\":\"EntryPoint\",\"urlTemplate\":\"https:\\\/\\\/marktxxl.de\\\/markt\\\/?s={search_term_string}\"},\"query-input\":{\"@type\":\"PropertyValueSpecification\",\"valueRequired\":true,\"valueName\":\"search_term_string\"}}],\"inLanguage\":\"de\"},{\"@type\":\"Organization\",\"@id\":\"https:\\\/\\\/marktxxl.de\\\/markt\\\/#organization\",\"name\":\"Markt-XXL\",\"url\":\"https:\\\/\\\/marktxxl.de\\\/markt\\\/\",\"logo\":{\"@type\":\"ImageObject\",\"inLanguage\":\"de\",\"@id\":\"https:\\\/\\\/marktxxl.de\\\/markt\\\/#\\\/schema\\\/logo\\\/image\\\/\",\"url\":\"https:\\\/\\\/marktxxl.de\\\/markt\\\/wp-content\\\/uploads\\\/sites\\\/3\\\/2020\\\/12\\\/logo.png\",\"contentUrl\":\"https:\\\/\\\/marktxxl.de\\\/markt\\\/wp-content\\\/uploads\\\/sites\\\/3\\\/2020\\\/12\\\/logo.png\",\"width\":200,\"height\":70,\"caption\":\"Markt-XXL\"},\"image\":{\"@id\":\"https:\\\/\\\/marktxxl.de\\\/markt\\\/#\\\/schema\\\/logo\\\/image\\\/\"}}]}<\/script>\n<!-- \/ Yoast SEO plugin. -->","yoast_head_json":{"title":"BUNUD Externes CD DVD Laufwerk USB 3.0 Type-C CD\/DVD Laufwerk Brenner mit SD\/TF &amp; 2 USB Slots, Optical DVD Drive CD DVD\u2026 - Markt-XXL","description":"Markt-XXL BUNUD Externes CD DVD Laufwerk USB 3.0 Type-C CD\/DVD Laufwerk Brenner mit SD\/TF &amp; 2 USB Slots, Optical DVD Drive CD DVD\u2026","robots":{"index":"index","follow":"follow","max-snippet":"max-snippet:-1","max-image-preview":"max-image-preview:large","max-video-preview":"max-video-preview:-1"},"canonical":"https:\/\/marktxxl.de\/markt\/produkt\/externes-cd-dvd-laufwerk-usb-3-0-tragbarer-cd-dvd-rw-rom-brenner-drive-mit-sd-tf-usb-slots-usb-c-slim-optical-dvd-player-fuer-laptop-mac-macbook-air-pro-apple-imac-pc-windows-11-10-linux\/","og_locale":"de_DE","og_type":"article","og_title":"BUNUD Externes CD DVD Laufwerk USB 3.0 Type-C CD\/DVD Laufwerk Brenner mit SD\/TF &amp; 2 USB Slots, Optical DVD Drive CD DVD\u2026 - Markt-XXL","og_description":"Markt-XXL BUNUD Externes CD DVD Laufwerk USB 3.0 Type-C CD\/DVD Laufwerk Brenner mit SD\/TF &amp; 2 USB Slots, Optical DVD Drive CD DVD\u2026","og_url":"https:\/\/marktxxl.de\/markt\/produkt\/externes-cd-dvd-laufwerk-usb-3-0-tragbarer-cd-dvd-rw-rom-brenner-drive-mit-sd-tf-usb-slots-usb-c-slim-optical-dvd-player-fuer-laptop-mac-macbook-air-pro-apple-imac-pc-windows-11-10-linux\/","og_site_name":"Markt-XXL","article_modified_time":"2023-04-09T01:34:37+00:00","og_image":[{"width":500,"height":500,"url":"https:\/\/m.media-amazon.com\/images\/I\/41jpiiKbJhL._SL500_.jpg","type":"image\/jpeg"}],"twitter_card":"summary_large_image","twitter_misc":{"Gesch\u00e4tzte Lesezeit":"2\u00a0Minuten"},"schema":{"@context":"https:\/\/schema.org","@graph":[{"@type":"WebPage","@id":"https:\/\/marktxxl.de\/markt\/produkt\/externes-cd-dvd-laufwerk-usb-3-0-tragbarer-cd-dvd-rw-rom-brenner-drive-mit-sd-tf-usb-slots-usb-c-slim-optical-dvd-player-fuer-laptop-mac-macbook-air-pro-apple-imac-pc-windows-11-10-linux\/","url":"https:\/\/marktxxl.de\/markt\/produkt\/externes-cd-dvd-laufwerk-usb-3-0-tragbarer-cd-dvd-rw-rom-brenner-drive-mit-sd-tf-usb-slots-usb-c-slim-optical-dvd-player-fuer-laptop-mac-macbook-air-pro-apple-imac-pc-windows-11-10-linux\/","name":"BUNUD Externes CD DVD Laufwerk USB 3.0 Type-C CD\/DVD Laufwerk Brenner mit SD\/TF &amp; 2 USB Slots, Optical DVD Drive CD DVD\u2026 - Markt-XXL","isPartOf":{"@id":"https:\/\/marktxxl.de\/markt\/#website"},"primaryImageOfPage":{"@id":"https:\/\/marktxxl.de\/markt\/produkt\/externes-cd-dvd-laufwerk-usb-3-0-tragbarer-cd-dvd-rw-rom-brenner-drive-mit-sd-tf-usb-slots-usb-c-slim-optical-dvd-player-fuer-laptop-mac-macbook-air-pro-apple-imac-pc-windows-11-10-linux\/#primaryimage"},"image":{"@id":"https:\/\/marktxxl.de\/markt\/produkt\/externes-cd-dvd-laufwerk-usb-3-0-tragbarer-cd-dvd-rw-rom-brenner-drive-mit-sd-tf-usb-slots-usb-c-slim-optical-dvd-player-fuer-laptop-mac-macbook-air-pro-apple-imac-pc-windows-11-10-linux\/#primaryimage"},"thumbnailUrl":"https:\/\/m.media-amazon.com\/images\/I\/41jpiiKbJhL._SL500_.jpg","datePublished":"2022-05-15T10:07:56+00:00","dateModified":"2023-04-09T01:34:37+00:00","description":"Markt-XXL BUNUD Externes CD DVD Laufwerk USB 3.0 Type-C CD\/DVD Laufwerk Brenner mit SD\/TF &amp; 2 USB Slots, Optical DVD Drive CD DVD\u2026","breadcrumb":{"@id":"https:\/\/marktxxl.de\/markt\/produkt\/externes-cd-dvd-laufwerk-usb-3-0-tragbarer-cd-dvd-rw-rom-brenner-drive-mit-sd-tf-usb-slots-usb-c-slim-optical-dvd-player-fuer-laptop-mac-macbook-air-pro-apple-imac-pc-windows-11-10-linux\/#breadcrumb"},"inLanguage":"de","potentialAction":[{"@type":"ReadAction","target":["https:\/\/marktxxl.de\/markt\/produkt\/externes-cd-dvd-laufwerk-usb-3-0-tragbarer-cd-dvd-rw-rom-brenner-drive-mit-sd-tf-usb-slots-usb-c-slim-optical-dvd-player-fuer-laptop-mac-macbook-air-pro-apple-imac-pc-windows-11-10-linux\/"]}]},{"@type":"ImageObject","inLanguage":"de","@id":"https:\/\/marktxxl.de\/markt\/produkt\/externes-cd-dvd-laufwerk-usb-3-0-tragbarer-cd-dvd-rw-rom-brenner-drive-mit-sd-tf-usb-slots-usb-c-slim-optical-dvd-player-fuer-laptop-mac-macbook-air-pro-apple-imac-pc-windows-11-10-linux\/#primaryimage","url":"https:\/\/m.media-amazon.com\/images\/I\/41jpiiKbJhL._SL500_.jpg","contentUrl":"https:\/\/m.media-amazon.com\/images\/I\/41jpiiKbJhL._SL500_.jpg","width":500,"height":500},{"@type":"BreadcrumbList","@id":"https:\/\/marktxxl.de\/markt\/produkt\/externes-cd-dvd-laufwerk-usb-3-0-tragbarer-cd-dvd-rw-rom-brenner-drive-mit-sd-tf-usb-slots-usb-c-slim-optical-dvd-player-fuer-laptop-mac-macbook-air-pro-apple-imac-pc-windows-11-10-linux\/#breadcrumb","itemListElement":[{"@type":"ListItem","position":1,"name":"Startseite","item":"https:\/\/marktxxl.de\/markt\/"},{"@type":"ListItem","position":2,"name":"Markt","item":"https:\/\/marktxxl.de\/markt\/"},{"@type":"ListItem","position":3,"name":"BUNUD Externes CD DVD Laufwerk USB 3.0 Type-C CD\/DVD Laufwerk Brenner mit SD\/TF &amp; 2 USB Slots, Optical DVD Drive CD DVD\u2026"}]},{"@type":"WebSite","@id":"https:\/\/marktxxl.de\/markt\/#website","url":"https:\/\/marktxxl.de\/markt\/","name":"Markt-XXL","description":"Ihr Markt Online","publisher":{"@id":"https:\/\/marktxxl.de\/markt\/#organization"},"potentialAction":[{"@type":"SearchAction","target":{"@type":"EntryPoint","urlTemplate":"https:\/\/marktxxl.de\/markt\/?s={search_term_string}"},"query-input":{"@type":"PropertyValueSpecification","valueRequired":true,"valueName":"search_term_string"}}],"inLanguage":"de"},{"@type":"Organization","@id":"https:\/\/marktxxl.de\/markt\/#organization","name":"Markt-XXL","url":"https:\/\/marktxxl.de\/markt\/","logo":{"@type":"ImageObject","inLanguage":"de","@id":"https:\/\/marktxxl.de\/markt\/#\/schema\/logo\/image\/","url":"https:\/\/marktxxl.de\/markt\/wp-content\/uploads\/sites\/3\/2020\/12\/logo.png","contentUrl":"https:\/\/marktxxl.de\/markt\/wp-content\/uploads\/sites\/3\/2020\/12\/logo.png","width":200,"height":70,"caption":"Markt-XXL"},"image":{"@id":"https:\/\/marktxxl.de\/markt\/#\/schema\/logo\/image\/"}}]}},"_links":{"self":[{"href":"https:\/\/marktxxl.de\/markt\/wp-json\/wp\/v2\/product\/124694","targetHints":{"allow":["GET"]}}],"collection":[{"href":"https:\/\/marktxxl.de\/markt\/wp-json\/wp\/v2\/product"}],"about":[{"href":"https:\/\/marktxxl.de\/markt\/wp-json\/wp\/v2\/types\/product"}],"replies":[{"embeddable":true,"href":"https:\/\/marktxxl.de\/markt\/wp-json\/wp\/v2\/comments?post=124694"}],"wp:featuredmedia":[{"embeddable":true,"href":"https:\/\/marktxxl.de\/markt\/wp-json\/wp\/v2\/media\/124695"}],"wp:attachment":[{"href":"https:\/\/marktxxl.de\/markt\/wp-json\/wp\/v2\/media?parent=124694"}],"wp:term":[{"taxonomy":"product_brand","embeddable":true,"href":"https:\/\/marktxxl.de\/markt\/wp-json\/wp\/v2\/product_brand?post=124694"},{"taxonomy":"product_cat","embeddable":true,"href":"https:\/\/marktxxl.de\/markt\/wp-json\/wp\/v2\/product_cat?post=124694"},{"taxonomy":"product_tag","embeddable":true,"href":"https:\/\/marktxxl.de\/markt\/wp-json\/wp\/v2\/product_tag?post=124694"}],"curies":[{"name":"wp","href":"https:\/\/api.w.org\/{rel}","templated":true}]}}