{"id":124578,"date":"2022-05-15T12:02:18","date_gmt":"2022-05-15T10:02:18","guid":{"rendered":"https:\/\/marktxxl.de\/markt\/produkt\/horticulture-lighting-group-quantenplatine-led-wachsen-licht-etl-ul-zertifiziert-samsung-lm301b\/"},"modified":"2023-04-09T03:34:35","modified_gmt":"2023-04-09T01:34:35","slug":"horticulture-lighting-group-quantenplatine-led-wachsen-licht-etl-ul-zertifiziert-samsung-lm301b","status":"publish","type":"product","link":"https:\/\/marktxxl.de\/markt\/produkt\/horticulture-lighting-group-quantenplatine-led-wachsen-licht-etl-ul-zertifiziert-samsung-lm301b\/","title":{"rendered":"Horticulture Lighting Group HLG 100 V2 4000K Quantum Board LED Wachsen Leicht Veg &amp; Bl\u00fcte |\u00a0Version 2 Hocheffiziente Aufger\u00fcstete Samsung LM301B LEDs"},"content":{"rendered":"<p>Entwickelt f\u00fcr niedrige Deckenh\u00f6hen oder vertikale Gestelle.\u00a0Hocheffiziente Wei\u00dflicht-Quantum-Boards<br \/>\nVollspektrum Wei\u00df und 660nm Rot.\u00a0Zuverl\u00e4ssiges passiv gek\u00fchltes Design<br \/>\nBessere Durchdringung des Baldachinlichts mit diffusem Licht.<br \/>\nDimmbares Netzteil enthalten.<br \/>\nAutomatische Erkennung Das Inventronics-Netzteil funktioniert sowohl mit 120 VAC als auch mit 240 VAC und 277 VAC. &#8221;<br \/>\n<div class=\"main-cross-sell\" data-asin=\"B087YJ96N5\">\n\n\t<div class=\"WooZone-cross-sell-loader\">\n\t\t<div>\n\t\t\t<div id=\"floatingBarsG\">\n\t\t\t\t<div class=\"blockG\" id=\"rotateG_01\"><\/div>\n\t\t\t\t<div class=\"blockG\" id=\"rotateG_02\"><\/div>\n\t\t\t\t<div class=\"blockG\" id=\"rotateG_03\"><\/div>\n\t\t\t\t<div class=\"blockG\" id=\"rotateG_04\"><\/div>\n\t\t\t\t<div class=\"blockG\" id=\"rotateG_05\"><\/div>\n\t\t\t\t<div class=\"blockG\" id=\"rotateG_06\"><\/div>\n\t\t\t\t<div class=\"blockG\" id=\"rotateG_07\"><\/div>\n\t\t\t\t<div class=\"blockG\" id=\"rotateG_08\"><\/div>\n\t\t\t<\/div>\n\t\t\t<div class=\"WooZone-cross-sell-loader-text\"><\/div>\n\t\t<\/div>\n\t<\/div>\n\n\t\t\n<\/div>\n<div style=\"clear:both;\"><\/div><\/p>\n","protected":false},"excerpt":{"rendered":"<p>Entwickelt f\u00fcr niedrige Deckenh\u00f6hen oder vertikale Gestelle.\u00a0Hocheffiziente Wei\u00dflicht-Quantum-Boards<br \/>\nVollspektrum Wei\u00df und 660nm Rot.\u00a0Zuverl\u00e4ssiges passiv gek\u00fchltes Design<br \/>\nBessere Durchdringung des Baldachinlichts mit diffusem Licht.<\/p>\n","protected":false},"featured_media":124579,"comment_status":"open","ping_status":"closed","template":"","meta":[],"product_brand":[],"product_cat":[2108,11521],"product_tag":[],"class_list":{"0":"post-124578","1":"product","2":"type-product","3":"status-publish","4":"has-post-thumbnail","6":"product_cat-beleuchtung","7":"product_cat-leuchtmittel","8":"pa_brand-horticulture-lighting-group","9":"pa_manufacturer-horticulture-lighting-group","11":"first","12":"instock","13":"shipping-taxable","14":"purchasable","15":"product-type-simple","16":"customify-col","17":"product-has-gallery"},"yoast_head":"<!-- This site is optimized with the Yoast SEO plugin v27.4 - https:\/\/yoast.com\/product\/yoast-seo-wordpress\/ -->\n<title>Horticulture Lighting Group HLG 100 V2 4000K Quantum Board LED Wachsen Leicht Veg &amp; Bl\u00fcte |\u00a0Version 2 Hocheffiziente Aufger\u00fcstete Samsung LM301B LEDs - Markt-XXL<\/title>\n<meta name=\"description\" content=\"Markt-XXL Horticulture Lighting Group HLG 100 V2 4000K Quantum Board LED Wachsen Leicht Veg &amp; Bl\u00fcte |\u00a0Version 2 Hocheffiziente Aufger\u00fcstete Samsung LM301B LEDs\" \/>\n<meta name=\"robots\" content=\"index, follow, max-snippet:-1, max-image-preview:large, max-video-preview:-1\" \/>\n<link rel=\"canonical\" href=\"https:\/\/marktxxl.de\/markt\/produkt\/horticulture-lighting-group-quantenplatine-led-wachsen-licht-etl-ul-zertifiziert-samsung-lm301b\/\" \/>\n<meta property=\"og:locale\" content=\"de_DE\" \/>\n<meta property=\"og:type\" content=\"article\" \/>\n<meta property=\"og:title\" content=\"Horticulture Lighting Group HLG 100 V2 4000K Quantum Board LED Wachsen Leicht Veg &amp; Bl\u00fcte |\u00a0Version 2 Hocheffiziente Aufger\u00fcstete Samsung LM301B LEDs - Markt-XXL\" \/>\n<meta property=\"og:description\" content=\"Markt-XXL Horticulture Lighting Group HLG 100 V2 4000K Quantum Board LED Wachsen Leicht Veg &amp; Bl\u00fcte |\u00a0Version 2 Hocheffiziente Aufger\u00fcstete Samsung LM301B LEDs\" \/>\n<meta property=\"og:url\" content=\"https:\/\/marktxxl.de\/markt\/produkt\/horticulture-lighting-group-quantenplatine-led-wachsen-licht-etl-ul-zertifiziert-samsung-lm301b\/\" \/>\n<meta property=\"og:site_name\" content=\"Markt-XXL\" \/>\n<meta property=\"article:modified_time\" content=\"2023-04-09T01:34:35+00:00\" \/>\n<meta property=\"og:image\" content=\"https:\/\/m.media-amazon.com\/images\/I\/3144RTOGbnS._SL500_.jpg\" \/>\n\t<meta property=\"og:image:width\" content=\"500\" \/>\n\t<meta property=\"og:image:height\" content=\"352\" \/>\n\t<meta property=\"og:image:type\" content=\"image\/jpeg\" \/>\n<meta name=\"twitter:card\" content=\"summary_large_image\" \/>\n<script type=\"application\/ld+json\" class=\"yoast-schema-graph\">{\"@context\":\"https:\\\/\\\/schema.org\",\"@graph\":[{\"@type\":\"WebPage\",\"@id\":\"https:\\\/\\\/marktxxl.de\\\/markt\\\/produkt\\\/horticulture-lighting-group-quantenplatine-led-wachsen-licht-etl-ul-zertifiziert-samsung-lm301b\\\/\",\"url\":\"https:\\\/\\\/marktxxl.de\\\/markt\\\/produkt\\\/horticulture-lighting-group-quantenplatine-led-wachsen-licht-etl-ul-zertifiziert-samsung-lm301b\\\/\",\"name\":\"Horticulture Lighting Group HLG 100 V2 4000K Quantum Board LED Wachsen Leicht Veg &amp; Bl\u00fcte |\u00a0Version 2 Hocheffiziente Aufger\u00fcstete Samsung LM301B LEDs - Markt-XXL\",\"isPartOf\":{\"@id\":\"https:\\\/\\\/marktxxl.de\\\/markt\\\/#website\"},\"primaryImageOfPage\":{\"@id\":\"https:\\\/\\\/marktxxl.de\\\/markt\\\/produkt\\\/horticulture-lighting-group-quantenplatine-led-wachsen-licht-etl-ul-zertifiziert-samsung-lm301b\\\/#primaryimage\"},\"image\":{\"@id\":\"https:\\\/\\\/marktxxl.de\\\/markt\\\/produkt\\\/horticulture-lighting-group-quantenplatine-led-wachsen-licht-etl-ul-zertifiziert-samsung-lm301b\\\/#primaryimage\"},\"thumbnailUrl\":\"https:\\\/\\\/m.media-amazon.com\\\/images\\\/I\\\/3144RTOGbnS._SL500_.jpg\",\"datePublished\":\"2022-05-15T10:02:18+00:00\",\"dateModified\":\"2023-04-09T01:34:35+00:00\",\"description\":\"Markt-XXL Horticulture Lighting Group HLG 100 V2 4000K Quantum Board LED Wachsen Leicht Veg &amp; Bl\u00fcte |\u00a0Version 2 Hocheffiziente Aufger\u00fcstete Samsung LM301B LEDs\",\"breadcrumb\":{\"@id\":\"https:\\\/\\\/marktxxl.de\\\/markt\\\/produkt\\\/horticulture-lighting-group-quantenplatine-led-wachsen-licht-etl-ul-zertifiziert-samsung-lm301b\\\/#breadcrumb\"},\"inLanguage\":\"de\",\"potentialAction\":[{\"@type\":\"ReadAction\",\"target\":[\"https:\\\/\\\/marktxxl.de\\\/markt\\\/produkt\\\/horticulture-lighting-group-quantenplatine-led-wachsen-licht-etl-ul-zertifiziert-samsung-lm301b\\\/\"]}]},{\"@type\":\"ImageObject\",\"inLanguage\":\"de\",\"@id\":\"https:\\\/\\\/marktxxl.de\\\/markt\\\/produkt\\\/horticulture-lighting-group-quantenplatine-led-wachsen-licht-etl-ul-zertifiziert-samsung-lm301b\\\/#primaryimage\",\"url\":\"https:\\\/\\\/m.media-amazon.com\\\/images\\\/I\\\/3144RTOGbnS._SL500_.jpg\",\"contentUrl\":\"https:\\\/\\\/m.media-amazon.com\\\/images\\\/I\\\/3144RTOGbnS._SL500_.jpg\",\"width\":500,\"height\":352},{\"@type\":\"BreadcrumbList\",\"@id\":\"https:\\\/\\\/marktxxl.de\\\/markt\\\/produkt\\\/horticulture-lighting-group-quantenplatine-led-wachsen-licht-etl-ul-zertifiziert-samsung-lm301b\\\/#breadcrumb\",\"itemListElement\":[{\"@type\":\"ListItem\",\"position\":1,\"name\":\"Startseite\",\"item\":\"https:\\\/\\\/marktxxl.de\\\/markt\\\/\"},{\"@type\":\"ListItem\",\"position\":2,\"name\":\"Markt\",\"item\":\"https:\\\/\\\/marktxxl.de\\\/markt\\\/\"},{\"@type\":\"ListItem\",\"position\":3,\"name\":\"Horticulture Lighting Group HLG 100 V2 4000K Quantum Board LED Wachsen Leicht Veg &amp; Bl\u00fcte |\u00a0Version 2 Hocheffiziente Aufger\u00fcstete Samsung LM301B LEDs\"}]},{\"@type\":\"WebSite\",\"@id\":\"https:\\\/\\\/marktxxl.de\\\/markt\\\/#website\",\"url\":\"https:\\\/\\\/marktxxl.de\\\/markt\\\/\",\"name\":\"Markt-XXL\",\"description\":\"Ihr Markt Online\",\"publisher\":{\"@id\":\"https:\\\/\\\/marktxxl.de\\\/markt\\\/#organization\"},\"potentialAction\":[{\"@type\":\"SearchAction\",\"target\":{\"@type\":\"EntryPoint\",\"urlTemplate\":\"https:\\\/\\\/marktxxl.de\\\/markt\\\/?s={search_term_string}\"},\"query-input\":{\"@type\":\"PropertyValueSpecification\",\"valueRequired\":true,\"valueName\":\"search_term_string\"}}],\"inLanguage\":\"de\"},{\"@type\":\"Organization\",\"@id\":\"https:\\\/\\\/marktxxl.de\\\/markt\\\/#organization\",\"name\":\"Markt-XXL\",\"url\":\"https:\\\/\\\/marktxxl.de\\\/markt\\\/\",\"logo\":{\"@type\":\"ImageObject\",\"inLanguage\":\"de\",\"@id\":\"https:\\\/\\\/marktxxl.de\\\/markt\\\/#\\\/schema\\\/logo\\\/image\\\/\",\"url\":\"https:\\\/\\\/marktxxl.de\\\/markt\\\/wp-content\\\/uploads\\\/sites\\\/3\\\/2020\\\/12\\\/logo.png\",\"contentUrl\":\"https:\\\/\\\/marktxxl.de\\\/markt\\\/wp-content\\\/uploads\\\/sites\\\/3\\\/2020\\\/12\\\/logo.png\",\"width\":200,\"height\":70,\"caption\":\"Markt-XXL\"},\"image\":{\"@id\":\"https:\\\/\\\/marktxxl.de\\\/markt\\\/#\\\/schema\\\/logo\\\/image\\\/\"}}]}<\/script>\n<!-- \/ Yoast SEO plugin. -->","yoast_head_json":{"title":"Horticulture Lighting Group HLG 100 V2 4000K Quantum Board LED Wachsen Leicht Veg &amp; Bl\u00fcte |\u00a0Version 2 Hocheffiziente Aufger\u00fcstete Samsung LM301B LEDs - Markt-XXL","description":"Markt-XXL Horticulture Lighting Group HLG 100 V2 4000K Quantum Board LED Wachsen Leicht Veg &amp; Bl\u00fcte |\u00a0Version 2 Hocheffiziente Aufger\u00fcstete Samsung LM301B LEDs","robots":{"index":"index","follow":"follow","max-snippet":"max-snippet:-1","max-image-preview":"max-image-preview:large","max-video-preview":"max-video-preview:-1"},"canonical":"https:\/\/marktxxl.de\/markt\/produkt\/horticulture-lighting-group-quantenplatine-led-wachsen-licht-etl-ul-zertifiziert-samsung-lm301b\/","og_locale":"de_DE","og_type":"article","og_title":"Horticulture Lighting Group HLG 100 V2 4000K Quantum Board LED Wachsen Leicht Veg &amp; Bl\u00fcte |\u00a0Version 2 Hocheffiziente Aufger\u00fcstete Samsung LM301B LEDs - Markt-XXL","og_description":"Markt-XXL Horticulture Lighting Group HLG 100 V2 4000K Quantum Board LED Wachsen Leicht Veg &amp; Bl\u00fcte |\u00a0Version 2 Hocheffiziente Aufger\u00fcstete Samsung LM301B LEDs","og_url":"https:\/\/marktxxl.de\/markt\/produkt\/horticulture-lighting-group-quantenplatine-led-wachsen-licht-etl-ul-zertifiziert-samsung-lm301b\/","og_site_name":"Markt-XXL","article_modified_time":"2023-04-09T01:34:35+00:00","og_image":[{"width":500,"height":352,"url":"https:\/\/m.media-amazon.com\/images\/I\/3144RTOGbnS._SL500_.jpg","type":"image\/jpeg"}],"twitter_card":"summary_large_image","schema":{"@context":"https:\/\/schema.org","@graph":[{"@type":"WebPage","@id":"https:\/\/marktxxl.de\/markt\/produkt\/horticulture-lighting-group-quantenplatine-led-wachsen-licht-etl-ul-zertifiziert-samsung-lm301b\/","url":"https:\/\/marktxxl.de\/markt\/produkt\/horticulture-lighting-group-quantenplatine-led-wachsen-licht-etl-ul-zertifiziert-samsung-lm301b\/","name":"Horticulture Lighting Group HLG 100 V2 4000K Quantum Board LED Wachsen Leicht Veg &amp; Bl\u00fcte |\u00a0Version 2 Hocheffiziente Aufger\u00fcstete Samsung LM301B LEDs - Markt-XXL","isPartOf":{"@id":"https:\/\/marktxxl.de\/markt\/#website"},"primaryImageOfPage":{"@id":"https:\/\/marktxxl.de\/markt\/produkt\/horticulture-lighting-group-quantenplatine-led-wachsen-licht-etl-ul-zertifiziert-samsung-lm301b\/#primaryimage"},"image":{"@id":"https:\/\/marktxxl.de\/markt\/produkt\/horticulture-lighting-group-quantenplatine-led-wachsen-licht-etl-ul-zertifiziert-samsung-lm301b\/#primaryimage"},"thumbnailUrl":"https:\/\/m.media-amazon.com\/images\/I\/3144RTOGbnS._SL500_.jpg","datePublished":"2022-05-15T10:02:18+00:00","dateModified":"2023-04-09T01:34:35+00:00","description":"Markt-XXL Horticulture Lighting Group HLG 100 V2 4000K Quantum Board LED Wachsen Leicht Veg &amp; Bl\u00fcte |\u00a0Version 2 Hocheffiziente Aufger\u00fcstete Samsung LM301B LEDs","breadcrumb":{"@id":"https:\/\/marktxxl.de\/markt\/produkt\/horticulture-lighting-group-quantenplatine-led-wachsen-licht-etl-ul-zertifiziert-samsung-lm301b\/#breadcrumb"},"inLanguage":"de","potentialAction":[{"@type":"ReadAction","target":["https:\/\/marktxxl.de\/markt\/produkt\/horticulture-lighting-group-quantenplatine-led-wachsen-licht-etl-ul-zertifiziert-samsung-lm301b\/"]}]},{"@type":"ImageObject","inLanguage":"de","@id":"https:\/\/marktxxl.de\/markt\/produkt\/horticulture-lighting-group-quantenplatine-led-wachsen-licht-etl-ul-zertifiziert-samsung-lm301b\/#primaryimage","url":"https:\/\/m.media-amazon.com\/images\/I\/3144RTOGbnS._SL500_.jpg","contentUrl":"https:\/\/m.media-amazon.com\/images\/I\/3144RTOGbnS._SL500_.jpg","width":500,"height":352},{"@type":"BreadcrumbList","@id":"https:\/\/marktxxl.de\/markt\/produkt\/horticulture-lighting-group-quantenplatine-led-wachsen-licht-etl-ul-zertifiziert-samsung-lm301b\/#breadcrumb","itemListElement":[{"@type":"ListItem","position":1,"name":"Startseite","item":"https:\/\/marktxxl.de\/markt\/"},{"@type":"ListItem","position":2,"name":"Markt","item":"https:\/\/marktxxl.de\/markt\/"},{"@type":"ListItem","position":3,"name":"Horticulture Lighting Group HLG 100 V2 4000K Quantum Board LED Wachsen Leicht Veg &amp; Bl\u00fcte |\u00a0Version 2 Hocheffiziente Aufger\u00fcstete Samsung LM301B LEDs"}]},{"@type":"WebSite","@id":"https:\/\/marktxxl.de\/markt\/#website","url":"https:\/\/marktxxl.de\/markt\/","name":"Markt-XXL","description":"Ihr Markt Online","publisher":{"@id":"https:\/\/marktxxl.de\/markt\/#organization"},"potentialAction":[{"@type":"SearchAction","target":{"@type":"EntryPoint","urlTemplate":"https:\/\/marktxxl.de\/markt\/?s={search_term_string}"},"query-input":{"@type":"PropertyValueSpecification","valueRequired":true,"valueName":"search_term_string"}}],"inLanguage":"de"},{"@type":"Organization","@id":"https:\/\/marktxxl.de\/markt\/#organization","name":"Markt-XXL","url":"https:\/\/marktxxl.de\/markt\/","logo":{"@type":"ImageObject","inLanguage":"de","@id":"https:\/\/marktxxl.de\/markt\/#\/schema\/logo\/image\/","url":"https:\/\/marktxxl.de\/markt\/wp-content\/uploads\/sites\/3\/2020\/12\/logo.png","contentUrl":"https:\/\/marktxxl.de\/markt\/wp-content\/uploads\/sites\/3\/2020\/12\/logo.png","width":200,"height":70,"caption":"Markt-XXL"},"image":{"@id":"https:\/\/marktxxl.de\/markt\/#\/schema\/logo\/image\/"}}]}},"_links":{"self":[{"href":"https:\/\/marktxxl.de\/markt\/wp-json\/wp\/v2\/product\/124578","targetHints":{"allow":["GET"]}}],"collection":[{"href":"https:\/\/marktxxl.de\/markt\/wp-json\/wp\/v2\/product"}],"about":[{"href":"https:\/\/marktxxl.de\/markt\/wp-json\/wp\/v2\/types\/product"}],"replies":[{"embeddable":true,"href":"https:\/\/marktxxl.de\/markt\/wp-json\/wp\/v2\/comments?post=124578"}],"wp:featuredmedia":[{"embeddable":true,"href":"https:\/\/marktxxl.de\/markt\/wp-json\/wp\/v2\/media\/124579"}],"wp:attachment":[{"href":"https:\/\/marktxxl.de\/markt\/wp-json\/wp\/v2\/media?parent=124578"}],"wp:term":[{"taxonomy":"product_brand","embeddable":true,"href":"https:\/\/marktxxl.de\/markt\/wp-json\/wp\/v2\/product_brand?post=124578"},{"taxonomy":"product_cat","embeddable":true,"href":"https:\/\/marktxxl.de\/markt\/wp-json\/wp\/v2\/product_cat?post=124578"},{"taxonomy":"product_tag","embeddable":true,"href":"https:\/\/marktxxl.de\/markt\/wp-json\/wp\/v2\/product_tag?post=124578"}],"curies":[{"name":"wp","href":"https:\/\/api.w.org\/{rel}","templated":true}]}}