{"id":124558,"date":"2022-05-15T12:02:03","date_gmt":"2022-05-15T10:02:03","guid":{"rendered":"https:\/\/marktxxl.de\/markt\/produkt\/ousfot-aussenleuchten-solarbetrieben-56-leds-solarbetrieben-bewegungsmelder-wasserdicht-sicherheitslicht-doppelkoepfe-verstellbarer-strahler-fuer-hof-garage-garten-zaun-tuer-wand-2-stuec\/"},"modified":"2023-04-09T03:34:35","modified_gmt":"2023-04-09T01:34:35","slug":"ousfot-aussenleuchten-solarbetrieben-56-leds-solarbetrieben-bewegungsmelder-wasserdicht-sicherheitslicht-doppelkoepfe-verstellbarer-strahler-fuer-hof-garage-garten-zaun-tuer-wand-2-stuec","status":"publish","type":"product","link":"https:\/\/marktxxl.de\/markt\/produkt\/ousfot-aussenleuchten-solarbetrieben-56-leds-solarbetrieben-bewegungsmelder-wasserdicht-sicherheitslicht-doppelkoepfe-verstellbarer-strahler-fuer-hof-garage-garten-zaun-tuer-wand-2-stuec\/","title":{"rendered":"OUSFOT Au\u00dfenleuchten, solarbetrieben, 56 LEDs, solarbetrieben, Bewegungsmelder, wasserdicht, Sicherheitslicht\u2026"},"content":{"rendered":"<p>\u3010Doppelk\u00f6pfe Design\u3011Ausgestattet mit 2 K\u00f6pfen, OUSFOT Solarleuchte im Freien kann um 360 \u00b0 gedreht werden, bietet eine gute Beleuchtungsreichweite, Sie k\u00f6nnen die K\u00f6pfe einfach in Ihre gew\u00fcnschte Richtung richten.<br \/>\n\u3010Pr\u00e4zises PIR-Bewegungsmelder-Licht\u3011 Eingebauter hochempfindlicher PIR-Bewegungssensor (Sensorentfernung bis zu 5 m und 180 \u00b0 Erfassungswinkel). Diese Solarleuchten k\u00f6nnen sogar Bewegungen von einem kleinen Hund\/einer Katze aufnehmen.<br \/>\n\u3010Gr\u00fcne Leistung, gr\u00fcne Beleuchtung\u3011Das Solarpanel wandelt Sonnenenergie in Strom um und die Solarumwandlungsrate wurde auf 18% verbessert. Ausgestattet mit einem wiederaufladbaren Akku mit 2200 mAh, kann es Ihren Raum mehr als 8 Stunden Arbeitszeit in dunkler Nacht beleuchten, ohne sich Sorgen um Strom.<br \/>\n\u3010Solarleuchten Arbeitsmodus\u3011Dieser Solarstrahler Bewegungssensor kann erkennen, wenn Menschen sich schlie\u00dfen und kann nach 30 Sekunden auf schwaches Licht drehen, wenn Menschen weg sind. Kriminalpr\u00e4vention f\u00fcr Eindringlinge und n\u00fctzliche Lichter f\u00fcr Familienmitglieder.<br \/>\n\u3010IP65 wasserdicht\u3011OUSFOT Solar-Wandleuchten bestehen aus hochwertigen und langlebigen ABS-Materialien, die Wasser effektiv isolieren und normal bei allen Arten von schrecklichem Wetter (rauem Wetter im Winter, wo es regnet, schneit oder gefrorenen 5-6 Tage auf einm) w\u00e4hrend der gesamten Saison ohne Probleme.<br \/>\n<div class=\"main-cross-sell\" data-asin=\"B08L32BXQL\">\n\n\t<div class=\"WooZone-cross-sell-loader\">\n\t\t<div>\n\t\t\t<div id=\"floatingBarsG\">\n\t\t\t\t<div class=\"blockG\" id=\"rotateG_01\"><\/div>\n\t\t\t\t<div class=\"blockG\" id=\"rotateG_02\"><\/div>\n\t\t\t\t<div class=\"blockG\" id=\"rotateG_03\"><\/div>\n\t\t\t\t<div class=\"blockG\" id=\"rotateG_04\"><\/div>\n\t\t\t\t<div class=\"blockG\" id=\"rotateG_05\"><\/div>\n\t\t\t\t<div class=\"blockG\" id=\"rotateG_06\"><\/div>\n\t\t\t\t<div class=\"blockG\" id=\"rotateG_07\"><\/div>\n\t\t\t\t<div class=\"blockG\" id=\"rotateG_08\"><\/div>\n\t\t\t<\/div>\n\t\t\t<div class=\"WooZone-cross-sell-loader-text\"><\/div>\n\t\t<\/div>\n\t<\/div>\n\n\t\t\n<\/div>\n<div style=\"clear:both;\"><\/div><\/p>\n","protected":false},"excerpt":{"rendered":"<p>\u3010Doppelk\u00f6pfe Design\u3011Ausgestattet mit 2 K\u00f6pfen, OUSFOT Solarleuchte im Freien kann um 360 \u00b0 gedreht werden, bietet eine gute Beleuchtungsreichweite, Sie k\u00f6nnen die K\u00f6pfe einfach in Ihre gew\u00fcnschte Richtung richten.<br \/>\n\u3010Pr\u00e4zises PIR-Bewegungsmelder-Licht\u3011 Eingebauter hochempfindlicher PIR-Bewegungssensor (Sensorentfernung bis zu 5 m und 180 \u00b0 Erfassungswinkel). Diese Solarleuchten k\u00f6nnen sogar Bewegungen von einem kleinen Hund\/einer Katze aufnehmen.<br \/>\n\u3010Gr\u00fcne Leistung, gr\u00fcne Beleuchtung\u3011Das Solarpanel wandelt Sonnenenergie in Strom um und die Solarumwandlungsrate wurde auf 18% verbessert. Ausgestattet mit einem wiederaufladbaren Akku mit 2200 mAh, kann es Ihren Raum mehr als 8 Stunden Arbeitszeit in dunkler Nacht beleuchten, ohne sich Sorgen um Strom.<\/p>\n","protected":false},"featured_media":124559,"comment_status":"open","ping_status":"closed","template":"","meta":[],"product_brand":[],"product_cat":[11446,2108],"product_tag":[],"class_list":{"0":"post-124558","1":"product","2":"type-product","3":"status-publish","4":"has-post-thumbnail","6":"product_cat-aussenbeleuchtung","7":"product_cat-beleuchtung","8":"pa_binding-haushaltswaren","9":"pa_brand-ousfot","10":"pa_color-weiss","11":"pa_height-3-7795275552-zoll","12":"pa_length-6-3779527494-zoll","13":"pa_manufacturer-ousfot","14":"pa_model-yy-2145","15":"pa_weight-1-8298367746-pfund","16":"pa_width-4-5669291292-zoll","18":"first","19":"instock","20":"shipping-taxable","21":"purchasable","22":"product-type-simple","23":"customify-col","24":"product-has-gallery"},"yoast_head":"<!-- This site is optimized with the Yoast SEO plugin v27.3 - https:\/\/yoast.com\/product\/yoast-seo-wordpress\/ -->\n<title>OUSFOT Au\u00dfenleuchten, solarbetrieben, 56 LEDs, solarbetrieben, Bewegungsmelder, wasserdicht, Sicherheitslicht\u2026 - Markt-XXL<\/title>\n<meta name=\"description\" content=\"Markt-XXL OUSFOT Au\u00dfenleuchten, solarbetrieben, 56 LEDs, solarbetrieben, Bewegungsmelder, wasserdicht, Sicherheitslicht\u2026\" \/>\n<meta name=\"robots\" content=\"index, follow, max-snippet:-1, max-image-preview:large, max-video-preview:-1\" \/>\n<link rel=\"canonical\" href=\"https:\/\/marktxxl.de\/markt\/produkt\/ousfot-aussenleuchten-solarbetrieben-56-leds-solarbetrieben-bewegungsmelder-wasserdicht-sicherheitslicht-doppelkoepfe-verstellbarer-strahler-fuer-hof-garage-garten-zaun-tuer-wand-2-stuec\/\" \/>\n<meta property=\"og:locale\" content=\"de_DE\" \/>\n<meta property=\"og:type\" content=\"article\" \/>\n<meta property=\"og:title\" content=\"OUSFOT Au\u00dfenleuchten, solarbetrieben, 56 LEDs, solarbetrieben, Bewegungsmelder, wasserdicht, Sicherheitslicht\u2026 - Markt-XXL\" \/>\n<meta property=\"og:description\" content=\"Markt-XXL OUSFOT Au\u00dfenleuchten, solarbetrieben, 56 LEDs, solarbetrieben, Bewegungsmelder, wasserdicht, Sicherheitslicht\u2026\" \/>\n<meta property=\"og:url\" content=\"https:\/\/marktxxl.de\/markt\/produkt\/ousfot-aussenleuchten-solarbetrieben-56-leds-solarbetrieben-bewegungsmelder-wasserdicht-sicherheitslicht-doppelkoepfe-verstellbarer-strahler-fuer-hof-garage-garten-zaun-tuer-wand-2-stuec\/\" \/>\n<meta property=\"og:site_name\" content=\"Markt-XXL\" \/>\n<meta property=\"article:modified_time\" content=\"2023-04-09T01:34:35+00:00\" \/>\n<meta property=\"og:image\" content=\"https:\/\/m.media-amazon.com\/images\/I\/41xZ0M-5PuL._SL500_.jpg\" \/>\n\t<meta property=\"og:image:width\" content=\"500\" \/>\n\t<meta property=\"og:image:height\" content=\"500\" \/>\n\t<meta property=\"og:image:type\" content=\"image\/jpeg\" \/>\n<meta name=\"twitter:card\" content=\"summary_large_image\" \/>\n<meta name=\"twitter:label1\" content=\"Gesch\u00e4tzte Lesezeit\" \/>\n\t<meta name=\"twitter:data1\" content=\"1\u00a0Minute\" \/>\n<script type=\"application\/ld+json\" class=\"yoast-schema-graph\">{\"@context\":\"https:\\\/\\\/schema.org\",\"@graph\":[{\"@type\":\"WebPage\",\"@id\":\"https:\\\/\\\/marktxxl.de\\\/markt\\\/produkt\\\/ousfot-aussenleuchten-solarbetrieben-56-leds-solarbetrieben-bewegungsmelder-wasserdicht-sicherheitslicht-doppelkoepfe-verstellbarer-strahler-fuer-hof-garage-garten-zaun-tuer-wand-2-stuec\\\/\",\"url\":\"https:\\\/\\\/marktxxl.de\\\/markt\\\/produkt\\\/ousfot-aussenleuchten-solarbetrieben-56-leds-solarbetrieben-bewegungsmelder-wasserdicht-sicherheitslicht-doppelkoepfe-verstellbarer-strahler-fuer-hof-garage-garten-zaun-tuer-wand-2-stuec\\\/\",\"name\":\"OUSFOT Au\u00dfenleuchten, solarbetrieben, 56 LEDs, solarbetrieben, Bewegungsmelder, wasserdicht, Sicherheitslicht\u2026 - Markt-XXL\",\"isPartOf\":{\"@id\":\"https:\\\/\\\/marktxxl.de\\\/markt\\\/#website\"},\"primaryImageOfPage\":{\"@id\":\"https:\\\/\\\/marktxxl.de\\\/markt\\\/produkt\\\/ousfot-aussenleuchten-solarbetrieben-56-leds-solarbetrieben-bewegungsmelder-wasserdicht-sicherheitslicht-doppelkoepfe-verstellbarer-strahler-fuer-hof-garage-garten-zaun-tuer-wand-2-stuec\\\/#primaryimage\"},\"image\":{\"@id\":\"https:\\\/\\\/marktxxl.de\\\/markt\\\/produkt\\\/ousfot-aussenleuchten-solarbetrieben-56-leds-solarbetrieben-bewegungsmelder-wasserdicht-sicherheitslicht-doppelkoepfe-verstellbarer-strahler-fuer-hof-garage-garten-zaun-tuer-wand-2-stuec\\\/#primaryimage\"},\"thumbnailUrl\":\"https:\\\/\\\/m.media-amazon.com\\\/images\\\/I\\\/41xZ0M-5PuL._SL500_.jpg\",\"datePublished\":\"2022-05-15T10:02:03+00:00\",\"dateModified\":\"2023-04-09T01:34:35+00:00\",\"description\":\"Markt-XXL OUSFOT Au\u00dfenleuchten, solarbetrieben, 56 LEDs, solarbetrieben, Bewegungsmelder, wasserdicht, Sicherheitslicht\u2026\",\"breadcrumb\":{\"@id\":\"https:\\\/\\\/marktxxl.de\\\/markt\\\/produkt\\\/ousfot-aussenleuchten-solarbetrieben-56-leds-solarbetrieben-bewegungsmelder-wasserdicht-sicherheitslicht-doppelkoepfe-verstellbarer-strahler-fuer-hof-garage-garten-zaun-tuer-wand-2-stuec\\\/#breadcrumb\"},\"inLanguage\":\"de\",\"potentialAction\":[{\"@type\":\"ReadAction\",\"target\":[\"https:\\\/\\\/marktxxl.de\\\/markt\\\/produkt\\\/ousfot-aussenleuchten-solarbetrieben-56-leds-solarbetrieben-bewegungsmelder-wasserdicht-sicherheitslicht-doppelkoepfe-verstellbarer-strahler-fuer-hof-garage-garten-zaun-tuer-wand-2-stuec\\\/\"]}]},{\"@type\":\"ImageObject\",\"inLanguage\":\"de\",\"@id\":\"https:\\\/\\\/marktxxl.de\\\/markt\\\/produkt\\\/ousfot-aussenleuchten-solarbetrieben-56-leds-solarbetrieben-bewegungsmelder-wasserdicht-sicherheitslicht-doppelkoepfe-verstellbarer-strahler-fuer-hof-garage-garten-zaun-tuer-wand-2-stuec\\\/#primaryimage\",\"url\":\"https:\\\/\\\/m.media-amazon.com\\\/images\\\/I\\\/41xZ0M-5PuL._SL500_.jpg\",\"contentUrl\":\"https:\\\/\\\/m.media-amazon.com\\\/images\\\/I\\\/41xZ0M-5PuL._SL500_.jpg\",\"width\":500,\"height\":500},{\"@type\":\"BreadcrumbList\",\"@id\":\"https:\\\/\\\/marktxxl.de\\\/markt\\\/produkt\\\/ousfot-aussenleuchten-solarbetrieben-56-leds-solarbetrieben-bewegungsmelder-wasserdicht-sicherheitslicht-doppelkoepfe-verstellbarer-strahler-fuer-hof-garage-garten-zaun-tuer-wand-2-stuec\\\/#breadcrumb\",\"itemListElement\":[{\"@type\":\"ListItem\",\"position\":1,\"name\":\"Startseite\",\"item\":\"https:\\\/\\\/marktxxl.de\\\/markt\\\/\"},{\"@type\":\"ListItem\",\"position\":2,\"name\":\"Markt\",\"item\":\"https:\\\/\\\/marktxxl.de\\\/markt\\\/\"},{\"@type\":\"ListItem\",\"position\":3,\"name\":\"OUSFOT Au\u00dfenleuchten, solarbetrieben, 56 LEDs, solarbetrieben, Bewegungsmelder, wasserdicht, Sicherheitslicht\u2026\"}]},{\"@type\":\"WebSite\",\"@id\":\"https:\\\/\\\/marktxxl.de\\\/markt\\\/#website\",\"url\":\"https:\\\/\\\/marktxxl.de\\\/markt\\\/\",\"name\":\"Markt-XXL\",\"description\":\"Ihr Markt Online\",\"publisher\":{\"@id\":\"https:\\\/\\\/marktxxl.de\\\/markt\\\/#organization\"},\"potentialAction\":[{\"@type\":\"SearchAction\",\"target\":{\"@type\":\"EntryPoint\",\"urlTemplate\":\"https:\\\/\\\/marktxxl.de\\\/markt\\\/?s={search_term_string}\"},\"query-input\":{\"@type\":\"PropertyValueSpecification\",\"valueRequired\":true,\"valueName\":\"search_term_string\"}}],\"inLanguage\":\"de\"},{\"@type\":\"Organization\",\"@id\":\"https:\\\/\\\/marktxxl.de\\\/markt\\\/#organization\",\"name\":\"Markt-XXL\",\"url\":\"https:\\\/\\\/marktxxl.de\\\/markt\\\/\",\"logo\":{\"@type\":\"ImageObject\",\"inLanguage\":\"de\",\"@id\":\"https:\\\/\\\/marktxxl.de\\\/markt\\\/#\\\/schema\\\/logo\\\/image\\\/\",\"url\":\"https:\\\/\\\/marktxxl.de\\\/markt\\\/wp-content\\\/uploads\\\/sites\\\/3\\\/2020\\\/12\\\/logo.png\",\"contentUrl\":\"https:\\\/\\\/marktxxl.de\\\/markt\\\/wp-content\\\/uploads\\\/sites\\\/3\\\/2020\\\/12\\\/logo.png\",\"width\":200,\"height\":70,\"caption\":\"Markt-XXL\"},\"image\":{\"@id\":\"https:\\\/\\\/marktxxl.de\\\/markt\\\/#\\\/schema\\\/logo\\\/image\\\/\"}}]}<\/script>\n<!-- \/ Yoast SEO plugin. -->","yoast_head_json":{"title":"OUSFOT Au\u00dfenleuchten, solarbetrieben, 56 LEDs, solarbetrieben, Bewegungsmelder, wasserdicht, Sicherheitslicht\u2026 - Markt-XXL","description":"Markt-XXL OUSFOT Au\u00dfenleuchten, solarbetrieben, 56 LEDs, solarbetrieben, Bewegungsmelder, wasserdicht, Sicherheitslicht\u2026","robots":{"index":"index","follow":"follow","max-snippet":"max-snippet:-1","max-image-preview":"max-image-preview:large","max-video-preview":"max-video-preview:-1"},"canonical":"https:\/\/marktxxl.de\/markt\/produkt\/ousfot-aussenleuchten-solarbetrieben-56-leds-solarbetrieben-bewegungsmelder-wasserdicht-sicherheitslicht-doppelkoepfe-verstellbarer-strahler-fuer-hof-garage-garten-zaun-tuer-wand-2-stuec\/","og_locale":"de_DE","og_type":"article","og_title":"OUSFOT Au\u00dfenleuchten, solarbetrieben, 56 LEDs, solarbetrieben, Bewegungsmelder, wasserdicht, Sicherheitslicht\u2026 - Markt-XXL","og_description":"Markt-XXL OUSFOT Au\u00dfenleuchten, solarbetrieben, 56 LEDs, solarbetrieben, Bewegungsmelder, wasserdicht, Sicherheitslicht\u2026","og_url":"https:\/\/marktxxl.de\/markt\/produkt\/ousfot-aussenleuchten-solarbetrieben-56-leds-solarbetrieben-bewegungsmelder-wasserdicht-sicherheitslicht-doppelkoepfe-verstellbarer-strahler-fuer-hof-garage-garten-zaun-tuer-wand-2-stuec\/","og_site_name":"Markt-XXL","article_modified_time":"2023-04-09T01:34:35+00:00","og_image":[{"width":500,"height":500,"url":"https:\/\/m.media-amazon.com\/images\/I\/41xZ0M-5PuL._SL500_.jpg","type":"image\/jpeg"}],"twitter_card":"summary_large_image","twitter_misc":{"Gesch\u00e4tzte Lesezeit":"1\u00a0Minute"},"schema":{"@context":"https:\/\/schema.org","@graph":[{"@type":"WebPage","@id":"https:\/\/marktxxl.de\/markt\/produkt\/ousfot-aussenleuchten-solarbetrieben-56-leds-solarbetrieben-bewegungsmelder-wasserdicht-sicherheitslicht-doppelkoepfe-verstellbarer-strahler-fuer-hof-garage-garten-zaun-tuer-wand-2-stuec\/","url":"https:\/\/marktxxl.de\/markt\/produkt\/ousfot-aussenleuchten-solarbetrieben-56-leds-solarbetrieben-bewegungsmelder-wasserdicht-sicherheitslicht-doppelkoepfe-verstellbarer-strahler-fuer-hof-garage-garten-zaun-tuer-wand-2-stuec\/","name":"OUSFOT Au\u00dfenleuchten, solarbetrieben, 56 LEDs, solarbetrieben, Bewegungsmelder, wasserdicht, Sicherheitslicht\u2026 - Markt-XXL","isPartOf":{"@id":"https:\/\/marktxxl.de\/markt\/#website"},"primaryImageOfPage":{"@id":"https:\/\/marktxxl.de\/markt\/produkt\/ousfot-aussenleuchten-solarbetrieben-56-leds-solarbetrieben-bewegungsmelder-wasserdicht-sicherheitslicht-doppelkoepfe-verstellbarer-strahler-fuer-hof-garage-garten-zaun-tuer-wand-2-stuec\/#primaryimage"},"image":{"@id":"https:\/\/marktxxl.de\/markt\/produkt\/ousfot-aussenleuchten-solarbetrieben-56-leds-solarbetrieben-bewegungsmelder-wasserdicht-sicherheitslicht-doppelkoepfe-verstellbarer-strahler-fuer-hof-garage-garten-zaun-tuer-wand-2-stuec\/#primaryimage"},"thumbnailUrl":"https:\/\/m.media-amazon.com\/images\/I\/41xZ0M-5PuL._SL500_.jpg","datePublished":"2022-05-15T10:02:03+00:00","dateModified":"2023-04-09T01:34:35+00:00","description":"Markt-XXL OUSFOT Au\u00dfenleuchten, solarbetrieben, 56 LEDs, solarbetrieben, Bewegungsmelder, wasserdicht, Sicherheitslicht\u2026","breadcrumb":{"@id":"https:\/\/marktxxl.de\/markt\/produkt\/ousfot-aussenleuchten-solarbetrieben-56-leds-solarbetrieben-bewegungsmelder-wasserdicht-sicherheitslicht-doppelkoepfe-verstellbarer-strahler-fuer-hof-garage-garten-zaun-tuer-wand-2-stuec\/#breadcrumb"},"inLanguage":"de","potentialAction":[{"@type":"ReadAction","target":["https:\/\/marktxxl.de\/markt\/produkt\/ousfot-aussenleuchten-solarbetrieben-56-leds-solarbetrieben-bewegungsmelder-wasserdicht-sicherheitslicht-doppelkoepfe-verstellbarer-strahler-fuer-hof-garage-garten-zaun-tuer-wand-2-stuec\/"]}]},{"@type":"ImageObject","inLanguage":"de","@id":"https:\/\/marktxxl.de\/markt\/produkt\/ousfot-aussenleuchten-solarbetrieben-56-leds-solarbetrieben-bewegungsmelder-wasserdicht-sicherheitslicht-doppelkoepfe-verstellbarer-strahler-fuer-hof-garage-garten-zaun-tuer-wand-2-stuec\/#primaryimage","url":"https:\/\/m.media-amazon.com\/images\/I\/41xZ0M-5PuL._SL500_.jpg","contentUrl":"https:\/\/m.media-amazon.com\/images\/I\/41xZ0M-5PuL._SL500_.jpg","width":500,"height":500},{"@type":"BreadcrumbList","@id":"https:\/\/marktxxl.de\/markt\/produkt\/ousfot-aussenleuchten-solarbetrieben-56-leds-solarbetrieben-bewegungsmelder-wasserdicht-sicherheitslicht-doppelkoepfe-verstellbarer-strahler-fuer-hof-garage-garten-zaun-tuer-wand-2-stuec\/#breadcrumb","itemListElement":[{"@type":"ListItem","position":1,"name":"Startseite","item":"https:\/\/marktxxl.de\/markt\/"},{"@type":"ListItem","position":2,"name":"Markt","item":"https:\/\/marktxxl.de\/markt\/"},{"@type":"ListItem","position":3,"name":"OUSFOT Au\u00dfenleuchten, solarbetrieben, 56 LEDs, solarbetrieben, Bewegungsmelder, wasserdicht, Sicherheitslicht\u2026"}]},{"@type":"WebSite","@id":"https:\/\/marktxxl.de\/markt\/#website","url":"https:\/\/marktxxl.de\/markt\/","name":"Markt-XXL","description":"Ihr Markt Online","publisher":{"@id":"https:\/\/marktxxl.de\/markt\/#organization"},"potentialAction":[{"@type":"SearchAction","target":{"@type":"EntryPoint","urlTemplate":"https:\/\/marktxxl.de\/markt\/?s={search_term_string}"},"query-input":{"@type":"PropertyValueSpecification","valueRequired":true,"valueName":"search_term_string"}}],"inLanguage":"de"},{"@type":"Organization","@id":"https:\/\/marktxxl.de\/markt\/#organization","name":"Markt-XXL","url":"https:\/\/marktxxl.de\/markt\/","logo":{"@type":"ImageObject","inLanguage":"de","@id":"https:\/\/marktxxl.de\/markt\/#\/schema\/logo\/image\/","url":"https:\/\/marktxxl.de\/markt\/wp-content\/uploads\/sites\/3\/2020\/12\/logo.png","contentUrl":"https:\/\/marktxxl.de\/markt\/wp-content\/uploads\/sites\/3\/2020\/12\/logo.png","width":200,"height":70,"caption":"Markt-XXL"},"image":{"@id":"https:\/\/marktxxl.de\/markt\/#\/schema\/logo\/image\/"}}]}},"_links":{"self":[{"href":"https:\/\/marktxxl.de\/markt\/wp-json\/wp\/v2\/product\/124558","targetHints":{"allow":["GET"]}}],"collection":[{"href":"https:\/\/marktxxl.de\/markt\/wp-json\/wp\/v2\/product"}],"about":[{"href":"https:\/\/marktxxl.de\/markt\/wp-json\/wp\/v2\/types\/product"}],"replies":[{"embeddable":true,"href":"https:\/\/marktxxl.de\/markt\/wp-json\/wp\/v2\/comments?post=124558"}],"wp:featuredmedia":[{"embeddable":true,"href":"https:\/\/marktxxl.de\/markt\/wp-json\/wp\/v2\/media\/124559"}],"wp:attachment":[{"href":"https:\/\/marktxxl.de\/markt\/wp-json\/wp\/v2\/media?parent=124558"}],"wp:term":[{"taxonomy":"product_brand","embeddable":true,"href":"https:\/\/marktxxl.de\/markt\/wp-json\/wp\/v2\/product_brand?post=124558"},{"taxonomy":"product_cat","embeddable":true,"href":"https:\/\/marktxxl.de\/markt\/wp-json\/wp\/v2\/product_cat?post=124558"},{"taxonomy":"product_tag","embeddable":true,"href":"https:\/\/marktxxl.de\/markt\/wp-json\/wp\/v2\/product_tag?post=124558"}],"curies":[{"name":"wp","href":"https:\/\/api.w.org\/{rel}","templated":true}]}}