{"id":124500,"date":"2022-05-15T11:58:18","date_gmt":"2022-05-15T09:58:18","guid":{"rendered":"https:\/\/marktxxl.de\/markt\/produkt\/h-m-hangover-mask-parent\/"},"modified":"2023-04-09T03:34:34","modified_gmt":"2023-04-09T01:34:34","slug":"h-m-hangover-mask-parent","status":"publish","type":"product","link":"https:\/\/marktxxl.de\/markt\/produkt\/h-m-hangover-mask-parent\/","title":{"rendered":"K\u00fchlmaske Gesicht gegen Geschwollene und M\u00fcde Augen\u2502 Augenringe\u2502 Kopfschmerzen\u2502 Migr\u00e4ne\u2502 Kater und Sonnenbrand &#8211; W\u00e4rme\u2026"},"content":{"rendered":"<p>WOF\u00dcR EIGNET SICH DIE K\u00dcHLBRILLE? \u2013 Unser Produkt wurde wissenschaftlich entwickelt und bei Kopfschmerzen, Migr\u00e4ne, geschwollener Gesichtshaut, Augenringen, Falten und Kater wirkt die Augenmaske k\u00fchlend. Die Unbedenklichkeit der Maske wurde von unabh\u00e4ngiger Stelle best\u00e4tigt. Dank ihrer hohen Qualit\u00e4t beruhigt diese langlebige K\u00fchlmaske Augen und Gesicht und ist wiederverwendbar.<br \/>\nNUTZEN SIE UNSERE AUGEN K\u00dcHLMASKE F\u00dcR DIE T\u00c4GLICHE SCH\u00d6NHEITSROUTINE! &#8211; Geschwollene Gesichtshaut wird gedehnt und ist somit anf\u00e4lliger f\u00fcr Falten. Beruhigen Sie die Haut mit der K\u00fchlmaske und bek\u00e4mpfen Sie kleine F\u00e4ltchen effektiv. Integrieren Sie die Augenk\u00fchlmaske in Ihr Beauty-Ritual und reduzieren Sie ger\u00f6tete Haut und Schwellungen f\u00fcr ein straffes Aussehen.<br \/>\nBEK\u00c4MPFEN SIE DEN KATER! &#8211; Auch die sch\u00f6nste Party geht einmal zu Ende. Werden Sie am n\u00e4chsten Tag schnell wieder fit und freuen Sie sich auf die wohltuende Wirkung mit der unsere Gel Augenmaske k\u00fchlend Abhilfe gegen Kater-Kopfschmerzen schafft, damit diese schon bald vergessen sind.<br \/>\nEINFACHE ANWENDUNG! &#8211; Setzen Sie die Augenmaske auf und stellen Sie die B\u00e4nder mit dem Klettverschluss komfortabel ein. Legen Sie sich bequem hin und genie\u00dfen Sie die wohltuende Wirkung unserer Maske! Das weiche Material der Maske ist latexfrei und passt sich sanft den Gesichtskonturen an. Das k\u00fchlende Gel wirkt zielgerichtet auf die Haut ein und sorgt sofort f\u00fcr Linderung. Nutzen Sie sie auch als w\u00e4rmende Augenmaske: Einfach vor Benutzung f\u00fcr 5 Minuten in hei\u00dfes Wasser legen.<br \/>\nUNBEDENKLICH UND LANGLEBIG! &#8211; Die hohe Qualit\u00e4t unserer Produkte steht bei uns an erster Stelle. Unsere Eismaske ist mit wohltuendem Gel gef\u00fcllt, das absolut unbedenklich f\u00fcr die Haut und die Gesundheit ist &#8211; Dies wurde von unabh\u00e4ngiger Stelle best\u00e4tigt. Durch die hochwertige Verarbeitung mit doppelter Naht ist die W\u00e4rmebrille widerstandsf\u00e4hig und wird Ihnen lange Freude bereiten.<br \/>\n<div class=\"main-cross-sell\" data-asin=\"B084GR9N9J\">\n\n\t<div class=\"WooZone-cross-sell-loader\">\n\t\t<div>\n\t\t\t<div id=\"floatingBarsG\">\n\t\t\t\t<div class=\"blockG\" id=\"rotateG_01\"><\/div>\n\t\t\t\t<div class=\"blockG\" id=\"rotateG_02\"><\/div>\n\t\t\t\t<div class=\"blockG\" id=\"rotateG_03\"><\/div>\n\t\t\t\t<div class=\"blockG\" id=\"rotateG_04\"><\/div>\n\t\t\t\t<div class=\"blockG\" id=\"rotateG_05\"><\/div>\n\t\t\t\t<div class=\"blockG\" id=\"rotateG_06\"><\/div>\n\t\t\t\t<div class=\"blockG\" id=\"rotateG_07\"><\/div>\n\t\t\t\t<div class=\"blockG\" id=\"rotateG_08\"><\/div>\n\t\t\t<\/div>\n\t\t\t<div class=\"WooZone-cross-sell-loader-text\"><\/div>\n\t\t<\/div>\n\t<\/div>\n\n\t\t\n<\/div>\n<div style=\"clear:both;\"><\/div><\/p>\n","protected":false},"excerpt":{"rendered":"<p>WOF\u00dcR EIGNET SICH DIE K\u00dcHLBRILLE? \u2013 Unser Produkt wurde wissenschaftlich entwickelt und bei Kopfschmerzen, Migr\u00e4ne, geschwollener Gesichtshaut, Augenringen, Falten und Kater wirkt die Augenmaske k\u00fchlend. Die Unbedenklichkeit der Maske wurde von unabh\u00e4ngiger Stelle best\u00e4tigt. Dank ihrer hohen Qualit\u00e4t beruhigt diese langlebige K\u00fchlmaske Augen und Gesicht und ist wiederverwendbar.<br \/>\nNUTZEN SIE UNSERE AUGEN K\u00dcHLMASKE F\u00dcR DIE T\u00c4GLICHE SCH\u00d6NHEITSROUTINE! &#8211; Geschwollene Gesichtshaut wird gedehnt und ist somit anf\u00e4lliger f\u00fcr Falten. Beruhigen Sie die Haut mit der K\u00fchlmaske und bek\u00e4mpfen Sie kleine F\u00e4ltchen effektiv. Integrieren Sie die Augenk\u00fchlmaske in Ihr Beauty-Ritual und reduzieren Sie ger\u00f6tete Haut und Schwellungen f\u00fcr ein straffes Aussehen.<br \/>\nBEK\u00c4MPFEN SIE DEN KATER! &#8211; Auch die sch\u00f6nste Party geht einmal zu Ende. Werden Sie am n\u00e4chsten Tag schnell wieder fit und freuen Sie sich auf die wohltuende Wirkung mit der unsere Gel Augenmaske k\u00fchlend Abhilfe gegen Kater-Kopfschmerzen schafft, damit diese schon bald vergessen sind.<\/p>\n","protected":false},"featured_media":124501,"comment_status":"open","ping_status":"closed","template":"","meta":[],"product_brand":[],"product_cat":[2858,7726],"product_tag":[],"class_list":{"0":"post-124500","1":"product","2":"type-product","3":"status-publish","4":"has-post-thumbnail","6":"product_cat-beauty","7":"product_cat-zubehoer-beauty","8":"pa_binding-misc","9":"pa_brand-h-m-hangover-mask","10":"pa_manufacturer-dongguan-zehua-daily-commodity-factory","12":"first","13":"instock","14":"shipping-taxable","15":"purchasable","16":"product-type-simple","17":"customify-col","18":"product-has-gallery"},"yoast_head":"<!-- This site is optimized with the Yoast SEO plugin v27.4 - https:\/\/yoast.com\/product\/yoast-seo-wordpress\/ -->\n<title>K\u00fchlmaske Gesicht gegen Geschwollene und M\u00fcde Augen\u2502 Augenringe\u2502 Kopfschmerzen\u2502 Migr\u00e4ne\u2502 Kater und Sonnenbrand - W\u00e4rme\u2026 - Markt-XXL<\/title>\n<meta name=\"description\" content=\"Markt-XXL K\u00fchlmaske Gesicht gegen Geschwollene und M\u00fcde Augen\u2502 Augenringe\u2502 Kopfschmerzen\u2502 Migr\u00e4ne\u2502 Kater und Sonnenbrand - W\u00e4rme\u2026\" \/>\n<meta name=\"robots\" content=\"index, follow, max-snippet:-1, max-image-preview:large, max-video-preview:-1\" \/>\n<link rel=\"canonical\" href=\"https:\/\/marktxxl.de\/markt\/produkt\/h-m-hangover-mask-parent\/\" \/>\n<meta property=\"og:locale\" content=\"de_DE\" \/>\n<meta property=\"og:type\" content=\"article\" \/>\n<meta property=\"og:title\" content=\"K\u00fchlmaske Gesicht gegen Geschwollene und M\u00fcde Augen\u2502 Augenringe\u2502 Kopfschmerzen\u2502 Migr\u00e4ne\u2502 Kater und Sonnenbrand - W\u00e4rme\u2026 - Markt-XXL\" \/>\n<meta property=\"og:description\" content=\"Markt-XXL K\u00fchlmaske Gesicht gegen Geschwollene und M\u00fcde Augen\u2502 Augenringe\u2502 Kopfschmerzen\u2502 Migr\u00e4ne\u2502 Kater und Sonnenbrand - W\u00e4rme\u2026\" \/>\n<meta property=\"og:url\" content=\"https:\/\/marktxxl.de\/markt\/produkt\/h-m-hangover-mask-parent\/\" \/>\n<meta property=\"og:site_name\" content=\"Markt-XXL\" \/>\n<meta property=\"article:modified_time\" content=\"2023-04-09T01:34:34+00:00\" \/>\n<meta property=\"og:image\" content=\"https:\/\/m.media-amazon.com\/images\/I\/51TLNht6KTL._SL500_.jpg\" \/>\n\t<meta property=\"og:image:width\" content=\"455\" \/>\n\t<meta property=\"og:image:height\" content=\"500\" \/>\n\t<meta property=\"og:image:type\" content=\"image\/jpeg\" \/>\n<meta name=\"twitter:card\" content=\"summary_large_image\" \/>\n<meta name=\"twitter:label1\" content=\"Gesch\u00e4tzte Lesezeit\" \/>\n\t<meta name=\"twitter:data1\" content=\"2\u00a0Minuten\" \/>\n<script type=\"application\/ld+json\" class=\"yoast-schema-graph\">{\"@context\":\"https:\\\/\\\/schema.org\",\"@graph\":[{\"@type\":\"WebPage\",\"@id\":\"https:\\\/\\\/marktxxl.de\\\/markt\\\/produkt\\\/h-m-hangover-mask-parent\\\/\",\"url\":\"https:\\\/\\\/marktxxl.de\\\/markt\\\/produkt\\\/h-m-hangover-mask-parent\\\/\",\"name\":\"K\u00fchlmaske Gesicht gegen Geschwollene und M\u00fcde Augen\u2502 Augenringe\u2502 Kopfschmerzen\u2502 Migr\u00e4ne\u2502 Kater und Sonnenbrand - W\u00e4rme\u2026 - Markt-XXL\",\"isPartOf\":{\"@id\":\"https:\\\/\\\/marktxxl.de\\\/markt\\\/#website\"},\"primaryImageOfPage\":{\"@id\":\"https:\\\/\\\/marktxxl.de\\\/markt\\\/produkt\\\/h-m-hangover-mask-parent\\\/#primaryimage\"},\"image\":{\"@id\":\"https:\\\/\\\/marktxxl.de\\\/markt\\\/produkt\\\/h-m-hangover-mask-parent\\\/#primaryimage\"},\"thumbnailUrl\":\"https:\\\/\\\/m.media-amazon.com\\\/images\\\/I\\\/51TLNht6KTL._SL500_.jpg\",\"datePublished\":\"2022-05-15T09:58:18+00:00\",\"dateModified\":\"2023-04-09T01:34:34+00:00\",\"description\":\"Markt-XXL K\u00fchlmaske Gesicht gegen Geschwollene und M\u00fcde Augen\u2502 Augenringe\u2502 Kopfschmerzen\u2502 Migr\u00e4ne\u2502 Kater und Sonnenbrand - W\u00e4rme\u2026\",\"breadcrumb\":{\"@id\":\"https:\\\/\\\/marktxxl.de\\\/markt\\\/produkt\\\/h-m-hangover-mask-parent\\\/#breadcrumb\"},\"inLanguage\":\"de\",\"potentialAction\":[{\"@type\":\"ReadAction\",\"target\":[\"https:\\\/\\\/marktxxl.de\\\/markt\\\/produkt\\\/h-m-hangover-mask-parent\\\/\"]}]},{\"@type\":\"ImageObject\",\"inLanguage\":\"de\",\"@id\":\"https:\\\/\\\/marktxxl.de\\\/markt\\\/produkt\\\/h-m-hangover-mask-parent\\\/#primaryimage\",\"url\":\"https:\\\/\\\/m.media-amazon.com\\\/images\\\/I\\\/51TLNht6KTL._SL500_.jpg\",\"contentUrl\":\"https:\\\/\\\/m.media-amazon.com\\\/images\\\/I\\\/51TLNht6KTL._SL500_.jpg\",\"width\":455,\"height\":500},{\"@type\":\"BreadcrumbList\",\"@id\":\"https:\\\/\\\/marktxxl.de\\\/markt\\\/produkt\\\/h-m-hangover-mask-parent\\\/#breadcrumb\",\"itemListElement\":[{\"@type\":\"ListItem\",\"position\":1,\"name\":\"Startseite\",\"item\":\"https:\\\/\\\/marktxxl.de\\\/markt\\\/\"},{\"@type\":\"ListItem\",\"position\":2,\"name\":\"Markt\",\"item\":\"https:\\\/\\\/marktxxl.de\\\/markt\\\/\"},{\"@type\":\"ListItem\",\"position\":3,\"name\":\"K\u00fchlmaske Gesicht gegen Geschwollene und M\u00fcde Augen\u2502 Augenringe\u2502 Kopfschmerzen\u2502 Migr\u00e4ne\u2502 Kater und Sonnenbrand &#8211; W\u00e4rme\u2026\"}]},{\"@type\":\"WebSite\",\"@id\":\"https:\\\/\\\/marktxxl.de\\\/markt\\\/#website\",\"url\":\"https:\\\/\\\/marktxxl.de\\\/markt\\\/\",\"name\":\"Markt-XXL\",\"description\":\"Ihr Markt Online\",\"publisher\":{\"@id\":\"https:\\\/\\\/marktxxl.de\\\/markt\\\/#organization\"},\"potentialAction\":[{\"@type\":\"SearchAction\",\"target\":{\"@type\":\"EntryPoint\",\"urlTemplate\":\"https:\\\/\\\/marktxxl.de\\\/markt\\\/?s={search_term_string}\"},\"query-input\":{\"@type\":\"PropertyValueSpecification\",\"valueRequired\":true,\"valueName\":\"search_term_string\"}}],\"inLanguage\":\"de\"},{\"@type\":\"Organization\",\"@id\":\"https:\\\/\\\/marktxxl.de\\\/markt\\\/#organization\",\"name\":\"Markt-XXL\",\"url\":\"https:\\\/\\\/marktxxl.de\\\/markt\\\/\",\"logo\":{\"@type\":\"ImageObject\",\"inLanguage\":\"de\",\"@id\":\"https:\\\/\\\/marktxxl.de\\\/markt\\\/#\\\/schema\\\/logo\\\/image\\\/\",\"url\":\"https:\\\/\\\/marktxxl.de\\\/markt\\\/wp-content\\\/uploads\\\/sites\\\/3\\\/2020\\\/12\\\/logo.png\",\"contentUrl\":\"https:\\\/\\\/marktxxl.de\\\/markt\\\/wp-content\\\/uploads\\\/sites\\\/3\\\/2020\\\/12\\\/logo.png\",\"width\":200,\"height\":70,\"caption\":\"Markt-XXL\"},\"image\":{\"@id\":\"https:\\\/\\\/marktxxl.de\\\/markt\\\/#\\\/schema\\\/logo\\\/image\\\/\"}}]}<\/script>\n<!-- \/ Yoast SEO plugin. -->","yoast_head_json":{"title":"K\u00fchlmaske Gesicht gegen Geschwollene und M\u00fcde Augen\u2502 Augenringe\u2502 Kopfschmerzen\u2502 Migr\u00e4ne\u2502 Kater und Sonnenbrand - W\u00e4rme\u2026 - Markt-XXL","description":"Markt-XXL K\u00fchlmaske Gesicht gegen Geschwollene und M\u00fcde Augen\u2502 Augenringe\u2502 Kopfschmerzen\u2502 Migr\u00e4ne\u2502 Kater und Sonnenbrand - W\u00e4rme\u2026","robots":{"index":"index","follow":"follow","max-snippet":"max-snippet:-1","max-image-preview":"max-image-preview:large","max-video-preview":"max-video-preview:-1"},"canonical":"https:\/\/marktxxl.de\/markt\/produkt\/h-m-hangover-mask-parent\/","og_locale":"de_DE","og_type":"article","og_title":"K\u00fchlmaske Gesicht gegen Geschwollene und M\u00fcde Augen\u2502 Augenringe\u2502 Kopfschmerzen\u2502 Migr\u00e4ne\u2502 Kater und Sonnenbrand - W\u00e4rme\u2026 - Markt-XXL","og_description":"Markt-XXL K\u00fchlmaske Gesicht gegen Geschwollene und M\u00fcde Augen\u2502 Augenringe\u2502 Kopfschmerzen\u2502 Migr\u00e4ne\u2502 Kater und Sonnenbrand - W\u00e4rme\u2026","og_url":"https:\/\/marktxxl.de\/markt\/produkt\/h-m-hangover-mask-parent\/","og_site_name":"Markt-XXL","article_modified_time":"2023-04-09T01:34:34+00:00","og_image":[{"width":455,"height":500,"url":"https:\/\/m.media-amazon.com\/images\/I\/51TLNht6KTL._SL500_.jpg","type":"image\/jpeg"}],"twitter_card":"summary_large_image","twitter_misc":{"Gesch\u00e4tzte Lesezeit":"2\u00a0Minuten"},"schema":{"@context":"https:\/\/schema.org","@graph":[{"@type":"WebPage","@id":"https:\/\/marktxxl.de\/markt\/produkt\/h-m-hangover-mask-parent\/","url":"https:\/\/marktxxl.de\/markt\/produkt\/h-m-hangover-mask-parent\/","name":"K\u00fchlmaske Gesicht gegen Geschwollene und M\u00fcde Augen\u2502 Augenringe\u2502 Kopfschmerzen\u2502 Migr\u00e4ne\u2502 Kater und Sonnenbrand - W\u00e4rme\u2026 - Markt-XXL","isPartOf":{"@id":"https:\/\/marktxxl.de\/markt\/#website"},"primaryImageOfPage":{"@id":"https:\/\/marktxxl.de\/markt\/produkt\/h-m-hangover-mask-parent\/#primaryimage"},"image":{"@id":"https:\/\/marktxxl.de\/markt\/produkt\/h-m-hangover-mask-parent\/#primaryimage"},"thumbnailUrl":"https:\/\/m.media-amazon.com\/images\/I\/51TLNht6KTL._SL500_.jpg","datePublished":"2022-05-15T09:58:18+00:00","dateModified":"2023-04-09T01:34:34+00:00","description":"Markt-XXL K\u00fchlmaske Gesicht gegen Geschwollene und M\u00fcde Augen\u2502 Augenringe\u2502 Kopfschmerzen\u2502 Migr\u00e4ne\u2502 Kater und Sonnenbrand - W\u00e4rme\u2026","breadcrumb":{"@id":"https:\/\/marktxxl.de\/markt\/produkt\/h-m-hangover-mask-parent\/#breadcrumb"},"inLanguage":"de","potentialAction":[{"@type":"ReadAction","target":["https:\/\/marktxxl.de\/markt\/produkt\/h-m-hangover-mask-parent\/"]}]},{"@type":"ImageObject","inLanguage":"de","@id":"https:\/\/marktxxl.de\/markt\/produkt\/h-m-hangover-mask-parent\/#primaryimage","url":"https:\/\/m.media-amazon.com\/images\/I\/51TLNht6KTL._SL500_.jpg","contentUrl":"https:\/\/m.media-amazon.com\/images\/I\/51TLNht6KTL._SL500_.jpg","width":455,"height":500},{"@type":"BreadcrumbList","@id":"https:\/\/marktxxl.de\/markt\/produkt\/h-m-hangover-mask-parent\/#breadcrumb","itemListElement":[{"@type":"ListItem","position":1,"name":"Startseite","item":"https:\/\/marktxxl.de\/markt\/"},{"@type":"ListItem","position":2,"name":"Markt","item":"https:\/\/marktxxl.de\/markt\/"},{"@type":"ListItem","position":3,"name":"K\u00fchlmaske Gesicht gegen Geschwollene und M\u00fcde Augen\u2502 Augenringe\u2502 Kopfschmerzen\u2502 Migr\u00e4ne\u2502 Kater und Sonnenbrand &#8211; W\u00e4rme\u2026"}]},{"@type":"WebSite","@id":"https:\/\/marktxxl.de\/markt\/#website","url":"https:\/\/marktxxl.de\/markt\/","name":"Markt-XXL","description":"Ihr Markt Online","publisher":{"@id":"https:\/\/marktxxl.de\/markt\/#organization"},"potentialAction":[{"@type":"SearchAction","target":{"@type":"EntryPoint","urlTemplate":"https:\/\/marktxxl.de\/markt\/?s={search_term_string}"},"query-input":{"@type":"PropertyValueSpecification","valueRequired":true,"valueName":"search_term_string"}}],"inLanguage":"de"},{"@type":"Organization","@id":"https:\/\/marktxxl.de\/markt\/#organization","name":"Markt-XXL","url":"https:\/\/marktxxl.de\/markt\/","logo":{"@type":"ImageObject","inLanguage":"de","@id":"https:\/\/marktxxl.de\/markt\/#\/schema\/logo\/image\/","url":"https:\/\/marktxxl.de\/markt\/wp-content\/uploads\/sites\/3\/2020\/12\/logo.png","contentUrl":"https:\/\/marktxxl.de\/markt\/wp-content\/uploads\/sites\/3\/2020\/12\/logo.png","width":200,"height":70,"caption":"Markt-XXL"},"image":{"@id":"https:\/\/marktxxl.de\/markt\/#\/schema\/logo\/image\/"}}]}},"_links":{"self":[{"href":"https:\/\/marktxxl.de\/markt\/wp-json\/wp\/v2\/product\/124500","targetHints":{"allow":["GET"]}}],"collection":[{"href":"https:\/\/marktxxl.de\/markt\/wp-json\/wp\/v2\/product"}],"about":[{"href":"https:\/\/marktxxl.de\/markt\/wp-json\/wp\/v2\/types\/product"}],"replies":[{"embeddable":true,"href":"https:\/\/marktxxl.de\/markt\/wp-json\/wp\/v2\/comments?post=124500"}],"wp:featuredmedia":[{"embeddable":true,"href":"https:\/\/marktxxl.de\/markt\/wp-json\/wp\/v2\/media\/124501"}],"wp:attachment":[{"href":"https:\/\/marktxxl.de\/markt\/wp-json\/wp\/v2\/media?parent=124500"}],"wp:term":[{"taxonomy":"product_brand","embeddable":true,"href":"https:\/\/marktxxl.de\/markt\/wp-json\/wp\/v2\/product_brand?post=124500"},{"taxonomy":"product_cat","embeddable":true,"href":"https:\/\/marktxxl.de\/markt\/wp-json\/wp\/v2\/product_cat?post=124500"},{"taxonomy":"product_tag","embeddable":true,"href":"https:\/\/marktxxl.de\/markt\/wp-json\/wp\/v2\/product_tag?post=124500"}],"curies":[{"name":"wp","href":"https:\/\/api.w.org\/{rel}","templated":true}]}}