{"id":124456,"date":"2022-05-15T11:55:28","date_gmt":"2022-05-15T09:55:28","guid":{"rendered":"https:\/\/marktxxl.de\/markt\/produkt\/morfone-silikon-reiseflaschen-reiseflasche-16-stueck-silikon-reiseflaschen-set-tsa-approved-leak-proof-reiseflaschenset-fuer-shampoo-lotion-spuelung-duschgel%e3%80%90bpa-frei%e3%80%91\/"},"modified":"2023-04-09T03:34:33","modified_gmt":"2023-04-09T01:34:33","slug":"morfone-silikon-reiseflaschen-reiseflasche-16-stueck-silikon-reiseflaschen-set-tsa-approved-leak-proof-reiseflaschenset-fuer-shampoo-lotion-spuelung-duschgel%e3%80%90bpa-frei%e3%80%91","status":"publish","type":"product","link":"https:\/\/marktxxl.de\/markt\/produkt\/morfone-silikon-reiseflaschen-reiseflasche-16-stueck-silikon-reiseflaschen-set-tsa-approved-leak-proof-reiseflaschenset-fuer-shampoo-lotion-spuelung-duschgel%e3%80%90bpa-frei%e3%80%91\/","title":{"rendered":"Morfone Silikon Reiseflaschen, Reiseflasche 16 St\u00fcck Silikon Reiseflaschen Set TSA Approved Leak Proof Reiseflaschenset\u2026"},"content":{"rendered":"<p>\u2708Perfekter Partner f\u00fcr Reise: Verschiedene gr\u00f6\u00dfen von reiseflaschen und -beh\u00e4ltern,trifft breite palette von sch\u00f6nheitsprodukten und toilettenartikeln befriedigen, und eine vielzahl von kurzen, mittleren und langen reisen.<br \/>\n\u3010Sicheres Silikonmaterial\u3011 Dieses Reiseset aus lebensmittelechtem BPA-freiem Silikon ist robust, weich, zusammendr\u00fcckbar, flexibel und wiederverwendbar. Das sichere Material sorgt daf\u00fcr, dass Sie nicht nur Shampoo, Sp\u00fclung, Gesichtsseife, Sonnencreme, Cremes, Lotionen usw. aufbewahren k\u00f6nnen, sondern auch lebensmittelecht, verschiedene Gew\u00fcrze. Durch den weichen Silikonk\u00f6rper k\u00f6nnen Sie den Inhalt leicht zusammendr\u00fccken<br \/>\n\u3010Auslaufsicheres und Weithals-Design\u3011 Mit einem 3-lagigen Deckeldesign verhindern die Reisebeh\u00e4lter, dass Ihr Gep\u00e4ck und Ihre Kleidung w\u00e4hrend des Transports durch Fl\u00fcssigkeitslecks verschmutzt werden. Das Design mit weiter \u00d6ffnung erleichtert das Eingie\u00dfen Ihres Reisesets in Fl\u00fcssigkeiten und hilft Ihnen, den letzten Tropfen zu erhalten, ohne zu verschwenden<br \/>\n\u2708Humanisiertes Design: Gro\u00dfe \u00f6ffnung zum einfachen bef\u00fcllen, benanntes etikett , gro\u00df genug, um lotion, shampoo und conditioner leicht zu f\u00fcllen. Schrauben sie einfach die obere kappe ab und f\u00fcllen sie fl\u00fcssigkeiten in das loch. Au\u00dferdem kann der kunststoffring zum reinigen leicht abgenommen werden. Zur besseren reinigung wird eine b\u00fcrste mitgeliefert.<br \/>\n\u2708Du wirst Bekommen: 4 * flaschen,4 * pilzdose,2 * spr\u00fchflaschen,2 * l\u00f6ffel,1 * trichter,1 * etiketten,,1* saubere b\u00fcrste,1 * kulturbeutel , ein jahr garantie und 100% zufriedenstellender kundenservice.<br \/>\n<div class=\"main-cross-sell\" data-asin=\"B07VZMHZYC\">\n\n\t<div class=\"WooZone-cross-sell-loader\">\n\t\t<div>\n\t\t\t<div id=\"floatingBarsG\">\n\t\t\t\t<div class=\"blockG\" id=\"rotateG_01\"><\/div>\n\t\t\t\t<div class=\"blockG\" id=\"rotateG_02\"><\/div>\n\t\t\t\t<div class=\"blockG\" id=\"rotateG_03\"><\/div>\n\t\t\t\t<div class=\"blockG\" id=\"rotateG_04\"><\/div>\n\t\t\t\t<div class=\"blockG\" id=\"rotateG_05\"><\/div>\n\t\t\t\t<div class=\"blockG\" id=\"rotateG_06\"><\/div>\n\t\t\t\t<div class=\"blockG\" id=\"rotateG_07\"><\/div>\n\t\t\t\t<div class=\"blockG\" id=\"rotateG_08\"><\/div>\n\t\t\t<\/div>\n\t\t\t<div class=\"WooZone-cross-sell-loader-text\"><\/div>\n\t\t<\/div>\n\t<\/div>\n\n\t\t\n<\/div>\n<div style=\"clear:both;\"><\/div><\/p>\n","protected":false},"excerpt":{"rendered":"<p>\u2708Perfekter Partner f\u00fcr Reise: Verschiedene gr\u00f6\u00dfen von reiseflaschen und -beh\u00e4ltern,trifft breite palette von sch\u00f6nheitsprodukten und toilettenartikeln befriedigen, und eine vielzahl von kurzen, mittleren und langen reisen.<br \/>\n\u3010Sicheres Silikonmaterial\u3011 Dieses Reiseset aus lebensmittelechtem BPA-freiem Silikon ist robust, weich, zusammendr\u00fcckbar, flexibel und wiederverwendbar. Das sichere Material sorgt daf\u00fcr, dass Sie nicht nur Shampoo, Sp\u00fclung, Gesichtsseife, Sonnencreme, Cremes, Lotionen usw. aufbewahren k\u00f6nnen, sondern auch lebensmittelecht, verschiedene Gew\u00fcrze. Durch den weichen Silikonk\u00f6rper k\u00f6nnen Sie den Inhalt leicht zusammendr\u00fccken<br \/>\n\u3010Auslaufsicheres und Weithals-Design\u3011 Mit einem 3-lagigen Deckeldesign verhindern die Reisebeh\u00e4lter, dass Ihr Gep\u00e4ck und Ihre Kleidung w\u00e4hrend des Transports durch Fl\u00fcssigkeitslecks verschmutzt werden. Das Design mit weiter \u00d6ffnung erleichtert das Eingie\u00dfen Ihres Reisesets in Fl\u00fcssigkeiten und hilft Ihnen, den letzten Tropfen zu erhalten, ohne zu verschwenden<\/p>\n","protected":false},"featured_media":124457,"comment_status":"open","ping_status":"closed","template":"","meta":[],"product_brand":[],"product_cat":[2858,7726],"product_tag":[],"class_list":{"0":"post-124456","1":"product","2":"type-product","3":"status-publish","4":"has-post-thumbnail","6":"product_cat-beauty","7":"product_cat-zubehoer-beauty","8":"pa_brand-morfone","9":"pa_color-orange","10":"pa_size-l","12":"first","13":"instock","14":"shipping-taxable","15":"purchasable","16":"product-type-simple","17":"customify-col","18":"product-has-gallery"},"yoast_head":"<!-- This site is optimized with the Yoast SEO plugin v27.4 - https:\/\/yoast.com\/product\/yoast-seo-wordpress\/ -->\n<title>Morfone Silikon Reiseflaschen, Reiseflasche 16 St\u00fcck Silikon Reiseflaschen Set TSA Approved Leak Proof Reiseflaschenset\u2026 - Markt-XXL<\/title>\n<meta name=\"description\" content=\"Markt-XXL Morfone Silikon Reiseflaschen, Reiseflasche 16 St\u00fcck Silikon Reiseflaschen Set TSA Approved Leak Proof Reiseflaschenset\u2026\" \/>\n<meta name=\"robots\" content=\"index, follow, max-snippet:-1, max-image-preview:large, max-video-preview:-1\" \/>\n<link rel=\"canonical\" href=\"https:\/\/marktxxl.de\/markt\/produkt\/morfone-silikon-reiseflaschen-reiseflasche-16-stueck-silikon-reiseflaschen-set-tsa-approved-leak-proof-reiseflaschenset-fuer-shampoo-lotion-spuelung-duschgel\u3010bpa-frei\u3011\/\" \/>\n<meta property=\"og:locale\" content=\"de_DE\" \/>\n<meta property=\"og:type\" content=\"article\" \/>\n<meta property=\"og:title\" content=\"Morfone Silikon Reiseflaschen, Reiseflasche 16 St\u00fcck Silikon Reiseflaschen Set TSA Approved Leak Proof Reiseflaschenset\u2026 - Markt-XXL\" \/>\n<meta property=\"og:description\" content=\"Markt-XXL Morfone Silikon Reiseflaschen, Reiseflasche 16 St\u00fcck Silikon Reiseflaschen Set TSA Approved Leak Proof Reiseflaschenset\u2026\" \/>\n<meta property=\"og:url\" content=\"https:\/\/marktxxl.de\/markt\/produkt\/morfone-silikon-reiseflaschen-reiseflasche-16-stueck-silikon-reiseflaschen-set-tsa-approved-leak-proof-reiseflaschenset-fuer-shampoo-lotion-spuelung-duschgel\u3010bpa-frei\u3011\/\" \/>\n<meta property=\"og:site_name\" content=\"Markt-XXL\" \/>\n<meta property=\"article:modified_time\" content=\"2023-04-09T01:34:33+00:00\" \/>\n<meta property=\"og:image\" content=\"https:\/\/m.media-amazon.com\/images\/I\/41JPafGP3WL._SL500_.jpg\" \/>\n\t<meta property=\"og:image:width\" content=\"500\" \/>\n\t<meta property=\"og:image:height\" content=\"500\" \/>\n\t<meta property=\"og:image:type\" content=\"image\/jpeg\" \/>\n<meta name=\"twitter:card\" content=\"summary_large_image\" \/>\n<meta name=\"twitter:label1\" content=\"Gesch\u00e4tzte Lesezeit\" \/>\n\t<meta name=\"twitter:data1\" content=\"1\u00a0Minute\" \/>\n<script type=\"application\/ld+json\" class=\"yoast-schema-graph\">{\"@context\":\"https:\\\/\\\/schema.org\",\"@graph\":[{\"@type\":\"WebPage\",\"@id\":\"https:\\\/\\\/marktxxl.de\\\/markt\\\/produkt\\\/morfone-silikon-reiseflaschen-reiseflasche-16-stueck-silikon-reiseflaschen-set-tsa-approved-leak-proof-reiseflaschenset-fuer-shampoo-lotion-spuelung-duschgel%e3%80%90bpa-frei%e3%80%91\\\/\",\"url\":\"https:\\\/\\\/marktxxl.de\\\/markt\\\/produkt\\\/morfone-silikon-reiseflaschen-reiseflasche-16-stueck-silikon-reiseflaschen-set-tsa-approved-leak-proof-reiseflaschenset-fuer-shampoo-lotion-spuelung-duschgel%e3%80%90bpa-frei%e3%80%91\\\/\",\"name\":\"Morfone Silikon Reiseflaschen, Reiseflasche 16 St\u00fcck Silikon Reiseflaschen Set TSA Approved Leak Proof Reiseflaschenset\u2026 - Markt-XXL\",\"isPartOf\":{\"@id\":\"https:\\\/\\\/marktxxl.de\\\/markt\\\/#website\"},\"primaryImageOfPage\":{\"@id\":\"https:\\\/\\\/marktxxl.de\\\/markt\\\/produkt\\\/morfone-silikon-reiseflaschen-reiseflasche-16-stueck-silikon-reiseflaschen-set-tsa-approved-leak-proof-reiseflaschenset-fuer-shampoo-lotion-spuelung-duschgel%e3%80%90bpa-frei%e3%80%91\\\/#primaryimage\"},\"image\":{\"@id\":\"https:\\\/\\\/marktxxl.de\\\/markt\\\/produkt\\\/morfone-silikon-reiseflaschen-reiseflasche-16-stueck-silikon-reiseflaschen-set-tsa-approved-leak-proof-reiseflaschenset-fuer-shampoo-lotion-spuelung-duschgel%e3%80%90bpa-frei%e3%80%91\\\/#primaryimage\"},\"thumbnailUrl\":\"https:\\\/\\\/m.media-amazon.com\\\/images\\\/I\\\/41JPafGP3WL._SL500_.jpg\",\"datePublished\":\"2022-05-15T09:55:28+00:00\",\"dateModified\":\"2023-04-09T01:34:33+00:00\",\"description\":\"Markt-XXL Morfone Silikon Reiseflaschen, Reiseflasche 16 St\u00fcck Silikon Reiseflaschen Set TSA Approved Leak Proof Reiseflaschenset\u2026\",\"breadcrumb\":{\"@id\":\"https:\\\/\\\/marktxxl.de\\\/markt\\\/produkt\\\/morfone-silikon-reiseflaschen-reiseflasche-16-stueck-silikon-reiseflaschen-set-tsa-approved-leak-proof-reiseflaschenset-fuer-shampoo-lotion-spuelung-duschgel%e3%80%90bpa-frei%e3%80%91\\\/#breadcrumb\"},\"inLanguage\":\"de\",\"potentialAction\":[{\"@type\":\"ReadAction\",\"target\":[\"https:\\\/\\\/marktxxl.de\\\/markt\\\/produkt\\\/morfone-silikon-reiseflaschen-reiseflasche-16-stueck-silikon-reiseflaschen-set-tsa-approved-leak-proof-reiseflaschenset-fuer-shampoo-lotion-spuelung-duschgel%e3%80%90bpa-frei%e3%80%91\\\/\"]}]},{\"@type\":\"ImageObject\",\"inLanguage\":\"de\",\"@id\":\"https:\\\/\\\/marktxxl.de\\\/markt\\\/produkt\\\/morfone-silikon-reiseflaschen-reiseflasche-16-stueck-silikon-reiseflaschen-set-tsa-approved-leak-proof-reiseflaschenset-fuer-shampoo-lotion-spuelung-duschgel%e3%80%90bpa-frei%e3%80%91\\\/#primaryimage\",\"url\":\"https:\\\/\\\/m.media-amazon.com\\\/images\\\/I\\\/41JPafGP3WL._SL500_.jpg\",\"contentUrl\":\"https:\\\/\\\/m.media-amazon.com\\\/images\\\/I\\\/41JPafGP3WL._SL500_.jpg\",\"width\":500,\"height\":500},{\"@type\":\"BreadcrumbList\",\"@id\":\"https:\\\/\\\/marktxxl.de\\\/markt\\\/produkt\\\/morfone-silikon-reiseflaschen-reiseflasche-16-stueck-silikon-reiseflaschen-set-tsa-approved-leak-proof-reiseflaschenset-fuer-shampoo-lotion-spuelung-duschgel%e3%80%90bpa-frei%e3%80%91\\\/#breadcrumb\",\"itemListElement\":[{\"@type\":\"ListItem\",\"position\":1,\"name\":\"Startseite\",\"item\":\"https:\\\/\\\/marktxxl.de\\\/markt\\\/\"},{\"@type\":\"ListItem\",\"position\":2,\"name\":\"Markt\",\"item\":\"https:\\\/\\\/marktxxl.de\\\/markt\\\/\"},{\"@type\":\"ListItem\",\"position\":3,\"name\":\"Morfone Silikon Reiseflaschen, Reiseflasche 16 St\u00fcck Silikon Reiseflaschen Set TSA Approved Leak Proof Reiseflaschenset\u2026\"}]},{\"@type\":\"WebSite\",\"@id\":\"https:\\\/\\\/marktxxl.de\\\/markt\\\/#website\",\"url\":\"https:\\\/\\\/marktxxl.de\\\/markt\\\/\",\"name\":\"Markt-XXL\",\"description\":\"Ihr Markt Online\",\"publisher\":{\"@id\":\"https:\\\/\\\/marktxxl.de\\\/markt\\\/#organization\"},\"potentialAction\":[{\"@type\":\"SearchAction\",\"target\":{\"@type\":\"EntryPoint\",\"urlTemplate\":\"https:\\\/\\\/marktxxl.de\\\/markt\\\/?s={search_term_string}\"},\"query-input\":{\"@type\":\"PropertyValueSpecification\",\"valueRequired\":true,\"valueName\":\"search_term_string\"}}],\"inLanguage\":\"de\"},{\"@type\":\"Organization\",\"@id\":\"https:\\\/\\\/marktxxl.de\\\/markt\\\/#organization\",\"name\":\"Markt-XXL\",\"url\":\"https:\\\/\\\/marktxxl.de\\\/markt\\\/\",\"logo\":{\"@type\":\"ImageObject\",\"inLanguage\":\"de\",\"@id\":\"https:\\\/\\\/marktxxl.de\\\/markt\\\/#\\\/schema\\\/logo\\\/image\\\/\",\"url\":\"https:\\\/\\\/marktxxl.de\\\/markt\\\/wp-content\\\/uploads\\\/sites\\\/3\\\/2020\\\/12\\\/logo.png\",\"contentUrl\":\"https:\\\/\\\/marktxxl.de\\\/markt\\\/wp-content\\\/uploads\\\/sites\\\/3\\\/2020\\\/12\\\/logo.png\",\"width\":200,\"height\":70,\"caption\":\"Markt-XXL\"},\"image\":{\"@id\":\"https:\\\/\\\/marktxxl.de\\\/markt\\\/#\\\/schema\\\/logo\\\/image\\\/\"}}]}<\/script>\n<!-- \/ Yoast SEO plugin. -->","yoast_head_json":{"title":"Morfone Silikon Reiseflaschen, Reiseflasche 16 St\u00fcck Silikon Reiseflaschen Set TSA Approved Leak Proof Reiseflaschenset\u2026 - Markt-XXL","description":"Markt-XXL Morfone Silikon Reiseflaschen, Reiseflasche 16 St\u00fcck Silikon Reiseflaschen Set TSA Approved Leak Proof Reiseflaschenset\u2026","robots":{"index":"index","follow":"follow","max-snippet":"max-snippet:-1","max-image-preview":"max-image-preview:large","max-video-preview":"max-video-preview:-1"},"canonical":"https:\/\/marktxxl.de\/markt\/produkt\/morfone-silikon-reiseflaschen-reiseflasche-16-stueck-silikon-reiseflaschen-set-tsa-approved-leak-proof-reiseflaschenset-fuer-shampoo-lotion-spuelung-duschgel\u3010bpa-frei\u3011\/","og_locale":"de_DE","og_type":"article","og_title":"Morfone Silikon Reiseflaschen, Reiseflasche 16 St\u00fcck Silikon Reiseflaschen Set TSA Approved Leak Proof Reiseflaschenset\u2026 - Markt-XXL","og_description":"Markt-XXL Morfone Silikon Reiseflaschen, Reiseflasche 16 St\u00fcck Silikon Reiseflaschen Set TSA Approved Leak Proof Reiseflaschenset\u2026","og_url":"https:\/\/marktxxl.de\/markt\/produkt\/morfone-silikon-reiseflaschen-reiseflasche-16-stueck-silikon-reiseflaschen-set-tsa-approved-leak-proof-reiseflaschenset-fuer-shampoo-lotion-spuelung-duschgel\u3010bpa-frei\u3011\/","og_site_name":"Markt-XXL","article_modified_time":"2023-04-09T01:34:33+00:00","og_image":[{"width":500,"height":500,"url":"https:\/\/m.media-amazon.com\/images\/I\/41JPafGP3WL._SL500_.jpg","type":"image\/jpeg"}],"twitter_card":"summary_large_image","twitter_misc":{"Gesch\u00e4tzte Lesezeit":"1\u00a0Minute"},"schema":{"@context":"https:\/\/schema.org","@graph":[{"@type":"WebPage","@id":"https:\/\/marktxxl.de\/markt\/produkt\/morfone-silikon-reiseflaschen-reiseflasche-16-stueck-silikon-reiseflaschen-set-tsa-approved-leak-proof-reiseflaschenset-fuer-shampoo-lotion-spuelung-duschgel%e3%80%90bpa-frei%e3%80%91\/","url":"https:\/\/marktxxl.de\/markt\/produkt\/morfone-silikon-reiseflaschen-reiseflasche-16-stueck-silikon-reiseflaschen-set-tsa-approved-leak-proof-reiseflaschenset-fuer-shampoo-lotion-spuelung-duschgel%e3%80%90bpa-frei%e3%80%91\/","name":"Morfone Silikon Reiseflaschen, Reiseflasche 16 St\u00fcck Silikon Reiseflaschen Set TSA Approved Leak Proof Reiseflaschenset\u2026 - Markt-XXL","isPartOf":{"@id":"https:\/\/marktxxl.de\/markt\/#website"},"primaryImageOfPage":{"@id":"https:\/\/marktxxl.de\/markt\/produkt\/morfone-silikon-reiseflaschen-reiseflasche-16-stueck-silikon-reiseflaschen-set-tsa-approved-leak-proof-reiseflaschenset-fuer-shampoo-lotion-spuelung-duschgel%e3%80%90bpa-frei%e3%80%91\/#primaryimage"},"image":{"@id":"https:\/\/marktxxl.de\/markt\/produkt\/morfone-silikon-reiseflaschen-reiseflasche-16-stueck-silikon-reiseflaschen-set-tsa-approved-leak-proof-reiseflaschenset-fuer-shampoo-lotion-spuelung-duschgel%e3%80%90bpa-frei%e3%80%91\/#primaryimage"},"thumbnailUrl":"https:\/\/m.media-amazon.com\/images\/I\/41JPafGP3WL._SL500_.jpg","datePublished":"2022-05-15T09:55:28+00:00","dateModified":"2023-04-09T01:34:33+00:00","description":"Markt-XXL Morfone Silikon Reiseflaschen, Reiseflasche 16 St\u00fcck Silikon Reiseflaschen Set TSA Approved Leak Proof Reiseflaschenset\u2026","breadcrumb":{"@id":"https:\/\/marktxxl.de\/markt\/produkt\/morfone-silikon-reiseflaschen-reiseflasche-16-stueck-silikon-reiseflaschen-set-tsa-approved-leak-proof-reiseflaschenset-fuer-shampoo-lotion-spuelung-duschgel%e3%80%90bpa-frei%e3%80%91\/#breadcrumb"},"inLanguage":"de","potentialAction":[{"@type":"ReadAction","target":["https:\/\/marktxxl.de\/markt\/produkt\/morfone-silikon-reiseflaschen-reiseflasche-16-stueck-silikon-reiseflaschen-set-tsa-approved-leak-proof-reiseflaschenset-fuer-shampoo-lotion-spuelung-duschgel%e3%80%90bpa-frei%e3%80%91\/"]}]},{"@type":"ImageObject","inLanguage":"de","@id":"https:\/\/marktxxl.de\/markt\/produkt\/morfone-silikon-reiseflaschen-reiseflasche-16-stueck-silikon-reiseflaschen-set-tsa-approved-leak-proof-reiseflaschenset-fuer-shampoo-lotion-spuelung-duschgel%e3%80%90bpa-frei%e3%80%91\/#primaryimage","url":"https:\/\/m.media-amazon.com\/images\/I\/41JPafGP3WL._SL500_.jpg","contentUrl":"https:\/\/m.media-amazon.com\/images\/I\/41JPafGP3WL._SL500_.jpg","width":500,"height":500},{"@type":"BreadcrumbList","@id":"https:\/\/marktxxl.de\/markt\/produkt\/morfone-silikon-reiseflaschen-reiseflasche-16-stueck-silikon-reiseflaschen-set-tsa-approved-leak-proof-reiseflaschenset-fuer-shampoo-lotion-spuelung-duschgel%e3%80%90bpa-frei%e3%80%91\/#breadcrumb","itemListElement":[{"@type":"ListItem","position":1,"name":"Startseite","item":"https:\/\/marktxxl.de\/markt\/"},{"@type":"ListItem","position":2,"name":"Markt","item":"https:\/\/marktxxl.de\/markt\/"},{"@type":"ListItem","position":3,"name":"Morfone Silikon Reiseflaschen, Reiseflasche 16 St\u00fcck Silikon Reiseflaschen Set TSA Approved Leak Proof Reiseflaschenset\u2026"}]},{"@type":"WebSite","@id":"https:\/\/marktxxl.de\/markt\/#website","url":"https:\/\/marktxxl.de\/markt\/","name":"Markt-XXL","description":"Ihr Markt Online","publisher":{"@id":"https:\/\/marktxxl.de\/markt\/#organization"},"potentialAction":[{"@type":"SearchAction","target":{"@type":"EntryPoint","urlTemplate":"https:\/\/marktxxl.de\/markt\/?s={search_term_string}"},"query-input":{"@type":"PropertyValueSpecification","valueRequired":true,"valueName":"search_term_string"}}],"inLanguage":"de"},{"@type":"Organization","@id":"https:\/\/marktxxl.de\/markt\/#organization","name":"Markt-XXL","url":"https:\/\/marktxxl.de\/markt\/","logo":{"@type":"ImageObject","inLanguage":"de","@id":"https:\/\/marktxxl.de\/markt\/#\/schema\/logo\/image\/","url":"https:\/\/marktxxl.de\/markt\/wp-content\/uploads\/sites\/3\/2020\/12\/logo.png","contentUrl":"https:\/\/marktxxl.de\/markt\/wp-content\/uploads\/sites\/3\/2020\/12\/logo.png","width":200,"height":70,"caption":"Markt-XXL"},"image":{"@id":"https:\/\/marktxxl.de\/markt\/#\/schema\/logo\/image\/"}}]}},"_links":{"self":[{"href":"https:\/\/marktxxl.de\/markt\/wp-json\/wp\/v2\/product\/124456","targetHints":{"allow":["GET"]}}],"collection":[{"href":"https:\/\/marktxxl.de\/markt\/wp-json\/wp\/v2\/product"}],"about":[{"href":"https:\/\/marktxxl.de\/markt\/wp-json\/wp\/v2\/types\/product"}],"replies":[{"embeddable":true,"href":"https:\/\/marktxxl.de\/markt\/wp-json\/wp\/v2\/comments?post=124456"}],"wp:featuredmedia":[{"embeddable":true,"href":"https:\/\/marktxxl.de\/markt\/wp-json\/wp\/v2\/media\/124457"}],"wp:attachment":[{"href":"https:\/\/marktxxl.de\/markt\/wp-json\/wp\/v2\/media?parent=124456"}],"wp:term":[{"taxonomy":"product_brand","embeddable":true,"href":"https:\/\/marktxxl.de\/markt\/wp-json\/wp\/v2\/product_brand?post=124456"},{"taxonomy":"product_cat","embeddable":true,"href":"https:\/\/marktxxl.de\/markt\/wp-json\/wp\/v2\/product_cat?post=124456"},{"taxonomy":"product_tag","embeddable":true,"href":"https:\/\/marktxxl.de\/markt\/wp-json\/wp\/v2\/product_tag?post=124456"}],"curies":[{"name":"wp","href":"https:\/\/api.w.org\/{rel}","templated":true}]}}