{"id":124449,"date":"2022-05-15T11:55:24","date_gmt":"2022-05-15T09:55:24","guid":{"rendered":"https:\/\/marktxxl.de\/markt\/produkt\/uervoton-silikon-reiseflaschen-set-mit-transparent-kulturbeutel-handgepaeck-kosmetiktasche-auslaufsicher-reisebehaelter-fuer-shampoo-creme-spuelung-koerperpflege-und-andere-fluessige\/"},"modified":"2023-04-09T03:34:33","modified_gmt":"2023-04-09T01:34:33","slug":"uervoton-silikon-reiseflaschen-set-mit-transparent-kulturbeutel-handgepaeck-kosmetiktasche-auslaufsicher-reisebehaelter-fuer-shampoo-creme-spuelung-koerperpflege-und-andere-fluessige","status":"publish","type":"product","link":"https:\/\/marktxxl.de\/markt\/produkt\/uervoton-silikon-reiseflaschen-set-mit-transparent-kulturbeutel-handgepaeck-kosmetiktasche-auslaufsicher-reisebehaelter-fuer-shampoo-creme-spuelung-koerperpflege-und-andere-fluessige\/","title":{"rendered":"Uervoton Silikon Reiseflaschen Set mit Transparent Kulturbeutel, Handgep\u00e4ck Kosmetiktasche, Auslaufsicher Reisebeh\u00e4lter\u2026"},"content":{"rendered":"<p>[ Material von Lebensmittelqualit\u00e4t ] &#8211; Nashone-Reiseflaschen sind aus Silikon von Lebensmittelqualit\u00e4t mit FDA-Zertifizierung hergestellt, 100% BPA-frei sorgt f\u00fcr, dass es f\u00fcr den menschlichen K\u00f6rper harmlos ist. Es ist perfekt geeignet f\u00fcr Shampoos, Reinigungsmilch, Duschgel,Pflegesp\u00fclung, Lotionen und andere kosmetische Produkte, die auf Reisen mitgenommen werden m\u00fcssen.<br \/>\n[ Hervorragende lecksichere Leistung ] &#8211; diese Reiseflaschen verzichten auf die traditionellen defekten Flaschenkappe mit eingebauten Etiketten, sie nehmmen eine Kappe, die einfacher in der Konstruktion ist, aber besser lecksicher ist. 3 Anti-Leck-Schichten, die auf der Kappe der Reiseflasche angebracht sind, sch\u00fctzen Ihr Gep\u00e4ck vor Tropfen und Versch\u00fcttern, auch wenn Ihre Reiseflasche ein gro\u00dfes Dr\u00fccken bekommt.<br \/>\n[ Klassifikationsetikett ] &#8211; das Zubeh\u00f6rset von Reiseflaschen umfasst 3*8 unterschiedliche wasserdichte Aufkleber, die Ihnen helfen, Flaschen leichter zu klassifizieren, Etikettenkataloge: Reinigungsmilch, Sonnencreme, Duschgel, Haarkur, Lotion, Shampoo, Gesichtscreme, Gesichtswasser.<br \/>\n[ Bunte Design &amp; TSA Genehmigt ] &#8211; Und das Reiseflaschenset sind TSA f\u00fcr das Tragen auf der Fluglinie genehmigt. Es besteht keine Sorge, Ihre Fl\u00fcssigkeiten zur Sicherheitskontrolle umzupacken. Nehmen Sie es einfach mit und gehen Sie auf die Reise.<br \/>\n[ Was Sie erhalten ] &#8212; 6 \u00d7 90ml mittelgro\u00dfe Reiseflaschen mit gro\u00dfem Flaschenhals zum einfachen Nachf\u00fcllen und Reinigen. 1\u00d7 Handgep\u00e4ck Kulturbeutel, Ein Jahr Garantie und 100% zufriedenstellender Kundenservice. Bitte z\u00f6gern Sie nicht uns bei Problemen zu kontaktieren!<br \/>\n<div class=\"main-cross-sell\" data-asin=\"B07GYVG9YX\">\n\n\t<div class=\"WooZone-cross-sell-loader\">\n\t\t<div>\n\t\t\t<div id=\"floatingBarsG\">\n\t\t\t\t<div class=\"blockG\" id=\"rotateG_01\"><\/div>\n\t\t\t\t<div class=\"blockG\" id=\"rotateG_02\"><\/div>\n\t\t\t\t<div class=\"blockG\" id=\"rotateG_03\"><\/div>\n\t\t\t\t<div class=\"blockG\" id=\"rotateG_04\"><\/div>\n\t\t\t\t<div class=\"blockG\" id=\"rotateG_05\"><\/div>\n\t\t\t\t<div class=\"blockG\" id=\"rotateG_06\"><\/div>\n\t\t\t\t<div class=\"blockG\" id=\"rotateG_07\"><\/div>\n\t\t\t\t<div class=\"blockG\" id=\"rotateG_08\"><\/div>\n\t\t\t<\/div>\n\t\t\t<div class=\"WooZone-cross-sell-loader-text\"><\/div>\n\t\t<\/div>\n\t<\/div>\n\n\t\t\n<\/div>\n<div style=\"clear:both;\"><\/div><\/p>\n","protected":false},"excerpt":{"rendered":"<p>[ Material von Lebensmittelqualit\u00e4t ] &#8211; Nashone-Reiseflaschen sind aus Silikon von Lebensmittelqualit\u00e4t mit FDA-Zertifizierung hergestellt, 100% BPA-frei sorgt f\u00fcr, dass es f\u00fcr den menschlichen K\u00f6rper harmlos ist. Es ist perfekt geeignet f\u00fcr Shampoos, Reinigungsmilch, Duschgel,Pflegesp\u00fclung, Lotionen und andere kosmetische Produkte, die auf Reisen mitgenommen werden m\u00fcssen.<br \/>\n[ Hervorragende lecksichere Leistung ] &#8211; diese Reiseflaschen verzichten auf die traditionellen defekten Flaschenkappe mit eingebauten Etiketten, sie nehmmen eine Kappe, die einfacher in der Konstruktion ist, aber besser lecksicher ist. 3 Anti-Leck-Schichten, die auf der Kappe der Reiseflasche angebracht sind, sch\u00fctzen Ihr Gep\u00e4ck vor Tropfen und Versch\u00fcttern, auch wenn Ihre Reiseflasche ein gro\u00dfes Dr\u00fccken bekommt.<br \/>\n[ Klassifikationsetikett ] &#8211; das Zubeh\u00f6rset von Reiseflaschen umfasst 3*8 unterschiedliche wasserdichte Aufkleber, die Ihnen helfen, Flaschen leichter zu klassifizieren, Etikettenkataloge: Reinigungsmilch, Sonnencreme, Duschgel, Haarkur, Lotion, Shampoo, Gesichtscreme, Gesichtswasser.<\/p>\n","protected":false},"featured_media":124450,"comment_status":"open","ping_status":"closed","template":"","meta":[],"product_brand":[],"product_cat":[2858,7726],"product_tag":[],"class_list":{"0":"post-124449","1":"product","2":"type-product","3":"status-publish","4":"has-post-thumbnail","6":"product_cat-beauty","7":"product_cat-zubehoer-beauty","8":"pa_brand-uervoton","9":"pa_color-varios-colores","10":"pa_height-1-25-zoll","11":"pa_length-4-5-zoll","12":"pa_manufacturer-uergogo","13":"pa_size-6-stueck-1er-pack","14":"pa_weight-0-4850169764-pfund","15":"pa_width-2-2-zoll","17":"first","18":"instock","19":"shipping-taxable","20":"purchasable","21":"product-type-simple","22":"customify-col","23":"product-has-gallery"},"yoast_head":"<!-- This site is optimized with the Yoast SEO plugin v27.4 - https:\/\/yoast.com\/product\/yoast-seo-wordpress\/ -->\n<title>Uervoton Silikon Reiseflaschen Set mit Transparent Kulturbeutel, Handgep\u00e4ck Kosmetiktasche, Auslaufsicher Reisebeh\u00e4lter\u2026 - Markt-XXL<\/title>\n<meta name=\"description\" content=\"Markt-XXL Uervoton Silikon Reiseflaschen Set mit Transparent Kulturbeutel, Handgep\u00e4ck Kosmetiktasche, Auslaufsicher Reisebeh\u00e4lter\u2026\" \/>\n<meta name=\"robots\" content=\"index, follow, max-snippet:-1, max-image-preview:large, max-video-preview:-1\" \/>\n<link rel=\"canonical\" href=\"https:\/\/marktxxl.de\/markt\/produkt\/uervoton-silikon-reiseflaschen-set-mit-transparent-kulturbeutel-handgepaeck-kosmetiktasche-auslaufsicher-reisebehaelter-fuer-shampoo-creme-spuelung-koerperpflege-und-andere-fluessige\/\" \/>\n<meta property=\"og:locale\" content=\"de_DE\" \/>\n<meta property=\"og:type\" content=\"article\" \/>\n<meta property=\"og:title\" content=\"Uervoton Silikon Reiseflaschen Set mit Transparent Kulturbeutel, Handgep\u00e4ck Kosmetiktasche, Auslaufsicher Reisebeh\u00e4lter\u2026 - Markt-XXL\" \/>\n<meta property=\"og:description\" content=\"Markt-XXL Uervoton Silikon Reiseflaschen Set mit Transparent Kulturbeutel, Handgep\u00e4ck Kosmetiktasche, Auslaufsicher Reisebeh\u00e4lter\u2026\" \/>\n<meta property=\"og:url\" content=\"https:\/\/marktxxl.de\/markt\/produkt\/uervoton-silikon-reiseflaschen-set-mit-transparent-kulturbeutel-handgepaeck-kosmetiktasche-auslaufsicher-reisebehaelter-fuer-shampoo-creme-spuelung-koerperpflege-und-andere-fluessige\/\" \/>\n<meta property=\"og:site_name\" content=\"Markt-XXL\" \/>\n<meta property=\"article:modified_time\" content=\"2023-04-09T01:34:33+00:00\" \/>\n<meta property=\"og:image\" content=\"https:\/\/m.media-amazon.com\/images\/I\/31-AYfx8iTL._SL500_.jpg\" \/>\n\t<meta property=\"og:image:width\" content=\"500\" \/>\n\t<meta property=\"og:image:height\" content=\"500\" \/>\n\t<meta property=\"og:image:type\" content=\"image\/jpeg\" \/>\n<meta name=\"twitter:card\" content=\"summary_large_image\" \/>\n<meta name=\"twitter:label1\" content=\"Gesch\u00e4tzte Lesezeit\" \/>\n\t<meta name=\"twitter:data1\" content=\"1\u00a0Minute\" \/>\n<script type=\"application\/ld+json\" class=\"yoast-schema-graph\">{\"@context\":\"https:\\\/\\\/schema.org\",\"@graph\":[{\"@type\":\"WebPage\",\"@id\":\"https:\\\/\\\/marktxxl.de\\\/markt\\\/produkt\\\/uervoton-silikon-reiseflaschen-set-mit-transparent-kulturbeutel-handgepaeck-kosmetiktasche-auslaufsicher-reisebehaelter-fuer-shampoo-creme-spuelung-koerperpflege-und-andere-fluessige\\\/\",\"url\":\"https:\\\/\\\/marktxxl.de\\\/markt\\\/produkt\\\/uervoton-silikon-reiseflaschen-set-mit-transparent-kulturbeutel-handgepaeck-kosmetiktasche-auslaufsicher-reisebehaelter-fuer-shampoo-creme-spuelung-koerperpflege-und-andere-fluessige\\\/\",\"name\":\"Uervoton Silikon Reiseflaschen Set mit Transparent Kulturbeutel, Handgep\u00e4ck Kosmetiktasche, Auslaufsicher Reisebeh\u00e4lter\u2026 - Markt-XXL\",\"isPartOf\":{\"@id\":\"https:\\\/\\\/marktxxl.de\\\/markt\\\/#website\"},\"primaryImageOfPage\":{\"@id\":\"https:\\\/\\\/marktxxl.de\\\/markt\\\/produkt\\\/uervoton-silikon-reiseflaschen-set-mit-transparent-kulturbeutel-handgepaeck-kosmetiktasche-auslaufsicher-reisebehaelter-fuer-shampoo-creme-spuelung-koerperpflege-und-andere-fluessige\\\/#primaryimage\"},\"image\":{\"@id\":\"https:\\\/\\\/marktxxl.de\\\/markt\\\/produkt\\\/uervoton-silikon-reiseflaschen-set-mit-transparent-kulturbeutel-handgepaeck-kosmetiktasche-auslaufsicher-reisebehaelter-fuer-shampoo-creme-spuelung-koerperpflege-und-andere-fluessige\\\/#primaryimage\"},\"thumbnailUrl\":\"https:\\\/\\\/m.media-amazon.com\\\/images\\\/I\\\/31-AYfx8iTL._SL500_.jpg\",\"datePublished\":\"2022-05-15T09:55:24+00:00\",\"dateModified\":\"2023-04-09T01:34:33+00:00\",\"description\":\"Markt-XXL Uervoton Silikon Reiseflaschen Set mit Transparent Kulturbeutel, Handgep\u00e4ck Kosmetiktasche, Auslaufsicher Reisebeh\u00e4lter\u2026\",\"breadcrumb\":{\"@id\":\"https:\\\/\\\/marktxxl.de\\\/markt\\\/produkt\\\/uervoton-silikon-reiseflaschen-set-mit-transparent-kulturbeutel-handgepaeck-kosmetiktasche-auslaufsicher-reisebehaelter-fuer-shampoo-creme-spuelung-koerperpflege-und-andere-fluessige\\\/#breadcrumb\"},\"inLanguage\":\"de\",\"potentialAction\":[{\"@type\":\"ReadAction\",\"target\":[\"https:\\\/\\\/marktxxl.de\\\/markt\\\/produkt\\\/uervoton-silikon-reiseflaschen-set-mit-transparent-kulturbeutel-handgepaeck-kosmetiktasche-auslaufsicher-reisebehaelter-fuer-shampoo-creme-spuelung-koerperpflege-und-andere-fluessige\\\/\"]}]},{\"@type\":\"ImageObject\",\"inLanguage\":\"de\",\"@id\":\"https:\\\/\\\/marktxxl.de\\\/markt\\\/produkt\\\/uervoton-silikon-reiseflaschen-set-mit-transparent-kulturbeutel-handgepaeck-kosmetiktasche-auslaufsicher-reisebehaelter-fuer-shampoo-creme-spuelung-koerperpflege-und-andere-fluessige\\\/#primaryimage\",\"url\":\"https:\\\/\\\/m.media-amazon.com\\\/images\\\/I\\\/31-AYfx8iTL._SL500_.jpg\",\"contentUrl\":\"https:\\\/\\\/m.media-amazon.com\\\/images\\\/I\\\/31-AYfx8iTL._SL500_.jpg\",\"width\":500,\"height\":500},{\"@type\":\"BreadcrumbList\",\"@id\":\"https:\\\/\\\/marktxxl.de\\\/markt\\\/produkt\\\/uervoton-silikon-reiseflaschen-set-mit-transparent-kulturbeutel-handgepaeck-kosmetiktasche-auslaufsicher-reisebehaelter-fuer-shampoo-creme-spuelung-koerperpflege-und-andere-fluessige\\\/#breadcrumb\",\"itemListElement\":[{\"@type\":\"ListItem\",\"position\":1,\"name\":\"Startseite\",\"item\":\"https:\\\/\\\/marktxxl.de\\\/markt\\\/\"},{\"@type\":\"ListItem\",\"position\":2,\"name\":\"Markt\",\"item\":\"https:\\\/\\\/marktxxl.de\\\/markt\\\/\"},{\"@type\":\"ListItem\",\"position\":3,\"name\":\"Uervoton Silikon Reiseflaschen Set mit Transparent Kulturbeutel, Handgep\u00e4ck Kosmetiktasche, Auslaufsicher Reisebeh\u00e4lter\u2026\"}]},{\"@type\":\"WebSite\",\"@id\":\"https:\\\/\\\/marktxxl.de\\\/markt\\\/#website\",\"url\":\"https:\\\/\\\/marktxxl.de\\\/markt\\\/\",\"name\":\"Markt-XXL\",\"description\":\"Ihr Markt Online\",\"publisher\":{\"@id\":\"https:\\\/\\\/marktxxl.de\\\/markt\\\/#organization\"},\"potentialAction\":[{\"@type\":\"SearchAction\",\"target\":{\"@type\":\"EntryPoint\",\"urlTemplate\":\"https:\\\/\\\/marktxxl.de\\\/markt\\\/?s={search_term_string}\"},\"query-input\":{\"@type\":\"PropertyValueSpecification\",\"valueRequired\":true,\"valueName\":\"search_term_string\"}}],\"inLanguage\":\"de\"},{\"@type\":\"Organization\",\"@id\":\"https:\\\/\\\/marktxxl.de\\\/markt\\\/#organization\",\"name\":\"Markt-XXL\",\"url\":\"https:\\\/\\\/marktxxl.de\\\/markt\\\/\",\"logo\":{\"@type\":\"ImageObject\",\"inLanguage\":\"de\",\"@id\":\"https:\\\/\\\/marktxxl.de\\\/markt\\\/#\\\/schema\\\/logo\\\/image\\\/\",\"url\":\"https:\\\/\\\/marktxxl.de\\\/markt\\\/wp-content\\\/uploads\\\/sites\\\/3\\\/2020\\\/12\\\/logo.png\",\"contentUrl\":\"https:\\\/\\\/marktxxl.de\\\/markt\\\/wp-content\\\/uploads\\\/sites\\\/3\\\/2020\\\/12\\\/logo.png\",\"width\":200,\"height\":70,\"caption\":\"Markt-XXL\"},\"image\":{\"@id\":\"https:\\\/\\\/marktxxl.de\\\/markt\\\/#\\\/schema\\\/logo\\\/image\\\/\"}}]}<\/script>\n<!-- \/ Yoast SEO plugin. -->","yoast_head_json":{"title":"Uervoton Silikon Reiseflaschen Set mit Transparent Kulturbeutel, Handgep\u00e4ck Kosmetiktasche, Auslaufsicher Reisebeh\u00e4lter\u2026 - Markt-XXL","description":"Markt-XXL Uervoton Silikon Reiseflaschen Set mit Transparent Kulturbeutel, Handgep\u00e4ck Kosmetiktasche, Auslaufsicher Reisebeh\u00e4lter\u2026","robots":{"index":"index","follow":"follow","max-snippet":"max-snippet:-1","max-image-preview":"max-image-preview:large","max-video-preview":"max-video-preview:-1"},"canonical":"https:\/\/marktxxl.de\/markt\/produkt\/uervoton-silikon-reiseflaschen-set-mit-transparent-kulturbeutel-handgepaeck-kosmetiktasche-auslaufsicher-reisebehaelter-fuer-shampoo-creme-spuelung-koerperpflege-und-andere-fluessige\/","og_locale":"de_DE","og_type":"article","og_title":"Uervoton Silikon Reiseflaschen Set mit Transparent Kulturbeutel, Handgep\u00e4ck Kosmetiktasche, Auslaufsicher Reisebeh\u00e4lter\u2026 - Markt-XXL","og_description":"Markt-XXL Uervoton Silikon Reiseflaschen Set mit Transparent Kulturbeutel, Handgep\u00e4ck Kosmetiktasche, Auslaufsicher Reisebeh\u00e4lter\u2026","og_url":"https:\/\/marktxxl.de\/markt\/produkt\/uervoton-silikon-reiseflaschen-set-mit-transparent-kulturbeutel-handgepaeck-kosmetiktasche-auslaufsicher-reisebehaelter-fuer-shampoo-creme-spuelung-koerperpflege-und-andere-fluessige\/","og_site_name":"Markt-XXL","article_modified_time":"2023-04-09T01:34:33+00:00","og_image":[{"width":500,"height":500,"url":"https:\/\/m.media-amazon.com\/images\/I\/31-AYfx8iTL._SL500_.jpg","type":"image\/jpeg"}],"twitter_card":"summary_large_image","twitter_misc":{"Gesch\u00e4tzte Lesezeit":"1\u00a0Minute"},"schema":{"@context":"https:\/\/schema.org","@graph":[{"@type":"WebPage","@id":"https:\/\/marktxxl.de\/markt\/produkt\/uervoton-silikon-reiseflaschen-set-mit-transparent-kulturbeutel-handgepaeck-kosmetiktasche-auslaufsicher-reisebehaelter-fuer-shampoo-creme-spuelung-koerperpflege-und-andere-fluessige\/","url":"https:\/\/marktxxl.de\/markt\/produkt\/uervoton-silikon-reiseflaschen-set-mit-transparent-kulturbeutel-handgepaeck-kosmetiktasche-auslaufsicher-reisebehaelter-fuer-shampoo-creme-spuelung-koerperpflege-und-andere-fluessige\/","name":"Uervoton Silikon Reiseflaschen Set mit Transparent Kulturbeutel, Handgep\u00e4ck Kosmetiktasche, Auslaufsicher Reisebeh\u00e4lter\u2026 - Markt-XXL","isPartOf":{"@id":"https:\/\/marktxxl.de\/markt\/#website"},"primaryImageOfPage":{"@id":"https:\/\/marktxxl.de\/markt\/produkt\/uervoton-silikon-reiseflaschen-set-mit-transparent-kulturbeutel-handgepaeck-kosmetiktasche-auslaufsicher-reisebehaelter-fuer-shampoo-creme-spuelung-koerperpflege-und-andere-fluessige\/#primaryimage"},"image":{"@id":"https:\/\/marktxxl.de\/markt\/produkt\/uervoton-silikon-reiseflaschen-set-mit-transparent-kulturbeutel-handgepaeck-kosmetiktasche-auslaufsicher-reisebehaelter-fuer-shampoo-creme-spuelung-koerperpflege-und-andere-fluessige\/#primaryimage"},"thumbnailUrl":"https:\/\/m.media-amazon.com\/images\/I\/31-AYfx8iTL._SL500_.jpg","datePublished":"2022-05-15T09:55:24+00:00","dateModified":"2023-04-09T01:34:33+00:00","description":"Markt-XXL Uervoton Silikon Reiseflaschen Set mit Transparent Kulturbeutel, Handgep\u00e4ck Kosmetiktasche, Auslaufsicher Reisebeh\u00e4lter\u2026","breadcrumb":{"@id":"https:\/\/marktxxl.de\/markt\/produkt\/uervoton-silikon-reiseflaschen-set-mit-transparent-kulturbeutel-handgepaeck-kosmetiktasche-auslaufsicher-reisebehaelter-fuer-shampoo-creme-spuelung-koerperpflege-und-andere-fluessige\/#breadcrumb"},"inLanguage":"de","potentialAction":[{"@type":"ReadAction","target":["https:\/\/marktxxl.de\/markt\/produkt\/uervoton-silikon-reiseflaschen-set-mit-transparent-kulturbeutel-handgepaeck-kosmetiktasche-auslaufsicher-reisebehaelter-fuer-shampoo-creme-spuelung-koerperpflege-und-andere-fluessige\/"]}]},{"@type":"ImageObject","inLanguage":"de","@id":"https:\/\/marktxxl.de\/markt\/produkt\/uervoton-silikon-reiseflaschen-set-mit-transparent-kulturbeutel-handgepaeck-kosmetiktasche-auslaufsicher-reisebehaelter-fuer-shampoo-creme-spuelung-koerperpflege-und-andere-fluessige\/#primaryimage","url":"https:\/\/m.media-amazon.com\/images\/I\/31-AYfx8iTL._SL500_.jpg","contentUrl":"https:\/\/m.media-amazon.com\/images\/I\/31-AYfx8iTL._SL500_.jpg","width":500,"height":500},{"@type":"BreadcrumbList","@id":"https:\/\/marktxxl.de\/markt\/produkt\/uervoton-silikon-reiseflaschen-set-mit-transparent-kulturbeutel-handgepaeck-kosmetiktasche-auslaufsicher-reisebehaelter-fuer-shampoo-creme-spuelung-koerperpflege-und-andere-fluessige\/#breadcrumb","itemListElement":[{"@type":"ListItem","position":1,"name":"Startseite","item":"https:\/\/marktxxl.de\/markt\/"},{"@type":"ListItem","position":2,"name":"Markt","item":"https:\/\/marktxxl.de\/markt\/"},{"@type":"ListItem","position":3,"name":"Uervoton Silikon Reiseflaschen Set mit Transparent Kulturbeutel, Handgep\u00e4ck Kosmetiktasche, Auslaufsicher Reisebeh\u00e4lter\u2026"}]},{"@type":"WebSite","@id":"https:\/\/marktxxl.de\/markt\/#website","url":"https:\/\/marktxxl.de\/markt\/","name":"Markt-XXL","description":"Ihr Markt Online","publisher":{"@id":"https:\/\/marktxxl.de\/markt\/#organization"},"potentialAction":[{"@type":"SearchAction","target":{"@type":"EntryPoint","urlTemplate":"https:\/\/marktxxl.de\/markt\/?s={search_term_string}"},"query-input":{"@type":"PropertyValueSpecification","valueRequired":true,"valueName":"search_term_string"}}],"inLanguage":"de"},{"@type":"Organization","@id":"https:\/\/marktxxl.de\/markt\/#organization","name":"Markt-XXL","url":"https:\/\/marktxxl.de\/markt\/","logo":{"@type":"ImageObject","inLanguage":"de","@id":"https:\/\/marktxxl.de\/markt\/#\/schema\/logo\/image\/","url":"https:\/\/marktxxl.de\/markt\/wp-content\/uploads\/sites\/3\/2020\/12\/logo.png","contentUrl":"https:\/\/marktxxl.de\/markt\/wp-content\/uploads\/sites\/3\/2020\/12\/logo.png","width":200,"height":70,"caption":"Markt-XXL"},"image":{"@id":"https:\/\/marktxxl.de\/markt\/#\/schema\/logo\/image\/"}}]}},"_links":{"self":[{"href":"https:\/\/marktxxl.de\/markt\/wp-json\/wp\/v2\/product\/124449","targetHints":{"allow":["GET"]}}],"collection":[{"href":"https:\/\/marktxxl.de\/markt\/wp-json\/wp\/v2\/product"}],"about":[{"href":"https:\/\/marktxxl.de\/markt\/wp-json\/wp\/v2\/types\/product"}],"replies":[{"embeddable":true,"href":"https:\/\/marktxxl.de\/markt\/wp-json\/wp\/v2\/comments?post=124449"}],"wp:featuredmedia":[{"embeddable":true,"href":"https:\/\/marktxxl.de\/markt\/wp-json\/wp\/v2\/media\/124450"}],"wp:attachment":[{"href":"https:\/\/marktxxl.de\/markt\/wp-json\/wp\/v2\/media?parent=124449"}],"wp:term":[{"taxonomy":"product_brand","embeddable":true,"href":"https:\/\/marktxxl.de\/markt\/wp-json\/wp\/v2\/product_brand?post=124449"},{"taxonomy":"product_cat","embeddable":true,"href":"https:\/\/marktxxl.de\/markt\/wp-json\/wp\/v2\/product_cat?post=124449"},{"taxonomy":"product_tag","embeddable":true,"href":"https:\/\/marktxxl.de\/markt\/wp-json\/wp\/v2\/product_tag?post=124449"}],"curies":[{"name":"wp","href":"https:\/\/api.w.org\/{rel}","templated":true}]}}