{"id":124422,"date":"2022-05-15T11:55:10","date_gmt":"2022-05-15T09:55:10","guid":{"rendered":"https:\/\/marktxxl.de\/markt\/produkt\/silikon-reiseflaschen-90ml-set-gemice-4-stueck-auslaufsichere-reise-container-und-reise-toilettenartikel-set-fda-zugelassene-nachfuellbare-fluessigkeitsbehaelter-fuer-shampoo-creme-spuelung-koerperp\/"},"modified":"2023-04-09T03:34:33","modified_gmt":"2023-04-09T01:34:33","slug":"silikon-reiseflaschen-90ml-set-gemice-4-stueck-auslaufsichere-reise-container-und-reise-toilettenartikel-set-fda-zugelassene-nachfuellbare-fluessigkeitsbehaelter-fuer-shampoo-creme-spuelung-koerperp","status":"publish","type":"product","link":"https:\/\/marktxxl.de\/markt\/produkt\/silikon-reiseflaschen-90ml-set-gemice-4-stueck-auslaufsichere-reise-container-und-reise-toilettenartikel-set-fda-zugelassene-nachfuellbare-fluessigkeitsbehaelter-fuer-shampoo-creme-spuelung-koerperp\/","title":{"rendered":"Gemice Silikon Reiseflaschen 90ml Set, 4 St\u00fcck auslaufsichere Reise Container und Reise Toilettenartikel Set, FDA\u2026"},"content":{"rendered":"<p>Auslaufsichere Reiseflaschen: 3-lagiges auslaufsicheres Design verhindert das Auslaufen oder Versch\u00fctten von Fl\u00fcssigkeiten und bietet Schutz f\u00fcr Ihr Gep\u00e4ck und Ihre Kleidung. Die opale Form l\u00e4sst keine Fl\u00fcssigkeiten in der Flaschenecke stecken und hilft Ihnen, den letzten Tropfen herauszuholen, ohne Datenschutzprodukte zu verschwenden. Auslaufsichere Reiseflaschen f\u00fcr Sie<br \/>\nTSA Airline Carry on Approved: Set aus kleinen Flaschen, perfekt f\u00fcr Shampoo, Sp\u00fclung, Duschgel, Lotion und mehr. Mit einem durchsichtigen Kulturbeutel mit Rei\u00dfverschluss verpackt, platzsparend, leicht zu tragen<br \/>\nBPA-freies Silikon in Lebensmittelqualit\u00e4t Entwickelt mit Sicherheit an erster Stelle und Komfort an zweiter Stelle. Unsere Silikon-Reiseflaschen bestehen aus BPA-freiem lebensmittelechtem Silikon und sind somit sicher f\u00fcr andere Fl\u00fcssigkeiten wie So\u00dfe, Salatdressing oder sogar Babynahrung<br \/>\nBreite \u00d6ffnung zum Bef\u00fcllen und Reinigen: Im Gegensatz zu den meisten Reiseflaschen erm\u00f6glicht diese weite \u00d6ffnung das Bef\u00fcllen mit dickeren Fl\u00fcssigkeiten und es passt problemlos eine B\u00fcrste zum Reinigen der Innenseite der Tube<br \/>\nTropffreies Ventil: Der Flaschenverschluss verf\u00fcgt \u00fcber ein tropffreies Ventil, das ein Auslaufen verhindert und sicherstellt, dass Sie immer genau die richtige Menge dosieren<br \/>\n<div class=\"main-cross-sell\" data-asin=\"B09JSJWM2Z\">\n\n\t<div class=\"WooZone-cross-sell-loader\">\n\t\t<div>\n\t\t\t<div id=\"floatingBarsG\">\n\t\t\t\t<div class=\"blockG\" id=\"rotateG_01\"><\/div>\n\t\t\t\t<div class=\"blockG\" id=\"rotateG_02\"><\/div>\n\t\t\t\t<div class=\"blockG\" id=\"rotateG_03\"><\/div>\n\t\t\t\t<div class=\"blockG\" id=\"rotateG_04\"><\/div>\n\t\t\t\t<div class=\"blockG\" id=\"rotateG_05\"><\/div>\n\t\t\t\t<div class=\"blockG\" id=\"rotateG_06\"><\/div>\n\t\t\t\t<div class=\"blockG\" id=\"rotateG_07\"><\/div>\n\t\t\t\t<div class=\"blockG\" id=\"rotateG_08\"><\/div>\n\t\t\t<\/div>\n\t\t\t<div class=\"WooZone-cross-sell-loader-text\"><\/div>\n\t\t<\/div>\n\t<\/div>\n\n\t\t\n<\/div>\n<div style=\"clear:both;\"><\/div><\/p>\n","protected":false},"excerpt":{"rendered":"<p>Auslaufsichere Reiseflaschen: 3-lagiges auslaufsicheres Design verhindert das Auslaufen oder Versch\u00fctten von Fl\u00fcssigkeiten und bietet Schutz f\u00fcr Ihr Gep\u00e4ck und Ihre Kleidung. Die opale Form l\u00e4sst keine Fl\u00fcssigkeiten in der Flaschenecke stecken und hilft Ihnen, den letzten Tropfen herauszuholen, ohne Datenschutzprodukte zu verschwenden. Auslaufsichere Reiseflaschen f\u00fcr Sie<br \/>\nTSA Airline Carry on Approved: Set aus kleinen Flaschen, perfekt f\u00fcr Shampoo, Sp\u00fclung, Duschgel, Lotion und mehr. Mit einem durchsichtigen Kulturbeutel mit Rei\u00dfverschluss verpackt, platzsparend, leicht zu tragen<br \/>\nBPA-freies Silikon in Lebensmittelqualit\u00e4t Entwickelt mit Sicherheit an erster Stelle und Komfort an zweiter Stelle. Unsere Silikon-Reiseflaschen bestehen aus BPA-freiem lebensmittelechtem Silikon und sind somit sicher f\u00fcr andere Fl\u00fcssigkeiten wie So\u00dfe, Salatdressing oder sogar Babynahrung<\/p>\n","protected":false},"featured_media":124423,"comment_status":"open","ping_status":"closed","template":"","meta":[],"product_brand":[],"product_cat":[2858,7726],"product_tag":[],"class_list":{"0":"post-124422","1":"product","2":"type-product","3":"status-publish","4":"has-post-thumbnail","6":"product_cat-beauty","7":"product_cat-zubehoer-beauty","8":"pa_brand-gemice","9":"pa_model-gemice-ntb","11":"first","12":"instock","13":"shipping-taxable","14":"purchasable","15":"product-type-simple","16":"customify-col","17":"product-has-gallery"},"yoast_head":"<!-- This site is optimized with the Yoast SEO plugin v27.4 - https:\/\/yoast.com\/product\/yoast-seo-wordpress\/ -->\n<title>Gemice Silikon Reiseflaschen 90ml Set, 4 St\u00fcck auslaufsichere Reise Container und Reise Toilettenartikel Set, FDA\u2026 - Markt-XXL<\/title>\n<meta name=\"description\" content=\"Markt-XXL Gemice Silikon Reiseflaschen 90ml Set, 4 St\u00fcck auslaufsichere Reise Container und Reise Toilettenartikel Set, FDA\u2026\" \/>\n<meta name=\"robots\" content=\"index, follow, max-snippet:-1, max-image-preview:large, max-video-preview:-1\" \/>\n<link rel=\"canonical\" href=\"https:\/\/marktxxl.de\/markt\/produkt\/silikon-reiseflaschen-90ml-set-gemice-4-stueck-auslaufsichere-reise-container-und-reise-toilettenartikel-set-fda-zugelassene-nachfuellbare-fluessigkeitsbehaelter-fuer-shampoo-creme-spuelung-koerperp\/\" \/>\n<meta property=\"og:locale\" content=\"de_DE\" \/>\n<meta property=\"og:type\" content=\"article\" \/>\n<meta property=\"og:title\" content=\"Gemice Silikon Reiseflaschen 90ml Set, 4 St\u00fcck auslaufsichere Reise Container und Reise Toilettenartikel Set, FDA\u2026 - Markt-XXL\" \/>\n<meta property=\"og:description\" content=\"Markt-XXL Gemice Silikon Reiseflaschen 90ml Set, 4 St\u00fcck auslaufsichere Reise Container und Reise Toilettenartikel Set, FDA\u2026\" \/>\n<meta property=\"og:url\" content=\"https:\/\/marktxxl.de\/markt\/produkt\/silikon-reiseflaschen-90ml-set-gemice-4-stueck-auslaufsichere-reise-container-und-reise-toilettenartikel-set-fda-zugelassene-nachfuellbare-fluessigkeitsbehaelter-fuer-shampoo-creme-spuelung-koerperp\/\" \/>\n<meta property=\"og:site_name\" content=\"Markt-XXL\" \/>\n<meta property=\"article:modified_time\" content=\"2023-04-09T01:34:33+00:00\" \/>\n<meta property=\"og:image\" content=\"https:\/\/m.media-amazon.com\/images\/I\/31qWJVWVc0L._SL500_.jpg\" \/>\n\t<meta property=\"og:image:width\" content=\"500\" \/>\n\t<meta property=\"og:image:height\" content=\"500\" \/>\n\t<meta property=\"og:image:type\" content=\"image\/jpeg\" \/>\n<meta name=\"twitter:card\" content=\"summary_large_image\" \/>\n<meta name=\"twitter:label1\" content=\"Gesch\u00e4tzte Lesezeit\" \/>\n\t<meta name=\"twitter:data1\" content=\"1\u00a0Minute\" \/>\n<script type=\"application\/ld+json\" class=\"yoast-schema-graph\">{\"@context\":\"https:\\\/\\\/schema.org\",\"@graph\":[{\"@type\":\"WebPage\",\"@id\":\"https:\\\/\\\/marktxxl.de\\\/markt\\\/produkt\\\/silikon-reiseflaschen-90ml-set-gemice-4-stueck-auslaufsichere-reise-container-und-reise-toilettenartikel-set-fda-zugelassene-nachfuellbare-fluessigkeitsbehaelter-fuer-shampoo-creme-spuelung-koerperp\\\/\",\"url\":\"https:\\\/\\\/marktxxl.de\\\/markt\\\/produkt\\\/silikon-reiseflaschen-90ml-set-gemice-4-stueck-auslaufsichere-reise-container-und-reise-toilettenartikel-set-fda-zugelassene-nachfuellbare-fluessigkeitsbehaelter-fuer-shampoo-creme-spuelung-koerperp\\\/\",\"name\":\"Gemice Silikon Reiseflaschen 90ml Set, 4 St\u00fcck auslaufsichere Reise Container und Reise Toilettenartikel Set, FDA\u2026 - Markt-XXL\",\"isPartOf\":{\"@id\":\"https:\\\/\\\/marktxxl.de\\\/markt\\\/#website\"},\"primaryImageOfPage\":{\"@id\":\"https:\\\/\\\/marktxxl.de\\\/markt\\\/produkt\\\/silikon-reiseflaschen-90ml-set-gemice-4-stueck-auslaufsichere-reise-container-und-reise-toilettenartikel-set-fda-zugelassene-nachfuellbare-fluessigkeitsbehaelter-fuer-shampoo-creme-spuelung-koerperp\\\/#primaryimage\"},\"image\":{\"@id\":\"https:\\\/\\\/marktxxl.de\\\/markt\\\/produkt\\\/silikon-reiseflaschen-90ml-set-gemice-4-stueck-auslaufsichere-reise-container-und-reise-toilettenartikel-set-fda-zugelassene-nachfuellbare-fluessigkeitsbehaelter-fuer-shampoo-creme-spuelung-koerperp\\\/#primaryimage\"},\"thumbnailUrl\":\"https:\\\/\\\/m.media-amazon.com\\\/images\\\/I\\\/31qWJVWVc0L._SL500_.jpg\",\"datePublished\":\"2022-05-15T09:55:10+00:00\",\"dateModified\":\"2023-04-09T01:34:33+00:00\",\"description\":\"Markt-XXL Gemice Silikon Reiseflaschen 90ml Set, 4 St\u00fcck auslaufsichere Reise Container und Reise Toilettenartikel Set, FDA\u2026\",\"breadcrumb\":{\"@id\":\"https:\\\/\\\/marktxxl.de\\\/markt\\\/produkt\\\/silikon-reiseflaschen-90ml-set-gemice-4-stueck-auslaufsichere-reise-container-und-reise-toilettenartikel-set-fda-zugelassene-nachfuellbare-fluessigkeitsbehaelter-fuer-shampoo-creme-spuelung-koerperp\\\/#breadcrumb\"},\"inLanguage\":\"de\",\"potentialAction\":[{\"@type\":\"ReadAction\",\"target\":[\"https:\\\/\\\/marktxxl.de\\\/markt\\\/produkt\\\/silikon-reiseflaschen-90ml-set-gemice-4-stueck-auslaufsichere-reise-container-und-reise-toilettenartikel-set-fda-zugelassene-nachfuellbare-fluessigkeitsbehaelter-fuer-shampoo-creme-spuelung-koerperp\\\/\"]}]},{\"@type\":\"ImageObject\",\"inLanguage\":\"de\",\"@id\":\"https:\\\/\\\/marktxxl.de\\\/markt\\\/produkt\\\/silikon-reiseflaschen-90ml-set-gemice-4-stueck-auslaufsichere-reise-container-und-reise-toilettenartikel-set-fda-zugelassene-nachfuellbare-fluessigkeitsbehaelter-fuer-shampoo-creme-spuelung-koerperp\\\/#primaryimage\",\"url\":\"https:\\\/\\\/m.media-amazon.com\\\/images\\\/I\\\/31qWJVWVc0L._SL500_.jpg\",\"contentUrl\":\"https:\\\/\\\/m.media-amazon.com\\\/images\\\/I\\\/31qWJVWVc0L._SL500_.jpg\",\"width\":500,\"height\":500},{\"@type\":\"BreadcrumbList\",\"@id\":\"https:\\\/\\\/marktxxl.de\\\/markt\\\/produkt\\\/silikon-reiseflaschen-90ml-set-gemice-4-stueck-auslaufsichere-reise-container-und-reise-toilettenartikel-set-fda-zugelassene-nachfuellbare-fluessigkeitsbehaelter-fuer-shampoo-creme-spuelung-koerperp\\\/#breadcrumb\",\"itemListElement\":[{\"@type\":\"ListItem\",\"position\":1,\"name\":\"Startseite\",\"item\":\"https:\\\/\\\/marktxxl.de\\\/markt\\\/\"},{\"@type\":\"ListItem\",\"position\":2,\"name\":\"Markt\",\"item\":\"https:\\\/\\\/marktxxl.de\\\/markt\\\/\"},{\"@type\":\"ListItem\",\"position\":3,\"name\":\"Gemice Silikon Reiseflaschen 90ml Set, 4 St\u00fcck auslaufsichere Reise Container und Reise Toilettenartikel Set, FDA\u2026\"}]},{\"@type\":\"WebSite\",\"@id\":\"https:\\\/\\\/marktxxl.de\\\/markt\\\/#website\",\"url\":\"https:\\\/\\\/marktxxl.de\\\/markt\\\/\",\"name\":\"Markt-XXL\",\"description\":\"Ihr Markt Online\",\"publisher\":{\"@id\":\"https:\\\/\\\/marktxxl.de\\\/markt\\\/#organization\"},\"potentialAction\":[{\"@type\":\"SearchAction\",\"target\":{\"@type\":\"EntryPoint\",\"urlTemplate\":\"https:\\\/\\\/marktxxl.de\\\/markt\\\/?s={search_term_string}\"},\"query-input\":{\"@type\":\"PropertyValueSpecification\",\"valueRequired\":true,\"valueName\":\"search_term_string\"}}],\"inLanguage\":\"de\"},{\"@type\":\"Organization\",\"@id\":\"https:\\\/\\\/marktxxl.de\\\/markt\\\/#organization\",\"name\":\"Markt-XXL\",\"url\":\"https:\\\/\\\/marktxxl.de\\\/markt\\\/\",\"logo\":{\"@type\":\"ImageObject\",\"inLanguage\":\"de\",\"@id\":\"https:\\\/\\\/marktxxl.de\\\/markt\\\/#\\\/schema\\\/logo\\\/image\\\/\",\"url\":\"https:\\\/\\\/marktxxl.de\\\/markt\\\/wp-content\\\/uploads\\\/sites\\\/3\\\/2020\\\/12\\\/logo.png\",\"contentUrl\":\"https:\\\/\\\/marktxxl.de\\\/markt\\\/wp-content\\\/uploads\\\/sites\\\/3\\\/2020\\\/12\\\/logo.png\",\"width\":200,\"height\":70,\"caption\":\"Markt-XXL\"},\"image\":{\"@id\":\"https:\\\/\\\/marktxxl.de\\\/markt\\\/#\\\/schema\\\/logo\\\/image\\\/\"}}]}<\/script>\n<!-- \/ Yoast SEO plugin. -->","yoast_head_json":{"title":"Gemice Silikon Reiseflaschen 90ml Set, 4 St\u00fcck auslaufsichere Reise Container und Reise Toilettenartikel Set, FDA\u2026 - Markt-XXL","description":"Markt-XXL Gemice Silikon Reiseflaschen 90ml Set, 4 St\u00fcck auslaufsichere Reise Container und Reise Toilettenartikel Set, FDA\u2026","robots":{"index":"index","follow":"follow","max-snippet":"max-snippet:-1","max-image-preview":"max-image-preview:large","max-video-preview":"max-video-preview:-1"},"canonical":"https:\/\/marktxxl.de\/markt\/produkt\/silikon-reiseflaschen-90ml-set-gemice-4-stueck-auslaufsichere-reise-container-und-reise-toilettenartikel-set-fda-zugelassene-nachfuellbare-fluessigkeitsbehaelter-fuer-shampoo-creme-spuelung-koerperp\/","og_locale":"de_DE","og_type":"article","og_title":"Gemice Silikon Reiseflaschen 90ml Set, 4 St\u00fcck auslaufsichere Reise Container und Reise Toilettenartikel Set, FDA\u2026 - Markt-XXL","og_description":"Markt-XXL Gemice Silikon Reiseflaschen 90ml Set, 4 St\u00fcck auslaufsichere Reise Container und Reise Toilettenartikel Set, FDA\u2026","og_url":"https:\/\/marktxxl.de\/markt\/produkt\/silikon-reiseflaschen-90ml-set-gemice-4-stueck-auslaufsichere-reise-container-und-reise-toilettenartikel-set-fda-zugelassene-nachfuellbare-fluessigkeitsbehaelter-fuer-shampoo-creme-spuelung-koerperp\/","og_site_name":"Markt-XXL","article_modified_time":"2023-04-09T01:34:33+00:00","og_image":[{"width":500,"height":500,"url":"https:\/\/m.media-amazon.com\/images\/I\/31qWJVWVc0L._SL500_.jpg","type":"image\/jpeg"}],"twitter_card":"summary_large_image","twitter_misc":{"Gesch\u00e4tzte Lesezeit":"1\u00a0Minute"},"schema":{"@context":"https:\/\/schema.org","@graph":[{"@type":"WebPage","@id":"https:\/\/marktxxl.de\/markt\/produkt\/silikon-reiseflaschen-90ml-set-gemice-4-stueck-auslaufsichere-reise-container-und-reise-toilettenartikel-set-fda-zugelassene-nachfuellbare-fluessigkeitsbehaelter-fuer-shampoo-creme-spuelung-koerperp\/","url":"https:\/\/marktxxl.de\/markt\/produkt\/silikon-reiseflaschen-90ml-set-gemice-4-stueck-auslaufsichere-reise-container-und-reise-toilettenartikel-set-fda-zugelassene-nachfuellbare-fluessigkeitsbehaelter-fuer-shampoo-creme-spuelung-koerperp\/","name":"Gemice Silikon Reiseflaschen 90ml Set, 4 St\u00fcck auslaufsichere Reise Container und Reise Toilettenartikel Set, FDA\u2026 - Markt-XXL","isPartOf":{"@id":"https:\/\/marktxxl.de\/markt\/#website"},"primaryImageOfPage":{"@id":"https:\/\/marktxxl.de\/markt\/produkt\/silikon-reiseflaschen-90ml-set-gemice-4-stueck-auslaufsichere-reise-container-und-reise-toilettenartikel-set-fda-zugelassene-nachfuellbare-fluessigkeitsbehaelter-fuer-shampoo-creme-spuelung-koerperp\/#primaryimage"},"image":{"@id":"https:\/\/marktxxl.de\/markt\/produkt\/silikon-reiseflaschen-90ml-set-gemice-4-stueck-auslaufsichere-reise-container-und-reise-toilettenartikel-set-fda-zugelassene-nachfuellbare-fluessigkeitsbehaelter-fuer-shampoo-creme-spuelung-koerperp\/#primaryimage"},"thumbnailUrl":"https:\/\/m.media-amazon.com\/images\/I\/31qWJVWVc0L._SL500_.jpg","datePublished":"2022-05-15T09:55:10+00:00","dateModified":"2023-04-09T01:34:33+00:00","description":"Markt-XXL Gemice Silikon Reiseflaschen 90ml Set, 4 St\u00fcck auslaufsichere Reise Container und Reise Toilettenartikel Set, FDA\u2026","breadcrumb":{"@id":"https:\/\/marktxxl.de\/markt\/produkt\/silikon-reiseflaschen-90ml-set-gemice-4-stueck-auslaufsichere-reise-container-und-reise-toilettenartikel-set-fda-zugelassene-nachfuellbare-fluessigkeitsbehaelter-fuer-shampoo-creme-spuelung-koerperp\/#breadcrumb"},"inLanguage":"de","potentialAction":[{"@type":"ReadAction","target":["https:\/\/marktxxl.de\/markt\/produkt\/silikon-reiseflaschen-90ml-set-gemice-4-stueck-auslaufsichere-reise-container-und-reise-toilettenartikel-set-fda-zugelassene-nachfuellbare-fluessigkeitsbehaelter-fuer-shampoo-creme-spuelung-koerperp\/"]}]},{"@type":"ImageObject","inLanguage":"de","@id":"https:\/\/marktxxl.de\/markt\/produkt\/silikon-reiseflaschen-90ml-set-gemice-4-stueck-auslaufsichere-reise-container-und-reise-toilettenartikel-set-fda-zugelassene-nachfuellbare-fluessigkeitsbehaelter-fuer-shampoo-creme-spuelung-koerperp\/#primaryimage","url":"https:\/\/m.media-amazon.com\/images\/I\/31qWJVWVc0L._SL500_.jpg","contentUrl":"https:\/\/m.media-amazon.com\/images\/I\/31qWJVWVc0L._SL500_.jpg","width":500,"height":500},{"@type":"BreadcrumbList","@id":"https:\/\/marktxxl.de\/markt\/produkt\/silikon-reiseflaschen-90ml-set-gemice-4-stueck-auslaufsichere-reise-container-und-reise-toilettenartikel-set-fda-zugelassene-nachfuellbare-fluessigkeitsbehaelter-fuer-shampoo-creme-spuelung-koerperp\/#breadcrumb","itemListElement":[{"@type":"ListItem","position":1,"name":"Startseite","item":"https:\/\/marktxxl.de\/markt\/"},{"@type":"ListItem","position":2,"name":"Markt","item":"https:\/\/marktxxl.de\/markt\/"},{"@type":"ListItem","position":3,"name":"Gemice Silikon Reiseflaschen 90ml Set, 4 St\u00fcck auslaufsichere Reise Container und Reise Toilettenartikel Set, FDA\u2026"}]},{"@type":"WebSite","@id":"https:\/\/marktxxl.de\/markt\/#website","url":"https:\/\/marktxxl.de\/markt\/","name":"Markt-XXL","description":"Ihr Markt Online","publisher":{"@id":"https:\/\/marktxxl.de\/markt\/#organization"},"potentialAction":[{"@type":"SearchAction","target":{"@type":"EntryPoint","urlTemplate":"https:\/\/marktxxl.de\/markt\/?s={search_term_string}"},"query-input":{"@type":"PropertyValueSpecification","valueRequired":true,"valueName":"search_term_string"}}],"inLanguage":"de"},{"@type":"Organization","@id":"https:\/\/marktxxl.de\/markt\/#organization","name":"Markt-XXL","url":"https:\/\/marktxxl.de\/markt\/","logo":{"@type":"ImageObject","inLanguage":"de","@id":"https:\/\/marktxxl.de\/markt\/#\/schema\/logo\/image\/","url":"https:\/\/marktxxl.de\/markt\/wp-content\/uploads\/sites\/3\/2020\/12\/logo.png","contentUrl":"https:\/\/marktxxl.de\/markt\/wp-content\/uploads\/sites\/3\/2020\/12\/logo.png","width":200,"height":70,"caption":"Markt-XXL"},"image":{"@id":"https:\/\/marktxxl.de\/markt\/#\/schema\/logo\/image\/"}}]}},"_links":{"self":[{"href":"https:\/\/marktxxl.de\/markt\/wp-json\/wp\/v2\/product\/124422","targetHints":{"allow":["GET"]}}],"collection":[{"href":"https:\/\/marktxxl.de\/markt\/wp-json\/wp\/v2\/product"}],"about":[{"href":"https:\/\/marktxxl.de\/markt\/wp-json\/wp\/v2\/types\/product"}],"replies":[{"embeddable":true,"href":"https:\/\/marktxxl.de\/markt\/wp-json\/wp\/v2\/comments?post=124422"}],"wp:featuredmedia":[{"embeddable":true,"href":"https:\/\/marktxxl.de\/markt\/wp-json\/wp\/v2\/media\/124423"}],"wp:attachment":[{"href":"https:\/\/marktxxl.de\/markt\/wp-json\/wp\/v2\/media?parent=124422"}],"wp:term":[{"taxonomy":"product_brand","embeddable":true,"href":"https:\/\/marktxxl.de\/markt\/wp-json\/wp\/v2\/product_brand?post=124422"},{"taxonomy":"product_cat","embeddable":true,"href":"https:\/\/marktxxl.de\/markt\/wp-json\/wp\/v2\/product_cat?post=124422"},{"taxonomy":"product_tag","embeddable":true,"href":"https:\/\/marktxxl.de\/markt\/wp-json\/wp\/v2\/product_tag?post=124422"}],"curies":[{"name":"wp","href":"https:\/\/api.w.org\/{rel}","templated":true}]}}