{"id":124390,"date":"2022-05-15T11:52:44","date_gmt":"2022-05-15T09:52:44","guid":{"rendered":"https:\/\/marktxxl.de\/markt\/produkt\/bezox-3-stueck-nagelknipser-set\/"},"modified":"2023-04-09T03:34:32","modified_gmt":"2023-04-09T01:34:32","slug":"bezox-3-stueck-nagelknipser-set","status":"publish","type":"product","link":"https:\/\/marktxxl.de\/markt\/produkt\/bezox-3-stueck-nagelknipser-set\/","title":{"rendered":"BEZOX 2 St\u00fcck Nagelknipser Set f\u00fcr Fingernagel &amp; Zehennagel &#8211; Nail Clipper Fingernagel Knipser (Dermatologen entwickelt\u2026"},"content":{"rendered":"<p>\u3010Premium Qualit\u00e4t Material\u3011 Hergestellt aus dermatologen Grade Chirurgenstahl, um eine sichere Sterilisation zu erm\u00f6glichen, Korrosion zu verhindern und das Risiko von Infektionen zu minimieren.<br \/>\n\u3010Super scharfe Klinge\u3011 Handgesch\u00e4rfte Edelstahl-Klingen schneiden dicke N\u00e4gel glatt und einfach ohne Feilen und verhindern ein Splittern der N\u00e4gel und die Zehenn\u00e4gel.<br \/>\n\u3010 Arbeitsschonendes Design \u3011 Verst\u00e4rkter und geschmiedeter Griff sorgt f\u00fcr mehr Kraft und Hebelwirkung, was bedeutet, dass Sie weniger arbeiten m\u00fcssen, auch mit dicken N\u00e4geln. Idea Nagelschneider f\u00fcr die Person, die schwache H\u00e4nde hat.<br \/>\n\u3010Robust und pr\u00e4zis\u3011 Unsere Zehennagelknipser sind robust und robust verarbeitet. Die Haarschneider haben eine breite Schneide und Backen, die weit genug f\u00fcr dicke N\u00e4gel ge\u00f6ffnet sind, aber ihre Klingen waren so zart, dass wir unsere Fingern\u00e4gel noch leicht schneiden konnten.<br \/>\n\u3010100 % Zufriedenheitsgarantie\u3011 Wir bieten lebenslange Garantie und 30 Tage Zufriedenheitsgarantie f\u00fcr unsere Nagelzange, teilen Sie uns mit, wenn Sie nicht 100 % mit Ihrem Nagelschneider innerhalb von 30 Tagen nach dem Kauf zufrieden sind.<br \/>\n<div class=\"main-cross-sell\" data-asin=\"B097ZZTL1V\">\n\n\t<div class=\"WooZone-cross-sell-loader\">\n\t\t<div>\n\t\t\t<div id=\"floatingBarsG\">\n\t\t\t\t<div class=\"blockG\" id=\"rotateG_01\"><\/div>\n\t\t\t\t<div class=\"blockG\" id=\"rotateG_02\"><\/div>\n\t\t\t\t<div class=\"blockG\" id=\"rotateG_03\"><\/div>\n\t\t\t\t<div class=\"blockG\" id=\"rotateG_04\"><\/div>\n\t\t\t\t<div class=\"blockG\" id=\"rotateG_05\"><\/div>\n\t\t\t\t<div class=\"blockG\" id=\"rotateG_06\"><\/div>\n\t\t\t\t<div class=\"blockG\" id=\"rotateG_07\"><\/div>\n\t\t\t\t<div class=\"blockG\" id=\"rotateG_08\"><\/div>\n\t\t\t<\/div>\n\t\t\t<div class=\"WooZone-cross-sell-loader-text\"><\/div>\n\t\t<\/div>\n\t<\/div>\n\n\t\t\n<\/div>\n<div style=\"clear:both;\"><\/div><\/p>\n","protected":false},"excerpt":{"rendered":"<p>\u3010Premium Qualit\u00e4t Material\u3011 Hergestellt aus dermatologen Grade Chirurgenstahl, um eine sichere Sterilisation zu erm\u00f6glichen, Korrosion zu verhindern und das Risiko von Infektionen zu minimieren.<br \/>\n\u3010Super scharfe Klinge\u3011 Handgesch\u00e4rfte Edelstahl-Klingen schneiden dicke N\u00e4gel glatt und einfach ohne Feilen und verhindern ein Splittern der N\u00e4gel und die Zehenn\u00e4gel.<br \/>\n\u3010 Arbeitsschonendes Design \u3011 Verst\u00e4rkter und geschmiedeter Griff sorgt f\u00fcr mehr Kraft und Hebelwirkung, was bedeutet, dass Sie weniger arbeiten m\u00fcssen, auch mit dicken N\u00e4geln. Idea Nagelschneider f\u00fcr die Person, die schwache H\u00e4nde hat.<\/p>\n","protected":false},"featured_media":124391,"comment_status":"open","ping_status":"closed","template":"","meta":[],"product_brand":[],"product_cat":[2858,7659],"product_tag":[],"class_list":{"0":"post-124390","1":"product","2":"type-product","3":"status-publish","4":"has-post-thumbnail","6":"product_cat-beauty","7":"product_cat-manikuere-pedikuere","8":"pa_brand-bezox","9":"pa_manufacturer-bezox","11":"first","12":"instock","13":"shipping-taxable","14":"purchasable","15":"product-type-simple","16":"customify-col","17":"product-has-gallery"},"yoast_head":"<!-- This site is optimized with the Yoast SEO plugin v27.3 - https:\/\/yoast.com\/product\/yoast-seo-wordpress\/ -->\n<title>BEZOX 2 St\u00fcck Nagelknipser Set f\u00fcr Fingernagel &amp; Zehennagel - Nail Clipper Fingernagel Knipser (Dermatologen entwickelt\u2026 - Markt-XXL<\/title>\n<meta name=\"description\" content=\"Markt-XXL BEZOX 2 St\u00fcck Nagelknipser Set f\u00fcr Fingernagel &amp; Zehennagel - Nail Clipper Fingernagel Knipser (Dermatologen entwickelt\u2026\" \/>\n<meta name=\"robots\" content=\"index, follow, max-snippet:-1, max-image-preview:large, max-video-preview:-1\" \/>\n<link rel=\"canonical\" href=\"https:\/\/marktxxl.de\/markt\/produkt\/bezox-3-stueck-nagelknipser-set\/\" \/>\n<meta property=\"og:locale\" content=\"de_DE\" \/>\n<meta property=\"og:type\" content=\"article\" \/>\n<meta property=\"og:title\" content=\"BEZOX 2 St\u00fcck Nagelknipser Set f\u00fcr Fingernagel &amp; Zehennagel - Nail Clipper Fingernagel Knipser (Dermatologen entwickelt\u2026 - Markt-XXL\" \/>\n<meta property=\"og:description\" content=\"Markt-XXL BEZOX 2 St\u00fcck Nagelknipser Set f\u00fcr Fingernagel &amp; Zehennagel - Nail Clipper Fingernagel Knipser (Dermatologen entwickelt\u2026\" \/>\n<meta property=\"og:url\" content=\"https:\/\/marktxxl.de\/markt\/produkt\/bezox-3-stueck-nagelknipser-set\/\" \/>\n<meta property=\"og:site_name\" content=\"Markt-XXL\" \/>\n<meta property=\"article:modified_time\" content=\"2023-04-09T01:34:32+00:00\" \/>\n<meta property=\"og:image\" content=\"https:\/\/m.media-amazon.com\/images\/I\/41zarM3DobL._SL500_.jpg\" \/>\n\t<meta property=\"og:image:width\" content=\"500\" \/>\n\t<meta property=\"og:image:height\" content=\"500\" \/>\n\t<meta property=\"og:image:type\" content=\"image\/jpeg\" \/>\n<meta name=\"twitter:card\" content=\"summary_large_image\" \/>\n<meta name=\"twitter:label1\" content=\"Gesch\u00e4tzte Lesezeit\" \/>\n\t<meta name=\"twitter:data1\" content=\"1\u00a0Minute\" \/>\n<script type=\"application\/ld+json\" class=\"yoast-schema-graph\">{\"@context\":\"https:\\\/\\\/schema.org\",\"@graph\":[{\"@type\":\"WebPage\",\"@id\":\"https:\\\/\\\/marktxxl.de\\\/markt\\\/produkt\\\/bezox-3-stueck-nagelknipser-set\\\/\",\"url\":\"https:\\\/\\\/marktxxl.de\\\/markt\\\/produkt\\\/bezox-3-stueck-nagelknipser-set\\\/\",\"name\":\"BEZOX 2 St\u00fcck Nagelknipser Set f\u00fcr Fingernagel &amp; Zehennagel - Nail Clipper Fingernagel Knipser (Dermatologen entwickelt\u2026 - Markt-XXL\",\"isPartOf\":{\"@id\":\"https:\\\/\\\/marktxxl.de\\\/markt\\\/#website\"},\"primaryImageOfPage\":{\"@id\":\"https:\\\/\\\/marktxxl.de\\\/markt\\\/produkt\\\/bezox-3-stueck-nagelknipser-set\\\/#primaryimage\"},\"image\":{\"@id\":\"https:\\\/\\\/marktxxl.de\\\/markt\\\/produkt\\\/bezox-3-stueck-nagelknipser-set\\\/#primaryimage\"},\"thumbnailUrl\":\"https:\\\/\\\/m.media-amazon.com\\\/images\\\/I\\\/41zarM3DobL._SL500_.jpg\",\"datePublished\":\"2022-05-15T09:52:44+00:00\",\"dateModified\":\"2023-04-09T01:34:32+00:00\",\"description\":\"Markt-XXL BEZOX 2 St\u00fcck Nagelknipser Set f\u00fcr Fingernagel &amp; Zehennagel - Nail Clipper Fingernagel Knipser (Dermatologen entwickelt\u2026\",\"breadcrumb\":{\"@id\":\"https:\\\/\\\/marktxxl.de\\\/markt\\\/produkt\\\/bezox-3-stueck-nagelknipser-set\\\/#breadcrumb\"},\"inLanguage\":\"de\",\"potentialAction\":[{\"@type\":\"ReadAction\",\"target\":[\"https:\\\/\\\/marktxxl.de\\\/markt\\\/produkt\\\/bezox-3-stueck-nagelknipser-set\\\/\"]}]},{\"@type\":\"ImageObject\",\"inLanguage\":\"de\",\"@id\":\"https:\\\/\\\/marktxxl.de\\\/markt\\\/produkt\\\/bezox-3-stueck-nagelknipser-set\\\/#primaryimage\",\"url\":\"https:\\\/\\\/m.media-amazon.com\\\/images\\\/I\\\/41zarM3DobL._SL500_.jpg\",\"contentUrl\":\"https:\\\/\\\/m.media-amazon.com\\\/images\\\/I\\\/41zarM3DobL._SL500_.jpg\",\"width\":500,\"height\":500},{\"@type\":\"BreadcrumbList\",\"@id\":\"https:\\\/\\\/marktxxl.de\\\/markt\\\/produkt\\\/bezox-3-stueck-nagelknipser-set\\\/#breadcrumb\",\"itemListElement\":[{\"@type\":\"ListItem\",\"position\":1,\"name\":\"Startseite\",\"item\":\"https:\\\/\\\/marktxxl.de\\\/markt\\\/\"},{\"@type\":\"ListItem\",\"position\":2,\"name\":\"Markt\",\"item\":\"https:\\\/\\\/marktxxl.de\\\/markt\\\/\"},{\"@type\":\"ListItem\",\"position\":3,\"name\":\"BEZOX 2 St\u00fcck Nagelknipser Set f\u00fcr Fingernagel &amp; Zehennagel &#8211; Nail Clipper Fingernagel Knipser (Dermatologen entwickelt\u2026\"}]},{\"@type\":\"WebSite\",\"@id\":\"https:\\\/\\\/marktxxl.de\\\/markt\\\/#website\",\"url\":\"https:\\\/\\\/marktxxl.de\\\/markt\\\/\",\"name\":\"Markt-XXL\",\"description\":\"Ihr Markt Online\",\"publisher\":{\"@id\":\"https:\\\/\\\/marktxxl.de\\\/markt\\\/#organization\"},\"potentialAction\":[{\"@type\":\"SearchAction\",\"target\":{\"@type\":\"EntryPoint\",\"urlTemplate\":\"https:\\\/\\\/marktxxl.de\\\/markt\\\/?s={search_term_string}\"},\"query-input\":{\"@type\":\"PropertyValueSpecification\",\"valueRequired\":true,\"valueName\":\"search_term_string\"}}],\"inLanguage\":\"de\"},{\"@type\":\"Organization\",\"@id\":\"https:\\\/\\\/marktxxl.de\\\/markt\\\/#organization\",\"name\":\"Markt-XXL\",\"url\":\"https:\\\/\\\/marktxxl.de\\\/markt\\\/\",\"logo\":{\"@type\":\"ImageObject\",\"inLanguage\":\"de\",\"@id\":\"https:\\\/\\\/marktxxl.de\\\/markt\\\/#\\\/schema\\\/logo\\\/image\\\/\",\"url\":\"https:\\\/\\\/marktxxl.de\\\/markt\\\/wp-content\\\/uploads\\\/sites\\\/3\\\/2020\\\/12\\\/logo.png\",\"contentUrl\":\"https:\\\/\\\/marktxxl.de\\\/markt\\\/wp-content\\\/uploads\\\/sites\\\/3\\\/2020\\\/12\\\/logo.png\",\"width\":200,\"height\":70,\"caption\":\"Markt-XXL\"},\"image\":{\"@id\":\"https:\\\/\\\/marktxxl.de\\\/markt\\\/#\\\/schema\\\/logo\\\/image\\\/\"}}]}<\/script>\n<!-- \/ Yoast SEO plugin. -->","yoast_head_json":{"title":"BEZOX 2 St\u00fcck Nagelknipser Set f\u00fcr Fingernagel &amp; Zehennagel - Nail Clipper Fingernagel Knipser (Dermatologen entwickelt\u2026 - Markt-XXL","description":"Markt-XXL BEZOX 2 St\u00fcck Nagelknipser Set f\u00fcr Fingernagel &amp; Zehennagel - Nail Clipper Fingernagel Knipser (Dermatologen entwickelt\u2026","robots":{"index":"index","follow":"follow","max-snippet":"max-snippet:-1","max-image-preview":"max-image-preview:large","max-video-preview":"max-video-preview:-1"},"canonical":"https:\/\/marktxxl.de\/markt\/produkt\/bezox-3-stueck-nagelknipser-set\/","og_locale":"de_DE","og_type":"article","og_title":"BEZOX 2 St\u00fcck Nagelknipser Set f\u00fcr Fingernagel &amp; Zehennagel - Nail Clipper Fingernagel Knipser (Dermatologen entwickelt\u2026 - Markt-XXL","og_description":"Markt-XXL BEZOX 2 St\u00fcck Nagelknipser Set f\u00fcr Fingernagel &amp; Zehennagel - Nail Clipper Fingernagel Knipser (Dermatologen entwickelt\u2026","og_url":"https:\/\/marktxxl.de\/markt\/produkt\/bezox-3-stueck-nagelknipser-set\/","og_site_name":"Markt-XXL","article_modified_time":"2023-04-09T01:34:32+00:00","og_image":[{"width":500,"height":500,"url":"https:\/\/m.media-amazon.com\/images\/I\/41zarM3DobL._SL500_.jpg","type":"image\/jpeg"}],"twitter_card":"summary_large_image","twitter_misc":{"Gesch\u00e4tzte Lesezeit":"1\u00a0Minute"},"schema":{"@context":"https:\/\/schema.org","@graph":[{"@type":"WebPage","@id":"https:\/\/marktxxl.de\/markt\/produkt\/bezox-3-stueck-nagelknipser-set\/","url":"https:\/\/marktxxl.de\/markt\/produkt\/bezox-3-stueck-nagelknipser-set\/","name":"BEZOX 2 St\u00fcck Nagelknipser Set f\u00fcr Fingernagel &amp; Zehennagel - Nail Clipper Fingernagel Knipser (Dermatologen entwickelt\u2026 - Markt-XXL","isPartOf":{"@id":"https:\/\/marktxxl.de\/markt\/#website"},"primaryImageOfPage":{"@id":"https:\/\/marktxxl.de\/markt\/produkt\/bezox-3-stueck-nagelknipser-set\/#primaryimage"},"image":{"@id":"https:\/\/marktxxl.de\/markt\/produkt\/bezox-3-stueck-nagelknipser-set\/#primaryimage"},"thumbnailUrl":"https:\/\/m.media-amazon.com\/images\/I\/41zarM3DobL._SL500_.jpg","datePublished":"2022-05-15T09:52:44+00:00","dateModified":"2023-04-09T01:34:32+00:00","description":"Markt-XXL BEZOX 2 St\u00fcck Nagelknipser Set f\u00fcr Fingernagel &amp; Zehennagel - Nail Clipper Fingernagel Knipser (Dermatologen entwickelt\u2026","breadcrumb":{"@id":"https:\/\/marktxxl.de\/markt\/produkt\/bezox-3-stueck-nagelknipser-set\/#breadcrumb"},"inLanguage":"de","potentialAction":[{"@type":"ReadAction","target":["https:\/\/marktxxl.de\/markt\/produkt\/bezox-3-stueck-nagelknipser-set\/"]}]},{"@type":"ImageObject","inLanguage":"de","@id":"https:\/\/marktxxl.de\/markt\/produkt\/bezox-3-stueck-nagelknipser-set\/#primaryimage","url":"https:\/\/m.media-amazon.com\/images\/I\/41zarM3DobL._SL500_.jpg","contentUrl":"https:\/\/m.media-amazon.com\/images\/I\/41zarM3DobL._SL500_.jpg","width":500,"height":500},{"@type":"BreadcrumbList","@id":"https:\/\/marktxxl.de\/markt\/produkt\/bezox-3-stueck-nagelknipser-set\/#breadcrumb","itemListElement":[{"@type":"ListItem","position":1,"name":"Startseite","item":"https:\/\/marktxxl.de\/markt\/"},{"@type":"ListItem","position":2,"name":"Markt","item":"https:\/\/marktxxl.de\/markt\/"},{"@type":"ListItem","position":3,"name":"BEZOX 2 St\u00fcck Nagelknipser Set f\u00fcr Fingernagel &amp; Zehennagel &#8211; Nail Clipper Fingernagel Knipser (Dermatologen entwickelt\u2026"}]},{"@type":"WebSite","@id":"https:\/\/marktxxl.de\/markt\/#website","url":"https:\/\/marktxxl.de\/markt\/","name":"Markt-XXL","description":"Ihr Markt Online","publisher":{"@id":"https:\/\/marktxxl.de\/markt\/#organization"},"potentialAction":[{"@type":"SearchAction","target":{"@type":"EntryPoint","urlTemplate":"https:\/\/marktxxl.de\/markt\/?s={search_term_string}"},"query-input":{"@type":"PropertyValueSpecification","valueRequired":true,"valueName":"search_term_string"}}],"inLanguage":"de"},{"@type":"Organization","@id":"https:\/\/marktxxl.de\/markt\/#organization","name":"Markt-XXL","url":"https:\/\/marktxxl.de\/markt\/","logo":{"@type":"ImageObject","inLanguage":"de","@id":"https:\/\/marktxxl.de\/markt\/#\/schema\/logo\/image\/","url":"https:\/\/marktxxl.de\/markt\/wp-content\/uploads\/sites\/3\/2020\/12\/logo.png","contentUrl":"https:\/\/marktxxl.de\/markt\/wp-content\/uploads\/sites\/3\/2020\/12\/logo.png","width":200,"height":70,"caption":"Markt-XXL"},"image":{"@id":"https:\/\/marktxxl.de\/markt\/#\/schema\/logo\/image\/"}}]}},"_links":{"self":[{"href":"https:\/\/marktxxl.de\/markt\/wp-json\/wp\/v2\/product\/124390","targetHints":{"allow":["GET"]}}],"collection":[{"href":"https:\/\/marktxxl.de\/markt\/wp-json\/wp\/v2\/product"}],"about":[{"href":"https:\/\/marktxxl.de\/markt\/wp-json\/wp\/v2\/types\/product"}],"replies":[{"embeddable":true,"href":"https:\/\/marktxxl.de\/markt\/wp-json\/wp\/v2\/comments?post=124390"}],"wp:featuredmedia":[{"embeddable":true,"href":"https:\/\/marktxxl.de\/markt\/wp-json\/wp\/v2\/media\/124391"}],"wp:attachment":[{"href":"https:\/\/marktxxl.de\/markt\/wp-json\/wp\/v2\/media?parent=124390"}],"wp:term":[{"taxonomy":"product_brand","embeddable":true,"href":"https:\/\/marktxxl.de\/markt\/wp-json\/wp\/v2\/product_brand?post=124390"},{"taxonomy":"product_cat","embeddable":true,"href":"https:\/\/marktxxl.de\/markt\/wp-json\/wp\/v2\/product_cat?post=124390"},{"taxonomy":"product_tag","embeddable":true,"href":"https:\/\/marktxxl.de\/markt\/wp-json\/wp\/v2\/product_tag?post=124390"}],"curies":[{"name":"wp","href":"https:\/\/api.w.org\/{rel}","templated":true}]}}