{"id":124346,"date":"2022-05-15T11:52:07","date_gmt":"2022-05-15T09:52:07","guid":{"rendered":"https:\/\/marktxxl.de\/markt\/produkt\/bezox-hautscheren-mit-nagelhautschieber-set-praezises-nagelhaut-knipser-und-unter-nagel-reinigungsset-fuer-den-salon-oder-heimgebrauch-chirurgischer-edelstahl\/"},"modified":"2023-04-09T03:34:31","modified_gmt":"2023-04-09T01:34:31","slug":"bezox-hautscheren-mit-nagelhautschieber-set-praezises-nagelhaut-knipser-und-unter-nagel-reinigungsset-fuer-den-salon-oder-heimgebrauch-chirurgischer-edelstahl","status":"publish","type":"product","link":"https:\/\/marktxxl.de\/markt\/produkt\/bezox-hautscheren-mit-nagelhautschieber-set-praezises-nagelhaut-knipser-und-unter-nagel-reinigungsset-fuer-den-salon-oder-heimgebrauch-chirurgischer-edelstahl\/","title":{"rendered":"BEZOX Hautscheren mit Nagelhautschieber Set &#8211; Pr\u00e4zises Nagelhaut Knipser und Unter-Nagel-Reinigungsset f\u00fcr den Salon\u2026"},"content":{"rendered":"<p>\ud83e\udd84Mit einem Nagelhautschneider und einem Dr\u00fccker in derselben Aufbewahrungsbox aus Metall. Mit diesem Set m\u00fcssen Sie nicht in separate Werkzeuge investieren, da Sie alles haben, was Sie zum Reinigen und Schneiden der Nagelhaut ben\u00f6tigen.<br \/>\n\ud83e\udd84Es wurde sowohl f\u00fcr den professionellen Gebrauch als auch f\u00fcr den Heimgebrauch entwickelt, schneidet die Nagelhaut mit hoher Pr\u00e4zision und gew\u00e4hrleistet die Sicherheit Ihrer Haut. Hergestellt aus geh\u00e4rtetem Edelstahl, um die Sch\u00e4rfe \u00fcber einen sehr langen Zeitraum zu erhalten.<br \/>\n\ud83e\udd84 Die Zange hat eine Edelstahlspitze und scharfe Klingen, die ein sauberes Schneiden erm\u00f6glichen, ohne zu ziehen oder zu ziehen. Der zweischneidige Nagelhautschieber kann verwendet werden, um die Nagelhaut nach Wunsch zu schieben und zu zwicken.<br \/>\n\ud83e\udd84Unser Set zum Entfernen von Nagelhaut hat ein wundersch\u00f6nes Design, ist handgefertigt und mit viel Liebe zum Detail gestaltet. Jede Kante ist perfekt verarbeitet, in Regenbogenfarben lackiert, stilvoll und funktional.<br \/>\n\ud83e\udd84 100% Zufriedenheitsgarantie Wenn Sie diesen Artikel aus irgendeinem Grund nicht zufrieden stellen, k\u00f6nnen Sie sich jederzeit an uns wenden. 100% Geldr\u00fcckerstattung, keine Fragen und keine Probleme.<br \/>\n<div class=\"main-cross-sell\" data-asin=\"B07XGL7HTK\">\n\n\t<div class=\"WooZone-cross-sell-loader\">\n\t\t<div>\n\t\t\t<div id=\"floatingBarsG\">\n\t\t\t\t<div class=\"blockG\" id=\"rotateG_01\"><\/div>\n\t\t\t\t<div class=\"blockG\" id=\"rotateG_02\"><\/div>\n\t\t\t\t<div class=\"blockG\" id=\"rotateG_03\"><\/div>\n\t\t\t\t<div class=\"blockG\" id=\"rotateG_04\"><\/div>\n\t\t\t\t<div class=\"blockG\" id=\"rotateG_05\"><\/div>\n\t\t\t\t<div class=\"blockG\" id=\"rotateG_06\"><\/div>\n\t\t\t\t<div class=\"blockG\" id=\"rotateG_07\"><\/div>\n\t\t\t\t<div class=\"blockG\" id=\"rotateG_08\"><\/div>\n\t\t\t<\/div>\n\t\t\t<div class=\"WooZone-cross-sell-loader-text\"><\/div>\n\t\t<\/div>\n\t<\/div>\n\n\t\t\n<\/div>\n<div style=\"clear:both;\"><\/div><\/p>\n","protected":false},"excerpt":{"rendered":"<p>\ud83e\udd84Mit einem Nagelhautschneider und einem Dr\u00fccker in derselben Aufbewahrungsbox aus Metall. Mit diesem Set m\u00fcssen Sie nicht in separate Werkzeuge investieren, da Sie alles haben, was Sie zum Reinigen und Schneiden der Nagelhaut ben\u00f6tigen.<br \/>\n\ud83e\udd84Es wurde sowohl f\u00fcr den professionellen Gebrauch als auch f\u00fcr den Heimgebrauch entwickelt, schneidet die Nagelhaut mit hoher Pr\u00e4zision und gew\u00e4hrleistet die Sicherheit Ihrer Haut. Hergestellt aus geh\u00e4rtetem Edelstahl, um die Sch\u00e4rfe \u00fcber einen sehr langen Zeitraum zu erhalten.<br \/>\n\ud83e\udd84 Die Zange hat eine Edelstahlspitze und scharfe Klingen, die ein sauberes Schneiden erm\u00f6glichen, ohne zu ziehen oder zu ziehen. Der zweischneidige Nagelhautschieber kann verwendet werden, um die Nagelhaut nach Wunsch zu schieben und zu zwicken.<\/p>\n","protected":false},"featured_media":124347,"comment_status":"open","ping_status":"closed","template":"","meta":[],"product_brand":[],"product_cat":[2858,7659],"product_tag":[],"class_list":{"0":"post-124346","1":"product","2":"type-product","3":"status-publish","4":"has-post-thumbnail","6":"product_cat-beauty","7":"product_cat-manikuere-pedikuere","8":"pa_binding-misc","9":"pa_brand-bezox","10":"pa_color-chameleon","11":"pa_height-0-4330708657-zoll","12":"pa_length-4-4094488144-zoll","13":"pa_manufacturer-bezox","14":"pa_model-f1909-37","15":"pa_size-2-stueck-1er-pack","16":"pa_weight-0-1433004703-pfund","17":"pa_width-2-2047244072-zoll","19":"first","20":"instock","21":"shipping-taxable","22":"purchasable","23":"product-type-simple","24":"customify-col","25":"product-has-gallery"},"yoast_head":"<!-- This site is optimized with the Yoast SEO plugin v27.3 - https:\/\/yoast.com\/product\/yoast-seo-wordpress\/ -->\n<title>BEZOX Hautscheren mit Nagelhautschieber Set - Pr\u00e4zises Nagelhaut Knipser und Unter-Nagel-Reinigungsset f\u00fcr den Salon\u2026 - Markt-XXL<\/title>\n<meta name=\"description\" content=\"Markt-XXL BEZOX Hautscheren mit Nagelhautschieber Set - Pr\u00e4zises Nagelhaut Knipser und Unter-Nagel-Reinigungsset f\u00fcr den Salon\u2026\" \/>\n<meta name=\"robots\" content=\"index, follow, max-snippet:-1, max-image-preview:large, max-video-preview:-1\" \/>\n<link rel=\"canonical\" href=\"https:\/\/marktxxl.de\/markt\/produkt\/bezox-hautscheren-mit-nagelhautschieber-set-praezises-nagelhaut-knipser-und-unter-nagel-reinigungsset-fuer-den-salon-oder-heimgebrauch-chirurgischer-edelstahl\/\" \/>\n<meta property=\"og:locale\" content=\"de_DE\" \/>\n<meta property=\"og:type\" content=\"article\" \/>\n<meta property=\"og:title\" content=\"BEZOX Hautscheren mit Nagelhautschieber Set - Pr\u00e4zises Nagelhaut Knipser und Unter-Nagel-Reinigungsset f\u00fcr den Salon\u2026 - Markt-XXL\" \/>\n<meta property=\"og:description\" content=\"Markt-XXL BEZOX Hautscheren mit Nagelhautschieber Set - Pr\u00e4zises Nagelhaut Knipser und Unter-Nagel-Reinigungsset f\u00fcr den Salon\u2026\" \/>\n<meta property=\"og:url\" content=\"https:\/\/marktxxl.de\/markt\/produkt\/bezox-hautscheren-mit-nagelhautschieber-set-praezises-nagelhaut-knipser-und-unter-nagel-reinigungsset-fuer-den-salon-oder-heimgebrauch-chirurgischer-edelstahl\/\" \/>\n<meta property=\"og:site_name\" content=\"Markt-XXL\" \/>\n<meta property=\"article:modified_time\" content=\"2023-04-09T01:34:31+00:00\" \/>\n<meta property=\"og:image\" content=\"https:\/\/m.media-amazon.com\/images\/I\/41fhrIfxEtL._SL500_.jpg\" \/>\n\t<meta property=\"og:image:width\" content=\"500\" \/>\n\t<meta property=\"og:image:height\" content=\"500\" \/>\n\t<meta property=\"og:image:type\" content=\"image\/jpeg\" \/>\n<meta name=\"twitter:card\" content=\"summary_large_image\" \/>\n<meta name=\"twitter:label1\" content=\"Gesch\u00e4tzte Lesezeit\" \/>\n\t<meta name=\"twitter:data1\" content=\"1\u00a0Minute\" \/>\n<script type=\"application\/ld+json\" class=\"yoast-schema-graph\">{\"@context\":\"https:\\\/\\\/schema.org\",\"@graph\":[{\"@type\":\"WebPage\",\"@id\":\"https:\\\/\\\/marktxxl.de\\\/markt\\\/produkt\\\/bezox-hautscheren-mit-nagelhautschieber-set-praezises-nagelhaut-knipser-und-unter-nagel-reinigungsset-fuer-den-salon-oder-heimgebrauch-chirurgischer-edelstahl\\\/\",\"url\":\"https:\\\/\\\/marktxxl.de\\\/markt\\\/produkt\\\/bezox-hautscheren-mit-nagelhautschieber-set-praezises-nagelhaut-knipser-und-unter-nagel-reinigungsset-fuer-den-salon-oder-heimgebrauch-chirurgischer-edelstahl\\\/\",\"name\":\"BEZOX Hautscheren mit Nagelhautschieber Set - Pr\u00e4zises Nagelhaut Knipser und Unter-Nagel-Reinigungsset f\u00fcr den Salon\u2026 - Markt-XXL\",\"isPartOf\":{\"@id\":\"https:\\\/\\\/marktxxl.de\\\/markt\\\/#website\"},\"primaryImageOfPage\":{\"@id\":\"https:\\\/\\\/marktxxl.de\\\/markt\\\/produkt\\\/bezox-hautscheren-mit-nagelhautschieber-set-praezises-nagelhaut-knipser-und-unter-nagel-reinigungsset-fuer-den-salon-oder-heimgebrauch-chirurgischer-edelstahl\\\/#primaryimage\"},\"image\":{\"@id\":\"https:\\\/\\\/marktxxl.de\\\/markt\\\/produkt\\\/bezox-hautscheren-mit-nagelhautschieber-set-praezises-nagelhaut-knipser-und-unter-nagel-reinigungsset-fuer-den-salon-oder-heimgebrauch-chirurgischer-edelstahl\\\/#primaryimage\"},\"thumbnailUrl\":\"https:\\\/\\\/m.media-amazon.com\\\/images\\\/I\\\/41fhrIfxEtL._SL500_.jpg\",\"datePublished\":\"2022-05-15T09:52:07+00:00\",\"dateModified\":\"2023-04-09T01:34:31+00:00\",\"description\":\"Markt-XXL BEZOX Hautscheren mit Nagelhautschieber Set - Pr\u00e4zises Nagelhaut Knipser und Unter-Nagel-Reinigungsset f\u00fcr den Salon\u2026\",\"breadcrumb\":{\"@id\":\"https:\\\/\\\/marktxxl.de\\\/markt\\\/produkt\\\/bezox-hautscheren-mit-nagelhautschieber-set-praezises-nagelhaut-knipser-und-unter-nagel-reinigungsset-fuer-den-salon-oder-heimgebrauch-chirurgischer-edelstahl\\\/#breadcrumb\"},\"inLanguage\":\"de\",\"potentialAction\":[{\"@type\":\"ReadAction\",\"target\":[\"https:\\\/\\\/marktxxl.de\\\/markt\\\/produkt\\\/bezox-hautscheren-mit-nagelhautschieber-set-praezises-nagelhaut-knipser-und-unter-nagel-reinigungsset-fuer-den-salon-oder-heimgebrauch-chirurgischer-edelstahl\\\/\"]}]},{\"@type\":\"ImageObject\",\"inLanguage\":\"de\",\"@id\":\"https:\\\/\\\/marktxxl.de\\\/markt\\\/produkt\\\/bezox-hautscheren-mit-nagelhautschieber-set-praezises-nagelhaut-knipser-und-unter-nagel-reinigungsset-fuer-den-salon-oder-heimgebrauch-chirurgischer-edelstahl\\\/#primaryimage\",\"url\":\"https:\\\/\\\/m.media-amazon.com\\\/images\\\/I\\\/41fhrIfxEtL._SL500_.jpg\",\"contentUrl\":\"https:\\\/\\\/m.media-amazon.com\\\/images\\\/I\\\/41fhrIfxEtL._SL500_.jpg\",\"width\":500,\"height\":500},{\"@type\":\"BreadcrumbList\",\"@id\":\"https:\\\/\\\/marktxxl.de\\\/markt\\\/produkt\\\/bezox-hautscheren-mit-nagelhautschieber-set-praezises-nagelhaut-knipser-und-unter-nagel-reinigungsset-fuer-den-salon-oder-heimgebrauch-chirurgischer-edelstahl\\\/#breadcrumb\",\"itemListElement\":[{\"@type\":\"ListItem\",\"position\":1,\"name\":\"Startseite\",\"item\":\"https:\\\/\\\/marktxxl.de\\\/markt\\\/\"},{\"@type\":\"ListItem\",\"position\":2,\"name\":\"Markt\",\"item\":\"https:\\\/\\\/marktxxl.de\\\/markt\\\/\"},{\"@type\":\"ListItem\",\"position\":3,\"name\":\"BEZOX Hautscheren mit Nagelhautschieber Set &#8211; Pr\u00e4zises Nagelhaut Knipser und Unter-Nagel-Reinigungsset f\u00fcr den Salon\u2026\"}]},{\"@type\":\"WebSite\",\"@id\":\"https:\\\/\\\/marktxxl.de\\\/markt\\\/#website\",\"url\":\"https:\\\/\\\/marktxxl.de\\\/markt\\\/\",\"name\":\"Markt-XXL\",\"description\":\"Ihr Markt Online\",\"publisher\":{\"@id\":\"https:\\\/\\\/marktxxl.de\\\/markt\\\/#organization\"},\"potentialAction\":[{\"@type\":\"SearchAction\",\"target\":{\"@type\":\"EntryPoint\",\"urlTemplate\":\"https:\\\/\\\/marktxxl.de\\\/markt\\\/?s={search_term_string}\"},\"query-input\":{\"@type\":\"PropertyValueSpecification\",\"valueRequired\":true,\"valueName\":\"search_term_string\"}}],\"inLanguage\":\"de\"},{\"@type\":\"Organization\",\"@id\":\"https:\\\/\\\/marktxxl.de\\\/markt\\\/#organization\",\"name\":\"Markt-XXL\",\"url\":\"https:\\\/\\\/marktxxl.de\\\/markt\\\/\",\"logo\":{\"@type\":\"ImageObject\",\"inLanguage\":\"de\",\"@id\":\"https:\\\/\\\/marktxxl.de\\\/markt\\\/#\\\/schema\\\/logo\\\/image\\\/\",\"url\":\"https:\\\/\\\/marktxxl.de\\\/markt\\\/wp-content\\\/uploads\\\/sites\\\/3\\\/2020\\\/12\\\/logo.png\",\"contentUrl\":\"https:\\\/\\\/marktxxl.de\\\/markt\\\/wp-content\\\/uploads\\\/sites\\\/3\\\/2020\\\/12\\\/logo.png\",\"width\":200,\"height\":70,\"caption\":\"Markt-XXL\"},\"image\":{\"@id\":\"https:\\\/\\\/marktxxl.de\\\/markt\\\/#\\\/schema\\\/logo\\\/image\\\/\"}}]}<\/script>\n<!-- \/ Yoast SEO plugin. -->","yoast_head_json":{"title":"BEZOX Hautscheren mit Nagelhautschieber Set - Pr\u00e4zises Nagelhaut Knipser und Unter-Nagel-Reinigungsset f\u00fcr den Salon\u2026 - Markt-XXL","description":"Markt-XXL BEZOX Hautscheren mit Nagelhautschieber Set - Pr\u00e4zises Nagelhaut Knipser und Unter-Nagel-Reinigungsset f\u00fcr den Salon\u2026","robots":{"index":"index","follow":"follow","max-snippet":"max-snippet:-1","max-image-preview":"max-image-preview:large","max-video-preview":"max-video-preview:-1"},"canonical":"https:\/\/marktxxl.de\/markt\/produkt\/bezox-hautscheren-mit-nagelhautschieber-set-praezises-nagelhaut-knipser-und-unter-nagel-reinigungsset-fuer-den-salon-oder-heimgebrauch-chirurgischer-edelstahl\/","og_locale":"de_DE","og_type":"article","og_title":"BEZOX Hautscheren mit Nagelhautschieber Set - Pr\u00e4zises Nagelhaut Knipser und Unter-Nagel-Reinigungsset f\u00fcr den Salon\u2026 - Markt-XXL","og_description":"Markt-XXL BEZOX Hautscheren mit Nagelhautschieber Set - Pr\u00e4zises Nagelhaut Knipser und Unter-Nagel-Reinigungsset f\u00fcr den Salon\u2026","og_url":"https:\/\/marktxxl.de\/markt\/produkt\/bezox-hautscheren-mit-nagelhautschieber-set-praezises-nagelhaut-knipser-und-unter-nagel-reinigungsset-fuer-den-salon-oder-heimgebrauch-chirurgischer-edelstahl\/","og_site_name":"Markt-XXL","article_modified_time":"2023-04-09T01:34:31+00:00","og_image":[{"width":500,"height":500,"url":"https:\/\/m.media-amazon.com\/images\/I\/41fhrIfxEtL._SL500_.jpg","type":"image\/jpeg"}],"twitter_card":"summary_large_image","twitter_misc":{"Gesch\u00e4tzte Lesezeit":"1\u00a0Minute"},"schema":{"@context":"https:\/\/schema.org","@graph":[{"@type":"WebPage","@id":"https:\/\/marktxxl.de\/markt\/produkt\/bezox-hautscheren-mit-nagelhautschieber-set-praezises-nagelhaut-knipser-und-unter-nagel-reinigungsset-fuer-den-salon-oder-heimgebrauch-chirurgischer-edelstahl\/","url":"https:\/\/marktxxl.de\/markt\/produkt\/bezox-hautscheren-mit-nagelhautschieber-set-praezises-nagelhaut-knipser-und-unter-nagel-reinigungsset-fuer-den-salon-oder-heimgebrauch-chirurgischer-edelstahl\/","name":"BEZOX Hautscheren mit Nagelhautschieber Set - Pr\u00e4zises Nagelhaut Knipser und Unter-Nagel-Reinigungsset f\u00fcr den Salon\u2026 - Markt-XXL","isPartOf":{"@id":"https:\/\/marktxxl.de\/markt\/#website"},"primaryImageOfPage":{"@id":"https:\/\/marktxxl.de\/markt\/produkt\/bezox-hautscheren-mit-nagelhautschieber-set-praezises-nagelhaut-knipser-und-unter-nagel-reinigungsset-fuer-den-salon-oder-heimgebrauch-chirurgischer-edelstahl\/#primaryimage"},"image":{"@id":"https:\/\/marktxxl.de\/markt\/produkt\/bezox-hautscheren-mit-nagelhautschieber-set-praezises-nagelhaut-knipser-und-unter-nagel-reinigungsset-fuer-den-salon-oder-heimgebrauch-chirurgischer-edelstahl\/#primaryimage"},"thumbnailUrl":"https:\/\/m.media-amazon.com\/images\/I\/41fhrIfxEtL._SL500_.jpg","datePublished":"2022-05-15T09:52:07+00:00","dateModified":"2023-04-09T01:34:31+00:00","description":"Markt-XXL BEZOX Hautscheren mit Nagelhautschieber Set - Pr\u00e4zises Nagelhaut Knipser und Unter-Nagel-Reinigungsset f\u00fcr den Salon\u2026","breadcrumb":{"@id":"https:\/\/marktxxl.de\/markt\/produkt\/bezox-hautscheren-mit-nagelhautschieber-set-praezises-nagelhaut-knipser-und-unter-nagel-reinigungsset-fuer-den-salon-oder-heimgebrauch-chirurgischer-edelstahl\/#breadcrumb"},"inLanguage":"de","potentialAction":[{"@type":"ReadAction","target":["https:\/\/marktxxl.de\/markt\/produkt\/bezox-hautscheren-mit-nagelhautschieber-set-praezises-nagelhaut-knipser-und-unter-nagel-reinigungsset-fuer-den-salon-oder-heimgebrauch-chirurgischer-edelstahl\/"]}]},{"@type":"ImageObject","inLanguage":"de","@id":"https:\/\/marktxxl.de\/markt\/produkt\/bezox-hautscheren-mit-nagelhautschieber-set-praezises-nagelhaut-knipser-und-unter-nagel-reinigungsset-fuer-den-salon-oder-heimgebrauch-chirurgischer-edelstahl\/#primaryimage","url":"https:\/\/m.media-amazon.com\/images\/I\/41fhrIfxEtL._SL500_.jpg","contentUrl":"https:\/\/m.media-amazon.com\/images\/I\/41fhrIfxEtL._SL500_.jpg","width":500,"height":500},{"@type":"BreadcrumbList","@id":"https:\/\/marktxxl.de\/markt\/produkt\/bezox-hautscheren-mit-nagelhautschieber-set-praezises-nagelhaut-knipser-und-unter-nagel-reinigungsset-fuer-den-salon-oder-heimgebrauch-chirurgischer-edelstahl\/#breadcrumb","itemListElement":[{"@type":"ListItem","position":1,"name":"Startseite","item":"https:\/\/marktxxl.de\/markt\/"},{"@type":"ListItem","position":2,"name":"Markt","item":"https:\/\/marktxxl.de\/markt\/"},{"@type":"ListItem","position":3,"name":"BEZOX Hautscheren mit Nagelhautschieber Set &#8211; Pr\u00e4zises Nagelhaut Knipser und Unter-Nagel-Reinigungsset f\u00fcr den Salon\u2026"}]},{"@type":"WebSite","@id":"https:\/\/marktxxl.de\/markt\/#website","url":"https:\/\/marktxxl.de\/markt\/","name":"Markt-XXL","description":"Ihr Markt Online","publisher":{"@id":"https:\/\/marktxxl.de\/markt\/#organization"},"potentialAction":[{"@type":"SearchAction","target":{"@type":"EntryPoint","urlTemplate":"https:\/\/marktxxl.de\/markt\/?s={search_term_string}"},"query-input":{"@type":"PropertyValueSpecification","valueRequired":true,"valueName":"search_term_string"}}],"inLanguage":"de"},{"@type":"Organization","@id":"https:\/\/marktxxl.de\/markt\/#organization","name":"Markt-XXL","url":"https:\/\/marktxxl.de\/markt\/","logo":{"@type":"ImageObject","inLanguage":"de","@id":"https:\/\/marktxxl.de\/markt\/#\/schema\/logo\/image\/","url":"https:\/\/marktxxl.de\/markt\/wp-content\/uploads\/sites\/3\/2020\/12\/logo.png","contentUrl":"https:\/\/marktxxl.de\/markt\/wp-content\/uploads\/sites\/3\/2020\/12\/logo.png","width":200,"height":70,"caption":"Markt-XXL"},"image":{"@id":"https:\/\/marktxxl.de\/markt\/#\/schema\/logo\/image\/"}}]}},"_links":{"self":[{"href":"https:\/\/marktxxl.de\/markt\/wp-json\/wp\/v2\/product\/124346","targetHints":{"allow":["GET"]}}],"collection":[{"href":"https:\/\/marktxxl.de\/markt\/wp-json\/wp\/v2\/product"}],"about":[{"href":"https:\/\/marktxxl.de\/markt\/wp-json\/wp\/v2\/types\/product"}],"replies":[{"embeddable":true,"href":"https:\/\/marktxxl.de\/markt\/wp-json\/wp\/v2\/comments?post=124346"}],"wp:featuredmedia":[{"embeddable":true,"href":"https:\/\/marktxxl.de\/markt\/wp-json\/wp\/v2\/media\/124347"}],"wp:attachment":[{"href":"https:\/\/marktxxl.de\/markt\/wp-json\/wp\/v2\/media?parent=124346"}],"wp:term":[{"taxonomy":"product_brand","embeddable":true,"href":"https:\/\/marktxxl.de\/markt\/wp-json\/wp\/v2\/product_brand?post=124346"},{"taxonomy":"product_cat","embeddable":true,"href":"https:\/\/marktxxl.de\/markt\/wp-json\/wp\/v2\/product_cat?post=124346"},{"taxonomy":"product_tag","embeddable":true,"href":"https:\/\/marktxxl.de\/markt\/wp-json\/wp\/v2\/product_tag?post=124346"}],"curies":[{"name":"wp","href":"https:\/\/api.w.org\/{rel}","templated":true}]}}