{"id":124291,"date":"2022-05-15T11:49:07","date_gmt":"2022-05-15T09:49:07","guid":{"rendered":"https:\/\/marktxxl.de\/markt\/produkt\/umstandsshorts-damen-umstandshose-shorts-schlafanzug-pyjama-yoga-hose-kurz\/"},"modified":"2023-04-09T03:34:30","modified_gmt":"2023-04-09T01:34:30","slug":"umstandsshorts-damen-umstandshose-shorts-schlafanzug-pyjama-yoga-hose-kurz","status":"publish","type":"product","link":"https:\/\/marktxxl.de\/markt\/produkt\/umstandsshorts-damen-umstandshose-shorts-schlafanzug-pyjama-yoga-hose-kurz\/","title":{"rendered":"Umstandsshorts Damen Umstandshose Shorts Schlafanzug\/Pyjama\/Yoga Hose Kurz"},"content":{"rendered":"<p>HOCHWERTIGES MATERIAL: Diese bequeme Umstandsshorts besteht aus 95% Bambus viskose und 5% Elasthan. Ultraweich, bequem und leicht, sehr dehnbar, um Ihrem wachsenden Bauch gerecht zu werden.<br \/>\nF\u00dcR KOMFORT ENTWICKELT: Das elastische Design auf der R\u00fcckseite mit einer breiten Abflachung \u00fcber der Bauchplatte auf der Vorderseite. Sie bleiben auf, aber nicht zu eng, ohne Ihre Beule zu quetschen. Diese Shorts passen so gut um deine Taille.<br \/>\nEntwickelt f\u00fcr schwangeres, um sich an Ver\u00e4nderungen im K\u00f6rper anzupassen. Perfekt und bequem in allen Stadien der Schwangerschaft.<br \/>\nDiese Mutterschafts-Yoga-Shorts sind ideal f\u00fcr Freizeit- \/ Schlafkleidung \/ t\u00e4gliche Bewegung \/ Yoga, Outdoor- oder Indoor-Aktivit\u00e4ten.<br \/>\nErh\u00e4ltlich in Schwarz, Grau, Dunkelgrau, Marineblau, Lila, Rot und Gr\u00fcn von S bis XXL, w\u00e4hlen Sie Ihre Schwangerschaftsgr\u00f6\u00dfe.<br \/>\n<div class=\"main-cross-sell\" data-asin=\"B08TZYW1G3\">\n\n\t<div class=\"WooZone-cross-sell-loader\">\n\t\t<div>\n\t\t\t<div id=\"floatingBarsG\">\n\t\t\t\t<div class=\"blockG\" id=\"rotateG_01\"><\/div>\n\t\t\t\t<div class=\"blockG\" id=\"rotateG_02\"><\/div>\n\t\t\t\t<div class=\"blockG\" id=\"rotateG_03\"><\/div>\n\t\t\t\t<div class=\"blockG\" id=\"rotateG_04\"><\/div>\n\t\t\t\t<div class=\"blockG\" id=\"rotateG_05\"><\/div>\n\t\t\t\t<div class=\"blockG\" id=\"rotateG_06\"><\/div>\n\t\t\t\t<div class=\"blockG\" id=\"rotateG_07\"><\/div>\n\t\t\t\t<div class=\"blockG\" id=\"rotateG_08\"><\/div>\n\t\t\t<\/div>\n\t\t\t<div class=\"WooZone-cross-sell-loader-text\"><\/div>\n\t\t<\/div>\n\t<\/div>\n\n\t\t\n<\/div>\n<div style=\"clear:both;\"><\/div><\/p>\n","protected":false},"excerpt":{"rendered":"<p>HOCHWERTIGES MATERIAL: Diese bequeme Umstandsshorts besteht aus 95% Bambus viskose und 5% Elasthan. Ultraweich, bequem und leicht, sehr dehnbar, um Ihrem wachsenden Bauch gerecht zu werden.<br \/>\nF\u00dcR KOMFORT ENTWICKELT: Das elastische Design auf der R\u00fcckseite mit einer breiten Abflachung \u00fcber der Bauchplatte auf der Vorderseite. Sie bleiben auf, aber nicht zu eng, ohne Ihre Beule zu quetschen. Diese Shorts passen so gut um deine Taille.<br \/>\nEntwickelt f\u00fcr schwangeres, um sich an Ver\u00e4nderungen im K\u00f6rper anzupassen. Perfekt und bequem in allen Stadien der Schwangerschaft.<\/p>\n","protected":false},"featured_media":124292,"comment_status":"open","ping_status":"closed","template":"","meta":[],"product_brand":[],"product_cat":[21,9478],"product_tag":[],"class_list":{"0":"post-124291","1":"product","2":"type-product","3":"status-publish","4":"has-post-thumbnail","6":"product_cat-baby","7":"product_cat-umstandskleidung-baby","8":"pa_binding-textilien","9":"pa_brand-joyaria","10":"pa_model-de-ja0091","12":"first","13":"instock","14":"shipping-taxable","15":"purchasable","16":"product-type-simple","17":"customify-col","18":"product-has-gallery"},"yoast_head":"<!-- This site is optimized with the Yoast SEO plugin v27.4 - https:\/\/yoast.com\/product\/yoast-seo-wordpress\/ -->\n<title>Umstandsshorts Damen Umstandshose Shorts Schlafanzug\/Pyjama\/Yoga Hose Kurz - Markt-XXL<\/title>\n<meta name=\"description\" content=\"Markt-XXL Umstandsshorts Damen Umstandshose Shorts Schlafanzug\/Pyjama\/Yoga Hose Kurz\" \/>\n<meta name=\"robots\" content=\"index, follow, max-snippet:-1, max-image-preview:large, max-video-preview:-1\" \/>\n<link rel=\"canonical\" href=\"https:\/\/marktxxl.de\/markt\/produkt\/umstandsshorts-damen-umstandshose-shorts-schlafanzug-pyjama-yoga-hose-kurz\/\" \/>\n<meta property=\"og:locale\" content=\"de_DE\" \/>\n<meta property=\"og:type\" content=\"article\" \/>\n<meta property=\"og:title\" content=\"Umstandsshorts Damen Umstandshose Shorts Schlafanzug\/Pyjama\/Yoga Hose Kurz - Markt-XXL\" \/>\n<meta property=\"og:description\" content=\"Markt-XXL Umstandsshorts Damen Umstandshose Shorts Schlafanzug\/Pyjama\/Yoga Hose Kurz\" \/>\n<meta property=\"og:url\" content=\"https:\/\/marktxxl.de\/markt\/produkt\/umstandsshorts-damen-umstandshose-shorts-schlafanzug-pyjama-yoga-hose-kurz\/\" \/>\n<meta property=\"og:site_name\" content=\"Markt-XXL\" \/>\n<meta property=\"article:modified_time\" content=\"2023-04-09T01:34:30+00:00\" \/>\n<meta property=\"og:image\" content=\"https:\/\/m.media-amazon.com\/images\/I\/31X-YSE4wKL._SL500_.jpg\" \/>\n\t<meta property=\"og:image:width\" content=\"385\" \/>\n\t<meta property=\"og:image:height\" content=\"500\" \/>\n\t<meta property=\"og:image:type\" content=\"image\/jpeg\" \/>\n<meta name=\"twitter:card\" content=\"summary_large_image\" \/>\n<meta name=\"twitter:label1\" content=\"Gesch\u00e4tzte Lesezeit\" \/>\n\t<meta name=\"twitter:data1\" content=\"1\u00a0Minute\" \/>\n<script type=\"application\/ld+json\" class=\"yoast-schema-graph\">{\"@context\":\"https:\\\/\\\/schema.org\",\"@graph\":[{\"@type\":\"WebPage\",\"@id\":\"https:\\\/\\\/marktxxl.de\\\/markt\\\/produkt\\\/umstandsshorts-damen-umstandshose-shorts-schlafanzug-pyjama-yoga-hose-kurz\\\/\",\"url\":\"https:\\\/\\\/marktxxl.de\\\/markt\\\/produkt\\\/umstandsshorts-damen-umstandshose-shorts-schlafanzug-pyjama-yoga-hose-kurz\\\/\",\"name\":\"Umstandsshorts Damen Umstandshose Shorts Schlafanzug\\\/Pyjama\\\/Yoga Hose Kurz - Markt-XXL\",\"isPartOf\":{\"@id\":\"https:\\\/\\\/marktxxl.de\\\/markt\\\/#website\"},\"primaryImageOfPage\":{\"@id\":\"https:\\\/\\\/marktxxl.de\\\/markt\\\/produkt\\\/umstandsshorts-damen-umstandshose-shorts-schlafanzug-pyjama-yoga-hose-kurz\\\/#primaryimage\"},\"image\":{\"@id\":\"https:\\\/\\\/marktxxl.de\\\/markt\\\/produkt\\\/umstandsshorts-damen-umstandshose-shorts-schlafanzug-pyjama-yoga-hose-kurz\\\/#primaryimage\"},\"thumbnailUrl\":\"https:\\\/\\\/m.media-amazon.com\\\/images\\\/I\\\/31X-YSE4wKL._SL500_.jpg\",\"datePublished\":\"2022-05-15T09:49:07+00:00\",\"dateModified\":\"2023-04-09T01:34:30+00:00\",\"description\":\"Markt-XXL Umstandsshorts Damen Umstandshose Shorts Schlafanzug\\\/Pyjama\\\/Yoga Hose Kurz\",\"breadcrumb\":{\"@id\":\"https:\\\/\\\/marktxxl.de\\\/markt\\\/produkt\\\/umstandsshorts-damen-umstandshose-shorts-schlafanzug-pyjama-yoga-hose-kurz\\\/#breadcrumb\"},\"inLanguage\":\"de\",\"potentialAction\":[{\"@type\":\"ReadAction\",\"target\":[\"https:\\\/\\\/marktxxl.de\\\/markt\\\/produkt\\\/umstandsshorts-damen-umstandshose-shorts-schlafanzug-pyjama-yoga-hose-kurz\\\/\"]}]},{\"@type\":\"ImageObject\",\"inLanguage\":\"de\",\"@id\":\"https:\\\/\\\/marktxxl.de\\\/markt\\\/produkt\\\/umstandsshorts-damen-umstandshose-shorts-schlafanzug-pyjama-yoga-hose-kurz\\\/#primaryimage\",\"url\":\"https:\\\/\\\/m.media-amazon.com\\\/images\\\/I\\\/31X-YSE4wKL._SL500_.jpg\",\"contentUrl\":\"https:\\\/\\\/m.media-amazon.com\\\/images\\\/I\\\/31X-YSE4wKL._SL500_.jpg\",\"width\":385,\"height\":500},{\"@type\":\"BreadcrumbList\",\"@id\":\"https:\\\/\\\/marktxxl.de\\\/markt\\\/produkt\\\/umstandsshorts-damen-umstandshose-shorts-schlafanzug-pyjama-yoga-hose-kurz\\\/#breadcrumb\",\"itemListElement\":[{\"@type\":\"ListItem\",\"position\":1,\"name\":\"Startseite\",\"item\":\"https:\\\/\\\/marktxxl.de\\\/markt\\\/\"},{\"@type\":\"ListItem\",\"position\":2,\"name\":\"Markt\",\"item\":\"https:\\\/\\\/marktxxl.de\\\/markt\\\/\"},{\"@type\":\"ListItem\",\"position\":3,\"name\":\"Umstandsshorts Damen Umstandshose Shorts Schlafanzug\\\/Pyjama\\\/Yoga Hose Kurz\"}]},{\"@type\":\"WebSite\",\"@id\":\"https:\\\/\\\/marktxxl.de\\\/markt\\\/#website\",\"url\":\"https:\\\/\\\/marktxxl.de\\\/markt\\\/\",\"name\":\"Markt-XXL\",\"description\":\"Ihr Markt Online\",\"publisher\":{\"@id\":\"https:\\\/\\\/marktxxl.de\\\/markt\\\/#organization\"},\"potentialAction\":[{\"@type\":\"SearchAction\",\"target\":{\"@type\":\"EntryPoint\",\"urlTemplate\":\"https:\\\/\\\/marktxxl.de\\\/markt\\\/?s={search_term_string}\"},\"query-input\":{\"@type\":\"PropertyValueSpecification\",\"valueRequired\":true,\"valueName\":\"search_term_string\"}}],\"inLanguage\":\"de\"},{\"@type\":\"Organization\",\"@id\":\"https:\\\/\\\/marktxxl.de\\\/markt\\\/#organization\",\"name\":\"Markt-XXL\",\"url\":\"https:\\\/\\\/marktxxl.de\\\/markt\\\/\",\"logo\":{\"@type\":\"ImageObject\",\"inLanguage\":\"de\",\"@id\":\"https:\\\/\\\/marktxxl.de\\\/markt\\\/#\\\/schema\\\/logo\\\/image\\\/\",\"url\":\"https:\\\/\\\/marktxxl.de\\\/markt\\\/wp-content\\\/uploads\\\/sites\\\/3\\\/2020\\\/12\\\/logo.png\",\"contentUrl\":\"https:\\\/\\\/marktxxl.de\\\/markt\\\/wp-content\\\/uploads\\\/sites\\\/3\\\/2020\\\/12\\\/logo.png\",\"width\":200,\"height\":70,\"caption\":\"Markt-XXL\"},\"image\":{\"@id\":\"https:\\\/\\\/marktxxl.de\\\/markt\\\/#\\\/schema\\\/logo\\\/image\\\/\"}}]}<\/script>\n<!-- \/ Yoast SEO plugin. -->","yoast_head_json":{"title":"Umstandsshorts Damen Umstandshose Shorts Schlafanzug\/Pyjama\/Yoga Hose Kurz - Markt-XXL","description":"Markt-XXL Umstandsshorts Damen Umstandshose Shorts Schlafanzug\/Pyjama\/Yoga Hose Kurz","robots":{"index":"index","follow":"follow","max-snippet":"max-snippet:-1","max-image-preview":"max-image-preview:large","max-video-preview":"max-video-preview:-1"},"canonical":"https:\/\/marktxxl.de\/markt\/produkt\/umstandsshorts-damen-umstandshose-shorts-schlafanzug-pyjama-yoga-hose-kurz\/","og_locale":"de_DE","og_type":"article","og_title":"Umstandsshorts Damen Umstandshose Shorts Schlafanzug\/Pyjama\/Yoga Hose Kurz - Markt-XXL","og_description":"Markt-XXL Umstandsshorts Damen Umstandshose Shorts Schlafanzug\/Pyjama\/Yoga Hose Kurz","og_url":"https:\/\/marktxxl.de\/markt\/produkt\/umstandsshorts-damen-umstandshose-shorts-schlafanzug-pyjama-yoga-hose-kurz\/","og_site_name":"Markt-XXL","article_modified_time":"2023-04-09T01:34:30+00:00","og_image":[{"width":385,"height":500,"url":"https:\/\/m.media-amazon.com\/images\/I\/31X-YSE4wKL._SL500_.jpg","type":"image\/jpeg"}],"twitter_card":"summary_large_image","twitter_misc":{"Gesch\u00e4tzte Lesezeit":"1\u00a0Minute"},"schema":{"@context":"https:\/\/schema.org","@graph":[{"@type":"WebPage","@id":"https:\/\/marktxxl.de\/markt\/produkt\/umstandsshorts-damen-umstandshose-shorts-schlafanzug-pyjama-yoga-hose-kurz\/","url":"https:\/\/marktxxl.de\/markt\/produkt\/umstandsshorts-damen-umstandshose-shorts-schlafanzug-pyjama-yoga-hose-kurz\/","name":"Umstandsshorts Damen Umstandshose Shorts Schlafanzug\/Pyjama\/Yoga Hose Kurz - Markt-XXL","isPartOf":{"@id":"https:\/\/marktxxl.de\/markt\/#website"},"primaryImageOfPage":{"@id":"https:\/\/marktxxl.de\/markt\/produkt\/umstandsshorts-damen-umstandshose-shorts-schlafanzug-pyjama-yoga-hose-kurz\/#primaryimage"},"image":{"@id":"https:\/\/marktxxl.de\/markt\/produkt\/umstandsshorts-damen-umstandshose-shorts-schlafanzug-pyjama-yoga-hose-kurz\/#primaryimage"},"thumbnailUrl":"https:\/\/m.media-amazon.com\/images\/I\/31X-YSE4wKL._SL500_.jpg","datePublished":"2022-05-15T09:49:07+00:00","dateModified":"2023-04-09T01:34:30+00:00","description":"Markt-XXL Umstandsshorts Damen Umstandshose Shorts Schlafanzug\/Pyjama\/Yoga Hose Kurz","breadcrumb":{"@id":"https:\/\/marktxxl.de\/markt\/produkt\/umstandsshorts-damen-umstandshose-shorts-schlafanzug-pyjama-yoga-hose-kurz\/#breadcrumb"},"inLanguage":"de","potentialAction":[{"@type":"ReadAction","target":["https:\/\/marktxxl.de\/markt\/produkt\/umstandsshorts-damen-umstandshose-shorts-schlafanzug-pyjama-yoga-hose-kurz\/"]}]},{"@type":"ImageObject","inLanguage":"de","@id":"https:\/\/marktxxl.de\/markt\/produkt\/umstandsshorts-damen-umstandshose-shorts-schlafanzug-pyjama-yoga-hose-kurz\/#primaryimage","url":"https:\/\/m.media-amazon.com\/images\/I\/31X-YSE4wKL._SL500_.jpg","contentUrl":"https:\/\/m.media-amazon.com\/images\/I\/31X-YSE4wKL._SL500_.jpg","width":385,"height":500},{"@type":"BreadcrumbList","@id":"https:\/\/marktxxl.de\/markt\/produkt\/umstandsshorts-damen-umstandshose-shorts-schlafanzug-pyjama-yoga-hose-kurz\/#breadcrumb","itemListElement":[{"@type":"ListItem","position":1,"name":"Startseite","item":"https:\/\/marktxxl.de\/markt\/"},{"@type":"ListItem","position":2,"name":"Markt","item":"https:\/\/marktxxl.de\/markt\/"},{"@type":"ListItem","position":3,"name":"Umstandsshorts Damen Umstandshose Shorts Schlafanzug\/Pyjama\/Yoga Hose Kurz"}]},{"@type":"WebSite","@id":"https:\/\/marktxxl.de\/markt\/#website","url":"https:\/\/marktxxl.de\/markt\/","name":"Markt-XXL","description":"Ihr Markt Online","publisher":{"@id":"https:\/\/marktxxl.de\/markt\/#organization"},"potentialAction":[{"@type":"SearchAction","target":{"@type":"EntryPoint","urlTemplate":"https:\/\/marktxxl.de\/markt\/?s={search_term_string}"},"query-input":{"@type":"PropertyValueSpecification","valueRequired":true,"valueName":"search_term_string"}}],"inLanguage":"de"},{"@type":"Organization","@id":"https:\/\/marktxxl.de\/markt\/#organization","name":"Markt-XXL","url":"https:\/\/marktxxl.de\/markt\/","logo":{"@type":"ImageObject","inLanguage":"de","@id":"https:\/\/marktxxl.de\/markt\/#\/schema\/logo\/image\/","url":"https:\/\/marktxxl.de\/markt\/wp-content\/uploads\/sites\/3\/2020\/12\/logo.png","contentUrl":"https:\/\/marktxxl.de\/markt\/wp-content\/uploads\/sites\/3\/2020\/12\/logo.png","width":200,"height":70,"caption":"Markt-XXL"},"image":{"@id":"https:\/\/marktxxl.de\/markt\/#\/schema\/logo\/image\/"}}]}},"_links":{"self":[{"href":"https:\/\/marktxxl.de\/markt\/wp-json\/wp\/v2\/product\/124291","targetHints":{"allow":["GET"]}}],"collection":[{"href":"https:\/\/marktxxl.de\/markt\/wp-json\/wp\/v2\/product"}],"about":[{"href":"https:\/\/marktxxl.de\/markt\/wp-json\/wp\/v2\/types\/product"}],"replies":[{"embeddable":true,"href":"https:\/\/marktxxl.de\/markt\/wp-json\/wp\/v2\/comments?post=124291"}],"wp:featuredmedia":[{"embeddable":true,"href":"https:\/\/marktxxl.de\/markt\/wp-json\/wp\/v2\/media\/124292"}],"wp:attachment":[{"href":"https:\/\/marktxxl.de\/markt\/wp-json\/wp\/v2\/media?parent=124291"}],"wp:term":[{"taxonomy":"product_brand","embeddable":true,"href":"https:\/\/marktxxl.de\/markt\/wp-json\/wp\/v2\/product_brand?post=124291"},{"taxonomy":"product_cat","embeddable":true,"href":"https:\/\/marktxxl.de\/markt\/wp-json\/wp\/v2\/product_cat?post=124291"},{"taxonomy":"product_tag","embeddable":true,"href":"https:\/\/marktxxl.de\/markt\/wp-json\/wp\/v2\/product_tag?post=124291"}],"curies":[{"name":"wp","href":"https:\/\/api.w.org\/{rel}","templated":true}]}}