{"id":124198,"date":"2022-05-15T11:43:34","date_gmt":"2022-05-15T09:43:34","guid":{"rendered":"https:\/\/marktxxl.de\/markt\/produkt\/nici-glubschis-kuscheltier-marienkaefer-lily-may-15cm-plueschtier-mit-grossen-glitzeraugen-45559-schwarz-rot\/"},"modified":"2023-04-09T03:34:29","modified_gmt":"2023-04-09T01:34:29","slug":"nici-glubschis-kuscheltier-marienkaefer-lily-may-15cm-plueschtier-mit-grossen-glitzeraugen-45559-schwarz-rot","status":"publish","type":"product","link":"https:\/\/marktxxl.de\/markt\/produkt\/nici-glubschis-kuscheltier-marienkaefer-lily-may-15cm-plueschtier-mit-grossen-glitzeraugen-45559-schwarz-rot\/","title":{"rendered":"NICI Glubschis Kuscheltier Marienk\u00e4fer Lily May 15cm, Pl\u00fcschtier mit gro\u00dfen Glitzeraugen 45559, schwarz\/rot"},"content":{"rendered":"<p>Marienk\u00e4fer Lily May ist ein toller Gl\u00fccksbringer. Mit ihren schwarzen F\u00fchlern und der putzigen roten Stupsnase kann gar nichts mehr schief gehen. Lily May freut sich darauf dein Kuschelfreund zu werden.<br \/>\nMit gro\u00dfen glubschigen Glitzeraugen und mit dem NICI Stern am Fu\u00df als Erkennungszeichen f\u00fcr Original.<br \/>\nSammelspa\u00df rt &#8211; an jedem Glubschis befindet sich ein Etikett mit seinem Namen und Motto &#8211; hole dir auch andere Freunde aus der Glubschis Familie! So macht das Sammeln richtig Spa\u00df!<br \/>\nIdeales Geschenk f\u00fcr Kinder, Jugendliche und alle Kuscheltierliebhaber. Mit NICI Glubschis bereitet das Schenken noch mehr Freude!<br \/>\nKuschelig weich &#8211; hergestellt aus super weichem NICI Pl\u00fcschmaterial in bester NICI Qualit\u00e4t. Hierf\u00fcr steht NICI &#8211; jedes einzelne Produkt wird mit viel Liebe designt. Wir verwenden f\u00fcr unsere Kuscheltiere und Geschenkartikel ausschlie\u00dflich hochwertige Materialien. NICI sorgt f\u00fcr Kuschelgl\u00fcck und zaubert jedem ein L\u00e4cheln ins Gesicht.<br \/>\n2020 Carletto, licensed by NICI GmbH<br \/>\n<div class=\"main-cross-sell\" data-asin=\"B07Z9RTS5T\">\n\n\t<div class=\"WooZone-cross-sell-loader\">\n\t\t<div>\n\t\t\t<div id=\"floatingBarsG\">\n\t\t\t\t<div class=\"blockG\" id=\"rotateG_01\"><\/div>\n\t\t\t\t<div class=\"blockG\" id=\"rotateG_02\"><\/div>\n\t\t\t\t<div class=\"blockG\" id=\"rotateG_03\"><\/div>\n\t\t\t\t<div class=\"blockG\" id=\"rotateG_04\"><\/div>\n\t\t\t\t<div class=\"blockG\" id=\"rotateG_05\"><\/div>\n\t\t\t\t<div class=\"blockG\" id=\"rotateG_06\"><\/div>\n\t\t\t\t<div class=\"blockG\" id=\"rotateG_07\"><\/div>\n\t\t\t\t<div class=\"blockG\" id=\"rotateG_08\"><\/div>\n\t\t\t<\/div>\n\t\t\t<div class=\"WooZone-cross-sell-loader-text\"><\/div>\n\t\t<\/div>\n\t<\/div>\n\n\t\t\n<\/div>\n<div style=\"clear:both;\"><\/div><\/p>\n","protected":false},"excerpt":{"rendered":"<p>Marienk\u00e4fer Lily May ist ein toller Gl\u00fccksbringer. Mit ihren schwarzen F\u00fchlern und der putzigen roten Stupsnase kann gar nichts mehr schief gehen. Lily May freut sich darauf dein Kuschelfreund zu werden.<br \/>\nMit gro\u00dfen glubschigen Glitzeraugen und mit dem NICI Stern am Fu\u00df als Erkennungszeichen f\u00fcr Original.<br \/>\nSammelspa\u00df rt &#8211; an jedem Glubschis befindet sich ein Etikett mit seinem Namen und Motto &#8211; hole dir auch andere Freunde aus der Glubschis Familie! So macht das Sammeln richtig Spa\u00df!<\/p>\n","protected":false},"featured_media":124199,"comment_status":"open","ping_status":"closed","template":"","meta":[],"product_brand":[],"product_cat":[21],"product_tag":[],"class_list":{"0":"post-124198","1":"product","2":"type-product","3":"status-publish","4":"has-post-thumbnail","6":"product_cat-baby","7":"pa_binding-spielzeug","8":"pa_brand-nici","9":"pa_color-schwarz-rot","10":"pa_height-5-9055-zoll","11":"pa_languages-unbekannt-englisch-unbekannt-englisch-unbekannt-englisch-unbekannt-englisch-unbekannt-englisch","12":"pa_length-4-3307-zoll","13":"pa_manufacturer-nici-gmbh","14":"pa_model-35950","15":"pa_warranty-2-jahre-bei-sachgemaesser-behandlung","16":"pa_weight-0-00220462262-pfund","17":"pa_width-3-1496-zoll","19":"first","20":"instock","21":"shipping-taxable","22":"purchasable","23":"product-type-simple","24":"customify-col","25":"product-has-gallery"},"yoast_head":"<!-- This site is optimized with the Yoast SEO plugin v27.3 - https:\/\/yoast.com\/product\/yoast-seo-wordpress\/ -->\n<title>NICI Glubschis Kuscheltier Marienk\u00e4fer Lily May 15cm, Pl\u00fcschtier mit gro\u00dfen Glitzeraugen 45559, schwarz\/rot - Markt-XXL<\/title>\n<meta name=\"description\" content=\"Markt-XXL NICI Glubschis Kuscheltier Marienk\u00e4fer Lily May 15cm, Pl\u00fcschtier mit gro\u00dfen Glitzeraugen 45559, schwarz\/rot\" \/>\n<meta name=\"robots\" content=\"index, follow, max-snippet:-1, max-image-preview:large, max-video-preview:-1\" \/>\n<link rel=\"canonical\" href=\"https:\/\/marktxxl.de\/markt\/produkt\/nici-glubschis-kuscheltier-marienkaefer-lily-may-15cm-plueschtier-mit-grossen-glitzeraugen-45559-schwarz-rot\/\" \/>\n<meta property=\"og:locale\" content=\"de_DE\" \/>\n<meta property=\"og:type\" content=\"article\" \/>\n<meta property=\"og:title\" content=\"NICI Glubschis Kuscheltier Marienk\u00e4fer Lily May 15cm, Pl\u00fcschtier mit gro\u00dfen Glitzeraugen 45559, schwarz\/rot - Markt-XXL\" \/>\n<meta property=\"og:description\" content=\"Markt-XXL NICI Glubschis Kuscheltier Marienk\u00e4fer Lily May 15cm, Pl\u00fcschtier mit gro\u00dfen Glitzeraugen 45559, schwarz\/rot\" \/>\n<meta property=\"og:url\" content=\"https:\/\/marktxxl.de\/markt\/produkt\/nici-glubschis-kuscheltier-marienkaefer-lily-may-15cm-plueschtier-mit-grossen-glitzeraugen-45559-schwarz-rot\/\" \/>\n<meta property=\"og:site_name\" content=\"Markt-XXL\" \/>\n<meta property=\"article:modified_time\" content=\"2023-04-09T01:34:29+00:00\" \/>\n<meta property=\"og:image\" content=\"https:\/\/m.media-amazon.com\/images\/I\/41qfyZZ1i6L._SL500_.jpg\" \/>\n\t<meta property=\"og:image:width\" content=\"500\" \/>\n\t<meta property=\"og:image:height\" content=\"500\" \/>\n\t<meta property=\"og:image:type\" content=\"image\/jpeg\" \/>\n<meta name=\"twitter:card\" content=\"summary_large_image\" \/>\n<meta name=\"twitter:label1\" content=\"Gesch\u00e4tzte Lesezeit\" \/>\n\t<meta name=\"twitter:data1\" content=\"1\u00a0Minute\" \/>\n<script type=\"application\/ld+json\" class=\"yoast-schema-graph\">{\"@context\":\"https:\\\/\\\/schema.org\",\"@graph\":[{\"@type\":\"WebPage\",\"@id\":\"https:\\\/\\\/marktxxl.de\\\/markt\\\/produkt\\\/nici-glubschis-kuscheltier-marienkaefer-lily-may-15cm-plueschtier-mit-grossen-glitzeraugen-45559-schwarz-rot\\\/\",\"url\":\"https:\\\/\\\/marktxxl.de\\\/markt\\\/produkt\\\/nici-glubschis-kuscheltier-marienkaefer-lily-may-15cm-plueschtier-mit-grossen-glitzeraugen-45559-schwarz-rot\\\/\",\"name\":\"NICI Glubschis Kuscheltier Marienk\u00e4fer Lily May 15cm, Pl\u00fcschtier mit gro\u00dfen Glitzeraugen 45559, schwarz\\\/rot - Markt-XXL\",\"isPartOf\":{\"@id\":\"https:\\\/\\\/marktxxl.de\\\/markt\\\/#website\"},\"primaryImageOfPage\":{\"@id\":\"https:\\\/\\\/marktxxl.de\\\/markt\\\/produkt\\\/nici-glubschis-kuscheltier-marienkaefer-lily-may-15cm-plueschtier-mit-grossen-glitzeraugen-45559-schwarz-rot\\\/#primaryimage\"},\"image\":{\"@id\":\"https:\\\/\\\/marktxxl.de\\\/markt\\\/produkt\\\/nici-glubschis-kuscheltier-marienkaefer-lily-may-15cm-plueschtier-mit-grossen-glitzeraugen-45559-schwarz-rot\\\/#primaryimage\"},\"thumbnailUrl\":\"https:\\\/\\\/m.media-amazon.com\\\/images\\\/I\\\/41qfyZZ1i6L._SL500_.jpg\",\"datePublished\":\"2022-05-15T09:43:34+00:00\",\"dateModified\":\"2023-04-09T01:34:29+00:00\",\"description\":\"Markt-XXL NICI Glubschis Kuscheltier Marienk\u00e4fer Lily May 15cm, Pl\u00fcschtier mit gro\u00dfen Glitzeraugen 45559, schwarz\\\/rot\",\"breadcrumb\":{\"@id\":\"https:\\\/\\\/marktxxl.de\\\/markt\\\/produkt\\\/nici-glubschis-kuscheltier-marienkaefer-lily-may-15cm-plueschtier-mit-grossen-glitzeraugen-45559-schwarz-rot\\\/#breadcrumb\"},\"inLanguage\":\"de\",\"potentialAction\":[{\"@type\":\"ReadAction\",\"target\":[\"https:\\\/\\\/marktxxl.de\\\/markt\\\/produkt\\\/nici-glubschis-kuscheltier-marienkaefer-lily-may-15cm-plueschtier-mit-grossen-glitzeraugen-45559-schwarz-rot\\\/\"]}]},{\"@type\":\"ImageObject\",\"inLanguage\":\"de\",\"@id\":\"https:\\\/\\\/marktxxl.de\\\/markt\\\/produkt\\\/nici-glubschis-kuscheltier-marienkaefer-lily-may-15cm-plueschtier-mit-grossen-glitzeraugen-45559-schwarz-rot\\\/#primaryimage\",\"url\":\"https:\\\/\\\/m.media-amazon.com\\\/images\\\/I\\\/41qfyZZ1i6L._SL500_.jpg\",\"contentUrl\":\"https:\\\/\\\/m.media-amazon.com\\\/images\\\/I\\\/41qfyZZ1i6L._SL500_.jpg\",\"width\":500,\"height\":500},{\"@type\":\"BreadcrumbList\",\"@id\":\"https:\\\/\\\/marktxxl.de\\\/markt\\\/produkt\\\/nici-glubschis-kuscheltier-marienkaefer-lily-may-15cm-plueschtier-mit-grossen-glitzeraugen-45559-schwarz-rot\\\/#breadcrumb\",\"itemListElement\":[{\"@type\":\"ListItem\",\"position\":1,\"name\":\"Startseite\",\"item\":\"https:\\\/\\\/marktxxl.de\\\/markt\\\/\"},{\"@type\":\"ListItem\",\"position\":2,\"name\":\"Markt\",\"item\":\"https:\\\/\\\/marktxxl.de\\\/markt\\\/\"},{\"@type\":\"ListItem\",\"position\":3,\"name\":\"NICI Glubschis Kuscheltier Marienk\u00e4fer Lily May 15cm, Pl\u00fcschtier mit gro\u00dfen Glitzeraugen 45559, schwarz\\\/rot\"}]},{\"@type\":\"WebSite\",\"@id\":\"https:\\\/\\\/marktxxl.de\\\/markt\\\/#website\",\"url\":\"https:\\\/\\\/marktxxl.de\\\/markt\\\/\",\"name\":\"Markt-XXL\",\"description\":\"Ihr Markt Online\",\"publisher\":{\"@id\":\"https:\\\/\\\/marktxxl.de\\\/markt\\\/#organization\"},\"potentialAction\":[{\"@type\":\"SearchAction\",\"target\":{\"@type\":\"EntryPoint\",\"urlTemplate\":\"https:\\\/\\\/marktxxl.de\\\/markt\\\/?s={search_term_string}\"},\"query-input\":{\"@type\":\"PropertyValueSpecification\",\"valueRequired\":true,\"valueName\":\"search_term_string\"}}],\"inLanguage\":\"de\"},{\"@type\":\"Organization\",\"@id\":\"https:\\\/\\\/marktxxl.de\\\/markt\\\/#organization\",\"name\":\"Markt-XXL\",\"url\":\"https:\\\/\\\/marktxxl.de\\\/markt\\\/\",\"logo\":{\"@type\":\"ImageObject\",\"inLanguage\":\"de\",\"@id\":\"https:\\\/\\\/marktxxl.de\\\/markt\\\/#\\\/schema\\\/logo\\\/image\\\/\",\"url\":\"https:\\\/\\\/marktxxl.de\\\/markt\\\/wp-content\\\/uploads\\\/sites\\\/3\\\/2020\\\/12\\\/logo.png\",\"contentUrl\":\"https:\\\/\\\/marktxxl.de\\\/markt\\\/wp-content\\\/uploads\\\/sites\\\/3\\\/2020\\\/12\\\/logo.png\",\"width\":200,\"height\":70,\"caption\":\"Markt-XXL\"},\"image\":{\"@id\":\"https:\\\/\\\/marktxxl.de\\\/markt\\\/#\\\/schema\\\/logo\\\/image\\\/\"}}]}<\/script>\n<!-- \/ Yoast SEO plugin. -->","yoast_head_json":{"title":"NICI Glubschis Kuscheltier Marienk\u00e4fer Lily May 15cm, Pl\u00fcschtier mit gro\u00dfen Glitzeraugen 45559, schwarz\/rot - Markt-XXL","description":"Markt-XXL NICI Glubschis Kuscheltier Marienk\u00e4fer Lily May 15cm, Pl\u00fcschtier mit gro\u00dfen Glitzeraugen 45559, schwarz\/rot","robots":{"index":"index","follow":"follow","max-snippet":"max-snippet:-1","max-image-preview":"max-image-preview:large","max-video-preview":"max-video-preview:-1"},"canonical":"https:\/\/marktxxl.de\/markt\/produkt\/nici-glubschis-kuscheltier-marienkaefer-lily-may-15cm-plueschtier-mit-grossen-glitzeraugen-45559-schwarz-rot\/","og_locale":"de_DE","og_type":"article","og_title":"NICI Glubschis Kuscheltier Marienk\u00e4fer Lily May 15cm, Pl\u00fcschtier mit gro\u00dfen Glitzeraugen 45559, schwarz\/rot - Markt-XXL","og_description":"Markt-XXL NICI Glubschis Kuscheltier Marienk\u00e4fer Lily May 15cm, Pl\u00fcschtier mit gro\u00dfen Glitzeraugen 45559, schwarz\/rot","og_url":"https:\/\/marktxxl.de\/markt\/produkt\/nici-glubschis-kuscheltier-marienkaefer-lily-may-15cm-plueschtier-mit-grossen-glitzeraugen-45559-schwarz-rot\/","og_site_name":"Markt-XXL","article_modified_time":"2023-04-09T01:34:29+00:00","og_image":[{"width":500,"height":500,"url":"https:\/\/m.media-amazon.com\/images\/I\/41qfyZZ1i6L._SL500_.jpg","type":"image\/jpeg"}],"twitter_card":"summary_large_image","twitter_misc":{"Gesch\u00e4tzte Lesezeit":"1\u00a0Minute"},"schema":{"@context":"https:\/\/schema.org","@graph":[{"@type":"WebPage","@id":"https:\/\/marktxxl.de\/markt\/produkt\/nici-glubschis-kuscheltier-marienkaefer-lily-may-15cm-plueschtier-mit-grossen-glitzeraugen-45559-schwarz-rot\/","url":"https:\/\/marktxxl.de\/markt\/produkt\/nici-glubschis-kuscheltier-marienkaefer-lily-may-15cm-plueschtier-mit-grossen-glitzeraugen-45559-schwarz-rot\/","name":"NICI Glubschis Kuscheltier Marienk\u00e4fer Lily May 15cm, Pl\u00fcschtier mit gro\u00dfen Glitzeraugen 45559, schwarz\/rot - Markt-XXL","isPartOf":{"@id":"https:\/\/marktxxl.de\/markt\/#website"},"primaryImageOfPage":{"@id":"https:\/\/marktxxl.de\/markt\/produkt\/nici-glubschis-kuscheltier-marienkaefer-lily-may-15cm-plueschtier-mit-grossen-glitzeraugen-45559-schwarz-rot\/#primaryimage"},"image":{"@id":"https:\/\/marktxxl.de\/markt\/produkt\/nici-glubschis-kuscheltier-marienkaefer-lily-may-15cm-plueschtier-mit-grossen-glitzeraugen-45559-schwarz-rot\/#primaryimage"},"thumbnailUrl":"https:\/\/m.media-amazon.com\/images\/I\/41qfyZZ1i6L._SL500_.jpg","datePublished":"2022-05-15T09:43:34+00:00","dateModified":"2023-04-09T01:34:29+00:00","description":"Markt-XXL NICI Glubschis Kuscheltier Marienk\u00e4fer Lily May 15cm, Pl\u00fcschtier mit gro\u00dfen Glitzeraugen 45559, schwarz\/rot","breadcrumb":{"@id":"https:\/\/marktxxl.de\/markt\/produkt\/nici-glubschis-kuscheltier-marienkaefer-lily-may-15cm-plueschtier-mit-grossen-glitzeraugen-45559-schwarz-rot\/#breadcrumb"},"inLanguage":"de","potentialAction":[{"@type":"ReadAction","target":["https:\/\/marktxxl.de\/markt\/produkt\/nici-glubschis-kuscheltier-marienkaefer-lily-may-15cm-plueschtier-mit-grossen-glitzeraugen-45559-schwarz-rot\/"]}]},{"@type":"ImageObject","inLanguage":"de","@id":"https:\/\/marktxxl.de\/markt\/produkt\/nici-glubschis-kuscheltier-marienkaefer-lily-may-15cm-plueschtier-mit-grossen-glitzeraugen-45559-schwarz-rot\/#primaryimage","url":"https:\/\/m.media-amazon.com\/images\/I\/41qfyZZ1i6L._SL500_.jpg","contentUrl":"https:\/\/m.media-amazon.com\/images\/I\/41qfyZZ1i6L._SL500_.jpg","width":500,"height":500},{"@type":"BreadcrumbList","@id":"https:\/\/marktxxl.de\/markt\/produkt\/nici-glubschis-kuscheltier-marienkaefer-lily-may-15cm-plueschtier-mit-grossen-glitzeraugen-45559-schwarz-rot\/#breadcrumb","itemListElement":[{"@type":"ListItem","position":1,"name":"Startseite","item":"https:\/\/marktxxl.de\/markt\/"},{"@type":"ListItem","position":2,"name":"Markt","item":"https:\/\/marktxxl.de\/markt\/"},{"@type":"ListItem","position":3,"name":"NICI Glubschis Kuscheltier Marienk\u00e4fer Lily May 15cm, Pl\u00fcschtier mit gro\u00dfen Glitzeraugen 45559, schwarz\/rot"}]},{"@type":"WebSite","@id":"https:\/\/marktxxl.de\/markt\/#website","url":"https:\/\/marktxxl.de\/markt\/","name":"Markt-XXL","description":"Ihr Markt Online","publisher":{"@id":"https:\/\/marktxxl.de\/markt\/#organization"},"potentialAction":[{"@type":"SearchAction","target":{"@type":"EntryPoint","urlTemplate":"https:\/\/marktxxl.de\/markt\/?s={search_term_string}"},"query-input":{"@type":"PropertyValueSpecification","valueRequired":true,"valueName":"search_term_string"}}],"inLanguage":"de"},{"@type":"Organization","@id":"https:\/\/marktxxl.de\/markt\/#organization","name":"Markt-XXL","url":"https:\/\/marktxxl.de\/markt\/","logo":{"@type":"ImageObject","inLanguage":"de","@id":"https:\/\/marktxxl.de\/markt\/#\/schema\/logo\/image\/","url":"https:\/\/marktxxl.de\/markt\/wp-content\/uploads\/sites\/3\/2020\/12\/logo.png","contentUrl":"https:\/\/marktxxl.de\/markt\/wp-content\/uploads\/sites\/3\/2020\/12\/logo.png","width":200,"height":70,"caption":"Markt-XXL"},"image":{"@id":"https:\/\/marktxxl.de\/markt\/#\/schema\/logo\/image\/"}}]}},"_links":{"self":[{"href":"https:\/\/marktxxl.de\/markt\/wp-json\/wp\/v2\/product\/124198","targetHints":{"allow":["GET"]}}],"collection":[{"href":"https:\/\/marktxxl.de\/markt\/wp-json\/wp\/v2\/product"}],"about":[{"href":"https:\/\/marktxxl.de\/markt\/wp-json\/wp\/v2\/types\/product"}],"replies":[{"embeddable":true,"href":"https:\/\/marktxxl.de\/markt\/wp-json\/wp\/v2\/comments?post=124198"}],"wp:featuredmedia":[{"embeddable":true,"href":"https:\/\/marktxxl.de\/markt\/wp-json\/wp\/v2\/media\/124199"}],"wp:attachment":[{"href":"https:\/\/marktxxl.de\/markt\/wp-json\/wp\/v2\/media?parent=124198"}],"wp:term":[{"taxonomy":"product_brand","embeddable":true,"href":"https:\/\/marktxxl.de\/markt\/wp-json\/wp\/v2\/product_brand?post=124198"},{"taxonomy":"product_cat","embeddable":true,"href":"https:\/\/marktxxl.de\/markt\/wp-json\/wp\/v2\/product_cat?post=124198"},{"taxonomy":"product_tag","embeddable":true,"href":"https:\/\/marktxxl.de\/markt\/wp-json\/wp\/v2\/product_tag?post=124198"}],"curies":[{"name":"wp","href":"https:\/\/api.w.org\/{rel}","templated":true}]}}