{"id":124159,"date":"2022-05-15T11:43:05","date_gmt":"2022-05-15T09:43:05","guid":{"rendered":"https:\/\/marktxxl.de\/markt\/produkt\/welcon-massagesessel-easyrelaxx-beige-3d-massagestuhl-mit-neigungsverstellung-elektrisch-automatikprogramme-knetmassage-klopfmassage-rollenmassage-airbagmassage-sessel-massagestuhl\/"},"modified":"2023-04-11T03:55:20","modified_gmt":"2023-04-11T01:55:20","slug":"welcon-massagesessel-easyrelaxx-beige-3d-massagestuhl-mit-neigungsverstellung-elektrisch-automatikprogramme-knetmassage-klopfmassage-rollenmassage-airbagmassage-sessel-massagestuhl","status":"publish","type":"product","link":"https:\/\/marktxxl.de\/markt\/produkt\/welcon-massagesessel-easyrelaxx-beige-3d-massagestuhl-mit-neigungsverstellung-elektrisch-automatikprogramme-knetmassage-klopfmassage-rollenmassage-airbagmassage-sessel-massagestuhl\/","title":{"rendered":"WELCON Massagesessel EASYRELAXX BEIGE &#8211; 3D Massagestuhl mit Neigungsverstellung elektrisch, Automatikprogramme\u2026"},"content":{"rendered":"<p>\u2705 R\u00fcckennavigation (zum gezielten Ansteuern und Behandeln von Verspannungen), Automatikprogramme und manuelle Einstellungsm\u00f6glichkeiten, 3D-Massagemechanismus mit Knetmassage, Klopfmassage, Rollenmassage, Shiatsu Massage, Airbag- bzw. Luftdruck-Massage f\u00fcr die seitlichen Oberschenkel und f\u00fcr die Waden<br \/>\n\u2705 Close2Wall Technik: Sie k\u00f6nnen den Massagesessel mit der R\u00fcckenlehne fast direkt an der Wand platzieren.<br \/>\n\u2705 Elektrische und stufenlose Neigungsverstellung von R\u00fcckenlehne und Beinauflage, Zero-Gravity-Position (Herz-Waage-Position), USB-Anschluss zum Laden Ihres Mobiltelefons, Stereolautsprecher mit Bluetooth-Schnittstell, Ma\u00dfe Sitzend L\/B\/H: 100x69x115cm, Liegend L\/B\/H: 190x69x83cm, Gewicht: 65kg, Stromversorgung: 230V\/50Hz<br \/>\n\u2705 NEU: Mit abnehmbaren Sitzkissen, damit man die Massagerollen nicht sp\u00fcrt, wenn man den Sessel ohne Massage nutzen m\u00f6chte. Sehen Sie sich in unseren anderen Angeboten den EASYRELAXX Massagestuhl auch in anderen Farben an. Lieferbar sind hellbeige\/braun, schwarz, beige und rot. \u2705 Eine Liste mit \u00c4rzten, Heilpraktikern und Physiotherapeuten, die diesen Sessel einsetzen, finden Sie auf unserer Homepage.<br \/>\n\u2705 WELCON ist ein deutsches Unternehmen. Wir beliefern Sie aus unserem Lager in Giesen bei Hannover\/Hildesheim. Zu jedem Produkt wird eine deutsche Bedienungsanleitung geliefert. Wir verf\u00fcgen \u00fcber einen fl\u00e4chendeckenden Kundendienst in Deutschland, \u00d6sterreich, Schweiz und BeNeLux. Fragen zum Produkt k\u00f6nnen Sie telefonisch stellen: 0049 5121 779132<br \/>\n<div class=\"main-cross-sell\" data-asin=\"B07K6WLS1Y\">\n\n\t<div class=\"WooZone-cross-sell-loader\">\n\t\t<div>\n\t\t\t<div id=\"floatingBarsG\">\n\t\t\t\t<div class=\"blockG\" id=\"rotateG_01\"><\/div>\n\t\t\t\t<div class=\"blockG\" id=\"rotateG_02\"><\/div>\n\t\t\t\t<div class=\"blockG\" id=\"rotateG_03\"><\/div>\n\t\t\t\t<div class=\"blockG\" id=\"rotateG_04\"><\/div>\n\t\t\t\t<div class=\"blockG\" id=\"rotateG_05\"><\/div>\n\t\t\t\t<div class=\"blockG\" id=\"rotateG_06\"><\/div>\n\t\t\t\t<div class=\"blockG\" id=\"rotateG_07\"><\/div>\n\t\t\t\t<div class=\"blockG\" id=\"rotateG_08\"><\/div>\n\t\t\t<\/div>\n\t\t\t<div class=\"WooZone-cross-sell-loader-text\"><\/div>\n\t\t<\/div>\n\t<\/div>\n\n\t\t\n<\/div>\n<div style=\"clear:both;\"><\/div><\/p>\n","protected":false},"excerpt":{"rendered":"<p>\u2705 R\u00fcckennavigation (zum gezielten Ansteuern und Behandeln von Verspannungen), Automatikprogramme und manuelle Einstellungsm\u00f6glichkeiten, 3D-Massagemechanismus mit Knetmassage, Klopfmassage, Rollenmassage, Shiatsu Massage, Airbag- bzw. Luftdruck-Massage f\u00fcr die seitlichen Oberschenkel und f\u00fcr die Waden<br \/>\n\u2705 Close2Wall Technik: Sie k\u00f6nnen den Massagesessel mit der R\u00fcckenlehne fast direkt an der Wand platzieren.<br \/>\n\u2705 Elektrische und stufenlose Neigungsverstellung von R\u00fcckenlehne und Beinauflage, Zero-Gravity-Position (Herz-Waage-Position), USB-Anschluss zum Laden Ihres Mobiltelefons, Stereolautsprecher mit Bluetooth-Schnittstell, Ma\u00dfe Sitzend L\/B\/H: 100x69x115cm, Liegend L\/B\/H: 190x69x83cm, Gewicht: 65kg, Stromversorgung: 230V\/50Hz<\/p>\n","protected":false},"featured_media":124160,"comment_status":"open","ping_status":"closed","template":"","meta":[],"product_brand":[],"product_cat":[566,6496],"product_tag":[],"class_list":{"0":"post-124159","1":"product","2":"type-product","3":"status-publish","4":"has-post-thumbnail","6":"product_cat-drogerie-koerperpflege","7":"product_cat-wellness","8":"pa_brand-welcon","9":"pa_color-beige","10":"pa_manufacturer-welcon","11":"pa_size-sitzend-100x69x115cm-liegend-180x69x83cm","12":"pa_weight-143-3004703-pfund","14":"first","15":"instock","16":"shipping-taxable","17":"purchasable","18":"product-type-simple","19":"customify-col","20":"product-has-gallery"},"yoast_head":"<!-- This site is optimized with the Yoast SEO plugin v27.4 - https:\/\/yoast.com\/product\/yoast-seo-wordpress\/ -->\n<title>WELCON Massagesessel EASYRELAXX BEIGE - 3D Massagestuhl mit Neigungsverstellung elektrisch, Automatikprogramme\u2026 - Markt-XXL<\/title>\n<meta name=\"description\" content=\"Markt-XXL WELCON Massagesessel EASYRELAXX BEIGE - 3D Massagestuhl mit Neigungsverstellung elektrisch, Automatikprogramme\u2026\" \/>\n<meta name=\"robots\" content=\"index, follow, max-snippet:-1, max-image-preview:large, max-video-preview:-1\" \/>\n<link rel=\"canonical\" href=\"https:\/\/marktxxl.de\/markt\/produkt\/welcon-massagesessel-easyrelaxx-beige-3d-massagestuhl-mit-neigungsverstellung-elektrisch-automatikprogramme-knetmassage-klopfmassage-rollenmassage-airbagmassage-sessel-massagestuhl\/\" \/>\n<meta property=\"og:locale\" content=\"de_DE\" \/>\n<meta property=\"og:type\" content=\"article\" \/>\n<meta property=\"og:title\" content=\"WELCON Massagesessel EASYRELAXX BEIGE - 3D Massagestuhl mit Neigungsverstellung elektrisch, Automatikprogramme\u2026 - Markt-XXL\" \/>\n<meta property=\"og:description\" content=\"Markt-XXL WELCON Massagesessel EASYRELAXX BEIGE - 3D Massagestuhl mit Neigungsverstellung elektrisch, Automatikprogramme\u2026\" \/>\n<meta property=\"og:url\" content=\"https:\/\/marktxxl.de\/markt\/produkt\/welcon-massagesessel-easyrelaxx-beige-3d-massagestuhl-mit-neigungsverstellung-elektrisch-automatikprogramme-knetmassage-klopfmassage-rollenmassage-airbagmassage-sessel-massagestuhl\/\" \/>\n<meta property=\"og:site_name\" content=\"Markt-XXL\" \/>\n<meta property=\"article:modified_time\" content=\"2023-04-11T01:55:20+00:00\" \/>\n<meta property=\"og:image\" content=\"https:\/\/m.media-amazon.com\/images\/I\/41f3TLXNPQL._SL500_.jpg\" \/>\n\t<meta property=\"og:image:width\" content=\"444\" \/>\n\t<meta property=\"og:image:height\" content=\"500\" \/>\n\t<meta property=\"og:image:type\" content=\"image\/jpeg\" \/>\n<meta name=\"twitter:card\" content=\"summary_large_image\" \/>\n<meta name=\"twitter:label1\" content=\"Gesch\u00e4tzte Lesezeit\" \/>\n\t<meta name=\"twitter:data1\" content=\"1\u00a0Minute\" \/>\n<script type=\"application\/ld+json\" class=\"yoast-schema-graph\">{\"@context\":\"https:\\\/\\\/schema.org\",\"@graph\":[{\"@type\":\"WebPage\",\"@id\":\"https:\\\/\\\/marktxxl.de\\\/markt\\\/produkt\\\/welcon-massagesessel-easyrelaxx-beige-3d-massagestuhl-mit-neigungsverstellung-elektrisch-automatikprogramme-knetmassage-klopfmassage-rollenmassage-airbagmassage-sessel-massagestuhl\\\/\",\"url\":\"https:\\\/\\\/marktxxl.de\\\/markt\\\/produkt\\\/welcon-massagesessel-easyrelaxx-beige-3d-massagestuhl-mit-neigungsverstellung-elektrisch-automatikprogramme-knetmassage-klopfmassage-rollenmassage-airbagmassage-sessel-massagestuhl\\\/\",\"name\":\"WELCON Massagesessel EASYRELAXX BEIGE - 3D Massagestuhl mit Neigungsverstellung elektrisch, Automatikprogramme\u2026 - Markt-XXL\",\"isPartOf\":{\"@id\":\"https:\\\/\\\/marktxxl.de\\\/markt\\\/#website\"},\"primaryImageOfPage\":{\"@id\":\"https:\\\/\\\/marktxxl.de\\\/markt\\\/produkt\\\/welcon-massagesessel-easyrelaxx-beige-3d-massagestuhl-mit-neigungsverstellung-elektrisch-automatikprogramme-knetmassage-klopfmassage-rollenmassage-airbagmassage-sessel-massagestuhl\\\/#primaryimage\"},\"image\":{\"@id\":\"https:\\\/\\\/marktxxl.de\\\/markt\\\/produkt\\\/welcon-massagesessel-easyrelaxx-beige-3d-massagestuhl-mit-neigungsverstellung-elektrisch-automatikprogramme-knetmassage-klopfmassage-rollenmassage-airbagmassage-sessel-massagestuhl\\\/#primaryimage\"},\"thumbnailUrl\":\"https:\\\/\\\/m.media-amazon.com\\\/images\\\/I\\\/41f3TLXNPQL._SL500_.jpg\",\"datePublished\":\"2022-05-15T09:43:05+00:00\",\"dateModified\":\"2023-04-11T01:55:20+00:00\",\"description\":\"Markt-XXL WELCON Massagesessel EASYRELAXX BEIGE - 3D Massagestuhl mit Neigungsverstellung elektrisch, Automatikprogramme\u2026\",\"breadcrumb\":{\"@id\":\"https:\\\/\\\/marktxxl.de\\\/markt\\\/produkt\\\/welcon-massagesessel-easyrelaxx-beige-3d-massagestuhl-mit-neigungsverstellung-elektrisch-automatikprogramme-knetmassage-klopfmassage-rollenmassage-airbagmassage-sessel-massagestuhl\\\/#breadcrumb\"},\"inLanguage\":\"de\",\"potentialAction\":[{\"@type\":\"ReadAction\",\"target\":[\"https:\\\/\\\/marktxxl.de\\\/markt\\\/produkt\\\/welcon-massagesessel-easyrelaxx-beige-3d-massagestuhl-mit-neigungsverstellung-elektrisch-automatikprogramme-knetmassage-klopfmassage-rollenmassage-airbagmassage-sessel-massagestuhl\\\/\"]}]},{\"@type\":\"ImageObject\",\"inLanguage\":\"de\",\"@id\":\"https:\\\/\\\/marktxxl.de\\\/markt\\\/produkt\\\/welcon-massagesessel-easyrelaxx-beige-3d-massagestuhl-mit-neigungsverstellung-elektrisch-automatikprogramme-knetmassage-klopfmassage-rollenmassage-airbagmassage-sessel-massagestuhl\\\/#primaryimage\",\"url\":\"https:\\\/\\\/m.media-amazon.com\\\/images\\\/I\\\/41f3TLXNPQL._SL500_.jpg\",\"contentUrl\":\"https:\\\/\\\/m.media-amazon.com\\\/images\\\/I\\\/41f3TLXNPQL._SL500_.jpg\",\"width\":444,\"height\":500},{\"@type\":\"BreadcrumbList\",\"@id\":\"https:\\\/\\\/marktxxl.de\\\/markt\\\/produkt\\\/welcon-massagesessel-easyrelaxx-beige-3d-massagestuhl-mit-neigungsverstellung-elektrisch-automatikprogramme-knetmassage-klopfmassage-rollenmassage-airbagmassage-sessel-massagestuhl\\\/#breadcrumb\",\"itemListElement\":[{\"@type\":\"ListItem\",\"position\":1,\"name\":\"Startseite\",\"item\":\"https:\\\/\\\/marktxxl.de\\\/markt\\\/\"},{\"@type\":\"ListItem\",\"position\":2,\"name\":\"Markt\",\"item\":\"https:\\\/\\\/marktxxl.de\\\/markt\\\/\"},{\"@type\":\"ListItem\",\"position\":3,\"name\":\"WELCON Massagesessel EASYRELAXX BEIGE &#8211; 3D Massagestuhl mit Neigungsverstellung elektrisch, Automatikprogramme\u2026\"}]},{\"@type\":\"WebSite\",\"@id\":\"https:\\\/\\\/marktxxl.de\\\/markt\\\/#website\",\"url\":\"https:\\\/\\\/marktxxl.de\\\/markt\\\/\",\"name\":\"Markt-XXL\",\"description\":\"Ihr Markt Online\",\"publisher\":{\"@id\":\"https:\\\/\\\/marktxxl.de\\\/markt\\\/#organization\"},\"potentialAction\":[{\"@type\":\"SearchAction\",\"target\":{\"@type\":\"EntryPoint\",\"urlTemplate\":\"https:\\\/\\\/marktxxl.de\\\/markt\\\/?s={search_term_string}\"},\"query-input\":{\"@type\":\"PropertyValueSpecification\",\"valueRequired\":true,\"valueName\":\"search_term_string\"}}],\"inLanguage\":\"de\"},{\"@type\":\"Organization\",\"@id\":\"https:\\\/\\\/marktxxl.de\\\/markt\\\/#organization\",\"name\":\"Markt-XXL\",\"url\":\"https:\\\/\\\/marktxxl.de\\\/markt\\\/\",\"logo\":{\"@type\":\"ImageObject\",\"inLanguage\":\"de\",\"@id\":\"https:\\\/\\\/marktxxl.de\\\/markt\\\/#\\\/schema\\\/logo\\\/image\\\/\",\"url\":\"https:\\\/\\\/marktxxl.de\\\/markt\\\/wp-content\\\/uploads\\\/sites\\\/3\\\/2020\\\/12\\\/logo.png\",\"contentUrl\":\"https:\\\/\\\/marktxxl.de\\\/markt\\\/wp-content\\\/uploads\\\/sites\\\/3\\\/2020\\\/12\\\/logo.png\",\"width\":200,\"height\":70,\"caption\":\"Markt-XXL\"},\"image\":{\"@id\":\"https:\\\/\\\/marktxxl.de\\\/markt\\\/#\\\/schema\\\/logo\\\/image\\\/\"}}]}<\/script>\n<!-- \/ Yoast SEO plugin. -->","yoast_head_json":{"title":"WELCON Massagesessel EASYRELAXX BEIGE - 3D Massagestuhl mit Neigungsverstellung elektrisch, Automatikprogramme\u2026 - Markt-XXL","description":"Markt-XXL WELCON Massagesessel EASYRELAXX BEIGE - 3D Massagestuhl mit Neigungsverstellung elektrisch, Automatikprogramme\u2026","robots":{"index":"index","follow":"follow","max-snippet":"max-snippet:-1","max-image-preview":"max-image-preview:large","max-video-preview":"max-video-preview:-1"},"canonical":"https:\/\/marktxxl.de\/markt\/produkt\/welcon-massagesessel-easyrelaxx-beige-3d-massagestuhl-mit-neigungsverstellung-elektrisch-automatikprogramme-knetmassage-klopfmassage-rollenmassage-airbagmassage-sessel-massagestuhl\/","og_locale":"de_DE","og_type":"article","og_title":"WELCON Massagesessel EASYRELAXX BEIGE - 3D Massagestuhl mit Neigungsverstellung elektrisch, Automatikprogramme\u2026 - Markt-XXL","og_description":"Markt-XXL WELCON Massagesessel EASYRELAXX BEIGE - 3D Massagestuhl mit Neigungsverstellung elektrisch, Automatikprogramme\u2026","og_url":"https:\/\/marktxxl.de\/markt\/produkt\/welcon-massagesessel-easyrelaxx-beige-3d-massagestuhl-mit-neigungsverstellung-elektrisch-automatikprogramme-knetmassage-klopfmassage-rollenmassage-airbagmassage-sessel-massagestuhl\/","og_site_name":"Markt-XXL","article_modified_time":"2023-04-11T01:55:20+00:00","og_image":[{"width":444,"height":500,"url":"https:\/\/m.media-amazon.com\/images\/I\/41f3TLXNPQL._SL500_.jpg","type":"image\/jpeg"}],"twitter_card":"summary_large_image","twitter_misc":{"Gesch\u00e4tzte Lesezeit":"1\u00a0Minute"},"schema":{"@context":"https:\/\/schema.org","@graph":[{"@type":"WebPage","@id":"https:\/\/marktxxl.de\/markt\/produkt\/welcon-massagesessel-easyrelaxx-beige-3d-massagestuhl-mit-neigungsverstellung-elektrisch-automatikprogramme-knetmassage-klopfmassage-rollenmassage-airbagmassage-sessel-massagestuhl\/","url":"https:\/\/marktxxl.de\/markt\/produkt\/welcon-massagesessel-easyrelaxx-beige-3d-massagestuhl-mit-neigungsverstellung-elektrisch-automatikprogramme-knetmassage-klopfmassage-rollenmassage-airbagmassage-sessel-massagestuhl\/","name":"WELCON Massagesessel EASYRELAXX BEIGE - 3D Massagestuhl mit Neigungsverstellung elektrisch, Automatikprogramme\u2026 - Markt-XXL","isPartOf":{"@id":"https:\/\/marktxxl.de\/markt\/#website"},"primaryImageOfPage":{"@id":"https:\/\/marktxxl.de\/markt\/produkt\/welcon-massagesessel-easyrelaxx-beige-3d-massagestuhl-mit-neigungsverstellung-elektrisch-automatikprogramme-knetmassage-klopfmassage-rollenmassage-airbagmassage-sessel-massagestuhl\/#primaryimage"},"image":{"@id":"https:\/\/marktxxl.de\/markt\/produkt\/welcon-massagesessel-easyrelaxx-beige-3d-massagestuhl-mit-neigungsverstellung-elektrisch-automatikprogramme-knetmassage-klopfmassage-rollenmassage-airbagmassage-sessel-massagestuhl\/#primaryimage"},"thumbnailUrl":"https:\/\/m.media-amazon.com\/images\/I\/41f3TLXNPQL._SL500_.jpg","datePublished":"2022-05-15T09:43:05+00:00","dateModified":"2023-04-11T01:55:20+00:00","description":"Markt-XXL WELCON Massagesessel EASYRELAXX BEIGE - 3D Massagestuhl mit Neigungsverstellung elektrisch, Automatikprogramme\u2026","breadcrumb":{"@id":"https:\/\/marktxxl.de\/markt\/produkt\/welcon-massagesessel-easyrelaxx-beige-3d-massagestuhl-mit-neigungsverstellung-elektrisch-automatikprogramme-knetmassage-klopfmassage-rollenmassage-airbagmassage-sessel-massagestuhl\/#breadcrumb"},"inLanguage":"de","potentialAction":[{"@type":"ReadAction","target":["https:\/\/marktxxl.de\/markt\/produkt\/welcon-massagesessel-easyrelaxx-beige-3d-massagestuhl-mit-neigungsverstellung-elektrisch-automatikprogramme-knetmassage-klopfmassage-rollenmassage-airbagmassage-sessel-massagestuhl\/"]}]},{"@type":"ImageObject","inLanguage":"de","@id":"https:\/\/marktxxl.de\/markt\/produkt\/welcon-massagesessel-easyrelaxx-beige-3d-massagestuhl-mit-neigungsverstellung-elektrisch-automatikprogramme-knetmassage-klopfmassage-rollenmassage-airbagmassage-sessel-massagestuhl\/#primaryimage","url":"https:\/\/m.media-amazon.com\/images\/I\/41f3TLXNPQL._SL500_.jpg","contentUrl":"https:\/\/m.media-amazon.com\/images\/I\/41f3TLXNPQL._SL500_.jpg","width":444,"height":500},{"@type":"BreadcrumbList","@id":"https:\/\/marktxxl.de\/markt\/produkt\/welcon-massagesessel-easyrelaxx-beige-3d-massagestuhl-mit-neigungsverstellung-elektrisch-automatikprogramme-knetmassage-klopfmassage-rollenmassage-airbagmassage-sessel-massagestuhl\/#breadcrumb","itemListElement":[{"@type":"ListItem","position":1,"name":"Startseite","item":"https:\/\/marktxxl.de\/markt\/"},{"@type":"ListItem","position":2,"name":"Markt","item":"https:\/\/marktxxl.de\/markt\/"},{"@type":"ListItem","position":3,"name":"WELCON Massagesessel EASYRELAXX BEIGE &#8211; 3D Massagestuhl mit Neigungsverstellung elektrisch, Automatikprogramme\u2026"}]},{"@type":"WebSite","@id":"https:\/\/marktxxl.de\/markt\/#website","url":"https:\/\/marktxxl.de\/markt\/","name":"Markt-XXL","description":"Ihr Markt Online","publisher":{"@id":"https:\/\/marktxxl.de\/markt\/#organization"},"potentialAction":[{"@type":"SearchAction","target":{"@type":"EntryPoint","urlTemplate":"https:\/\/marktxxl.de\/markt\/?s={search_term_string}"},"query-input":{"@type":"PropertyValueSpecification","valueRequired":true,"valueName":"search_term_string"}}],"inLanguage":"de"},{"@type":"Organization","@id":"https:\/\/marktxxl.de\/markt\/#organization","name":"Markt-XXL","url":"https:\/\/marktxxl.de\/markt\/","logo":{"@type":"ImageObject","inLanguage":"de","@id":"https:\/\/marktxxl.de\/markt\/#\/schema\/logo\/image\/","url":"https:\/\/marktxxl.de\/markt\/wp-content\/uploads\/sites\/3\/2020\/12\/logo.png","contentUrl":"https:\/\/marktxxl.de\/markt\/wp-content\/uploads\/sites\/3\/2020\/12\/logo.png","width":200,"height":70,"caption":"Markt-XXL"},"image":{"@id":"https:\/\/marktxxl.de\/markt\/#\/schema\/logo\/image\/"}}]}},"_links":{"self":[{"href":"https:\/\/marktxxl.de\/markt\/wp-json\/wp\/v2\/product\/124159","targetHints":{"allow":["GET"]}}],"collection":[{"href":"https:\/\/marktxxl.de\/markt\/wp-json\/wp\/v2\/product"}],"about":[{"href":"https:\/\/marktxxl.de\/markt\/wp-json\/wp\/v2\/types\/product"}],"replies":[{"embeddable":true,"href":"https:\/\/marktxxl.de\/markt\/wp-json\/wp\/v2\/comments?post=124159"}],"wp:featuredmedia":[{"embeddable":true,"href":"https:\/\/marktxxl.de\/markt\/wp-json\/wp\/v2\/media\/124160"}],"wp:attachment":[{"href":"https:\/\/marktxxl.de\/markt\/wp-json\/wp\/v2\/media?parent=124159"}],"wp:term":[{"taxonomy":"product_brand","embeddable":true,"href":"https:\/\/marktxxl.de\/markt\/wp-json\/wp\/v2\/product_brand?post=124159"},{"taxonomy":"product_cat","embeddable":true,"href":"https:\/\/marktxxl.de\/markt\/wp-json\/wp\/v2\/product_cat?post=124159"},{"taxonomy":"product_tag","embeddable":true,"href":"https:\/\/marktxxl.de\/markt\/wp-json\/wp\/v2\/product_tag?post=124159"}],"curies":[{"name":"wp","href":"https:\/\/api.w.org\/{rel}","templated":true}]}}