{"id":124149,"date":"2022-05-15T11:40:41","date_gmt":"2022-05-15T09:40:41","guid":{"rendered":"https:\/\/marktxxl.de\/markt\/produkt\/massagepistole-massage-gun-lefity-mini-massagepistole-2600mah-mit-30-geschwindigkeiten-und-6-massagekoepfen-handmassagegeraet-mit-usb-c-ladeanschluss-massagegeraet-fuer-nacken-schulter-ruecken\/"},"modified":"2023-04-11T03:55:20","modified_gmt":"2023-04-11T01:55:20","slug":"massagepistole-massage-gun-lefity-mini-massagepistole-2600mah-mit-30-geschwindigkeiten-und-6-massagekoepfen-handmassagegeraet-mit-usb-c-ladeanschluss-massagegeraet-fuer-nacken-schulter-ruecken","status":"publish","type":"product","link":"https:\/\/marktxxl.de\/markt\/produkt\/massagepistole-massage-gun-lefity-mini-massagepistole-2600mah-mit-30-geschwindigkeiten-und-6-massagekoepfen-handmassagegeraet-mit-usb-c-ladeanschluss-massagegeraet-fuer-nacken-schulter-ruecken\/","title":{"rendered":"Massagepistole Massage Gun, Lefity Mini Massagepistole 2600mAh mit 30 Geschwindigkeiten und 6 Massagek\u00f6pfen\u2026"},"content":{"rendered":"<p>LEISTUNGSSTARKE MASSAGEPISTOLE: Lefity Massagepistole kann werden als therapeutische Tools zur Tiefenmassage angewandt. Durch gezielte St\u00f6\u00dfe und Vibrationen werden Muskelspannungen gelockert, die Durchblutung und Sauerstoffzufuhr angeregt und so Selbstheilungsprozesse gef\u00f6rdert. So k\u00f6nnen Verspannungen gel\u00f6st werden und die Regeneration beschleunigt werden, gibt Ihnen ein professionelles, entspannendes Massage-Erlebnis, jederzeit und \u00fcberall.<br \/>\nSUPER RUHIG : Die Handmassagepistole verf\u00fcgt \u00fcber eine Ger\u00e4uschreduzierung ausgestattet. mit der die Ger\u00e4usche in einem Rahmen von 45 dB zu kontrollieren, je nach Geschwindigkeit. Die im B\u00fcro oder Fitnessstudio verwendet werden kann, ohne eine St\u00f6rung zu verursachen.<br \/>\n30 GESCHWINDIGKEITSEINSTELLUNGEN &amp; 6 MASSAGEK\u00d6PFE: Die Massagepistole hat 6 Massagek\u00f6pfe f\u00fcr unterschiedliche K\u00f6rperregionen und bietet je nach Muskelspannung 30 einstellbare Geschwindigkeiten. Sie arbeitet mit 1.800 bis 3.300 Schl\u00e4gen pro Minute, sie eignet sich zur Schmerzlinderung und die Elastizit\u00e4t der Muskeln verbessern sowie die Verklebungen von Muskelfasern l\u00f6sen.<br \/>\nLANGE AKKULAUFZEIT: Die Muskelmassagepistole ist mit einem Lithium-Ionen-Akku mit einer Kapazit\u00e4t von 2600 Milliamperestunden ausgestattet. Der Akku kann nach einer Ladezeit von 4 bis 5 Stunden bis zu 8 Stunden ohne Unterbrechung arbeiten. Eine praktische Timerfunktion sorgt daf\u00fcr, dass sich das Ger\u00e4t nach 10 Minuten automatisch ausschaltet. Das verborgene K\u00fchlsystem f\u00fchrt die \u00fcbersch\u00fcssige W\u00e4rme effektiv ab, dies verbessert die Leistung und kann die Lebensdauer des Motors verl\u00e4ngern.<br \/>\nTYP-C-LADEPORT: Diese Lefity massage gun mit Typ-C-Ladeanschluss kann mit den g\u00e4ngigsten Typ-C-Kabeln, Es kann mit einem Adapter oder einer Powerbank aufladen. Und denn sie wiegt nur 750 Gramm, leicht zu transportieren.<br \/>\n<div class=\"main-cross-sell\" data-asin=\"B09NZT1VV4\">\n\n\t<div class=\"WooZone-cross-sell-loader\">\n\t\t<div>\n\t\t\t<div id=\"floatingBarsG\">\n\t\t\t\t<div class=\"blockG\" id=\"rotateG_01\"><\/div>\n\t\t\t\t<div class=\"blockG\" id=\"rotateG_02\"><\/div>\n\t\t\t\t<div class=\"blockG\" id=\"rotateG_03\"><\/div>\n\t\t\t\t<div class=\"blockG\" id=\"rotateG_04\"><\/div>\n\t\t\t\t<div class=\"blockG\" id=\"rotateG_05\"><\/div>\n\t\t\t\t<div class=\"blockG\" id=\"rotateG_06\"><\/div>\n\t\t\t\t<div class=\"blockG\" id=\"rotateG_07\"><\/div>\n\t\t\t\t<div class=\"blockG\" id=\"rotateG_08\"><\/div>\n\t\t\t<\/div>\n\t\t\t<div class=\"WooZone-cross-sell-loader-text\"><\/div>\n\t\t<\/div>\n\t<\/div>\n\n\t\t\n<\/div>\n<div style=\"clear:both;\"><\/div><\/p>\n","protected":false},"excerpt":{"rendered":"<p>LEISTUNGSSTARKE MASSAGEPISTOLE: Lefity Massagepistole kann werden als therapeutische Tools zur Tiefenmassage angewandt. Durch gezielte St\u00f6\u00dfe und Vibrationen werden Muskelspannungen gelockert, die Durchblutung und Sauerstoffzufuhr angeregt und so Selbstheilungsprozesse gef\u00f6rdert. So k\u00f6nnen Verspannungen gel\u00f6st werden und die Regeneration beschleunigt werden, gibt Ihnen ein professionelles, entspannendes Massage-Erlebnis, jederzeit und \u00fcberall.<br \/>\nSUPER RUHIG : Die Handmassagepistole verf\u00fcgt \u00fcber eine Ger\u00e4uschreduzierung ausgestattet. mit der die Ger\u00e4usche in einem Rahmen von 45 dB zu kontrollieren, je nach Geschwindigkeit. Die im B\u00fcro oder Fitnessstudio verwendet werden kann, ohne eine St\u00f6rung zu verursachen.<br \/>\n30 GESCHWINDIGKEITSEINSTELLUNGEN &amp; 6 MASSAGEK\u00d6PFE: Die Massagepistole hat 6 Massagek\u00f6pfe f\u00fcr unterschiedliche K\u00f6rperregionen und bietet je nach Muskelspannung 30 einstellbare Geschwindigkeiten. Sie arbeitet mit 1.800 bis 3.300 Schl\u00e4gen pro Minute, sie eignet sich zur Schmerzlinderung und die Elastizit\u00e4t der Muskeln verbessern sowie die Verklebungen von Muskelfasern l\u00f6sen.<\/p>\n","protected":false},"featured_media":124150,"comment_status":"open","ping_status":"closed","template":"","meta":[],"product_brand":[],"product_cat":[566,6496],"product_tag":[],"class_list":{"0":"post-124149","1":"product","2":"type-product","3":"status-publish","4":"has-post-thumbnail","6":"product_cat-drogerie-koerperpflege","7":"product_cat-wellness","8":"pa_brand-lefity","9":"pa_color-blau","10":"pa_manufacturer-lefity","11":"pa_model-jx-703s","13":"first","14":"instock","15":"shipping-taxable","16":"purchasable","17":"product-type-simple","18":"customify-col","19":"product-has-gallery"},"yoast_head":"<!-- This site is optimized with the Yoast SEO plugin v27.4 - https:\/\/yoast.com\/product\/yoast-seo-wordpress\/ -->\n<title>Massagepistole Massage Gun, Lefity Mini Massagepistole 2600mAh mit 30 Geschwindigkeiten und 6 Massagek\u00f6pfen\u2026 - Markt-XXL<\/title>\n<meta name=\"description\" content=\"Markt-XXL Massagepistole Massage Gun, Lefity Mini Massagepistole 2600mAh mit 30 Geschwindigkeiten und 6 Massagek\u00f6pfen\u2026\" \/>\n<meta name=\"robots\" content=\"index, follow, max-snippet:-1, max-image-preview:large, max-video-preview:-1\" \/>\n<link rel=\"canonical\" href=\"https:\/\/marktxxl.de\/markt\/produkt\/massagepistole-massage-gun-lefity-mini-massagepistole-2600mah-mit-30-geschwindigkeiten-und-6-massagekoepfen-handmassagegeraet-mit-usb-c-ladeanschluss-massagegeraet-fuer-nacken-schulter-ruecken\/\" \/>\n<meta property=\"og:locale\" content=\"de_DE\" \/>\n<meta property=\"og:type\" content=\"article\" \/>\n<meta property=\"og:title\" content=\"Massagepistole Massage Gun, Lefity Mini Massagepistole 2600mAh mit 30 Geschwindigkeiten und 6 Massagek\u00f6pfen\u2026 - Markt-XXL\" \/>\n<meta property=\"og:description\" content=\"Markt-XXL Massagepistole Massage Gun, Lefity Mini Massagepistole 2600mAh mit 30 Geschwindigkeiten und 6 Massagek\u00f6pfen\u2026\" \/>\n<meta property=\"og:url\" content=\"https:\/\/marktxxl.de\/markt\/produkt\/massagepistole-massage-gun-lefity-mini-massagepistole-2600mah-mit-30-geschwindigkeiten-und-6-massagekoepfen-handmassagegeraet-mit-usb-c-ladeanschluss-massagegeraet-fuer-nacken-schulter-ruecken\/\" \/>\n<meta property=\"og:site_name\" content=\"Markt-XXL\" \/>\n<meta property=\"article:modified_time\" content=\"2023-04-11T01:55:20+00:00\" \/>\n<meta property=\"og:image\" content=\"https:\/\/m.media-amazon.com\/images\/I\/41TOrZ2+yDL._SL500_.jpg\" \/>\n\t<meta property=\"og:image:width\" content=\"500\" \/>\n\t<meta property=\"og:image:height\" content=\"500\" \/>\n\t<meta property=\"og:image:type\" content=\"image\/jpeg\" \/>\n<meta name=\"twitter:card\" content=\"summary_large_image\" \/>\n<meta name=\"twitter:label1\" content=\"Gesch\u00e4tzte Lesezeit\" \/>\n\t<meta name=\"twitter:data1\" content=\"1\u00a0Minute\" \/>\n<script type=\"application\/ld+json\" class=\"yoast-schema-graph\">{\"@context\":\"https:\\\/\\\/schema.org\",\"@graph\":[{\"@type\":\"WebPage\",\"@id\":\"https:\\\/\\\/marktxxl.de\\\/markt\\\/produkt\\\/massagepistole-massage-gun-lefity-mini-massagepistole-2600mah-mit-30-geschwindigkeiten-und-6-massagekoepfen-handmassagegeraet-mit-usb-c-ladeanschluss-massagegeraet-fuer-nacken-schulter-ruecken\\\/\",\"url\":\"https:\\\/\\\/marktxxl.de\\\/markt\\\/produkt\\\/massagepistole-massage-gun-lefity-mini-massagepistole-2600mah-mit-30-geschwindigkeiten-und-6-massagekoepfen-handmassagegeraet-mit-usb-c-ladeanschluss-massagegeraet-fuer-nacken-schulter-ruecken\\\/\",\"name\":\"Massagepistole Massage Gun, Lefity Mini Massagepistole 2600mAh mit 30 Geschwindigkeiten und 6 Massagek\u00f6pfen\u2026 - Markt-XXL\",\"isPartOf\":{\"@id\":\"https:\\\/\\\/marktxxl.de\\\/markt\\\/#website\"},\"primaryImageOfPage\":{\"@id\":\"https:\\\/\\\/marktxxl.de\\\/markt\\\/produkt\\\/massagepistole-massage-gun-lefity-mini-massagepistole-2600mah-mit-30-geschwindigkeiten-und-6-massagekoepfen-handmassagegeraet-mit-usb-c-ladeanschluss-massagegeraet-fuer-nacken-schulter-ruecken\\\/#primaryimage\"},\"image\":{\"@id\":\"https:\\\/\\\/marktxxl.de\\\/markt\\\/produkt\\\/massagepistole-massage-gun-lefity-mini-massagepistole-2600mah-mit-30-geschwindigkeiten-und-6-massagekoepfen-handmassagegeraet-mit-usb-c-ladeanschluss-massagegeraet-fuer-nacken-schulter-ruecken\\\/#primaryimage\"},\"thumbnailUrl\":\"https:\\\/\\\/m.media-amazon.com\\\/images\\\/I\\\/41TOrZ2+yDL._SL500_.jpg\",\"datePublished\":\"2022-05-15T09:40:41+00:00\",\"dateModified\":\"2023-04-11T01:55:20+00:00\",\"description\":\"Markt-XXL Massagepistole Massage Gun, Lefity Mini Massagepistole 2600mAh mit 30 Geschwindigkeiten und 6 Massagek\u00f6pfen\u2026\",\"breadcrumb\":{\"@id\":\"https:\\\/\\\/marktxxl.de\\\/markt\\\/produkt\\\/massagepistole-massage-gun-lefity-mini-massagepistole-2600mah-mit-30-geschwindigkeiten-und-6-massagekoepfen-handmassagegeraet-mit-usb-c-ladeanschluss-massagegeraet-fuer-nacken-schulter-ruecken\\\/#breadcrumb\"},\"inLanguage\":\"de\",\"potentialAction\":[{\"@type\":\"ReadAction\",\"target\":[\"https:\\\/\\\/marktxxl.de\\\/markt\\\/produkt\\\/massagepistole-massage-gun-lefity-mini-massagepistole-2600mah-mit-30-geschwindigkeiten-und-6-massagekoepfen-handmassagegeraet-mit-usb-c-ladeanschluss-massagegeraet-fuer-nacken-schulter-ruecken\\\/\"]}]},{\"@type\":\"ImageObject\",\"inLanguage\":\"de\",\"@id\":\"https:\\\/\\\/marktxxl.de\\\/markt\\\/produkt\\\/massagepistole-massage-gun-lefity-mini-massagepistole-2600mah-mit-30-geschwindigkeiten-und-6-massagekoepfen-handmassagegeraet-mit-usb-c-ladeanschluss-massagegeraet-fuer-nacken-schulter-ruecken\\\/#primaryimage\",\"url\":\"https:\\\/\\\/m.media-amazon.com\\\/images\\\/I\\\/41TOrZ2+yDL._SL500_.jpg\",\"contentUrl\":\"https:\\\/\\\/m.media-amazon.com\\\/images\\\/I\\\/41TOrZ2+yDL._SL500_.jpg\",\"width\":500,\"height\":500},{\"@type\":\"BreadcrumbList\",\"@id\":\"https:\\\/\\\/marktxxl.de\\\/markt\\\/produkt\\\/massagepistole-massage-gun-lefity-mini-massagepistole-2600mah-mit-30-geschwindigkeiten-und-6-massagekoepfen-handmassagegeraet-mit-usb-c-ladeanschluss-massagegeraet-fuer-nacken-schulter-ruecken\\\/#breadcrumb\",\"itemListElement\":[{\"@type\":\"ListItem\",\"position\":1,\"name\":\"Startseite\",\"item\":\"https:\\\/\\\/marktxxl.de\\\/markt\\\/\"},{\"@type\":\"ListItem\",\"position\":2,\"name\":\"Markt\",\"item\":\"https:\\\/\\\/marktxxl.de\\\/markt\\\/\"},{\"@type\":\"ListItem\",\"position\":3,\"name\":\"Massagepistole Massage Gun, Lefity Mini Massagepistole 2600mAh mit 30 Geschwindigkeiten und 6 Massagek\u00f6pfen\u2026\"}]},{\"@type\":\"WebSite\",\"@id\":\"https:\\\/\\\/marktxxl.de\\\/markt\\\/#website\",\"url\":\"https:\\\/\\\/marktxxl.de\\\/markt\\\/\",\"name\":\"Markt-XXL\",\"description\":\"Ihr Markt Online\",\"publisher\":{\"@id\":\"https:\\\/\\\/marktxxl.de\\\/markt\\\/#organization\"},\"potentialAction\":[{\"@type\":\"SearchAction\",\"target\":{\"@type\":\"EntryPoint\",\"urlTemplate\":\"https:\\\/\\\/marktxxl.de\\\/markt\\\/?s={search_term_string}\"},\"query-input\":{\"@type\":\"PropertyValueSpecification\",\"valueRequired\":true,\"valueName\":\"search_term_string\"}}],\"inLanguage\":\"de\"},{\"@type\":\"Organization\",\"@id\":\"https:\\\/\\\/marktxxl.de\\\/markt\\\/#organization\",\"name\":\"Markt-XXL\",\"url\":\"https:\\\/\\\/marktxxl.de\\\/markt\\\/\",\"logo\":{\"@type\":\"ImageObject\",\"inLanguage\":\"de\",\"@id\":\"https:\\\/\\\/marktxxl.de\\\/markt\\\/#\\\/schema\\\/logo\\\/image\\\/\",\"url\":\"https:\\\/\\\/marktxxl.de\\\/markt\\\/wp-content\\\/uploads\\\/sites\\\/3\\\/2020\\\/12\\\/logo.png\",\"contentUrl\":\"https:\\\/\\\/marktxxl.de\\\/markt\\\/wp-content\\\/uploads\\\/sites\\\/3\\\/2020\\\/12\\\/logo.png\",\"width\":200,\"height\":70,\"caption\":\"Markt-XXL\"},\"image\":{\"@id\":\"https:\\\/\\\/marktxxl.de\\\/markt\\\/#\\\/schema\\\/logo\\\/image\\\/\"}}]}<\/script>\n<!-- \/ Yoast SEO plugin. -->","yoast_head_json":{"title":"Massagepistole Massage Gun, Lefity Mini Massagepistole 2600mAh mit 30 Geschwindigkeiten und 6 Massagek\u00f6pfen\u2026 - Markt-XXL","description":"Markt-XXL Massagepistole Massage Gun, Lefity Mini Massagepistole 2600mAh mit 30 Geschwindigkeiten und 6 Massagek\u00f6pfen\u2026","robots":{"index":"index","follow":"follow","max-snippet":"max-snippet:-1","max-image-preview":"max-image-preview:large","max-video-preview":"max-video-preview:-1"},"canonical":"https:\/\/marktxxl.de\/markt\/produkt\/massagepistole-massage-gun-lefity-mini-massagepistole-2600mah-mit-30-geschwindigkeiten-und-6-massagekoepfen-handmassagegeraet-mit-usb-c-ladeanschluss-massagegeraet-fuer-nacken-schulter-ruecken\/","og_locale":"de_DE","og_type":"article","og_title":"Massagepistole Massage Gun, Lefity Mini Massagepistole 2600mAh mit 30 Geschwindigkeiten und 6 Massagek\u00f6pfen\u2026 - Markt-XXL","og_description":"Markt-XXL Massagepistole Massage Gun, Lefity Mini Massagepistole 2600mAh mit 30 Geschwindigkeiten und 6 Massagek\u00f6pfen\u2026","og_url":"https:\/\/marktxxl.de\/markt\/produkt\/massagepistole-massage-gun-lefity-mini-massagepistole-2600mah-mit-30-geschwindigkeiten-und-6-massagekoepfen-handmassagegeraet-mit-usb-c-ladeanschluss-massagegeraet-fuer-nacken-schulter-ruecken\/","og_site_name":"Markt-XXL","article_modified_time":"2023-04-11T01:55:20+00:00","og_image":[{"width":500,"height":500,"url":"https:\/\/m.media-amazon.com\/images\/I\/41TOrZ2+yDL._SL500_.jpg","type":"image\/jpeg"}],"twitter_card":"summary_large_image","twitter_misc":{"Gesch\u00e4tzte Lesezeit":"1\u00a0Minute"},"schema":{"@context":"https:\/\/schema.org","@graph":[{"@type":"WebPage","@id":"https:\/\/marktxxl.de\/markt\/produkt\/massagepistole-massage-gun-lefity-mini-massagepistole-2600mah-mit-30-geschwindigkeiten-und-6-massagekoepfen-handmassagegeraet-mit-usb-c-ladeanschluss-massagegeraet-fuer-nacken-schulter-ruecken\/","url":"https:\/\/marktxxl.de\/markt\/produkt\/massagepistole-massage-gun-lefity-mini-massagepistole-2600mah-mit-30-geschwindigkeiten-und-6-massagekoepfen-handmassagegeraet-mit-usb-c-ladeanschluss-massagegeraet-fuer-nacken-schulter-ruecken\/","name":"Massagepistole Massage Gun, Lefity Mini Massagepistole 2600mAh mit 30 Geschwindigkeiten und 6 Massagek\u00f6pfen\u2026 - Markt-XXL","isPartOf":{"@id":"https:\/\/marktxxl.de\/markt\/#website"},"primaryImageOfPage":{"@id":"https:\/\/marktxxl.de\/markt\/produkt\/massagepistole-massage-gun-lefity-mini-massagepistole-2600mah-mit-30-geschwindigkeiten-und-6-massagekoepfen-handmassagegeraet-mit-usb-c-ladeanschluss-massagegeraet-fuer-nacken-schulter-ruecken\/#primaryimage"},"image":{"@id":"https:\/\/marktxxl.de\/markt\/produkt\/massagepistole-massage-gun-lefity-mini-massagepistole-2600mah-mit-30-geschwindigkeiten-und-6-massagekoepfen-handmassagegeraet-mit-usb-c-ladeanschluss-massagegeraet-fuer-nacken-schulter-ruecken\/#primaryimage"},"thumbnailUrl":"https:\/\/m.media-amazon.com\/images\/I\/41TOrZ2+yDL._SL500_.jpg","datePublished":"2022-05-15T09:40:41+00:00","dateModified":"2023-04-11T01:55:20+00:00","description":"Markt-XXL Massagepistole Massage Gun, Lefity Mini Massagepistole 2600mAh mit 30 Geschwindigkeiten und 6 Massagek\u00f6pfen\u2026","breadcrumb":{"@id":"https:\/\/marktxxl.de\/markt\/produkt\/massagepistole-massage-gun-lefity-mini-massagepistole-2600mah-mit-30-geschwindigkeiten-und-6-massagekoepfen-handmassagegeraet-mit-usb-c-ladeanschluss-massagegeraet-fuer-nacken-schulter-ruecken\/#breadcrumb"},"inLanguage":"de","potentialAction":[{"@type":"ReadAction","target":["https:\/\/marktxxl.de\/markt\/produkt\/massagepistole-massage-gun-lefity-mini-massagepistole-2600mah-mit-30-geschwindigkeiten-und-6-massagekoepfen-handmassagegeraet-mit-usb-c-ladeanschluss-massagegeraet-fuer-nacken-schulter-ruecken\/"]}]},{"@type":"ImageObject","inLanguage":"de","@id":"https:\/\/marktxxl.de\/markt\/produkt\/massagepistole-massage-gun-lefity-mini-massagepistole-2600mah-mit-30-geschwindigkeiten-und-6-massagekoepfen-handmassagegeraet-mit-usb-c-ladeanschluss-massagegeraet-fuer-nacken-schulter-ruecken\/#primaryimage","url":"https:\/\/m.media-amazon.com\/images\/I\/41TOrZ2+yDL._SL500_.jpg","contentUrl":"https:\/\/m.media-amazon.com\/images\/I\/41TOrZ2+yDL._SL500_.jpg","width":500,"height":500},{"@type":"BreadcrumbList","@id":"https:\/\/marktxxl.de\/markt\/produkt\/massagepistole-massage-gun-lefity-mini-massagepistole-2600mah-mit-30-geschwindigkeiten-und-6-massagekoepfen-handmassagegeraet-mit-usb-c-ladeanschluss-massagegeraet-fuer-nacken-schulter-ruecken\/#breadcrumb","itemListElement":[{"@type":"ListItem","position":1,"name":"Startseite","item":"https:\/\/marktxxl.de\/markt\/"},{"@type":"ListItem","position":2,"name":"Markt","item":"https:\/\/marktxxl.de\/markt\/"},{"@type":"ListItem","position":3,"name":"Massagepistole Massage Gun, Lefity Mini Massagepistole 2600mAh mit 30 Geschwindigkeiten und 6 Massagek\u00f6pfen\u2026"}]},{"@type":"WebSite","@id":"https:\/\/marktxxl.de\/markt\/#website","url":"https:\/\/marktxxl.de\/markt\/","name":"Markt-XXL","description":"Ihr Markt Online","publisher":{"@id":"https:\/\/marktxxl.de\/markt\/#organization"},"potentialAction":[{"@type":"SearchAction","target":{"@type":"EntryPoint","urlTemplate":"https:\/\/marktxxl.de\/markt\/?s={search_term_string}"},"query-input":{"@type":"PropertyValueSpecification","valueRequired":true,"valueName":"search_term_string"}}],"inLanguage":"de"},{"@type":"Organization","@id":"https:\/\/marktxxl.de\/markt\/#organization","name":"Markt-XXL","url":"https:\/\/marktxxl.de\/markt\/","logo":{"@type":"ImageObject","inLanguage":"de","@id":"https:\/\/marktxxl.de\/markt\/#\/schema\/logo\/image\/","url":"https:\/\/marktxxl.de\/markt\/wp-content\/uploads\/sites\/3\/2020\/12\/logo.png","contentUrl":"https:\/\/marktxxl.de\/markt\/wp-content\/uploads\/sites\/3\/2020\/12\/logo.png","width":200,"height":70,"caption":"Markt-XXL"},"image":{"@id":"https:\/\/marktxxl.de\/markt\/#\/schema\/logo\/image\/"}}]}},"_links":{"self":[{"href":"https:\/\/marktxxl.de\/markt\/wp-json\/wp\/v2\/product\/124149","targetHints":{"allow":["GET"]}}],"collection":[{"href":"https:\/\/marktxxl.de\/markt\/wp-json\/wp\/v2\/product"}],"about":[{"href":"https:\/\/marktxxl.de\/markt\/wp-json\/wp\/v2\/types\/product"}],"replies":[{"embeddable":true,"href":"https:\/\/marktxxl.de\/markt\/wp-json\/wp\/v2\/comments?post=124149"}],"wp:featuredmedia":[{"embeddable":true,"href":"https:\/\/marktxxl.de\/markt\/wp-json\/wp\/v2\/media\/124150"}],"wp:attachment":[{"href":"https:\/\/marktxxl.de\/markt\/wp-json\/wp\/v2\/media?parent=124149"}],"wp:term":[{"taxonomy":"product_brand","embeddable":true,"href":"https:\/\/marktxxl.de\/markt\/wp-json\/wp\/v2\/product_brand?post=124149"},{"taxonomy":"product_cat","embeddable":true,"href":"https:\/\/marktxxl.de\/markt\/wp-json\/wp\/v2\/product_cat?post=124149"},{"taxonomy":"product_tag","embeddable":true,"href":"https:\/\/marktxxl.de\/markt\/wp-json\/wp\/v2\/product_tag?post=124149"}],"curies":[{"name":"wp","href":"https:\/\/api.w.org\/{rel}","templated":true}]}}