{"id":123992,"date":"2022-05-15T11:34:20","date_gmt":"2022-05-15T09:34:20","guid":{"rendered":"https:\/\/marktxxl.de\/markt\/produkt\/bio-flohsamenschalen-1000-g-99-reinheit-indische-laborgepruefte-premiumqualitaet-ballaststoffreich-glutenfrei-vegan-original-golden-peanut\/"},"modified":"2023-04-11T03:55:18","modified_gmt":"2023-04-11T01:55:18","slug":"bio-flohsamenschalen-1000-g-99-reinheit-indische-laborgepruefte-premiumqualitaet-ballaststoffreich-glutenfrei-vegan-original-golden-peanut","status":"publish","type":"product","link":"https:\/\/marktxxl.de\/markt\/produkt\/bio-flohsamenschalen-1000-g-99-reinheit-indische-laborgepruefte-premiumqualitaet-ballaststoffreich-glutenfrei-vegan-original-golden-peanut\/","title":{"rendered":"GOLDEN PEANUT Flohsamenschalen BIO 1 kg \u2013 99% Reinheit, Indien, ballaststoffreich, glutenfrei, vegan, Naturprodukt"},"content":{"rendered":"<p>\ud83c\udf31 Psyllium: Flohsamenschalen sind die Samenschalen der in Indien beheimateten Pflanze Plantago ovata. Die Samen werden von Hand geerntet, gesiebt und schonend getrocknet. Sie stammen aus frischer Ernte und ausgew\u00e4hlten Anbaugebieten.<br \/>\n\ud83c\udf31 Ballaststoffe: Unsere Bio Flohsamenschalen sind reich an Schleim bildenden Ballastoffen und sind die perfekte Zutat f\u00fcr alle, die sich bewusst ern\u00e4hren wollen. Ob im M\u00fcsli, zum Backen oder als Nahrungserg\u00e4nzung unsere Flohsamen verf\u00fcgen \u00fcber eine besonders hohe Quellzahl und werten den t\u00e4glichen Speiseplan auf.<br \/>\n\ud83c\udf31 Einfache Anwendung: Einfach 2-3-mal t\u00e4gl. 1 &#8211; 2 TL in Wasser oder Fruchtsaft einger\u00fchrt quellen lassen oder in M\u00fcsli oder Joghurt vermengen und verzehren. Mischverh\u00e4ltnis Flohsamenschalen zu Fl\u00fcssigkeit sollte mindestens 1:10. Nicht trocken verzehren!<br \/>\n\ud83c\udf31 Bio Qualit\u00e4t: Bio Flohsamenschalen von Golden Peanut sind Bio zertifiziert bei LACON DE-\u00d6KO-003 und zeichnen sich aus durch eine l\u00fcckenlose R\u00fcckverfolgbarkeit in der ganzen Beschaffungskette aus.<br \/>\n\ud83c\udf31 Nachhaltigkeit: Unser Produkt ist frei von Zusatzstoffen, Farb- oder Geschmacksverst\u00e4rkern, nicht genmodifiziert oder bestrahlt. Wir lassen alle Qualit\u00e4ten im Labor auf Reinheitsparameter untersuchen. Die umweltfreundliche Verpackung ist aromasicher und h\u00e4lt das Lebensmittel lange frisch.<br \/>\n<div class=\"main-cross-sell\" data-asin=\"B014SYAYZ4\">\n\n\t<div class=\"WooZone-cross-sell-loader\">\n\t\t<div>\n\t\t\t<div id=\"floatingBarsG\">\n\t\t\t\t<div class=\"blockG\" id=\"rotateG_01\"><\/div>\n\t\t\t\t<div class=\"blockG\" id=\"rotateG_02\"><\/div>\n\t\t\t\t<div class=\"blockG\" id=\"rotateG_03\"><\/div>\n\t\t\t\t<div class=\"blockG\" id=\"rotateG_04\"><\/div>\n\t\t\t\t<div class=\"blockG\" id=\"rotateG_05\"><\/div>\n\t\t\t\t<div class=\"blockG\" id=\"rotateG_06\"><\/div>\n\t\t\t\t<div class=\"blockG\" id=\"rotateG_07\"><\/div>\n\t\t\t\t<div class=\"blockG\" id=\"rotateG_08\"><\/div>\n\t\t\t<\/div>\n\t\t\t<div class=\"WooZone-cross-sell-loader-text\"><\/div>\n\t\t<\/div>\n\t<\/div>\n\n\t\t\n<\/div>\n<div style=\"clear:both;\"><\/div><\/p>\n","protected":false},"excerpt":{"rendered":"<p>\ud83c\udf31 Psyllium: Flohsamenschalen sind die Samenschalen der in Indien beheimateten Pflanze Plantago ovata. Die Samen werden von Hand geerntet, gesiebt und schonend getrocknet. Sie stammen aus frischer Ernte und ausgew\u00e4hlten Anbaugebieten.<br \/>\n\ud83c\udf31 Ballaststoffe: Unsere Bio Flohsamenschalen sind reich an Schleim bildenden Ballastoffen und sind die perfekte Zutat f\u00fcr alle, die sich bewusst ern\u00e4hren wollen. Ob im M\u00fcsli, zum Backen oder als Nahrungserg\u00e4nzung unsere Flohsamen verf\u00fcgen \u00fcber eine besonders hohe Quellzahl und werten den t\u00e4glichen Speiseplan auf.<br \/>\n\ud83c\udf31 Einfache Anwendung: Einfach 2-3-mal t\u00e4gl. 1 &#8211; 2 TL in Wasser oder Fruchtsaft einger\u00fchrt quellen lassen oder in M\u00fcsli oder Joghurt vermengen und verzehren. Mischverh\u00e4ltnis Flohsamenschalen zu Fl\u00fcssigkeit sollte mindestens 1:10. Nicht trocken verzehren!<\/p>\n","protected":false},"featured_media":123993,"comment_status":"open","ping_status":"closed","template":"","meta":[],"product_brand":[],"product_cat":[566,6375],"product_tag":[],"class_list":{"0":"post-123992","1":"product","2":"type-product","3":"status-publish","4":"has-post-thumbnail","6":"product_cat-drogerie-koerperpflege","7":"product_cat-vitamine-mineralien-ergaenzungsmittel","8":"pa_brand-golden-peanut","9":"pa_languages-unbekannt-deutsch-unbekannt-englisch-unbekannt-franzoesisch-unbekannt-italienisch-unbekannt-spanisch","10":"pa_manufacturer-golden-peanut","11":"pa_size-1-kg-1er-pack","12":"pa_weight-2-20462262-pfund","14":"first","15":"instock","16":"shipping-taxable","17":"purchasable","18":"product-type-simple","19":"customify-col","20":"product-has-gallery"},"yoast_head":"<!-- This site is optimized with the Yoast SEO plugin v27.4 - https:\/\/yoast.com\/product\/yoast-seo-wordpress\/ -->\n<title>GOLDEN PEANUT Flohsamenschalen BIO 1 kg \u2013 99% Reinheit, Indien, ballaststoffreich, glutenfrei, vegan, Naturprodukt - Markt-XXL<\/title>\n<meta name=\"description\" content=\"Markt-XXL GOLDEN PEANUT Flohsamenschalen BIO 1 kg \u2013 99% Reinheit, Indien, ballaststoffreich, glutenfrei, vegan, Naturprodukt\" \/>\n<meta name=\"robots\" content=\"index, follow, max-snippet:-1, max-image-preview:large, max-video-preview:-1\" \/>\n<link rel=\"canonical\" href=\"https:\/\/marktxxl.de\/markt\/produkt\/bio-flohsamenschalen-1000-g-99-reinheit-indische-laborgepruefte-premiumqualitaet-ballaststoffreich-glutenfrei-vegan-original-golden-peanut\/\" \/>\n<meta property=\"og:locale\" content=\"de_DE\" \/>\n<meta property=\"og:type\" content=\"article\" \/>\n<meta property=\"og:title\" content=\"GOLDEN PEANUT Flohsamenschalen BIO 1 kg \u2013 99% Reinheit, Indien, ballaststoffreich, glutenfrei, vegan, Naturprodukt - Markt-XXL\" \/>\n<meta property=\"og:description\" content=\"Markt-XXL GOLDEN PEANUT Flohsamenschalen BIO 1 kg \u2013 99% Reinheit, Indien, ballaststoffreich, glutenfrei, vegan, Naturprodukt\" \/>\n<meta property=\"og:url\" content=\"https:\/\/marktxxl.de\/markt\/produkt\/bio-flohsamenschalen-1000-g-99-reinheit-indische-laborgepruefte-premiumqualitaet-ballaststoffreich-glutenfrei-vegan-original-golden-peanut\/\" \/>\n<meta property=\"og:site_name\" content=\"Markt-XXL\" \/>\n<meta property=\"article:modified_time\" content=\"2023-04-11T01:55:18+00:00\" \/>\n<meta property=\"og:image\" content=\"https:\/\/m.media-amazon.com\/images\/I\/41uw8CevJqL._SL500_.jpg\" \/>\n\t<meta property=\"og:image:width\" content=\"500\" \/>\n\t<meta property=\"og:image:height\" content=\"500\" \/>\n\t<meta property=\"og:image:type\" content=\"image\/jpeg\" \/>\n<meta name=\"twitter:card\" content=\"summary_large_image\" \/>\n<meta name=\"twitter:label1\" content=\"Gesch\u00e4tzte Lesezeit\" \/>\n\t<meta name=\"twitter:data1\" content=\"1\u00a0Minute\" \/>\n<script type=\"application\/ld+json\" class=\"yoast-schema-graph\">{\"@context\":\"https:\\\/\\\/schema.org\",\"@graph\":[{\"@type\":\"WebPage\",\"@id\":\"https:\\\/\\\/marktxxl.de\\\/markt\\\/produkt\\\/bio-flohsamenschalen-1000-g-99-reinheit-indische-laborgepruefte-premiumqualitaet-ballaststoffreich-glutenfrei-vegan-original-golden-peanut\\\/\",\"url\":\"https:\\\/\\\/marktxxl.de\\\/markt\\\/produkt\\\/bio-flohsamenschalen-1000-g-99-reinheit-indische-laborgepruefte-premiumqualitaet-ballaststoffreich-glutenfrei-vegan-original-golden-peanut\\\/\",\"name\":\"GOLDEN PEANUT Flohsamenschalen BIO 1 kg \u2013 99% Reinheit, Indien, ballaststoffreich, glutenfrei, vegan, Naturprodukt - Markt-XXL\",\"isPartOf\":{\"@id\":\"https:\\\/\\\/marktxxl.de\\\/markt\\\/#website\"},\"primaryImageOfPage\":{\"@id\":\"https:\\\/\\\/marktxxl.de\\\/markt\\\/produkt\\\/bio-flohsamenschalen-1000-g-99-reinheit-indische-laborgepruefte-premiumqualitaet-ballaststoffreich-glutenfrei-vegan-original-golden-peanut\\\/#primaryimage\"},\"image\":{\"@id\":\"https:\\\/\\\/marktxxl.de\\\/markt\\\/produkt\\\/bio-flohsamenschalen-1000-g-99-reinheit-indische-laborgepruefte-premiumqualitaet-ballaststoffreich-glutenfrei-vegan-original-golden-peanut\\\/#primaryimage\"},\"thumbnailUrl\":\"https:\\\/\\\/m.media-amazon.com\\\/images\\\/I\\\/41uw8CevJqL._SL500_.jpg\",\"datePublished\":\"2022-05-15T09:34:20+00:00\",\"dateModified\":\"2023-04-11T01:55:18+00:00\",\"description\":\"Markt-XXL GOLDEN PEANUT Flohsamenschalen BIO 1 kg \u2013 99% Reinheit, Indien, ballaststoffreich, glutenfrei, vegan, Naturprodukt\",\"breadcrumb\":{\"@id\":\"https:\\\/\\\/marktxxl.de\\\/markt\\\/produkt\\\/bio-flohsamenschalen-1000-g-99-reinheit-indische-laborgepruefte-premiumqualitaet-ballaststoffreich-glutenfrei-vegan-original-golden-peanut\\\/#breadcrumb\"},\"inLanguage\":\"de\",\"potentialAction\":[{\"@type\":\"ReadAction\",\"target\":[\"https:\\\/\\\/marktxxl.de\\\/markt\\\/produkt\\\/bio-flohsamenschalen-1000-g-99-reinheit-indische-laborgepruefte-premiumqualitaet-ballaststoffreich-glutenfrei-vegan-original-golden-peanut\\\/\"]}]},{\"@type\":\"ImageObject\",\"inLanguage\":\"de\",\"@id\":\"https:\\\/\\\/marktxxl.de\\\/markt\\\/produkt\\\/bio-flohsamenschalen-1000-g-99-reinheit-indische-laborgepruefte-premiumqualitaet-ballaststoffreich-glutenfrei-vegan-original-golden-peanut\\\/#primaryimage\",\"url\":\"https:\\\/\\\/m.media-amazon.com\\\/images\\\/I\\\/41uw8CevJqL._SL500_.jpg\",\"contentUrl\":\"https:\\\/\\\/m.media-amazon.com\\\/images\\\/I\\\/41uw8CevJqL._SL500_.jpg\",\"width\":500,\"height\":500},{\"@type\":\"BreadcrumbList\",\"@id\":\"https:\\\/\\\/marktxxl.de\\\/markt\\\/produkt\\\/bio-flohsamenschalen-1000-g-99-reinheit-indische-laborgepruefte-premiumqualitaet-ballaststoffreich-glutenfrei-vegan-original-golden-peanut\\\/#breadcrumb\",\"itemListElement\":[{\"@type\":\"ListItem\",\"position\":1,\"name\":\"Startseite\",\"item\":\"https:\\\/\\\/marktxxl.de\\\/markt\\\/\"},{\"@type\":\"ListItem\",\"position\":2,\"name\":\"Markt\",\"item\":\"https:\\\/\\\/marktxxl.de\\\/markt\\\/\"},{\"@type\":\"ListItem\",\"position\":3,\"name\":\"GOLDEN PEANUT Flohsamenschalen BIO 1 kg \u2013 99% Reinheit, Indien, ballaststoffreich, glutenfrei, vegan, Naturprodukt\"}]},{\"@type\":\"WebSite\",\"@id\":\"https:\\\/\\\/marktxxl.de\\\/markt\\\/#website\",\"url\":\"https:\\\/\\\/marktxxl.de\\\/markt\\\/\",\"name\":\"Markt-XXL\",\"description\":\"Ihr Markt Online\",\"publisher\":{\"@id\":\"https:\\\/\\\/marktxxl.de\\\/markt\\\/#organization\"},\"potentialAction\":[{\"@type\":\"SearchAction\",\"target\":{\"@type\":\"EntryPoint\",\"urlTemplate\":\"https:\\\/\\\/marktxxl.de\\\/markt\\\/?s={search_term_string}\"},\"query-input\":{\"@type\":\"PropertyValueSpecification\",\"valueRequired\":true,\"valueName\":\"search_term_string\"}}],\"inLanguage\":\"de\"},{\"@type\":\"Organization\",\"@id\":\"https:\\\/\\\/marktxxl.de\\\/markt\\\/#organization\",\"name\":\"Markt-XXL\",\"url\":\"https:\\\/\\\/marktxxl.de\\\/markt\\\/\",\"logo\":{\"@type\":\"ImageObject\",\"inLanguage\":\"de\",\"@id\":\"https:\\\/\\\/marktxxl.de\\\/markt\\\/#\\\/schema\\\/logo\\\/image\\\/\",\"url\":\"https:\\\/\\\/marktxxl.de\\\/markt\\\/wp-content\\\/uploads\\\/sites\\\/3\\\/2020\\\/12\\\/logo.png\",\"contentUrl\":\"https:\\\/\\\/marktxxl.de\\\/markt\\\/wp-content\\\/uploads\\\/sites\\\/3\\\/2020\\\/12\\\/logo.png\",\"width\":200,\"height\":70,\"caption\":\"Markt-XXL\"},\"image\":{\"@id\":\"https:\\\/\\\/marktxxl.de\\\/markt\\\/#\\\/schema\\\/logo\\\/image\\\/\"}}]}<\/script>\n<!-- \/ Yoast SEO plugin. -->","yoast_head_json":{"title":"GOLDEN PEANUT Flohsamenschalen BIO 1 kg \u2013 99% Reinheit, Indien, ballaststoffreich, glutenfrei, vegan, Naturprodukt - Markt-XXL","description":"Markt-XXL GOLDEN PEANUT Flohsamenschalen BIO 1 kg \u2013 99% Reinheit, Indien, ballaststoffreich, glutenfrei, vegan, Naturprodukt","robots":{"index":"index","follow":"follow","max-snippet":"max-snippet:-1","max-image-preview":"max-image-preview:large","max-video-preview":"max-video-preview:-1"},"canonical":"https:\/\/marktxxl.de\/markt\/produkt\/bio-flohsamenschalen-1000-g-99-reinheit-indische-laborgepruefte-premiumqualitaet-ballaststoffreich-glutenfrei-vegan-original-golden-peanut\/","og_locale":"de_DE","og_type":"article","og_title":"GOLDEN PEANUT Flohsamenschalen BIO 1 kg \u2013 99% Reinheit, Indien, ballaststoffreich, glutenfrei, vegan, Naturprodukt - Markt-XXL","og_description":"Markt-XXL GOLDEN PEANUT Flohsamenschalen BIO 1 kg \u2013 99% Reinheit, Indien, ballaststoffreich, glutenfrei, vegan, Naturprodukt","og_url":"https:\/\/marktxxl.de\/markt\/produkt\/bio-flohsamenschalen-1000-g-99-reinheit-indische-laborgepruefte-premiumqualitaet-ballaststoffreich-glutenfrei-vegan-original-golden-peanut\/","og_site_name":"Markt-XXL","article_modified_time":"2023-04-11T01:55:18+00:00","og_image":[{"width":500,"height":500,"url":"https:\/\/m.media-amazon.com\/images\/I\/41uw8CevJqL._SL500_.jpg","type":"image\/jpeg"}],"twitter_card":"summary_large_image","twitter_misc":{"Gesch\u00e4tzte Lesezeit":"1\u00a0Minute"},"schema":{"@context":"https:\/\/schema.org","@graph":[{"@type":"WebPage","@id":"https:\/\/marktxxl.de\/markt\/produkt\/bio-flohsamenschalen-1000-g-99-reinheit-indische-laborgepruefte-premiumqualitaet-ballaststoffreich-glutenfrei-vegan-original-golden-peanut\/","url":"https:\/\/marktxxl.de\/markt\/produkt\/bio-flohsamenschalen-1000-g-99-reinheit-indische-laborgepruefte-premiumqualitaet-ballaststoffreich-glutenfrei-vegan-original-golden-peanut\/","name":"GOLDEN PEANUT Flohsamenschalen BIO 1 kg \u2013 99% Reinheit, Indien, ballaststoffreich, glutenfrei, vegan, Naturprodukt - Markt-XXL","isPartOf":{"@id":"https:\/\/marktxxl.de\/markt\/#website"},"primaryImageOfPage":{"@id":"https:\/\/marktxxl.de\/markt\/produkt\/bio-flohsamenschalen-1000-g-99-reinheit-indische-laborgepruefte-premiumqualitaet-ballaststoffreich-glutenfrei-vegan-original-golden-peanut\/#primaryimage"},"image":{"@id":"https:\/\/marktxxl.de\/markt\/produkt\/bio-flohsamenschalen-1000-g-99-reinheit-indische-laborgepruefte-premiumqualitaet-ballaststoffreich-glutenfrei-vegan-original-golden-peanut\/#primaryimage"},"thumbnailUrl":"https:\/\/m.media-amazon.com\/images\/I\/41uw8CevJqL._SL500_.jpg","datePublished":"2022-05-15T09:34:20+00:00","dateModified":"2023-04-11T01:55:18+00:00","description":"Markt-XXL GOLDEN PEANUT Flohsamenschalen BIO 1 kg \u2013 99% Reinheit, Indien, ballaststoffreich, glutenfrei, vegan, Naturprodukt","breadcrumb":{"@id":"https:\/\/marktxxl.de\/markt\/produkt\/bio-flohsamenschalen-1000-g-99-reinheit-indische-laborgepruefte-premiumqualitaet-ballaststoffreich-glutenfrei-vegan-original-golden-peanut\/#breadcrumb"},"inLanguage":"de","potentialAction":[{"@type":"ReadAction","target":["https:\/\/marktxxl.de\/markt\/produkt\/bio-flohsamenschalen-1000-g-99-reinheit-indische-laborgepruefte-premiumqualitaet-ballaststoffreich-glutenfrei-vegan-original-golden-peanut\/"]}]},{"@type":"ImageObject","inLanguage":"de","@id":"https:\/\/marktxxl.de\/markt\/produkt\/bio-flohsamenschalen-1000-g-99-reinheit-indische-laborgepruefte-premiumqualitaet-ballaststoffreich-glutenfrei-vegan-original-golden-peanut\/#primaryimage","url":"https:\/\/m.media-amazon.com\/images\/I\/41uw8CevJqL._SL500_.jpg","contentUrl":"https:\/\/m.media-amazon.com\/images\/I\/41uw8CevJqL._SL500_.jpg","width":500,"height":500},{"@type":"BreadcrumbList","@id":"https:\/\/marktxxl.de\/markt\/produkt\/bio-flohsamenschalen-1000-g-99-reinheit-indische-laborgepruefte-premiumqualitaet-ballaststoffreich-glutenfrei-vegan-original-golden-peanut\/#breadcrumb","itemListElement":[{"@type":"ListItem","position":1,"name":"Startseite","item":"https:\/\/marktxxl.de\/markt\/"},{"@type":"ListItem","position":2,"name":"Markt","item":"https:\/\/marktxxl.de\/markt\/"},{"@type":"ListItem","position":3,"name":"GOLDEN PEANUT Flohsamenschalen BIO 1 kg \u2013 99% Reinheit, Indien, ballaststoffreich, glutenfrei, vegan, Naturprodukt"}]},{"@type":"WebSite","@id":"https:\/\/marktxxl.de\/markt\/#website","url":"https:\/\/marktxxl.de\/markt\/","name":"Markt-XXL","description":"Ihr Markt Online","publisher":{"@id":"https:\/\/marktxxl.de\/markt\/#organization"},"potentialAction":[{"@type":"SearchAction","target":{"@type":"EntryPoint","urlTemplate":"https:\/\/marktxxl.de\/markt\/?s={search_term_string}"},"query-input":{"@type":"PropertyValueSpecification","valueRequired":true,"valueName":"search_term_string"}}],"inLanguage":"de"},{"@type":"Organization","@id":"https:\/\/marktxxl.de\/markt\/#organization","name":"Markt-XXL","url":"https:\/\/marktxxl.de\/markt\/","logo":{"@type":"ImageObject","inLanguage":"de","@id":"https:\/\/marktxxl.de\/markt\/#\/schema\/logo\/image\/","url":"https:\/\/marktxxl.de\/markt\/wp-content\/uploads\/sites\/3\/2020\/12\/logo.png","contentUrl":"https:\/\/marktxxl.de\/markt\/wp-content\/uploads\/sites\/3\/2020\/12\/logo.png","width":200,"height":70,"caption":"Markt-XXL"},"image":{"@id":"https:\/\/marktxxl.de\/markt\/#\/schema\/logo\/image\/"}}]}},"_links":{"self":[{"href":"https:\/\/marktxxl.de\/markt\/wp-json\/wp\/v2\/product\/123992","targetHints":{"allow":["GET"]}}],"collection":[{"href":"https:\/\/marktxxl.de\/markt\/wp-json\/wp\/v2\/product"}],"about":[{"href":"https:\/\/marktxxl.de\/markt\/wp-json\/wp\/v2\/types\/product"}],"replies":[{"embeddable":true,"href":"https:\/\/marktxxl.de\/markt\/wp-json\/wp\/v2\/comments?post=123992"}],"wp:featuredmedia":[{"embeddable":true,"href":"https:\/\/marktxxl.de\/markt\/wp-json\/wp\/v2\/media\/123993"}],"wp:attachment":[{"href":"https:\/\/marktxxl.de\/markt\/wp-json\/wp\/v2\/media?parent=123992"}],"wp:term":[{"taxonomy":"product_brand","embeddable":true,"href":"https:\/\/marktxxl.de\/markt\/wp-json\/wp\/v2\/product_brand?post=123992"},{"taxonomy":"product_cat","embeddable":true,"href":"https:\/\/marktxxl.de\/markt\/wp-json\/wp\/v2\/product_cat?post=123992"},{"taxonomy":"product_tag","embeddable":true,"href":"https:\/\/marktxxl.de\/markt\/wp-json\/wp\/v2\/product_tag?post=123992"}],"curies":[{"name":"wp","href":"https:\/\/api.w.org\/{rel}","templated":true}]}}