{"id":123963,"date":"2022-05-15T11:31:43","date_gmt":"2022-05-15T09:31:43","guid":{"rendered":"https:\/\/marktxxl.de\/markt\/produkt\/edel-kraut-bio-kurkuma-pulver-aus-100-reiner-kurkuma-wurzel-curcuma-pulver-im-premium-glas-fuer-smoothies-goldene-milch-pasten-kurkuma-latte-u-v-m-750g\/"},"modified":"2023-04-11T03:55:18","modified_gmt":"2023-04-11T01:55:18","slug":"edel-kraut-bio-kurkuma-pulver-aus-100-reiner-kurkuma-wurzel-curcuma-pulver-im-premium-glas-fuer-smoothies-goldene-milch-pasten-kurkuma-latte-u-v-m-750g","status":"publish","type":"product","link":"https:\/\/marktxxl.de\/markt\/produkt\/edel-kraut-bio-kurkuma-pulver-aus-100-reiner-kurkuma-wurzel-curcuma-pulver-im-premium-glas-fuer-smoothies-goldene-milch-pasten-kurkuma-latte-u-v-m-750g\/","title":{"rendered":"KURKUMA PULVER BIO | EDEL KRAUT 100% reines BIO Curcuma Pulver im Premium Glas &#8211; f\u00fcr Smoothies, Goldene Milch, Pasten\u2026"},"content":{"rendered":"<p>EDEL KRAUT Direkt Import aus Indien. Dieses Premium Drahtb\u00fcgelglas aus deutscher Manufaktur enth\u00e4lt ein zertifiziertes Bio-Kurkuma-Pulver aus in Indien angebauten Kurkuma-Pflanzen.<br \/>\nUnser Versprechen zum BIO Kurkuma-Pulver in wenigen Worten: 100% Kurkuma-Pulver aus biologisch kontrollierter Kurkuma-Wurzel. Direkt Importiert und fair gehandelt. Nachhaltig im Premium Drahtb\u00fcgelglas verpackt. Keine Zusatzstoffe und frei von Gentechnik.<br \/>\nMit BIO Kurkuma-Pulver von EDEL KRAUT k\u00f6nnen Sie Ihrem Tag etwas W\u00fcrze verleihen. Dieses gelb-orange Kurkuma-Wurzel Pulver ist ein Grundnahrungsmittel der nah\u00f6stlichen und s\u00fcdasiatischen K\u00fcche und hat einen leicht erkennbaren Geschmack. Oft in Currys verwendet, kann das Wurzelgem\u00fcse auch in Suppen und Eint\u00f6pfen verwendet oder \u00fcber R\u00fchrei gestreut werden.<br \/>\nBIO Zertifiziert: Kontrollstelle DE-\u00d6KO-037 &#8212; 100% Natur &#8211; Frei von Gentechnik (GMO free)<br \/>\nEDEL KRAUT VERSPRECHEN: Bei uns erhalten Sie stets fair gehandelte Premium Produkte in nachhaltiger Verpackung ( DRAHTB\u00dcGELGL\u00c4SER aus deutscher Glash\u00fctte oder Papierverbundt\u00fcten OHNE ALUMINIUM ). EDEL KRAUT ist Ihr vertrauensw\u00fcrdiger Importbetrieb f\u00fcr Gew\u00fcrze, Kr\u00e4uter und Superfoods aus Ihrer Region. Alle angebotenen Produkte sind IMMER LAGERND, werden regelm\u00e4\u00dfig und liebevoll in der hauseigenen Manufaktur gefertigt und DIREKT AB WERK VERSENDET.<br \/>\n<div class=\"main-cross-sell\" data-asin=\"B01701O6CO\">\n\n\t<div class=\"WooZone-cross-sell-loader\">\n\t\t<div>\n\t\t\t<div id=\"floatingBarsG\">\n\t\t\t\t<div class=\"blockG\" id=\"rotateG_01\"><\/div>\n\t\t\t\t<div class=\"blockG\" id=\"rotateG_02\"><\/div>\n\t\t\t\t<div class=\"blockG\" id=\"rotateG_03\"><\/div>\n\t\t\t\t<div class=\"blockG\" id=\"rotateG_04\"><\/div>\n\t\t\t\t<div class=\"blockG\" id=\"rotateG_05\"><\/div>\n\t\t\t\t<div class=\"blockG\" id=\"rotateG_06\"><\/div>\n\t\t\t\t<div class=\"blockG\" id=\"rotateG_07\"><\/div>\n\t\t\t\t<div class=\"blockG\" id=\"rotateG_08\"><\/div>\n\t\t\t<\/div>\n\t\t\t<div class=\"WooZone-cross-sell-loader-text\"><\/div>\n\t\t<\/div>\n\t<\/div>\n\n\t\t\n<\/div>\n<div style=\"clear:both;\"><\/div><\/p>\n","protected":false},"excerpt":{"rendered":"<p>EDEL KRAUT Direkt Import aus Indien. Dieses Premium Drahtb\u00fcgelglas aus deutscher Manufaktur enth\u00e4lt ein zertifiziertes Bio-Kurkuma-Pulver aus in Indien angebauten Kurkuma-Pflanzen.<br \/>\nUnser Versprechen zum BIO Kurkuma-Pulver in wenigen Worten: 100% Kurkuma-Pulver aus biologisch kontrollierter Kurkuma-Wurzel. Direkt Importiert und fair gehandelt. Nachhaltig im Premium Drahtb\u00fcgelglas verpackt. Keine Zusatzstoffe und frei von Gentechnik.<br \/>\nMit BIO Kurkuma-Pulver von EDEL KRAUT k\u00f6nnen Sie Ihrem Tag etwas W\u00fcrze verleihen. Dieses gelb-orange Kurkuma-Wurzel Pulver ist ein Grundnahrungsmittel der nah\u00f6stlichen und s\u00fcdasiatischen K\u00fcche und hat einen leicht erkennbaren Geschmack. Oft in Currys verwendet, kann das Wurzelgem\u00fcse auch in Suppen und Eint\u00f6pfen verwendet oder \u00fcber R\u00fchrei gestreut werden.<\/p>\n","protected":false},"featured_media":123964,"comment_status":"open","ping_status":"closed","template":"","meta":[],"product_brand":[],"product_cat":[566,6375],"product_tag":[],"class_list":{"0":"post-123963","1":"product","2":"type-product","3":"status-publish","4":"has-post-thumbnail","6":"product_cat-drogerie-koerperpflege","7":"product_cat-vitamine-mineralien-ergaenzungsmittel","8":"pa_binding-misc","9":"pa_brand-edel-kraut-manufaktur-des-lebens","10":"pa_height-7-0866-zoll","11":"pa_length-3-937-zoll","12":"pa_manufacturer-edel-kraut-gmbh","13":"pa_size-750-g-1er-pack","14":"pa_weight-1-653466965-pfund","15":"pa_width-3-937-zoll","17":"first","18":"instock","19":"shipping-taxable","20":"purchasable","21":"product-type-simple","22":"customify-col","23":"product-has-gallery"},"yoast_head":"<!-- This site is optimized with the Yoast SEO plugin v27.3 - https:\/\/yoast.com\/product\/yoast-seo-wordpress\/ -->\n<title>KURKUMA PULVER BIO | EDEL KRAUT 100% reines BIO Curcuma Pulver im Premium Glas - f\u00fcr Smoothies, Goldene Milch, Pasten\u2026 - Markt-XXL<\/title>\n<meta name=\"description\" content=\"Markt-XXL KURKUMA PULVER BIO | EDEL KRAUT 100% reines BIO Curcuma Pulver im Premium Glas - f\u00fcr Smoothies, Goldene Milch, Pasten\u2026\" \/>\n<meta name=\"robots\" content=\"index, follow, max-snippet:-1, max-image-preview:large, max-video-preview:-1\" \/>\n<link rel=\"canonical\" href=\"https:\/\/marktxxl.de\/markt\/produkt\/edel-kraut-bio-kurkuma-pulver-aus-100-reiner-kurkuma-wurzel-curcuma-pulver-im-premium-glas-fuer-smoothies-goldene-milch-pasten-kurkuma-latte-u-v-m-750g\/\" \/>\n<meta property=\"og:locale\" content=\"de_DE\" \/>\n<meta property=\"og:type\" content=\"article\" \/>\n<meta property=\"og:title\" content=\"KURKUMA PULVER BIO | EDEL KRAUT 100% reines BIO Curcuma Pulver im Premium Glas - f\u00fcr Smoothies, Goldene Milch, Pasten\u2026 - Markt-XXL\" \/>\n<meta property=\"og:description\" content=\"Markt-XXL KURKUMA PULVER BIO | EDEL KRAUT 100% reines BIO Curcuma Pulver im Premium Glas - f\u00fcr Smoothies, Goldene Milch, Pasten\u2026\" \/>\n<meta property=\"og:url\" content=\"https:\/\/marktxxl.de\/markt\/produkt\/edel-kraut-bio-kurkuma-pulver-aus-100-reiner-kurkuma-wurzel-curcuma-pulver-im-premium-glas-fuer-smoothies-goldene-milch-pasten-kurkuma-latte-u-v-m-750g\/\" \/>\n<meta property=\"og:site_name\" content=\"Markt-XXL\" \/>\n<meta property=\"article:modified_time\" content=\"2023-04-11T01:55:18+00:00\" \/>\n<meta property=\"og:image\" content=\"https:\/\/m.media-amazon.com\/images\/I\/51rLa3YCeSL._SL500_.jpg\" \/>\n\t<meta property=\"og:image:width\" content=\"500\" \/>\n\t<meta property=\"og:image:height\" content=\"500\" \/>\n\t<meta property=\"og:image:type\" content=\"image\/jpeg\" \/>\n<meta name=\"twitter:card\" content=\"summary_large_image\" \/>\n<meta name=\"twitter:label1\" content=\"Gesch\u00e4tzte Lesezeit\" \/>\n\t<meta name=\"twitter:data1\" content=\"1\u00a0Minute\" \/>\n<script type=\"application\/ld+json\" class=\"yoast-schema-graph\">{\"@context\":\"https:\\\/\\\/schema.org\",\"@graph\":[{\"@type\":\"WebPage\",\"@id\":\"https:\\\/\\\/marktxxl.de\\\/markt\\\/produkt\\\/edel-kraut-bio-kurkuma-pulver-aus-100-reiner-kurkuma-wurzel-curcuma-pulver-im-premium-glas-fuer-smoothies-goldene-milch-pasten-kurkuma-latte-u-v-m-750g\\\/\",\"url\":\"https:\\\/\\\/marktxxl.de\\\/markt\\\/produkt\\\/edel-kraut-bio-kurkuma-pulver-aus-100-reiner-kurkuma-wurzel-curcuma-pulver-im-premium-glas-fuer-smoothies-goldene-milch-pasten-kurkuma-latte-u-v-m-750g\\\/\",\"name\":\"KURKUMA PULVER BIO | EDEL KRAUT 100% reines BIO Curcuma Pulver im Premium Glas - f\u00fcr Smoothies, Goldene Milch, Pasten\u2026 - Markt-XXL\",\"isPartOf\":{\"@id\":\"https:\\\/\\\/marktxxl.de\\\/markt\\\/#website\"},\"primaryImageOfPage\":{\"@id\":\"https:\\\/\\\/marktxxl.de\\\/markt\\\/produkt\\\/edel-kraut-bio-kurkuma-pulver-aus-100-reiner-kurkuma-wurzel-curcuma-pulver-im-premium-glas-fuer-smoothies-goldene-milch-pasten-kurkuma-latte-u-v-m-750g\\\/#primaryimage\"},\"image\":{\"@id\":\"https:\\\/\\\/marktxxl.de\\\/markt\\\/produkt\\\/edel-kraut-bio-kurkuma-pulver-aus-100-reiner-kurkuma-wurzel-curcuma-pulver-im-premium-glas-fuer-smoothies-goldene-milch-pasten-kurkuma-latte-u-v-m-750g\\\/#primaryimage\"},\"thumbnailUrl\":\"https:\\\/\\\/m.media-amazon.com\\\/images\\\/I\\\/51rLa3YCeSL._SL500_.jpg\",\"datePublished\":\"2022-05-15T09:31:43+00:00\",\"dateModified\":\"2023-04-11T01:55:18+00:00\",\"description\":\"Markt-XXL KURKUMA PULVER BIO | EDEL KRAUT 100% reines BIO Curcuma Pulver im Premium Glas - f\u00fcr Smoothies, Goldene Milch, Pasten\u2026\",\"breadcrumb\":{\"@id\":\"https:\\\/\\\/marktxxl.de\\\/markt\\\/produkt\\\/edel-kraut-bio-kurkuma-pulver-aus-100-reiner-kurkuma-wurzel-curcuma-pulver-im-premium-glas-fuer-smoothies-goldene-milch-pasten-kurkuma-latte-u-v-m-750g\\\/#breadcrumb\"},\"inLanguage\":\"de\",\"potentialAction\":[{\"@type\":\"ReadAction\",\"target\":[\"https:\\\/\\\/marktxxl.de\\\/markt\\\/produkt\\\/edel-kraut-bio-kurkuma-pulver-aus-100-reiner-kurkuma-wurzel-curcuma-pulver-im-premium-glas-fuer-smoothies-goldene-milch-pasten-kurkuma-latte-u-v-m-750g\\\/\"]}]},{\"@type\":\"ImageObject\",\"inLanguage\":\"de\",\"@id\":\"https:\\\/\\\/marktxxl.de\\\/markt\\\/produkt\\\/edel-kraut-bio-kurkuma-pulver-aus-100-reiner-kurkuma-wurzel-curcuma-pulver-im-premium-glas-fuer-smoothies-goldene-milch-pasten-kurkuma-latte-u-v-m-750g\\\/#primaryimage\",\"url\":\"https:\\\/\\\/m.media-amazon.com\\\/images\\\/I\\\/51rLa3YCeSL._SL500_.jpg\",\"contentUrl\":\"https:\\\/\\\/m.media-amazon.com\\\/images\\\/I\\\/51rLa3YCeSL._SL500_.jpg\",\"width\":500,\"height\":500},{\"@type\":\"BreadcrumbList\",\"@id\":\"https:\\\/\\\/marktxxl.de\\\/markt\\\/produkt\\\/edel-kraut-bio-kurkuma-pulver-aus-100-reiner-kurkuma-wurzel-curcuma-pulver-im-premium-glas-fuer-smoothies-goldene-milch-pasten-kurkuma-latte-u-v-m-750g\\\/#breadcrumb\",\"itemListElement\":[{\"@type\":\"ListItem\",\"position\":1,\"name\":\"Startseite\",\"item\":\"https:\\\/\\\/marktxxl.de\\\/markt\\\/\"},{\"@type\":\"ListItem\",\"position\":2,\"name\":\"Markt\",\"item\":\"https:\\\/\\\/marktxxl.de\\\/markt\\\/\"},{\"@type\":\"ListItem\",\"position\":3,\"name\":\"KURKUMA PULVER BIO | EDEL KRAUT 100% reines BIO Curcuma Pulver im Premium Glas &#8211; f\u00fcr Smoothies, Goldene Milch, Pasten\u2026\"}]},{\"@type\":\"WebSite\",\"@id\":\"https:\\\/\\\/marktxxl.de\\\/markt\\\/#website\",\"url\":\"https:\\\/\\\/marktxxl.de\\\/markt\\\/\",\"name\":\"Markt-XXL\",\"description\":\"Ihr Markt Online\",\"publisher\":{\"@id\":\"https:\\\/\\\/marktxxl.de\\\/markt\\\/#organization\"},\"potentialAction\":[{\"@type\":\"SearchAction\",\"target\":{\"@type\":\"EntryPoint\",\"urlTemplate\":\"https:\\\/\\\/marktxxl.de\\\/markt\\\/?s={search_term_string}\"},\"query-input\":{\"@type\":\"PropertyValueSpecification\",\"valueRequired\":true,\"valueName\":\"search_term_string\"}}],\"inLanguage\":\"de\"},{\"@type\":\"Organization\",\"@id\":\"https:\\\/\\\/marktxxl.de\\\/markt\\\/#organization\",\"name\":\"Markt-XXL\",\"url\":\"https:\\\/\\\/marktxxl.de\\\/markt\\\/\",\"logo\":{\"@type\":\"ImageObject\",\"inLanguage\":\"de\",\"@id\":\"https:\\\/\\\/marktxxl.de\\\/markt\\\/#\\\/schema\\\/logo\\\/image\\\/\",\"url\":\"https:\\\/\\\/marktxxl.de\\\/markt\\\/wp-content\\\/uploads\\\/sites\\\/3\\\/2020\\\/12\\\/logo.png\",\"contentUrl\":\"https:\\\/\\\/marktxxl.de\\\/markt\\\/wp-content\\\/uploads\\\/sites\\\/3\\\/2020\\\/12\\\/logo.png\",\"width\":200,\"height\":70,\"caption\":\"Markt-XXL\"},\"image\":{\"@id\":\"https:\\\/\\\/marktxxl.de\\\/markt\\\/#\\\/schema\\\/logo\\\/image\\\/\"}}]}<\/script>\n<!-- \/ Yoast SEO plugin. -->","yoast_head_json":{"title":"KURKUMA PULVER BIO | EDEL KRAUT 100% reines BIO Curcuma Pulver im Premium Glas - f\u00fcr Smoothies, Goldene Milch, Pasten\u2026 - Markt-XXL","description":"Markt-XXL KURKUMA PULVER BIO | EDEL KRAUT 100% reines BIO Curcuma Pulver im Premium Glas - f\u00fcr Smoothies, Goldene Milch, Pasten\u2026","robots":{"index":"index","follow":"follow","max-snippet":"max-snippet:-1","max-image-preview":"max-image-preview:large","max-video-preview":"max-video-preview:-1"},"canonical":"https:\/\/marktxxl.de\/markt\/produkt\/edel-kraut-bio-kurkuma-pulver-aus-100-reiner-kurkuma-wurzel-curcuma-pulver-im-premium-glas-fuer-smoothies-goldene-milch-pasten-kurkuma-latte-u-v-m-750g\/","og_locale":"de_DE","og_type":"article","og_title":"KURKUMA PULVER BIO | EDEL KRAUT 100% reines BIO Curcuma Pulver im Premium Glas - f\u00fcr Smoothies, Goldene Milch, Pasten\u2026 - Markt-XXL","og_description":"Markt-XXL KURKUMA PULVER BIO | EDEL KRAUT 100% reines BIO Curcuma Pulver im Premium Glas - f\u00fcr Smoothies, Goldene Milch, Pasten\u2026","og_url":"https:\/\/marktxxl.de\/markt\/produkt\/edel-kraut-bio-kurkuma-pulver-aus-100-reiner-kurkuma-wurzel-curcuma-pulver-im-premium-glas-fuer-smoothies-goldene-milch-pasten-kurkuma-latte-u-v-m-750g\/","og_site_name":"Markt-XXL","article_modified_time":"2023-04-11T01:55:18+00:00","og_image":[{"width":500,"height":500,"url":"https:\/\/m.media-amazon.com\/images\/I\/51rLa3YCeSL._SL500_.jpg","type":"image\/jpeg"}],"twitter_card":"summary_large_image","twitter_misc":{"Gesch\u00e4tzte Lesezeit":"1\u00a0Minute"},"schema":{"@context":"https:\/\/schema.org","@graph":[{"@type":"WebPage","@id":"https:\/\/marktxxl.de\/markt\/produkt\/edel-kraut-bio-kurkuma-pulver-aus-100-reiner-kurkuma-wurzel-curcuma-pulver-im-premium-glas-fuer-smoothies-goldene-milch-pasten-kurkuma-latte-u-v-m-750g\/","url":"https:\/\/marktxxl.de\/markt\/produkt\/edel-kraut-bio-kurkuma-pulver-aus-100-reiner-kurkuma-wurzel-curcuma-pulver-im-premium-glas-fuer-smoothies-goldene-milch-pasten-kurkuma-latte-u-v-m-750g\/","name":"KURKUMA PULVER BIO | EDEL KRAUT 100% reines BIO Curcuma Pulver im Premium Glas - f\u00fcr Smoothies, Goldene Milch, Pasten\u2026 - Markt-XXL","isPartOf":{"@id":"https:\/\/marktxxl.de\/markt\/#website"},"primaryImageOfPage":{"@id":"https:\/\/marktxxl.de\/markt\/produkt\/edel-kraut-bio-kurkuma-pulver-aus-100-reiner-kurkuma-wurzel-curcuma-pulver-im-premium-glas-fuer-smoothies-goldene-milch-pasten-kurkuma-latte-u-v-m-750g\/#primaryimage"},"image":{"@id":"https:\/\/marktxxl.de\/markt\/produkt\/edel-kraut-bio-kurkuma-pulver-aus-100-reiner-kurkuma-wurzel-curcuma-pulver-im-premium-glas-fuer-smoothies-goldene-milch-pasten-kurkuma-latte-u-v-m-750g\/#primaryimage"},"thumbnailUrl":"https:\/\/m.media-amazon.com\/images\/I\/51rLa3YCeSL._SL500_.jpg","datePublished":"2022-05-15T09:31:43+00:00","dateModified":"2023-04-11T01:55:18+00:00","description":"Markt-XXL KURKUMA PULVER BIO | EDEL KRAUT 100% reines BIO Curcuma Pulver im Premium Glas - f\u00fcr Smoothies, Goldene Milch, Pasten\u2026","breadcrumb":{"@id":"https:\/\/marktxxl.de\/markt\/produkt\/edel-kraut-bio-kurkuma-pulver-aus-100-reiner-kurkuma-wurzel-curcuma-pulver-im-premium-glas-fuer-smoothies-goldene-milch-pasten-kurkuma-latte-u-v-m-750g\/#breadcrumb"},"inLanguage":"de","potentialAction":[{"@type":"ReadAction","target":["https:\/\/marktxxl.de\/markt\/produkt\/edel-kraut-bio-kurkuma-pulver-aus-100-reiner-kurkuma-wurzel-curcuma-pulver-im-premium-glas-fuer-smoothies-goldene-milch-pasten-kurkuma-latte-u-v-m-750g\/"]}]},{"@type":"ImageObject","inLanguage":"de","@id":"https:\/\/marktxxl.de\/markt\/produkt\/edel-kraut-bio-kurkuma-pulver-aus-100-reiner-kurkuma-wurzel-curcuma-pulver-im-premium-glas-fuer-smoothies-goldene-milch-pasten-kurkuma-latte-u-v-m-750g\/#primaryimage","url":"https:\/\/m.media-amazon.com\/images\/I\/51rLa3YCeSL._SL500_.jpg","contentUrl":"https:\/\/m.media-amazon.com\/images\/I\/51rLa3YCeSL._SL500_.jpg","width":500,"height":500},{"@type":"BreadcrumbList","@id":"https:\/\/marktxxl.de\/markt\/produkt\/edel-kraut-bio-kurkuma-pulver-aus-100-reiner-kurkuma-wurzel-curcuma-pulver-im-premium-glas-fuer-smoothies-goldene-milch-pasten-kurkuma-latte-u-v-m-750g\/#breadcrumb","itemListElement":[{"@type":"ListItem","position":1,"name":"Startseite","item":"https:\/\/marktxxl.de\/markt\/"},{"@type":"ListItem","position":2,"name":"Markt","item":"https:\/\/marktxxl.de\/markt\/"},{"@type":"ListItem","position":3,"name":"KURKUMA PULVER BIO | EDEL KRAUT 100% reines BIO Curcuma Pulver im Premium Glas &#8211; f\u00fcr Smoothies, Goldene Milch, Pasten\u2026"}]},{"@type":"WebSite","@id":"https:\/\/marktxxl.de\/markt\/#website","url":"https:\/\/marktxxl.de\/markt\/","name":"Markt-XXL","description":"Ihr Markt Online","publisher":{"@id":"https:\/\/marktxxl.de\/markt\/#organization"},"potentialAction":[{"@type":"SearchAction","target":{"@type":"EntryPoint","urlTemplate":"https:\/\/marktxxl.de\/markt\/?s={search_term_string}"},"query-input":{"@type":"PropertyValueSpecification","valueRequired":true,"valueName":"search_term_string"}}],"inLanguage":"de"},{"@type":"Organization","@id":"https:\/\/marktxxl.de\/markt\/#organization","name":"Markt-XXL","url":"https:\/\/marktxxl.de\/markt\/","logo":{"@type":"ImageObject","inLanguage":"de","@id":"https:\/\/marktxxl.de\/markt\/#\/schema\/logo\/image\/","url":"https:\/\/marktxxl.de\/markt\/wp-content\/uploads\/sites\/3\/2020\/12\/logo.png","contentUrl":"https:\/\/marktxxl.de\/markt\/wp-content\/uploads\/sites\/3\/2020\/12\/logo.png","width":200,"height":70,"caption":"Markt-XXL"},"image":{"@id":"https:\/\/marktxxl.de\/markt\/#\/schema\/logo\/image\/"}}]}},"_links":{"self":[{"href":"https:\/\/marktxxl.de\/markt\/wp-json\/wp\/v2\/product\/123963","targetHints":{"allow":["GET"]}}],"collection":[{"href":"https:\/\/marktxxl.de\/markt\/wp-json\/wp\/v2\/product"}],"about":[{"href":"https:\/\/marktxxl.de\/markt\/wp-json\/wp\/v2\/types\/product"}],"replies":[{"embeddable":true,"href":"https:\/\/marktxxl.de\/markt\/wp-json\/wp\/v2\/comments?post=123963"}],"wp:featuredmedia":[{"embeddable":true,"href":"https:\/\/marktxxl.de\/markt\/wp-json\/wp\/v2\/media\/123964"}],"wp:attachment":[{"href":"https:\/\/marktxxl.de\/markt\/wp-json\/wp\/v2\/media?parent=123963"}],"wp:term":[{"taxonomy":"product_brand","embeddable":true,"href":"https:\/\/marktxxl.de\/markt\/wp-json\/wp\/v2\/product_brand?post=123963"},{"taxonomy":"product_cat","embeddable":true,"href":"https:\/\/marktxxl.de\/markt\/wp-json\/wp\/v2\/product_cat?post=123963"},{"taxonomy":"product_tag","embeddable":true,"href":"https:\/\/marktxxl.de\/markt\/wp-json\/wp\/v2\/product_tag?post=123963"}],"curies":[{"name":"wp","href":"https:\/\/api.w.org\/{rel}","templated":true}]}}