{"id":123866,"date":"2022-05-15T11:29:06","date_gmt":"2022-05-15T09:29:06","guid":{"rendered":"https:\/\/marktxxl.de\/markt\/produkt\/bio-nachtkerzenoel-borretschoel-kapseln-vegavero-hoher-anteil-an-omega-6-fettsaeure-gla-gamma-linolensaeure-evening-primrose-oil-borage-seed-oil-100-bio-vegan-90-kapseln\/"},"modified":"2023-04-11T03:55:17","modified_gmt":"2023-04-11T01:55:17","slug":"bio-nachtkerzenoel-borretschoel-kapseln-vegavero-hoher-anteil-an-omega-6-fettsaeure-gla-gamma-linolensaeure-evening-primrose-oil-borage-seed-oil-100-bio-vegan-90-kapseln","status":"publish","type":"product","link":"https:\/\/marktxxl.de\/markt\/produkt\/bio-nachtkerzenoel-borretschoel-kapseln-vegavero-hoher-anteil-an-omega-6-fettsaeure-gla-gamma-linolensaeure-evening-primrose-oil-borage-seed-oil-100-bio-vegan-90-kapseln\/","title":{"rendered":"BIO Nachtkerzen\u00f6l Kapseln | mit BIO Borretsch\u00f6l kaltgepresst | PREMIUM: Bio-Rohstoffe | KEINE Gelatine | 13,5% GLA\u2026"},"content":{"rendered":"<p>\ud83c\udfaf VEGAN &amp; BIO QUALIT\u00c4T: Unsere veganen Nachtkerzen\u00f6l Kapseln enthalten hochwertiges, kaltgepresstes Nachtkerzensamen\u00f6l und Borretschsamen\u00f6l aus kontrolliert biologischem Anbau. Nachtkerze (Evening Primrose) und Borretsch finden traditionell Anwendung in vielen Bereichen.<br \/>\n\u2b50 NAT\u00dcRLICHE QUELLE VON GLA: Die Kombination von Nachtkerzen\u00f6l und Borretsch\u00f6l bietet einen hohen Anteil an GLA (Gamma-Linolens\u00e4ure). GLA ist eine Omega-6-Fetts\u00e4ure, die als essentiell gilt, weil der K\u00f6rper sie nicht selbst herstellen kann. Sie spielt eine fundamentale Rolle bei mehreren lebenswichtigen Funktionen. Unser Nachtkerzen\u00f6l ist auf 10,5% GLA standardisiert und unser Borretsch\u00f6l enth\u00e4lt 20,5% GLA.<br \/>\n\ud83d\udccd KEINE GELATINE: Softgelkapseln enthalten typischerweise Gelatine, die aus tierischen Abf\u00e4llen gewonnen wird, und neigen dazu, leicht auszulaufen. Wir verwenden vegane GreenCaps, die frei von Gelatine, chemischen F\u00fcllstoffen und Trennmitteln sind. Diese innovativen Kapseln sind sehr stabil und auslaufsicher und sorgen so f\u00fcr ein sicheres und sauberes Produkt. Inhalt pro Dose: 90 Kapseln. Empfohlene Verzehrmenge: 1 Kapsel pro Tag. Wir empfehlen, die Dose im K\u00fchlschrank aufzubewahren.<br \/>\n\ud83c\udf3f VEGAVERO VEGAN OILS: Vegan Oils \u2013 das sind hochwertige, pflanzliche \u00d6le in rein veganen Kapseln. Bestimmte in \u00d6l eingebettete Wirkstoffe sind deutlich bioverf\u00fcgbarer und werden besser vom K\u00f6rper aufgenommen als die pulverf\u00f6rmige Variante. Um die hohe Qualit\u00e4t unserer \u00d6le zu gew\u00e4hrleisten, verwenden wir keine \u00fcblichen Softgelkapseln, sondern \u00e4u\u00dferst stabile, vegane GreenCaps. Vegavero Vegan Oils \u2013 nat\u00fcrliche \u00d6le in veganen Kapseln, ganz ohne Gelatine.<br \/>\n\ud83d\udc93 IMMER F\u00dcR SIE DA: Wir m\u00f6chten Sie begeistern \u2013 deswegen entwickeln wir innovative Produkte, basierend auf den Bed\u00fcrfnissen unserer Kunden. Wir achten darauf, die Zutaten sorgf\u00e4ltig zu kombinieren und zu dosieren, damit die Inhaltsstoffe ihre Wirkung optimal entfalten. Gerne beraten und unterst\u00fctzen wir Sie bei Ihren Zielen. Sollten Sie einmal mit unserem Produkt nicht zufrieden sein, kontaktieren Sie uns bitte.<br \/>\n<div class=\"main-cross-sell\" data-asin=\"B08VWF8Y96\">\n\n\t<div class=\"WooZone-cross-sell-loader\">\n\t\t<div>\n\t\t\t<div id=\"floatingBarsG\">\n\t\t\t\t<div class=\"blockG\" id=\"rotateG_01\"><\/div>\n\t\t\t\t<div class=\"blockG\" id=\"rotateG_02\"><\/div>\n\t\t\t\t<div class=\"blockG\" id=\"rotateG_03\"><\/div>\n\t\t\t\t<div class=\"blockG\" id=\"rotateG_04\"><\/div>\n\t\t\t\t<div class=\"blockG\" id=\"rotateG_05\"><\/div>\n\t\t\t\t<div class=\"blockG\" id=\"rotateG_06\"><\/div>\n\t\t\t\t<div class=\"blockG\" id=\"rotateG_07\"><\/div>\n\t\t\t\t<div class=\"blockG\" id=\"rotateG_08\"><\/div>\n\t\t\t<\/div>\n\t\t\t<div class=\"WooZone-cross-sell-loader-text\"><\/div>\n\t\t<\/div>\n\t<\/div>\n\n\t\t\n<\/div>\n<div style=\"clear:both;\"><\/div><\/p>\n","protected":false},"excerpt":{"rendered":"<p>\ud83c\udfaf VEGAN &amp; BIO QUALIT\u00c4T: Unsere veganen Nachtkerzen\u00f6l Kapseln enthalten hochwertiges, kaltgepresstes Nachtkerzensamen\u00f6l und Borretschsamen\u00f6l aus kontrolliert biologischem Anbau. Nachtkerze (Evening Primrose) und Borretsch finden traditionell Anwendung in vielen Bereichen.<br \/>\n\u2b50 NAT\u00dcRLICHE QUELLE VON GLA: Die Kombination von Nachtkerzen\u00f6l und Borretsch\u00f6l bietet einen hohen Anteil an GLA (Gamma-Linolens\u00e4ure). GLA ist eine Omega-6-Fetts\u00e4ure, die als essentiell gilt, weil der K\u00f6rper sie nicht selbst herstellen kann. Sie spielt eine fundamentale Rolle bei mehreren lebenswichtigen Funktionen. Unser Nachtkerzen\u00f6l ist auf 10,5% GLA standardisiert und unser Borretsch\u00f6l enth\u00e4lt 20,5% GLA.<br \/>\n\ud83d\udccd KEINE GELATINE: Softgelkapseln enthalten typischerweise Gelatine, die aus tierischen Abf\u00e4llen gewonnen wird, und neigen dazu, leicht auszulaufen. Wir verwenden vegane GreenCaps, die frei von Gelatine, chemischen F\u00fcllstoffen und Trennmitteln sind. Diese innovativen Kapseln sind sehr stabil und auslaufsicher und sorgen so f\u00fcr ein sicheres und sauberes Produkt. Inhalt pro Dose: 90 Kapseln. Empfohlene Verzehrmenge: 1 Kapsel pro Tag. Wir empfehlen, die Dose im K\u00fchlschrank aufzubewahren.<\/p>\n","protected":false},"featured_media":123867,"comment_status":"open","ping_status":"closed","template":"","meta":[],"product_brand":[],"product_cat":[566,6375],"product_tag":[],"class_list":{"0":"post-123866","1":"product","2":"type-product","3":"status-publish","4":"has-post-thumbnail","6":"product_cat-drogerie-koerperpflege","7":"product_cat-vitamine-mineralien-ergaenzungsmittel","8":"pa_binding-unbekannter-einband","9":"pa_brand-vegavero","10":"pa_height-4-724409444-zoll","11":"pa_languages-unbekannt-spanisch-unbekannt-deutsch-unbekannt-franzoesisch-unbekannt-italienisch-unbekannt-englisch","12":"pa_length-2-362204722-zoll","13":"pa_manufacturer-vanatari-international-gmbh","14":"pa_model-vv-vita-227","15":"pa_size-90-stueck-1er-pack","16":"pa_weight-0-1653466965-pfund","17":"pa_width-2-362204722-zoll","19":"first","20":"instock","21":"shipping-taxable","22":"purchasable","23":"product-type-simple","24":"customify-col","25":"product-has-gallery"},"yoast_head":"<!-- This site is optimized with the Yoast SEO plugin v27.4 - https:\/\/yoast.com\/product\/yoast-seo-wordpress\/ -->\n<title>BIO Nachtkerzen\u00f6l Kapseln | mit BIO Borretsch\u00f6l kaltgepresst | PREMIUM: Bio-Rohstoffe | KEINE Gelatine | 13,5% GLA\u2026 - Markt-XXL<\/title>\n<meta name=\"description\" content=\"Markt-XXL BIO Nachtkerzen\u00f6l Kapseln | mit BIO Borretsch\u00f6l kaltgepresst | PREMIUM: Bio-Rohstoffe | KEINE Gelatine | 13,5% GLA\u2026\" \/>\n<meta name=\"robots\" content=\"index, follow, max-snippet:-1, max-image-preview:large, max-video-preview:-1\" \/>\n<link rel=\"canonical\" href=\"https:\/\/marktxxl.de\/markt\/produkt\/bio-nachtkerzenoel-borretschoel-kapseln-vegavero-hoher-anteil-an-omega-6-fettsaeure-gla-gamma-linolensaeure-evening-primrose-oil-borage-seed-oil-100-bio-vegan-90-kapseln\/\" \/>\n<meta property=\"og:locale\" content=\"de_DE\" \/>\n<meta property=\"og:type\" content=\"article\" \/>\n<meta property=\"og:title\" content=\"BIO Nachtkerzen\u00f6l Kapseln | mit BIO Borretsch\u00f6l kaltgepresst | PREMIUM: Bio-Rohstoffe | KEINE Gelatine | 13,5% GLA\u2026 - Markt-XXL\" \/>\n<meta property=\"og:description\" content=\"Markt-XXL BIO Nachtkerzen\u00f6l Kapseln | mit BIO Borretsch\u00f6l kaltgepresst | PREMIUM: Bio-Rohstoffe | KEINE Gelatine | 13,5% GLA\u2026\" \/>\n<meta property=\"og:url\" content=\"https:\/\/marktxxl.de\/markt\/produkt\/bio-nachtkerzenoel-borretschoel-kapseln-vegavero-hoher-anteil-an-omega-6-fettsaeure-gla-gamma-linolensaeure-evening-primrose-oil-borage-seed-oil-100-bio-vegan-90-kapseln\/\" \/>\n<meta property=\"og:site_name\" content=\"Markt-XXL\" \/>\n<meta property=\"article:modified_time\" content=\"2023-04-11T01:55:17+00:00\" \/>\n<meta property=\"og:image\" content=\"https:\/\/m.media-amazon.com\/images\/I\/41gIcu+GlJL._SL500_.jpg\" \/>\n\t<meta property=\"og:image:width\" content=\"500\" \/>\n\t<meta property=\"og:image:height\" content=\"500\" \/>\n\t<meta property=\"og:image:type\" content=\"image\/jpeg\" \/>\n<meta name=\"twitter:card\" content=\"summary_large_image\" \/>\n<meta name=\"twitter:label1\" content=\"Gesch\u00e4tzte Lesezeit\" \/>\n\t<meta name=\"twitter:data1\" content=\"2\u00a0Minuten\" \/>\n<script type=\"application\/ld+json\" class=\"yoast-schema-graph\">{\"@context\":\"https:\\\/\\\/schema.org\",\"@graph\":[{\"@type\":\"WebPage\",\"@id\":\"https:\\\/\\\/marktxxl.de\\\/markt\\\/produkt\\\/bio-nachtkerzenoel-borretschoel-kapseln-vegavero-hoher-anteil-an-omega-6-fettsaeure-gla-gamma-linolensaeure-evening-primrose-oil-borage-seed-oil-100-bio-vegan-90-kapseln\\\/\",\"url\":\"https:\\\/\\\/marktxxl.de\\\/markt\\\/produkt\\\/bio-nachtkerzenoel-borretschoel-kapseln-vegavero-hoher-anteil-an-omega-6-fettsaeure-gla-gamma-linolensaeure-evening-primrose-oil-borage-seed-oil-100-bio-vegan-90-kapseln\\\/\",\"name\":\"BIO Nachtkerzen\u00f6l Kapseln | mit BIO Borretsch\u00f6l kaltgepresst | PREMIUM: Bio-Rohstoffe | KEINE Gelatine | 13,5% GLA\u2026 - Markt-XXL\",\"isPartOf\":{\"@id\":\"https:\\\/\\\/marktxxl.de\\\/markt\\\/#website\"},\"primaryImageOfPage\":{\"@id\":\"https:\\\/\\\/marktxxl.de\\\/markt\\\/produkt\\\/bio-nachtkerzenoel-borretschoel-kapseln-vegavero-hoher-anteil-an-omega-6-fettsaeure-gla-gamma-linolensaeure-evening-primrose-oil-borage-seed-oil-100-bio-vegan-90-kapseln\\\/#primaryimage\"},\"image\":{\"@id\":\"https:\\\/\\\/marktxxl.de\\\/markt\\\/produkt\\\/bio-nachtkerzenoel-borretschoel-kapseln-vegavero-hoher-anteil-an-omega-6-fettsaeure-gla-gamma-linolensaeure-evening-primrose-oil-borage-seed-oil-100-bio-vegan-90-kapseln\\\/#primaryimage\"},\"thumbnailUrl\":\"https:\\\/\\\/m.media-amazon.com\\\/images\\\/I\\\/41gIcu+GlJL._SL500_.jpg\",\"datePublished\":\"2022-05-15T09:29:06+00:00\",\"dateModified\":\"2023-04-11T01:55:17+00:00\",\"description\":\"Markt-XXL BIO Nachtkerzen\u00f6l Kapseln | mit BIO Borretsch\u00f6l kaltgepresst | PREMIUM: Bio-Rohstoffe | KEINE Gelatine | 13,5% GLA\u2026\",\"breadcrumb\":{\"@id\":\"https:\\\/\\\/marktxxl.de\\\/markt\\\/produkt\\\/bio-nachtkerzenoel-borretschoel-kapseln-vegavero-hoher-anteil-an-omega-6-fettsaeure-gla-gamma-linolensaeure-evening-primrose-oil-borage-seed-oil-100-bio-vegan-90-kapseln\\\/#breadcrumb\"},\"inLanguage\":\"de\",\"potentialAction\":[{\"@type\":\"ReadAction\",\"target\":[\"https:\\\/\\\/marktxxl.de\\\/markt\\\/produkt\\\/bio-nachtkerzenoel-borretschoel-kapseln-vegavero-hoher-anteil-an-omega-6-fettsaeure-gla-gamma-linolensaeure-evening-primrose-oil-borage-seed-oil-100-bio-vegan-90-kapseln\\\/\"]}]},{\"@type\":\"ImageObject\",\"inLanguage\":\"de\",\"@id\":\"https:\\\/\\\/marktxxl.de\\\/markt\\\/produkt\\\/bio-nachtkerzenoel-borretschoel-kapseln-vegavero-hoher-anteil-an-omega-6-fettsaeure-gla-gamma-linolensaeure-evening-primrose-oil-borage-seed-oil-100-bio-vegan-90-kapseln\\\/#primaryimage\",\"url\":\"https:\\\/\\\/m.media-amazon.com\\\/images\\\/I\\\/41gIcu+GlJL._SL500_.jpg\",\"contentUrl\":\"https:\\\/\\\/m.media-amazon.com\\\/images\\\/I\\\/41gIcu+GlJL._SL500_.jpg\",\"width\":500,\"height\":500},{\"@type\":\"BreadcrumbList\",\"@id\":\"https:\\\/\\\/marktxxl.de\\\/markt\\\/produkt\\\/bio-nachtkerzenoel-borretschoel-kapseln-vegavero-hoher-anteil-an-omega-6-fettsaeure-gla-gamma-linolensaeure-evening-primrose-oil-borage-seed-oil-100-bio-vegan-90-kapseln\\\/#breadcrumb\",\"itemListElement\":[{\"@type\":\"ListItem\",\"position\":1,\"name\":\"Startseite\",\"item\":\"https:\\\/\\\/marktxxl.de\\\/markt\\\/\"},{\"@type\":\"ListItem\",\"position\":2,\"name\":\"Markt\",\"item\":\"https:\\\/\\\/marktxxl.de\\\/markt\\\/\"},{\"@type\":\"ListItem\",\"position\":3,\"name\":\"BIO Nachtkerzen\u00f6l Kapseln | mit BIO Borretsch\u00f6l kaltgepresst | PREMIUM: Bio-Rohstoffe | KEINE Gelatine | 13,5% GLA\u2026\"}]},{\"@type\":\"WebSite\",\"@id\":\"https:\\\/\\\/marktxxl.de\\\/markt\\\/#website\",\"url\":\"https:\\\/\\\/marktxxl.de\\\/markt\\\/\",\"name\":\"Markt-XXL\",\"description\":\"Ihr Markt Online\",\"publisher\":{\"@id\":\"https:\\\/\\\/marktxxl.de\\\/markt\\\/#organization\"},\"potentialAction\":[{\"@type\":\"SearchAction\",\"target\":{\"@type\":\"EntryPoint\",\"urlTemplate\":\"https:\\\/\\\/marktxxl.de\\\/markt\\\/?s={search_term_string}\"},\"query-input\":{\"@type\":\"PropertyValueSpecification\",\"valueRequired\":true,\"valueName\":\"search_term_string\"}}],\"inLanguage\":\"de\"},{\"@type\":\"Organization\",\"@id\":\"https:\\\/\\\/marktxxl.de\\\/markt\\\/#organization\",\"name\":\"Markt-XXL\",\"url\":\"https:\\\/\\\/marktxxl.de\\\/markt\\\/\",\"logo\":{\"@type\":\"ImageObject\",\"inLanguage\":\"de\",\"@id\":\"https:\\\/\\\/marktxxl.de\\\/markt\\\/#\\\/schema\\\/logo\\\/image\\\/\",\"url\":\"https:\\\/\\\/marktxxl.de\\\/markt\\\/wp-content\\\/uploads\\\/sites\\\/3\\\/2020\\\/12\\\/logo.png\",\"contentUrl\":\"https:\\\/\\\/marktxxl.de\\\/markt\\\/wp-content\\\/uploads\\\/sites\\\/3\\\/2020\\\/12\\\/logo.png\",\"width\":200,\"height\":70,\"caption\":\"Markt-XXL\"},\"image\":{\"@id\":\"https:\\\/\\\/marktxxl.de\\\/markt\\\/#\\\/schema\\\/logo\\\/image\\\/\"}}]}<\/script>\n<!-- \/ Yoast SEO plugin. -->","yoast_head_json":{"title":"BIO Nachtkerzen\u00f6l Kapseln | mit BIO Borretsch\u00f6l kaltgepresst | PREMIUM: Bio-Rohstoffe | KEINE Gelatine | 13,5% GLA\u2026 - Markt-XXL","description":"Markt-XXL BIO Nachtkerzen\u00f6l Kapseln | mit BIO Borretsch\u00f6l kaltgepresst | PREMIUM: Bio-Rohstoffe | KEINE Gelatine | 13,5% GLA\u2026","robots":{"index":"index","follow":"follow","max-snippet":"max-snippet:-1","max-image-preview":"max-image-preview:large","max-video-preview":"max-video-preview:-1"},"canonical":"https:\/\/marktxxl.de\/markt\/produkt\/bio-nachtkerzenoel-borretschoel-kapseln-vegavero-hoher-anteil-an-omega-6-fettsaeure-gla-gamma-linolensaeure-evening-primrose-oil-borage-seed-oil-100-bio-vegan-90-kapseln\/","og_locale":"de_DE","og_type":"article","og_title":"BIO Nachtkerzen\u00f6l Kapseln | mit BIO Borretsch\u00f6l kaltgepresst | PREMIUM: Bio-Rohstoffe | KEINE Gelatine | 13,5% GLA\u2026 - Markt-XXL","og_description":"Markt-XXL BIO Nachtkerzen\u00f6l Kapseln | mit BIO Borretsch\u00f6l kaltgepresst | PREMIUM: Bio-Rohstoffe | KEINE Gelatine | 13,5% GLA\u2026","og_url":"https:\/\/marktxxl.de\/markt\/produkt\/bio-nachtkerzenoel-borretschoel-kapseln-vegavero-hoher-anteil-an-omega-6-fettsaeure-gla-gamma-linolensaeure-evening-primrose-oil-borage-seed-oil-100-bio-vegan-90-kapseln\/","og_site_name":"Markt-XXL","article_modified_time":"2023-04-11T01:55:17+00:00","og_image":[{"width":500,"height":500,"url":"https:\/\/m.media-amazon.com\/images\/I\/41gIcu+GlJL._SL500_.jpg","type":"image\/jpeg"}],"twitter_card":"summary_large_image","twitter_misc":{"Gesch\u00e4tzte Lesezeit":"2\u00a0Minuten"},"schema":{"@context":"https:\/\/schema.org","@graph":[{"@type":"WebPage","@id":"https:\/\/marktxxl.de\/markt\/produkt\/bio-nachtkerzenoel-borretschoel-kapseln-vegavero-hoher-anteil-an-omega-6-fettsaeure-gla-gamma-linolensaeure-evening-primrose-oil-borage-seed-oil-100-bio-vegan-90-kapseln\/","url":"https:\/\/marktxxl.de\/markt\/produkt\/bio-nachtkerzenoel-borretschoel-kapseln-vegavero-hoher-anteil-an-omega-6-fettsaeure-gla-gamma-linolensaeure-evening-primrose-oil-borage-seed-oil-100-bio-vegan-90-kapseln\/","name":"BIO Nachtkerzen\u00f6l Kapseln | mit BIO Borretsch\u00f6l kaltgepresst | PREMIUM: Bio-Rohstoffe | KEINE Gelatine | 13,5% GLA\u2026 - Markt-XXL","isPartOf":{"@id":"https:\/\/marktxxl.de\/markt\/#website"},"primaryImageOfPage":{"@id":"https:\/\/marktxxl.de\/markt\/produkt\/bio-nachtkerzenoel-borretschoel-kapseln-vegavero-hoher-anteil-an-omega-6-fettsaeure-gla-gamma-linolensaeure-evening-primrose-oil-borage-seed-oil-100-bio-vegan-90-kapseln\/#primaryimage"},"image":{"@id":"https:\/\/marktxxl.de\/markt\/produkt\/bio-nachtkerzenoel-borretschoel-kapseln-vegavero-hoher-anteil-an-omega-6-fettsaeure-gla-gamma-linolensaeure-evening-primrose-oil-borage-seed-oil-100-bio-vegan-90-kapseln\/#primaryimage"},"thumbnailUrl":"https:\/\/m.media-amazon.com\/images\/I\/41gIcu+GlJL._SL500_.jpg","datePublished":"2022-05-15T09:29:06+00:00","dateModified":"2023-04-11T01:55:17+00:00","description":"Markt-XXL BIO Nachtkerzen\u00f6l Kapseln | mit BIO Borretsch\u00f6l kaltgepresst | PREMIUM: Bio-Rohstoffe | KEINE Gelatine | 13,5% GLA\u2026","breadcrumb":{"@id":"https:\/\/marktxxl.de\/markt\/produkt\/bio-nachtkerzenoel-borretschoel-kapseln-vegavero-hoher-anteil-an-omega-6-fettsaeure-gla-gamma-linolensaeure-evening-primrose-oil-borage-seed-oil-100-bio-vegan-90-kapseln\/#breadcrumb"},"inLanguage":"de","potentialAction":[{"@type":"ReadAction","target":["https:\/\/marktxxl.de\/markt\/produkt\/bio-nachtkerzenoel-borretschoel-kapseln-vegavero-hoher-anteil-an-omega-6-fettsaeure-gla-gamma-linolensaeure-evening-primrose-oil-borage-seed-oil-100-bio-vegan-90-kapseln\/"]}]},{"@type":"ImageObject","inLanguage":"de","@id":"https:\/\/marktxxl.de\/markt\/produkt\/bio-nachtkerzenoel-borretschoel-kapseln-vegavero-hoher-anteil-an-omega-6-fettsaeure-gla-gamma-linolensaeure-evening-primrose-oil-borage-seed-oil-100-bio-vegan-90-kapseln\/#primaryimage","url":"https:\/\/m.media-amazon.com\/images\/I\/41gIcu+GlJL._SL500_.jpg","contentUrl":"https:\/\/m.media-amazon.com\/images\/I\/41gIcu+GlJL._SL500_.jpg","width":500,"height":500},{"@type":"BreadcrumbList","@id":"https:\/\/marktxxl.de\/markt\/produkt\/bio-nachtkerzenoel-borretschoel-kapseln-vegavero-hoher-anteil-an-omega-6-fettsaeure-gla-gamma-linolensaeure-evening-primrose-oil-borage-seed-oil-100-bio-vegan-90-kapseln\/#breadcrumb","itemListElement":[{"@type":"ListItem","position":1,"name":"Startseite","item":"https:\/\/marktxxl.de\/markt\/"},{"@type":"ListItem","position":2,"name":"Markt","item":"https:\/\/marktxxl.de\/markt\/"},{"@type":"ListItem","position":3,"name":"BIO Nachtkerzen\u00f6l Kapseln | mit BIO Borretsch\u00f6l kaltgepresst | PREMIUM: Bio-Rohstoffe | KEINE Gelatine | 13,5% GLA\u2026"}]},{"@type":"WebSite","@id":"https:\/\/marktxxl.de\/markt\/#website","url":"https:\/\/marktxxl.de\/markt\/","name":"Markt-XXL","description":"Ihr Markt Online","publisher":{"@id":"https:\/\/marktxxl.de\/markt\/#organization"},"potentialAction":[{"@type":"SearchAction","target":{"@type":"EntryPoint","urlTemplate":"https:\/\/marktxxl.de\/markt\/?s={search_term_string}"},"query-input":{"@type":"PropertyValueSpecification","valueRequired":true,"valueName":"search_term_string"}}],"inLanguage":"de"},{"@type":"Organization","@id":"https:\/\/marktxxl.de\/markt\/#organization","name":"Markt-XXL","url":"https:\/\/marktxxl.de\/markt\/","logo":{"@type":"ImageObject","inLanguage":"de","@id":"https:\/\/marktxxl.de\/markt\/#\/schema\/logo\/image\/","url":"https:\/\/marktxxl.de\/markt\/wp-content\/uploads\/sites\/3\/2020\/12\/logo.png","contentUrl":"https:\/\/marktxxl.de\/markt\/wp-content\/uploads\/sites\/3\/2020\/12\/logo.png","width":200,"height":70,"caption":"Markt-XXL"},"image":{"@id":"https:\/\/marktxxl.de\/markt\/#\/schema\/logo\/image\/"}}]}},"_links":{"self":[{"href":"https:\/\/marktxxl.de\/markt\/wp-json\/wp\/v2\/product\/123866","targetHints":{"allow":["GET"]}}],"collection":[{"href":"https:\/\/marktxxl.de\/markt\/wp-json\/wp\/v2\/product"}],"about":[{"href":"https:\/\/marktxxl.de\/markt\/wp-json\/wp\/v2\/types\/product"}],"replies":[{"embeddable":true,"href":"https:\/\/marktxxl.de\/markt\/wp-json\/wp\/v2\/comments?post=123866"}],"wp:featuredmedia":[{"embeddable":true,"href":"https:\/\/marktxxl.de\/markt\/wp-json\/wp\/v2\/media\/123867"}],"wp:attachment":[{"href":"https:\/\/marktxxl.de\/markt\/wp-json\/wp\/v2\/media?parent=123866"}],"wp:term":[{"taxonomy":"product_brand","embeddable":true,"href":"https:\/\/marktxxl.de\/markt\/wp-json\/wp\/v2\/product_brand?post=123866"},{"taxonomy":"product_cat","embeddable":true,"href":"https:\/\/marktxxl.de\/markt\/wp-json\/wp\/v2\/product_cat?post=123866"},{"taxonomy":"product_tag","embeddable":true,"href":"https:\/\/marktxxl.de\/markt\/wp-json\/wp\/v2\/product_tag?post=123866"}],"curies":[{"name":"wp","href":"https:\/\/api.w.org\/{rel}","templated":true}]}}