{"id":123679,"date":"2022-05-15T11:19:58","date_gmt":"2022-05-15T09:19:58","guid":{"rendered":"https:\/\/marktxxl.de\/markt\/produkt\/epilierer-fuer-frauen-epilierer-schnurlos-fuer-gesichtsbehaarung-wiederaufladbares-10-x-beutel-mit-kordelzug-mit-satinband-178-x-127-cm-baumwollbeutel-fuer-brautjungfern-q\/"},"modified":"2023-04-11T03:55:14","modified_gmt":"2023-04-11T01:55:14","slug":"epilierer-fuer-frauen-epilierer-schnurlos-fuer-gesichtsbehaarung-wiederaufladbares-10-x-beutel-mit-kordelzug-mit-satinband-178-x-127-cm-baumwollbeutel-fuer-brautjungfern-q","status":"publish","type":"product","link":"https:\/\/marktxxl.de\/markt\/produkt\/epilierer-fuer-frauen-epilierer-schnurlos-fuer-gesichtsbehaarung-wiederaufladbares-10-x-beutel-mit-kordelzug-mit-satinband-178-x-127-cm-baumwollbeutel-fuer-brautjungfern-q\/","title":{"rendered":"Epilierer f\u00fcr Frauen, Epilierer Schnurlos f\u00fcr Gesichtsbehaarung, Wiederaufladbares 10 x Beutel mit Kordelzug, mit\u2026"},"content":{"rendered":"<p>10er-Pack &#8211; Jede Packung enth\u00e4lt 10 l\u00e4cherlich s\u00fc\u00dfe 17,8 x 12,7 cm gro\u00dfe Beutel. Perfekt f\u00fcr Brautpartys, Junggesellinnenabschiede, als Gastgeschenk f\u00fcr Brautjungfern, Hochzeitsgeschenke, Survival-Kits oder Kater Kit.<br \/>\nSOPHISTICED ODER WILD &#8211; Sie w\u00e4hlen. F\u00fcllen Sie diese entz\u00fcckenden kleinen Beutel mit Kordelzug mit Ihrer Wahl an Leckereien f\u00fcr Ihren geliebten Stamm.<br \/>\nDie Aufregung &#8211; es ist eine aufregende Zeit Ihres Lebens. Lassen Sie diese niedlichen kleinen Gefallen die M\u00e4dels gehen, indem Sie sie im Voraus schicken, um Vorfreude aufzubauen, oder zeigen Sie sie f\u00fcr Ihre M\u00e4dels, um am gro\u00dfen Tag zu sammeln.<br \/>\nBOOST TEAM SPIRIT &#8211; Team Bride, Bride Tribe, Bride Crew, was auch immer Sie Ihre M\u00e4del nennen, es ist los! Pass auf, Welt! \ud83d\ude09<br \/>\nBEST. FAVOR. EVER. &#8211; Klicken Sie noch heute auf &#8220;In den Warenkorb&#8221; und bereiten Sie sich dann auf Quietschen der Freude von Ihrem Brautstamm vor!<br \/>\n<div class=\"main-cross-sell\" data-asin=\"B073QJXNTQ\">\n\n\t<div class=\"WooZone-cross-sell-loader\">\n\t\t<div>\n\t\t\t<div id=\"floatingBarsG\">\n\t\t\t\t<div class=\"blockG\" id=\"rotateG_01\"><\/div>\n\t\t\t\t<div class=\"blockG\" id=\"rotateG_02\"><\/div>\n\t\t\t\t<div class=\"blockG\" id=\"rotateG_03\"><\/div>\n\t\t\t\t<div class=\"blockG\" id=\"rotateG_04\"><\/div>\n\t\t\t\t<div class=\"blockG\" id=\"rotateG_05\"><\/div>\n\t\t\t\t<div class=\"blockG\" id=\"rotateG_06\"><\/div>\n\t\t\t\t<div class=\"blockG\" id=\"rotateG_07\"><\/div>\n\t\t\t\t<div class=\"blockG\" id=\"rotateG_08\"><\/div>\n\t\t\t<\/div>\n\t\t\t<div class=\"WooZone-cross-sell-loader-text\"><\/div>\n\t\t<\/div>\n\t<\/div>\n\n\t\t\n<\/div>\n<div style=\"clear:both;\"><\/div><\/p>\n","protected":false},"excerpt":{"rendered":"<p>10er-Pack &#8211; Jede Packung enth\u00e4lt 10 l\u00e4cherlich s\u00fc\u00dfe 17,8 x 12,7 cm gro\u00dfe Beutel. Perfekt f\u00fcr Brautpartys, Junggesellinnenabschiede, als Gastgeschenk f\u00fcr Brautjungfern, Hochzeitsgeschenke, Survival-Kits oder Kater Kit.<br \/>\nSOPHISTICED ODER WILD &#8211; Sie w\u00e4hlen. F\u00fcllen Sie diese entz\u00fcckenden kleinen Beutel mit Kordelzug mit Ihrer Wahl an Leckereien f\u00fcr Ihren geliebten Stamm.<br \/>\nDie Aufregung &#8211; es ist eine aufregende Zeit Ihres Lebens. Lassen Sie diese niedlichen kleinen Gefallen die M\u00e4dels gehen, indem Sie sie im Voraus schicken, um Vorfreude aufzubauen, oder zeigen Sie sie f\u00fcr Ihre M\u00e4dels, um am gro\u00dfen Tag zu sammeln.<\/p>\n","protected":false},"featured_media":123680,"comment_status":"open","ping_status":"closed","template":"","meta":[],"product_brand":[],"product_cat":[566,6190],"product_tag":[],"class_list":{"0":"post-123679","1":"product","2":"type-product","3":"status-publish","4":"has-post-thumbnail","6":"product_cat-drogerie-koerperpflege","7":"product_cat-rasur-enthaarung","8":"pa_binding-badartikel","9":"pa_brand-shiking","10":"pa_color-q","11":"pa_manufacturer-shiking","12":"pa_model-abcd","13":"pa_size-0-3","15":"first","16":"instock","17":"shipping-taxable","18":"purchasable","19":"product-type-simple","20":"customify-col","21":"product-has-gallery"},"yoast_head":"<!-- This site is optimized with the Yoast SEO plugin v27.4 - https:\/\/yoast.com\/product\/yoast-seo-wordpress\/ -->\n<title>Epilierer f\u00fcr Frauen, Epilierer Schnurlos f\u00fcr Gesichtsbehaarung, Wiederaufladbares 10 x Beutel mit Kordelzug, mit\u2026 - Markt-XXL<\/title>\n<meta name=\"description\" content=\"Markt-XXL Epilierer f\u00fcr Frauen, Epilierer Schnurlos f\u00fcr Gesichtsbehaarung, Wiederaufladbares 10 x Beutel mit Kordelzug, mit\u2026\" \/>\n<meta name=\"robots\" content=\"index, follow, max-snippet:-1, max-image-preview:large, max-video-preview:-1\" \/>\n<link rel=\"canonical\" href=\"https:\/\/marktxxl.de\/markt\/produkt\/epilierer-fuer-frauen-epilierer-schnurlos-fuer-gesichtsbehaarung-wiederaufladbares-10-x-beutel-mit-kordelzug-mit-satinband-178-x-127-cm-baumwollbeutel-fuer-brautjungfern-q\/\" \/>\n<meta property=\"og:locale\" content=\"de_DE\" \/>\n<meta property=\"og:type\" content=\"article\" \/>\n<meta property=\"og:title\" content=\"Epilierer f\u00fcr Frauen, Epilierer Schnurlos f\u00fcr Gesichtsbehaarung, Wiederaufladbares 10 x Beutel mit Kordelzug, mit\u2026 - Markt-XXL\" \/>\n<meta property=\"og:description\" content=\"Markt-XXL Epilierer f\u00fcr Frauen, Epilierer Schnurlos f\u00fcr Gesichtsbehaarung, Wiederaufladbares 10 x Beutel mit Kordelzug, mit\u2026\" \/>\n<meta property=\"og:url\" content=\"https:\/\/marktxxl.de\/markt\/produkt\/epilierer-fuer-frauen-epilierer-schnurlos-fuer-gesichtsbehaarung-wiederaufladbares-10-x-beutel-mit-kordelzug-mit-satinband-178-x-127-cm-baumwollbeutel-fuer-brautjungfern-q\/\" \/>\n<meta property=\"og:site_name\" content=\"Markt-XXL\" \/>\n<meta property=\"article:modified_time\" content=\"2023-04-11T01:55:14+00:00\" \/>\n<meta property=\"og:image\" content=\"https:\/\/m.media-amazon.com\/images\/I\/41A+Ddlin0S._SL500_.jpg\" \/>\n\t<meta property=\"og:image:width\" content=\"454\" \/>\n\t<meta property=\"og:image:height\" content=\"500\" \/>\n\t<meta property=\"og:image:type\" content=\"image\/jpeg\" \/>\n<meta name=\"twitter:card\" content=\"summary_large_image\" \/>\n<meta name=\"twitter:label1\" content=\"Gesch\u00e4tzte Lesezeit\" \/>\n\t<meta name=\"twitter:data1\" content=\"1\u00a0Minute\" \/>\n<script type=\"application\/ld+json\" class=\"yoast-schema-graph\">{\"@context\":\"https:\\\/\\\/schema.org\",\"@graph\":[{\"@type\":\"WebPage\",\"@id\":\"https:\\\/\\\/marktxxl.de\\\/markt\\\/produkt\\\/epilierer-fuer-frauen-epilierer-schnurlos-fuer-gesichtsbehaarung-wiederaufladbares-10-x-beutel-mit-kordelzug-mit-satinband-178-x-127-cm-baumwollbeutel-fuer-brautjungfern-q\\\/\",\"url\":\"https:\\\/\\\/marktxxl.de\\\/markt\\\/produkt\\\/epilierer-fuer-frauen-epilierer-schnurlos-fuer-gesichtsbehaarung-wiederaufladbares-10-x-beutel-mit-kordelzug-mit-satinband-178-x-127-cm-baumwollbeutel-fuer-brautjungfern-q\\\/\",\"name\":\"Epilierer f\u00fcr Frauen, Epilierer Schnurlos f\u00fcr Gesichtsbehaarung, Wiederaufladbares 10 x Beutel mit Kordelzug, mit\u2026 - Markt-XXL\",\"isPartOf\":{\"@id\":\"https:\\\/\\\/marktxxl.de\\\/markt\\\/#website\"},\"primaryImageOfPage\":{\"@id\":\"https:\\\/\\\/marktxxl.de\\\/markt\\\/produkt\\\/epilierer-fuer-frauen-epilierer-schnurlos-fuer-gesichtsbehaarung-wiederaufladbares-10-x-beutel-mit-kordelzug-mit-satinband-178-x-127-cm-baumwollbeutel-fuer-brautjungfern-q\\\/#primaryimage\"},\"image\":{\"@id\":\"https:\\\/\\\/marktxxl.de\\\/markt\\\/produkt\\\/epilierer-fuer-frauen-epilierer-schnurlos-fuer-gesichtsbehaarung-wiederaufladbares-10-x-beutel-mit-kordelzug-mit-satinband-178-x-127-cm-baumwollbeutel-fuer-brautjungfern-q\\\/#primaryimage\"},\"thumbnailUrl\":\"https:\\\/\\\/m.media-amazon.com\\\/images\\\/I\\\/41A+Ddlin0S._SL500_.jpg\",\"datePublished\":\"2022-05-15T09:19:58+00:00\",\"dateModified\":\"2023-04-11T01:55:14+00:00\",\"description\":\"Markt-XXL Epilierer f\u00fcr Frauen, Epilierer Schnurlos f\u00fcr Gesichtsbehaarung, Wiederaufladbares 10 x Beutel mit Kordelzug, mit\u2026\",\"breadcrumb\":{\"@id\":\"https:\\\/\\\/marktxxl.de\\\/markt\\\/produkt\\\/epilierer-fuer-frauen-epilierer-schnurlos-fuer-gesichtsbehaarung-wiederaufladbares-10-x-beutel-mit-kordelzug-mit-satinband-178-x-127-cm-baumwollbeutel-fuer-brautjungfern-q\\\/#breadcrumb\"},\"inLanguage\":\"de\",\"potentialAction\":[{\"@type\":\"ReadAction\",\"target\":[\"https:\\\/\\\/marktxxl.de\\\/markt\\\/produkt\\\/epilierer-fuer-frauen-epilierer-schnurlos-fuer-gesichtsbehaarung-wiederaufladbares-10-x-beutel-mit-kordelzug-mit-satinband-178-x-127-cm-baumwollbeutel-fuer-brautjungfern-q\\\/\"]}]},{\"@type\":\"ImageObject\",\"inLanguage\":\"de\",\"@id\":\"https:\\\/\\\/marktxxl.de\\\/markt\\\/produkt\\\/epilierer-fuer-frauen-epilierer-schnurlos-fuer-gesichtsbehaarung-wiederaufladbares-10-x-beutel-mit-kordelzug-mit-satinband-178-x-127-cm-baumwollbeutel-fuer-brautjungfern-q\\\/#primaryimage\",\"url\":\"https:\\\/\\\/m.media-amazon.com\\\/images\\\/I\\\/41A+Ddlin0S._SL500_.jpg\",\"contentUrl\":\"https:\\\/\\\/m.media-amazon.com\\\/images\\\/I\\\/41A+Ddlin0S._SL500_.jpg\",\"width\":454,\"height\":500},{\"@type\":\"BreadcrumbList\",\"@id\":\"https:\\\/\\\/marktxxl.de\\\/markt\\\/produkt\\\/epilierer-fuer-frauen-epilierer-schnurlos-fuer-gesichtsbehaarung-wiederaufladbares-10-x-beutel-mit-kordelzug-mit-satinband-178-x-127-cm-baumwollbeutel-fuer-brautjungfern-q\\\/#breadcrumb\",\"itemListElement\":[{\"@type\":\"ListItem\",\"position\":1,\"name\":\"Startseite\",\"item\":\"https:\\\/\\\/marktxxl.de\\\/markt\\\/\"},{\"@type\":\"ListItem\",\"position\":2,\"name\":\"Markt\",\"item\":\"https:\\\/\\\/marktxxl.de\\\/markt\\\/\"},{\"@type\":\"ListItem\",\"position\":3,\"name\":\"Epilierer f\u00fcr Frauen, Epilierer Schnurlos f\u00fcr Gesichtsbehaarung, Wiederaufladbares 10 x Beutel mit Kordelzug, mit\u2026\"}]},{\"@type\":\"WebSite\",\"@id\":\"https:\\\/\\\/marktxxl.de\\\/markt\\\/#website\",\"url\":\"https:\\\/\\\/marktxxl.de\\\/markt\\\/\",\"name\":\"Markt-XXL\",\"description\":\"Ihr Markt Online\",\"publisher\":{\"@id\":\"https:\\\/\\\/marktxxl.de\\\/markt\\\/#organization\"},\"potentialAction\":[{\"@type\":\"SearchAction\",\"target\":{\"@type\":\"EntryPoint\",\"urlTemplate\":\"https:\\\/\\\/marktxxl.de\\\/markt\\\/?s={search_term_string}\"},\"query-input\":{\"@type\":\"PropertyValueSpecification\",\"valueRequired\":true,\"valueName\":\"search_term_string\"}}],\"inLanguage\":\"de\"},{\"@type\":\"Organization\",\"@id\":\"https:\\\/\\\/marktxxl.de\\\/markt\\\/#organization\",\"name\":\"Markt-XXL\",\"url\":\"https:\\\/\\\/marktxxl.de\\\/markt\\\/\",\"logo\":{\"@type\":\"ImageObject\",\"inLanguage\":\"de\",\"@id\":\"https:\\\/\\\/marktxxl.de\\\/markt\\\/#\\\/schema\\\/logo\\\/image\\\/\",\"url\":\"https:\\\/\\\/marktxxl.de\\\/markt\\\/wp-content\\\/uploads\\\/sites\\\/3\\\/2020\\\/12\\\/logo.png\",\"contentUrl\":\"https:\\\/\\\/marktxxl.de\\\/markt\\\/wp-content\\\/uploads\\\/sites\\\/3\\\/2020\\\/12\\\/logo.png\",\"width\":200,\"height\":70,\"caption\":\"Markt-XXL\"},\"image\":{\"@id\":\"https:\\\/\\\/marktxxl.de\\\/markt\\\/#\\\/schema\\\/logo\\\/image\\\/\"}}]}<\/script>\n<!-- \/ Yoast SEO plugin. -->","yoast_head_json":{"title":"Epilierer f\u00fcr Frauen, Epilierer Schnurlos f\u00fcr Gesichtsbehaarung, Wiederaufladbares 10 x Beutel mit Kordelzug, mit\u2026 - Markt-XXL","description":"Markt-XXL Epilierer f\u00fcr Frauen, Epilierer Schnurlos f\u00fcr Gesichtsbehaarung, Wiederaufladbares 10 x Beutel mit Kordelzug, mit\u2026","robots":{"index":"index","follow":"follow","max-snippet":"max-snippet:-1","max-image-preview":"max-image-preview:large","max-video-preview":"max-video-preview:-1"},"canonical":"https:\/\/marktxxl.de\/markt\/produkt\/epilierer-fuer-frauen-epilierer-schnurlos-fuer-gesichtsbehaarung-wiederaufladbares-10-x-beutel-mit-kordelzug-mit-satinband-178-x-127-cm-baumwollbeutel-fuer-brautjungfern-q\/","og_locale":"de_DE","og_type":"article","og_title":"Epilierer f\u00fcr Frauen, Epilierer Schnurlos f\u00fcr Gesichtsbehaarung, Wiederaufladbares 10 x Beutel mit Kordelzug, mit\u2026 - Markt-XXL","og_description":"Markt-XXL Epilierer f\u00fcr Frauen, Epilierer Schnurlos f\u00fcr Gesichtsbehaarung, Wiederaufladbares 10 x Beutel mit Kordelzug, mit\u2026","og_url":"https:\/\/marktxxl.de\/markt\/produkt\/epilierer-fuer-frauen-epilierer-schnurlos-fuer-gesichtsbehaarung-wiederaufladbares-10-x-beutel-mit-kordelzug-mit-satinband-178-x-127-cm-baumwollbeutel-fuer-brautjungfern-q\/","og_site_name":"Markt-XXL","article_modified_time":"2023-04-11T01:55:14+00:00","og_image":[{"width":454,"height":500,"url":"https:\/\/m.media-amazon.com\/images\/I\/41A+Ddlin0S._SL500_.jpg","type":"image\/jpeg"}],"twitter_card":"summary_large_image","twitter_misc":{"Gesch\u00e4tzte Lesezeit":"1\u00a0Minute"},"schema":{"@context":"https:\/\/schema.org","@graph":[{"@type":"WebPage","@id":"https:\/\/marktxxl.de\/markt\/produkt\/epilierer-fuer-frauen-epilierer-schnurlos-fuer-gesichtsbehaarung-wiederaufladbares-10-x-beutel-mit-kordelzug-mit-satinband-178-x-127-cm-baumwollbeutel-fuer-brautjungfern-q\/","url":"https:\/\/marktxxl.de\/markt\/produkt\/epilierer-fuer-frauen-epilierer-schnurlos-fuer-gesichtsbehaarung-wiederaufladbares-10-x-beutel-mit-kordelzug-mit-satinband-178-x-127-cm-baumwollbeutel-fuer-brautjungfern-q\/","name":"Epilierer f\u00fcr Frauen, Epilierer Schnurlos f\u00fcr Gesichtsbehaarung, Wiederaufladbares 10 x Beutel mit Kordelzug, mit\u2026 - Markt-XXL","isPartOf":{"@id":"https:\/\/marktxxl.de\/markt\/#website"},"primaryImageOfPage":{"@id":"https:\/\/marktxxl.de\/markt\/produkt\/epilierer-fuer-frauen-epilierer-schnurlos-fuer-gesichtsbehaarung-wiederaufladbares-10-x-beutel-mit-kordelzug-mit-satinband-178-x-127-cm-baumwollbeutel-fuer-brautjungfern-q\/#primaryimage"},"image":{"@id":"https:\/\/marktxxl.de\/markt\/produkt\/epilierer-fuer-frauen-epilierer-schnurlos-fuer-gesichtsbehaarung-wiederaufladbares-10-x-beutel-mit-kordelzug-mit-satinband-178-x-127-cm-baumwollbeutel-fuer-brautjungfern-q\/#primaryimage"},"thumbnailUrl":"https:\/\/m.media-amazon.com\/images\/I\/41A+Ddlin0S._SL500_.jpg","datePublished":"2022-05-15T09:19:58+00:00","dateModified":"2023-04-11T01:55:14+00:00","description":"Markt-XXL Epilierer f\u00fcr Frauen, Epilierer Schnurlos f\u00fcr Gesichtsbehaarung, Wiederaufladbares 10 x Beutel mit Kordelzug, mit\u2026","breadcrumb":{"@id":"https:\/\/marktxxl.de\/markt\/produkt\/epilierer-fuer-frauen-epilierer-schnurlos-fuer-gesichtsbehaarung-wiederaufladbares-10-x-beutel-mit-kordelzug-mit-satinband-178-x-127-cm-baumwollbeutel-fuer-brautjungfern-q\/#breadcrumb"},"inLanguage":"de","potentialAction":[{"@type":"ReadAction","target":["https:\/\/marktxxl.de\/markt\/produkt\/epilierer-fuer-frauen-epilierer-schnurlos-fuer-gesichtsbehaarung-wiederaufladbares-10-x-beutel-mit-kordelzug-mit-satinband-178-x-127-cm-baumwollbeutel-fuer-brautjungfern-q\/"]}]},{"@type":"ImageObject","inLanguage":"de","@id":"https:\/\/marktxxl.de\/markt\/produkt\/epilierer-fuer-frauen-epilierer-schnurlos-fuer-gesichtsbehaarung-wiederaufladbares-10-x-beutel-mit-kordelzug-mit-satinband-178-x-127-cm-baumwollbeutel-fuer-brautjungfern-q\/#primaryimage","url":"https:\/\/m.media-amazon.com\/images\/I\/41A+Ddlin0S._SL500_.jpg","contentUrl":"https:\/\/m.media-amazon.com\/images\/I\/41A+Ddlin0S._SL500_.jpg","width":454,"height":500},{"@type":"BreadcrumbList","@id":"https:\/\/marktxxl.de\/markt\/produkt\/epilierer-fuer-frauen-epilierer-schnurlos-fuer-gesichtsbehaarung-wiederaufladbares-10-x-beutel-mit-kordelzug-mit-satinband-178-x-127-cm-baumwollbeutel-fuer-brautjungfern-q\/#breadcrumb","itemListElement":[{"@type":"ListItem","position":1,"name":"Startseite","item":"https:\/\/marktxxl.de\/markt\/"},{"@type":"ListItem","position":2,"name":"Markt","item":"https:\/\/marktxxl.de\/markt\/"},{"@type":"ListItem","position":3,"name":"Epilierer f\u00fcr Frauen, Epilierer Schnurlos f\u00fcr Gesichtsbehaarung, Wiederaufladbares 10 x Beutel mit Kordelzug, mit\u2026"}]},{"@type":"WebSite","@id":"https:\/\/marktxxl.de\/markt\/#website","url":"https:\/\/marktxxl.de\/markt\/","name":"Markt-XXL","description":"Ihr Markt Online","publisher":{"@id":"https:\/\/marktxxl.de\/markt\/#organization"},"potentialAction":[{"@type":"SearchAction","target":{"@type":"EntryPoint","urlTemplate":"https:\/\/marktxxl.de\/markt\/?s={search_term_string}"},"query-input":{"@type":"PropertyValueSpecification","valueRequired":true,"valueName":"search_term_string"}}],"inLanguage":"de"},{"@type":"Organization","@id":"https:\/\/marktxxl.de\/markt\/#organization","name":"Markt-XXL","url":"https:\/\/marktxxl.de\/markt\/","logo":{"@type":"ImageObject","inLanguage":"de","@id":"https:\/\/marktxxl.de\/markt\/#\/schema\/logo\/image\/","url":"https:\/\/marktxxl.de\/markt\/wp-content\/uploads\/sites\/3\/2020\/12\/logo.png","contentUrl":"https:\/\/marktxxl.de\/markt\/wp-content\/uploads\/sites\/3\/2020\/12\/logo.png","width":200,"height":70,"caption":"Markt-XXL"},"image":{"@id":"https:\/\/marktxxl.de\/markt\/#\/schema\/logo\/image\/"}}]}},"_links":{"self":[{"href":"https:\/\/marktxxl.de\/markt\/wp-json\/wp\/v2\/product\/123679","targetHints":{"allow":["GET"]}}],"collection":[{"href":"https:\/\/marktxxl.de\/markt\/wp-json\/wp\/v2\/product"}],"about":[{"href":"https:\/\/marktxxl.de\/markt\/wp-json\/wp\/v2\/types\/product"}],"replies":[{"embeddable":true,"href":"https:\/\/marktxxl.de\/markt\/wp-json\/wp\/v2\/comments?post=123679"}],"wp:featuredmedia":[{"embeddable":true,"href":"https:\/\/marktxxl.de\/markt\/wp-json\/wp\/v2\/media\/123680"}],"wp:attachment":[{"href":"https:\/\/marktxxl.de\/markt\/wp-json\/wp\/v2\/media?parent=123679"}],"wp:term":[{"taxonomy":"product_brand","embeddable":true,"href":"https:\/\/marktxxl.de\/markt\/wp-json\/wp\/v2\/product_brand?post=123679"},{"taxonomy":"product_cat","embeddable":true,"href":"https:\/\/marktxxl.de\/markt\/wp-json\/wp\/v2\/product_cat?post=123679"},{"taxonomy":"product_tag","embeddable":true,"href":"https:\/\/marktxxl.de\/markt\/wp-json\/wp\/v2\/product_tag?post=123679"}],"curies":[{"name":"wp","href":"https:\/\/api.w.org\/{rel}","templated":true}]}}