{"id":123652,"date":"2022-05-15T11:19:35","date_gmt":"2022-05-15T09:19:35","guid":{"rendered":"https:\/\/marktxxl.de\/markt\/produkt\/hard-case-reisetasche-fuer-braun-series-3-3040s-3010bt-3020-3030s-300s-braun-series-5-5030s-5147s-wf2s-5090cc-5050cc-herren-elektrorasierer-geraet-ist-nicht-enthalten-schwarz-schwarz-futter\/"},"modified":"2023-04-11T03:55:14","modified_gmt":"2023-04-11T01:55:14","slug":"hard-case-reisetasche-fuer-braun-series-3-3040s-3010bt-3020-3030s-300s-braun-series-5-5030s-5147s-wf2s-5090cc-5050cc-herren-elektrorasierer-geraet-ist-nicht-enthalten-schwarz-schwarz-futter","status":"publish","type":"product","link":"https:\/\/marktxxl.de\/markt\/produkt\/hard-case-reisetasche-fuer-braun-series-3-3040s-3010bt-3020-3030s-300s-braun-series-5-5030s-5147s-wf2s-5090cc-5050cc-herren-elektrorasierer-geraet-ist-nicht-enthalten-schwarz-schwarz-futter\/","title":{"rendered":"Hard Case Reisetasche f\u00fcr Braun Series 3 3040s 3010BT 3020 3030s 300s, Braun Series 5 5030s 5147s WF2s 5090cc 5050cc\u2026"},"content":{"rendered":"<p>Premium Hard EVA Case &#8211; Die Hartschalen-Reisetasche f\u00fcr Braun Series 3 ProSkin 3040s Herren-Elektrorasierer ist aus hochwertigem EVA gefertigt und bietet eine lange Lebensdauer. (F\u00fcr den Verkauf ist nur der Fall, Ger\u00e4t und Zubeh\u00f6r sind nicht enthalten).<br \/>\nFlauschiges Futter &#8211; sto\u00dffeste Schicht und flauschige Innenschicht &#8211; das Geh\u00e4use kann St\u00f6\u00dfe effektiv absorbieren, Sch\u00e4den durch versehentliches Sto\u00dfen reduzieren und sch\u00fctzt Ihren Braun Series 3 ProSkin 3040s Herren-Elektrorasierer und das dazugeh\u00f6rige Zubeh\u00f6r.<br \/>\n100% sicher &#8211; Der Koffer ist sto\u00dffest, staubdicht und halb wasserdicht, um Ihren Braun Series 3 ProSkin 3040s Herren Elektrorasierer zu sch\u00fctzen. Klassischer Rei\u00dfverschlusskomfort f\u00fcr einfaches \u00d6ffnen und Schlie\u00dfen.<br \/>\nKundenspezifisches Design: Gut f\u00fcr Ihren Braun Series 3 ProSkin 3040s Herren Elektrorasierer. Kommt mit der Netztasche f\u00fcr Ihr Ladekabel oder anderes kleines Zubeh\u00f6r.<br \/>\nSuperkomfortabel: Mit komfortabler Handschlaufe f\u00fcr unterwegs. &#8211; Mit 100% Geld-zur\u00fcck-Garantie abgesichert &#8211; das ist v\u00f6llig risikofrei. KLICKEN Sie auf die orangefarbene Schaltfl\u00e4che, um jetzt zu bestellen!<br \/>\n<div class=\"main-cross-sell\" data-asin=\"B07NJ6G84P\">\n\n\t<div class=\"WooZone-cross-sell-loader\">\n\t\t<div>\n\t\t\t<div id=\"floatingBarsG\">\n\t\t\t\t<div class=\"blockG\" id=\"rotateG_01\"><\/div>\n\t\t\t\t<div class=\"blockG\" id=\"rotateG_02\"><\/div>\n\t\t\t\t<div class=\"blockG\" id=\"rotateG_03\"><\/div>\n\t\t\t\t<div class=\"blockG\" id=\"rotateG_04\"><\/div>\n\t\t\t\t<div class=\"blockG\" id=\"rotateG_05\"><\/div>\n\t\t\t\t<div class=\"blockG\" id=\"rotateG_06\"><\/div>\n\t\t\t\t<div class=\"blockG\" id=\"rotateG_07\"><\/div>\n\t\t\t\t<div class=\"blockG\" id=\"rotateG_08\"><\/div>\n\t\t\t<\/div>\n\t\t\t<div class=\"WooZone-cross-sell-loader-text\"><\/div>\n\t\t<\/div>\n\t<\/div>\n\n\t\t\n<\/div>\n<div style=\"clear:both;\"><\/div><\/p>\n","protected":false},"excerpt":{"rendered":"<p>Premium Hard EVA Case &#8211; Die Hartschalen-Reisetasche f\u00fcr Braun Series 3 ProSkin 3040s Herren-Elektrorasierer ist aus hochwertigem EVA gefertigt und bietet eine lange Lebensdauer. (F\u00fcr den Verkauf ist nur der Fall, Ger\u00e4t und Zubeh\u00f6r sind nicht enthalten).<br \/>\nFlauschiges Futter &#8211; sto\u00dffeste Schicht und flauschige Innenschicht &#8211; das Geh\u00e4use kann St\u00f6\u00dfe effektiv absorbieren, Sch\u00e4den durch versehentliches Sto\u00dfen reduzieren und sch\u00fctzt Ihren Braun Series 3 ProSkin 3040s Herren-Elektrorasierer und das dazugeh\u00f6rige Zubeh\u00f6r.<br \/>\n100% sicher &#8211; Der Koffer ist sto\u00dffest, staubdicht und halb wasserdicht, um Ihren Braun Series 3 ProSkin 3040s Herren Elektrorasierer zu sch\u00fctzen. Klassischer Rei\u00dfverschlusskomfort f\u00fcr einfaches \u00d6ffnen und Schlie\u00dfen.<\/p>\n","protected":false},"featured_media":123653,"comment_status":"open","ping_status":"closed","template":"","meta":[],"product_brand":[],"product_cat":[566,6190],"product_tag":[],"class_list":{"0":"post-123652","1":"product","2":"type-product","3":"status-publish","4":"has-post-thumbnail","6":"product_cat-drogerie-koerperpflege","7":"product_cat-rasur-enthaarung","8":"pa_brand-l3-tech","9":"pa_color-schwarz-schwarz-futter","10":"pa_manufacturer-l3-tech","12":"first","13":"instock","14":"shipping-taxable","15":"purchasable","16":"product-type-simple","17":"customify-col","18":"product-has-gallery"},"yoast_head":"<!-- This site is optimized with the Yoast SEO plugin v27.4 - https:\/\/yoast.com\/product\/yoast-seo-wordpress\/ -->\n<title>Hard Case Reisetasche f\u00fcr Braun Series 3 3040s 3010BT 3020 3030s 300s, Braun Series 5 5030s 5147s WF2s 5090cc 5050cc\u2026 - Markt-XXL<\/title>\n<meta name=\"description\" content=\"Markt-XXL Hard Case Reisetasche f\u00fcr Braun Series 3 3040s 3010BT 3020 3030s 300s, Braun Series 5 5030s 5147s WF2s 5090cc 5050cc\u2026\" \/>\n<meta name=\"robots\" content=\"index, follow, max-snippet:-1, max-image-preview:large, max-video-preview:-1\" \/>\n<link rel=\"canonical\" href=\"https:\/\/marktxxl.de\/markt\/produkt\/hard-case-reisetasche-fuer-braun-series-3-3040s-3010bt-3020-3030s-300s-braun-series-5-5030s-5147s-wf2s-5090cc-5050cc-herren-elektrorasierer-geraet-ist-nicht-enthalten-schwarz-schwarz-futter\/\" \/>\n<meta property=\"og:locale\" content=\"de_DE\" \/>\n<meta property=\"og:type\" content=\"article\" \/>\n<meta property=\"og:title\" content=\"Hard Case Reisetasche f\u00fcr Braun Series 3 3040s 3010BT 3020 3030s 300s, Braun Series 5 5030s 5147s WF2s 5090cc 5050cc\u2026 - Markt-XXL\" \/>\n<meta property=\"og:description\" content=\"Markt-XXL Hard Case Reisetasche f\u00fcr Braun Series 3 3040s 3010BT 3020 3030s 300s, Braun Series 5 5030s 5147s WF2s 5090cc 5050cc\u2026\" \/>\n<meta property=\"og:url\" content=\"https:\/\/marktxxl.de\/markt\/produkt\/hard-case-reisetasche-fuer-braun-series-3-3040s-3010bt-3020-3030s-300s-braun-series-5-5030s-5147s-wf2s-5090cc-5050cc-herren-elektrorasierer-geraet-ist-nicht-enthalten-schwarz-schwarz-futter\/\" \/>\n<meta property=\"og:site_name\" content=\"Markt-XXL\" \/>\n<meta property=\"article:modified_time\" content=\"2023-04-11T01:55:14+00:00\" \/>\n<meta property=\"og:image\" content=\"https:\/\/m.media-amazon.com\/images\/I\/51+PMIO0icL._SL500_.jpg\" \/>\n\t<meta property=\"og:image:width\" content=\"500\" \/>\n\t<meta property=\"og:image:height\" content=\"500\" \/>\n\t<meta property=\"og:image:type\" content=\"image\/jpeg\" \/>\n<meta name=\"twitter:card\" content=\"summary_large_image\" \/>\n<meta name=\"twitter:label1\" content=\"Gesch\u00e4tzte Lesezeit\" \/>\n\t<meta name=\"twitter:data1\" content=\"1\u00a0Minute\" \/>\n<script type=\"application\/ld+json\" class=\"yoast-schema-graph\">{\"@context\":\"https:\\\/\\\/schema.org\",\"@graph\":[{\"@type\":\"WebPage\",\"@id\":\"https:\\\/\\\/marktxxl.de\\\/markt\\\/produkt\\\/hard-case-reisetasche-fuer-braun-series-3-3040s-3010bt-3020-3030s-300s-braun-series-5-5030s-5147s-wf2s-5090cc-5050cc-herren-elektrorasierer-geraet-ist-nicht-enthalten-schwarz-schwarz-futter\\\/\",\"url\":\"https:\\\/\\\/marktxxl.de\\\/markt\\\/produkt\\\/hard-case-reisetasche-fuer-braun-series-3-3040s-3010bt-3020-3030s-300s-braun-series-5-5030s-5147s-wf2s-5090cc-5050cc-herren-elektrorasierer-geraet-ist-nicht-enthalten-schwarz-schwarz-futter\\\/\",\"name\":\"Hard Case Reisetasche f\u00fcr Braun Series 3 3040s 3010BT 3020 3030s 300s, Braun Series 5 5030s 5147s WF2s 5090cc 5050cc\u2026 - Markt-XXL\",\"isPartOf\":{\"@id\":\"https:\\\/\\\/marktxxl.de\\\/markt\\\/#website\"},\"primaryImageOfPage\":{\"@id\":\"https:\\\/\\\/marktxxl.de\\\/markt\\\/produkt\\\/hard-case-reisetasche-fuer-braun-series-3-3040s-3010bt-3020-3030s-300s-braun-series-5-5030s-5147s-wf2s-5090cc-5050cc-herren-elektrorasierer-geraet-ist-nicht-enthalten-schwarz-schwarz-futter\\\/#primaryimage\"},\"image\":{\"@id\":\"https:\\\/\\\/marktxxl.de\\\/markt\\\/produkt\\\/hard-case-reisetasche-fuer-braun-series-3-3040s-3010bt-3020-3030s-300s-braun-series-5-5030s-5147s-wf2s-5090cc-5050cc-herren-elektrorasierer-geraet-ist-nicht-enthalten-schwarz-schwarz-futter\\\/#primaryimage\"},\"thumbnailUrl\":\"https:\\\/\\\/m.media-amazon.com\\\/images\\\/I\\\/51+PMIO0icL._SL500_.jpg\",\"datePublished\":\"2022-05-15T09:19:35+00:00\",\"dateModified\":\"2023-04-11T01:55:14+00:00\",\"description\":\"Markt-XXL Hard Case Reisetasche f\u00fcr Braun Series 3 3040s 3010BT 3020 3030s 300s, Braun Series 5 5030s 5147s WF2s 5090cc 5050cc\u2026\",\"breadcrumb\":{\"@id\":\"https:\\\/\\\/marktxxl.de\\\/markt\\\/produkt\\\/hard-case-reisetasche-fuer-braun-series-3-3040s-3010bt-3020-3030s-300s-braun-series-5-5030s-5147s-wf2s-5090cc-5050cc-herren-elektrorasierer-geraet-ist-nicht-enthalten-schwarz-schwarz-futter\\\/#breadcrumb\"},\"inLanguage\":\"de\",\"potentialAction\":[{\"@type\":\"ReadAction\",\"target\":[\"https:\\\/\\\/marktxxl.de\\\/markt\\\/produkt\\\/hard-case-reisetasche-fuer-braun-series-3-3040s-3010bt-3020-3030s-300s-braun-series-5-5030s-5147s-wf2s-5090cc-5050cc-herren-elektrorasierer-geraet-ist-nicht-enthalten-schwarz-schwarz-futter\\\/\"]}]},{\"@type\":\"ImageObject\",\"inLanguage\":\"de\",\"@id\":\"https:\\\/\\\/marktxxl.de\\\/markt\\\/produkt\\\/hard-case-reisetasche-fuer-braun-series-3-3040s-3010bt-3020-3030s-300s-braun-series-5-5030s-5147s-wf2s-5090cc-5050cc-herren-elektrorasierer-geraet-ist-nicht-enthalten-schwarz-schwarz-futter\\\/#primaryimage\",\"url\":\"https:\\\/\\\/m.media-amazon.com\\\/images\\\/I\\\/51+PMIO0icL._SL500_.jpg\",\"contentUrl\":\"https:\\\/\\\/m.media-amazon.com\\\/images\\\/I\\\/51+PMIO0icL._SL500_.jpg\",\"width\":500,\"height\":500},{\"@type\":\"BreadcrumbList\",\"@id\":\"https:\\\/\\\/marktxxl.de\\\/markt\\\/produkt\\\/hard-case-reisetasche-fuer-braun-series-3-3040s-3010bt-3020-3030s-300s-braun-series-5-5030s-5147s-wf2s-5090cc-5050cc-herren-elektrorasierer-geraet-ist-nicht-enthalten-schwarz-schwarz-futter\\\/#breadcrumb\",\"itemListElement\":[{\"@type\":\"ListItem\",\"position\":1,\"name\":\"Startseite\",\"item\":\"https:\\\/\\\/marktxxl.de\\\/markt\\\/\"},{\"@type\":\"ListItem\",\"position\":2,\"name\":\"Markt\",\"item\":\"https:\\\/\\\/marktxxl.de\\\/markt\\\/\"},{\"@type\":\"ListItem\",\"position\":3,\"name\":\"Hard Case Reisetasche f\u00fcr Braun Series 3 3040s 3010BT 3020 3030s 300s, Braun Series 5 5030s 5147s WF2s 5090cc 5050cc\u2026\"}]},{\"@type\":\"WebSite\",\"@id\":\"https:\\\/\\\/marktxxl.de\\\/markt\\\/#website\",\"url\":\"https:\\\/\\\/marktxxl.de\\\/markt\\\/\",\"name\":\"Markt-XXL\",\"description\":\"Ihr Markt Online\",\"publisher\":{\"@id\":\"https:\\\/\\\/marktxxl.de\\\/markt\\\/#organization\"},\"potentialAction\":[{\"@type\":\"SearchAction\",\"target\":{\"@type\":\"EntryPoint\",\"urlTemplate\":\"https:\\\/\\\/marktxxl.de\\\/markt\\\/?s={search_term_string}\"},\"query-input\":{\"@type\":\"PropertyValueSpecification\",\"valueRequired\":true,\"valueName\":\"search_term_string\"}}],\"inLanguage\":\"de\"},{\"@type\":\"Organization\",\"@id\":\"https:\\\/\\\/marktxxl.de\\\/markt\\\/#organization\",\"name\":\"Markt-XXL\",\"url\":\"https:\\\/\\\/marktxxl.de\\\/markt\\\/\",\"logo\":{\"@type\":\"ImageObject\",\"inLanguage\":\"de\",\"@id\":\"https:\\\/\\\/marktxxl.de\\\/markt\\\/#\\\/schema\\\/logo\\\/image\\\/\",\"url\":\"https:\\\/\\\/marktxxl.de\\\/markt\\\/wp-content\\\/uploads\\\/sites\\\/3\\\/2020\\\/12\\\/logo.png\",\"contentUrl\":\"https:\\\/\\\/marktxxl.de\\\/markt\\\/wp-content\\\/uploads\\\/sites\\\/3\\\/2020\\\/12\\\/logo.png\",\"width\":200,\"height\":70,\"caption\":\"Markt-XXL\"},\"image\":{\"@id\":\"https:\\\/\\\/marktxxl.de\\\/markt\\\/#\\\/schema\\\/logo\\\/image\\\/\"}}]}<\/script>\n<!-- \/ Yoast SEO plugin. -->","yoast_head_json":{"title":"Hard Case Reisetasche f\u00fcr Braun Series 3 3040s 3010BT 3020 3030s 300s, Braun Series 5 5030s 5147s WF2s 5090cc 5050cc\u2026 - Markt-XXL","description":"Markt-XXL Hard Case Reisetasche f\u00fcr Braun Series 3 3040s 3010BT 3020 3030s 300s, Braun Series 5 5030s 5147s WF2s 5090cc 5050cc\u2026","robots":{"index":"index","follow":"follow","max-snippet":"max-snippet:-1","max-image-preview":"max-image-preview:large","max-video-preview":"max-video-preview:-1"},"canonical":"https:\/\/marktxxl.de\/markt\/produkt\/hard-case-reisetasche-fuer-braun-series-3-3040s-3010bt-3020-3030s-300s-braun-series-5-5030s-5147s-wf2s-5090cc-5050cc-herren-elektrorasierer-geraet-ist-nicht-enthalten-schwarz-schwarz-futter\/","og_locale":"de_DE","og_type":"article","og_title":"Hard Case Reisetasche f\u00fcr Braun Series 3 3040s 3010BT 3020 3030s 300s, Braun Series 5 5030s 5147s WF2s 5090cc 5050cc\u2026 - Markt-XXL","og_description":"Markt-XXL Hard Case Reisetasche f\u00fcr Braun Series 3 3040s 3010BT 3020 3030s 300s, Braun Series 5 5030s 5147s WF2s 5090cc 5050cc\u2026","og_url":"https:\/\/marktxxl.de\/markt\/produkt\/hard-case-reisetasche-fuer-braun-series-3-3040s-3010bt-3020-3030s-300s-braun-series-5-5030s-5147s-wf2s-5090cc-5050cc-herren-elektrorasierer-geraet-ist-nicht-enthalten-schwarz-schwarz-futter\/","og_site_name":"Markt-XXL","article_modified_time":"2023-04-11T01:55:14+00:00","og_image":[{"width":500,"height":500,"url":"https:\/\/m.media-amazon.com\/images\/I\/51+PMIO0icL._SL500_.jpg","type":"image\/jpeg"}],"twitter_card":"summary_large_image","twitter_misc":{"Gesch\u00e4tzte Lesezeit":"1\u00a0Minute"},"schema":{"@context":"https:\/\/schema.org","@graph":[{"@type":"WebPage","@id":"https:\/\/marktxxl.de\/markt\/produkt\/hard-case-reisetasche-fuer-braun-series-3-3040s-3010bt-3020-3030s-300s-braun-series-5-5030s-5147s-wf2s-5090cc-5050cc-herren-elektrorasierer-geraet-ist-nicht-enthalten-schwarz-schwarz-futter\/","url":"https:\/\/marktxxl.de\/markt\/produkt\/hard-case-reisetasche-fuer-braun-series-3-3040s-3010bt-3020-3030s-300s-braun-series-5-5030s-5147s-wf2s-5090cc-5050cc-herren-elektrorasierer-geraet-ist-nicht-enthalten-schwarz-schwarz-futter\/","name":"Hard Case Reisetasche f\u00fcr Braun Series 3 3040s 3010BT 3020 3030s 300s, Braun Series 5 5030s 5147s WF2s 5090cc 5050cc\u2026 - Markt-XXL","isPartOf":{"@id":"https:\/\/marktxxl.de\/markt\/#website"},"primaryImageOfPage":{"@id":"https:\/\/marktxxl.de\/markt\/produkt\/hard-case-reisetasche-fuer-braun-series-3-3040s-3010bt-3020-3030s-300s-braun-series-5-5030s-5147s-wf2s-5090cc-5050cc-herren-elektrorasierer-geraet-ist-nicht-enthalten-schwarz-schwarz-futter\/#primaryimage"},"image":{"@id":"https:\/\/marktxxl.de\/markt\/produkt\/hard-case-reisetasche-fuer-braun-series-3-3040s-3010bt-3020-3030s-300s-braun-series-5-5030s-5147s-wf2s-5090cc-5050cc-herren-elektrorasierer-geraet-ist-nicht-enthalten-schwarz-schwarz-futter\/#primaryimage"},"thumbnailUrl":"https:\/\/m.media-amazon.com\/images\/I\/51+PMIO0icL._SL500_.jpg","datePublished":"2022-05-15T09:19:35+00:00","dateModified":"2023-04-11T01:55:14+00:00","description":"Markt-XXL Hard Case Reisetasche f\u00fcr Braun Series 3 3040s 3010BT 3020 3030s 300s, Braun Series 5 5030s 5147s WF2s 5090cc 5050cc\u2026","breadcrumb":{"@id":"https:\/\/marktxxl.de\/markt\/produkt\/hard-case-reisetasche-fuer-braun-series-3-3040s-3010bt-3020-3030s-300s-braun-series-5-5030s-5147s-wf2s-5090cc-5050cc-herren-elektrorasierer-geraet-ist-nicht-enthalten-schwarz-schwarz-futter\/#breadcrumb"},"inLanguage":"de","potentialAction":[{"@type":"ReadAction","target":["https:\/\/marktxxl.de\/markt\/produkt\/hard-case-reisetasche-fuer-braun-series-3-3040s-3010bt-3020-3030s-300s-braun-series-5-5030s-5147s-wf2s-5090cc-5050cc-herren-elektrorasierer-geraet-ist-nicht-enthalten-schwarz-schwarz-futter\/"]}]},{"@type":"ImageObject","inLanguage":"de","@id":"https:\/\/marktxxl.de\/markt\/produkt\/hard-case-reisetasche-fuer-braun-series-3-3040s-3010bt-3020-3030s-300s-braun-series-5-5030s-5147s-wf2s-5090cc-5050cc-herren-elektrorasierer-geraet-ist-nicht-enthalten-schwarz-schwarz-futter\/#primaryimage","url":"https:\/\/m.media-amazon.com\/images\/I\/51+PMIO0icL._SL500_.jpg","contentUrl":"https:\/\/m.media-amazon.com\/images\/I\/51+PMIO0icL._SL500_.jpg","width":500,"height":500},{"@type":"BreadcrumbList","@id":"https:\/\/marktxxl.de\/markt\/produkt\/hard-case-reisetasche-fuer-braun-series-3-3040s-3010bt-3020-3030s-300s-braun-series-5-5030s-5147s-wf2s-5090cc-5050cc-herren-elektrorasierer-geraet-ist-nicht-enthalten-schwarz-schwarz-futter\/#breadcrumb","itemListElement":[{"@type":"ListItem","position":1,"name":"Startseite","item":"https:\/\/marktxxl.de\/markt\/"},{"@type":"ListItem","position":2,"name":"Markt","item":"https:\/\/marktxxl.de\/markt\/"},{"@type":"ListItem","position":3,"name":"Hard Case Reisetasche f\u00fcr Braun Series 3 3040s 3010BT 3020 3030s 300s, Braun Series 5 5030s 5147s WF2s 5090cc 5050cc\u2026"}]},{"@type":"WebSite","@id":"https:\/\/marktxxl.de\/markt\/#website","url":"https:\/\/marktxxl.de\/markt\/","name":"Markt-XXL","description":"Ihr Markt Online","publisher":{"@id":"https:\/\/marktxxl.de\/markt\/#organization"},"potentialAction":[{"@type":"SearchAction","target":{"@type":"EntryPoint","urlTemplate":"https:\/\/marktxxl.de\/markt\/?s={search_term_string}"},"query-input":{"@type":"PropertyValueSpecification","valueRequired":true,"valueName":"search_term_string"}}],"inLanguage":"de"},{"@type":"Organization","@id":"https:\/\/marktxxl.de\/markt\/#organization","name":"Markt-XXL","url":"https:\/\/marktxxl.de\/markt\/","logo":{"@type":"ImageObject","inLanguage":"de","@id":"https:\/\/marktxxl.de\/markt\/#\/schema\/logo\/image\/","url":"https:\/\/marktxxl.de\/markt\/wp-content\/uploads\/sites\/3\/2020\/12\/logo.png","contentUrl":"https:\/\/marktxxl.de\/markt\/wp-content\/uploads\/sites\/3\/2020\/12\/logo.png","width":200,"height":70,"caption":"Markt-XXL"},"image":{"@id":"https:\/\/marktxxl.de\/markt\/#\/schema\/logo\/image\/"}}]}},"_links":{"self":[{"href":"https:\/\/marktxxl.de\/markt\/wp-json\/wp\/v2\/product\/123652","targetHints":{"allow":["GET"]}}],"collection":[{"href":"https:\/\/marktxxl.de\/markt\/wp-json\/wp\/v2\/product"}],"about":[{"href":"https:\/\/marktxxl.de\/markt\/wp-json\/wp\/v2\/types\/product"}],"replies":[{"embeddable":true,"href":"https:\/\/marktxxl.de\/markt\/wp-json\/wp\/v2\/comments?post=123652"}],"wp:featuredmedia":[{"embeddable":true,"href":"https:\/\/marktxxl.de\/markt\/wp-json\/wp\/v2\/media\/123653"}],"wp:attachment":[{"href":"https:\/\/marktxxl.de\/markt\/wp-json\/wp\/v2\/media?parent=123652"}],"wp:term":[{"taxonomy":"product_brand","embeddable":true,"href":"https:\/\/marktxxl.de\/markt\/wp-json\/wp\/v2\/product_brand?post=123652"},{"taxonomy":"product_cat","embeddable":true,"href":"https:\/\/marktxxl.de\/markt\/wp-json\/wp\/v2\/product_cat?post=123652"},{"taxonomy":"product_tag","embeddable":true,"href":"https:\/\/marktxxl.de\/markt\/wp-json\/wp\/v2\/product_tag?post=123652"}],"curies":[{"name":"wp","href":"https:\/\/api.w.org\/{rel}","templated":true}]}}