{"id":123288,"date":"2022-05-15T11:01:14","date_gmt":"2022-05-15T09:01:14","guid":{"rendered":"https:\/\/marktxxl.de\/markt\/produkt\/kellago-naturgetreue-nesteier-aus-holz-bruteier-legeeier-fakeeier-zur-bruthilfe-und-nestplatzbestimmung-auch-als-ostereier-oder-dekoeier-geeignet\/"},"modified":"2023-04-09T03:32:42","modified_gmt":"2023-04-09T01:32:42","slug":"kellago-naturgetreue-nesteier-aus-holz-bruteier-legeeier-fakeeier-zur-bruthilfe-und-nestplatzbestimmung-auch-als-ostereier-oder-dekoeier-geeignet","status":"publish","type":"product","link":"https:\/\/marktxxl.de\/markt\/produkt\/kellago-naturgetreue-nesteier-aus-holz-bruteier-legeeier-fakeeier-zur-bruthilfe-und-nestplatzbestimmung-auch-als-ostereier-oder-dekoeier-geeignet\/","title":{"rendered":"Kellago Holzeier Ostern Deko [ Ostereier BEMALEN ] 6X Holzeier f\u00fcr Osterdekoration &#8211; Ostern Basteln Kinder &#8211; Ostereier\u2026"},"content":{"rendered":"<p>\ud83d\udc23 EINFACHE NESTPLATZBESTIMMUNG &#8211; durch das Makieren der zum legen vorgesehenen Nester mit Hilfe der Holzeier, wird die Legestelle f\u00fcr die H\u00fchner bestimmt. Ende mit der Eiersuche!<br \/>\n\ud83d\udc23 T\u00c4USCHEND ECHT &#8211; da sich unser Nestei sowohl an der Form als auch im Gewicht sehr stark an echten Bruteiern orientieren ist der Unterschied f\u00fcr H\u00fchner nicht zu erkennen.<br \/>\n\ud83d\udc23 KONTROLLE \u00dcBER DAS BR\u00dcTEN &#8211; da die H\u00fchner erst anfangen zu Br\u00fcten und sich fest zu setzten, wenn ihr Nest voll genug ist kann durch die Holzeier die Anzahl der Eier im Nest kontrolliert werden. Des Weiteren regen die Holzeir in der Regel zum Eier legen an.<br \/>\n\ud83d\udc23 SCHLUSS MIT HACKEN UND FEDERFRESSEN &#8211; die Nesteier dienen au\u00dferdem dazu rivalisierende vom Hacken, Federfressen und Kanibalismus abzuhalten.<br \/>\n\ud83d\udc23 90 TAGE TESTEN &#8211; \u00dcberzeugen Sie sich selbst. Bestellen Sie jetzt ein Paket Holzeier und erhalten 90 TAGE Bedenkzeit. Wenn die Eier Sie in dem Zeitraum nicht \u00fcberzeugt, bekommen Sie 100% des Kaufpreises zur\u00fcck. Bestellen und Testen Sie noch heute. 0% Risiko 100% Zufriedenheit<br \/>\n<div class=\"main-cross-sell\" data-asin=\"B08LVVHWZF\">\n\n\t<div class=\"WooZone-cross-sell-loader\">\n\t\t<div>\n\t\t\t<div id=\"floatingBarsG\">\n\t\t\t\t<div class=\"blockG\" id=\"rotateG_01\"><\/div>\n\t\t\t\t<div class=\"blockG\" id=\"rotateG_02\"><\/div>\n\t\t\t\t<div class=\"blockG\" id=\"rotateG_03\"><\/div>\n\t\t\t\t<div class=\"blockG\" id=\"rotateG_04\"><\/div>\n\t\t\t\t<div class=\"blockG\" id=\"rotateG_05\"><\/div>\n\t\t\t\t<div class=\"blockG\" id=\"rotateG_06\"><\/div>\n\t\t\t\t<div class=\"blockG\" id=\"rotateG_07\"><\/div>\n\t\t\t\t<div class=\"blockG\" id=\"rotateG_08\"><\/div>\n\t\t\t<\/div>\n\t\t\t<div class=\"WooZone-cross-sell-loader-text\"><\/div>\n\t\t<\/div>\n\t<\/div>\n\n\t\t\n<\/div>\n<div style=\"clear:both;\"><\/div><\/p>\n","protected":false},"excerpt":{"rendered":"<p>\ud83d\udc23 EINFACHE NESTPLATZBESTIMMUNG &#8211; durch das Makieren der zum legen vorgesehenen Nester mit Hilfe der Holzeier, wird die Legestelle f\u00fcr die H\u00fchner bestimmt. Ende mit der Eiersuche!<br \/>\n\ud83d\udc23 T\u00c4USCHEND ECHT &#8211; da sich unser Nestei sowohl an der Form als auch im Gewicht sehr stark an echten Bruteiern orientieren ist der Unterschied f\u00fcr H\u00fchner nicht zu erkennen.<br \/>\n\ud83d\udc23 KONTROLLE \u00dcBER DAS BR\u00dcTEN &#8211; da die H\u00fchner erst anfangen zu Br\u00fcten und sich fest zu setzten, wenn ihr Nest voll genug ist kann durch die Holzeier die Anzahl der Eier im Nest kontrolliert werden. Des Weiteren regen die Holzeir in der Regel zum Eier legen an.<\/p>\n","protected":false},"featured_media":123289,"comment_status":"open","ping_status":"closed","template":"","meta":[],"product_brand":[],"product_cat":[566,5932],"product_tag":[],"class_list":{"0":"post-123288","1":"product","2":"type-product","3":"status-publish","4":"has-post-thumbnail","6":"product_cat-drogerie-koerperpflege","7":"product_cat-mobilitaetshilfen-zubehoer","8":"pa_binding-misc","9":"pa_brand-kellago","10":"pa_manufacturer-kellago","12":"first","13":"instock","14":"shipping-taxable","15":"purchasable","16":"product-type-simple","17":"customify-col","18":"product-has-gallery"},"yoast_head":"<!-- This site is optimized with the Yoast SEO plugin v27.4 - https:\/\/yoast.com\/product\/yoast-seo-wordpress\/ -->\n<title>Kellago Holzeier Ostern Deko [ Ostereier BEMALEN ] 6X Holzeier f\u00fcr Osterdekoration - Ostern Basteln Kinder - Ostereier\u2026 - Markt-XXL<\/title>\n<meta name=\"description\" content=\"Markt-XXL Kellago Holzeier Ostern Deko [ Ostereier BEMALEN ] 6X Holzeier f\u00fcr Osterdekoration - Ostern Basteln Kinder - Ostereier\u2026\" \/>\n<meta name=\"robots\" content=\"index, follow, max-snippet:-1, max-image-preview:large, max-video-preview:-1\" \/>\n<link rel=\"canonical\" href=\"https:\/\/marktxxl.de\/markt\/produkt\/kellago-naturgetreue-nesteier-aus-holz-bruteier-legeeier-fakeeier-zur-bruthilfe-und-nestplatzbestimmung-auch-als-ostereier-oder-dekoeier-geeignet\/\" \/>\n<meta property=\"og:locale\" content=\"de_DE\" \/>\n<meta property=\"og:type\" content=\"article\" \/>\n<meta property=\"og:title\" content=\"Kellago Holzeier Ostern Deko [ Ostereier BEMALEN ] 6X Holzeier f\u00fcr Osterdekoration - Ostern Basteln Kinder - Ostereier\u2026 - Markt-XXL\" \/>\n<meta property=\"og:description\" content=\"Markt-XXL Kellago Holzeier Ostern Deko [ Ostereier BEMALEN ] 6X Holzeier f\u00fcr Osterdekoration - Ostern Basteln Kinder - Ostereier\u2026\" \/>\n<meta property=\"og:url\" content=\"https:\/\/marktxxl.de\/markt\/produkt\/kellago-naturgetreue-nesteier-aus-holz-bruteier-legeeier-fakeeier-zur-bruthilfe-und-nestplatzbestimmung-auch-als-ostereier-oder-dekoeier-geeignet\/\" \/>\n<meta property=\"og:site_name\" content=\"Markt-XXL\" \/>\n<meta property=\"article:modified_time\" content=\"2023-04-09T01:32:42+00:00\" \/>\n<meta property=\"og:image\" content=\"https:\/\/m.media-amazon.com\/images\/I\/51fuUZZBaBL._SL500_.jpg\" \/>\n\t<meta property=\"og:image:width\" content=\"482\" \/>\n\t<meta property=\"og:image:height\" content=\"500\" \/>\n\t<meta property=\"og:image:type\" content=\"image\/jpeg\" \/>\n<meta name=\"twitter:card\" content=\"summary_large_image\" \/>\n<meta name=\"twitter:label1\" content=\"Gesch\u00e4tzte Lesezeit\" \/>\n\t<meta name=\"twitter:data1\" content=\"1\u00a0Minute\" \/>\n<script type=\"application\/ld+json\" class=\"yoast-schema-graph\">{\"@context\":\"https:\\\/\\\/schema.org\",\"@graph\":[{\"@type\":\"WebPage\",\"@id\":\"https:\\\/\\\/marktxxl.de\\\/markt\\\/produkt\\\/kellago-naturgetreue-nesteier-aus-holz-bruteier-legeeier-fakeeier-zur-bruthilfe-und-nestplatzbestimmung-auch-als-ostereier-oder-dekoeier-geeignet\\\/\",\"url\":\"https:\\\/\\\/marktxxl.de\\\/markt\\\/produkt\\\/kellago-naturgetreue-nesteier-aus-holz-bruteier-legeeier-fakeeier-zur-bruthilfe-und-nestplatzbestimmung-auch-als-ostereier-oder-dekoeier-geeignet\\\/\",\"name\":\"Kellago Holzeier Ostern Deko [ Ostereier BEMALEN ] 6X Holzeier f\u00fcr Osterdekoration - Ostern Basteln Kinder - Ostereier\u2026 - Markt-XXL\",\"isPartOf\":{\"@id\":\"https:\\\/\\\/marktxxl.de\\\/markt\\\/#website\"},\"primaryImageOfPage\":{\"@id\":\"https:\\\/\\\/marktxxl.de\\\/markt\\\/produkt\\\/kellago-naturgetreue-nesteier-aus-holz-bruteier-legeeier-fakeeier-zur-bruthilfe-und-nestplatzbestimmung-auch-als-ostereier-oder-dekoeier-geeignet\\\/#primaryimage\"},\"image\":{\"@id\":\"https:\\\/\\\/marktxxl.de\\\/markt\\\/produkt\\\/kellago-naturgetreue-nesteier-aus-holz-bruteier-legeeier-fakeeier-zur-bruthilfe-und-nestplatzbestimmung-auch-als-ostereier-oder-dekoeier-geeignet\\\/#primaryimage\"},\"thumbnailUrl\":\"https:\\\/\\\/m.media-amazon.com\\\/images\\\/I\\\/51fuUZZBaBL._SL500_.jpg\",\"datePublished\":\"2022-05-15T09:01:14+00:00\",\"dateModified\":\"2023-04-09T01:32:42+00:00\",\"description\":\"Markt-XXL Kellago Holzeier Ostern Deko [ Ostereier BEMALEN ] 6X Holzeier f\u00fcr Osterdekoration - Ostern Basteln Kinder - Ostereier\u2026\",\"breadcrumb\":{\"@id\":\"https:\\\/\\\/marktxxl.de\\\/markt\\\/produkt\\\/kellago-naturgetreue-nesteier-aus-holz-bruteier-legeeier-fakeeier-zur-bruthilfe-und-nestplatzbestimmung-auch-als-ostereier-oder-dekoeier-geeignet\\\/#breadcrumb\"},\"inLanguage\":\"de\",\"potentialAction\":[{\"@type\":\"ReadAction\",\"target\":[\"https:\\\/\\\/marktxxl.de\\\/markt\\\/produkt\\\/kellago-naturgetreue-nesteier-aus-holz-bruteier-legeeier-fakeeier-zur-bruthilfe-und-nestplatzbestimmung-auch-als-ostereier-oder-dekoeier-geeignet\\\/\"]}]},{\"@type\":\"ImageObject\",\"inLanguage\":\"de\",\"@id\":\"https:\\\/\\\/marktxxl.de\\\/markt\\\/produkt\\\/kellago-naturgetreue-nesteier-aus-holz-bruteier-legeeier-fakeeier-zur-bruthilfe-und-nestplatzbestimmung-auch-als-ostereier-oder-dekoeier-geeignet\\\/#primaryimage\",\"url\":\"https:\\\/\\\/m.media-amazon.com\\\/images\\\/I\\\/51fuUZZBaBL._SL500_.jpg\",\"contentUrl\":\"https:\\\/\\\/m.media-amazon.com\\\/images\\\/I\\\/51fuUZZBaBL._SL500_.jpg\",\"width\":482,\"height\":500},{\"@type\":\"BreadcrumbList\",\"@id\":\"https:\\\/\\\/marktxxl.de\\\/markt\\\/produkt\\\/kellago-naturgetreue-nesteier-aus-holz-bruteier-legeeier-fakeeier-zur-bruthilfe-und-nestplatzbestimmung-auch-als-ostereier-oder-dekoeier-geeignet\\\/#breadcrumb\",\"itemListElement\":[{\"@type\":\"ListItem\",\"position\":1,\"name\":\"Startseite\",\"item\":\"https:\\\/\\\/marktxxl.de\\\/markt\\\/\"},{\"@type\":\"ListItem\",\"position\":2,\"name\":\"Markt\",\"item\":\"https:\\\/\\\/marktxxl.de\\\/markt\\\/\"},{\"@type\":\"ListItem\",\"position\":3,\"name\":\"Kellago Holzeier Ostern Deko [ Ostereier BEMALEN ] 6X Holzeier f\u00fcr Osterdekoration &#8211; Ostern Basteln Kinder &#8211; Ostereier\u2026\"}]},{\"@type\":\"WebSite\",\"@id\":\"https:\\\/\\\/marktxxl.de\\\/markt\\\/#website\",\"url\":\"https:\\\/\\\/marktxxl.de\\\/markt\\\/\",\"name\":\"Markt-XXL\",\"description\":\"Ihr Markt Online\",\"publisher\":{\"@id\":\"https:\\\/\\\/marktxxl.de\\\/markt\\\/#organization\"},\"potentialAction\":[{\"@type\":\"SearchAction\",\"target\":{\"@type\":\"EntryPoint\",\"urlTemplate\":\"https:\\\/\\\/marktxxl.de\\\/markt\\\/?s={search_term_string}\"},\"query-input\":{\"@type\":\"PropertyValueSpecification\",\"valueRequired\":true,\"valueName\":\"search_term_string\"}}],\"inLanguage\":\"de\"},{\"@type\":\"Organization\",\"@id\":\"https:\\\/\\\/marktxxl.de\\\/markt\\\/#organization\",\"name\":\"Markt-XXL\",\"url\":\"https:\\\/\\\/marktxxl.de\\\/markt\\\/\",\"logo\":{\"@type\":\"ImageObject\",\"inLanguage\":\"de\",\"@id\":\"https:\\\/\\\/marktxxl.de\\\/markt\\\/#\\\/schema\\\/logo\\\/image\\\/\",\"url\":\"https:\\\/\\\/marktxxl.de\\\/markt\\\/wp-content\\\/uploads\\\/sites\\\/3\\\/2020\\\/12\\\/logo.png\",\"contentUrl\":\"https:\\\/\\\/marktxxl.de\\\/markt\\\/wp-content\\\/uploads\\\/sites\\\/3\\\/2020\\\/12\\\/logo.png\",\"width\":200,\"height\":70,\"caption\":\"Markt-XXL\"},\"image\":{\"@id\":\"https:\\\/\\\/marktxxl.de\\\/markt\\\/#\\\/schema\\\/logo\\\/image\\\/\"}}]}<\/script>\n<!-- \/ Yoast SEO plugin. -->","yoast_head_json":{"title":"Kellago Holzeier Ostern Deko [ Ostereier BEMALEN ] 6X Holzeier f\u00fcr Osterdekoration - Ostern Basteln Kinder - Ostereier\u2026 - Markt-XXL","description":"Markt-XXL Kellago Holzeier Ostern Deko [ Ostereier BEMALEN ] 6X Holzeier f\u00fcr Osterdekoration - Ostern Basteln Kinder - Ostereier\u2026","robots":{"index":"index","follow":"follow","max-snippet":"max-snippet:-1","max-image-preview":"max-image-preview:large","max-video-preview":"max-video-preview:-1"},"canonical":"https:\/\/marktxxl.de\/markt\/produkt\/kellago-naturgetreue-nesteier-aus-holz-bruteier-legeeier-fakeeier-zur-bruthilfe-und-nestplatzbestimmung-auch-als-ostereier-oder-dekoeier-geeignet\/","og_locale":"de_DE","og_type":"article","og_title":"Kellago Holzeier Ostern Deko [ Ostereier BEMALEN ] 6X Holzeier f\u00fcr Osterdekoration - Ostern Basteln Kinder - Ostereier\u2026 - Markt-XXL","og_description":"Markt-XXL Kellago Holzeier Ostern Deko [ Ostereier BEMALEN ] 6X Holzeier f\u00fcr Osterdekoration - Ostern Basteln Kinder - Ostereier\u2026","og_url":"https:\/\/marktxxl.de\/markt\/produkt\/kellago-naturgetreue-nesteier-aus-holz-bruteier-legeeier-fakeeier-zur-bruthilfe-und-nestplatzbestimmung-auch-als-ostereier-oder-dekoeier-geeignet\/","og_site_name":"Markt-XXL","article_modified_time":"2023-04-09T01:32:42+00:00","og_image":[{"width":482,"height":500,"url":"https:\/\/m.media-amazon.com\/images\/I\/51fuUZZBaBL._SL500_.jpg","type":"image\/jpeg"}],"twitter_card":"summary_large_image","twitter_misc":{"Gesch\u00e4tzte Lesezeit":"1\u00a0Minute"},"schema":{"@context":"https:\/\/schema.org","@graph":[{"@type":"WebPage","@id":"https:\/\/marktxxl.de\/markt\/produkt\/kellago-naturgetreue-nesteier-aus-holz-bruteier-legeeier-fakeeier-zur-bruthilfe-und-nestplatzbestimmung-auch-als-ostereier-oder-dekoeier-geeignet\/","url":"https:\/\/marktxxl.de\/markt\/produkt\/kellago-naturgetreue-nesteier-aus-holz-bruteier-legeeier-fakeeier-zur-bruthilfe-und-nestplatzbestimmung-auch-als-ostereier-oder-dekoeier-geeignet\/","name":"Kellago Holzeier Ostern Deko [ Ostereier BEMALEN ] 6X Holzeier f\u00fcr Osterdekoration - Ostern Basteln Kinder - Ostereier\u2026 - Markt-XXL","isPartOf":{"@id":"https:\/\/marktxxl.de\/markt\/#website"},"primaryImageOfPage":{"@id":"https:\/\/marktxxl.de\/markt\/produkt\/kellago-naturgetreue-nesteier-aus-holz-bruteier-legeeier-fakeeier-zur-bruthilfe-und-nestplatzbestimmung-auch-als-ostereier-oder-dekoeier-geeignet\/#primaryimage"},"image":{"@id":"https:\/\/marktxxl.de\/markt\/produkt\/kellago-naturgetreue-nesteier-aus-holz-bruteier-legeeier-fakeeier-zur-bruthilfe-und-nestplatzbestimmung-auch-als-ostereier-oder-dekoeier-geeignet\/#primaryimage"},"thumbnailUrl":"https:\/\/m.media-amazon.com\/images\/I\/51fuUZZBaBL._SL500_.jpg","datePublished":"2022-05-15T09:01:14+00:00","dateModified":"2023-04-09T01:32:42+00:00","description":"Markt-XXL Kellago Holzeier Ostern Deko [ Ostereier BEMALEN ] 6X Holzeier f\u00fcr Osterdekoration - Ostern Basteln Kinder - Ostereier\u2026","breadcrumb":{"@id":"https:\/\/marktxxl.de\/markt\/produkt\/kellago-naturgetreue-nesteier-aus-holz-bruteier-legeeier-fakeeier-zur-bruthilfe-und-nestplatzbestimmung-auch-als-ostereier-oder-dekoeier-geeignet\/#breadcrumb"},"inLanguage":"de","potentialAction":[{"@type":"ReadAction","target":["https:\/\/marktxxl.de\/markt\/produkt\/kellago-naturgetreue-nesteier-aus-holz-bruteier-legeeier-fakeeier-zur-bruthilfe-und-nestplatzbestimmung-auch-als-ostereier-oder-dekoeier-geeignet\/"]}]},{"@type":"ImageObject","inLanguage":"de","@id":"https:\/\/marktxxl.de\/markt\/produkt\/kellago-naturgetreue-nesteier-aus-holz-bruteier-legeeier-fakeeier-zur-bruthilfe-und-nestplatzbestimmung-auch-als-ostereier-oder-dekoeier-geeignet\/#primaryimage","url":"https:\/\/m.media-amazon.com\/images\/I\/51fuUZZBaBL._SL500_.jpg","contentUrl":"https:\/\/m.media-amazon.com\/images\/I\/51fuUZZBaBL._SL500_.jpg","width":482,"height":500},{"@type":"BreadcrumbList","@id":"https:\/\/marktxxl.de\/markt\/produkt\/kellago-naturgetreue-nesteier-aus-holz-bruteier-legeeier-fakeeier-zur-bruthilfe-und-nestplatzbestimmung-auch-als-ostereier-oder-dekoeier-geeignet\/#breadcrumb","itemListElement":[{"@type":"ListItem","position":1,"name":"Startseite","item":"https:\/\/marktxxl.de\/markt\/"},{"@type":"ListItem","position":2,"name":"Markt","item":"https:\/\/marktxxl.de\/markt\/"},{"@type":"ListItem","position":3,"name":"Kellago Holzeier Ostern Deko [ Ostereier BEMALEN ] 6X Holzeier f\u00fcr Osterdekoration &#8211; Ostern Basteln Kinder &#8211; Ostereier\u2026"}]},{"@type":"WebSite","@id":"https:\/\/marktxxl.de\/markt\/#website","url":"https:\/\/marktxxl.de\/markt\/","name":"Markt-XXL","description":"Ihr Markt Online","publisher":{"@id":"https:\/\/marktxxl.de\/markt\/#organization"},"potentialAction":[{"@type":"SearchAction","target":{"@type":"EntryPoint","urlTemplate":"https:\/\/marktxxl.de\/markt\/?s={search_term_string}"},"query-input":{"@type":"PropertyValueSpecification","valueRequired":true,"valueName":"search_term_string"}}],"inLanguage":"de"},{"@type":"Organization","@id":"https:\/\/marktxxl.de\/markt\/#organization","name":"Markt-XXL","url":"https:\/\/marktxxl.de\/markt\/","logo":{"@type":"ImageObject","inLanguage":"de","@id":"https:\/\/marktxxl.de\/markt\/#\/schema\/logo\/image\/","url":"https:\/\/marktxxl.de\/markt\/wp-content\/uploads\/sites\/3\/2020\/12\/logo.png","contentUrl":"https:\/\/marktxxl.de\/markt\/wp-content\/uploads\/sites\/3\/2020\/12\/logo.png","width":200,"height":70,"caption":"Markt-XXL"},"image":{"@id":"https:\/\/marktxxl.de\/markt\/#\/schema\/logo\/image\/"}}]}},"_links":{"self":[{"href":"https:\/\/marktxxl.de\/markt\/wp-json\/wp\/v2\/product\/123288","targetHints":{"allow":["GET"]}}],"collection":[{"href":"https:\/\/marktxxl.de\/markt\/wp-json\/wp\/v2\/product"}],"about":[{"href":"https:\/\/marktxxl.de\/markt\/wp-json\/wp\/v2\/types\/product"}],"replies":[{"embeddable":true,"href":"https:\/\/marktxxl.de\/markt\/wp-json\/wp\/v2\/comments?post=123288"}],"wp:featuredmedia":[{"embeddable":true,"href":"https:\/\/marktxxl.de\/markt\/wp-json\/wp\/v2\/media\/123289"}],"wp:attachment":[{"href":"https:\/\/marktxxl.de\/markt\/wp-json\/wp\/v2\/media?parent=123288"}],"wp:term":[{"taxonomy":"product_brand","embeddable":true,"href":"https:\/\/marktxxl.de\/markt\/wp-json\/wp\/v2\/product_brand?post=123288"},{"taxonomy":"product_cat","embeddable":true,"href":"https:\/\/marktxxl.de\/markt\/wp-json\/wp\/v2\/product_cat?post=123288"},{"taxonomy":"product_tag","embeddable":true,"href":"https:\/\/marktxxl.de\/markt\/wp-json\/wp\/v2\/product_tag?post=123288"}],"curies":[{"name":"wp","href":"https:\/\/api.w.org\/{rel}","templated":true}]}}