{"id":123231,"date":"2022-05-15T10:58:52","date_gmt":"2022-05-15T08:58:52","guid":{"rendered":"https:\/\/marktxxl.de\/markt\/produkt\/serious-steel-1041-cm-unterstuetztes-klimmzugband-strapazierfaehiges-widerstandsband-sets-stretching-powerlifting-widerstandstraining-und-klimmzughilfe\/"},"modified":"2023-04-09T03:32:41","modified_gmt":"2023-04-09T01:32:41","slug":"serious-steel-1041-cm-unterstuetztes-klimmzugband-strapazierfaehiges-widerstandsband-sets-stretching-powerlifting-widerstandstraining-und-klimmzughilfe","status":"publish","type":"product","link":"https:\/\/marktxxl.de\/markt\/produkt\/serious-steel-1041-cm-unterstuetztes-klimmzugband-strapazierfaehiges-widerstandsband-sets-stretching-powerlifting-widerstandstraining-und-klimmzughilfe\/","title":{"rendered":"Resistance Bands Lang,DEHUB Wiederstandsbaender Set Sport Elastisch Klimmzugband Gymnastikband Gummib\u00e4nder Fitnessb\u00e4nder\u2026"},"content":{"rendered":"<p>Angebot gilt f\u00fcr unser komplettes Band-Set (6 B\u00e4nder) \u2013 dieses Set beinhaltet: #0 (0,9 kg). &#8211; 6,8 kg ), #1 (5 Pfund &#8211; 15,9 kg ), #2 (4,5 kg &#8211; 22,7 kg), #3 (11,3 kg &#8211; 36,3 kg ), #4 (22,7 kg &#8211; 54,4 kg ), &amp; # 5 (27,2 kg. &#8211; 68 kg) B\u00e4nder<br \/>\nB\u00e4nder #0, #1, #2, #3 sind am besten f\u00fcr allgemeine Konditionierung, Rehabilitation, Stretching, Springen, Speedtraining, Aerobic, und f\u00fcr Heber als Hilfe f\u00fcr den Oberk\u00f6rper zur Erh\u00f6hung des Widerstands f\u00fcr Bizeps und Trizeps. Jedes Band ist ideal f\u00fcr Anf\u00e4nger und leichte Gewichtheber.<br \/>\nGro\u00dfe B\u00e4nder (#4, #5) werden in der Regel verwendet, um maximalen Widerstand bei Kniebeugen, Kreuzheben, Beinpressen und Schulterz\u00fcgen zu erhalten. Alle B\u00e4nder k\u00f6nnen verwendet werden, um die Intensit\u00e4t eines Trainings sicher zu erh\u00f6hen, ohne zus\u00e4tzliche Gewichte zu einer Stange hinzuzuf\u00fcgen. F\u00fcr den st\u00e4rkeren Gewichtheber werden sie erheblichen Widerstand gegen Bizeps- und Trizeps-\u00dcbungen hinzuf\u00fcgen. B\u00e4nder #3 &amp; #4 k\u00f6nnen von st\u00e4rkeren B\u00e4nkern und mit \u00dcbungen im Unterk\u00f6rper, Waden, Quads, Oberschenkelmuskulatur und Ges\u00e4\u00dfmuskulatur verwendet werden.<br \/>\nSechs Gr\u00f6\u00dfen von B\u00e4ndern f\u00fcr jede Verwendung bei jeder \u00dcbung. #0 Band 2.5mm 0,9\u20136,8 kg, #1 Band 1\/2 Zoll x 4,5 mm (2,3\u201315,9 kg). ), #2 Band 13\/16&#8243; x 4.5mm (4.5-22.7kg ), # 3 Band 1,1 Zoll x 4,5 mm (11,3-36,3 kg. ), #4 Band 4,4 cm x 4,5 mm (22,7-54,4 kg. ), #5 Band 6,3 cm x 4,5 mm (27,2-68 kg.)<br \/>\nDie B\u00e4nder bestehen zu 100 % aus Naturlatex und sind \u00fcber 99,9 % frei von l\u00f6slichen Proteinen (Latexallergenen). Wenn Sie eine Empfindlichkeit auf Latex haben, kaufen und verwenden Sie dieses Produkt mit Vorsicht.<br \/>\n<div class=\"main-cross-sell\" data-asin=\"B01LY5WJZ0\">\n\n\t<div class=\"WooZone-cross-sell-loader\">\n\t\t<div>\n\t\t\t<div id=\"floatingBarsG\">\n\t\t\t\t<div class=\"blockG\" id=\"rotateG_01\"><\/div>\n\t\t\t\t<div class=\"blockG\" id=\"rotateG_02\"><\/div>\n\t\t\t\t<div class=\"blockG\" id=\"rotateG_03\"><\/div>\n\t\t\t\t<div class=\"blockG\" id=\"rotateG_04\"><\/div>\n\t\t\t\t<div class=\"blockG\" id=\"rotateG_05\"><\/div>\n\t\t\t\t<div class=\"blockG\" id=\"rotateG_06\"><\/div>\n\t\t\t\t<div class=\"blockG\" id=\"rotateG_07\"><\/div>\n\t\t\t\t<div class=\"blockG\" id=\"rotateG_08\"><\/div>\n\t\t\t<\/div>\n\t\t\t<div class=\"WooZone-cross-sell-loader-text\"><\/div>\n\t\t<\/div>\n\t<\/div>\n\n\t\t\n<\/div>\n<div style=\"clear:both;\"><\/div><\/p>\n","protected":false},"excerpt":{"rendered":"<p>Angebot gilt f\u00fcr unser komplettes Band-Set (6 B\u00e4nder) \u2013 dieses Set beinhaltet: #0 (0,9 kg). &#8211; 6,8 kg ), #1 (5 Pfund &#8211; 15,9 kg ), #2 (4,5 kg &#8211; 22,7 kg), #3 (11,3 kg &#8211; 36,3 kg ), #4 (22,7 kg &#8211; 54,4 kg ), &amp; # 5 (27,2 kg. &#8211; 68 kg) B\u00e4nder<br \/>\nB\u00e4nder #0, #1, #2, #3 sind am besten f\u00fcr allgemeine Konditionierung, Rehabilitation, Stretching, Springen, Speedtraining, Aerobic, und f\u00fcr Heber als Hilfe f\u00fcr den Oberk\u00f6rper zur Erh\u00f6hung des Widerstands f\u00fcr Bizeps und Trizeps. Jedes Band ist ideal f\u00fcr Anf\u00e4nger und leichte Gewichtheber.<br \/>\nGro\u00dfe B\u00e4nder (#4, #5) werden in der Regel verwendet, um maximalen Widerstand bei Kniebeugen, Kreuzheben, Beinpressen und Schulterz\u00fcgen zu erhalten. Alle B\u00e4nder k\u00f6nnen verwendet werden, um die Intensit\u00e4t eines Trainings sicher zu erh\u00f6hen, ohne zus\u00e4tzliche Gewichte zu einer Stange hinzuzuf\u00fcgen. F\u00fcr den st\u00e4rkeren Gewichtheber werden sie erheblichen Widerstand gegen Bizeps- und Trizeps-\u00dcbungen hinzuf\u00fcgen. B\u00e4nder #3 &amp; #4 k\u00f6nnen von st\u00e4rkeren B\u00e4nkern und mit \u00dcbungen im Unterk\u00f6rper, Waden, Quads, Oberschenkelmuskulatur und Ges\u00e4\u00dfmuskulatur verwendet werden.<\/p>\n","protected":false},"featured_media":123232,"comment_status":"open","ping_status":"closed","template":"","meta":[],"product_brand":[],"product_cat":[566,5908],"product_tag":[],"class_list":{"0":"post-123231","1":"product","2":"type-product","3":"status-publish","4":"has-post-thumbnail","6":"product_cat-drogerie-koerperpflege","7":"product_cat-medizinische-geraete-verbrauchsmaterialien","8":"pa_binding-ausruestung","9":"pa_brand-dehub","10":"pa_color-orange","11":"pa_length-41-zoll","12":"pa_manufacturer-dehub","13":"pa_size-35722","14":"pa_weight-3-pfund","16":"first","17":"instock","18":"shipping-taxable","19":"purchasable","20":"product-type-simple","21":"customify-col","22":"product-has-gallery"},"yoast_head":"<!-- This site is optimized with the Yoast SEO plugin v27.3 - https:\/\/yoast.com\/product\/yoast-seo-wordpress\/ -->\n<title>Resistance Bands Lang,DEHUB Wiederstandsbaender Set Sport Elastisch Klimmzugband Gymnastikband Gummib\u00e4nder Fitnessb\u00e4nder\u2026 - Markt-XXL<\/title>\n<meta name=\"description\" content=\"Markt-XXL Resistance Bands Lang,DEHUB Wiederstandsbaender Set Sport Elastisch Klimmzugband Gymnastikband Gummib\u00e4nder Fitnessb\u00e4nder\u2026\" \/>\n<meta name=\"robots\" content=\"index, follow, max-snippet:-1, max-image-preview:large, max-video-preview:-1\" \/>\n<link rel=\"canonical\" href=\"https:\/\/marktxxl.de\/markt\/produkt\/serious-steel-1041-cm-unterstuetztes-klimmzugband-strapazierfaehiges-widerstandsband-sets-stretching-powerlifting-widerstandstraining-und-klimmzughilfe\/\" \/>\n<meta property=\"og:locale\" content=\"de_DE\" \/>\n<meta property=\"og:type\" content=\"article\" \/>\n<meta property=\"og:title\" content=\"Resistance Bands Lang,DEHUB Wiederstandsbaender Set Sport Elastisch Klimmzugband Gymnastikband Gummib\u00e4nder Fitnessb\u00e4nder\u2026 - Markt-XXL\" \/>\n<meta property=\"og:description\" content=\"Markt-XXL Resistance Bands Lang,DEHUB Wiederstandsbaender Set Sport Elastisch Klimmzugband Gymnastikband Gummib\u00e4nder Fitnessb\u00e4nder\u2026\" \/>\n<meta property=\"og:url\" content=\"https:\/\/marktxxl.de\/markt\/produkt\/serious-steel-1041-cm-unterstuetztes-klimmzugband-strapazierfaehiges-widerstandsband-sets-stretching-powerlifting-widerstandstraining-und-klimmzughilfe\/\" \/>\n<meta property=\"og:site_name\" content=\"Markt-XXL\" \/>\n<meta property=\"article:modified_time\" content=\"2023-04-09T01:32:41+00:00\" \/>\n<meta property=\"og:image\" content=\"https:\/\/m.media-amazon.com\/images\/I\/51MvqcZ-X2L._SL500_.jpg\" \/>\n\t<meta property=\"og:image:width\" content=\"500\" \/>\n\t<meta property=\"og:image:height\" content=\"412\" \/>\n\t<meta property=\"og:image:type\" content=\"image\/jpeg\" \/>\n<meta name=\"twitter:card\" content=\"summary_large_image\" \/>\n<meta name=\"twitter:label1\" content=\"Gesch\u00e4tzte Lesezeit\" \/>\n\t<meta name=\"twitter:data1\" content=\"1\u00a0Minute\" \/>\n<script type=\"application\/ld+json\" class=\"yoast-schema-graph\">{\"@context\":\"https:\\\/\\\/schema.org\",\"@graph\":[{\"@type\":\"WebPage\",\"@id\":\"https:\\\/\\\/marktxxl.de\\\/markt\\\/produkt\\\/serious-steel-1041-cm-unterstuetztes-klimmzugband-strapazierfaehiges-widerstandsband-sets-stretching-powerlifting-widerstandstraining-und-klimmzughilfe\\\/\",\"url\":\"https:\\\/\\\/marktxxl.de\\\/markt\\\/produkt\\\/serious-steel-1041-cm-unterstuetztes-klimmzugband-strapazierfaehiges-widerstandsband-sets-stretching-powerlifting-widerstandstraining-und-klimmzughilfe\\\/\",\"name\":\"Resistance Bands Lang,DEHUB Wiederstandsbaender Set Sport Elastisch Klimmzugband Gymnastikband Gummib\u00e4nder Fitnessb\u00e4nder\u2026 - Markt-XXL\",\"isPartOf\":{\"@id\":\"https:\\\/\\\/marktxxl.de\\\/markt\\\/#website\"},\"primaryImageOfPage\":{\"@id\":\"https:\\\/\\\/marktxxl.de\\\/markt\\\/produkt\\\/serious-steel-1041-cm-unterstuetztes-klimmzugband-strapazierfaehiges-widerstandsband-sets-stretching-powerlifting-widerstandstraining-und-klimmzughilfe\\\/#primaryimage\"},\"image\":{\"@id\":\"https:\\\/\\\/marktxxl.de\\\/markt\\\/produkt\\\/serious-steel-1041-cm-unterstuetztes-klimmzugband-strapazierfaehiges-widerstandsband-sets-stretching-powerlifting-widerstandstraining-und-klimmzughilfe\\\/#primaryimage\"},\"thumbnailUrl\":\"https:\\\/\\\/m.media-amazon.com\\\/images\\\/I\\\/51MvqcZ-X2L._SL500_.jpg\",\"datePublished\":\"2022-05-15T08:58:52+00:00\",\"dateModified\":\"2023-04-09T01:32:41+00:00\",\"description\":\"Markt-XXL Resistance Bands Lang,DEHUB Wiederstandsbaender Set Sport Elastisch Klimmzugband Gymnastikband Gummib\u00e4nder Fitnessb\u00e4nder\u2026\",\"breadcrumb\":{\"@id\":\"https:\\\/\\\/marktxxl.de\\\/markt\\\/produkt\\\/serious-steel-1041-cm-unterstuetztes-klimmzugband-strapazierfaehiges-widerstandsband-sets-stretching-powerlifting-widerstandstraining-und-klimmzughilfe\\\/#breadcrumb\"},\"inLanguage\":\"de\",\"potentialAction\":[{\"@type\":\"ReadAction\",\"target\":[\"https:\\\/\\\/marktxxl.de\\\/markt\\\/produkt\\\/serious-steel-1041-cm-unterstuetztes-klimmzugband-strapazierfaehiges-widerstandsband-sets-stretching-powerlifting-widerstandstraining-und-klimmzughilfe\\\/\"]}]},{\"@type\":\"ImageObject\",\"inLanguage\":\"de\",\"@id\":\"https:\\\/\\\/marktxxl.de\\\/markt\\\/produkt\\\/serious-steel-1041-cm-unterstuetztes-klimmzugband-strapazierfaehiges-widerstandsband-sets-stretching-powerlifting-widerstandstraining-und-klimmzughilfe\\\/#primaryimage\",\"url\":\"https:\\\/\\\/m.media-amazon.com\\\/images\\\/I\\\/51MvqcZ-X2L._SL500_.jpg\",\"contentUrl\":\"https:\\\/\\\/m.media-amazon.com\\\/images\\\/I\\\/51MvqcZ-X2L._SL500_.jpg\",\"width\":500,\"height\":412},{\"@type\":\"BreadcrumbList\",\"@id\":\"https:\\\/\\\/marktxxl.de\\\/markt\\\/produkt\\\/serious-steel-1041-cm-unterstuetztes-klimmzugband-strapazierfaehiges-widerstandsband-sets-stretching-powerlifting-widerstandstraining-und-klimmzughilfe\\\/#breadcrumb\",\"itemListElement\":[{\"@type\":\"ListItem\",\"position\":1,\"name\":\"Startseite\",\"item\":\"https:\\\/\\\/marktxxl.de\\\/markt\\\/\"},{\"@type\":\"ListItem\",\"position\":2,\"name\":\"Markt\",\"item\":\"https:\\\/\\\/marktxxl.de\\\/markt\\\/\"},{\"@type\":\"ListItem\",\"position\":3,\"name\":\"Resistance Bands Lang,DEHUB Wiederstandsbaender Set Sport Elastisch Klimmzugband Gymnastikband Gummib\u00e4nder Fitnessb\u00e4nder\u2026\"}]},{\"@type\":\"WebSite\",\"@id\":\"https:\\\/\\\/marktxxl.de\\\/markt\\\/#website\",\"url\":\"https:\\\/\\\/marktxxl.de\\\/markt\\\/\",\"name\":\"Markt-XXL\",\"description\":\"Ihr Markt Online\",\"publisher\":{\"@id\":\"https:\\\/\\\/marktxxl.de\\\/markt\\\/#organization\"},\"potentialAction\":[{\"@type\":\"SearchAction\",\"target\":{\"@type\":\"EntryPoint\",\"urlTemplate\":\"https:\\\/\\\/marktxxl.de\\\/markt\\\/?s={search_term_string}\"},\"query-input\":{\"@type\":\"PropertyValueSpecification\",\"valueRequired\":true,\"valueName\":\"search_term_string\"}}],\"inLanguage\":\"de\"},{\"@type\":\"Organization\",\"@id\":\"https:\\\/\\\/marktxxl.de\\\/markt\\\/#organization\",\"name\":\"Markt-XXL\",\"url\":\"https:\\\/\\\/marktxxl.de\\\/markt\\\/\",\"logo\":{\"@type\":\"ImageObject\",\"inLanguage\":\"de\",\"@id\":\"https:\\\/\\\/marktxxl.de\\\/markt\\\/#\\\/schema\\\/logo\\\/image\\\/\",\"url\":\"https:\\\/\\\/marktxxl.de\\\/markt\\\/wp-content\\\/uploads\\\/sites\\\/3\\\/2020\\\/12\\\/logo.png\",\"contentUrl\":\"https:\\\/\\\/marktxxl.de\\\/markt\\\/wp-content\\\/uploads\\\/sites\\\/3\\\/2020\\\/12\\\/logo.png\",\"width\":200,\"height\":70,\"caption\":\"Markt-XXL\"},\"image\":{\"@id\":\"https:\\\/\\\/marktxxl.de\\\/markt\\\/#\\\/schema\\\/logo\\\/image\\\/\"}}]}<\/script>\n<!-- \/ Yoast SEO plugin. -->","yoast_head_json":{"title":"Resistance Bands Lang,DEHUB Wiederstandsbaender Set Sport Elastisch Klimmzugband Gymnastikband Gummib\u00e4nder Fitnessb\u00e4nder\u2026 - Markt-XXL","description":"Markt-XXL Resistance Bands Lang,DEHUB Wiederstandsbaender Set Sport Elastisch Klimmzugband Gymnastikband Gummib\u00e4nder Fitnessb\u00e4nder\u2026","robots":{"index":"index","follow":"follow","max-snippet":"max-snippet:-1","max-image-preview":"max-image-preview:large","max-video-preview":"max-video-preview:-1"},"canonical":"https:\/\/marktxxl.de\/markt\/produkt\/serious-steel-1041-cm-unterstuetztes-klimmzugband-strapazierfaehiges-widerstandsband-sets-stretching-powerlifting-widerstandstraining-und-klimmzughilfe\/","og_locale":"de_DE","og_type":"article","og_title":"Resistance Bands Lang,DEHUB Wiederstandsbaender Set Sport Elastisch Klimmzugband Gymnastikband Gummib\u00e4nder Fitnessb\u00e4nder\u2026 - Markt-XXL","og_description":"Markt-XXL Resistance Bands Lang,DEHUB Wiederstandsbaender Set Sport Elastisch Klimmzugband Gymnastikband Gummib\u00e4nder Fitnessb\u00e4nder\u2026","og_url":"https:\/\/marktxxl.de\/markt\/produkt\/serious-steel-1041-cm-unterstuetztes-klimmzugband-strapazierfaehiges-widerstandsband-sets-stretching-powerlifting-widerstandstraining-und-klimmzughilfe\/","og_site_name":"Markt-XXL","article_modified_time":"2023-04-09T01:32:41+00:00","og_image":[{"width":500,"height":412,"url":"https:\/\/m.media-amazon.com\/images\/I\/51MvqcZ-X2L._SL500_.jpg","type":"image\/jpeg"}],"twitter_card":"summary_large_image","twitter_misc":{"Gesch\u00e4tzte Lesezeit":"1\u00a0Minute"},"schema":{"@context":"https:\/\/schema.org","@graph":[{"@type":"WebPage","@id":"https:\/\/marktxxl.de\/markt\/produkt\/serious-steel-1041-cm-unterstuetztes-klimmzugband-strapazierfaehiges-widerstandsband-sets-stretching-powerlifting-widerstandstraining-und-klimmzughilfe\/","url":"https:\/\/marktxxl.de\/markt\/produkt\/serious-steel-1041-cm-unterstuetztes-klimmzugband-strapazierfaehiges-widerstandsband-sets-stretching-powerlifting-widerstandstraining-und-klimmzughilfe\/","name":"Resistance Bands Lang,DEHUB Wiederstandsbaender Set Sport Elastisch Klimmzugband Gymnastikband Gummib\u00e4nder Fitnessb\u00e4nder\u2026 - Markt-XXL","isPartOf":{"@id":"https:\/\/marktxxl.de\/markt\/#website"},"primaryImageOfPage":{"@id":"https:\/\/marktxxl.de\/markt\/produkt\/serious-steel-1041-cm-unterstuetztes-klimmzugband-strapazierfaehiges-widerstandsband-sets-stretching-powerlifting-widerstandstraining-und-klimmzughilfe\/#primaryimage"},"image":{"@id":"https:\/\/marktxxl.de\/markt\/produkt\/serious-steel-1041-cm-unterstuetztes-klimmzugband-strapazierfaehiges-widerstandsband-sets-stretching-powerlifting-widerstandstraining-und-klimmzughilfe\/#primaryimage"},"thumbnailUrl":"https:\/\/m.media-amazon.com\/images\/I\/51MvqcZ-X2L._SL500_.jpg","datePublished":"2022-05-15T08:58:52+00:00","dateModified":"2023-04-09T01:32:41+00:00","description":"Markt-XXL Resistance Bands Lang,DEHUB Wiederstandsbaender Set Sport Elastisch Klimmzugband Gymnastikband Gummib\u00e4nder Fitnessb\u00e4nder\u2026","breadcrumb":{"@id":"https:\/\/marktxxl.de\/markt\/produkt\/serious-steel-1041-cm-unterstuetztes-klimmzugband-strapazierfaehiges-widerstandsband-sets-stretching-powerlifting-widerstandstraining-und-klimmzughilfe\/#breadcrumb"},"inLanguage":"de","potentialAction":[{"@type":"ReadAction","target":["https:\/\/marktxxl.de\/markt\/produkt\/serious-steel-1041-cm-unterstuetztes-klimmzugband-strapazierfaehiges-widerstandsband-sets-stretching-powerlifting-widerstandstraining-und-klimmzughilfe\/"]}]},{"@type":"ImageObject","inLanguage":"de","@id":"https:\/\/marktxxl.de\/markt\/produkt\/serious-steel-1041-cm-unterstuetztes-klimmzugband-strapazierfaehiges-widerstandsband-sets-stretching-powerlifting-widerstandstraining-und-klimmzughilfe\/#primaryimage","url":"https:\/\/m.media-amazon.com\/images\/I\/51MvqcZ-X2L._SL500_.jpg","contentUrl":"https:\/\/m.media-amazon.com\/images\/I\/51MvqcZ-X2L._SL500_.jpg","width":500,"height":412},{"@type":"BreadcrumbList","@id":"https:\/\/marktxxl.de\/markt\/produkt\/serious-steel-1041-cm-unterstuetztes-klimmzugband-strapazierfaehiges-widerstandsband-sets-stretching-powerlifting-widerstandstraining-und-klimmzughilfe\/#breadcrumb","itemListElement":[{"@type":"ListItem","position":1,"name":"Startseite","item":"https:\/\/marktxxl.de\/markt\/"},{"@type":"ListItem","position":2,"name":"Markt","item":"https:\/\/marktxxl.de\/markt\/"},{"@type":"ListItem","position":3,"name":"Resistance Bands Lang,DEHUB Wiederstandsbaender Set Sport Elastisch Klimmzugband Gymnastikband Gummib\u00e4nder Fitnessb\u00e4nder\u2026"}]},{"@type":"WebSite","@id":"https:\/\/marktxxl.de\/markt\/#website","url":"https:\/\/marktxxl.de\/markt\/","name":"Markt-XXL","description":"Ihr Markt Online","publisher":{"@id":"https:\/\/marktxxl.de\/markt\/#organization"},"potentialAction":[{"@type":"SearchAction","target":{"@type":"EntryPoint","urlTemplate":"https:\/\/marktxxl.de\/markt\/?s={search_term_string}"},"query-input":{"@type":"PropertyValueSpecification","valueRequired":true,"valueName":"search_term_string"}}],"inLanguage":"de"},{"@type":"Organization","@id":"https:\/\/marktxxl.de\/markt\/#organization","name":"Markt-XXL","url":"https:\/\/marktxxl.de\/markt\/","logo":{"@type":"ImageObject","inLanguage":"de","@id":"https:\/\/marktxxl.de\/markt\/#\/schema\/logo\/image\/","url":"https:\/\/marktxxl.de\/markt\/wp-content\/uploads\/sites\/3\/2020\/12\/logo.png","contentUrl":"https:\/\/marktxxl.de\/markt\/wp-content\/uploads\/sites\/3\/2020\/12\/logo.png","width":200,"height":70,"caption":"Markt-XXL"},"image":{"@id":"https:\/\/marktxxl.de\/markt\/#\/schema\/logo\/image\/"}}]}},"_links":{"self":[{"href":"https:\/\/marktxxl.de\/markt\/wp-json\/wp\/v2\/product\/123231","targetHints":{"allow":["GET"]}}],"collection":[{"href":"https:\/\/marktxxl.de\/markt\/wp-json\/wp\/v2\/product"}],"about":[{"href":"https:\/\/marktxxl.de\/markt\/wp-json\/wp\/v2\/types\/product"}],"replies":[{"embeddable":true,"href":"https:\/\/marktxxl.de\/markt\/wp-json\/wp\/v2\/comments?post=123231"}],"wp:featuredmedia":[{"embeddable":true,"href":"https:\/\/marktxxl.de\/markt\/wp-json\/wp\/v2\/media\/123232"}],"wp:attachment":[{"href":"https:\/\/marktxxl.de\/markt\/wp-json\/wp\/v2\/media?parent=123231"}],"wp:term":[{"taxonomy":"product_brand","embeddable":true,"href":"https:\/\/marktxxl.de\/markt\/wp-json\/wp\/v2\/product_brand?post=123231"},{"taxonomy":"product_cat","embeddable":true,"href":"https:\/\/marktxxl.de\/markt\/wp-json\/wp\/v2\/product_cat?post=123231"},{"taxonomy":"product_tag","embeddable":true,"href":"https:\/\/marktxxl.de\/markt\/wp-json\/wp\/v2\/product_tag?post=123231"}],"curies":[{"name":"wp","href":"https:\/\/api.w.org\/{rel}","templated":true}]}}