{"id":123099,"date":"2022-05-15T10:52:19","date_gmt":"2022-05-15T08:52:19","guid":{"rendered":"https:\/\/marktxxl.de\/markt\/produkt\/booty-baender-fuer-frauen-stoff-widerstandsbaender-gesaess-und-beine-workout-baender-bein-baender-training-kniebeugen-baender-uebungsbaender-gesaess-baender-rutschfeste-mehrfarbig\/"},"modified":"2023-04-09T03:32:39","modified_gmt":"2023-04-09T01:32:39","slug":"booty-baender-fuer-frauen-stoff-widerstandsbaender-gesaess-und-beine-workout-baender-bein-baender-training-kniebeugen-baender-uebungsbaender-gesaess-baender-rutschfeste-mehrfarbig","status":"publish","type":"product","link":"https:\/\/marktxxl.de\/markt\/produkt\/booty-baender-fuer-frauen-stoff-widerstandsbaender-gesaess-und-beine-workout-baender-bein-baender-training-kniebeugen-baender-uebungsbaender-gesaess-baender-rutschfeste-mehrfarbig\/","title":{"rendered":"PeoBeo Widerstandsb\u00e4nder aus Stoff, H\u00fcftband, 3 St\u00fcck, rutschfest, H\u00fcft-Thruster, H\u00fcft-Widerstand, Kreis f\u00fcr Glute\u2026"},"content":{"rendered":"<p>Trainieren Sie Ihren Hintern &#8211; mit unseren hochwertigen H\u00fcft-Widerstandsb\u00e4ndern. Sie richten sich an jene Frauen, die von Mini-Schlaufenb\u00e4ndern satt sind, die sich aufrollen und in die Haut graben. Es ist vorbei. Unsere Stoff-Widerstandsb\u00e4nder f\u00fcr Beine und Hintern haben eine griffige innere Schicht, die perfekt f\u00fcr das Training ohne Sorgen entwickelt wurde.<br \/>\n\ud83e\udd84 3 Widerstandsstufen &#8211; Diese Stoff-Widerstandsb\u00e4nder haben aufgrund der Stoffzusammensetzung einen leichten mittleren und schweren Widerstand und nicht L\u00e4nge der H\u00fcftb\u00e4nder. Sie haben die gleiche Gr\u00f6\u00dfe und sie sind die besten Ges\u00e4\u00dfb\u00e4nder f\u00fcr 80-t\u00e4gige Obsession, Pilates, Yoga, Crossfit, Insanity, aber auch f\u00fcr Training zu Hause wie Kniebeugen, Kickbacks, H\u00fcftbr\u00fccken<br \/>\nZugang zu kompletten Trainingsvideos inklusive: 3 H\u00fcftb\u00e4nder + 1 s\u00fc\u00dfe rosa Reisetasche + Trainingsbuch und Video &#8211; Neben den dicken, rutschfesten Widerstandsb\u00e4ndern erhalten Sie eine pinke Tragetasche, um sie immer sauber zu halten, und ein komplettes Set von 8 \u00dcbungen, um mit dem Training zu beginnen. Au\u00dferdem erhalten Sie Zugang zu Videos mit mehr als 30 \u00dcbungen f\u00fcr Beine und Po<br \/>\n\ud83c\udf81 Wir m\u00f6gen gro\u00dfe Hintern \u2013 und so werden Ihre Freunde sein. Unsere Baumwoll-Widerstands-H\u00fcftb\u00e4nder f\u00fcr Frauen sind das perfekte Geschenk f\u00fcr jede Ihrer sportliebsten Freundinnen. Unsere lieben Kunden lieben die Tuch-Widerstandsb\u00e4nder: lebendig, hell und lebendig und genie\u00dfen Sie ihre Pfirsich-Po-Ergebnisse<br \/>\nInternational products have separate terms, are sold from abroad and may differ from local products, including fit, age ratings, and language of product, labeling or instructions.<br \/>\n<div class=\"main-cross-sell\" data-asin=\"B07H8HQN2P\">\n\n\t<div class=\"WooZone-cross-sell-loader\">\n\t\t<div>\n\t\t\t<div id=\"floatingBarsG\">\n\t\t\t\t<div class=\"blockG\" id=\"rotateG_01\"><\/div>\n\t\t\t\t<div class=\"blockG\" id=\"rotateG_02\"><\/div>\n\t\t\t\t<div class=\"blockG\" id=\"rotateG_03\"><\/div>\n\t\t\t\t<div class=\"blockG\" id=\"rotateG_04\"><\/div>\n\t\t\t\t<div class=\"blockG\" id=\"rotateG_05\"><\/div>\n\t\t\t\t<div class=\"blockG\" id=\"rotateG_06\"><\/div>\n\t\t\t\t<div class=\"blockG\" id=\"rotateG_07\"><\/div>\n\t\t\t\t<div class=\"blockG\" id=\"rotateG_08\"><\/div>\n\t\t\t<\/div>\n\t\t\t<div class=\"WooZone-cross-sell-loader-text\"><\/div>\n\t\t<\/div>\n\t<\/div>\n\n\t\t\n<\/div>\n<div style=\"clear:both;\"><\/div><\/p>\n","protected":false},"excerpt":{"rendered":"<p>Trainieren Sie Ihren Hintern &#8211; mit unseren hochwertigen H\u00fcft-Widerstandsb\u00e4ndern. Sie richten sich an jene Frauen, die von Mini-Schlaufenb\u00e4ndern satt sind, die sich aufrollen und in die Haut graben. Es ist vorbei. Unsere Stoff-Widerstandsb\u00e4nder f\u00fcr Beine und Hintern haben eine griffige innere Schicht, die perfekt f\u00fcr das Training ohne Sorgen entwickelt wurde.<br \/>\n\ud83e\udd84 3 Widerstandsstufen &#8211; Diese Stoff-Widerstandsb\u00e4nder haben aufgrund der Stoffzusammensetzung einen leichten mittleren und schweren Widerstand und nicht L\u00e4nge der H\u00fcftb\u00e4nder. Sie haben die gleiche Gr\u00f6\u00dfe und sie sind die besten Ges\u00e4\u00dfb\u00e4nder f\u00fcr 80-t\u00e4gige Obsession, Pilates, Yoga, Crossfit, Insanity, aber auch f\u00fcr Training zu Hause wie Kniebeugen, Kickbacks, H\u00fcftbr\u00fccken<br \/>\nZugang zu kompletten Trainingsvideos inklusive: 3 H\u00fcftb\u00e4nder + 1 s\u00fc\u00dfe rosa Reisetasche + Trainingsbuch und Video &#8211; Neben den dicken, rutschfesten Widerstandsb\u00e4ndern erhalten Sie eine pinke Tragetasche, um sie immer sauber zu halten, und ein komplettes Set von 8 \u00dcbungen, um mit dem Training zu beginnen. Au\u00dferdem erhalten Sie Zugang zu Videos mit mehr als 30 \u00dcbungen f\u00fcr Beine und Po<\/p>\n","protected":false},"featured_media":123100,"comment_status":"open","ping_status":"closed","template":"","meta":[],"product_brand":[],"product_cat":[566,5908],"product_tag":[],"class_list":{"0":"post-123099","1":"product","2":"type-product","3":"status-publish","4":"has-post-thumbnail","6":"product_cat-drogerie-koerperpflege","7":"product_cat-medizinische-geraete-verbrauchsmaterialien","8":"pa_binding-misc","9":"pa_brand-peobeo","10":"pa_brand-thames-hudson","11":"pa_manufacturer-peobeo","13":"first","14":"instock","15":"shipping-taxable","16":"purchasable","17":"product-type-simple","18":"customify-col","19":"product-has-gallery"},"yoast_head":"<!-- This site is optimized with the Yoast SEO plugin v27.4 - https:\/\/yoast.com\/product\/yoast-seo-wordpress\/ -->\n<title>PeoBeo Widerstandsb\u00e4nder aus Stoff, H\u00fcftband, 3 St\u00fcck, rutschfest, H\u00fcft-Thruster, H\u00fcft-Widerstand, Kreis f\u00fcr Glute\u2026 - Markt-XXL<\/title>\n<meta name=\"description\" content=\"Markt-XXL PeoBeo Widerstandsb\u00e4nder aus Stoff, H\u00fcftband, 3 St\u00fcck, rutschfest, H\u00fcft-Thruster, H\u00fcft-Widerstand, Kreis f\u00fcr Glute\u2026\" \/>\n<meta name=\"robots\" content=\"index, follow, max-snippet:-1, max-image-preview:large, max-video-preview:-1\" \/>\n<link rel=\"canonical\" href=\"https:\/\/marktxxl.de\/markt\/produkt\/booty-baender-fuer-frauen-stoff-widerstandsbaender-gesaess-und-beine-workout-baender-bein-baender-training-kniebeugen-baender-uebungsbaender-gesaess-baender-rutschfeste-mehrfarbig\/\" \/>\n<meta property=\"og:locale\" content=\"de_DE\" \/>\n<meta property=\"og:type\" content=\"article\" \/>\n<meta property=\"og:title\" content=\"PeoBeo Widerstandsb\u00e4nder aus Stoff, H\u00fcftband, 3 St\u00fcck, rutschfest, H\u00fcft-Thruster, H\u00fcft-Widerstand, Kreis f\u00fcr Glute\u2026 - Markt-XXL\" \/>\n<meta property=\"og:description\" content=\"Markt-XXL PeoBeo Widerstandsb\u00e4nder aus Stoff, H\u00fcftband, 3 St\u00fcck, rutschfest, H\u00fcft-Thruster, H\u00fcft-Widerstand, Kreis f\u00fcr Glute\u2026\" \/>\n<meta property=\"og:url\" content=\"https:\/\/marktxxl.de\/markt\/produkt\/booty-baender-fuer-frauen-stoff-widerstandsbaender-gesaess-und-beine-workout-baender-bein-baender-training-kniebeugen-baender-uebungsbaender-gesaess-baender-rutschfeste-mehrfarbig\/\" \/>\n<meta property=\"og:site_name\" content=\"Markt-XXL\" \/>\n<meta property=\"article:modified_time\" content=\"2023-04-09T01:32:39+00:00\" \/>\n<meta property=\"og:image\" content=\"https:\/\/m.media-amazon.com\/images\/I\/51kAOi4tpML._SL500_.jpg\" \/>\n\t<meta property=\"og:image:width\" content=\"500\" \/>\n\t<meta property=\"og:image:height\" content=\"500\" \/>\n\t<meta property=\"og:image:type\" content=\"image\/jpeg\" \/>\n<meta name=\"twitter:card\" content=\"summary_large_image\" \/>\n<meta name=\"twitter:label1\" content=\"Gesch\u00e4tzte Lesezeit\" \/>\n\t<meta name=\"twitter:data1\" content=\"1\u00a0Minute\" \/>\n<script type=\"application\/ld+json\" class=\"yoast-schema-graph\">{\"@context\":\"https:\\\/\\\/schema.org\",\"@graph\":[{\"@type\":\"WebPage\",\"@id\":\"https:\\\/\\\/marktxxl.de\\\/markt\\\/produkt\\\/booty-baender-fuer-frauen-stoff-widerstandsbaender-gesaess-und-beine-workout-baender-bein-baender-training-kniebeugen-baender-uebungsbaender-gesaess-baender-rutschfeste-mehrfarbig\\\/\",\"url\":\"https:\\\/\\\/marktxxl.de\\\/markt\\\/produkt\\\/booty-baender-fuer-frauen-stoff-widerstandsbaender-gesaess-und-beine-workout-baender-bein-baender-training-kniebeugen-baender-uebungsbaender-gesaess-baender-rutschfeste-mehrfarbig\\\/\",\"name\":\"PeoBeo Widerstandsb\u00e4nder aus Stoff, H\u00fcftband, 3 St\u00fcck, rutschfest, H\u00fcft-Thruster, H\u00fcft-Widerstand, Kreis f\u00fcr Glute\u2026 - Markt-XXL\",\"isPartOf\":{\"@id\":\"https:\\\/\\\/marktxxl.de\\\/markt\\\/#website\"},\"primaryImageOfPage\":{\"@id\":\"https:\\\/\\\/marktxxl.de\\\/markt\\\/produkt\\\/booty-baender-fuer-frauen-stoff-widerstandsbaender-gesaess-und-beine-workout-baender-bein-baender-training-kniebeugen-baender-uebungsbaender-gesaess-baender-rutschfeste-mehrfarbig\\\/#primaryimage\"},\"image\":{\"@id\":\"https:\\\/\\\/marktxxl.de\\\/markt\\\/produkt\\\/booty-baender-fuer-frauen-stoff-widerstandsbaender-gesaess-und-beine-workout-baender-bein-baender-training-kniebeugen-baender-uebungsbaender-gesaess-baender-rutschfeste-mehrfarbig\\\/#primaryimage\"},\"thumbnailUrl\":\"https:\\\/\\\/m.media-amazon.com\\\/images\\\/I\\\/51kAOi4tpML._SL500_.jpg\",\"datePublished\":\"2022-05-15T08:52:19+00:00\",\"dateModified\":\"2023-04-09T01:32:39+00:00\",\"description\":\"Markt-XXL PeoBeo Widerstandsb\u00e4nder aus Stoff, H\u00fcftband, 3 St\u00fcck, rutschfest, H\u00fcft-Thruster, H\u00fcft-Widerstand, Kreis f\u00fcr Glute\u2026\",\"breadcrumb\":{\"@id\":\"https:\\\/\\\/marktxxl.de\\\/markt\\\/produkt\\\/booty-baender-fuer-frauen-stoff-widerstandsbaender-gesaess-und-beine-workout-baender-bein-baender-training-kniebeugen-baender-uebungsbaender-gesaess-baender-rutschfeste-mehrfarbig\\\/#breadcrumb\"},\"inLanguage\":\"de\",\"potentialAction\":[{\"@type\":\"ReadAction\",\"target\":[\"https:\\\/\\\/marktxxl.de\\\/markt\\\/produkt\\\/booty-baender-fuer-frauen-stoff-widerstandsbaender-gesaess-und-beine-workout-baender-bein-baender-training-kniebeugen-baender-uebungsbaender-gesaess-baender-rutschfeste-mehrfarbig\\\/\"]}]},{\"@type\":\"ImageObject\",\"inLanguage\":\"de\",\"@id\":\"https:\\\/\\\/marktxxl.de\\\/markt\\\/produkt\\\/booty-baender-fuer-frauen-stoff-widerstandsbaender-gesaess-und-beine-workout-baender-bein-baender-training-kniebeugen-baender-uebungsbaender-gesaess-baender-rutschfeste-mehrfarbig\\\/#primaryimage\",\"url\":\"https:\\\/\\\/m.media-amazon.com\\\/images\\\/I\\\/51kAOi4tpML._SL500_.jpg\",\"contentUrl\":\"https:\\\/\\\/m.media-amazon.com\\\/images\\\/I\\\/51kAOi4tpML._SL500_.jpg\",\"width\":500,\"height\":500},{\"@type\":\"BreadcrumbList\",\"@id\":\"https:\\\/\\\/marktxxl.de\\\/markt\\\/produkt\\\/booty-baender-fuer-frauen-stoff-widerstandsbaender-gesaess-und-beine-workout-baender-bein-baender-training-kniebeugen-baender-uebungsbaender-gesaess-baender-rutschfeste-mehrfarbig\\\/#breadcrumb\",\"itemListElement\":[{\"@type\":\"ListItem\",\"position\":1,\"name\":\"Startseite\",\"item\":\"https:\\\/\\\/marktxxl.de\\\/markt\\\/\"},{\"@type\":\"ListItem\",\"position\":2,\"name\":\"Markt\",\"item\":\"https:\\\/\\\/marktxxl.de\\\/markt\\\/\"},{\"@type\":\"ListItem\",\"position\":3,\"name\":\"PeoBeo Widerstandsb\u00e4nder aus Stoff, H\u00fcftband, 3 St\u00fcck, rutschfest, H\u00fcft-Thruster, H\u00fcft-Widerstand, Kreis f\u00fcr Glute\u2026\"}]},{\"@type\":\"WebSite\",\"@id\":\"https:\\\/\\\/marktxxl.de\\\/markt\\\/#website\",\"url\":\"https:\\\/\\\/marktxxl.de\\\/markt\\\/\",\"name\":\"Markt-XXL\",\"description\":\"Ihr Markt Online\",\"publisher\":{\"@id\":\"https:\\\/\\\/marktxxl.de\\\/markt\\\/#organization\"},\"potentialAction\":[{\"@type\":\"SearchAction\",\"target\":{\"@type\":\"EntryPoint\",\"urlTemplate\":\"https:\\\/\\\/marktxxl.de\\\/markt\\\/?s={search_term_string}\"},\"query-input\":{\"@type\":\"PropertyValueSpecification\",\"valueRequired\":true,\"valueName\":\"search_term_string\"}}],\"inLanguage\":\"de\"},{\"@type\":\"Organization\",\"@id\":\"https:\\\/\\\/marktxxl.de\\\/markt\\\/#organization\",\"name\":\"Markt-XXL\",\"url\":\"https:\\\/\\\/marktxxl.de\\\/markt\\\/\",\"logo\":{\"@type\":\"ImageObject\",\"inLanguage\":\"de\",\"@id\":\"https:\\\/\\\/marktxxl.de\\\/markt\\\/#\\\/schema\\\/logo\\\/image\\\/\",\"url\":\"https:\\\/\\\/marktxxl.de\\\/markt\\\/wp-content\\\/uploads\\\/sites\\\/3\\\/2020\\\/12\\\/logo.png\",\"contentUrl\":\"https:\\\/\\\/marktxxl.de\\\/markt\\\/wp-content\\\/uploads\\\/sites\\\/3\\\/2020\\\/12\\\/logo.png\",\"width\":200,\"height\":70,\"caption\":\"Markt-XXL\"},\"image\":{\"@id\":\"https:\\\/\\\/marktxxl.de\\\/markt\\\/#\\\/schema\\\/logo\\\/image\\\/\"}}]}<\/script>\n<!-- \/ Yoast SEO plugin. -->","yoast_head_json":{"title":"PeoBeo Widerstandsb\u00e4nder aus Stoff, H\u00fcftband, 3 St\u00fcck, rutschfest, H\u00fcft-Thruster, H\u00fcft-Widerstand, Kreis f\u00fcr Glute\u2026 - Markt-XXL","description":"Markt-XXL PeoBeo Widerstandsb\u00e4nder aus Stoff, H\u00fcftband, 3 St\u00fcck, rutschfest, H\u00fcft-Thruster, H\u00fcft-Widerstand, Kreis f\u00fcr Glute\u2026","robots":{"index":"index","follow":"follow","max-snippet":"max-snippet:-1","max-image-preview":"max-image-preview:large","max-video-preview":"max-video-preview:-1"},"canonical":"https:\/\/marktxxl.de\/markt\/produkt\/booty-baender-fuer-frauen-stoff-widerstandsbaender-gesaess-und-beine-workout-baender-bein-baender-training-kniebeugen-baender-uebungsbaender-gesaess-baender-rutschfeste-mehrfarbig\/","og_locale":"de_DE","og_type":"article","og_title":"PeoBeo Widerstandsb\u00e4nder aus Stoff, H\u00fcftband, 3 St\u00fcck, rutschfest, H\u00fcft-Thruster, H\u00fcft-Widerstand, Kreis f\u00fcr Glute\u2026 - Markt-XXL","og_description":"Markt-XXL PeoBeo Widerstandsb\u00e4nder aus Stoff, H\u00fcftband, 3 St\u00fcck, rutschfest, H\u00fcft-Thruster, H\u00fcft-Widerstand, Kreis f\u00fcr Glute\u2026","og_url":"https:\/\/marktxxl.de\/markt\/produkt\/booty-baender-fuer-frauen-stoff-widerstandsbaender-gesaess-und-beine-workout-baender-bein-baender-training-kniebeugen-baender-uebungsbaender-gesaess-baender-rutschfeste-mehrfarbig\/","og_site_name":"Markt-XXL","article_modified_time":"2023-04-09T01:32:39+00:00","og_image":[{"width":500,"height":500,"url":"https:\/\/m.media-amazon.com\/images\/I\/51kAOi4tpML._SL500_.jpg","type":"image\/jpeg"}],"twitter_card":"summary_large_image","twitter_misc":{"Gesch\u00e4tzte Lesezeit":"1\u00a0Minute"},"schema":{"@context":"https:\/\/schema.org","@graph":[{"@type":"WebPage","@id":"https:\/\/marktxxl.de\/markt\/produkt\/booty-baender-fuer-frauen-stoff-widerstandsbaender-gesaess-und-beine-workout-baender-bein-baender-training-kniebeugen-baender-uebungsbaender-gesaess-baender-rutschfeste-mehrfarbig\/","url":"https:\/\/marktxxl.de\/markt\/produkt\/booty-baender-fuer-frauen-stoff-widerstandsbaender-gesaess-und-beine-workout-baender-bein-baender-training-kniebeugen-baender-uebungsbaender-gesaess-baender-rutschfeste-mehrfarbig\/","name":"PeoBeo Widerstandsb\u00e4nder aus Stoff, H\u00fcftband, 3 St\u00fcck, rutschfest, H\u00fcft-Thruster, H\u00fcft-Widerstand, Kreis f\u00fcr Glute\u2026 - Markt-XXL","isPartOf":{"@id":"https:\/\/marktxxl.de\/markt\/#website"},"primaryImageOfPage":{"@id":"https:\/\/marktxxl.de\/markt\/produkt\/booty-baender-fuer-frauen-stoff-widerstandsbaender-gesaess-und-beine-workout-baender-bein-baender-training-kniebeugen-baender-uebungsbaender-gesaess-baender-rutschfeste-mehrfarbig\/#primaryimage"},"image":{"@id":"https:\/\/marktxxl.de\/markt\/produkt\/booty-baender-fuer-frauen-stoff-widerstandsbaender-gesaess-und-beine-workout-baender-bein-baender-training-kniebeugen-baender-uebungsbaender-gesaess-baender-rutschfeste-mehrfarbig\/#primaryimage"},"thumbnailUrl":"https:\/\/m.media-amazon.com\/images\/I\/51kAOi4tpML._SL500_.jpg","datePublished":"2022-05-15T08:52:19+00:00","dateModified":"2023-04-09T01:32:39+00:00","description":"Markt-XXL PeoBeo Widerstandsb\u00e4nder aus Stoff, H\u00fcftband, 3 St\u00fcck, rutschfest, H\u00fcft-Thruster, H\u00fcft-Widerstand, Kreis f\u00fcr Glute\u2026","breadcrumb":{"@id":"https:\/\/marktxxl.de\/markt\/produkt\/booty-baender-fuer-frauen-stoff-widerstandsbaender-gesaess-und-beine-workout-baender-bein-baender-training-kniebeugen-baender-uebungsbaender-gesaess-baender-rutschfeste-mehrfarbig\/#breadcrumb"},"inLanguage":"de","potentialAction":[{"@type":"ReadAction","target":["https:\/\/marktxxl.de\/markt\/produkt\/booty-baender-fuer-frauen-stoff-widerstandsbaender-gesaess-und-beine-workout-baender-bein-baender-training-kniebeugen-baender-uebungsbaender-gesaess-baender-rutschfeste-mehrfarbig\/"]}]},{"@type":"ImageObject","inLanguage":"de","@id":"https:\/\/marktxxl.de\/markt\/produkt\/booty-baender-fuer-frauen-stoff-widerstandsbaender-gesaess-und-beine-workout-baender-bein-baender-training-kniebeugen-baender-uebungsbaender-gesaess-baender-rutschfeste-mehrfarbig\/#primaryimage","url":"https:\/\/m.media-amazon.com\/images\/I\/51kAOi4tpML._SL500_.jpg","contentUrl":"https:\/\/m.media-amazon.com\/images\/I\/51kAOi4tpML._SL500_.jpg","width":500,"height":500},{"@type":"BreadcrumbList","@id":"https:\/\/marktxxl.de\/markt\/produkt\/booty-baender-fuer-frauen-stoff-widerstandsbaender-gesaess-und-beine-workout-baender-bein-baender-training-kniebeugen-baender-uebungsbaender-gesaess-baender-rutschfeste-mehrfarbig\/#breadcrumb","itemListElement":[{"@type":"ListItem","position":1,"name":"Startseite","item":"https:\/\/marktxxl.de\/markt\/"},{"@type":"ListItem","position":2,"name":"Markt","item":"https:\/\/marktxxl.de\/markt\/"},{"@type":"ListItem","position":3,"name":"PeoBeo Widerstandsb\u00e4nder aus Stoff, H\u00fcftband, 3 St\u00fcck, rutschfest, H\u00fcft-Thruster, H\u00fcft-Widerstand, Kreis f\u00fcr Glute\u2026"}]},{"@type":"WebSite","@id":"https:\/\/marktxxl.de\/markt\/#website","url":"https:\/\/marktxxl.de\/markt\/","name":"Markt-XXL","description":"Ihr Markt Online","publisher":{"@id":"https:\/\/marktxxl.de\/markt\/#organization"},"potentialAction":[{"@type":"SearchAction","target":{"@type":"EntryPoint","urlTemplate":"https:\/\/marktxxl.de\/markt\/?s={search_term_string}"},"query-input":{"@type":"PropertyValueSpecification","valueRequired":true,"valueName":"search_term_string"}}],"inLanguage":"de"},{"@type":"Organization","@id":"https:\/\/marktxxl.de\/markt\/#organization","name":"Markt-XXL","url":"https:\/\/marktxxl.de\/markt\/","logo":{"@type":"ImageObject","inLanguage":"de","@id":"https:\/\/marktxxl.de\/markt\/#\/schema\/logo\/image\/","url":"https:\/\/marktxxl.de\/markt\/wp-content\/uploads\/sites\/3\/2020\/12\/logo.png","contentUrl":"https:\/\/marktxxl.de\/markt\/wp-content\/uploads\/sites\/3\/2020\/12\/logo.png","width":200,"height":70,"caption":"Markt-XXL"},"image":{"@id":"https:\/\/marktxxl.de\/markt\/#\/schema\/logo\/image\/"}}]}},"_links":{"self":[{"href":"https:\/\/marktxxl.de\/markt\/wp-json\/wp\/v2\/product\/123099","targetHints":{"allow":["GET"]}}],"collection":[{"href":"https:\/\/marktxxl.de\/markt\/wp-json\/wp\/v2\/product"}],"about":[{"href":"https:\/\/marktxxl.de\/markt\/wp-json\/wp\/v2\/types\/product"}],"replies":[{"embeddable":true,"href":"https:\/\/marktxxl.de\/markt\/wp-json\/wp\/v2\/comments?post=123099"}],"wp:featuredmedia":[{"embeddable":true,"href":"https:\/\/marktxxl.de\/markt\/wp-json\/wp\/v2\/media\/123100"}],"wp:attachment":[{"href":"https:\/\/marktxxl.de\/markt\/wp-json\/wp\/v2\/media?parent=123099"}],"wp:term":[{"taxonomy":"product_brand","embeddable":true,"href":"https:\/\/marktxxl.de\/markt\/wp-json\/wp\/v2\/product_brand?post=123099"},{"taxonomy":"product_cat","embeddable":true,"href":"https:\/\/marktxxl.de\/markt\/wp-json\/wp\/v2\/product_cat?post=123099"},{"taxonomy":"product_tag","embeddable":true,"href":"https:\/\/marktxxl.de\/markt\/wp-json\/wp\/v2\/product_tag?post=123099"}],"curies":[{"name":"wp","href":"https:\/\/api.w.org\/{rel}","templated":true}]}}