{"id":122963,"date":"2022-05-15T10:46:31","date_gmt":"2022-05-15T08:46:31","guid":{"rendered":"https:\/\/marktxxl.de\/markt\/produkt\/ellen-av2021-ellen-ellen-probiotischer-tampon-fa2e9a84\/"},"modified":"2023-04-09T03:32:36","modified_gmt":"2023-04-09T01:32:36","slug":"ellen-av2021-ellen-ellen-probiotischer-tampon-fa2e9a84","status":"publish","type":"product","link":"https:\/\/marktxxl.de\/markt\/produkt\/ellen-av2021-ellen-ellen-probiotischer-tampon-fa2e9a84\/","title":{"rendered":"Ellen Probiotischer Tampon Mini"},"content":{"rendered":"<p>ellen probiotischer tampon mini 14 st\u00fcck<br \/>\nenth\u00e4lt eine probiotische mischung aus drei milchs\u00e4ure produzierenden bakterienst\u00e4mmen.<br \/>\ndurch die zufuhr der probiotischen bakterien kann die nat\u00fcrliche vaginalflora und der ph-wert in der scheide aufrechterhalten werden.<br \/>\nist f\u00fcr den langfristigen einsatz geeignet und kann nicht \u00fcberdosiert werden.<br \/>\ngr\u00f6sse mini &#8211; f\u00fcr tage mit leichter regelblutung<br \/>\nAnzahl\u00a0der\u00a0einheiten: 14.0<br \/>\n<div class=\"main-cross-sell\" data-asin=\"B09S8Z3GPX\">\n\n\t<div class=\"WooZone-cross-sell-loader\">\n\t\t<div>\n\t\t\t<div id=\"floatingBarsG\">\n\t\t\t\t<div class=\"blockG\" id=\"rotateG_01\"><\/div>\n\t\t\t\t<div class=\"blockG\" id=\"rotateG_02\"><\/div>\n\t\t\t\t<div class=\"blockG\" id=\"rotateG_03\"><\/div>\n\t\t\t\t<div class=\"blockG\" id=\"rotateG_04\"><\/div>\n\t\t\t\t<div class=\"blockG\" id=\"rotateG_05\"><\/div>\n\t\t\t\t<div class=\"blockG\" id=\"rotateG_06\"><\/div>\n\t\t\t\t<div class=\"blockG\" id=\"rotateG_07\"><\/div>\n\t\t\t\t<div class=\"blockG\" id=\"rotateG_08\"><\/div>\n\t\t\t<\/div>\n\t\t\t<div class=\"WooZone-cross-sell-loader-text\"><\/div>\n\t\t<\/div>\n\t<\/div>\n\n\t\t\n<\/div>\n<div style=\"clear:both;\"><\/div><\/p>\n","protected":false},"excerpt":{"rendered":"<p>ellen probiotischer tampon mini 14 st\u00fcck<br \/>\nenth\u00e4lt eine probiotische mischung aus drei milchs\u00e4ure produzierenden bakterienst\u00e4mmen.<br \/>\ndurch die zufuhr der probiotischen bakterien kann die nat\u00fcrliche vaginalflora und der ph-wert in der scheide aufrechterhalten werden.<\/p>\n","protected":false},"featured_media":122964,"comment_status":"open","ping_status":"closed","template":"","meta":[],"product_brand":[],"product_cat":[566,5680],"product_tag":[],"class_list":{"0":"post-122963","1":"product","2":"type-product","3":"status-publish","4":"has-post-thumbnail","6":"product_cat-drogerie-koerperpflege","7":"product_cat-intime-pflege-hygiene","8":"pa_binding-badartikel","9":"pa_brand-ellen","11":"first","12":"instock","13":"shipping-taxable","14":"purchasable","15":"product-type-simple","16":"customify-col","17":"product-has-gallery"},"yoast_head":"<!-- This site is optimized with the Yoast SEO plugin v27.4 - https:\/\/yoast.com\/product\/yoast-seo-wordpress\/ -->\n<title>Ellen Probiotischer Tampon Mini - Markt-XXL<\/title>\n<meta name=\"description\" content=\"Markt-XXL Ellen Probiotischer Tampon Mini\" \/>\n<meta name=\"robots\" content=\"index, follow, max-snippet:-1, max-image-preview:large, max-video-preview:-1\" \/>\n<link rel=\"canonical\" href=\"https:\/\/marktxxl.de\/markt\/produkt\/ellen-av2021-ellen-ellen-probiotischer-tampon-fa2e9a84\/\" \/>\n<meta property=\"og:locale\" content=\"de_DE\" \/>\n<meta property=\"og:type\" content=\"article\" \/>\n<meta property=\"og:title\" content=\"Ellen Probiotischer Tampon Mini - Markt-XXL\" \/>\n<meta property=\"og:description\" content=\"Markt-XXL Ellen Probiotischer Tampon Mini\" \/>\n<meta property=\"og:url\" content=\"https:\/\/marktxxl.de\/markt\/produkt\/ellen-av2021-ellen-ellen-probiotischer-tampon-fa2e9a84\/\" \/>\n<meta property=\"og:site_name\" content=\"Markt-XXL\" \/>\n<meta property=\"article:modified_time\" content=\"2023-04-09T01:32:36+00:00\" \/>\n<meta property=\"og:image\" content=\"https:\/\/m.media-amazon.com\/images\/I\/31LXV0BscIS._SL500_.jpg\" \/>\n\t<meta property=\"og:image:width\" content=\"500\" \/>\n\t<meta property=\"og:image:height\" content=\"500\" \/>\n\t<meta property=\"og:image:type\" content=\"image\/jpeg\" \/>\n<meta name=\"twitter:card\" content=\"summary_large_image\" \/>\n<script type=\"application\/ld+json\" class=\"yoast-schema-graph\">{\"@context\":\"https:\\\/\\\/schema.org\",\"@graph\":[{\"@type\":\"WebPage\",\"@id\":\"https:\\\/\\\/marktxxl.de\\\/markt\\\/produkt\\\/ellen-av2021-ellen-ellen-probiotischer-tampon-fa2e9a84\\\/\",\"url\":\"https:\\\/\\\/marktxxl.de\\\/markt\\\/produkt\\\/ellen-av2021-ellen-ellen-probiotischer-tampon-fa2e9a84\\\/\",\"name\":\"Ellen Probiotischer Tampon Mini - Markt-XXL\",\"isPartOf\":{\"@id\":\"https:\\\/\\\/marktxxl.de\\\/markt\\\/#website\"},\"primaryImageOfPage\":{\"@id\":\"https:\\\/\\\/marktxxl.de\\\/markt\\\/produkt\\\/ellen-av2021-ellen-ellen-probiotischer-tampon-fa2e9a84\\\/#primaryimage\"},\"image\":{\"@id\":\"https:\\\/\\\/marktxxl.de\\\/markt\\\/produkt\\\/ellen-av2021-ellen-ellen-probiotischer-tampon-fa2e9a84\\\/#primaryimage\"},\"thumbnailUrl\":\"https:\\\/\\\/m.media-amazon.com\\\/images\\\/I\\\/31LXV0BscIS._SL500_.jpg\",\"datePublished\":\"2022-05-15T08:46:31+00:00\",\"dateModified\":\"2023-04-09T01:32:36+00:00\",\"description\":\"Markt-XXL Ellen Probiotischer Tampon Mini\",\"breadcrumb\":{\"@id\":\"https:\\\/\\\/marktxxl.de\\\/markt\\\/produkt\\\/ellen-av2021-ellen-ellen-probiotischer-tampon-fa2e9a84\\\/#breadcrumb\"},\"inLanguage\":\"de\",\"potentialAction\":[{\"@type\":\"ReadAction\",\"target\":[\"https:\\\/\\\/marktxxl.de\\\/markt\\\/produkt\\\/ellen-av2021-ellen-ellen-probiotischer-tampon-fa2e9a84\\\/\"]}]},{\"@type\":\"ImageObject\",\"inLanguage\":\"de\",\"@id\":\"https:\\\/\\\/marktxxl.de\\\/markt\\\/produkt\\\/ellen-av2021-ellen-ellen-probiotischer-tampon-fa2e9a84\\\/#primaryimage\",\"url\":\"https:\\\/\\\/m.media-amazon.com\\\/images\\\/I\\\/31LXV0BscIS._SL500_.jpg\",\"contentUrl\":\"https:\\\/\\\/m.media-amazon.com\\\/images\\\/I\\\/31LXV0BscIS._SL500_.jpg\",\"width\":500,\"height\":500},{\"@type\":\"BreadcrumbList\",\"@id\":\"https:\\\/\\\/marktxxl.de\\\/markt\\\/produkt\\\/ellen-av2021-ellen-ellen-probiotischer-tampon-fa2e9a84\\\/#breadcrumb\",\"itemListElement\":[{\"@type\":\"ListItem\",\"position\":1,\"name\":\"Startseite\",\"item\":\"https:\\\/\\\/marktxxl.de\\\/markt\\\/\"},{\"@type\":\"ListItem\",\"position\":2,\"name\":\"Markt\",\"item\":\"https:\\\/\\\/marktxxl.de\\\/markt\\\/\"},{\"@type\":\"ListItem\",\"position\":3,\"name\":\"Ellen Probiotischer Tampon Mini\"}]},{\"@type\":\"WebSite\",\"@id\":\"https:\\\/\\\/marktxxl.de\\\/markt\\\/#website\",\"url\":\"https:\\\/\\\/marktxxl.de\\\/markt\\\/\",\"name\":\"Markt-XXL\",\"description\":\"Ihr Markt Online\",\"publisher\":{\"@id\":\"https:\\\/\\\/marktxxl.de\\\/markt\\\/#organization\"},\"potentialAction\":[{\"@type\":\"SearchAction\",\"target\":{\"@type\":\"EntryPoint\",\"urlTemplate\":\"https:\\\/\\\/marktxxl.de\\\/markt\\\/?s={search_term_string}\"},\"query-input\":{\"@type\":\"PropertyValueSpecification\",\"valueRequired\":true,\"valueName\":\"search_term_string\"}}],\"inLanguage\":\"de\"},{\"@type\":\"Organization\",\"@id\":\"https:\\\/\\\/marktxxl.de\\\/markt\\\/#organization\",\"name\":\"Markt-XXL\",\"url\":\"https:\\\/\\\/marktxxl.de\\\/markt\\\/\",\"logo\":{\"@type\":\"ImageObject\",\"inLanguage\":\"de\",\"@id\":\"https:\\\/\\\/marktxxl.de\\\/markt\\\/#\\\/schema\\\/logo\\\/image\\\/\",\"url\":\"https:\\\/\\\/marktxxl.de\\\/markt\\\/wp-content\\\/uploads\\\/sites\\\/3\\\/2020\\\/12\\\/logo.png\",\"contentUrl\":\"https:\\\/\\\/marktxxl.de\\\/markt\\\/wp-content\\\/uploads\\\/sites\\\/3\\\/2020\\\/12\\\/logo.png\",\"width\":200,\"height\":70,\"caption\":\"Markt-XXL\"},\"image\":{\"@id\":\"https:\\\/\\\/marktxxl.de\\\/markt\\\/#\\\/schema\\\/logo\\\/image\\\/\"}}]}<\/script>\n<!-- \/ Yoast SEO plugin. -->","yoast_head_json":{"title":"Ellen Probiotischer Tampon Mini - Markt-XXL","description":"Markt-XXL Ellen Probiotischer Tampon Mini","robots":{"index":"index","follow":"follow","max-snippet":"max-snippet:-1","max-image-preview":"max-image-preview:large","max-video-preview":"max-video-preview:-1"},"canonical":"https:\/\/marktxxl.de\/markt\/produkt\/ellen-av2021-ellen-ellen-probiotischer-tampon-fa2e9a84\/","og_locale":"de_DE","og_type":"article","og_title":"Ellen Probiotischer Tampon Mini - Markt-XXL","og_description":"Markt-XXL Ellen Probiotischer Tampon Mini","og_url":"https:\/\/marktxxl.de\/markt\/produkt\/ellen-av2021-ellen-ellen-probiotischer-tampon-fa2e9a84\/","og_site_name":"Markt-XXL","article_modified_time":"2023-04-09T01:32:36+00:00","og_image":[{"width":500,"height":500,"url":"https:\/\/m.media-amazon.com\/images\/I\/31LXV0BscIS._SL500_.jpg","type":"image\/jpeg"}],"twitter_card":"summary_large_image","schema":{"@context":"https:\/\/schema.org","@graph":[{"@type":"WebPage","@id":"https:\/\/marktxxl.de\/markt\/produkt\/ellen-av2021-ellen-ellen-probiotischer-tampon-fa2e9a84\/","url":"https:\/\/marktxxl.de\/markt\/produkt\/ellen-av2021-ellen-ellen-probiotischer-tampon-fa2e9a84\/","name":"Ellen Probiotischer Tampon Mini - Markt-XXL","isPartOf":{"@id":"https:\/\/marktxxl.de\/markt\/#website"},"primaryImageOfPage":{"@id":"https:\/\/marktxxl.de\/markt\/produkt\/ellen-av2021-ellen-ellen-probiotischer-tampon-fa2e9a84\/#primaryimage"},"image":{"@id":"https:\/\/marktxxl.de\/markt\/produkt\/ellen-av2021-ellen-ellen-probiotischer-tampon-fa2e9a84\/#primaryimage"},"thumbnailUrl":"https:\/\/m.media-amazon.com\/images\/I\/31LXV0BscIS._SL500_.jpg","datePublished":"2022-05-15T08:46:31+00:00","dateModified":"2023-04-09T01:32:36+00:00","description":"Markt-XXL Ellen Probiotischer Tampon Mini","breadcrumb":{"@id":"https:\/\/marktxxl.de\/markt\/produkt\/ellen-av2021-ellen-ellen-probiotischer-tampon-fa2e9a84\/#breadcrumb"},"inLanguage":"de","potentialAction":[{"@type":"ReadAction","target":["https:\/\/marktxxl.de\/markt\/produkt\/ellen-av2021-ellen-ellen-probiotischer-tampon-fa2e9a84\/"]}]},{"@type":"ImageObject","inLanguage":"de","@id":"https:\/\/marktxxl.de\/markt\/produkt\/ellen-av2021-ellen-ellen-probiotischer-tampon-fa2e9a84\/#primaryimage","url":"https:\/\/m.media-amazon.com\/images\/I\/31LXV0BscIS._SL500_.jpg","contentUrl":"https:\/\/m.media-amazon.com\/images\/I\/31LXV0BscIS._SL500_.jpg","width":500,"height":500},{"@type":"BreadcrumbList","@id":"https:\/\/marktxxl.de\/markt\/produkt\/ellen-av2021-ellen-ellen-probiotischer-tampon-fa2e9a84\/#breadcrumb","itemListElement":[{"@type":"ListItem","position":1,"name":"Startseite","item":"https:\/\/marktxxl.de\/markt\/"},{"@type":"ListItem","position":2,"name":"Markt","item":"https:\/\/marktxxl.de\/markt\/"},{"@type":"ListItem","position":3,"name":"Ellen Probiotischer Tampon Mini"}]},{"@type":"WebSite","@id":"https:\/\/marktxxl.de\/markt\/#website","url":"https:\/\/marktxxl.de\/markt\/","name":"Markt-XXL","description":"Ihr Markt Online","publisher":{"@id":"https:\/\/marktxxl.de\/markt\/#organization"},"potentialAction":[{"@type":"SearchAction","target":{"@type":"EntryPoint","urlTemplate":"https:\/\/marktxxl.de\/markt\/?s={search_term_string}"},"query-input":{"@type":"PropertyValueSpecification","valueRequired":true,"valueName":"search_term_string"}}],"inLanguage":"de"},{"@type":"Organization","@id":"https:\/\/marktxxl.de\/markt\/#organization","name":"Markt-XXL","url":"https:\/\/marktxxl.de\/markt\/","logo":{"@type":"ImageObject","inLanguage":"de","@id":"https:\/\/marktxxl.de\/markt\/#\/schema\/logo\/image\/","url":"https:\/\/marktxxl.de\/markt\/wp-content\/uploads\/sites\/3\/2020\/12\/logo.png","contentUrl":"https:\/\/marktxxl.de\/markt\/wp-content\/uploads\/sites\/3\/2020\/12\/logo.png","width":200,"height":70,"caption":"Markt-XXL"},"image":{"@id":"https:\/\/marktxxl.de\/markt\/#\/schema\/logo\/image\/"}}]}},"_links":{"self":[{"href":"https:\/\/marktxxl.de\/markt\/wp-json\/wp\/v2\/product\/122963","targetHints":{"allow":["GET"]}}],"collection":[{"href":"https:\/\/marktxxl.de\/markt\/wp-json\/wp\/v2\/product"}],"about":[{"href":"https:\/\/marktxxl.de\/markt\/wp-json\/wp\/v2\/types\/product"}],"replies":[{"embeddable":true,"href":"https:\/\/marktxxl.de\/markt\/wp-json\/wp\/v2\/comments?post=122963"}],"wp:featuredmedia":[{"embeddable":true,"href":"https:\/\/marktxxl.de\/markt\/wp-json\/wp\/v2\/media\/122964"}],"wp:attachment":[{"href":"https:\/\/marktxxl.de\/markt\/wp-json\/wp\/v2\/media?parent=122963"}],"wp:term":[{"taxonomy":"product_brand","embeddable":true,"href":"https:\/\/marktxxl.de\/markt\/wp-json\/wp\/v2\/product_brand?post=122963"},{"taxonomy":"product_cat","embeddable":true,"href":"https:\/\/marktxxl.de\/markt\/wp-json\/wp\/v2\/product_cat?post=122963"},{"taxonomy":"product_tag","embeddable":true,"href":"https:\/\/marktxxl.de\/markt\/wp-json\/wp\/v2\/product_tag?post=122963"}],"curies":[{"name":"wp","href":"https:\/\/api.w.org\/{rel}","templated":true}]}}