{"id":122871,"date":"2022-05-15T10:18:25","date_gmt":"2022-05-15T08:18:25","guid":{"rendered":"https:\/\/marktxxl.de\/markt\/produkt\/bausch-lomb-sensitive-eyes-kochsalzloesung-500-ml\/"},"modified":"2023-04-09T03:32:35","modified_gmt":"2023-04-09T01:32:35","slug":"bausch-lomb-sensitive-eyes-kochsalzloesung-500-ml","status":"publish","type":"product","link":"https:\/\/marktxxl.de\/markt\/produkt\/bausch-lomb-sensitive-eyes-kochsalzloesung-500-ml\/","title":{"rendered":"Bausch &amp; Lomb Sensitive Eyes Kochsalzl\u00f6sung 500\u00a0ml"},"content":{"rendered":"<p>Eine sanfte und ausgewogene Formel, die f\u00fcr ein hohes Ma\u00df an Komfort auf einf\u00fcllenGeeignet f\u00fcr alle Arten von KontaktlinsenKann t\u00e4glich verwendet werden, f\u00fcr sp\u00fclen Wasserstoffperoxid desinfiziert Objektive, RGP und weiche Kontaktlinsen, einschlie\u00dflich Einweg-ObjektiveDiluent f\u00fcr enzymatischen TabletsSelektive Wirkung der dymed (TM), ein leistungsf\u00e4higes, Konservierungsstoffen, ungiftig zum Okular Gewebe<br \/>\n<div class=\"main-cross-sell\" data-asin=\"B001E5CD3M\">\n\n\t<div class=\"WooZone-cross-sell-loader\">\n\t\t<div>\n\t\t\t<div id=\"floatingBarsG\">\n\t\t\t\t<div class=\"blockG\" id=\"rotateG_01\"><\/div>\n\t\t\t\t<div class=\"blockG\" id=\"rotateG_02\"><\/div>\n\t\t\t\t<div class=\"blockG\" id=\"rotateG_03\"><\/div>\n\t\t\t\t<div class=\"blockG\" id=\"rotateG_04\"><\/div>\n\t\t\t\t<div class=\"blockG\" id=\"rotateG_05\"><\/div>\n\t\t\t\t<div class=\"blockG\" id=\"rotateG_06\"><\/div>\n\t\t\t\t<div class=\"blockG\" id=\"rotateG_07\"><\/div>\n\t\t\t\t<div class=\"blockG\" id=\"rotateG_08\"><\/div>\n\t\t\t<\/div>\n\t\t\t<div class=\"WooZone-cross-sell-loader-text\"><\/div>\n\t\t<\/div>\n\t<\/div>\n\n\t\t\n<\/div>\n<div style=\"clear:both;\"><\/div><\/p>\n","protected":false},"excerpt":{"rendered":"<p>Eine sanfte und ausgewogene Formel, die f\u00fcr ein hohes Ma\u00df an Komfort auf einf\u00fcllenGeeignet f\u00fcr alle Arten von KontaktlinsenKann t\u00e4glich verwendet werden, f\u00fcr sp\u00fclen Wasserstoffperoxid desinfiziert Objektive, RGP und weiche Kontaktlinsen, einschlie\u00dflich Einweg-ObjektiveDiluent f\u00fcr enzymatischen TabletsSelektive Wirkung der dymed (TM), ein leistungsf\u00e4higes, Konservierungsstoffen, ungiftig zum Okular Gewebe<\/p>\n","protected":false},"featured_media":122872,"comment_status":"open","ping_status":"closed","template":"","meta":[],"product_brand":[],"product_cat":[566,5775],"product_tag":[],"class_list":{"0":"post-122871","1":"product","2":"type-product","3":"status-publish","4":"has-post-thumbnail","6":"product_cat-drogerie-koerperpflege","7":"product_cat-kontaktlinsen-brillen","8":"pa_binding-badartikel","9":"pa_brand-bausch-plus-lomb","10":"pa_height-1-968503935-zoll","11":"pa_length-3-93700787-zoll","12":"pa_manufacturer-bausch-lomb","13":"pa_model-7391899814285-inta","14":"pa_weight-1-23679328982-pfund","15":"pa_width-3-93700787-zoll","17":"first","18":"instock","19":"shipping-taxable","20":"purchasable","21":"product-type-simple","22":"customify-col","23":"product-has-gallery"},"yoast_head":"<!-- This site is optimized with the Yoast SEO plugin v27.4 - https:\/\/yoast.com\/product\/yoast-seo-wordpress\/ -->\n<title>Bausch &amp; Lomb Sensitive Eyes Kochsalzl\u00f6sung 500\u00a0ml - Markt-XXL<\/title>\n<meta name=\"description\" content=\"Markt-XXL Bausch &amp; Lomb Sensitive Eyes Kochsalzl\u00f6sung 500\u00a0ml\" \/>\n<meta name=\"robots\" content=\"index, follow, max-snippet:-1, max-image-preview:large, max-video-preview:-1\" \/>\n<link rel=\"canonical\" href=\"https:\/\/marktxxl.de\/markt\/produkt\/bausch-lomb-sensitive-eyes-kochsalzloesung-500-ml\/\" \/>\n<meta property=\"og:locale\" content=\"de_DE\" \/>\n<meta property=\"og:type\" content=\"article\" \/>\n<meta property=\"og:title\" content=\"Bausch &amp; Lomb Sensitive Eyes Kochsalzl\u00f6sung 500\u00a0ml - Markt-XXL\" \/>\n<meta property=\"og:description\" content=\"Markt-XXL Bausch &amp; Lomb Sensitive Eyes Kochsalzl\u00f6sung 500\u00a0ml\" \/>\n<meta property=\"og:url\" content=\"https:\/\/marktxxl.de\/markt\/produkt\/bausch-lomb-sensitive-eyes-kochsalzloesung-500-ml\/\" \/>\n<meta property=\"og:site_name\" content=\"Markt-XXL\" \/>\n<meta property=\"article:modified_time\" content=\"2023-04-09T01:32:35+00:00\" \/>\n<meta property=\"og:image\" content=\"https:\/\/m.media-amazon.com\/images\/I\/314NNYNQTuL._SL500_.jpg\" \/>\n\t<meta property=\"og:image:width\" content=\"142\" \/>\n\t<meta property=\"og:image:height\" content=\"500\" \/>\n\t<meta property=\"og:image:type\" content=\"image\/jpeg\" \/>\n<meta name=\"twitter:card\" content=\"summary_large_image\" \/>\n<script type=\"application\/ld+json\" class=\"yoast-schema-graph\">{\"@context\":\"https:\\\/\\\/schema.org\",\"@graph\":[{\"@type\":\"WebPage\",\"@id\":\"https:\\\/\\\/marktxxl.de\\\/markt\\\/produkt\\\/bausch-lomb-sensitive-eyes-kochsalzloesung-500-ml\\\/\",\"url\":\"https:\\\/\\\/marktxxl.de\\\/markt\\\/produkt\\\/bausch-lomb-sensitive-eyes-kochsalzloesung-500-ml\\\/\",\"name\":\"Bausch &amp; Lomb Sensitive Eyes Kochsalzl\u00f6sung 500\u00a0ml - Markt-XXL\",\"isPartOf\":{\"@id\":\"https:\\\/\\\/marktxxl.de\\\/markt\\\/#website\"},\"primaryImageOfPage\":{\"@id\":\"https:\\\/\\\/marktxxl.de\\\/markt\\\/produkt\\\/bausch-lomb-sensitive-eyes-kochsalzloesung-500-ml\\\/#primaryimage\"},\"image\":{\"@id\":\"https:\\\/\\\/marktxxl.de\\\/markt\\\/produkt\\\/bausch-lomb-sensitive-eyes-kochsalzloesung-500-ml\\\/#primaryimage\"},\"thumbnailUrl\":\"https:\\\/\\\/m.media-amazon.com\\\/images\\\/I\\\/314NNYNQTuL._SL500_.jpg\",\"datePublished\":\"2022-05-15T08:18:25+00:00\",\"dateModified\":\"2023-04-09T01:32:35+00:00\",\"description\":\"Markt-XXL Bausch &amp; Lomb Sensitive Eyes Kochsalzl\u00f6sung 500\u00a0ml\",\"breadcrumb\":{\"@id\":\"https:\\\/\\\/marktxxl.de\\\/markt\\\/produkt\\\/bausch-lomb-sensitive-eyes-kochsalzloesung-500-ml\\\/#breadcrumb\"},\"inLanguage\":\"de\",\"potentialAction\":[{\"@type\":\"ReadAction\",\"target\":[\"https:\\\/\\\/marktxxl.de\\\/markt\\\/produkt\\\/bausch-lomb-sensitive-eyes-kochsalzloesung-500-ml\\\/\"]}]},{\"@type\":\"ImageObject\",\"inLanguage\":\"de\",\"@id\":\"https:\\\/\\\/marktxxl.de\\\/markt\\\/produkt\\\/bausch-lomb-sensitive-eyes-kochsalzloesung-500-ml\\\/#primaryimage\",\"url\":\"https:\\\/\\\/m.media-amazon.com\\\/images\\\/I\\\/314NNYNQTuL._SL500_.jpg\",\"contentUrl\":\"https:\\\/\\\/m.media-amazon.com\\\/images\\\/I\\\/314NNYNQTuL._SL500_.jpg\",\"width\":142,\"height\":500},{\"@type\":\"BreadcrumbList\",\"@id\":\"https:\\\/\\\/marktxxl.de\\\/markt\\\/produkt\\\/bausch-lomb-sensitive-eyes-kochsalzloesung-500-ml\\\/#breadcrumb\",\"itemListElement\":[{\"@type\":\"ListItem\",\"position\":1,\"name\":\"Startseite\",\"item\":\"https:\\\/\\\/marktxxl.de\\\/markt\\\/\"},{\"@type\":\"ListItem\",\"position\":2,\"name\":\"Markt\",\"item\":\"https:\\\/\\\/marktxxl.de\\\/markt\\\/\"},{\"@type\":\"ListItem\",\"position\":3,\"name\":\"Bausch &amp; Lomb Sensitive Eyes Kochsalzl\u00f6sung 500\u00a0ml\"}]},{\"@type\":\"WebSite\",\"@id\":\"https:\\\/\\\/marktxxl.de\\\/markt\\\/#website\",\"url\":\"https:\\\/\\\/marktxxl.de\\\/markt\\\/\",\"name\":\"Markt-XXL\",\"description\":\"Ihr Markt Online\",\"publisher\":{\"@id\":\"https:\\\/\\\/marktxxl.de\\\/markt\\\/#organization\"},\"potentialAction\":[{\"@type\":\"SearchAction\",\"target\":{\"@type\":\"EntryPoint\",\"urlTemplate\":\"https:\\\/\\\/marktxxl.de\\\/markt\\\/?s={search_term_string}\"},\"query-input\":{\"@type\":\"PropertyValueSpecification\",\"valueRequired\":true,\"valueName\":\"search_term_string\"}}],\"inLanguage\":\"de\"},{\"@type\":\"Organization\",\"@id\":\"https:\\\/\\\/marktxxl.de\\\/markt\\\/#organization\",\"name\":\"Markt-XXL\",\"url\":\"https:\\\/\\\/marktxxl.de\\\/markt\\\/\",\"logo\":{\"@type\":\"ImageObject\",\"inLanguage\":\"de\",\"@id\":\"https:\\\/\\\/marktxxl.de\\\/markt\\\/#\\\/schema\\\/logo\\\/image\\\/\",\"url\":\"https:\\\/\\\/marktxxl.de\\\/markt\\\/wp-content\\\/uploads\\\/sites\\\/3\\\/2020\\\/12\\\/logo.png\",\"contentUrl\":\"https:\\\/\\\/marktxxl.de\\\/markt\\\/wp-content\\\/uploads\\\/sites\\\/3\\\/2020\\\/12\\\/logo.png\",\"width\":200,\"height\":70,\"caption\":\"Markt-XXL\"},\"image\":{\"@id\":\"https:\\\/\\\/marktxxl.de\\\/markt\\\/#\\\/schema\\\/logo\\\/image\\\/\"}}]}<\/script>\n<!-- \/ Yoast SEO plugin. -->","yoast_head_json":{"title":"Bausch &amp; Lomb Sensitive Eyes Kochsalzl\u00f6sung 500\u00a0ml - Markt-XXL","description":"Markt-XXL Bausch &amp; Lomb Sensitive Eyes Kochsalzl\u00f6sung 500\u00a0ml","robots":{"index":"index","follow":"follow","max-snippet":"max-snippet:-1","max-image-preview":"max-image-preview:large","max-video-preview":"max-video-preview:-1"},"canonical":"https:\/\/marktxxl.de\/markt\/produkt\/bausch-lomb-sensitive-eyes-kochsalzloesung-500-ml\/","og_locale":"de_DE","og_type":"article","og_title":"Bausch &amp; Lomb Sensitive Eyes Kochsalzl\u00f6sung 500\u00a0ml - Markt-XXL","og_description":"Markt-XXL Bausch &amp; Lomb Sensitive Eyes Kochsalzl\u00f6sung 500\u00a0ml","og_url":"https:\/\/marktxxl.de\/markt\/produkt\/bausch-lomb-sensitive-eyes-kochsalzloesung-500-ml\/","og_site_name":"Markt-XXL","article_modified_time":"2023-04-09T01:32:35+00:00","og_image":[{"width":142,"height":500,"url":"https:\/\/m.media-amazon.com\/images\/I\/314NNYNQTuL._SL500_.jpg","type":"image\/jpeg"}],"twitter_card":"summary_large_image","schema":{"@context":"https:\/\/schema.org","@graph":[{"@type":"WebPage","@id":"https:\/\/marktxxl.de\/markt\/produkt\/bausch-lomb-sensitive-eyes-kochsalzloesung-500-ml\/","url":"https:\/\/marktxxl.de\/markt\/produkt\/bausch-lomb-sensitive-eyes-kochsalzloesung-500-ml\/","name":"Bausch &amp; Lomb Sensitive Eyes Kochsalzl\u00f6sung 500\u00a0ml - Markt-XXL","isPartOf":{"@id":"https:\/\/marktxxl.de\/markt\/#website"},"primaryImageOfPage":{"@id":"https:\/\/marktxxl.de\/markt\/produkt\/bausch-lomb-sensitive-eyes-kochsalzloesung-500-ml\/#primaryimage"},"image":{"@id":"https:\/\/marktxxl.de\/markt\/produkt\/bausch-lomb-sensitive-eyes-kochsalzloesung-500-ml\/#primaryimage"},"thumbnailUrl":"https:\/\/m.media-amazon.com\/images\/I\/314NNYNQTuL._SL500_.jpg","datePublished":"2022-05-15T08:18:25+00:00","dateModified":"2023-04-09T01:32:35+00:00","description":"Markt-XXL Bausch &amp; Lomb Sensitive Eyes Kochsalzl\u00f6sung 500\u00a0ml","breadcrumb":{"@id":"https:\/\/marktxxl.de\/markt\/produkt\/bausch-lomb-sensitive-eyes-kochsalzloesung-500-ml\/#breadcrumb"},"inLanguage":"de","potentialAction":[{"@type":"ReadAction","target":["https:\/\/marktxxl.de\/markt\/produkt\/bausch-lomb-sensitive-eyes-kochsalzloesung-500-ml\/"]}]},{"@type":"ImageObject","inLanguage":"de","@id":"https:\/\/marktxxl.de\/markt\/produkt\/bausch-lomb-sensitive-eyes-kochsalzloesung-500-ml\/#primaryimage","url":"https:\/\/m.media-amazon.com\/images\/I\/314NNYNQTuL._SL500_.jpg","contentUrl":"https:\/\/m.media-amazon.com\/images\/I\/314NNYNQTuL._SL500_.jpg","width":142,"height":500},{"@type":"BreadcrumbList","@id":"https:\/\/marktxxl.de\/markt\/produkt\/bausch-lomb-sensitive-eyes-kochsalzloesung-500-ml\/#breadcrumb","itemListElement":[{"@type":"ListItem","position":1,"name":"Startseite","item":"https:\/\/marktxxl.de\/markt\/"},{"@type":"ListItem","position":2,"name":"Markt","item":"https:\/\/marktxxl.de\/markt\/"},{"@type":"ListItem","position":3,"name":"Bausch &amp; Lomb Sensitive Eyes Kochsalzl\u00f6sung 500\u00a0ml"}]},{"@type":"WebSite","@id":"https:\/\/marktxxl.de\/markt\/#website","url":"https:\/\/marktxxl.de\/markt\/","name":"Markt-XXL","description":"Ihr Markt Online","publisher":{"@id":"https:\/\/marktxxl.de\/markt\/#organization"},"potentialAction":[{"@type":"SearchAction","target":{"@type":"EntryPoint","urlTemplate":"https:\/\/marktxxl.de\/markt\/?s={search_term_string}"},"query-input":{"@type":"PropertyValueSpecification","valueRequired":true,"valueName":"search_term_string"}}],"inLanguage":"de"},{"@type":"Organization","@id":"https:\/\/marktxxl.de\/markt\/#organization","name":"Markt-XXL","url":"https:\/\/marktxxl.de\/markt\/","logo":{"@type":"ImageObject","inLanguage":"de","@id":"https:\/\/marktxxl.de\/markt\/#\/schema\/logo\/image\/","url":"https:\/\/marktxxl.de\/markt\/wp-content\/uploads\/sites\/3\/2020\/12\/logo.png","contentUrl":"https:\/\/marktxxl.de\/markt\/wp-content\/uploads\/sites\/3\/2020\/12\/logo.png","width":200,"height":70,"caption":"Markt-XXL"},"image":{"@id":"https:\/\/marktxxl.de\/markt\/#\/schema\/logo\/image\/"}}]}},"_links":{"self":[{"href":"https:\/\/marktxxl.de\/markt\/wp-json\/wp\/v2\/product\/122871","targetHints":{"allow":["GET"]}}],"collection":[{"href":"https:\/\/marktxxl.de\/markt\/wp-json\/wp\/v2\/product"}],"about":[{"href":"https:\/\/marktxxl.de\/markt\/wp-json\/wp\/v2\/types\/product"}],"replies":[{"embeddable":true,"href":"https:\/\/marktxxl.de\/markt\/wp-json\/wp\/v2\/comments?post=122871"}],"wp:featuredmedia":[{"embeddable":true,"href":"https:\/\/marktxxl.de\/markt\/wp-json\/wp\/v2\/media\/122872"}],"wp:attachment":[{"href":"https:\/\/marktxxl.de\/markt\/wp-json\/wp\/v2\/media?parent=122871"}],"wp:term":[{"taxonomy":"product_brand","embeddable":true,"href":"https:\/\/marktxxl.de\/markt\/wp-json\/wp\/v2\/product_brand?post=122871"},{"taxonomy":"product_cat","embeddable":true,"href":"https:\/\/marktxxl.de\/markt\/wp-json\/wp\/v2\/product_cat?post=122871"},{"taxonomy":"product_tag","embeddable":true,"href":"https:\/\/marktxxl.de\/markt\/wp-json\/wp\/v2\/product_tag?post=122871"}],"curies":[{"name":"wp","href":"https:\/\/api.w.org\/{rel}","templated":true}]}}