{"id":122840,"date":"2022-05-15T10:17:47","date_gmt":"2022-05-15T08:17:47","guid":{"rendered":"https:\/\/marktxxl.de\/markt\/produkt\/bausch-und-lomb-renu-mps-kontaktlinsenpflegemittel-weiche-linsen-6-monatspack-6-x-240-ml-6-linsenbehaelter\/"},"modified":"2023-04-09T03:32:35","modified_gmt":"2023-04-09T01:32:35","slug":"bausch-und-lomb-renu-mps-kontaktlinsenpflegemittel-weiche-linsen-6-monatspack-6-x-240-ml-6-linsenbehaelter","status":"publish","type":"product","link":"https:\/\/marktxxl.de\/markt\/produkt\/bausch-und-lomb-renu-mps-kontaktlinsenpflegemittel-weiche-linsen-6-monatspack-6-x-240-ml-6-linsenbehaelter\/","title":{"rendered":"Bausch + Lomb ReNu MPS Kontaktlinsenpflegemittel weiche Linsen, 6-Monatspack, 6 x 240 ml + 6 Linsenbeh\u00e4lter"},"content":{"rendered":"<p>All-in-One 6-Monats-Gro\u00dfpackung: Erprobte ReNu Kombi-L\u00f6sung f\u00fcr weiche Linsen wie Silikon-Hydrogel-Kontaktlinsen im praktischen Vorratspack, mit 6 Beh\u00e4ltern zur idealen Aufbewahrung Ihrer Linsen<br \/>\nEffektive Desinfektion: Sehr hohe Wirksamkeit bei der Bek\u00e4mpfung von Keimen, gleichzeitig \u00fcberzeugt die ReNu MPS Kontaktlinsenpflege durch ihre langandauernde Vertr\u00e4glichkeit<br \/>\nSanfte Kontaktlinsen-Pflege: Sensitive Reinigung und Pflege der Linsen \u2013 besonders f\u00fcr Menschen mit empfindlichen Augen geeignet \u2013 entfernt m\u00fchelos Fette, Ablagerungen und Kosmetika<br \/>\nNeutraler pH-Wert: Das \u00e4u\u00dferst sanfte ReNu Linsenpflegemittel liegt mit seinem pH-Wert im Bereich der nat\u00fcrlichen Tr\u00e4nenfl\u00fcssigkeit. Dies bringt Ihnen langanhalten Tragekomfort, der Sie begeistern wird<br \/>\nBew\u00e4hrtes Markenprodukt: Die Pflegemittel der Marke ReNu des Traditionsunternehmens Bausch und Lomb stehen f\u00fcr verl\u00e4ssliche Qualit\u00e4t zum attraktiven Preis<br \/>\n<div class=\"main-cross-sell\" data-asin=\"B00O8OPIQA\">\n\n\t<div class=\"WooZone-cross-sell-loader\">\n\t\t<div>\n\t\t\t<div id=\"floatingBarsG\">\n\t\t\t\t<div class=\"blockG\" id=\"rotateG_01\"><\/div>\n\t\t\t\t<div class=\"blockG\" id=\"rotateG_02\"><\/div>\n\t\t\t\t<div class=\"blockG\" id=\"rotateG_03\"><\/div>\n\t\t\t\t<div class=\"blockG\" id=\"rotateG_04\"><\/div>\n\t\t\t\t<div class=\"blockG\" id=\"rotateG_05\"><\/div>\n\t\t\t\t<div class=\"blockG\" id=\"rotateG_06\"><\/div>\n\t\t\t\t<div class=\"blockG\" id=\"rotateG_07\"><\/div>\n\t\t\t\t<div class=\"blockG\" id=\"rotateG_08\"><\/div>\n\t\t\t<\/div>\n\t\t\t<div class=\"WooZone-cross-sell-loader-text\"><\/div>\n\t\t<\/div>\n\t<\/div>\n\n\t\t\n<\/div>\n<div style=\"clear:both;\"><\/div><\/p>\n","protected":false},"excerpt":{"rendered":"<p>All-in-One 6-Monats-Gro\u00dfpackung: Erprobte ReNu Kombi-L\u00f6sung f\u00fcr weiche Linsen wie Silikon-Hydrogel-Kontaktlinsen im praktischen Vorratspack, mit 6 Beh\u00e4ltern zur idealen Aufbewahrung Ihrer Linsen<br \/>\nEffektive Desinfektion: Sehr hohe Wirksamkeit bei der Bek\u00e4mpfung von Keimen, gleichzeitig \u00fcberzeugt die ReNu MPS Kontaktlinsenpflege durch ihre langandauernde Vertr\u00e4glichkeit<br \/>\nSanfte Kontaktlinsen-Pflege: Sensitive Reinigung und Pflege der Linsen \u2013 besonders f\u00fcr Menschen mit empfindlichen Augen geeignet \u2013 entfernt m\u00fchelos Fette, Ablagerungen und Kosmetika<\/p>\n","protected":false},"featured_media":122841,"comment_status":"open","ping_status":"closed","template":"","meta":[],"product_brand":[],"product_cat":[566,5775],"product_tag":[],"class_list":{"0":"post-122840","1":"product","2":"type-product","3":"status-publish","4":"has-post-thumbnail","6":"product_cat-drogerie-koerperpflege","7":"product_cat-kontaktlinsen-brillen","8":"pa_binding-badartikel","9":"pa_brand-bausch-plus-lomb","10":"pa_color-transparent","11":"pa_height-7-95274-zoll","12":"pa_languages-originalsprache-deutsch","13":"pa_length-6-85038-zoll","14":"pa_manufacturer-bausch-plus-lomb","15":"pa_model-35637","16":"pa_size-set-2","17":"pa_width-6-85038-zoll","19":"first","20":"instock","21":"shipping-taxable","22":"purchasable","23":"product-type-simple","24":"customify-col","25":"product-has-gallery"},"yoast_head":"<!-- This site is optimized with the Yoast SEO plugin v27.4 - https:\/\/yoast.com\/product\/yoast-seo-wordpress\/ -->\n<title>Bausch + Lomb ReNu MPS Kontaktlinsenpflegemittel weiche Linsen, 6-Monatspack, 6 x 240 ml + 6 Linsenbeh\u00e4lter - Markt-XXL<\/title>\n<meta name=\"description\" content=\"Markt-XXL Bausch + Lomb ReNu MPS Kontaktlinsenpflegemittel weiche Linsen, 6-Monatspack, 6 x 240 ml + 6 Linsenbeh\u00e4lter\" \/>\n<meta name=\"robots\" content=\"index, follow, max-snippet:-1, max-image-preview:large, max-video-preview:-1\" \/>\n<link rel=\"canonical\" href=\"https:\/\/marktxxl.de\/markt\/produkt\/bausch-und-lomb-renu-mps-kontaktlinsenpflegemittel-weiche-linsen-6-monatspack-6-x-240-ml-6-linsenbehaelter\/\" \/>\n<meta property=\"og:locale\" content=\"de_DE\" \/>\n<meta property=\"og:type\" content=\"article\" \/>\n<meta property=\"og:title\" content=\"Bausch + Lomb ReNu MPS Kontaktlinsenpflegemittel weiche Linsen, 6-Monatspack, 6 x 240 ml + 6 Linsenbeh\u00e4lter - Markt-XXL\" \/>\n<meta property=\"og:description\" content=\"Markt-XXL Bausch + Lomb ReNu MPS Kontaktlinsenpflegemittel weiche Linsen, 6-Monatspack, 6 x 240 ml + 6 Linsenbeh\u00e4lter\" \/>\n<meta property=\"og:url\" content=\"https:\/\/marktxxl.de\/markt\/produkt\/bausch-und-lomb-renu-mps-kontaktlinsenpflegemittel-weiche-linsen-6-monatspack-6-x-240-ml-6-linsenbehaelter\/\" \/>\n<meta property=\"og:site_name\" content=\"Markt-XXL\" \/>\n<meta property=\"article:modified_time\" content=\"2023-04-09T01:32:35+00:00\" \/>\n<meta property=\"og:image\" content=\"https:\/\/m.media-amazon.com\/images\/I\/51Rt3qJordL._SL500_.jpg\" \/>\n\t<meta property=\"og:image:width\" content=\"500\" \/>\n\t<meta property=\"og:image:height\" content=\"500\" \/>\n\t<meta property=\"og:image:type\" content=\"image\/jpeg\" \/>\n<meta name=\"twitter:card\" content=\"summary_large_image\" \/>\n<meta name=\"twitter:label1\" content=\"Gesch\u00e4tzte Lesezeit\" \/>\n\t<meta name=\"twitter:data1\" content=\"1\u00a0Minute\" \/>\n<script type=\"application\/ld+json\" class=\"yoast-schema-graph\">{\"@context\":\"https:\\\/\\\/schema.org\",\"@graph\":[{\"@type\":\"WebPage\",\"@id\":\"https:\\\/\\\/marktxxl.de\\\/markt\\\/produkt\\\/bausch-und-lomb-renu-mps-kontaktlinsenpflegemittel-weiche-linsen-6-monatspack-6-x-240-ml-6-linsenbehaelter\\\/\",\"url\":\"https:\\\/\\\/marktxxl.de\\\/markt\\\/produkt\\\/bausch-und-lomb-renu-mps-kontaktlinsenpflegemittel-weiche-linsen-6-monatspack-6-x-240-ml-6-linsenbehaelter\\\/\",\"name\":\"Bausch + Lomb ReNu MPS Kontaktlinsenpflegemittel weiche Linsen, 6-Monatspack, 6 x 240 ml + 6 Linsenbeh\u00e4lter - Markt-XXL\",\"isPartOf\":{\"@id\":\"https:\\\/\\\/marktxxl.de\\\/markt\\\/#website\"},\"primaryImageOfPage\":{\"@id\":\"https:\\\/\\\/marktxxl.de\\\/markt\\\/produkt\\\/bausch-und-lomb-renu-mps-kontaktlinsenpflegemittel-weiche-linsen-6-monatspack-6-x-240-ml-6-linsenbehaelter\\\/#primaryimage\"},\"image\":{\"@id\":\"https:\\\/\\\/marktxxl.de\\\/markt\\\/produkt\\\/bausch-und-lomb-renu-mps-kontaktlinsenpflegemittel-weiche-linsen-6-monatspack-6-x-240-ml-6-linsenbehaelter\\\/#primaryimage\"},\"thumbnailUrl\":\"https:\\\/\\\/m.media-amazon.com\\\/images\\\/I\\\/51Rt3qJordL._SL500_.jpg\",\"datePublished\":\"2022-05-15T08:17:47+00:00\",\"dateModified\":\"2023-04-09T01:32:35+00:00\",\"description\":\"Markt-XXL Bausch + Lomb ReNu MPS Kontaktlinsenpflegemittel weiche Linsen, 6-Monatspack, 6 x 240 ml + 6 Linsenbeh\u00e4lter\",\"breadcrumb\":{\"@id\":\"https:\\\/\\\/marktxxl.de\\\/markt\\\/produkt\\\/bausch-und-lomb-renu-mps-kontaktlinsenpflegemittel-weiche-linsen-6-monatspack-6-x-240-ml-6-linsenbehaelter\\\/#breadcrumb\"},\"inLanguage\":\"de\",\"potentialAction\":[{\"@type\":\"ReadAction\",\"target\":[\"https:\\\/\\\/marktxxl.de\\\/markt\\\/produkt\\\/bausch-und-lomb-renu-mps-kontaktlinsenpflegemittel-weiche-linsen-6-monatspack-6-x-240-ml-6-linsenbehaelter\\\/\"]}]},{\"@type\":\"ImageObject\",\"inLanguage\":\"de\",\"@id\":\"https:\\\/\\\/marktxxl.de\\\/markt\\\/produkt\\\/bausch-und-lomb-renu-mps-kontaktlinsenpflegemittel-weiche-linsen-6-monatspack-6-x-240-ml-6-linsenbehaelter\\\/#primaryimage\",\"url\":\"https:\\\/\\\/m.media-amazon.com\\\/images\\\/I\\\/51Rt3qJordL._SL500_.jpg\",\"contentUrl\":\"https:\\\/\\\/m.media-amazon.com\\\/images\\\/I\\\/51Rt3qJordL._SL500_.jpg\",\"width\":500,\"height\":500},{\"@type\":\"BreadcrumbList\",\"@id\":\"https:\\\/\\\/marktxxl.de\\\/markt\\\/produkt\\\/bausch-und-lomb-renu-mps-kontaktlinsenpflegemittel-weiche-linsen-6-monatspack-6-x-240-ml-6-linsenbehaelter\\\/#breadcrumb\",\"itemListElement\":[{\"@type\":\"ListItem\",\"position\":1,\"name\":\"Startseite\",\"item\":\"https:\\\/\\\/marktxxl.de\\\/markt\\\/\"},{\"@type\":\"ListItem\",\"position\":2,\"name\":\"Markt\",\"item\":\"https:\\\/\\\/marktxxl.de\\\/markt\\\/\"},{\"@type\":\"ListItem\",\"position\":3,\"name\":\"Bausch + Lomb ReNu MPS Kontaktlinsenpflegemittel weiche Linsen, 6-Monatspack, 6 x 240 ml + 6 Linsenbeh\u00e4lter\"}]},{\"@type\":\"WebSite\",\"@id\":\"https:\\\/\\\/marktxxl.de\\\/markt\\\/#website\",\"url\":\"https:\\\/\\\/marktxxl.de\\\/markt\\\/\",\"name\":\"Markt-XXL\",\"description\":\"Ihr Markt Online\",\"publisher\":{\"@id\":\"https:\\\/\\\/marktxxl.de\\\/markt\\\/#organization\"},\"potentialAction\":[{\"@type\":\"SearchAction\",\"target\":{\"@type\":\"EntryPoint\",\"urlTemplate\":\"https:\\\/\\\/marktxxl.de\\\/markt\\\/?s={search_term_string}\"},\"query-input\":{\"@type\":\"PropertyValueSpecification\",\"valueRequired\":true,\"valueName\":\"search_term_string\"}}],\"inLanguage\":\"de\"},{\"@type\":\"Organization\",\"@id\":\"https:\\\/\\\/marktxxl.de\\\/markt\\\/#organization\",\"name\":\"Markt-XXL\",\"url\":\"https:\\\/\\\/marktxxl.de\\\/markt\\\/\",\"logo\":{\"@type\":\"ImageObject\",\"inLanguage\":\"de\",\"@id\":\"https:\\\/\\\/marktxxl.de\\\/markt\\\/#\\\/schema\\\/logo\\\/image\\\/\",\"url\":\"https:\\\/\\\/marktxxl.de\\\/markt\\\/wp-content\\\/uploads\\\/sites\\\/3\\\/2020\\\/12\\\/logo.png\",\"contentUrl\":\"https:\\\/\\\/marktxxl.de\\\/markt\\\/wp-content\\\/uploads\\\/sites\\\/3\\\/2020\\\/12\\\/logo.png\",\"width\":200,\"height\":70,\"caption\":\"Markt-XXL\"},\"image\":{\"@id\":\"https:\\\/\\\/marktxxl.de\\\/markt\\\/#\\\/schema\\\/logo\\\/image\\\/\"}}]}<\/script>\n<!-- \/ Yoast SEO plugin. -->","yoast_head_json":{"title":"Bausch + Lomb ReNu MPS Kontaktlinsenpflegemittel weiche Linsen, 6-Monatspack, 6 x 240 ml + 6 Linsenbeh\u00e4lter - Markt-XXL","description":"Markt-XXL Bausch + Lomb ReNu MPS Kontaktlinsenpflegemittel weiche Linsen, 6-Monatspack, 6 x 240 ml + 6 Linsenbeh\u00e4lter","robots":{"index":"index","follow":"follow","max-snippet":"max-snippet:-1","max-image-preview":"max-image-preview:large","max-video-preview":"max-video-preview:-1"},"canonical":"https:\/\/marktxxl.de\/markt\/produkt\/bausch-und-lomb-renu-mps-kontaktlinsenpflegemittel-weiche-linsen-6-monatspack-6-x-240-ml-6-linsenbehaelter\/","og_locale":"de_DE","og_type":"article","og_title":"Bausch + Lomb ReNu MPS Kontaktlinsenpflegemittel weiche Linsen, 6-Monatspack, 6 x 240 ml + 6 Linsenbeh\u00e4lter - Markt-XXL","og_description":"Markt-XXL Bausch + Lomb ReNu MPS Kontaktlinsenpflegemittel weiche Linsen, 6-Monatspack, 6 x 240 ml + 6 Linsenbeh\u00e4lter","og_url":"https:\/\/marktxxl.de\/markt\/produkt\/bausch-und-lomb-renu-mps-kontaktlinsenpflegemittel-weiche-linsen-6-monatspack-6-x-240-ml-6-linsenbehaelter\/","og_site_name":"Markt-XXL","article_modified_time":"2023-04-09T01:32:35+00:00","og_image":[{"width":500,"height":500,"url":"https:\/\/m.media-amazon.com\/images\/I\/51Rt3qJordL._SL500_.jpg","type":"image\/jpeg"}],"twitter_card":"summary_large_image","twitter_misc":{"Gesch\u00e4tzte Lesezeit":"1\u00a0Minute"},"schema":{"@context":"https:\/\/schema.org","@graph":[{"@type":"WebPage","@id":"https:\/\/marktxxl.de\/markt\/produkt\/bausch-und-lomb-renu-mps-kontaktlinsenpflegemittel-weiche-linsen-6-monatspack-6-x-240-ml-6-linsenbehaelter\/","url":"https:\/\/marktxxl.de\/markt\/produkt\/bausch-und-lomb-renu-mps-kontaktlinsenpflegemittel-weiche-linsen-6-monatspack-6-x-240-ml-6-linsenbehaelter\/","name":"Bausch + Lomb ReNu MPS Kontaktlinsenpflegemittel weiche Linsen, 6-Monatspack, 6 x 240 ml + 6 Linsenbeh\u00e4lter - Markt-XXL","isPartOf":{"@id":"https:\/\/marktxxl.de\/markt\/#website"},"primaryImageOfPage":{"@id":"https:\/\/marktxxl.de\/markt\/produkt\/bausch-und-lomb-renu-mps-kontaktlinsenpflegemittel-weiche-linsen-6-monatspack-6-x-240-ml-6-linsenbehaelter\/#primaryimage"},"image":{"@id":"https:\/\/marktxxl.de\/markt\/produkt\/bausch-und-lomb-renu-mps-kontaktlinsenpflegemittel-weiche-linsen-6-monatspack-6-x-240-ml-6-linsenbehaelter\/#primaryimage"},"thumbnailUrl":"https:\/\/m.media-amazon.com\/images\/I\/51Rt3qJordL._SL500_.jpg","datePublished":"2022-05-15T08:17:47+00:00","dateModified":"2023-04-09T01:32:35+00:00","description":"Markt-XXL Bausch + Lomb ReNu MPS Kontaktlinsenpflegemittel weiche Linsen, 6-Monatspack, 6 x 240 ml + 6 Linsenbeh\u00e4lter","breadcrumb":{"@id":"https:\/\/marktxxl.de\/markt\/produkt\/bausch-und-lomb-renu-mps-kontaktlinsenpflegemittel-weiche-linsen-6-monatspack-6-x-240-ml-6-linsenbehaelter\/#breadcrumb"},"inLanguage":"de","potentialAction":[{"@type":"ReadAction","target":["https:\/\/marktxxl.de\/markt\/produkt\/bausch-und-lomb-renu-mps-kontaktlinsenpflegemittel-weiche-linsen-6-monatspack-6-x-240-ml-6-linsenbehaelter\/"]}]},{"@type":"ImageObject","inLanguage":"de","@id":"https:\/\/marktxxl.de\/markt\/produkt\/bausch-und-lomb-renu-mps-kontaktlinsenpflegemittel-weiche-linsen-6-monatspack-6-x-240-ml-6-linsenbehaelter\/#primaryimage","url":"https:\/\/m.media-amazon.com\/images\/I\/51Rt3qJordL._SL500_.jpg","contentUrl":"https:\/\/m.media-amazon.com\/images\/I\/51Rt3qJordL._SL500_.jpg","width":500,"height":500},{"@type":"BreadcrumbList","@id":"https:\/\/marktxxl.de\/markt\/produkt\/bausch-und-lomb-renu-mps-kontaktlinsenpflegemittel-weiche-linsen-6-monatspack-6-x-240-ml-6-linsenbehaelter\/#breadcrumb","itemListElement":[{"@type":"ListItem","position":1,"name":"Startseite","item":"https:\/\/marktxxl.de\/markt\/"},{"@type":"ListItem","position":2,"name":"Markt","item":"https:\/\/marktxxl.de\/markt\/"},{"@type":"ListItem","position":3,"name":"Bausch + Lomb ReNu MPS Kontaktlinsenpflegemittel weiche Linsen, 6-Monatspack, 6 x 240 ml + 6 Linsenbeh\u00e4lter"}]},{"@type":"WebSite","@id":"https:\/\/marktxxl.de\/markt\/#website","url":"https:\/\/marktxxl.de\/markt\/","name":"Markt-XXL","description":"Ihr Markt Online","publisher":{"@id":"https:\/\/marktxxl.de\/markt\/#organization"},"potentialAction":[{"@type":"SearchAction","target":{"@type":"EntryPoint","urlTemplate":"https:\/\/marktxxl.de\/markt\/?s={search_term_string}"},"query-input":{"@type":"PropertyValueSpecification","valueRequired":true,"valueName":"search_term_string"}}],"inLanguage":"de"},{"@type":"Organization","@id":"https:\/\/marktxxl.de\/markt\/#organization","name":"Markt-XXL","url":"https:\/\/marktxxl.de\/markt\/","logo":{"@type":"ImageObject","inLanguage":"de","@id":"https:\/\/marktxxl.de\/markt\/#\/schema\/logo\/image\/","url":"https:\/\/marktxxl.de\/markt\/wp-content\/uploads\/sites\/3\/2020\/12\/logo.png","contentUrl":"https:\/\/marktxxl.de\/markt\/wp-content\/uploads\/sites\/3\/2020\/12\/logo.png","width":200,"height":70,"caption":"Markt-XXL"},"image":{"@id":"https:\/\/marktxxl.de\/markt\/#\/schema\/logo\/image\/"}}]}},"_links":{"self":[{"href":"https:\/\/marktxxl.de\/markt\/wp-json\/wp\/v2\/product\/122840","targetHints":{"allow":["GET"]}}],"collection":[{"href":"https:\/\/marktxxl.de\/markt\/wp-json\/wp\/v2\/product"}],"about":[{"href":"https:\/\/marktxxl.de\/markt\/wp-json\/wp\/v2\/types\/product"}],"replies":[{"embeddable":true,"href":"https:\/\/marktxxl.de\/markt\/wp-json\/wp\/v2\/comments?post=122840"}],"wp:featuredmedia":[{"embeddable":true,"href":"https:\/\/marktxxl.de\/markt\/wp-json\/wp\/v2\/media\/122841"}],"wp:attachment":[{"href":"https:\/\/marktxxl.de\/markt\/wp-json\/wp\/v2\/media?parent=122840"}],"wp:term":[{"taxonomy":"product_brand","embeddable":true,"href":"https:\/\/marktxxl.de\/markt\/wp-json\/wp\/v2\/product_brand?post=122840"},{"taxonomy":"product_cat","embeddable":true,"href":"https:\/\/marktxxl.de\/markt\/wp-json\/wp\/v2\/product_cat?post=122840"},{"taxonomy":"product_tag","embeddable":true,"href":"https:\/\/marktxxl.de\/markt\/wp-json\/wp\/v2\/product_tag?post=122840"}],"curies":[{"name":"wp","href":"https:\/\/api.w.org\/{rel}","templated":true}]}}