{"id":122575,"date":"2022-05-15T09:19:31","date_gmt":"2022-05-15T07:19:31","guid":{"rendered":"https:\/\/marktxxl.de\/markt\/produkt\/vandy-vape-prebuilt-ni80-mato-triple-fused-clapton-coil-026-ohm\/"},"modified":"2023-04-10T03:56:27","modified_gmt":"2023-04-10T01:56:27","slug":"vandy-vape-prebuilt-ni80-mato-triple-fused-clapton-coil-026-ohm","status":"publish","type":"product","link":"https:\/\/marktxxl.de\/markt\/produkt\/vandy-vape-prebuilt-ni80-mato-triple-fused-clapton-coil-026-ohm\/","title":{"rendered":"Vandy Vape Prebuilt Ni80 Mato Triple Fused Clapton Coil 0,26 Ohm"},"content":{"rendered":"<p>Die hochwertig vorgewickelten Vandy Vape Prebuilt Ni80 MATO Fused Clapton Coils sind f\u00fcr Tank- und Tr\u00f6pflerverdampfer optimal geeignet.<br \/>\nVandy Vape liefert hier vorgefertigte Coils der Extraklasse. Der NI80 MATO Fused Clapton Coil hat einen Innendurchmesser von 3.5 mm und besteht Ni80. Diese wurden speziell f\u00fcr den Vandy Vape MATO RDTA entwickelt und erreichen einen Widerstand von 0,26 Ohm. Die Verpackungseinheit betr\u00e4gt 5 St\u00fcck.<br \/>\nDaten: Material: NI80 Widerstand: 0,26 Ohm Durchmesser: 3,5 mm Windungen: 5 0,4 mm*3 + 0,12 mm 26ga*3+36ga<br \/>\nLieferumfang: 1 x Vandy Vape Prebuilt Ni80 MATO Fused Clapton Coils 0,26 Ohm (5 St\u00fcck)<br \/>\n<div class=\"main-cross-sell\" data-asin=\"B083QP1DJT\">\n\n\t<div class=\"WooZone-cross-sell-loader\">\n\t\t<div>\n\t\t\t<div id=\"floatingBarsG\">\n\t\t\t\t<div class=\"blockG\" id=\"rotateG_01\"><\/div>\n\t\t\t\t<div class=\"blockG\" id=\"rotateG_02\"><\/div>\n\t\t\t\t<div class=\"blockG\" id=\"rotateG_03\"><\/div>\n\t\t\t\t<div class=\"blockG\" id=\"rotateG_04\"><\/div>\n\t\t\t\t<div class=\"blockG\" id=\"rotateG_05\"><\/div>\n\t\t\t\t<div class=\"blockG\" id=\"rotateG_06\"><\/div>\n\t\t\t\t<div class=\"blockG\" id=\"rotateG_07\"><\/div>\n\t\t\t\t<div class=\"blockG\" id=\"rotateG_08\"><\/div>\n\t\t\t<\/div>\n\t\t\t<div class=\"WooZone-cross-sell-loader-text\"><\/div>\n\t\t<\/div>\n\t<\/div>\n\n\t\t\n<\/div>\n<div style=\"clear:both;\"><\/div><\/p>\n","protected":false},"excerpt":{"rendered":"<p>Die hochwertig vorgewickelten Vandy Vape Prebuilt Ni80 MATO Fused Clapton Coils sind f\u00fcr Tank- und Tr\u00f6pflerverdampfer optimal geeignet.<br \/>\nVandy Vape liefert hier vorgefertigte Coils der Extraklasse. Der NI80 MATO Fused Clapton Coil hat einen Innendurchmesser von 3.5 mm und besteht Ni80. Diese wurden speziell f\u00fcr den Vandy Vape MATO RDTA entwickelt und erreichen einen Widerstand von 0,26 Ohm. Die Verpackungseinheit betr\u00e4gt 5 St\u00fcck.<br \/>\nDaten: Material: NI80 Widerstand: 0,26 Ohm Durchmesser: 3,5 mm Windungen: 5 0,4 mm*3 + 0,12 mm 26ga*3+36ga<\/p>\n","protected":false},"featured_media":122576,"comment_status":"open","ping_status":"closed","template":"","meta":[],"product_brand":[],"product_cat":[566,5626],"product_tag":[],"class_list":{"0":"post-122575","1":"product","2":"type-product","3":"status-publish","4":"has-post-thumbnail","6":"product_cat-drogerie-koerperpflege","7":"product_cat-elektronische-zigaretten-shishas-zubehoer","8":"pa_binding-badartikel","9":"pa_brand-vandy-vape","10":"pa_manufacturer-vandy-vape","11":"pa_size-5-stueck-1er-pack","13":"first","14":"instock","15":"shipping-taxable","16":"purchasable","17":"product-type-simple","18":"customify-col","19":"product-has-gallery"},"yoast_head":"<!-- This site is optimized with the Yoast SEO plugin v27.3 - https:\/\/yoast.com\/product\/yoast-seo-wordpress\/ -->\n<title>Vandy Vape Prebuilt Ni80 Mato Triple Fused Clapton Coil 0,26 Ohm - Markt-XXL<\/title>\n<meta name=\"description\" content=\"Markt-XXL Vandy Vape Prebuilt Ni80 Mato Triple Fused Clapton Coil 0,26 Ohm\" \/>\n<meta name=\"robots\" content=\"index, follow, max-snippet:-1, max-image-preview:large, max-video-preview:-1\" \/>\n<link rel=\"canonical\" href=\"https:\/\/marktxxl.de\/markt\/produkt\/vandy-vape-prebuilt-ni80-mato-triple-fused-clapton-coil-026-ohm\/\" \/>\n<meta property=\"og:locale\" content=\"de_DE\" \/>\n<meta property=\"og:type\" content=\"article\" \/>\n<meta property=\"og:title\" content=\"Vandy Vape Prebuilt Ni80 Mato Triple Fused Clapton Coil 0,26 Ohm - Markt-XXL\" \/>\n<meta property=\"og:description\" content=\"Markt-XXL Vandy Vape Prebuilt Ni80 Mato Triple Fused Clapton Coil 0,26 Ohm\" \/>\n<meta property=\"og:url\" content=\"https:\/\/marktxxl.de\/markt\/produkt\/vandy-vape-prebuilt-ni80-mato-triple-fused-clapton-coil-026-ohm\/\" \/>\n<meta property=\"og:site_name\" content=\"Markt-XXL\" \/>\n<meta property=\"article:modified_time\" content=\"2023-04-10T01:56:27+00:00\" \/>\n<meta property=\"og:image\" content=\"https:\/\/m.media-amazon.com\/images\/I\/41TjiKtLvWL._SL500_.jpg\" \/>\n\t<meta property=\"og:image:width\" content=\"500\" \/>\n\t<meta property=\"og:image:height\" content=\"314\" \/>\n\t<meta property=\"og:image:type\" content=\"image\/jpeg\" \/>\n<meta name=\"twitter:card\" content=\"summary_large_image\" \/>\n<script type=\"application\/ld+json\" class=\"yoast-schema-graph\">{\"@context\":\"https:\\\/\\\/schema.org\",\"@graph\":[{\"@type\":\"WebPage\",\"@id\":\"https:\\\/\\\/marktxxl.de\\\/markt\\\/produkt\\\/vandy-vape-prebuilt-ni80-mato-triple-fused-clapton-coil-026-ohm\\\/\",\"url\":\"https:\\\/\\\/marktxxl.de\\\/markt\\\/produkt\\\/vandy-vape-prebuilt-ni80-mato-triple-fused-clapton-coil-026-ohm\\\/\",\"name\":\"Vandy Vape Prebuilt Ni80 Mato Triple Fused Clapton Coil 0,26 Ohm - Markt-XXL\",\"isPartOf\":{\"@id\":\"https:\\\/\\\/marktxxl.de\\\/markt\\\/#website\"},\"primaryImageOfPage\":{\"@id\":\"https:\\\/\\\/marktxxl.de\\\/markt\\\/produkt\\\/vandy-vape-prebuilt-ni80-mato-triple-fused-clapton-coil-026-ohm\\\/#primaryimage\"},\"image\":{\"@id\":\"https:\\\/\\\/marktxxl.de\\\/markt\\\/produkt\\\/vandy-vape-prebuilt-ni80-mato-triple-fused-clapton-coil-026-ohm\\\/#primaryimage\"},\"thumbnailUrl\":\"https:\\\/\\\/m.media-amazon.com\\\/images\\\/I\\\/41TjiKtLvWL._SL500_.jpg\",\"datePublished\":\"2022-05-15T07:19:31+00:00\",\"dateModified\":\"2023-04-10T01:56:27+00:00\",\"description\":\"Markt-XXL Vandy Vape Prebuilt Ni80 Mato Triple Fused Clapton Coil 0,26 Ohm\",\"breadcrumb\":{\"@id\":\"https:\\\/\\\/marktxxl.de\\\/markt\\\/produkt\\\/vandy-vape-prebuilt-ni80-mato-triple-fused-clapton-coil-026-ohm\\\/#breadcrumb\"},\"inLanguage\":\"de\",\"potentialAction\":[{\"@type\":\"ReadAction\",\"target\":[\"https:\\\/\\\/marktxxl.de\\\/markt\\\/produkt\\\/vandy-vape-prebuilt-ni80-mato-triple-fused-clapton-coil-026-ohm\\\/\"]}]},{\"@type\":\"ImageObject\",\"inLanguage\":\"de\",\"@id\":\"https:\\\/\\\/marktxxl.de\\\/markt\\\/produkt\\\/vandy-vape-prebuilt-ni80-mato-triple-fused-clapton-coil-026-ohm\\\/#primaryimage\",\"url\":\"https:\\\/\\\/m.media-amazon.com\\\/images\\\/I\\\/41TjiKtLvWL._SL500_.jpg\",\"contentUrl\":\"https:\\\/\\\/m.media-amazon.com\\\/images\\\/I\\\/41TjiKtLvWL._SL500_.jpg\",\"width\":500,\"height\":314},{\"@type\":\"BreadcrumbList\",\"@id\":\"https:\\\/\\\/marktxxl.de\\\/markt\\\/produkt\\\/vandy-vape-prebuilt-ni80-mato-triple-fused-clapton-coil-026-ohm\\\/#breadcrumb\",\"itemListElement\":[{\"@type\":\"ListItem\",\"position\":1,\"name\":\"Startseite\",\"item\":\"https:\\\/\\\/marktxxl.de\\\/markt\\\/\"},{\"@type\":\"ListItem\",\"position\":2,\"name\":\"Markt\",\"item\":\"https:\\\/\\\/marktxxl.de\\\/markt\\\/\"},{\"@type\":\"ListItem\",\"position\":3,\"name\":\"Vandy Vape Prebuilt Ni80 Mato Triple Fused Clapton Coil 0,26 Ohm\"}]},{\"@type\":\"WebSite\",\"@id\":\"https:\\\/\\\/marktxxl.de\\\/markt\\\/#website\",\"url\":\"https:\\\/\\\/marktxxl.de\\\/markt\\\/\",\"name\":\"Markt-XXL\",\"description\":\"Ihr Markt Online\",\"publisher\":{\"@id\":\"https:\\\/\\\/marktxxl.de\\\/markt\\\/#organization\"},\"potentialAction\":[{\"@type\":\"SearchAction\",\"target\":{\"@type\":\"EntryPoint\",\"urlTemplate\":\"https:\\\/\\\/marktxxl.de\\\/markt\\\/?s={search_term_string}\"},\"query-input\":{\"@type\":\"PropertyValueSpecification\",\"valueRequired\":true,\"valueName\":\"search_term_string\"}}],\"inLanguage\":\"de\"},{\"@type\":\"Organization\",\"@id\":\"https:\\\/\\\/marktxxl.de\\\/markt\\\/#organization\",\"name\":\"Markt-XXL\",\"url\":\"https:\\\/\\\/marktxxl.de\\\/markt\\\/\",\"logo\":{\"@type\":\"ImageObject\",\"inLanguage\":\"de\",\"@id\":\"https:\\\/\\\/marktxxl.de\\\/markt\\\/#\\\/schema\\\/logo\\\/image\\\/\",\"url\":\"https:\\\/\\\/marktxxl.de\\\/markt\\\/wp-content\\\/uploads\\\/sites\\\/3\\\/2020\\\/12\\\/logo.png\",\"contentUrl\":\"https:\\\/\\\/marktxxl.de\\\/markt\\\/wp-content\\\/uploads\\\/sites\\\/3\\\/2020\\\/12\\\/logo.png\",\"width\":200,\"height\":70,\"caption\":\"Markt-XXL\"},\"image\":{\"@id\":\"https:\\\/\\\/marktxxl.de\\\/markt\\\/#\\\/schema\\\/logo\\\/image\\\/\"}}]}<\/script>\n<!-- \/ Yoast SEO plugin. -->","yoast_head_json":{"title":"Vandy Vape Prebuilt Ni80 Mato Triple Fused Clapton Coil 0,26 Ohm - Markt-XXL","description":"Markt-XXL Vandy Vape Prebuilt Ni80 Mato Triple Fused Clapton Coil 0,26 Ohm","robots":{"index":"index","follow":"follow","max-snippet":"max-snippet:-1","max-image-preview":"max-image-preview:large","max-video-preview":"max-video-preview:-1"},"canonical":"https:\/\/marktxxl.de\/markt\/produkt\/vandy-vape-prebuilt-ni80-mato-triple-fused-clapton-coil-026-ohm\/","og_locale":"de_DE","og_type":"article","og_title":"Vandy Vape Prebuilt Ni80 Mato Triple Fused Clapton Coil 0,26 Ohm - Markt-XXL","og_description":"Markt-XXL Vandy Vape Prebuilt Ni80 Mato Triple Fused Clapton Coil 0,26 Ohm","og_url":"https:\/\/marktxxl.de\/markt\/produkt\/vandy-vape-prebuilt-ni80-mato-triple-fused-clapton-coil-026-ohm\/","og_site_name":"Markt-XXL","article_modified_time":"2023-04-10T01:56:27+00:00","og_image":[{"width":500,"height":314,"url":"https:\/\/m.media-amazon.com\/images\/I\/41TjiKtLvWL._SL500_.jpg","type":"image\/jpeg"}],"twitter_card":"summary_large_image","schema":{"@context":"https:\/\/schema.org","@graph":[{"@type":"WebPage","@id":"https:\/\/marktxxl.de\/markt\/produkt\/vandy-vape-prebuilt-ni80-mato-triple-fused-clapton-coil-026-ohm\/","url":"https:\/\/marktxxl.de\/markt\/produkt\/vandy-vape-prebuilt-ni80-mato-triple-fused-clapton-coil-026-ohm\/","name":"Vandy Vape Prebuilt Ni80 Mato Triple Fused Clapton Coil 0,26 Ohm - Markt-XXL","isPartOf":{"@id":"https:\/\/marktxxl.de\/markt\/#website"},"primaryImageOfPage":{"@id":"https:\/\/marktxxl.de\/markt\/produkt\/vandy-vape-prebuilt-ni80-mato-triple-fused-clapton-coil-026-ohm\/#primaryimage"},"image":{"@id":"https:\/\/marktxxl.de\/markt\/produkt\/vandy-vape-prebuilt-ni80-mato-triple-fused-clapton-coil-026-ohm\/#primaryimage"},"thumbnailUrl":"https:\/\/m.media-amazon.com\/images\/I\/41TjiKtLvWL._SL500_.jpg","datePublished":"2022-05-15T07:19:31+00:00","dateModified":"2023-04-10T01:56:27+00:00","description":"Markt-XXL Vandy Vape Prebuilt Ni80 Mato Triple Fused Clapton Coil 0,26 Ohm","breadcrumb":{"@id":"https:\/\/marktxxl.de\/markt\/produkt\/vandy-vape-prebuilt-ni80-mato-triple-fused-clapton-coil-026-ohm\/#breadcrumb"},"inLanguage":"de","potentialAction":[{"@type":"ReadAction","target":["https:\/\/marktxxl.de\/markt\/produkt\/vandy-vape-prebuilt-ni80-mato-triple-fused-clapton-coil-026-ohm\/"]}]},{"@type":"ImageObject","inLanguage":"de","@id":"https:\/\/marktxxl.de\/markt\/produkt\/vandy-vape-prebuilt-ni80-mato-triple-fused-clapton-coil-026-ohm\/#primaryimage","url":"https:\/\/m.media-amazon.com\/images\/I\/41TjiKtLvWL._SL500_.jpg","contentUrl":"https:\/\/m.media-amazon.com\/images\/I\/41TjiKtLvWL._SL500_.jpg","width":500,"height":314},{"@type":"BreadcrumbList","@id":"https:\/\/marktxxl.de\/markt\/produkt\/vandy-vape-prebuilt-ni80-mato-triple-fused-clapton-coil-026-ohm\/#breadcrumb","itemListElement":[{"@type":"ListItem","position":1,"name":"Startseite","item":"https:\/\/marktxxl.de\/markt\/"},{"@type":"ListItem","position":2,"name":"Markt","item":"https:\/\/marktxxl.de\/markt\/"},{"@type":"ListItem","position":3,"name":"Vandy Vape Prebuilt Ni80 Mato Triple Fused Clapton Coil 0,26 Ohm"}]},{"@type":"WebSite","@id":"https:\/\/marktxxl.de\/markt\/#website","url":"https:\/\/marktxxl.de\/markt\/","name":"Markt-XXL","description":"Ihr Markt Online","publisher":{"@id":"https:\/\/marktxxl.de\/markt\/#organization"},"potentialAction":[{"@type":"SearchAction","target":{"@type":"EntryPoint","urlTemplate":"https:\/\/marktxxl.de\/markt\/?s={search_term_string}"},"query-input":{"@type":"PropertyValueSpecification","valueRequired":true,"valueName":"search_term_string"}}],"inLanguage":"de"},{"@type":"Organization","@id":"https:\/\/marktxxl.de\/markt\/#organization","name":"Markt-XXL","url":"https:\/\/marktxxl.de\/markt\/","logo":{"@type":"ImageObject","inLanguage":"de","@id":"https:\/\/marktxxl.de\/markt\/#\/schema\/logo\/image\/","url":"https:\/\/marktxxl.de\/markt\/wp-content\/uploads\/sites\/3\/2020\/12\/logo.png","contentUrl":"https:\/\/marktxxl.de\/markt\/wp-content\/uploads\/sites\/3\/2020\/12\/logo.png","width":200,"height":70,"caption":"Markt-XXL"},"image":{"@id":"https:\/\/marktxxl.de\/markt\/#\/schema\/logo\/image\/"}}]}},"_links":{"self":[{"href":"https:\/\/marktxxl.de\/markt\/wp-json\/wp\/v2\/product\/122575","targetHints":{"allow":["GET"]}}],"collection":[{"href":"https:\/\/marktxxl.de\/markt\/wp-json\/wp\/v2\/product"}],"about":[{"href":"https:\/\/marktxxl.de\/markt\/wp-json\/wp\/v2\/types\/product"}],"replies":[{"embeddable":true,"href":"https:\/\/marktxxl.de\/markt\/wp-json\/wp\/v2\/comments?post=122575"}],"wp:featuredmedia":[{"embeddable":true,"href":"https:\/\/marktxxl.de\/markt\/wp-json\/wp\/v2\/media\/122576"}],"wp:attachment":[{"href":"https:\/\/marktxxl.de\/markt\/wp-json\/wp\/v2\/media?parent=122575"}],"wp:term":[{"taxonomy":"product_brand","embeddable":true,"href":"https:\/\/marktxxl.de\/markt\/wp-json\/wp\/v2\/product_brand?post=122575"},{"taxonomy":"product_cat","embeddable":true,"href":"https:\/\/marktxxl.de\/markt\/wp-json\/wp\/v2\/product_cat?post=122575"},{"taxonomy":"product_tag","embeddable":true,"href":"https:\/\/marktxxl.de\/markt\/wp-json\/wp\/v2\/product_tag?post=122575"}],"curies":[{"name":"wp","href":"https:\/\/api.w.org\/{rel}","templated":true}]}}