{"id":122445,"date":"2022-05-15T09:11:24","date_gmt":"2022-05-15T07:11:24","guid":{"rendered":"https:\/\/marktxxl.de\/markt\/produkt\/laptop-ladegeraet-65w-usb-c-schwarz-fuer-lenovo-yoga-c940-c740-c930-ac-laptop-adapter-fuer-thinkpad-x1-carbon-t470s-t480-mac-book-pro-ladegeraet\/"},"modified":"2023-04-10T03:56:25","modified_gmt":"2023-04-10T01:56:25","slug":"laptop-ladegeraet-65w-usb-c-schwarz-fuer-lenovo-yoga-c940-c740-c930-ac-laptop-adapter-fuer-thinkpad-x1-carbon-t470s-t480-mac-book-pro-ladegeraet","status":"publish","type":"product","link":"https:\/\/marktxxl.de\/markt\/produkt\/laptop-ladegeraet-65w-usb-c-schwarz-fuer-lenovo-yoga-c940-c740-c930-ac-laptop-adapter-fuer-thinkpad-x1-carbon-t470s-t480-mac-book-pro-ladegeraet\/","title":{"rendered":"65W USB C Netzteil PD Ladeger\u00e4t Laptop Ladekabel Type C Adapter f\u00fcr Lenovo ThinkPad Huawei Matebook Pro air HP Spectre\u2026"},"content":{"rendered":"<p>\u3010Technische Einzelheiten\u3011USB C Ladeger\u00e4t von CNAMSZOU und Verbindungsart: USB-C Anschluss. Maximale Wattzahl: 65W (Passt f\u00fcr 15W 20W 27W 30W 36W 45W 61W 65W). Ausgangsspannung 5V-3A oder 9V-3A oder 12V-3A oder 15V-3A oder 20V-2.25A oder 20V- 3.25A ,PD Leistungsabnahme \/ Eingangsspannung 100-240V . Farbe: Schwarz<br \/>\n\u3010Mit vielen Laptops einsetzbar\u3011Netzteil Adapter von CNAMSZOU mit Typ C f\u00fcr Lenovo 100e 300e 500e,Chromebook c340 s330 s340 c630,ThinkPad A275 A285 A475 A485 T470 T470s T480 T480s T570 T580 T580s T490 T590 T495 E480 E580 E485 E585 E490 E590 L480 L580 X270 X280 X380 X390 X395.Lenovo Yoga 370 720 720s C630 730 730S S730 910 920 C930 (NUR 13 Zoll !) Yoga C740 C940 S940 S540 C740-14 C940-14 S940-14 730-13IKB 910-13IKB 920-13IKB C930-13IKB S730-13IWL. Auch f\u00fcr Mobiltelefone mit USB-C Eingang.<br \/>\n\u3010Weitgehend einsetzbar\u3011 Das Wand Ladeger\u00e4t ist mit MacBook Pro 13 Inch, mit MacBook Air kompatibel.<br \/>\n\u3010Sicherheit\u3011CNAMSZOU erf\u00fcllt strenge Anforderungen. Es liegen die Zertifizierungen CE\/FCC\/ROHS vor. In vielen L\u00e4ndern wie den Vereinigten Staaten wird dieses Produkt empfohlen.<br \/>\n\u3010Faltbares Design\u3011Sorgen Sie f\u00fcr Mobilit\u00e4t, wohin Sie auch gehen m\u00f6chten. Das Innovative Das Chip-Programm macht das Produkt kompakter und leichter, vermeidet W\u00e4rmeentwicklung und ist sicherer und verl\u00e4sslich.<br \/>\n<div class=\"main-cross-sell\" data-asin=\"B09XXC7NNV\">\n\n\t<div class=\"WooZone-cross-sell-loader\">\n\t\t<div>\n\t\t\t<div id=\"floatingBarsG\">\n\t\t\t\t<div class=\"blockG\" id=\"rotateG_01\"><\/div>\n\t\t\t\t<div class=\"blockG\" id=\"rotateG_02\"><\/div>\n\t\t\t\t<div class=\"blockG\" id=\"rotateG_03\"><\/div>\n\t\t\t\t<div class=\"blockG\" id=\"rotateG_04\"><\/div>\n\t\t\t\t<div class=\"blockG\" id=\"rotateG_05\"><\/div>\n\t\t\t\t<div class=\"blockG\" id=\"rotateG_06\"><\/div>\n\t\t\t\t<div class=\"blockG\" id=\"rotateG_07\"><\/div>\n\t\t\t\t<div class=\"blockG\" id=\"rotateG_08\"><\/div>\n\t\t\t<\/div>\n\t\t\t<div class=\"WooZone-cross-sell-loader-text\"><\/div>\n\t\t<\/div>\n\t<\/div>\n\n\t\t\n<\/div>\n<div style=\"clear:both;\"><\/div><\/p>\n","protected":false},"excerpt":{"rendered":"<p>\u3010Technische Einzelheiten\u3011USB C Ladeger\u00e4t von CNAMSZOU und Verbindungsart: USB-C Anschluss. Maximale Wattzahl: 65W (Passt f\u00fcr 15W 20W 27W 30W 36W 45W 61W 65W). Ausgangsspannung 5V-3A oder 9V-3A oder 12V-3A oder 15V-3A oder 20V-2.25A oder 20V- 3.25A ,PD Leistungsabnahme \/ Eingangsspannung 100-240V . Farbe: Schwarz<br \/>\n\u3010Mit vielen Laptops einsetzbar\u3011Netzteil Adapter von CNAMSZOU mit Typ C f\u00fcr Lenovo 100e 300e 500e,Chromebook c340 s330 s340 c630,ThinkPad A275 A285 A475 A485 T470 T470s T480 T480s T570 T580 T580s T490 T590 T495 E480 E580 E485 E585 E490 E590 L480 L580 X270 X280 X380 X390 X395.Lenovo Yoga 370 720 720s C630 730 730S S730 910 920 C930 (NUR 13 Zoll !) Yoga C740 C940 S940 S540 C740-14 C940-14 S940-14 730-13IKB 910-13IKB 920-13IKB C930-13IKB S730-13IWL. Auch f\u00fcr Mobiltelefone mit USB-C Eingang.<br \/>\n\u3010Weitgehend einsetzbar\u3011 Das Wand Ladeger\u00e4t ist mit MacBook Pro 13 Inch, mit MacBook Air kompatibel.<\/p>\n","protected":false},"featured_media":122446,"comment_status":"open","ping_status":"closed","template":"","meta":[],"product_brand":[],"product_cat":[863],"product_tag":[],"class_list":{"0":"post-122445","1":"product","2":"type-product","3":"status-publish","4":"has-post-thumbnail","6":"product_cat-computer-zubehoer","7":"pa_brand-cnamszou","8":"pa_color-black","9":"pa_manufacturer-cnamszou","11":"first","12":"instock","13":"shipping-taxable","14":"purchasable","15":"product-type-simple","16":"customify-col","17":"product-has-gallery"},"yoast_head":"<!-- This site is optimized with the Yoast SEO plugin v27.4 - https:\/\/yoast.com\/product\/yoast-seo-wordpress\/ -->\n<title>65W USB C Netzteil PD Ladeger\u00e4t Laptop Ladekabel Type C Adapter f\u00fcr Lenovo ThinkPad Huawei Matebook Pro air HP Spectre\u2026 - Markt-XXL<\/title>\n<meta name=\"description\" content=\"Markt-XXL 65W USB C Netzteil PD Ladeger\u00e4t Laptop Ladekabel Type C Adapter f\u00fcr Lenovo ThinkPad Huawei Matebook Pro air HP Spectre\u2026\" \/>\n<meta name=\"robots\" content=\"index, follow, max-snippet:-1, max-image-preview:large, max-video-preview:-1\" \/>\n<link rel=\"canonical\" href=\"https:\/\/marktxxl.de\/markt\/produkt\/laptop-ladegeraet-65w-usb-c-schwarz-fuer-lenovo-yoga-c940-c740-c930-ac-laptop-adapter-fuer-thinkpad-x1-carbon-t470s-t480-mac-book-pro-ladegeraet\/\" \/>\n<meta property=\"og:locale\" content=\"de_DE\" \/>\n<meta property=\"og:type\" content=\"article\" \/>\n<meta property=\"og:title\" content=\"65W USB C Netzteil PD Ladeger\u00e4t Laptop Ladekabel Type C Adapter f\u00fcr Lenovo ThinkPad Huawei Matebook Pro air HP Spectre\u2026 - Markt-XXL\" \/>\n<meta property=\"og:description\" content=\"Markt-XXL 65W USB C Netzteil PD Ladeger\u00e4t Laptop Ladekabel Type C Adapter f\u00fcr Lenovo ThinkPad Huawei Matebook Pro air HP Spectre\u2026\" \/>\n<meta property=\"og:url\" content=\"https:\/\/marktxxl.de\/markt\/produkt\/laptop-ladegeraet-65w-usb-c-schwarz-fuer-lenovo-yoga-c940-c740-c930-ac-laptop-adapter-fuer-thinkpad-x1-carbon-t470s-t480-mac-book-pro-ladegeraet\/\" \/>\n<meta property=\"og:site_name\" content=\"Markt-XXL\" \/>\n<meta property=\"article:modified_time\" content=\"2023-04-10T01:56:25+00:00\" \/>\n<meta property=\"og:image\" content=\"https:\/\/m.media-amazon.com\/images\/I\/31iWnsQ-e7L._SL500_.jpg\" \/>\n\t<meta property=\"og:image:width\" content=\"500\" \/>\n\t<meta property=\"og:image:height\" content=\"500\" \/>\n\t<meta property=\"og:image:type\" content=\"image\/jpeg\" \/>\n<meta name=\"twitter:card\" content=\"summary_large_image\" \/>\n<meta name=\"twitter:label1\" content=\"Gesch\u00e4tzte Lesezeit\" \/>\n\t<meta name=\"twitter:data1\" content=\"1\u00a0Minute\" \/>\n<script type=\"application\/ld+json\" class=\"yoast-schema-graph\">{\"@context\":\"https:\\\/\\\/schema.org\",\"@graph\":[{\"@type\":\"WebPage\",\"@id\":\"https:\\\/\\\/marktxxl.de\\\/markt\\\/produkt\\\/laptop-ladegeraet-65w-usb-c-schwarz-fuer-lenovo-yoga-c940-c740-c930-ac-laptop-adapter-fuer-thinkpad-x1-carbon-t470s-t480-mac-book-pro-ladegeraet\\\/\",\"url\":\"https:\\\/\\\/marktxxl.de\\\/markt\\\/produkt\\\/laptop-ladegeraet-65w-usb-c-schwarz-fuer-lenovo-yoga-c940-c740-c930-ac-laptop-adapter-fuer-thinkpad-x1-carbon-t470s-t480-mac-book-pro-ladegeraet\\\/\",\"name\":\"65W USB C Netzteil PD Ladeger\u00e4t Laptop Ladekabel Type C Adapter f\u00fcr Lenovo ThinkPad Huawei Matebook Pro air HP Spectre\u2026 - Markt-XXL\",\"isPartOf\":{\"@id\":\"https:\\\/\\\/marktxxl.de\\\/markt\\\/#website\"},\"primaryImageOfPage\":{\"@id\":\"https:\\\/\\\/marktxxl.de\\\/markt\\\/produkt\\\/laptop-ladegeraet-65w-usb-c-schwarz-fuer-lenovo-yoga-c940-c740-c930-ac-laptop-adapter-fuer-thinkpad-x1-carbon-t470s-t480-mac-book-pro-ladegeraet\\\/#primaryimage\"},\"image\":{\"@id\":\"https:\\\/\\\/marktxxl.de\\\/markt\\\/produkt\\\/laptop-ladegeraet-65w-usb-c-schwarz-fuer-lenovo-yoga-c940-c740-c930-ac-laptop-adapter-fuer-thinkpad-x1-carbon-t470s-t480-mac-book-pro-ladegeraet\\\/#primaryimage\"},\"thumbnailUrl\":\"https:\\\/\\\/m.media-amazon.com\\\/images\\\/I\\\/31iWnsQ-e7L._SL500_.jpg\",\"datePublished\":\"2022-05-15T07:11:24+00:00\",\"dateModified\":\"2023-04-10T01:56:25+00:00\",\"description\":\"Markt-XXL 65W USB C Netzteil PD Ladeger\u00e4t Laptop Ladekabel Type C Adapter f\u00fcr Lenovo ThinkPad Huawei Matebook Pro air HP Spectre\u2026\",\"breadcrumb\":{\"@id\":\"https:\\\/\\\/marktxxl.de\\\/markt\\\/produkt\\\/laptop-ladegeraet-65w-usb-c-schwarz-fuer-lenovo-yoga-c940-c740-c930-ac-laptop-adapter-fuer-thinkpad-x1-carbon-t470s-t480-mac-book-pro-ladegeraet\\\/#breadcrumb\"},\"inLanguage\":\"de\",\"potentialAction\":[{\"@type\":\"ReadAction\",\"target\":[\"https:\\\/\\\/marktxxl.de\\\/markt\\\/produkt\\\/laptop-ladegeraet-65w-usb-c-schwarz-fuer-lenovo-yoga-c940-c740-c930-ac-laptop-adapter-fuer-thinkpad-x1-carbon-t470s-t480-mac-book-pro-ladegeraet\\\/\"]}]},{\"@type\":\"ImageObject\",\"inLanguage\":\"de\",\"@id\":\"https:\\\/\\\/marktxxl.de\\\/markt\\\/produkt\\\/laptop-ladegeraet-65w-usb-c-schwarz-fuer-lenovo-yoga-c940-c740-c930-ac-laptop-adapter-fuer-thinkpad-x1-carbon-t470s-t480-mac-book-pro-ladegeraet\\\/#primaryimage\",\"url\":\"https:\\\/\\\/m.media-amazon.com\\\/images\\\/I\\\/31iWnsQ-e7L._SL500_.jpg\",\"contentUrl\":\"https:\\\/\\\/m.media-amazon.com\\\/images\\\/I\\\/31iWnsQ-e7L._SL500_.jpg\",\"width\":500,\"height\":500},{\"@type\":\"BreadcrumbList\",\"@id\":\"https:\\\/\\\/marktxxl.de\\\/markt\\\/produkt\\\/laptop-ladegeraet-65w-usb-c-schwarz-fuer-lenovo-yoga-c940-c740-c930-ac-laptop-adapter-fuer-thinkpad-x1-carbon-t470s-t480-mac-book-pro-ladegeraet\\\/#breadcrumb\",\"itemListElement\":[{\"@type\":\"ListItem\",\"position\":1,\"name\":\"Startseite\",\"item\":\"https:\\\/\\\/marktxxl.de\\\/markt\\\/\"},{\"@type\":\"ListItem\",\"position\":2,\"name\":\"Markt\",\"item\":\"https:\\\/\\\/marktxxl.de\\\/markt\\\/\"},{\"@type\":\"ListItem\",\"position\":3,\"name\":\"65W USB C Netzteil PD Ladeger\u00e4t Laptop Ladekabel Type C Adapter f\u00fcr Lenovo ThinkPad Huawei Matebook Pro air HP Spectre\u2026\"}]},{\"@type\":\"WebSite\",\"@id\":\"https:\\\/\\\/marktxxl.de\\\/markt\\\/#website\",\"url\":\"https:\\\/\\\/marktxxl.de\\\/markt\\\/\",\"name\":\"Markt-XXL\",\"description\":\"Ihr Markt Online\",\"publisher\":{\"@id\":\"https:\\\/\\\/marktxxl.de\\\/markt\\\/#organization\"},\"potentialAction\":[{\"@type\":\"SearchAction\",\"target\":{\"@type\":\"EntryPoint\",\"urlTemplate\":\"https:\\\/\\\/marktxxl.de\\\/markt\\\/?s={search_term_string}\"},\"query-input\":{\"@type\":\"PropertyValueSpecification\",\"valueRequired\":true,\"valueName\":\"search_term_string\"}}],\"inLanguage\":\"de\"},{\"@type\":\"Organization\",\"@id\":\"https:\\\/\\\/marktxxl.de\\\/markt\\\/#organization\",\"name\":\"Markt-XXL\",\"url\":\"https:\\\/\\\/marktxxl.de\\\/markt\\\/\",\"logo\":{\"@type\":\"ImageObject\",\"inLanguage\":\"de\",\"@id\":\"https:\\\/\\\/marktxxl.de\\\/markt\\\/#\\\/schema\\\/logo\\\/image\\\/\",\"url\":\"https:\\\/\\\/marktxxl.de\\\/markt\\\/wp-content\\\/uploads\\\/sites\\\/3\\\/2020\\\/12\\\/logo.png\",\"contentUrl\":\"https:\\\/\\\/marktxxl.de\\\/markt\\\/wp-content\\\/uploads\\\/sites\\\/3\\\/2020\\\/12\\\/logo.png\",\"width\":200,\"height\":70,\"caption\":\"Markt-XXL\"},\"image\":{\"@id\":\"https:\\\/\\\/marktxxl.de\\\/markt\\\/#\\\/schema\\\/logo\\\/image\\\/\"}}]}<\/script>\n<!-- \/ Yoast SEO plugin. -->","yoast_head_json":{"title":"65W USB C Netzteil PD Ladeger\u00e4t Laptop Ladekabel Type C Adapter f\u00fcr Lenovo ThinkPad Huawei Matebook Pro air HP Spectre\u2026 - Markt-XXL","description":"Markt-XXL 65W USB C Netzteil PD Ladeger\u00e4t Laptop Ladekabel Type C Adapter f\u00fcr Lenovo ThinkPad Huawei Matebook Pro air HP Spectre\u2026","robots":{"index":"index","follow":"follow","max-snippet":"max-snippet:-1","max-image-preview":"max-image-preview:large","max-video-preview":"max-video-preview:-1"},"canonical":"https:\/\/marktxxl.de\/markt\/produkt\/laptop-ladegeraet-65w-usb-c-schwarz-fuer-lenovo-yoga-c940-c740-c930-ac-laptop-adapter-fuer-thinkpad-x1-carbon-t470s-t480-mac-book-pro-ladegeraet\/","og_locale":"de_DE","og_type":"article","og_title":"65W USB C Netzteil PD Ladeger\u00e4t Laptop Ladekabel Type C Adapter f\u00fcr Lenovo ThinkPad Huawei Matebook Pro air HP Spectre\u2026 - Markt-XXL","og_description":"Markt-XXL 65W USB C Netzteil PD Ladeger\u00e4t Laptop Ladekabel Type C Adapter f\u00fcr Lenovo ThinkPad Huawei Matebook Pro air HP Spectre\u2026","og_url":"https:\/\/marktxxl.de\/markt\/produkt\/laptop-ladegeraet-65w-usb-c-schwarz-fuer-lenovo-yoga-c940-c740-c930-ac-laptop-adapter-fuer-thinkpad-x1-carbon-t470s-t480-mac-book-pro-ladegeraet\/","og_site_name":"Markt-XXL","article_modified_time":"2023-04-10T01:56:25+00:00","og_image":[{"width":500,"height":500,"url":"https:\/\/m.media-amazon.com\/images\/I\/31iWnsQ-e7L._SL500_.jpg","type":"image\/jpeg"}],"twitter_card":"summary_large_image","twitter_misc":{"Gesch\u00e4tzte Lesezeit":"1\u00a0Minute"},"schema":{"@context":"https:\/\/schema.org","@graph":[{"@type":"WebPage","@id":"https:\/\/marktxxl.de\/markt\/produkt\/laptop-ladegeraet-65w-usb-c-schwarz-fuer-lenovo-yoga-c940-c740-c930-ac-laptop-adapter-fuer-thinkpad-x1-carbon-t470s-t480-mac-book-pro-ladegeraet\/","url":"https:\/\/marktxxl.de\/markt\/produkt\/laptop-ladegeraet-65w-usb-c-schwarz-fuer-lenovo-yoga-c940-c740-c930-ac-laptop-adapter-fuer-thinkpad-x1-carbon-t470s-t480-mac-book-pro-ladegeraet\/","name":"65W USB C Netzteil PD Ladeger\u00e4t Laptop Ladekabel Type C Adapter f\u00fcr Lenovo ThinkPad Huawei Matebook Pro air HP Spectre\u2026 - Markt-XXL","isPartOf":{"@id":"https:\/\/marktxxl.de\/markt\/#website"},"primaryImageOfPage":{"@id":"https:\/\/marktxxl.de\/markt\/produkt\/laptop-ladegeraet-65w-usb-c-schwarz-fuer-lenovo-yoga-c940-c740-c930-ac-laptop-adapter-fuer-thinkpad-x1-carbon-t470s-t480-mac-book-pro-ladegeraet\/#primaryimage"},"image":{"@id":"https:\/\/marktxxl.de\/markt\/produkt\/laptop-ladegeraet-65w-usb-c-schwarz-fuer-lenovo-yoga-c940-c740-c930-ac-laptop-adapter-fuer-thinkpad-x1-carbon-t470s-t480-mac-book-pro-ladegeraet\/#primaryimage"},"thumbnailUrl":"https:\/\/m.media-amazon.com\/images\/I\/31iWnsQ-e7L._SL500_.jpg","datePublished":"2022-05-15T07:11:24+00:00","dateModified":"2023-04-10T01:56:25+00:00","description":"Markt-XXL 65W USB C Netzteil PD Ladeger\u00e4t Laptop Ladekabel Type C Adapter f\u00fcr Lenovo ThinkPad Huawei Matebook Pro air HP Spectre\u2026","breadcrumb":{"@id":"https:\/\/marktxxl.de\/markt\/produkt\/laptop-ladegeraet-65w-usb-c-schwarz-fuer-lenovo-yoga-c940-c740-c930-ac-laptop-adapter-fuer-thinkpad-x1-carbon-t470s-t480-mac-book-pro-ladegeraet\/#breadcrumb"},"inLanguage":"de","potentialAction":[{"@type":"ReadAction","target":["https:\/\/marktxxl.de\/markt\/produkt\/laptop-ladegeraet-65w-usb-c-schwarz-fuer-lenovo-yoga-c940-c740-c930-ac-laptop-adapter-fuer-thinkpad-x1-carbon-t470s-t480-mac-book-pro-ladegeraet\/"]}]},{"@type":"ImageObject","inLanguage":"de","@id":"https:\/\/marktxxl.de\/markt\/produkt\/laptop-ladegeraet-65w-usb-c-schwarz-fuer-lenovo-yoga-c940-c740-c930-ac-laptop-adapter-fuer-thinkpad-x1-carbon-t470s-t480-mac-book-pro-ladegeraet\/#primaryimage","url":"https:\/\/m.media-amazon.com\/images\/I\/31iWnsQ-e7L._SL500_.jpg","contentUrl":"https:\/\/m.media-amazon.com\/images\/I\/31iWnsQ-e7L._SL500_.jpg","width":500,"height":500},{"@type":"BreadcrumbList","@id":"https:\/\/marktxxl.de\/markt\/produkt\/laptop-ladegeraet-65w-usb-c-schwarz-fuer-lenovo-yoga-c940-c740-c930-ac-laptop-adapter-fuer-thinkpad-x1-carbon-t470s-t480-mac-book-pro-ladegeraet\/#breadcrumb","itemListElement":[{"@type":"ListItem","position":1,"name":"Startseite","item":"https:\/\/marktxxl.de\/markt\/"},{"@type":"ListItem","position":2,"name":"Markt","item":"https:\/\/marktxxl.de\/markt\/"},{"@type":"ListItem","position":3,"name":"65W USB C Netzteil PD Ladeger\u00e4t Laptop Ladekabel Type C Adapter f\u00fcr Lenovo ThinkPad Huawei Matebook Pro air HP Spectre\u2026"}]},{"@type":"WebSite","@id":"https:\/\/marktxxl.de\/markt\/#website","url":"https:\/\/marktxxl.de\/markt\/","name":"Markt-XXL","description":"Ihr Markt Online","publisher":{"@id":"https:\/\/marktxxl.de\/markt\/#organization"},"potentialAction":[{"@type":"SearchAction","target":{"@type":"EntryPoint","urlTemplate":"https:\/\/marktxxl.de\/markt\/?s={search_term_string}"},"query-input":{"@type":"PropertyValueSpecification","valueRequired":true,"valueName":"search_term_string"}}],"inLanguage":"de"},{"@type":"Organization","@id":"https:\/\/marktxxl.de\/markt\/#organization","name":"Markt-XXL","url":"https:\/\/marktxxl.de\/markt\/","logo":{"@type":"ImageObject","inLanguage":"de","@id":"https:\/\/marktxxl.de\/markt\/#\/schema\/logo\/image\/","url":"https:\/\/marktxxl.de\/markt\/wp-content\/uploads\/sites\/3\/2020\/12\/logo.png","contentUrl":"https:\/\/marktxxl.de\/markt\/wp-content\/uploads\/sites\/3\/2020\/12\/logo.png","width":200,"height":70,"caption":"Markt-XXL"},"image":{"@id":"https:\/\/marktxxl.de\/markt\/#\/schema\/logo\/image\/"}}]}},"_links":{"self":[{"href":"https:\/\/marktxxl.de\/markt\/wp-json\/wp\/v2\/product\/122445","targetHints":{"allow":["GET"]}}],"collection":[{"href":"https:\/\/marktxxl.de\/markt\/wp-json\/wp\/v2\/product"}],"about":[{"href":"https:\/\/marktxxl.de\/markt\/wp-json\/wp\/v2\/types\/product"}],"replies":[{"embeddable":true,"href":"https:\/\/marktxxl.de\/markt\/wp-json\/wp\/v2\/comments?post=122445"}],"wp:featuredmedia":[{"embeddable":true,"href":"https:\/\/marktxxl.de\/markt\/wp-json\/wp\/v2\/media\/122446"}],"wp:attachment":[{"href":"https:\/\/marktxxl.de\/markt\/wp-json\/wp\/v2\/media?parent=122445"}],"wp:term":[{"taxonomy":"product_brand","embeddable":true,"href":"https:\/\/marktxxl.de\/markt\/wp-json\/wp\/v2\/product_brand?post=122445"},{"taxonomy":"product_cat","embeddable":true,"href":"https:\/\/marktxxl.de\/markt\/wp-json\/wp\/v2\/product_cat?post=122445"},{"taxonomy":"product_tag","embeddable":true,"href":"https:\/\/marktxxl.de\/markt\/wp-json\/wp\/v2\/product_tag?post=122445"}],"curies":[{"name":"wp","href":"https:\/\/api.w.org\/{rel}","templated":true}]}}