{"id":122274,"date":"2022-05-15T09:05:37","date_gmt":"2022-05-15T07:05:37","guid":{"rendered":"https:\/\/marktxxl.de\/markt\/produkt\/ugreen-60w-usb-c-auf-usb-c-kabel-2-stueck-ladekabel-usb-c-usb-c-power-delivery-3a-20v-kompatibel-mit-galaxy-s22-ultra-s21-s20-a53-a52s-a22-tab-s8-ipad-mini-6-ipad-air-5-ipad-pro-macbook-air-usw\/"},"modified":"2023-04-10T03:56:24","modified_gmt":"2023-04-10T01:56:24","slug":"ugreen-60w-usb-c-auf-usb-c-kabel-2-stueck-ladekabel-usb-c-usb-c-power-delivery-3a-20v-kompatibel-mit-galaxy-s22-ultra-s21-s20-a53-a52s-a22-tab-s8-ipad-mini-6-ipad-air-5-ipad-pro-macbook-air-usw","status":"publish","type":"product","link":"https:\/\/marktxxl.de\/markt\/produkt\/ugreen-60w-usb-c-auf-usb-c-kabel-2-stueck-ladekabel-usb-c-usb-c-power-delivery-3a-20v-kompatibel-mit-galaxy-s22-ultra-s21-s20-a53-a52s-a22-tab-s8-ipad-mini-6-ipad-air-5-ipad-pro-macbook-air-usw\/","title":{"rendered":"UGREEN USB C auf USB C Kabel 2 St\u00fcck 60W PD 3.0 QC 4.0\/4.0+ PPS USB C Ladekabel 2 Pack kompatibel mit Galaxy S23 S22 S21\u2026"},"content":{"rendered":"<p>60W Schnellladen und Synchronisieren: UGREEN USB C auf USB C Ladekabel 2 St\u00fcck unterst\u00fctzen Power Delivery 3.0 und Quick Charge 4,0 Schnellladen Technologien. Es kann PD 3.0 und QC 4.0 unterst\u00fctzten Ger\u00e4te, wie Laptops und Smartphones, mit voller Geschwindigkeit bis zu 60W aufladen. Galaxy S22 Ultra wird innerhalb 1 Std. v\u00f6llig aufgeladen. Gleichzeitig unterst\u00fctzen auch USB-C auf USB-C Kabel 2 Pack Daten\u00fcbertragungsrate bis zu 480 Mbps. Hinweis: Videoausgang wird nicht unterst\u00fctzt.<br \/>\nBreite Kompatibilit\u00e4t: USB C Ladekabel USB C 60W 2 St\u00fcck sind kompatibel mit Galaxy S22 Ultra, S22+, S22, S21 Ultra, Note20 Ultra, S20, A53, A52s, A52, M52, M22, M32, Tab S8, Tab S8+, Tab S8 Ultra, Mi 11, Mi 9 Pro, Redmi 9T, Redmi Note 10 Pro, Redmi Note 9 Pro, Poco X3 Pro, Poco M3 Pro, Xperia 10 III, LG Velvet 5G, Pixel 5, iPad Mini 6, iPad Pro 2020, iPad Air 5, iPad Air 2020, MacBook Air, MacBook Pro, Surface Go 2, Surface Pro 7, Surface Book 3, MateBook D, MateBook X Pro usw.<br \/>\n2 St\u00fcck Design, gleichzeitiges Schnellladen f\u00fcr 2 Ger\u00e4te: Mit Doppelpack Ladekabel USB-C USB-C 60W k\u00f6nnen Sie Ihre ladeleistungsstarke Ger\u00e4te wie Smartphone, Tablet und Laptop nicht nur zur Hause, sondern auch beim B\u00fcro schnell laden. Damit machen Sie sich keine Sorge f\u00fcr leere Batterie und ungen\u00fcgendes USB C Ladekabel.<br \/>\nRobust und stark: Beidseitige USB C Stecker k\u00f6nnen mit meisten USB C Buchse perfekt passen und festsitzen. Dar\u00fcber hinaus sch\u00fctzen vielfache Abschirmungen das 60W USB C USB C Ladekabel vor Wackelkontakt und die verst\u00e4rkte Verbindung vermeidet Kabelbruch, somit die Lebensdauer des Ladekabels wird verl\u00e4ngert.<br \/>\nSicher und stabil: USB-C Kabel USB-C 60W Doppelpack verf\u00fcgen \u00fcber 56k Ohm Widerstand, mit denen Spannung und Strom automatisch an die angeschlossenen Ger\u00e4te angepasst werden k\u00f6nnen, wodurch \u00dcberspannungs- und \u00dcberstromprobleme erheblich vermieden werden und die Stabilit\u00e4t beim Ladevorgang verst\u00e4rkt werden.<br \/>\n<div class=\"main-cross-sell\" data-asin=\"B09GRJ1FDX\">\n\n\t<div class=\"WooZone-cross-sell-loader\">\n\t\t<div>\n\t\t\t<div id=\"floatingBarsG\">\n\t\t\t\t<div class=\"blockG\" id=\"rotateG_01\"><\/div>\n\t\t\t\t<div class=\"blockG\" id=\"rotateG_02\"><\/div>\n\t\t\t\t<div class=\"blockG\" id=\"rotateG_03\"><\/div>\n\t\t\t\t<div class=\"blockG\" id=\"rotateG_04\"><\/div>\n\t\t\t\t<div class=\"blockG\" id=\"rotateG_05\"><\/div>\n\t\t\t\t<div class=\"blockG\" id=\"rotateG_06\"><\/div>\n\t\t\t\t<div class=\"blockG\" id=\"rotateG_07\"><\/div>\n\t\t\t\t<div class=\"blockG\" id=\"rotateG_08\"><\/div>\n\t\t\t<\/div>\n\t\t\t<div class=\"WooZone-cross-sell-loader-text\"><\/div>\n\t\t<\/div>\n\t<\/div>\n\n\t\t\n<\/div>\n<div style=\"clear:both;\"><\/div><\/p>\n","protected":false},"excerpt":{"rendered":"<p>60W Schnellladen und Synchronisieren: UGREEN USB C auf USB C Ladekabel 2 St\u00fcck unterst\u00fctzen Power Delivery 3.0 und Quick Charge 4,0 Schnellladen Technologien. Es kann PD 3.0 und QC 4.0 unterst\u00fctzten Ger\u00e4te, wie Laptops und Smartphones, mit voller Geschwindigkeit bis zu 60W aufladen. Galaxy S22 Ultra wird innerhalb 1 Std. v\u00f6llig aufgeladen. Gleichzeitig unterst\u00fctzen auch USB-C auf USB-C Kabel 2 Pack Daten\u00fcbertragungsrate bis zu 480 Mbps. Hinweis: Videoausgang wird nicht unterst\u00fctzt.<br \/>\nBreite Kompatibilit\u00e4t: USB C Ladekabel USB C 60W 2 St\u00fcck sind kompatibel mit Galaxy S22 Ultra, S22+, S22, S21 Ultra, Note20 Ultra, S20, A53, A52s, A52, M52, M22, M32, Tab S8, Tab S8+, Tab S8 Ultra, Mi 11, Mi 9 Pro, Redmi 9T, Redmi Note 10 Pro, Redmi Note 9 Pro, Poco X3 Pro, Poco M3 Pro, Xperia 10 III, LG Velvet 5G, Pixel 5, iPad Mini 6, iPad Pro 2020, iPad Air 5, iPad Air 2020, MacBook Air, MacBook Pro, Surface Go 2, Surface Pro 7, Surface Book 3, MateBook D, MateBook X Pro usw.<br \/>\n2 St\u00fcck Design, gleichzeitiges Schnellladen f\u00fcr 2 Ger\u00e4te: Mit Doppelpack Ladekabel USB-C USB-C 60W k\u00f6nnen Sie Ihre ladeleistungsstarke Ger\u00e4te wie Smartphone, Tablet und Laptop nicht nur zur Hause, sondern auch beim B\u00fcro schnell laden. Damit machen Sie sich keine Sorge f\u00fcr leere Batterie und ungen\u00fcgendes USB C Ladekabel.<\/p>\n","protected":false},"featured_media":122275,"comment_status":"open","ping_status":"closed","template":"","meta":[],"product_brand":[],"product_cat":[863],"product_tag":[],"class_list":{"0":"post-122274","1":"product","2":"type-product","3":"status-publish","4":"has-post-thumbnail","6":"product_cat-computer-zubehoer","7":"pa_brand-ugreen","8":"pa_manufacturer-ugreen-group-limited","10":"first","11":"instock","12":"shipping-taxable","13":"purchasable","14":"product-type-simple","15":"customify-col","16":"product-has-gallery"},"yoast_head":"<!-- This site is optimized with the Yoast SEO plugin v27.4 - https:\/\/yoast.com\/product\/yoast-seo-wordpress\/ -->\n<title>UGREEN USB C auf USB C Kabel 2 St\u00fcck 60W PD 3.0 QC 4.0\/4.0+ PPS USB C Ladekabel 2 Pack kompatibel mit Galaxy S23 S22 S21\u2026 - Markt-XXL<\/title>\n<meta name=\"description\" content=\"Markt-XXL UGREEN USB C auf USB C Kabel 2 St\u00fcck 60W PD 3.0 QC 4.0\/4.0+ PPS USB C Ladekabel 2 Pack kompatibel mit Galaxy S23 S22 S21\u2026\" \/>\n<meta name=\"robots\" content=\"index, follow, max-snippet:-1, max-image-preview:large, max-video-preview:-1\" \/>\n<link rel=\"canonical\" href=\"https:\/\/marktxxl.de\/markt\/produkt\/ugreen-60w-usb-c-auf-usb-c-kabel-2-stueck-ladekabel-usb-c-usb-c-power-delivery-3a-20v-kompatibel-mit-galaxy-s22-ultra-s21-s20-a53-a52s-a22-tab-s8-ipad-mini-6-ipad-air-5-ipad-pro-macbook-air-usw\/\" \/>\n<meta property=\"og:locale\" content=\"de_DE\" \/>\n<meta property=\"og:type\" content=\"article\" \/>\n<meta property=\"og:title\" content=\"UGREEN USB C auf USB C Kabel 2 St\u00fcck 60W PD 3.0 QC 4.0\/4.0+ PPS USB C Ladekabel 2 Pack kompatibel mit Galaxy S23 S22 S21\u2026 - Markt-XXL\" \/>\n<meta property=\"og:description\" content=\"Markt-XXL UGREEN USB C auf USB C Kabel 2 St\u00fcck 60W PD 3.0 QC 4.0\/4.0+ PPS USB C Ladekabel 2 Pack kompatibel mit Galaxy S23 S22 S21\u2026\" \/>\n<meta property=\"og:url\" content=\"https:\/\/marktxxl.de\/markt\/produkt\/ugreen-60w-usb-c-auf-usb-c-kabel-2-stueck-ladekabel-usb-c-usb-c-power-delivery-3a-20v-kompatibel-mit-galaxy-s22-ultra-s21-s20-a53-a52s-a22-tab-s8-ipad-mini-6-ipad-air-5-ipad-pro-macbook-air-usw\/\" \/>\n<meta property=\"og:site_name\" content=\"Markt-XXL\" \/>\n<meta property=\"article:modified_time\" content=\"2023-04-10T01:56:24+00:00\" \/>\n<meta property=\"og:image\" content=\"https:\/\/m.media-amazon.com\/images\/I\/41XKYVT-CIL._SL500_.jpg\" \/>\n\t<meta property=\"og:image:width\" content=\"375\" \/>\n\t<meta property=\"og:image:height\" content=\"500\" \/>\n\t<meta property=\"og:image:type\" content=\"image\/jpeg\" \/>\n<meta name=\"twitter:card\" content=\"summary_large_image\" \/>\n<meta name=\"twitter:label1\" content=\"Gesch\u00e4tzte Lesezeit\" \/>\n\t<meta name=\"twitter:data1\" content=\"2\u00a0Minuten\" \/>\n<script type=\"application\/ld+json\" class=\"yoast-schema-graph\">{\"@context\":\"https:\\\/\\\/schema.org\",\"@graph\":[{\"@type\":\"WebPage\",\"@id\":\"https:\\\/\\\/marktxxl.de\\\/markt\\\/produkt\\\/ugreen-60w-usb-c-auf-usb-c-kabel-2-stueck-ladekabel-usb-c-usb-c-power-delivery-3a-20v-kompatibel-mit-galaxy-s22-ultra-s21-s20-a53-a52s-a22-tab-s8-ipad-mini-6-ipad-air-5-ipad-pro-macbook-air-usw\\\/\",\"url\":\"https:\\\/\\\/marktxxl.de\\\/markt\\\/produkt\\\/ugreen-60w-usb-c-auf-usb-c-kabel-2-stueck-ladekabel-usb-c-usb-c-power-delivery-3a-20v-kompatibel-mit-galaxy-s22-ultra-s21-s20-a53-a52s-a22-tab-s8-ipad-mini-6-ipad-air-5-ipad-pro-macbook-air-usw\\\/\",\"name\":\"UGREEN USB C auf USB C Kabel 2 St\u00fcck 60W PD 3.0 QC 4.0\\\/4.0+ PPS USB C Ladekabel 2 Pack kompatibel mit Galaxy S23 S22 S21\u2026 - Markt-XXL\",\"isPartOf\":{\"@id\":\"https:\\\/\\\/marktxxl.de\\\/markt\\\/#website\"},\"primaryImageOfPage\":{\"@id\":\"https:\\\/\\\/marktxxl.de\\\/markt\\\/produkt\\\/ugreen-60w-usb-c-auf-usb-c-kabel-2-stueck-ladekabel-usb-c-usb-c-power-delivery-3a-20v-kompatibel-mit-galaxy-s22-ultra-s21-s20-a53-a52s-a22-tab-s8-ipad-mini-6-ipad-air-5-ipad-pro-macbook-air-usw\\\/#primaryimage\"},\"image\":{\"@id\":\"https:\\\/\\\/marktxxl.de\\\/markt\\\/produkt\\\/ugreen-60w-usb-c-auf-usb-c-kabel-2-stueck-ladekabel-usb-c-usb-c-power-delivery-3a-20v-kompatibel-mit-galaxy-s22-ultra-s21-s20-a53-a52s-a22-tab-s8-ipad-mini-6-ipad-air-5-ipad-pro-macbook-air-usw\\\/#primaryimage\"},\"thumbnailUrl\":\"https:\\\/\\\/m.media-amazon.com\\\/images\\\/I\\\/41XKYVT-CIL._SL500_.jpg\",\"datePublished\":\"2022-05-15T07:05:37+00:00\",\"dateModified\":\"2023-04-10T01:56:24+00:00\",\"description\":\"Markt-XXL UGREEN USB C auf USB C Kabel 2 St\u00fcck 60W PD 3.0 QC 4.0\\\/4.0+ PPS USB C Ladekabel 2 Pack kompatibel mit Galaxy S23 S22 S21\u2026\",\"breadcrumb\":{\"@id\":\"https:\\\/\\\/marktxxl.de\\\/markt\\\/produkt\\\/ugreen-60w-usb-c-auf-usb-c-kabel-2-stueck-ladekabel-usb-c-usb-c-power-delivery-3a-20v-kompatibel-mit-galaxy-s22-ultra-s21-s20-a53-a52s-a22-tab-s8-ipad-mini-6-ipad-air-5-ipad-pro-macbook-air-usw\\\/#breadcrumb\"},\"inLanguage\":\"de\",\"potentialAction\":[{\"@type\":\"ReadAction\",\"target\":[\"https:\\\/\\\/marktxxl.de\\\/markt\\\/produkt\\\/ugreen-60w-usb-c-auf-usb-c-kabel-2-stueck-ladekabel-usb-c-usb-c-power-delivery-3a-20v-kompatibel-mit-galaxy-s22-ultra-s21-s20-a53-a52s-a22-tab-s8-ipad-mini-6-ipad-air-5-ipad-pro-macbook-air-usw\\\/\"]}]},{\"@type\":\"ImageObject\",\"inLanguage\":\"de\",\"@id\":\"https:\\\/\\\/marktxxl.de\\\/markt\\\/produkt\\\/ugreen-60w-usb-c-auf-usb-c-kabel-2-stueck-ladekabel-usb-c-usb-c-power-delivery-3a-20v-kompatibel-mit-galaxy-s22-ultra-s21-s20-a53-a52s-a22-tab-s8-ipad-mini-6-ipad-air-5-ipad-pro-macbook-air-usw\\\/#primaryimage\",\"url\":\"https:\\\/\\\/m.media-amazon.com\\\/images\\\/I\\\/41XKYVT-CIL._SL500_.jpg\",\"contentUrl\":\"https:\\\/\\\/m.media-amazon.com\\\/images\\\/I\\\/41XKYVT-CIL._SL500_.jpg\",\"width\":375,\"height\":500},{\"@type\":\"BreadcrumbList\",\"@id\":\"https:\\\/\\\/marktxxl.de\\\/markt\\\/produkt\\\/ugreen-60w-usb-c-auf-usb-c-kabel-2-stueck-ladekabel-usb-c-usb-c-power-delivery-3a-20v-kompatibel-mit-galaxy-s22-ultra-s21-s20-a53-a52s-a22-tab-s8-ipad-mini-6-ipad-air-5-ipad-pro-macbook-air-usw\\\/#breadcrumb\",\"itemListElement\":[{\"@type\":\"ListItem\",\"position\":1,\"name\":\"Startseite\",\"item\":\"https:\\\/\\\/marktxxl.de\\\/markt\\\/\"},{\"@type\":\"ListItem\",\"position\":2,\"name\":\"Markt\",\"item\":\"https:\\\/\\\/marktxxl.de\\\/markt\\\/\"},{\"@type\":\"ListItem\",\"position\":3,\"name\":\"UGREEN USB C auf USB C Kabel 2 St\u00fcck 60W PD 3.0 QC 4.0\\\/4.0+ PPS USB C Ladekabel 2 Pack kompatibel mit Galaxy S23 S22 S21\u2026\"}]},{\"@type\":\"WebSite\",\"@id\":\"https:\\\/\\\/marktxxl.de\\\/markt\\\/#website\",\"url\":\"https:\\\/\\\/marktxxl.de\\\/markt\\\/\",\"name\":\"Markt-XXL\",\"description\":\"Ihr Markt Online\",\"publisher\":{\"@id\":\"https:\\\/\\\/marktxxl.de\\\/markt\\\/#organization\"},\"potentialAction\":[{\"@type\":\"SearchAction\",\"target\":{\"@type\":\"EntryPoint\",\"urlTemplate\":\"https:\\\/\\\/marktxxl.de\\\/markt\\\/?s={search_term_string}\"},\"query-input\":{\"@type\":\"PropertyValueSpecification\",\"valueRequired\":true,\"valueName\":\"search_term_string\"}}],\"inLanguage\":\"de\"},{\"@type\":\"Organization\",\"@id\":\"https:\\\/\\\/marktxxl.de\\\/markt\\\/#organization\",\"name\":\"Markt-XXL\",\"url\":\"https:\\\/\\\/marktxxl.de\\\/markt\\\/\",\"logo\":{\"@type\":\"ImageObject\",\"inLanguage\":\"de\",\"@id\":\"https:\\\/\\\/marktxxl.de\\\/markt\\\/#\\\/schema\\\/logo\\\/image\\\/\",\"url\":\"https:\\\/\\\/marktxxl.de\\\/markt\\\/wp-content\\\/uploads\\\/sites\\\/3\\\/2020\\\/12\\\/logo.png\",\"contentUrl\":\"https:\\\/\\\/marktxxl.de\\\/markt\\\/wp-content\\\/uploads\\\/sites\\\/3\\\/2020\\\/12\\\/logo.png\",\"width\":200,\"height\":70,\"caption\":\"Markt-XXL\"},\"image\":{\"@id\":\"https:\\\/\\\/marktxxl.de\\\/markt\\\/#\\\/schema\\\/logo\\\/image\\\/\"}}]}<\/script>\n<!-- \/ Yoast SEO plugin. -->","yoast_head_json":{"title":"UGREEN USB C auf USB C Kabel 2 St\u00fcck 60W PD 3.0 QC 4.0\/4.0+ PPS USB C Ladekabel 2 Pack kompatibel mit Galaxy S23 S22 S21\u2026 - Markt-XXL","description":"Markt-XXL UGREEN USB C auf USB C Kabel 2 St\u00fcck 60W PD 3.0 QC 4.0\/4.0+ PPS USB C Ladekabel 2 Pack kompatibel mit Galaxy S23 S22 S21\u2026","robots":{"index":"index","follow":"follow","max-snippet":"max-snippet:-1","max-image-preview":"max-image-preview:large","max-video-preview":"max-video-preview:-1"},"canonical":"https:\/\/marktxxl.de\/markt\/produkt\/ugreen-60w-usb-c-auf-usb-c-kabel-2-stueck-ladekabel-usb-c-usb-c-power-delivery-3a-20v-kompatibel-mit-galaxy-s22-ultra-s21-s20-a53-a52s-a22-tab-s8-ipad-mini-6-ipad-air-5-ipad-pro-macbook-air-usw\/","og_locale":"de_DE","og_type":"article","og_title":"UGREEN USB C auf USB C Kabel 2 St\u00fcck 60W PD 3.0 QC 4.0\/4.0+ PPS USB C Ladekabel 2 Pack kompatibel mit Galaxy S23 S22 S21\u2026 - Markt-XXL","og_description":"Markt-XXL UGREEN USB C auf USB C Kabel 2 St\u00fcck 60W PD 3.0 QC 4.0\/4.0+ PPS USB C Ladekabel 2 Pack kompatibel mit Galaxy S23 S22 S21\u2026","og_url":"https:\/\/marktxxl.de\/markt\/produkt\/ugreen-60w-usb-c-auf-usb-c-kabel-2-stueck-ladekabel-usb-c-usb-c-power-delivery-3a-20v-kompatibel-mit-galaxy-s22-ultra-s21-s20-a53-a52s-a22-tab-s8-ipad-mini-6-ipad-air-5-ipad-pro-macbook-air-usw\/","og_site_name":"Markt-XXL","article_modified_time":"2023-04-10T01:56:24+00:00","og_image":[{"width":375,"height":500,"url":"https:\/\/m.media-amazon.com\/images\/I\/41XKYVT-CIL._SL500_.jpg","type":"image\/jpeg"}],"twitter_card":"summary_large_image","twitter_misc":{"Gesch\u00e4tzte Lesezeit":"2\u00a0Minuten"},"schema":{"@context":"https:\/\/schema.org","@graph":[{"@type":"WebPage","@id":"https:\/\/marktxxl.de\/markt\/produkt\/ugreen-60w-usb-c-auf-usb-c-kabel-2-stueck-ladekabel-usb-c-usb-c-power-delivery-3a-20v-kompatibel-mit-galaxy-s22-ultra-s21-s20-a53-a52s-a22-tab-s8-ipad-mini-6-ipad-air-5-ipad-pro-macbook-air-usw\/","url":"https:\/\/marktxxl.de\/markt\/produkt\/ugreen-60w-usb-c-auf-usb-c-kabel-2-stueck-ladekabel-usb-c-usb-c-power-delivery-3a-20v-kompatibel-mit-galaxy-s22-ultra-s21-s20-a53-a52s-a22-tab-s8-ipad-mini-6-ipad-air-5-ipad-pro-macbook-air-usw\/","name":"UGREEN USB C auf USB C Kabel 2 St\u00fcck 60W PD 3.0 QC 4.0\/4.0+ PPS USB C Ladekabel 2 Pack kompatibel mit Galaxy S23 S22 S21\u2026 - Markt-XXL","isPartOf":{"@id":"https:\/\/marktxxl.de\/markt\/#website"},"primaryImageOfPage":{"@id":"https:\/\/marktxxl.de\/markt\/produkt\/ugreen-60w-usb-c-auf-usb-c-kabel-2-stueck-ladekabel-usb-c-usb-c-power-delivery-3a-20v-kompatibel-mit-galaxy-s22-ultra-s21-s20-a53-a52s-a22-tab-s8-ipad-mini-6-ipad-air-5-ipad-pro-macbook-air-usw\/#primaryimage"},"image":{"@id":"https:\/\/marktxxl.de\/markt\/produkt\/ugreen-60w-usb-c-auf-usb-c-kabel-2-stueck-ladekabel-usb-c-usb-c-power-delivery-3a-20v-kompatibel-mit-galaxy-s22-ultra-s21-s20-a53-a52s-a22-tab-s8-ipad-mini-6-ipad-air-5-ipad-pro-macbook-air-usw\/#primaryimage"},"thumbnailUrl":"https:\/\/m.media-amazon.com\/images\/I\/41XKYVT-CIL._SL500_.jpg","datePublished":"2022-05-15T07:05:37+00:00","dateModified":"2023-04-10T01:56:24+00:00","description":"Markt-XXL UGREEN USB C auf USB C Kabel 2 St\u00fcck 60W PD 3.0 QC 4.0\/4.0+ PPS USB C Ladekabel 2 Pack kompatibel mit Galaxy S23 S22 S21\u2026","breadcrumb":{"@id":"https:\/\/marktxxl.de\/markt\/produkt\/ugreen-60w-usb-c-auf-usb-c-kabel-2-stueck-ladekabel-usb-c-usb-c-power-delivery-3a-20v-kompatibel-mit-galaxy-s22-ultra-s21-s20-a53-a52s-a22-tab-s8-ipad-mini-6-ipad-air-5-ipad-pro-macbook-air-usw\/#breadcrumb"},"inLanguage":"de","potentialAction":[{"@type":"ReadAction","target":["https:\/\/marktxxl.de\/markt\/produkt\/ugreen-60w-usb-c-auf-usb-c-kabel-2-stueck-ladekabel-usb-c-usb-c-power-delivery-3a-20v-kompatibel-mit-galaxy-s22-ultra-s21-s20-a53-a52s-a22-tab-s8-ipad-mini-6-ipad-air-5-ipad-pro-macbook-air-usw\/"]}]},{"@type":"ImageObject","inLanguage":"de","@id":"https:\/\/marktxxl.de\/markt\/produkt\/ugreen-60w-usb-c-auf-usb-c-kabel-2-stueck-ladekabel-usb-c-usb-c-power-delivery-3a-20v-kompatibel-mit-galaxy-s22-ultra-s21-s20-a53-a52s-a22-tab-s8-ipad-mini-6-ipad-air-5-ipad-pro-macbook-air-usw\/#primaryimage","url":"https:\/\/m.media-amazon.com\/images\/I\/41XKYVT-CIL._SL500_.jpg","contentUrl":"https:\/\/m.media-amazon.com\/images\/I\/41XKYVT-CIL._SL500_.jpg","width":375,"height":500},{"@type":"BreadcrumbList","@id":"https:\/\/marktxxl.de\/markt\/produkt\/ugreen-60w-usb-c-auf-usb-c-kabel-2-stueck-ladekabel-usb-c-usb-c-power-delivery-3a-20v-kompatibel-mit-galaxy-s22-ultra-s21-s20-a53-a52s-a22-tab-s8-ipad-mini-6-ipad-air-5-ipad-pro-macbook-air-usw\/#breadcrumb","itemListElement":[{"@type":"ListItem","position":1,"name":"Startseite","item":"https:\/\/marktxxl.de\/markt\/"},{"@type":"ListItem","position":2,"name":"Markt","item":"https:\/\/marktxxl.de\/markt\/"},{"@type":"ListItem","position":3,"name":"UGREEN USB C auf USB C Kabel 2 St\u00fcck 60W PD 3.0 QC 4.0\/4.0+ PPS USB C Ladekabel 2 Pack kompatibel mit Galaxy S23 S22 S21\u2026"}]},{"@type":"WebSite","@id":"https:\/\/marktxxl.de\/markt\/#website","url":"https:\/\/marktxxl.de\/markt\/","name":"Markt-XXL","description":"Ihr Markt Online","publisher":{"@id":"https:\/\/marktxxl.de\/markt\/#organization"},"potentialAction":[{"@type":"SearchAction","target":{"@type":"EntryPoint","urlTemplate":"https:\/\/marktxxl.de\/markt\/?s={search_term_string}"},"query-input":{"@type":"PropertyValueSpecification","valueRequired":true,"valueName":"search_term_string"}}],"inLanguage":"de"},{"@type":"Organization","@id":"https:\/\/marktxxl.de\/markt\/#organization","name":"Markt-XXL","url":"https:\/\/marktxxl.de\/markt\/","logo":{"@type":"ImageObject","inLanguage":"de","@id":"https:\/\/marktxxl.de\/markt\/#\/schema\/logo\/image\/","url":"https:\/\/marktxxl.de\/markt\/wp-content\/uploads\/sites\/3\/2020\/12\/logo.png","contentUrl":"https:\/\/marktxxl.de\/markt\/wp-content\/uploads\/sites\/3\/2020\/12\/logo.png","width":200,"height":70,"caption":"Markt-XXL"},"image":{"@id":"https:\/\/marktxxl.de\/markt\/#\/schema\/logo\/image\/"}}]}},"_links":{"self":[{"href":"https:\/\/marktxxl.de\/markt\/wp-json\/wp\/v2\/product\/122274","targetHints":{"allow":["GET"]}}],"collection":[{"href":"https:\/\/marktxxl.de\/markt\/wp-json\/wp\/v2\/product"}],"about":[{"href":"https:\/\/marktxxl.de\/markt\/wp-json\/wp\/v2\/types\/product"}],"replies":[{"embeddable":true,"href":"https:\/\/marktxxl.de\/markt\/wp-json\/wp\/v2\/comments?post=122274"}],"wp:featuredmedia":[{"embeddable":true,"href":"https:\/\/marktxxl.de\/markt\/wp-json\/wp\/v2\/media\/122275"}],"wp:attachment":[{"href":"https:\/\/marktxxl.de\/markt\/wp-json\/wp\/v2\/media?parent=122274"}],"wp:term":[{"taxonomy":"product_brand","embeddable":true,"href":"https:\/\/marktxxl.de\/markt\/wp-json\/wp\/v2\/product_brand?post=122274"},{"taxonomy":"product_cat","embeddable":true,"href":"https:\/\/marktxxl.de\/markt\/wp-json\/wp\/v2\/product_cat?post=122274"},{"taxonomy":"product_tag","embeddable":true,"href":"https:\/\/marktxxl.de\/markt\/wp-json\/wp\/v2\/product_tag?post=122274"}],"curies":[{"name":"wp","href":"https:\/\/api.w.org\/{rel}","templated":true}]}}