{"id":122250,"date":"2022-05-15T09:05:15","date_gmt":"2022-05-15T07:05:15","guid":{"rendered":"https:\/\/marktxxl.de\/markt\/produkt\/9-stufen-hoehenverstellbar-laptop-staender-aluminium-laptop-stand-rutschfestes-silikon-tragbar-waermeableitung-notebook-staender-kompatibel-mit-10-173-macbook-pro-air-lenovo-dell-tabl\/"},"modified":"2023-04-10T03:56:24","modified_gmt":"2023-04-10T01:56:24","slug":"9-stufen-hoehenverstellbar-laptop-staender-aluminium-laptop-stand-rutschfestes-silikon-tragbar-waermeableitung-notebook-staender-kompatibel-mit-10-173-macbook-pro-air-lenovo-dell-tabl","status":"publish","type":"product","link":"https:\/\/marktxxl.de\/markt\/produkt\/9-stufen-hoehenverstellbar-laptop-staender-aluminium-laptop-stand-rutschfestes-silikon-tragbar-waermeableitung-notebook-staender-kompatibel-mit-10-173-macbook-pro-air-lenovo-dell-tabl\/","title":{"rendered":"9 Stufen H\u00f6henverstellbar Laptop St\u00e4nder, Aluminium Laptop Stand, Rutschfestes Silikon, tragbar, W\u00e4rmeableitung Notebook\u2026"},"content":{"rendered":"<p>\u3010Weite Kompatibilit\u00e4t\u3011Aluminiumlegierung Laptopst\u00e4nder ist geeignet f\u00fcr 10-17.3 Zoll Notebooks, wie f\u00fcr MacBook, ThinkPad, iPad Pro, Dell, HP. Es ist auch f\u00fcr Tablets, Handys, B\u00fccher und Kindles geeignet. Gro\u00dfe Gr\u00f6\u00dfe und robuste Leistung sind flexibel, um mit verschiedenen Ger\u00e4ten kompatibel<br \/>\n\u30109-Winkelh\u00f6hen Einstellbar\u3011Einstellbar Laptop St\u00e4nder h\u00f6henverstellbar ist ergonomisch gestaltet und bietet 9 Winkeloptionen. Die H\u00f6he des Laptops kann frei zwischen 2,5 Zoll &#8211; 6,5 Zoll (65\u00a0mm &#8211; 165\u00a0mm) eingestellt werden, und der Winkel kann zwischen 15\u00b0-60\u00b0 sein. Das erleichtert das Beobachten und Tippen und lindert Nacken-, Schulter- und Wirbels\u00e4ulenschmerzen<br \/>\n\u3010Robuste Aluminiumlegierung und Rutschfestes Silikon\u3011 Der Laptophalter ist aus einer Aluminiumlegierung gefertigt, die leicht W\u00e4rme aufnehmen und ableiten kann. Die statische Tragf\u00e4higkeit betr\u00e4gt bis zu 80 kg, mit stabiler Robustheit und Haltbarkeit, und wird nicht wackeln, wenn Sie tippen. Das fl\u00e4chendeckende, rutschfeste Silikonpolster und das Ablenkungsdesign verhindern Kratzer und Verrutschen des Laptops und bieten umfassenden Schutz<br \/>\n\u3010Intimes Strukturelles Design\u3011Der Laptop Halterung nimmt eine Doppel-M-Struktur an, die effektiv mit Gro\u00dfbild-Computern kompatibel sein kann. Die stabile dreieckige Struktur der St\u00fctzf\u00fc\u00dfe kann einen schweren Computer kraftvoll unterst\u00fctzen. Das durchdachte geschwungene Design verhindert effektiv die Reibung mit den H\u00e4nden beim Tippen und bietet ein komfortables Tipperlebnis<br \/>\n\u3010Portabel und Faltbar\u3011Der Notebook Stand ist mit einer strapazierf\u00e4higen Flanell-Aufbewahrungstasche ausgestattet, wiegt nur 290g und kann schnell auf eine Gr\u00f6\u00dfe von 1,7 Zoll x 11,8 Zoll (45\u00a0mm x 300 mm) gefaltet werden, was ein ideales leichtes Reisedesign ist. Sie k\u00f6nnen ihn leicht in Caf\u00e9s, Bibliotheken, B\u00fcros usw. mitnehmen. Wenn Sie irgendwelche Nutzungsprobleme haben, kontaktieren Sie uns bitte, wir werden unser Bestes tun, um sie f\u00fcr Sie zu l\u00f6sen<br \/>\n<div class=\"main-cross-sell\" data-asin=\"B09R45F2KX\">\n\n\t<div class=\"WooZone-cross-sell-loader\">\n\t\t<div>\n\t\t\t<div id=\"floatingBarsG\">\n\t\t\t\t<div class=\"blockG\" id=\"rotateG_01\"><\/div>\n\t\t\t\t<div class=\"blockG\" id=\"rotateG_02\"><\/div>\n\t\t\t\t<div class=\"blockG\" id=\"rotateG_03\"><\/div>\n\t\t\t\t<div class=\"blockG\" id=\"rotateG_04\"><\/div>\n\t\t\t\t<div class=\"blockG\" id=\"rotateG_05\"><\/div>\n\t\t\t\t<div class=\"blockG\" id=\"rotateG_06\"><\/div>\n\t\t\t\t<div class=\"blockG\" id=\"rotateG_07\"><\/div>\n\t\t\t\t<div class=\"blockG\" id=\"rotateG_08\"><\/div>\n\t\t\t<\/div>\n\t\t\t<div class=\"WooZone-cross-sell-loader-text\"><\/div>\n\t\t<\/div>\n\t<\/div>\n\n\t\t\n<\/div>\n<div style=\"clear:both;\"><\/div><\/p>\n","protected":false},"excerpt":{"rendered":"<p>\u3010Weite Kompatibilit\u00e4t\u3011Aluminiumlegierung Laptopst\u00e4nder ist geeignet f\u00fcr 10-17.3 Zoll Notebooks, wie f\u00fcr MacBook, ThinkPad, iPad Pro, Dell, HP. Es ist auch f\u00fcr Tablets, Handys, B\u00fccher und Kindles geeignet. Gro\u00dfe Gr\u00f6\u00dfe und robuste Leistung sind flexibel, um mit verschiedenen Ger\u00e4ten kompatibel<br \/>\n\u30109-Winkelh\u00f6hen Einstellbar\u3011Einstellbar Laptop St\u00e4nder h\u00f6henverstellbar ist ergonomisch gestaltet und bietet 9 Winkeloptionen. Die H\u00f6he des Laptops kann frei zwischen 2,5 Zoll &#8211; 6,5 Zoll (65\u00a0mm &#8211; 165\u00a0mm) eingestellt werden, und der Winkel kann zwischen 15\u00b0-60\u00b0 sein. Das erleichtert das Beobachten und Tippen und lindert Nacken-, Schulter- und Wirbels\u00e4ulenschmerzen<br \/>\n\u3010Robuste Aluminiumlegierung und Rutschfestes Silikon\u3011 Der Laptophalter ist aus einer Aluminiumlegierung gefertigt, die leicht W\u00e4rme aufnehmen und ableiten kann. Die statische Tragf\u00e4higkeit betr\u00e4gt bis zu 80 kg, mit stabiler Robustheit und Haltbarkeit, und wird nicht wackeln, wenn Sie tippen. Das fl\u00e4chendeckende, rutschfeste Silikonpolster und das Ablenkungsdesign verhindern Kratzer und Verrutschen des Laptops und bieten umfassenden Schutz<\/p>\n","protected":false},"featured_media":122251,"comment_status":"open","ping_status":"closed","template":"","meta":[],"product_brand":[],"product_cat":[863],"product_tag":[],"class_list":{"0":"post-122250","1":"product","2":"type-product","3":"status-publish","4":"has-post-thumbnail","6":"product_cat-computer-zubehoer","7":"pa_brand-busch-jaeger-3","8":"pa_brand-ryqlvot","9":"pa_manufacturer-ryqlvot","10":"pa_model-a3","12":"first","13":"instock","14":"shipping-taxable","15":"purchasable","16":"product-type-simple","17":"customify-col","18":"product-has-gallery"},"yoast_head":"<!-- This site is optimized with the Yoast SEO plugin v27.4 - https:\/\/yoast.com\/product\/yoast-seo-wordpress\/ -->\n<title>9 Stufen H\u00f6henverstellbar Laptop St\u00e4nder, Aluminium Laptop Stand, Rutschfestes Silikon, tragbar, W\u00e4rmeableitung Notebook\u2026 - Markt-XXL<\/title>\n<meta name=\"description\" content=\"Markt-XXL 9 Stufen H\u00f6henverstellbar Laptop St\u00e4nder, Aluminium Laptop Stand, Rutschfestes Silikon, tragbar, W\u00e4rmeableitung Notebook\u2026\" \/>\n<meta name=\"robots\" content=\"index, follow, max-snippet:-1, max-image-preview:large, max-video-preview:-1\" \/>\n<link rel=\"canonical\" href=\"https:\/\/marktxxl.de\/markt\/produkt\/9-stufen-hoehenverstellbar-laptop-staender-aluminium-laptop-stand-rutschfestes-silikon-tragbar-waermeableitung-notebook-staender-kompatibel-mit-10-173-macbook-pro-air-lenovo-dell-tabl\/\" \/>\n<meta property=\"og:locale\" content=\"de_DE\" \/>\n<meta property=\"og:type\" content=\"article\" \/>\n<meta property=\"og:title\" content=\"9 Stufen H\u00f6henverstellbar Laptop St\u00e4nder, Aluminium Laptop Stand, Rutschfestes Silikon, tragbar, W\u00e4rmeableitung Notebook\u2026 - Markt-XXL\" \/>\n<meta property=\"og:description\" content=\"Markt-XXL 9 Stufen H\u00f6henverstellbar Laptop St\u00e4nder, Aluminium Laptop Stand, Rutschfestes Silikon, tragbar, W\u00e4rmeableitung Notebook\u2026\" \/>\n<meta property=\"og:url\" content=\"https:\/\/marktxxl.de\/markt\/produkt\/9-stufen-hoehenverstellbar-laptop-staender-aluminium-laptop-stand-rutschfestes-silikon-tragbar-waermeableitung-notebook-staender-kompatibel-mit-10-173-macbook-pro-air-lenovo-dell-tabl\/\" \/>\n<meta property=\"og:site_name\" content=\"Markt-XXL\" \/>\n<meta property=\"article:modified_time\" content=\"2023-04-10T01:56:24+00:00\" \/>\n<meta property=\"og:image\" content=\"https:\/\/m.media-amazon.com\/images\/I\/51A87oMxwtL._SL500_.jpg\" \/>\n\t<meta property=\"og:image:width\" content=\"500\" \/>\n\t<meta property=\"og:image:height\" content=\"500\" \/>\n\t<meta property=\"og:image:type\" content=\"image\/jpeg\" \/>\n<meta name=\"twitter:card\" content=\"summary_large_image\" \/>\n<meta name=\"twitter:label1\" content=\"Gesch\u00e4tzte Lesezeit\" \/>\n\t<meta name=\"twitter:data1\" content=\"1\u00a0Minute\" \/>\n<script type=\"application\/ld+json\" class=\"yoast-schema-graph\">{\"@context\":\"https:\\\/\\\/schema.org\",\"@graph\":[{\"@type\":\"WebPage\",\"@id\":\"https:\\\/\\\/marktxxl.de\\\/markt\\\/produkt\\\/9-stufen-hoehenverstellbar-laptop-staender-aluminium-laptop-stand-rutschfestes-silikon-tragbar-waermeableitung-notebook-staender-kompatibel-mit-10-173-macbook-pro-air-lenovo-dell-tabl\\\/\",\"url\":\"https:\\\/\\\/marktxxl.de\\\/markt\\\/produkt\\\/9-stufen-hoehenverstellbar-laptop-staender-aluminium-laptop-stand-rutschfestes-silikon-tragbar-waermeableitung-notebook-staender-kompatibel-mit-10-173-macbook-pro-air-lenovo-dell-tabl\\\/\",\"name\":\"9 Stufen H\u00f6henverstellbar Laptop St\u00e4nder, Aluminium Laptop Stand, Rutschfestes Silikon, tragbar, W\u00e4rmeableitung Notebook\u2026 - Markt-XXL\",\"isPartOf\":{\"@id\":\"https:\\\/\\\/marktxxl.de\\\/markt\\\/#website\"},\"primaryImageOfPage\":{\"@id\":\"https:\\\/\\\/marktxxl.de\\\/markt\\\/produkt\\\/9-stufen-hoehenverstellbar-laptop-staender-aluminium-laptop-stand-rutschfestes-silikon-tragbar-waermeableitung-notebook-staender-kompatibel-mit-10-173-macbook-pro-air-lenovo-dell-tabl\\\/#primaryimage\"},\"image\":{\"@id\":\"https:\\\/\\\/marktxxl.de\\\/markt\\\/produkt\\\/9-stufen-hoehenverstellbar-laptop-staender-aluminium-laptop-stand-rutschfestes-silikon-tragbar-waermeableitung-notebook-staender-kompatibel-mit-10-173-macbook-pro-air-lenovo-dell-tabl\\\/#primaryimage\"},\"thumbnailUrl\":\"https:\\\/\\\/m.media-amazon.com\\\/images\\\/I\\\/51A87oMxwtL._SL500_.jpg\",\"datePublished\":\"2022-05-15T07:05:15+00:00\",\"dateModified\":\"2023-04-10T01:56:24+00:00\",\"description\":\"Markt-XXL 9 Stufen H\u00f6henverstellbar Laptop St\u00e4nder, Aluminium Laptop Stand, Rutschfestes Silikon, tragbar, W\u00e4rmeableitung Notebook\u2026\",\"breadcrumb\":{\"@id\":\"https:\\\/\\\/marktxxl.de\\\/markt\\\/produkt\\\/9-stufen-hoehenverstellbar-laptop-staender-aluminium-laptop-stand-rutschfestes-silikon-tragbar-waermeableitung-notebook-staender-kompatibel-mit-10-173-macbook-pro-air-lenovo-dell-tabl\\\/#breadcrumb\"},\"inLanguage\":\"de\",\"potentialAction\":[{\"@type\":\"ReadAction\",\"target\":[\"https:\\\/\\\/marktxxl.de\\\/markt\\\/produkt\\\/9-stufen-hoehenverstellbar-laptop-staender-aluminium-laptop-stand-rutschfestes-silikon-tragbar-waermeableitung-notebook-staender-kompatibel-mit-10-173-macbook-pro-air-lenovo-dell-tabl\\\/\"]}]},{\"@type\":\"ImageObject\",\"inLanguage\":\"de\",\"@id\":\"https:\\\/\\\/marktxxl.de\\\/markt\\\/produkt\\\/9-stufen-hoehenverstellbar-laptop-staender-aluminium-laptop-stand-rutschfestes-silikon-tragbar-waermeableitung-notebook-staender-kompatibel-mit-10-173-macbook-pro-air-lenovo-dell-tabl\\\/#primaryimage\",\"url\":\"https:\\\/\\\/m.media-amazon.com\\\/images\\\/I\\\/51A87oMxwtL._SL500_.jpg\",\"contentUrl\":\"https:\\\/\\\/m.media-amazon.com\\\/images\\\/I\\\/51A87oMxwtL._SL500_.jpg\",\"width\":500,\"height\":500},{\"@type\":\"BreadcrumbList\",\"@id\":\"https:\\\/\\\/marktxxl.de\\\/markt\\\/produkt\\\/9-stufen-hoehenverstellbar-laptop-staender-aluminium-laptop-stand-rutschfestes-silikon-tragbar-waermeableitung-notebook-staender-kompatibel-mit-10-173-macbook-pro-air-lenovo-dell-tabl\\\/#breadcrumb\",\"itemListElement\":[{\"@type\":\"ListItem\",\"position\":1,\"name\":\"Startseite\",\"item\":\"https:\\\/\\\/marktxxl.de\\\/markt\\\/\"},{\"@type\":\"ListItem\",\"position\":2,\"name\":\"Markt\",\"item\":\"https:\\\/\\\/marktxxl.de\\\/markt\\\/\"},{\"@type\":\"ListItem\",\"position\":3,\"name\":\"9 Stufen H\u00f6henverstellbar Laptop St\u00e4nder, Aluminium Laptop Stand, Rutschfestes Silikon, tragbar, W\u00e4rmeableitung Notebook\u2026\"}]},{\"@type\":\"WebSite\",\"@id\":\"https:\\\/\\\/marktxxl.de\\\/markt\\\/#website\",\"url\":\"https:\\\/\\\/marktxxl.de\\\/markt\\\/\",\"name\":\"Markt-XXL\",\"description\":\"Ihr Markt Online\",\"publisher\":{\"@id\":\"https:\\\/\\\/marktxxl.de\\\/markt\\\/#organization\"},\"potentialAction\":[{\"@type\":\"SearchAction\",\"target\":{\"@type\":\"EntryPoint\",\"urlTemplate\":\"https:\\\/\\\/marktxxl.de\\\/markt\\\/?s={search_term_string}\"},\"query-input\":{\"@type\":\"PropertyValueSpecification\",\"valueRequired\":true,\"valueName\":\"search_term_string\"}}],\"inLanguage\":\"de\"},{\"@type\":\"Organization\",\"@id\":\"https:\\\/\\\/marktxxl.de\\\/markt\\\/#organization\",\"name\":\"Markt-XXL\",\"url\":\"https:\\\/\\\/marktxxl.de\\\/markt\\\/\",\"logo\":{\"@type\":\"ImageObject\",\"inLanguage\":\"de\",\"@id\":\"https:\\\/\\\/marktxxl.de\\\/markt\\\/#\\\/schema\\\/logo\\\/image\\\/\",\"url\":\"https:\\\/\\\/marktxxl.de\\\/markt\\\/wp-content\\\/uploads\\\/sites\\\/3\\\/2020\\\/12\\\/logo.png\",\"contentUrl\":\"https:\\\/\\\/marktxxl.de\\\/markt\\\/wp-content\\\/uploads\\\/sites\\\/3\\\/2020\\\/12\\\/logo.png\",\"width\":200,\"height\":70,\"caption\":\"Markt-XXL\"},\"image\":{\"@id\":\"https:\\\/\\\/marktxxl.de\\\/markt\\\/#\\\/schema\\\/logo\\\/image\\\/\"}}]}<\/script>\n<!-- \/ Yoast SEO plugin. -->","yoast_head_json":{"title":"9 Stufen H\u00f6henverstellbar Laptop St\u00e4nder, Aluminium Laptop Stand, Rutschfestes Silikon, tragbar, W\u00e4rmeableitung Notebook\u2026 - Markt-XXL","description":"Markt-XXL 9 Stufen H\u00f6henverstellbar Laptop St\u00e4nder, Aluminium Laptop Stand, Rutschfestes Silikon, tragbar, W\u00e4rmeableitung Notebook\u2026","robots":{"index":"index","follow":"follow","max-snippet":"max-snippet:-1","max-image-preview":"max-image-preview:large","max-video-preview":"max-video-preview:-1"},"canonical":"https:\/\/marktxxl.de\/markt\/produkt\/9-stufen-hoehenverstellbar-laptop-staender-aluminium-laptop-stand-rutschfestes-silikon-tragbar-waermeableitung-notebook-staender-kompatibel-mit-10-173-macbook-pro-air-lenovo-dell-tabl\/","og_locale":"de_DE","og_type":"article","og_title":"9 Stufen H\u00f6henverstellbar Laptop St\u00e4nder, Aluminium Laptop Stand, Rutschfestes Silikon, tragbar, W\u00e4rmeableitung Notebook\u2026 - Markt-XXL","og_description":"Markt-XXL 9 Stufen H\u00f6henverstellbar Laptop St\u00e4nder, Aluminium Laptop Stand, Rutschfestes Silikon, tragbar, W\u00e4rmeableitung Notebook\u2026","og_url":"https:\/\/marktxxl.de\/markt\/produkt\/9-stufen-hoehenverstellbar-laptop-staender-aluminium-laptop-stand-rutschfestes-silikon-tragbar-waermeableitung-notebook-staender-kompatibel-mit-10-173-macbook-pro-air-lenovo-dell-tabl\/","og_site_name":"Markt-XXL","article_modified_time":"2023-04-10T01:56:24+00:00","og_image":[{"width":500,"height":500,"url":"https:\/\/m.media-amazon.com\/images\/I\/51A87oMxwtL._SL500_.jpg","type":"image\/jpeg"}],"twitter_card":"summary_large_image","twitter_misc":{"Gesch\u00e4tzte Lesezeit":"1\u00a0Minute"},"schema":{"@context":"https:\/\/schema.org","@graph":[{"@type":"WebPage","@id":"https:\/\/marktxxl.de\/markt\/produkt\/9-stufen-hoehenverstellbar-laptop-staender-aluminium-laptop-stand-rutschfestes-silikon-tragbar-waermeableitung-notebook-staender-kompatibel-mit-10-173-macbook-pro-air-lenovo-dell-tabl\/","url":"https:\/\/marktxxl.de\/markt\/produkt\/9-stufen-hoehenverstellbar-laptop-staender-aluminium-laptop-stand-rutschfestes-silikon-tragbar-waermeableitung-notebook-staender-kompatibel-mit-10-173-macbook-pro-air-lenovo-dell-tabl\/","name":"9 Stufen H\u00f6henverstellbar Laptop St\u00e4nder, Aluminium Laptop Stand, Rutschfestes Silikon, tragbar, W\u00e4rmeableitung Notebook\u2026 - Markt-XXL","isPartOf":{"@id":"https:\/\/marktxxl.de\/markt\/#website"},"primaryImageOfPage":{"@id":"https:\/\/marktxxl.de\/markt\/produkt\/9-stufen-hoehenverstellbar-laptop-staender-aluminium-laptop-stand-rutschfestes-silikon-tragbar-waermeableitung-notebook-staender-kompatibel-mit-10-173-macbook-pro-air-lenovo-dell-tabl\/#primaryimage"},"image":{"@id":"https:\/\/marktxxl.de\/markt\/produkt\/9-stufen-hoehenverstellbar-laptop-staender-aluminium-laptop-stand-rutschfestes-silikon-tragbar-waermeableitung-notebook-staender-kompatibel-mit-10-173-macbook-pro-air-lenovo-dell-tabl\/#primaryimage"},"thumbnailUrl":"https:\/\/m.media-amazon.com\/images\/I\/51A87oMxwtL._SL500_.jpg","datePublished":"2022-05-15T07:05:15+00:00","dateModified":"2023-04-10T01:56:24+00:00","description":"Markt-XXL 9 Stufen H\u00f6henverstellbar Laptop St\u00e4nder, Aluminium Laptop Stand, Rutschfestes Silikon, tragbar, W\u00e4rmeableitung Notebook\u2026","breadcrumb":{"@id":"https:\/\/marktxxl.de\/markt\/produkt\/9-stufen-hoehenverstellbar-laptop-staender-aluminium-laptop-stand-rutschfestes-silikon-tragbar-waermeableitung-notebook-staender-kompatibel-mit-10-173-macbook-pro-air-lenovo-dell-tabl\/#breadcrumb"},"inLanguage":"de","potentialAction":[{"@type":"ReadAction","target":["https:\/\/marktxxl.de\/markt\/produkt\/9-stufen-hoehenverstellbar-laptop-staender-aluminium-laptop-stand-rutschfestes-silikon-tragbar-waermeableitung-notebook-staender-kompatibel-mit-10-173-macbook-pro-air-lenovo-dell-tabl\/"]}]},{"@type":"ImageObject","inLanguage":"de","@id":"https:\/\/marktxxl.de\/markt\/produkt\/9-stufen-hoehenverstellbar-laptop-staender-aluminium-laptop-stand-rutschfestes-silikon-tragbar-waermeableitung-notebook-staender-kompatibel-mit-10-173-macbook-pro-air-lenovo-dell-tabl\/#primaryimage","url":"https:\/\/m.media-amazon.com\/images\/I\/51A87oMxwtL._SL500_.jpg","contentUrl":"https:\/\/m.media-amazon.com\/images\/I\/51A87oMxwtL._SL500_.jpg","width":500,"height":500},{"@type":"BreadcrumbList","@id":"https:\/\/marktxxl.de\/markt\/produkt\/9-stufen-hoehenverstellbar-laptop-staender-aluminium-laptop-stand-rutschfestes-silikon-tragbar-waermeableitung-notebook-staender-kompatibel-mit-10-173-macbook-pro-air-lenovo-dell-tabl\/#breadcrumb","itemListElement":[{"@type":"ListItem","position":1,"name":"Startseite","item":"https:\/\/marktxxl.de\/markt\/"},{"@type":"ListItem","position":2,"name":"Markt","item":"https:\/\/marktxxl.de\/markt\/"},{"@type":"ListItem","position":3,"name":"9 Stufen H\u00f6henverstellbar Laptop St\u00e4nder, Aluminium Laptop Stand, Rutschfestes Silikon, tragbar, W\u00e4rmeableitung Notebook\u2026"}]},{"@type":"WebSite","@id":"https:\/\/marktxxl.de\/markt\/#website","url":"https:\/\/marktxxl.de\/markt\/","name":"Markt-XXL","description":"Ihr Markt Online","publisher":{"@id":"https:\/\/marktxxl.de\/markt\/#organization"},"potentialAction":[{"@type":"SearchAction","target":{"@type":"EntryPoint","urlTemplate":"https:\/\/marktxxl.de\/markt\/?s={search_term_string}"},"query-input":{"@type":"PropertyValueSpecification","valueRequired":true,"valueName":"search_term_string"}}],"inLanguage":"de"},{"@type":"Organization","@id":"https:\/\/marktxxl.de\/markt\/#organization","name":"Markt-XXL","url":"https:\/\/marktxxl.de\/markt\/","logo":{"@type":"ImageObject","inLanguage":"de","@id":"https:\/\/marktxxl.de\/markt\/#\/schema\/logo\/image\/","url":"https:\/\/marktxxl.de\/markt\/wp-content\/uploads\/sites\/3\/2020\/12\/logo.png","contentUrl":"https:\/\/marktxxl.de\/markt\/wp-content\/uploads\/sites\/3\/2020\/12\/logo.png","width":200,"height":70,"caption":"Markt-XXL"},"image":{"@id":"https:\/\/marktxxl.de\/markt\/#\/schema\/logo\/image\/"}}]}},"_links":{"self":[{"href":"https:\/\/marktxxl.de\/markt\/wp-json\/wp\/v2\/product\/122250","targetHints":{"allow":["GET"]}}],"collection":[{"href":"https:\/\/marktxxl.de\/markt\/wp-json\/wp\/v2\/product"}],"about":[{"href":"https:\/\/marktxxl.de\/markt\/wp-json\/wp\/v2\/types\/product"}],"replies":[{"embeddable":true,"href":"https:\/\/marktxxl.de\/markt\/wp-json\/wp\/v2\/comments?post=122250"}],"wp:featuredmedia":[{"embeddable":true,"href":"https:\/\/marktxxl.de\/markt\/wp-json\/wp\/v2\/media\/122251"}],"wp:attachment":[{"href":"https:\/\/marktxxl.de\/markt\/wp-json\/wp\/v2\/media?parent=122250"}],"wp:term":[{"taxonomy":"product_brand","embeddable":true,"href":"https:\/\/marktxxl.de\/markt\/wp-json\/wp\/v2\/product_brand?post=122250"},{"taxonomy":"product_cat","embeddable":true,"href":"https:\/\/marktxxl.de\/markt\/wp-json\/wp\/v2\/product_cat?post=122250"},{"taxonomy":"product_tag","embeddable":true,"href":"https:\/\/marktxxl.de\/markt\/wp-json\/wp\/v2\/product_tag?post=122250"}],"curies":[{"name":"wp","href":"https:\/\/api.w.org\/{rel}","templated":true}]}}