{"id":122234,"date":"2022-05-15T08:47:19","date_gmt":"2022-05-15T06:47:19","guid":{"rendered":"https:\/\/marktxxl.de\/markt\/produkt\/ugreen-nvme-m-2-gehaeuse-usb-3-2-ssd-nvme-externes-gehaeuse-10-gbps-m2-case-fuer-nvme-pcie-m-key-mb-key-in-2230-2242-2260-2280-mit-usb-c-auf-c-und-usb-a-auf-c-kabel-werkzeuglos\/"},"modified":"2023-04-10T03:56:23","modified_gmt":"2023-04-10T01:56:23","slug":"ugreen-nvme-m-2-gehaeuse-usb-3-2-ssd-nvme-externes-gehaeuse-10-gbps-m2-case-fuer-nvme-pcie-m-key-mb-key-in-2230-2242-2260-2280-mit-usb-c-auf-c-und-usb-a-auf-c-kabel-werkzeuglos","status":"publish","type":"product","link":"https:\/\/marktxxl.de\/markt\/produkt\/ugreen-nvme-m-2-gehaeuse-usb-3-2-ssd-nvme-externes-gehaeuse-10-gbps-m2-case-fuer-nvme-pcie-m-key-mb-key-in-2230-2242-2260-2280-mit-usb-c-auf-c-und-usb-a-auf-c-kabel-werkzeuglos\/","title":{"rendered":"UGREEN NVMe M.2 Geh\u00e4use USB 3.2 NVMe SSD Geh\u00e4use-Adapter mit K\u00fchlkissen 10 Gbps f\u00fcr NVMe PCIe M-Key\/M+B Key in 2230\/2242\u2026"},"content":{"rendered":"<p>10Gbps blitzschnelle \u00dcbertragung: Das NVMe Geh\u00e4use mit USB C 3.2 Gen 2 Schnittstelle unterst\u00fctzt die \u00dcbertragungsrate von bis zu 10Gbps, somit kann das NVMe Externes Geh\u00e4use die Lese- und Schreibgeschwindigkeit kann von bis zu 950 Mbit\/s erreichen. Sie k\u00f6nnen gr\u00f6\u00dfe Datei in Sekunden \u00fcbertragen.<br \/>\nBreite Kompatibilit\u00e4t: Das NVME Festplatten ist mit NVMe PCIe M-Key\/M+B Key in 2230\/2242\/2260\/2280 kompatibel. z. B. Kompatibel mit Samsung 970 EVO \/ 970 EVO Plus \/ 970 PRO \/ 960 EVO \/ 960 PRO \/ 950 PRO; Crucial P1 \/ P2; Corsair MP510; Sabrent Rocket Q; WD schwarz SN750, WD blau SN500; Kingston A2000; PNY XLR8 CS3030; Seagate BarraCuda 510 \/ FireCuda510.\uff08kompatibel nicht mit PS5\uff09<br \/>\nUASP und TRIM unterst\u00fctzen: Das M.2 Geh\u00e4use unterst\u00fctzt UASP und TRIM Protokoll, die eine schnelle Lesegeschwindigkeit und Schreibgeschwindigkeit verbessern kann. Die ,,Automatischer Ruhemodus\u201c Funktion bietet Ihnen einen Schutz f\u00fcrs Laufwerk ein, was Ihre Festplatte sparsam und nachhaltig macht.<br \/>\nBessere W\u00e4rmableitung: Das hochwertige Aluminiumgeh\u00e4use bietet dieser M.2 SSD Adapter eine hervorragende W\u00e4rmeableitung und sch\u00fctzt das M.2 SSD Geh\u00e4use vor \u00dcberhitzung, wodurch die Lebensdauer Ihrer Festplatte verl\u00e4ngert wird.(Tipp: W\u00e4hrend des Betriebs ist eine Temperatur von 0\u00b0C bis 45\u00b0C normal, die das Ger\u00e4t und die Festplatte nicht zerst\u00f6rt.)<br \/>\nEinfach Montage: Die Installation des M2 NVMe Geh\u00e4use erfolgt ohne Werkzeuge und dauert nur wenige Sekunden. Denn es hat eine eingebaute Verriegelungsverschl\u00fcsse. Dar\u00fcber hinaus erm\u00f6glicht die LED Licht einen \u00dcberblick \u00fcber den Betriebsstatus.<br \/>\n<div class=\"main-cross-sell\" data-asin=\"B09T97Z7DM\">\n\n\t<div class=\"WooZone-cross-sell-loader\">\n\t\t<div>\n\t\t\t<div id=\"floatingBarsG\">\n\t\t\t\t<div class=\"blockG\" id=\"rotateG_01\"><\/div>\n\t\t\t\t<div class=\"blockG\" id=\"rotateG_02\"><\/div>\n\t\t\t\t<div class=\"blockG\" id=\"rotateG_03\"><\/div>\n\t\t\t\t<div class=\"blockG\" id=\"rotateG_04\"><\/div>\n\t\t\t\t<div class=\"blockG\" id=\"rotateG_05\"><\/div>\n\t\t\t\t<div class=\"blockG\" id=\"rotateG_06\"><\/div>\n\t\t\t\t<div class=\"blockG\" id=\"rotateG_07\"><\/div>\n\t\t\t\t<div class=\"blockG\" id=\"rotateG_08\"><\/div>\n\t\t\t<\/div>\n\t\t\t<div class=\"WooZone-cross-sell-loader-text\"><\/div>\n\t\t<\/div>\n\t<\/div>\n\n\t\t\n<\/div>\n<div style=\"clear:both;\"><\/div><\/p>\n","protected":false},"excerpt":{"rendered":"<p>10Gbps blitzschnelle \u00dcbertragung: Das NVMe Geh\u00e4use mit USB C 3.2 Gen 2 Schnittstelle unterst\u00fctzt die \u00dcbertragungsrate von bis zu 10Gbps, somit kann das NVMe Externes Geh\u00e4use die Lese- und Schreibgeschwindigkeit kann von bis zu 950 Mbit\/s erreichen. Sie k\u00f6nnen gr\u00f6\u00dfe Datei in Sekunden \u00fcbertragen.<br \/>\nBreite Kompatibilit\u00e4t: Das NVME Festplatten ist mit NVMe PCIe M-Key\/M+B Key in 2230\/2242\/2260\/2280 kompatibel. z. B. Kompatibel mit Samsung 970 EVO \/ 970 EVO Plus \/ 970 PRO \/ 960 EVO \/ 960 PRO \/ 950 PRO; Crucial P1 \/ P2; Corsair MP510; Sabrent Rocket Q; WD schwarz SN750, WD blau SN500; Kingston A2000; PNY XLR8 CS3030; Seagate BarraCuda 510 \/ FireCuda510.\uff08kompatibel nicht mit PS5\uff09<br \/>\nUASP und TRIM unterst\u00fctzen: Das M.2 Geh\u00e4use unterst\u00fctzt UASP und TRIM Protokoll, die eine schnelle Lesegeschwindigkeit und Schreibgeschwindigkeit verbessern kann. Die ,,Automatischer Ruhemodus\u201c Funktion bietet Ihnen einen Schutz f\u00fcrs Laufwerk ein, was Ihre Festplatte sparsam und nachhaltig macht.<\/p>\n","protected":false},"featured_media":122235,"comment_status":"open","ping_status":"closed","template":"","meta":[],"product_brand":[],"product_cat":[863],"product_tag":[],"class_list":{"0":"post-122234","1":"product","2":"type-product","3":"status-publish","4":"has-post-thumbnail","6":"product_cat-computer-zubehoer","7":"pa_brand-ugreen","8":"pa_color-grau","9":"pa_height-0-55118-zoll","10":"pa_length-4-92125-zoll","11":"pa_manufacturer-ugreen-group-limited","12":"pa_model-35512","13":"pa_warranty-24-monaten","14":"pa_width-1-61417-zoll","16":"first","17":"instock","18":"shipping-taxable","19":"purchasable","20":"product-type-simple","21":"customify-col","22":"product-has-gallery"},"yoast_head":"<!-- This site is optimized with the Yoast SEO plugin v27.4 - https:\/\/yoast.com\/product\/yoast-seo-wordpress\/ -->\n<title>UGREEN NVMe M.2 Geh\u00e4use USB 3.2 NVMe SSD Geh\u00e4use-Adapter mit K\u00fchlkissen 10 Gbps f\u00fcr NVMe PCIe M-Key\/M+B Key in 2230\/2242\u2026 - Markt-XXL<\/title>\n<meta name=\"description\" content=\"Markt-XXL UGREEN NVMe M.2 Geh\u00e4use USB 3.2 NVMe SSD Geh\u00e4use-Adapter mit K\u00fchlkissen 10 Gbps f\u00fcr NVMe PCIe M-Key\/M+B Key in 2230\/2242\u2026\" \/>\n<meta name=\"robots\" content=\"index, follow, max-snippet:-1, max-image-preview:large, max-video-preview:-1\" \/>\n<link rel=\"canonical\" href=\"https:\/\/marktxxl.de\/markt\/produkt\/ugreen-nvme-m-2-gehaeuse-usb-3-2-ssd-nvme-externes-gehaeuse-10-gbps-m2-case-fuer-nvme-pcie-m-key-mb-key-in-2230-2242-2260-2280-mit-usb-c-auf-c-und-usb-a-auf-c-kabel-werkzeuglos\/\" \/>\n<meta property=\"og:locale\" content=\"de_DE\" \/>\n<meta property=\"og:type\" content=\"article\" \/>\n<meta property=\"og:title\" content=\"UGREEN NVMe M.2 Geh\u00e4use USB 3.2 NVMe SSD Geh\u00e4use-Adapter mit K\u00fchlkissen 10 Gbps f\u00fcr NVMe PCIe M-Key\/M+B Key in 2230\/2242\u2026 - Markt-XXL\" \/>\n<meta property=\"og:description\" content=\"Markt-XXL UGREEN NVMe M.2 Geh\u00e4use USB 3.2 NVMe SSD Geh\u00e4use-Adapter mit K\u00fchlkissen 10 Gbps f\u00fcr NVMe PCIe M-Key\/M+B Key in 2230\/2242\u2026\" \/>\n<meta property=\"og:url\" content=\"https:\/\/marktxxl.de\/markt\/produkt\/ugreen-nvme-m-2-gehaeuse-usb-3-2-ssd-nvme-externes-gehaeuse-10-gbps-m2-case-fuer-nvme-pcie-m-key-mb-key-in-2230-2242-2260-2280-mit-usb-c-auf-c-und-usb-a-auf-c-kabel-werkzeuglos\/\" \/>\n<meta property=\"og:site_name\" content=\"Markt-XXL\" \/>\n<meta property=\"article:modified_time\" content=\"2023-04-10T01:56:23+00:00\" \/>\n<meta property=\"og:image\" content=\"https:\/\/m.media-amazon.com\/images\/I\/31aWAYMXijL._SL500_.jpg\" \/>\n\t<meta property=\"og:image:width\" content=\"375\" \/>\n\t<meta property=\"og:image:height\" content=\"500\" \/>\n\t<meta property=\"og:image:type\" content=\"image\/jpeg\" \/>\n<meta name=\"twitter:card\" content=\"summary_large_image\" \/>\n<meta name=\"twitter:label1\" content=\"Gesch\u00e4tzte Lesezeit\" \/>\n\t<meta name=\"twitter:data1\" content=\"1\u00a0Minute\" \/>\n<script type=\"application\/ld+json\" class=\"yoast-schema-graph\">{\"@context\":\"https:\\\/\\\/schema.org\",\"@graph\":[{\"@type\":\"WebPage\",\"@id\":\"https:\\\/\\\/marktxxl.de\\\/markt\\\/produkt\\\/ugreen-nvme-m-2-gehaeuse-usb-3-2-ssd-nvme-externes-gehaeuse-10-gbps-m2-case-fuer-nvme-pcie-m-key-mb-key-in-2230-2242-2260-2280-mit-usb-c-auf-c-und-usb-a-auf-c-kabel-werkzeuglos\\\/\",\"url\":\"https:\\\/\\\/marktxxl.de\\\/markt\\\/produkt\\\/ugreen-nvme-m-2-gehaeuse-usb-3-2-ssd-nvme-externes-gehaeuse-10-gbps-m2-case-fuer-nvme-pcie-m-key-mb-key-in-2230-2242-2260-2280-mit-usb-c-auf-c-und-usb-a-auf-c-kabel-werkzeuglos\\\/\",\"name\":\"UGREEN NVMe M.2 Geh\u00e4use USB 3.2 NVMe SSD Geh\u00e4use-Adapter mit K\u00fchlkissen 10 Gbps f\u00fcr NVMe PCIe M-Key\\\/M+B Key in 2230\\\/2242\u2026 - Markt-XXL\",\"isPartOf\":{\"@id\":\"https:\\\/\\\/marktxxl.de\\\/markt\\\/#website\"},\"primaryImageOfPage\":{\"@id\":\"https:\\\/\\\/marktxxl.de\\\/markt\\\/produkt\\\/ugreen-nvme-m-2-gehaeuse-usb-3-2-ssd-nvme-externes-gehaeuse-10-gbps-m2-case-fuer-nvme-pcie-m-key-mb-key-in-2230-2242-2260-2280-mit-usb-c-auf-c-und-usb-a-auf-c-kabel-werkzeuglos\\\/#primaryimage\"},\"image\":{\"@id\":\"https:\\\/\\\/marktxxl.de\\\/markt\\\/produkt\\\/ugreen-nvme-m-2-gehaeuse-usb-3-2-ssd-nvme-externes-gehaeuse-10-gbps-m2-case-fuer-nvme-pcie-m-key-mb-key-in-2230-2242-2260-2280-mit-usb-c-auf-c-und-usb-a-auf-c-kabel-werkzeuglos\\\/#primaryimage\"},\"thumbnailUrl\":\"https:\\\/\\\/m.media-amazon.com\\\/images\\\/I\\\/31aWAYMXijL._SL500_.jpg\",\"datePublished\":\"2022-05-15T06:47:19+00:00\",\"dateModified\":\"2023-04-10T01:56:23+00:00\",\"description\":\"Markt-XXL UGREEN NVMe M.2 Geh\u00e4use USB 3.2 NVMe SSD Geh\u00e4use-Adapter mit K\u00fchlkissen 10 Gbps f\u00fcr NVMe PCIe M-Key\\\/M+B Key in 2230\\\/2242\u2026\",\"breadcrumb\":{\"@id\":\"https:\\\/\\\/marktxxl.de\\\/markt\\\/produkt\\\/ugreen-nvme-m-2-gehaeuse-usb-3-2-ssd-nvme-externes-gehaeuse-10-gbps-m2-case-fuer-nvme-pcie-m-key-mb-key-in-2230-2242-2260-2280-mit-usb-c-auf-c-und-usb-a-auf-c-kabel-werkzeuglos\\\/#breadcrumb\"},\"inLanguage\":\"de\",\"potentialAction\":[{\"@type\":\"ReadAction\",\"target\":[\"https:\\\/\\\/marktxxl.de\\\/markt\\\/produkt\\\/ugreen-nvme-m-2-gehaeuse-usb-3-2-ssd-nvme-externes-gehaeuse-10-gbps-m2-case-fuer-nvme-pcie-m-key-mb-key-in-2230-2242-2260-2280-mit-usb-c-auf-c-und-usb-a-auf-c-kabel-werkzeuglos\\\/\"]}]},{\"@type\":\"ImageObject\",\"inLanguage\":\"de\",\"@id\":\"https:\\\/\\\/marktxxl.de\\\/markt\\\/produkt\\\/ugreen-nvme-m-2-gehaeuse-usb-3-2-ssd-nvme-externes-gehaeuse-10-gbps-m2-case-fuer-nvme-pcie-m-key-mb-key-in-2230-2242-2260-2280-mit-usb-c-auf-c-und-usb-a-auf-c-kabel-werkzeuglos\\\/#primaryimage\",\"url\":\"https:\\\/\\\/m.media-amazon.com\\\/images\\\/I\\\/31aWAYMXijL._SL500_.jpg\",\"contentUrl\":\"https:\\\/\\\/m.media-amazon.com\\\/images\\\/I\\\/31aWAYMXijL._SL500_.jpg\",\"width\":375,\"height\":500},{\"@type\":\"BreadcrumbList\",\"@id\":\"https:\\\/\\\/marktxxl.de\\\/markt\\\/produkt\\\/ugreen-nvme-m-2-gehaeuse-usb-3-2-ssd-nvme-externes-gehaeuse-10-gbps-m2-case-fuer-nvme-pcie-m-key-mb-key-in-2230-2242-2260-2280-mit-usb-c-auf-c-und-usb-a-auf-c-kabel-werkzeuglos\\\/#breadcrumb\",\"itemListElement\":[{\"@type\":\"ListItem\",\"position\":1,\"name\":\"Startseite\",\"item\":\"https:\\\/\\\/marktxxl.de\\\/markt\\\/\"},{\"@type\":\"ListItem\",\"position\":2,\"name\":\"Markt\",\"item\":\"https:\\\/\\\/marktxxl.de\\\/markt\\\/\"},{\"@type\":\"ListItem\",\"position\":3,\"name\":\"UGREEN NVMe M.2 Geh\u00e4use USB 3.2 NVMe SSD Geh\u00e4use-Adapter mit K\u00fchlkissen 10 Gbps f\u00fcr NVMe PCIe M-Key\\\/M+B Key in 2230\\\/2242\u2026\"}]},{\"@type\":\"WebSite\",\"@id\":\"https:\\\/\\\/marktxxl.de\\\/markt\\\/#website\",\"url\":\"https:\\\/\\\/marktxxl.de\\\/markt\\\/\",\"name\":\"Markt-XXL\",\"description\":\"Ihr Markt Online\",\"publisher\":{\"@id\":\"https:\\\/\\\/marktxxl.de\\\/markt\\\/#organization\"},\"potentialAction\":[{\"@type\":\"SearchAction\",\"target\":{\"@type\":\"EntryPoint\",\"urlTemplate\":\"https:\\\/\\\/marktxxl.de\\\/markt\\\/?s={search_term_string}\"},\"query-input\":{\"@type\":\"PropertyValueSpecification\",\"valueRequired\":true,\"valueName\":\"search_term_string\"}}],\"inLanguage\":\"de\"},{\"@type\":\"Organization\",\"@id\":\"https:\\\/\\\/marktxxl.de\\\/markt\\\/#organization\",\"name\":\"Markt-XXL\",\"url\":\"https:\\\/\\\/marktxxl.de\\\/markt\\\/\",\"logo\":{\"@type\":\"ImageObject\",\"inLanguage\":\"de\",\"@id\":\"https:\\\/\\\/marktxxl.de\\\/markt\\\/#\\\/schema\\\/logo\\\/image\\\/\",\"url\":\"https:\\\/\\\/marktxxl.de\\\/markt\\\/wp-content\\\/uploads\\\/sites\\\/3\\\/2020\\\/12\\\/logo.png\",\"contentUrl\":\"https:\\\/\\\/marktxxl.de\\\/markt\\\/wp-content\\\/uploads\\\/sites\\\/3\\\/2020\\\/12\\\/logo.png\",\"width\":200,\"height\":70,\"caption\":\"Markt-XXL\"},\"image\":{\"@id\":\"https:\\\/\\\/marktxxl.de\\\/markt\\\/#\\\/schema\\\/logo\\\/image\\\/\"}}]}<\/script>\n<!-- \/ Yoast SEO plugin. -->","yoast_head_json":{"title":"UGREEN NVMe M.2 Geh\u00e4use USB 3.2 NVMe SSD Geh\u00e4use-Adapter mit K\u00fchlkissen 10 Gbps f\u00fcr NVMe PCIe M-Key\/M+B Key in 2230\/2242\u2026 - Markt-XXL","description":"Markt-XXL UGREEN NVMe M.2 Geh\u00e4use USB 3.2 NVMe SSD Geh\u00e4use-Adapter mit K\u00fchlkissen 10 Gbps f\u00fcr NVMe PCIe M-Key\/M+B Key in 2230\/2242\u2026","robots":{"index":"index","follow":"follow","max-snippet":"max-snippet:-1","max-image-preview":"max-image-preview:large","max-video-preview":"max-video-preview:-1"},"canonical":"https:\/\/marktxxl.de\/markt\/produkt\/ugreen-nvme-m-2-gehaeuse-usb-3-2-ssd-nvme-externes-gehaeuse-10-gbps-m2-case-fuer-nvme-pcie-m-key-mb-key-in-2230-2242-2260-2280-mit-usb-c-auf-c-und-usb-a-auf-c-kabel-werkzeuglos\/","og_locale":"de_DE","og_type":"article","og_title":"UGREEN NVMe M.2 Geh\u00e4use USB 3.2 NVMe SSD Geh\u00e4use-Adapter mit K\u00fchlkissen 10 Gbps f\u00fcr NVMe PCIe M-Key\/M+B Key in 2230\/2242\u2026 - Markt-XXL","og_description":"Markt-XXL UGREEN NVMe M.2 Geh\u00e4use USB 3.2 NVMe SSD Geh\u00e4use-Adapter mit K\u00fchlkissen 10 Gbps f\u00fcr NVMe PCIe M-Key\/M+B Key in 2230\/2242\u2026","og_url":"https:\/\/marktxxl.de\/markt\/produkt\/ugreen-nvme-m-2-gehaeuse-usb-3-2-ssd-nvme-externes-gehaeuse-10-gbps-m2-case-fuer-nvme-pcie-m-key-mb-key-in-2230-2242-2260-2280-mit-usb-c-auf-c-und-usb-a-auf-c-kabel-werkzeuglos\/","og_site_name":"Markt-XXL","article_modified_time":"2023-04-10T01:56:23+00:00","og_image":[{"width":375,"height":500,"url":"https:\/\/m.media-amazon.com\/images\/I\/31aWAYMXijL._SL500_.jpg","type":"image\/jpeg"}],"twitter_card":"summary_large_image","twitter_misc":{"Gesch\u00e4tzte Lesezeit":"1\u00a0Minute"},"schema":{"@context":"https:\/\/schema.org","@graph":[{"@type":"WebPage","@id":"https:\/\/marktxxl.de\/markt\/produkt\/ugreen-nvme-m-2-gehaeuse-usb-3-2-ssd-nvme-externes-gehaeuse-10-gbps-m2-case-fuer-nvme-pcie-m-key-mb-key-in-2230-2242-2260-2280-mit-usb-c-auf-c-und-usb-a-auf-c-kabel-werkzeuglos\/","url":"https:\/\/marktxxl.de\/markt\/produkt\/ugreen-nvme-m-2-gehaeuse-usb-3-2-ssd-nvme-externes-gehaeuse-10-gbps-m2-case-fuer-nvme-pcie-m-key-mb-key-in-2230-2242-2260-2280-mit-usb-c-auf-c-und-usb-a-auf-c-kabel-werkzeuglos\/","name":"UGREEN NVMe M.2 Geh\u00e4use USB 3.2 NVMe SSD Geh\u00e4use-Adapter mit K\u00fchlkissen 10 Gbps f\u00fcr NVMe PCIe M-Key\/M+B Key in 2230\/2242\u2026 - Markt-XXL","isPartOf":{"@id":"https:\/\/marktxxl.de\/markt\/#website"},"primaryImageOfPage":{"@id":"https:\/\/marktxxl.de\/markt\/produkt\/ugreen-nvme-m-2-gehaeuse-usb-3-2-ssd-nvme-externes-gehaeuse-10-gbps-m2-case-fuer-nvme-pcie-m-key-mb-key-in-2230-2242-2260-2280-mit-usb-c-auf-c-und-usb-a-auf-c-kabel-werkzeuglos\/#primaryimage"},"image":{"@id":"https:\/\/marktxxl.de\/markt\/produkt\/ugreen-nvme-m-2-gehaeuse-usb-3-2-ssd-nvme-externes-gehaeuse-10-gbps-m2-case-fuer-nvme-pcie-m-key-mb-key-in-2230-2242-2260-2280-mit-usb-c-auf-c-und-usb-a-auf-c-kabel-werkzeuglos\/#primaryimage"},"thumbnailUrl":"https:\/\/m.media-amazon.com\/images\/I\/31aWAYMXijL._SL500_.jpg","datePublished":"2022-05-15T06:47:19+00:00","dateModified":"2023-04-10T01:56:23+00:00","description":"Markt-XXL UGREEN NVMe M.2 Geh\u00e4use USB 3.2 NVMe SSD Geh\u00e4use-Adapter mit K\u00fchlkissen 10 Gbps f\u00fcr NVMe PCIe M-Key\/M+B Key in 2230\/2242\u2026","breadcrumb":{"@id":"https:\/\/marktxxl.de\/markt\/produkt\/ugreen-nvme-m-2-gehaeuse-usb-3-2-ssd-nvme-externes-gehaeuse-10-gbps-m2-case-fuer-nvme-pcie-m-key-mb-key-in-2230-2242-2260-2280-mit-usb-c-auf-c-und-usb-a-auf-c-kabel-werkzeuglos\/#breadcrumb"},"inLanguage":"de","potentialAction":[{"@type":"ReadAction","target":["https:\/\/marktxxl.de\/markt\/produkt\/ugreen-nvme-m-2-gehaeuse-usb-3-2-ssd-nvme-externes-gehaeuse-10-gbps-m2-case-fuer-nvme-pcie-m-key-mb-key-in-2230-2242-2260-2280-mit-usb-c-auf-c-und-usb-a-auf-c-kabel-werkzeuglos\/"]}]},{"@type":"ImageObject","inLanguage":"de","@id":"https:\/\/marktxxl.de\/markt\/produkt\/ugreen-nvme-m-2-gehaeuse-usb-3-2-ssd-nvme-externes-gehaeuse-10-gbps-m2-case-fuer-nvme-pcie-m-key-mb-key-in-2230-2242-2260-2280-mit-usb-c-auf-c-und-usb-a-auf-c-kabel-werkzeuglos\/#primaryimage","url":"https:\/\/m.media-amazon.com\/images\/I\/31aWAYMXijL._SL500_.jpg","contentUrl":"https:\/\/m.media-amazon.com\/images\/I\/31aWAYMXijL._SL500_.jpg","width":375,"height":500},{"@type":"BreadcrumbList","@id":"https:\/\/marktxxl.de\/markt\/produkt\/ugreen-nvme-m-2-gehaeuse-usb-3-2-ssd-nvme-externes-gehaeuse-10-gbps-m2-case-fuer-nvme-pcie-m-key-mb-key-in-2230-2242-2260-2280-mit-usb-c-auf-c-und-usb-a-auf-c-kabel-werkzeuglos\/#breadcrumb","itemListElement":[{"@type":"ListItem","position":1,"name":"Startseite","item":"https:\/\/marktxxl.de\/markt\/"},{"@type":"ListItem","position":2,"name":"Markt","item":"https:\/\/marktxxl.de\/markt\/"},{"@type":"ListItem","position":3,"name":"UGREEN NVMe M.2 Geh\u00e4use USB 3.2 NVMe SSD Geh\u00e4use-Adapter mit K\u00fchlkissen 10 Gbps f\u00fcr NVMe PCIe M-Key\/M+B Key in 2230\/2242\u2026"}]},{"@type":"WebSite","@id":"https:\/\/marktxxl.de\/markt\/#website","url":"https:\/\/marktxxl.de\/markt\/","name":"Markt-XXL","description":"Ihr Markt Online","publisher":{"@id":"https:\/\/marktxxl.de\/markt\/#organization"},"potentialAction":[{"@type":"SearchAction","target":{"@type":"EntryPoint","urlTemplate":"https:\/\/marktxxl.de\/markt\/?s={search_term_string}"},"query-input":{"@type":"PropertyValueSpecification","valueRequired":true,"valueName":"search_term_string"}}],"inLanguage":"de"},{"@type":"Organization","@id":"https:\/\/marktxxl.de\/markt\/#organization","name":"Markt-XXL","url":"https:\/\/marktxxl.de\/markt\/","logo":{"@type":"ImageObject","inLanguage":"de","@id":"https:\/\/marktxxl.de\/markt\/#\/schema\/logo\/image\/","url":"https:\/\/marktxxl.de\/markt\/wp-content\/uploads\/sites\/3\/2020\/12\/logo.png","contentUrl":"https:\/\/marktxxl.de\/markt\/wp-content\/uploads\/sites\/3\/2020\/12\/logo.png","width":200,"height":70,"caption":"Markt-XXL"},"image":{"@id":"https:\/\/marktxxl.de\/markt\/#\/schema\/logo\/image\/"}}]}},"_links":{"self":[{"href":"https:\/\/marktxxl.de\/markt\/wp-json\/wp\/v2\/product\/122234","targetHints":{"allow":["GET"]}}],"collection":[{"href":"https:\/\/marktxxl.de\/markt\/wp-json\/wp\/v2\/product"}],"about":[{"href":"https:\/\/marktxxl.de\/markt\/wp-json\/wp\/v2\/types\/product"}],"replies":[{"embeddable":true,"href":"https:\/\/marktxxl.de\/markt\/wp-json\/wp\/v2\/comments?post=122234"}],"wp:featuredmedia":[{"embeddable":true,"href":"https:\/\/marktxxl.de\/markt\/wp-json\/wp\/v2\/media\/122235"}],"wp:attachment":[{"href":"https:\/\/marktxxl.de\/markt\/wp-json\/wp\/v2\/media?parent=122234"}],"wp:term":[{"taxonomy":"product_brand","embeddable":true,"href":"https:\/\/marktxxl.de\/markt\/wp-json\/wp\/v2\/product_brand?post=122234"},{"taxonomy":"product_cat","embeddable":true,"href":"https:\/\/marktxxl.de\/markt\/wp-json\/wp\/v2\/product_cat?post=122234"},{"taxonomy":"product_tag","embeddable":true,"href":"https:\/\/marktxxl.de\/markt\/wp-json\/wp\/v2\/product_tag?post=122234"}],"curies":[{"name":"wp","href":"https:\/\/api.w.org\/{rel}","templated":true}]}}