{"id":122149,"date":"2022-05-15T08:26:03","date_gmt":"2022-05-15T06:26:03","guid":{"rendered":"https:\/\/marktxxl.de\/markt\/produkt\/pc-lautsprecher-usb-computer-lautsprecher-fuer-desktop-laptop-mini-soundbar-lautsprecher-fuer-phone-tablet-dual-5w-power-sound-with-deep-bass-mute-button\/"},"modified":"2023-04-10T03:56:23","modified_gmt":"2023-04-10T01:56:23","slug":"pc-lautsprecher-usb-computer-lautsprecher-fuer-desktop-laptop-mini-soundbar-lautsprecher-fuer-phone-tablet-dual-5w-power-sound-with-deep-bass-mute-button","status":"publish","type":"product","link":"https:\/\/marktxxl.de\/markt\/produkt\/pc-lautsprecher-usb-computer-lautsprecher-fuer-desktop-laptop-mini-soundbar-lautsprecher-fuer-phone-tablet-dual-5w-power-sound-with-deep-bass-mute-button\/","title":{"rendered":"YYV PC Lautsprecher, USB Computer Lautsprecher f\u00fcr Desktop, Laptop, Mini Soundbar Lautsprecher f\u00fcr Notebook\/Tablet\/Phone\u2026"},"content":{"rendered":"<p>\u266c [Hervorragende Klangqualit\u00e4t] Unsere Computer-Soundbar-Lautsprecher verf\u00fcgen \u00fcber zwei 3-Zoll-Allmagnetlautsprecher, um sicherzustellen, dass die Lautsprecher einen erstaunlichen Klang mit viel Hohlraum bieten. Hochwertige Kabel sorgen f\u00fcr ein stabiles Getriebe und vermeiden abgehacktem Ton von anderen Lautsprechern.<br \/>\n\u266c [Plug and Play] Einfach zu bedienen. Keine Notwendigkeit f\u00fcr 3,5-mm-AUX-Buchse oder keine Treibersoftware. Einzelnes USB Kabel Design f\u00fcr Stromversorgung und Audioverbindung. Vermeiden Sie unordentliche Kabel. Das einzelne USB Gamming Lautsprecher Design eliminiert den \u00c4rger des Kabelmanagements, sodass Sie Ihren Schreibtisch aufbewahren k\u00f6nnen, w\u00e4hrend Sie den Raum auf Ihrem Schreibtisch minimieren.<br \/>\n\u266c [Lautst\u00e4rkeregler-Schaltfl\u00e4chen] unterscheiden sich von anderen traditionellen computer lautsprechern, die mit einem Volume-Knopf, YYV USB PC Lautsprecher ausgestattet sind, 3-Lautst\u00e4rkeregler (Lautst\u00e4rke + \/ Volume- \/ MUTE), um Ihr bevorzugtes Volume einzustellen. Die Mute-Taste kann den Sound von Musik-App oder Videos stoppen, und Sie k\u00f6nnen Ihr eigenes Ding ohne Sorge durchf\u00fchren.<br \/>\n\u266c [Kompatibel mit mehreren Ger\u00e4ten] Unser Laptop Lautsprecher ist mit Desktops, Computern, PCs, Laptop, Projektoren, Monitoren, CD-Playern usw. kompatibel. USB C auf USB-Adapter in der Box l\u00e4sst den Sprecher nur mit nur Typ-C-Port-Ger\u00e4ten wie Samsung-Telefonen, MacBook Air, Pro, Huawei-Telefonen oder anderen Ger\u00e4ten gut zusammenarbeiten.<br \/>\n\u266c [After-Sales-Service] Wenn Sie den YYV Desktop Lautsprecher erhalten, erhalten Sie einen kurzen Startanleitung und eine 1-j\u00e4hrige Herstellergarantie, 2 Monate bedingungslose R\u00fcckerstattung. Wenn Sie Fragen haben, \u00fcberpr\u00fcfen Sie bitte das Handbuch oder die Box, um uns mit uns in Verbindung zu setzen, wir haben ein professionelles Team, um Ihre Probleme zu l\u00f6sen.<br \/>\n<div class=\"main-cross-sell\" data-asin=\"B09PMVCY1Y\">\n\n\t<div class=\"WooZone-cross-sell-loader\">\n\t\t<div>\n\t\t\t<div id=\"floatingBarsG\">\n\t\t\t\t<div class=\"blockG\" id=\"rotateG_01\"><\/div>\n\t\t\t\t<div class=\"blockG\" id=\"rotateG_02\"><\/div>\n\t\t\t\t<div class=\"blockG\" id=\"rotateG_03\"><\/div>\n\t\t\t\t<div class=\"blockG\" id=\"rotateG_04\"><\/div>\n\t\t\t\t<div class=\"blockG\" id=\"rotateG_05\"><\/div>\n\t\t\t\t<div class=\"blockG\" id=\"rotateG_06\"><\/div>\n\t\t\t\t<div class=\"blockG\" id=\"rotateG_07\"><\/div>\n\t\t\t\t<div class=\"blockG\" id=\"rotateG_08\"><\/div>\n\t\t\t<\/div>\n\t\t\t<div class=\"WooZone-cross-sell-loader-text\"><\/div>\n\t\t<\/div>\n\t<\/div>\n\n\t\t\n<\/div>\n<div style=\"clear:both;\"><\/div><\/p>\n","protected":false},"excerpt":{"rendered":"<p>\u266c [Hervorragende Klangqualit\u00e4t] Unsere Computer-Soundbar-Lautsprecher verf\u00fcgen \u00fcber zwei 3-Zoll-Allmagnetlautsprecher, um sicherzustellen, dass die Lautsprecher einen erstaunlichen Klang mit viel Hohlraum bieten. Hochwertige Kabel sorgen f\u00fcr ein stabiles Getriebe und vermeiden abgehacktem Ton von anderen Lautsprechern.<br \/>\n\u266c [Plug and Play] Einfach zu bedienen. Keine Notwendigkeit f\u00fcr 3,5-mm-AUX-Buchse oder keine Treibersoftware. Einzelnes USB Kabel Design f\u00fcr Stromversorgung und Audioverbindung. Vermeiden Sie unordentliche Kabel. Das einzelne USB Gamming Lautsprecher Design eliminiert den \u00c4rger des Kabelmanagements, sodass Sie Ihren Schreibtisch aufbewahren k\u00f6nnen, w\u00e4hrend Sie den Raum auf Ihrem Schreibtisch minimieren.<br \/>\n\u266c [Lautst\u00e4rkeregler-Schaltfl\u00e4chen] unterscheiden sich von anderen traditionellen computer lautsprechern, die mit einem Volume-Knopf, YYV USB PC Lautsprecher ausgestattet sind, 3-Lautst\u00e4rkeregler (Lautst\u00e4rke + \/ Volume- \/ MUTE), um Ihr bevorzugtes Volume einzustellen. Die Mute-Taste kann den Sound von Musik-App oder Videos stoppen, und Sie k\u00f6nnen Ihr eigenes Ding ohne Sorge durchf\u00fchren.<\/p>\n","protected":false},"featured_media":122150,"comment_status":"open","ping_status":"closed","template":"","meta":[],"product_brand":[],"product_cat":[863],"product_tag":[],"class_list":{"0":"post-122149","1":"product","2":"type-product","3":"status-publish","4":"has-post-thumbnail","6":"product_cat-computer-zubehoer","7":"pa_binding-elektronik","8":"pa_brand-yyv","9":"pa_color-black","10":"pa_height-2-48-zoll","11":"pa_length-9-zoll","12":"pa_manufacturer-yyv","13":"pa_model-el014","14":"pa_width-1-4-zoll","16":"first","17":"instock","18":"shipping-taxable","19":"purchasable","20":"product-type-simple","21":"customify-col","22":"product-has-gallery"},"yoast_head":"<!-- This site is optimized with the Yoast SEO plugin v27.4 - https:\/\/yoast.com\/product\/yoast-seo-wordpress\/ -->\n<title>YYV PC Lautsprecher, USB Computer Lautsprecher f\u00fcr Desktop, Laptop, Mini Soundbar Lautsprecher f\u00fcr Notebook\/Tablet\/Phone\u2026 - Markt-XXL<\/title>\n<meta name=\"description\" content=\"Markt-XXL YYV PC Lautsprecher, USB Computer Lautsprecher f\u00fcr Desktop, Laptop, Mini Soundbar Lautsprecher f\u00fcr Notebook\/Tablet\/Phone\u2026\" \/>\n<meta name=\"robots\" content=\"index, follow, max-snippet:-1, max-image-preview:large, max-video-preview:-1\" \/>\n<link rel=\"canonical\" href=\"https:\/\/marktxxl.de\/markt\/produkt\/pc-lautsprecher-usb-computer-lautsprecher-fuer-desktop-laptop-mini-soundbar-lautsprecher-fuer-phone-tablet-dual-5w-power-sound-with-deep-bass-mute-button\/\" \/>\n<meta property=\"og:locale\" content=\"de_DE\" \/>\n<meta property=\"og:type\" content=\"article\" \/>\n<meta property=\"og:title\" content=\"YYV PC Lautsprecher, USB Computer Lautsprecher f\u00fcr Desktop, Laptop, Mini Soundbar Lautsprecher f\u00fcr Notebook\/Tablet\/Phone\u2026 - Markt-XXL\" \/>\n<meta property=\"og:description\" content=\"Markt-XXL YYV PC Lautsprecher, USB Computer Lautsprecher f\u00fcr Desktop, Laptop, Mini Soundbar Lautsprecher f\u00fcr Notebook\/Tablet\/Phone\u2026\" \/>\n<meta property=\"og:url\" content=\"https:\/\/marktxxl.de\/markt\/produkt\/pc-lautsprecher-usb-computer-lautsprecher-fuer-desktop-laptop-mini-soundbar-lautsprecher-fuer-phone-tablet-dual-5w-power-sound-with-deep-bass-mute-button\/\" \/>\n<meta property=\"og:site_name\" content=\"Markt-XXL\" \/>\n<meta property=\"article:modified_time\" content=\"2023-04-10T01:56:23+00:00\" \/>\n<meta property=\"og:image\" content=\"https:\/\/m.media-amazon.com\/images\/I\/41J3doToWfL._SL500_.jpg\" \/>\n\t<meta property=\"og:image:width\" content=\"500\" \/>\n\t<meta property=\"og:image:height\" content=\"500\" \/>\n\t<meta property=\"og:image:type\" content=\"image\/jpeg\" \/>\n<meta name=\"twitter:card\" content=\"summary_large_image\" \/>\n<meta name=\"twitter:label1\" content=\"Gesch\u00e4tzte Lesezeit\" \/>\n\t<meta name=\"twitter:data1\" content=\"1\u00a0Minute\" \/>\n<script type=\"application\/ld+json\" class=\"yoast-schema-graph\">{\"@context\":\"https:\\\/\\\/schema.org\",\"@graph\":[{\"@type\":\"WebPage\",\"@id\":\"https:\\\/\\\/marktxxl.de\\\/markt\\\/produkt\\\/pc-lautsprecher-usb-computer-lautsprecher-fuer-desktop-laptop-mini-soundbar-lautsprecher-fuer-phone-tablet-dual-5w-power-sound-with-deep-bass-mute-button\\\/\",\"url\":\"https:\\\/\\\/marktxxl.de\\\/markt\\\/produkt\\\/pc-lautsprecher-usb-computer-lautsprecher-fuer-desktop-laptop-mini-soundbar-lautsprecher-fuer-phone-tablet-dual-5w-power-sound-with-deep-bass-mute-button\\\/\",\"name\":\"YYV PC Lautsprecher, USB Computer Lautsprecher f\u00fcr Desktop, Laptop, Mini Soundbar Lautsprecher f\u00fcr Notebook\\\/Tablet\\\/Phone\u2026 - Markt-XXL\",\"isPartOf\":{\"@id\":\"https:\\\/\\\/marktxxl.de\\\/markt\\\/#website\"},\"primaryImageOfPage\":{\"@id\":\"https:\\\/\\\/marktxxl.de\\\/markt\\\/produkt\\\/pc-lautsprecher-usb-computer-lautsprecher-fuer-desktop-laptop-mini-soundbar-lautsprecher-fuer-phone-tablet-dual-5w-power-sound-with-deep-bass-mute-button\\\/#primaryimage\"},\"image\":{\"@id\":\"https:\\\/\\\/marktxxl.de\\\/markt\\\/produkt\\\/pc-lautsprecher-usb-computer-lautsprecher-fuer-desktop-laptop-mini-soundbar-lautsprecher-fuer-phone-tablet-dual-5w-power-sound-with-deep-bass-mute-button\\\/#primaryimage\"},\"thumbnailUrl\":\"https:\\\/\\\/m.media-amazon.com\\\/images\\\/I\\\/41J3doToWfL._SL500_.jpg\",\"datePublished\":\"2022-05-15T06:26:03+00:00\",\"dateModified\":\"2023-04-10T01:56:23+00:00\",\"description\":\"Markt-XXL YYV PC Lautsprecher, USB Computer Lautsprecher f\u00fcr Desktop, Laptop, Mini Soundbar Lautsprecher f\u00fcr Notebook\\\/Tablet\\\/Phone\u2026\",\"breadcrumb\":{\"@id\":\"https:\\\/\\\/marktxxl.de\\\/markt\\\/produkt\\\/pc-lautsprecher-usb-computer-lautsprecher-fuer-desktop-laptop-mini-soundbar-lautsprecher-fuer-phone-tablet-dual-5w-power-sound-with-deep-bass-mute-button\\\/#breadcrumb\"},\"inLanguage\":\"de\",\"potentialAction\":[{\"@type\":\"ReadAction\",\"target\":[\"https:\\\/\\\/marktxxl.de\\\/markt\\\/produkt\\\/pc-lautsprecher-usb-computer-lautsprecher-fuer-desktop-laptop-mini-soundbar-lautsprecher-fuer-phone-tablet-dual-5w-power-sound-with-deep-bass-mute-button\\\/\"]}]},{\"@type\":\"ImageObject\",\"inLanguage\":\"de\",\"@id\":\"https:\\\/\\\/marktxxl.de\\\/markt\\\/produkt\\\/pc-lautsprecher-usb-computer-lautsprecher-fuer-desktop-laptop-mini-soundbar-lautsprecher-fuer-phone-tablet-dual-5w-power-sound-with-deep-bass-mute-button\\\/#primaryimage\",\"url\":\"https:\\\/\\\/m.media-amazon.com\\\/images\\\/I\\\/41J3doToWfL._SL500_.jpg\",\"contentUrl\":\"https:\\\/\\\/m.media-amazon.com\\\/images\\\/I\\\/41J3doToWfL._SL500_.jpg\",\"width\":500,\"height\":500},{\"@type\":\"BreadcrumbList\",\"@id\":\"https:\\\/\\\/marktxxl.de\\\/markt\\\/produkt\\\/pc-lautsprecher-usb-computer-lautsprecher-fuer-desktop-laptop-mini-soundbar-lautsprecher-fuer-phone-tablet-dual-5w-power-sound-with-deep-bass-mute-button\\\/#breadcrumb\",\"itemListElement\":[{\"@type\":\"ListItem\",\"position\":1,\"name\":\"Startseite\",\"item\":\"https:\\\/\\\/marktxxl.de\\\/markt\\\/\"},{\"@type\":\"ListItem\",\"position\":2,\"name\":\"Markt\",\"item\":\"https:\\\/\\\/marktxxl.de\\\/markt\\\/\"},{\"@type\":\"ListItem\",\"position\":3,\"name\":\"YYV PC Lautsprecher, USB Computer Lautsprecher f\u00fcr Desktop, Laptop, Mini Soundbar Lautsprecher f\u00fcr Notebook\\\/Tablet\\\/Phone\u2026\"}]},{\"@type\":\"WebSite\",\"@id\":\"https:\\\/\\\/marktxxl.de\\\/markt\\\/#website\",\"url\":\"https:\\\/\\\/marktxxl.de\\\/markt\\\/\",\"name\":\"Markt-XXL\",\"description\":\"Ihr Markt Online\",\"publisher\":{\"@id\":\"https:\\\/\\\/marktxxl.de\\\/markt\\\/#organization\"},\"potentialAction\":[{\"@type\":\"SearchAction\",\"target\":{\"@type\":\"EntryPoint\",\"urlTemplate\":\"https:\\\/\\\/marktxxl.de\\\/markt\\\/?s={search_term_string}\"},\"query-input\":{\"@type\":\"PropertyValueSpecification\",\"valueRequired\":true,\"valueName\":\"search_term_string\"}}],\"inLanguage\":\"de\"},{\"@type\":\"Organization\",\"@id\":\"https:\\\/\\\/marktxxl.de\\\/markt\\\/#organization\",\"name\":\"Markt-XXL\",\"url\":\"https:\\\/\\\/marktxxl.de\\\/markt\\\/\",\"logo\":{\"@type\":\"ImageObject\",\"inLanguage\":\"de\",\"@id\":\"https:\\\/\\\/marktxxl.de\\\/markt\\\/#\\\/schema\\\/logo\\\/image\\\/\",\"url\":\"https:\\\/\\\/marktxxl.de\\\/markt\\\/wp-content\\\/uploads\\\/sites\\\/3\\\/2020\\\/12\\\/logo.png\",\"contentUrl\":\"https:\\\/\\\/marktxxl.de\\\/markt\\\/wp-content\\\/uploads\\\/sites\\\/3\\\/2020\\\/12\\\/logo.png\",\"width\":200,\"height\":70,\"caption\":\"Markt-XXL\"},\"image\":{\"@id\":\"https:\\\/\\\/marktxxl.de\\\/markt\\\/#\\\/schema\\\/logo\\\/image\\\/\"}}]}<\/script>\n<!-- \/ Yoast SEO plugin. -->","yoast_head_json":{"title":"YYV PC Lautsprecher, USB Computer Lautsprecher f\u00fcr Desktop, Laptop, Mini Soundbar Lautsprecher f\u00fcr Notebook\/Tablet\/Phone\u2026 - Markt-XXL","description":"Markt-XXL YYV PC Lautsprecher, USB Computer Lautsprecher f\u00fcr Desktop, Laptop, Mini Soundbar Lautsprecher f\u00fcr Notebook\/Tablet\/Phone\u2026","robots":{"index":"index","follow":"follow","max-snippet":"max-snippet:-1","max-image-preview":"max-image-preview:large","max-video-preview":"max-video-preview:-1"},"canonical":"https:\/\/marktxxl.de\/markt\/produkt\/pc-lautsprecher-usb-computer-lautsprecher-fuer-desktop-laptop-mini-soundbar-lautsprecher-fuer-phone-tablet-dual-5w-power-sound-with-deep-bass-mute-button\/","og_locale":"de_DE","og_type":"article","og_title":"YYV PC Lautsprecher, USB Computer Lautsprecher f\u00fcr Desktop, Laptop, Mini Soundbar Lautsprecher f\u00fcr Notebook\/Tablet\/Phone\u2026 - Markt-XXL","og_description":"Markt-XXL YYV PC Lautsprecher, USB Computer Lautsprecher f\u00fcr Desktop, Laptop, Mini Soundbar Lautsprecher f\u00fcr Notebook\/Tablet\/Phone\u2026","og_url":"https:\/\/marktxxl.de\/markt\/produkt\/pc-lautsprecher-usb-computer-lautsprecher-fuer-desktop-laptop-mini-soundbar-lautsprecher-fuer-phone-tablet-dual-5w-power-sound-with-deep-bass-mute-button\/","og_site_name":"Markt-XXL","article_modified_time":"2023-04-10T01:56:23+00:00","og_image":[{"width":500,"height":500,"url":"https:\/\/m.media-amazon.com\/images\/I\/41J3doToWfL._SL500_.jpg","type":"image\/jpeg"}],"twitter_card":"summary_large_image","twitter_misc":{"Gesch\u00e4tzte Lesezeit":"1\u00a0Minute"},"schema":{"@context":"https:\/\/schema.org","@graph":[{"@type":"WebPage","@id":"https:\/\/marktxxl.de\/markt\/produkt\/pc-lautsprecher-usb-computer-lautsprecher-fuer-desktop-laptop-mini-soundbar-lautsprecher-fuer-phone-tablet-dual-5w-power-sound-with-deep-bass-mute-button\/","url":"https:\/\/marktxxl.de\/markt\/produkt\/pc-lautsprecher-usb-computer-lautsprecher-fuer-desktop-laptop-mini-soundbar-lautsprecher-fuer-phone-tablet-dual-5w-power-sound-with-deep-bass-mute-button\/","name":"YYV PC Lautsprecher, USB Computer Lautsprecher f\u00fcr Desktop, Laptop, Mini Soundbar Lautsprecher f\u00fcr Notebook\/Tablet\/Phone\u2026 - Markt-XXL","isPartOf":{"@id":"https:\/\/marktxxl.de\/markt\/#website"},"primaryImageOfPage":{"@id":"https:\/\/marktxxl.de\/markt\/produkt\/pc-lautsprecher-usb-computer-lautsprecher-fuer-desktop-laptop-mini-soundbar-lautsprecher-fuer-phone-tablet-dual-5w-power-sound-with-deep-bass-mute-button\/#primaryimage"},"image":{"@id":"https:\/\/marktxxl.de\/markt\/produkt\/pc-lautsprecher-usb-computer-lautsprecher-fuer-desktop-laptop-mini-soundbar-lautsprecher-fuer-phone-tablet-dual-5w-power-sound-with-deep-bass-mute-button\/#primaryimage"},"thumbnailUrl":"https:\/\/m.media-amazon.com\/images\/I\/41J3doToWfL._SL500_.jpg","datePublished":"2022-05-15T06:26:03+00:00","dateModified":"2023-04-10T01:56:23+00:00","description":"Markt-XXL YYV PC Lautsprecher, USB Computer Lautsprecher f\u00fcr Desktop, Laptop, Mini Soundbar Lautsprecher f\u00fcr Notebook\/Tablet\/Phone\u2026","breadcrumb":{"@id":"https:\/\/marktxxl.de\/markt\/produkt\/pc-lautsprecher-usb-computer-lautsprecher-fuer-desktop-laptop-mini-soundbar-lautsprecher-fuer-phone-tablet-dual-5w-power-sound-with-deep-bass-mute-button\/#breadcrumb"},"inLanguage":"de","potentialAction":[{"@type":"ReadAction","target":["https:\/\/marktxxl.de\/markt\/produkt\/pc-lautsprecher-usb-computer-lautsprecher-fuer-desktop-laptop-mini-soundbar-lautsprecher-fuer-phone-tablet-dual-5w-power-sound-with-deep-bass-mute-button\/"]}]},{"@type":"ImageObject","inLanguage":"de","@id":"https:\/\/marktxxl.de\/markt\/produkt\/pc-lautsprecher-usb-computer-lautsprecher-fuer-desktop-laptop-mini-soundbar-lautsprecher-fuer-phone-tablet-dual-5w-power-sound-with-deep-bass-mute-button\/#primaryimage","url":"https:\/\/m.media-amazon.com\/images\/I\/41J3doToWfL._SL500_.jpg","contentUrl":"https:\/\/m.media-amazon.com\/images\/I\/41J3doToWfL._SL500_.jpg","width":500,"height":500},{"@type":"BreadcrumbList","@id":"https:\/\/marktxxl.de\/markt\/produkt\/pc-lautsprecher-usb-computer-lautsprecher-fuer-desktop-laptop-mini-soundbar-lautsprecher-fuer-phone-tablet-dual-5w-power-sound-with-deep-bass-mute-button\/#breadcrumb","itemListElement":[{"@type":"ListItem","position":1,"name":"Startseite","item":"https:\/\/marktxxl.de\/markt\/"},{"@type":"ListItem","position":2,"name":"Markt","item":"https:\/\/marktxxl.de\/markt\/"},{"@type":"ListItem","position":3,"name":"YYV PC Lautsprecher, USB Computer Lautsprecher f\u00fcr Desktop, Laptop, Mini Soundbar Lautsprecher f\u00fcr Notebook\/Tablet\/Phone\u2026"}]},{"@type":"WebSite","@id":"https:\/\/marktxxl.de\/markt\/#website","url":"https:\/\/marktxxl.de\/markt\/","name":"Markt-XXL","description":"Ihr Markt Online","publisher":{"@id":"https:\/\/marktxxl.de\/markt\/#organization"},"potentialAction":[{"@type":"SearchAction","target":{"@type":"EntryPoint","urlTemplate":"https:\/\/marktxxl.de\/markt\/?s={search_term_string}"},"query-input":{"@type":"PropertyValueSpecification","valueRequired":true,"valueName":"search_term_string"}}],"inLanguage":"de"},{"@type":"Organization","@id":"https:\/\/marktxxl.de\/markt\/#organization","name":"Markt-XXL","url":"https:\/\/marktxxl.de\/markt\/","logo":{"@type":"ImageObject","inLanguage":"de","@id":"https:\/\/marktxxl.de\/markt\/#\/schema\/logo\/image\/","url":"https:\/\/marktxxl.de\/markt\/wp-content\/uploads\/sites\/3\/2020\/12\/logo.png","contentUrl":"https:\/\/marktxxl.de\/markt\/wp-content\/uploads\/sites\/3\/2020\/12\/logo.png","width":200,"height":70,"caption":"Markt-XXL"},"image":{"@id":"https:\/\/marktxxl.de\/markt\/#\/schema\/logo\/image\/"}}]}},"_links":{"self":[{"href":"https:\/\/marktxxl.de\/markt\/wp-json\/wp\/v2\/product\/122149","targetHints":{"allow":["GET"]}}],"collection":[{"href":"https:\/\/marktxxl.de\/markt\/wp-json\/wp\/v2\/product"}],"about":[{"href":"https:\/\/marktxxl.de\/markt\/wp-json\/wp\/v2\/types\/product"}],"replies":[{"embeddable":true,"href":"https:\/\/marktxxl.de\/markt\/wp-json\/wp\/v2\/comments?post=122149"}],"wp:featuredmedia":[{"embeddable":true,"href":"https:\/\/marktxxl.de\/markt\/wp-json\/wp\/v2\/media\/122150"}],"wp:attachment":[{"href":"https:\/\/marktxxl.de\/markt\/wp-json\/wp\/v2\/media?parent=122149"}],"wp:term":[{"taxonomy":"product_brand","embeddable":true,"href":"https:\/\/marktxxl.de\/markt\/wp-json\/wp\/v2\/product_brand?post=122149"},{"taxonomy":"product_cat","embeddable":true,"href":"https:\/\/marktxxl.de\/markt\/wp-json\/wp\/v2\/product_cat?post=122149"},{"taxonomy":"product_tag","embeddable":true,"href":"https:\/\/marktxxl.de\/markt\/wp-json\/wp\/v2\/product_tag?post=122149"}],"curies":[{"name":"wp","href":"https:\/\/api.w.org\/{rel}","templated":true}]}}