{"id":122139,"date":"2022-05-15T08:25:55","date_gmt":"2022-05-15T06:25:55","guid":{"rendered":"https:\/\/marktxxl.de\/markt\/produkt\/emeet-60fps-1080p-webcam-c990-streaming-webcam-mit-4-mikrofone-lautsprecher-full-hd-webcam-mit-60-96-einstellbarer-winkel-software-usb-kamera-pc-mit-objektivabdeckung-fuer\/"},"modified":"2023-04-10T03:56:23","modified_gmt":"2023-04-10T01:56:23","slug":"emeet-60fps-1080p-webcam-c990-streaming-webcam-mit-4-mikrofone-lautsprecher-full-hd-webcam-mit-60-96-einstellbarer-winkel-software-usb-kamera-pc-mit-objektivabdeckung-fuer","status":"publish","type":"product","link":"https:\/\/marktxxl.de\/markt\/produkt\/emeet-60fps-1080p-webcam-c990-streaming-webcam-mit-4-mikrofone-lautsprecher-full-hd-webcam-mit-60-96-einstellbarer-winkel-software-usb-kamera-pc-mit-objektivabdeckung-fuer\/","title":{"rendered":"eMeet 60 fps 1080P Webcam\u2013Webcam C990 in Streaming mit 4 Mikrofonen und Lautsprechern,Full HD Webcam mit verstellbarem\u2026"},"content":{"rendered":"<p>Webcam 1080P 60 FPS &#8211; Die eMeet C990 USB Webcam bietet eine 1080P \/ 60 FPS HD Bildqualit\u00e4t. 60 FPS liefert im Vergleich zu 30 FPS ein klareres und fl\u00fcssigeres Bild. So k\u00f6nnen Sie bei Videokonferenzen oder Live-Streaming ein hochaufl\u00f6sendes, fl\u00fcssiges Bild pr\u00e4sentieren.<br \/>\nAll-in-One Webcam &#8211; Die eMeet HD Webcam verf\u00fcgt \u00fcber 4 Mikrofone und 1 Lautsprecher zusammen. Gleichzeitig ist diese Web-Kamera mit Algorithmen zur Rauschunterdr\u00fcckung ausgestattet, dass meisten Umgebungsl\u00e4rm durch die Mikrofone der PC Kamera unterdr\u00fcckt werden kann, um die T\u00f6ne deutlich wiedergeben zu k\u00f6nnen. Kamera, Mikrofone und Lautsprecher passen perfekt zusammen. Mit nur einer C990 PC-Webcam k\u00f6nnen Sie effizient und einfach kommunizieren.<br \/>\n60\u00b0-96\u00b0 Einstellbarer Winkel &#8211; Mit der eMeet Streaming Webcam 1080P 60FPS erm\u00f6glicht es Ihnen, den Winkel des Bildschirms zwischen 60\u00b0 und 96\u00b0 \u00fcber die eMeetLink Software einzustellen. Das bedeutet, dass Sie den gew\u00fcnschten Winkel einstellen k\u00f6nnen und sie m\u00fcssen sich keine Gedanken mehr dar\u00fcber machen, ob der Winkel der Laptop Webcam zu gro\u00df oder zu klein ist. Perfekt f\u00fcr Einzelgespr\u00e4che oder kleine bis mittlere Konferenzen.<br \/>\neMeetLink &#8211; Sie k\u00f6nnen die eMeetLink Software von der eMeet Website herunterladen emeet.ai, um die Parameter Ihrer Kamera f\u00fcr PC wie Helligkeit, Kontrast, S\u00e4ttigung, Wei\u00dfabgleich usw einzustellen. Durch Anpassen der Parameter k\u00f6nnen Sie Ihre C990 Webcam an unterschiedliche Helligkeitsverh\u00e4ltnisse anpassen.<br \/>\nPlug und Play &amp; Hohe Kompatibilit\u00e4t &#8211; Diese eMeet C990 Webcam hat eine hohe Kompatibilit\u00e4t und ist kompatibel mit g\u00e4ngigen Systemen und Software auf dem Markt, wie z.B.: Windows 11, 10, 8 Windows XP und Mac OS X, Linux, Zoom, Skype, Youtube, Google, Hangouts usw. Es kann ohne Treiber funktioniert, diese Full HD 1080P-Webcam direkt mit Plug-and-Play.<br \/>\n<div class=\"main-cross-sell\" data-asin=\"B09Q81GKM2\">\n\n\t<div class=\"WooZone-cross-sell-loader\">\n\t\t<div>\n\t\t\t<div id=\"floatingBarsG\">\n\t\t\t\t<div class=\"blockG\" id=\"rotateG_01\"><\/div>\n\t\t\t\t<div class=\"blockG\" id=\"rotateG_02\"><\/div>\n\t\t\t\t<div class=\"blockG\" id=\"rotateG_03\"><\/div>\n\t\t\t\t<div class=\"blockG\" id=\"rotateG_04\"><\/div>\n\t\t\t\t<div class=\"blockG\" id=\"rotateG_05\"><\/div>\n\t\t\t\t<div class=\"blockG\" id=\"rotateG_06\"><\/div>\n\t\t\t\t<div class=\"blockG\" id=\"rotateG_07\"><\/div>\n\t\t\t\t<div class=\"blockG\" id=\"rotateG_08\"><\/div>\n\t\t\t<\/div>\n\t\t\t<div class=\"WooZone-cross-sell-loader-text\"><\/div>\n\t\t<\/div>\n\t<\/div>\n\n\t\t\n<\/div>\n<div style=\"clear:both;\"><\/div><\/p>\n","protected":false},"excerpt":{"rendered":"<p>Webcam 1080P 60 FPS &#8211; Die eMeet C990 USB Webcam bietet eine 1080P \/ 60 FPS HD Bildqualit\u00e4t. 60 FPS liefert im Vergleich zu 30 FPS ein klareres und fl\u00fcssigeres Bild. So k\u00f6nnen Sie bei Videokonferenzen oder Live-Streaming ein hochaufl\u00f6sendes, fl\u00fcssiges Bild pr\u00e4sentieren.<br \/>\nAll-in-One Webcam &#8211; Die eMeet HD Webcam verf\u00fcgt \u00fcber 4 Mikrofone und 1 Lautsprecher zusammen. Gleichzeitig ist diese Web-Kamera mit Algorithmen zur Rauschunterdr\u00fcckung ausgestattet, dass meisten Umgebungsl\u00e4rm durch die Mikrofone der PC Kamera unterdr\u00fcckt werden kann, um die T\u00f6ne deutlich wiedergeben zu k\u00f6nnen. Kamera, Mikrofone und Lautsprecher passen perfekt zusammen. Mit nur einer C990 PC-Webcam k\u00f6nnen Sie effizient und einfach kommunizieren.<br \/>\n60\u00b0-96\u00b0 Einstellbarer Winkel &#8211; Mit der eMeet Streaming Webcam 1080P 60FPS erm\u00f6glicht es Ihnen, den Winkel des Bildschirms zwischen 60\u00b0 und 96\u00b0 \u00fcber die eMeetLink Software einzustellen. Das bedeutet, dass Sie den gew\u00fcnschten Winkel einstellen k\u00f6nnen und sie m\u00fcssen sich keine Gedanken mehr dar\u00fcber machen, ob der Winkel der Laptop Webcam zu gro\u00df oder zu klein ist. Perfekt f\u00fcr Einzelgespr\u00e4che oder kleine bis mittlere Konferenzen.<\/p>\n","protected":false},"featured_media":122140,"comment_status":"open","ping_status":"closed","template":"","meta":[],"product_brand":[],"product_cat":[863],"product_tag":[],"class_list":{"0":"post-122139","1":"product","2":"type-product","3":"status-publish","4":"has-post-thumbnail","6":"product_cat-computer-zubehoer","7":"pa_binding-elektronik","8":"pa_brand-emeet","9":"pa_manufacturer-shenzhen-emeet-technology-co-ltd","10":"pa_model-emeet-c990","11":"pa_warranty-1-jahr","13":"first","14":"instock","15":"shipping-taxable","16":"purchasable","17":"product-type-simple","18":"customify-col","19":"product-has-gallery"},"yoast_head":"<!-- This site is optimized with the Yoast SEO plugin v27.4 - https:\/\/yoast.com\/product\/yoast-seo-wordpress\/ -->\n<title>eMeet 60 fps 1080P Webcam\u2013Webcam C990 in Streaming mit 4 Mikrofonen und Lautsprechern,Full HD Webcam mit verstellbarem\u2026 - Markt-XXL<\/title>\n<meta name=\"description\" content=\"Markt-XXL eMeet 60 fps 1080P Webcam\u2013Webcam C990 in Streaming mit 4 Mikrofonen und Lautsprechern,Full HD Webcam mit verstellbarem\u2026\" \/>\n<meta name=\"robots\" content=\"index, follow, max-snippet:-1, max-image-preview:large, max-video-preview:-1\" \/>\n<link rel=\"canonical\" href=\"https:\/\/marktxxl.de\/markt\/produkt\/emeet-60fps-1080p-webcam-c990-streaming-webcam-mit-4-mikrofone-lautsprecher-full-hd-webcam-mit-60-96-einstellbarer-winkel-software-usb-kamera-pc-mit-objektivabdeckung-fuer\/\" \/>\n<meta property=\"og:locale\" content=\"de_DE\" \/>\n<meta property=\"og:type\" content=\"article\" \/>\n<meta property=\"og:title\" content=\"eMeet 60 fps 1080P Webcam\u2013Webcam C990 in Streaming mit 4 Mikrofonen und Lautsprechern,Full HD Webcam mit verstellbarem\u2026 - Markt-XXL\" \/>\n<meta property=\"og:description\" content=\"Markt-XXL eMeet 60 fps 1080P Webcam\u2013Webcam C990 in Streaming mit 4 Mikrofonen und Lautsprechern,Full HD Webcam mit verstellbarem\u2026\" \/>\n<meta property=\"og:url\" content=\"https:\/\/marktxxl.de\/markt\/produkt\/emeet-60fps-1080p-webcam-c990-streaming-webcam-mit-4-mikrofone-lautsprecher-full-hd-webcam-mit-60-96-einstellbarer-winkel-software-usb-kamera-pc-mit-objektivabdeckung-fuer\/\" \/>\n<meta property=\"og:site_name\" content=\"Markt-XXL\" \/>\n<meta property=\"article:modified_time\" content=\"2023-04-10T01:56:23+00:00\" \/>\n<meta property=\"og:image\" content=\"https:\/\/m.media-amazon.com\/images\/I\/413QaOcryKL._SL500_.jpg\" \/>\n\t<meta property=\"og:image:width\" content=\"500\" \/>\n\t<meta property=\"og:image:height\" content=\"500\" \/>\n\t<meta property=\"og:image:type\" content=\"image\/jpeg\" \/>\n<meta name=\"twitter:card\" content=\"summary_large_image\" \/>\n<meta name=\"twitter:label1\" content=\"Gesch\u00e4tzte Lesezeit\" \/>\n\t<meta name=\"twitter:data1\" content=\"1\u00a0Minute\" \/>\n<script type=\"application\/ld+json\" class=\"yoast-schema-graph\">{\"@context\":\"https:\\\/\\\/schema.org\",\"@graph\":[{\"@type\":\"WebPage\",\"@id\":\"https:\\\/\\\/marktxxl.de\\\/markt\\\/produkt\\\/emeet-60fps-1080p-webcam-c990-streaming-webcam-mit-4-mikrofone-lautsprecher-full-hd-webcam-mit-60-96-einstellbarer-winkel-software-usb-kamera-pc-mit-objektivabdeckung-fuer\\\/\",\"url\":\"https:\\\/\\\/marktxxl.de\\\/markt\\\/produkt\\\/emeet-60fps-1080p-webcam-c990-streaming-webcam-mit-4-mikrofone-lautsprecher-full-hd-webcam-mit-60-96-einstellbarer-winkel-software-usb-kamera-pc-mit-objektivabdeckung-fuer\\\/\",\"name\":\"eMeet 60 fps 1080P Webcam\u2013Webcam C990 in Streaming mit 4 Mikrofonen und Lautsprechern,Full HD Webcam mit verstellbarem\u2026 - Markt-XXL\",\"isPartOf\":{\"@id\":\"https:\\\/\\\/marktxxl.de\\\/markt\\\/#website\"},\"primaryImageOfPage\":{\"@id\":\"https:\\\/\\\/marktxxl.de\\\/markt\\\/produkt\\\/emeet-60fps-1080p-webcam-c990-streaming-webcam-mit-4-mikrofone-lautsprecher-full-hd-webcam-mit-60-96-einstellbarer-winkel-software-usb-kamera-pc-mit-objektivabdeckung-fuer\\\/#primaryimage\"},\"image\":{\"@id\":\"https:\\\/\\\/marktxxl.de\\\/markt\\\/produkt\\\/emeet-60fps-1080p-webcam-c990-streaming-webcam-mit-4-mikrofone-lautsprecher-full-hd-webcam-mit-60-96-einstellbarer-winkel-software-usb-kamera-pc-mit-objektivabdeckung-fuer\\\/#primaryimage\"},\"thumbnailUrl\":\"https:\\\/\\\/m.media-amazon.com\\\/images\\\/I\\\/413QaOcryKL._SL500_.jpg\",\"datePublished\":\"2022-05-15T06:25:55+00:00\",\"dateModified\":\"2023-04-10T01:56:23+00:00\",\"description\":\"Markt-XXL eMeet 60 fps 1080P Webcam\u2013Webcam C990 in Streaming mit 4 Mikrofonen und Lautsprechern,Full HD Webcam mit verstellbarem\u2026\",\"breadcrumb\":{\"@id\":\"https:\\\/\\\/marktxxl.de\\\/markt\\\/produkt\\\/emeet-60fps-1080p-webcam-c990-streaming-webcam-mit-4-mikrofone-lautsprecher-full-hd-webcam-mit-60-96-einstellbarer-winkel-software-usb-kamera-pc-mit-objektivabdeckung-fuer\\\/#breadcrumb\"},\"inLanguage\":\"de\",\"potentialAction\":[{\"@type\":\"ReadAction\",\"target\":[\"https:\\\/\\\/marktxxl.de\\\/markt\\\/produkt\\\/emeet-60fps-1080p-webcam-c990-streaming-webcam-mit-4-mikrofone-lautsprecher-full-hd-webcam-mit-60-96-einstellbarer-winkel-software-usb-kamera-pc-mit-objektivabdeckung-fuer\\\/\"]}]},{\"@type\":\"ImageObject\",\"inLanguage\":\"de\",\"@id\":\"https:\\\/\\\/marktxxl.de\\\/markt\\\/produkt\\\/emeet-60fps-1080p-webcam-c990-streaming-webcam-mit-4-mikrofone-lautsprecher-full-hd-webcam-mit-60-96-einstellbarer-winkel-software-usb-kamera-pc-mit-objektivabdeckung-fuer\\\/#primaryimage\",\"url\":\"https:\\\/\\\/m.media-amazon.com\\\/images\\\/I\\\/413QaOcryKL._SL500_.jpg\",\"contentUrl\":\"https:\\\/\\\/m.media-amazon.com\\\/images\\\/I\\\/413QaOcryKL._SL500_.jpg\",\"width\":500,\"height\":500},{\"@type\":\"BreadcrumbList\",\"@id\":\"https:\\\/\\\/marktxxl.de\\\/markt\\\/produkt\\\/emeet-60fps-1080p-webcam-c990-streaming-webcam-mit-4-mikrofone-lautsprecher-full-hd-webcam-mit-60-96-einstellbarer-winkel-software-usb-kamera-pc-mit-objektivabdeckung-fuer\\\/#breadcrumb\",\"itemListElement\":[{\"@type\":\"ListItem\",\"position\":1,\"name\":\"Startseite\",\"item\":\"https:\\\/\\\/marktxxl.de\\\/markt\\\/\"},{\"@type\":\"ListItem\",\"position\":2,\"name\":\"Markt\",\"item\":\"https:\\\/\\\/marktxxl.de\\\/markt\\\/\"},{\"@type\":\"ListItem\",\"position\":3,\"name\":\"eMeet 60 fps 1080P Webcam\u2013Webcam C990 in Streaming mit 4 Mikrofonen und Lautsprechern,Full HD Webcam mit verstellbarem\u2026\"}]},{\"@type\":\"WebSite\",\"@id\":\"https:\\\/\\\/marktxxl.de\\\/markt\\\/#website\",\"url\":\"https:\\\/\\\/marktxxl.de\\\/markt\\\/\",\"name\":\"Markt-XXL\",\"description\":\"Ihr Markt Online\",\"publisher\":{\"@id\":\"https:\\\/\\\/marktxxl.de\\\/markt\\\/#organization\"},\"potentialAction\":[{\"@type\":\"SearchAction\",\"target\":{\"@type\":\"EntryPoint\",\"urlTemplate\":\"https:\\\/\\\/marktxxl.de\\\/markt\\\/?s={search_term_string}\"},\"query-input\":{\"@type\":\"PropertyValueSpecification\",\"valueRequired\":true,\"valueName\":\"search_term_string\"}}],\"inLanguage\":\"de\"},{\"@type\":\"Organization\",\"@id\":\"https:\\\/\\\/marktxxl.de\\\/markt\\\/#organization\",\"name\":\"Markt-XXL\",\"url\":\"https:\\\/\\\/marktxxl.de\\\/markt\\\/\",\"logo\":{\"@type\":\"ImageObject\",\"inLanguage\":\"de\",\"@id\":\"https:\\\/\\\/marktxxl.de\\\/markt\\\/#\\\/schema\\\/logo\\\/image\\\/\",\"url\":\"https:\\\/\\\/marktxxl.de\\\/markt\\\/wp-content\\\/uploads\\\/sites\\\/3\\\/2020\\\/12\\\/logo.png\",\"contentUrl\":\"https:\\\/\\\/marktxxl.de\\\/markt\\\/wp-content\\\/uploads\\\/sites\\\/3\\\/2020\\\/12\\\/logo.png\",\"width\":200,\"height\":70,\"caption\":\"Markt-XXL\"},\"image\":{\"@id\":\"https:\\\/\\\/marktxxl.de\\\/markt\\\/#\\\/schema\\\/logo\\\/image\\\/\"}}]}<\/script>\n<!-- \/ Yoast SEO plugin. -->","yoast_head_json":{"title":"eMeet 60 fps 1080P Webcam\u2013Webcam C990 in Streaming mit 4 Mikrofonen und Lautsprechern,Full HD Webcam mit verstellbarem\u2026 - Markt-XXL","description":"Markt-XXL eMeet 60 fps 1080P Webcam\u2013Webcam C990 in Streaming mit 4 Mikrofonen und Lautsprechern,Full HD Webcam mit verstellbarem\u2026","robots":{"index":"index","follow":"follow","max-snippet":"max-snippet:-1","max-image-preview":"max-image-preview:large","max-video-preview":"max-video-preview:-1"},"canonical":"https:\/\/marktxxl.de\/markt\/produkt\/emeet-60fps-1080p-webcam-c990-streaming-webcam-mit-4-mikrofone-lautsprecher-full-hd-webcam-mit-60-96-einstellbarer-winkel-software-usb-kamera-pc-mit-objektivabdeckung-fuer\/","og_locale":"de_DE","og_type":"article","og_title":"eMeet 60 fps 1080P Webcam\u2013Webcam C990 in Streaming mit 4 Mikrofonen und Lautsprechern,Full HD Webcam mit verstellbarem\u2026 - Markt-XXL","og_description":"Markt-XXL eMeet 60 fps 1080P Webcam\u2013Webcam C990 in Streaming mit 4 Mikrofonen und Lautsprechern,Full HD Webcam mit verstellbarem\u2026","og_url":"https:\/\/marktxxl.de\/markt\/produkt\/emeet-60fps-1080p-webcam-c990-streaming-webcam-mit-4-mikrofone-lautsprecher-full-hd-webcam-mit-60-96-einstellbarer-winkel-software-usb-kamera-pc-mit-objektivabdeckung-fuer\/","og_site_name":"Markt-XXL","article_modified_time":"2023-04-10T01:56:23+00:00","og_image":[{"width":500,"height":500,"url":"https:\/\/m.media-amazon.com\/images\/I\/413QaOcryKL._SL500_.jpg","type":"image\/jpeg"}],"twitter_card":"summary_large_image","twitter_misc":{"Gesch\u00e4tzte Lesezeit":"1\u00a0Minute"},"schema":{"@context":"https:\/\/schema.org","@graph":[{"@type":"WebPage","@id":"https:\/\/marktxxl.de\/markt\/produkt\/emeet-60fps-1080p-webcam-c990-streaming-webcam-mit-4-mikrofone-lautsprecher-full-hd-webcam-mit-60-96-einstellbarer-winkel-software-usb-kamera-pc-mit-objektivabdeckung-fuer\/","url":"https:\/\/marktxxl.de\/markt\/produkt\/emeet-60fps-1080p-webcam-c990-streaming-webcam-mit-4-mikrofone-lautsprecher-full-hd-webcam-mit-60-96-einstellbarer-winkel-software-usb-kamera-pc-mit-objektivabdeckung-fuer\/","name":"eMeet 60 fps 1080P Webcam\u2013Webcam C990 in Streaming mit 4 Mikrofonen und Lautsprechern,Full HD Webcam mit verstellbarem\u2026 - Markt-XXL","isPartOf":{"@id":"https:\/\/marktxxl.de\/markt\/#website"},"primaryImageOfPage":{"@id":"https:\/\/marktxxl.de\/markt\/produkt\/emeet-60fps-1080p-webcam-c990-streaming-webcam-mit-4-mikrofone-lautsprecher-full-hd-webcam-mit-60-96-einstellbarer-winkel-software-usb-kamera-pc-mit-objektivabdeckung-fuer\/#primaryimage"},"image":{"@id":"https:\/\/marktxxl.de\/markt\/produkt\/emeet-60fps-1080p-webcam-c990-streaming-webcam-mit-4-mikrofone-lautsprecher-full-hd-webcam-mit-60-96-einstellbarer-winkel-software-usb-kamera-pc-mit-objektivabdeckung-fuer\/#primaryimage"},"thumbnailUrl":"https:\/\/m.media-amazon.com\/images\/I\/413QaOcryKL._SL500_.jpg","datePublished":"2022-05-15T06:25:55+00:00","dateModified":"2023-04-10T01:56:23+00:00","description":"Markt-XXL eMeet 60 fps 1080P Webcam\u2013Webcam C990 in Streaming mit 4 Mikrofonen und Lautsprechern,Full HD Webcam mit verstellbarem\u2026","breadcrumb":{"@id":"https:\/\/marktxxl.de\/markt\/produkt\/emeet-60fps-1080p-webcam-c990-streaming-webcam-mit-4-mikrofone-lautsprecher-full-hd-webcam-mit-60-96-einstellbarer-winkel-software-usb-kamera-pc-mit-objektivabdeckung-fuer\/#breadcrumb"},"inLanguage":"de","potentialAction":[{"@type":"ReadAction","target":["https:\/\/marktxxl.de\/markt\/produkt\/emeet-60fps-1080p-webcam-c990-streaming-webcam-mit-4-mikrofone-lautsprecher-full-hd-webcam-mit-60-96-einstellbarer-winkel-software-usb-kamera-pc-mit-objektivabdeckung-fuer\/"]}]},{"@type":"ImageObject","inLanguage":"de","@id":"https:\/\/marktxxl.de\/markt\/produkt\/emeet-60fps-1080p-webcam-c990-streaming-webcam-mit-4-mikrofone-lautsprecher-full-hd-webcam-mit-60-96-einstellbarer-winkel-software-usb-kamera-pc-mit-objektivabdeckung-fuer\/#primaryimage","url":"https:\/\/m.media-amazon.com\/images\/I\/413QaOcryKL._SL500_.jpg","contentUrl":"https:\/\/m.media-amazon.com\/images\/I\/413QaOcryKL._SL500_.jpg","width":500,"height":500},{"@type":"BreadcrumbList","@id":"https:\/\/marktxxl.de\/markt\/produkt\/emeet-60fps-1080p-webcam-c990-streaming-webcam-mit-4-mikrofone-lautsprecher-full-hd-webcam-mit-60-96-einstellbarer-winkel-software-usb-kamera-pc-mit-objektivabdeckung-fuer\/#breadcrumb","itemListElement":[{"@type":"ListItem","position":1,"name":"Startseite","item":"https:\/\/marktxxl.de\/markt\/"},{"@type":"ListItem","position":2,"name":"Markt","item":"https:\/\/marktxxl.de\/markt\/"},{"@type":"ListItem","position":3,"name":"eMeet 60 fps 1080P Webcam\u2013Webcam C990 in Streaming mit 4 Mikrofonen und Lautsprechern,Full HD Webcam mit verstellbarem\u2026"}]},{"@type":"WebSite","@id":"https:\/\/marktxxl.de\/markt\/#website","url":"https:\/\/marktxxl.de\/markt\/","name":"Markt-XXL","description":"Ihr Markt Online","publisher":{"@id":"https:\/\/marktxxl.de\/markt\/#organization"},"potentialAction":[{"@type":"SearchAction","target":{"@type":"EntryPoint","urlTemplate":"https:\/\/marktxxl.de\/markt\/?s={search_term_string}"},"query-input":{"@type":"PropertyValueSpecification","valueRequired":true,"valueName":"search_term_string"}}],"inLanguage":"de"},{"@type":"Organization","@id":"https:\/\/marktxxl.de\/markt\/#organization","name":"Markt-XXL","url":"https:\/\/marktxxl.de\/markt\/","logo":{"@type":"ImageObject","inLanguage":"de","@id":"https:\/\/marktxxl.de\/markt\/#\/schema\/logo\/image\/","url":"https:\/\/marktxxl.de\/markt\/wp-content\/uploads\/sites\/3\/2020\/12\/logo.png","contentUrl":"https:\/\/marktxxl.de\/markt\/wp-content\/uploads\/sites\/3\/2020\/12\/logo.png","width":200,"height":70,"caption":"Markt-XXL"},"image":{"@id":"https:\/\/marktxxl.de\/markt\/#\/schema\/logo\/image\/"}}]}},"_links":{"self":[{"href":"https:\/\/marktxxl.de\/markt\/wp-json\/wp\/v2\/product\/122139","targetHints":{"allow":["GET"]}}],"collection":[{"href":"https:\/\/marktxxl.de\/markt\/wp-json\/wp\/v2\/product"}],"about":[{"href":"https:\/\/marktxxl.de\/markt\/wp-json\/wp\/v2\/types\/product"}],"replies":[{"embeddable":true,"href":"https:\/\/marktxxl.de\/markt\/wp-json\/wp\/v2\/comments?post=122139"}],"wp:featuredmedia":[{"embeddable":true,"href":"https:\/\/marktxxl.de\/markt\/wp-json\/wp\/v2\/media\/122140"}],"wp:attachment":[{"href":"https:\/\/marktxxl.de\/markt\/wp-json\/wp\/v2\/media?parent=122139"}],"wp:term":[{"taxonomy":"product_brand","embeddable":true,"href":"https:\/\/marktxxl.de\/markt\/wp-json\/wp\/v2\/product_brand?post=122139"},{"taxonomy":"product_cat","embeddable":true,"href":"https:\/\/marktxxl.de\/markt\/wp-json\/wp\/v2\/product_cat?post=122139"},{"taxonomy":"product_tag","embeddable":true,"href":"https:\/\/marktxxl.de\/markt\/wp-json\/wp\/v2\/product_tag?post=122139"}],"curies":[{"name":"wp","href":"https:\/\/api.w.org\/{rel}","templated":true}]}}