{"id":122106,"date":"2022-05-15T08:25:25","date_gmt":"2022-05-15T06:25:25","guid":{"rendered":"https:\/\/marktxxl.de\/markt\/produkt\/mini-drucker-mobiler-fotodrucker-fuer-smartphone-buyounger-multifunktionsgeraet-bluetooth-drucker-klein-handy-sticker-drucker-thermodrucker-usb-taschen-label-drucker-weiss-ohne-patrone\/"},"modified":"2023-04-10T03:56:22","modified_gmt":"2023-04-10T01:56:22","slug":"mini-drucker-mobiler-fotodrucker-fuer-smartphone-buyounger-multifunktionsgeraet-bluetooth-drucker-klein-handy-sticker-drucker-thermodrucker-usb-taschen-label-drucker-weiss-ohne-patrone","status":"publish","type":"product","link":"https:\/\/marktxxl.de\/markt\/produkt\/mini-drucker-mobiler-fotodrucker-fuer-smartphone-buyounger-multifunktionsgeraet-bluetooth-drucker-klein-handy-sticker-drucker-thermodrucker-usb-taschen-label-drucker-weiss-ohne-patrone\/","title":{"rendered":"Buyounger Mini Drucker Mobiler Fotodrucker f\u00fcr Smartphone Multifunktionsger\u00e4t Bluetooth Drucker Klein Handy Sticker\u2026"},"content":{"rendered":"<p>\ud83c\udf81\u3010Verewigen Sie Ihre besten Momente, Mini-Fotodrucker f\u00fcr ein Geschenk\u3011\ud83c\udf81 Der Mini-Thermodrucker ist klein und leicht, mit einem Design in der Gr\u00f6\u00dfe einer Handfl\u00e4che, k\u00f6nnen Sie ihn leicht transportieren. Der Thermodrucker ist das beste Geschenk f\u00fcr Studenten, B\u00fcroangestellte, Liebhaber, Freunde, Familie usw. Die besten Momente k\u00f6nnen direkt vom Telefon gedruckt werden.<br \/>\n\ud83c\udfa8\u3010Klare Aufl\u00f6sung, Mini-Drucker von ausgezeichneter Qualit\u00e4t\u3011\ud83c\udfa8 Mit einer Aufl\u00f6sung von 203 dpi, hat der tragbare Fotodrucker eine klare Druckqualit\u00e4t. Mit einem hochwertigen Druckkopf kann das Druckerpapier Thermopapier mit einer Breite von 56-58 mm und einem Rollendurchmesser von 30 mm drucken. Die Geschwindigkeit des Instantdruckers ist auch sehr schnell.<br \/>\n\ud83d\udc85\u3010Anytime Anywhere-Druck\u3011\ud83d\udc85 Der Bluetooth-Thermodrucker kann Fotos, Etiketten, Aufkleber, Nachrichten, Listen drucken. Es kann verwendet werden, um Notizen und Flaschennoten zu Hause zu drucken. Der Tintenlose Drucker kann zum Drucken von Notizen w\u00e4hrend der Arbeit verwendet werden. Und es kann f\u00fcr Memos, Fotos verwendet werden. Auf Reisen ist der kompakte und leichte Smartphone Drucker bequem in Ihrer Tasche zu verstauen.<br \/>\n\ud83c\udf84\u3010Energiesparendes Genie, ohne Tinte 1200 mAh Drucker ohne Tinte\u3011\ud83c\udf84 Mit einem integrierten wiederaufladbaren 1200 mAh Lithium-Ionen-Akku kann der Minidrucker die hohen Kosten f\u00fcr mehrere Einwegbatterien vermeiden. Zudem ben\u00f6tigt der mobile Drucker keine Tintenpatrone, sodass die Betriebskosten niedrig sind. Ger\u00e4uscharmes Arbeiten, wird niemand st\u00f6ren, ein idealer Drucker.<br \/>\n\ud83c\udf89\u3010Verbinden Sie sich in 1S, tragbarer Telefondrucker\u3011\ud83c\udf89 Der Multifunktionsdrucker kann einfach und schnell mit jedem Smartphone \u00fcber Bluetooth in 1 Sekunde verbunden werden, und er ist auch geeignet f\u00fcr die Verbindung mit einem PC \u00fcber USB-Kabel. Bitte folgen Sie der Bedienungsanleitung des Bluetooth-Druckers zum Herunterladen der App \/ des entsprechenden Treibers auf Ihr Telefon.<br \/>\n<div class=\"main-cross-sell\" data-asin=\"B09V7XGZBH\">\n\n\t<div class=\"WooZone-cross-sell-loader\">\n\t\t<div>\n\t\t\t<div id=\"floatingBarsG\">\n\t\t\t\t<div class=\"blockG\" id=\"rotateG_01\"><\/div>\n\t\t\t\t<div class=\"blockG\" id=\"rotateG_02\"><\/div>\n\t\t\t\t<div class=\"blockG\" id=\"rotateG_03\"><\/div>\n\t\t\t\t<div class=\"blockG\" id=\"rotateG_04\"><\/div>\n\t\t\t\t<div class=\"blockG\" id=\"rotateG_05\"><\/div>\n\t\t\t\t<div class=\"blockG\" id=\"rotateG_06\"><\/div>\n\t\t\t\t<div class=\"blockG\" id=\"rotateG_07\"><\/div>\n\t\t\t\t<div class=\"blockG\" id=\"rotateG_08\"><\/div>\n\t\t\t<\/div>\n\t\t\t<div class=\"WooZone-cross-sell-loader-text\"><\/div>\n\t\t<\/div>\n\t<\/div>\n\n\t\t\n<\/div>\n<div style=\"clear:both;\"><\/div><\/p>\n","protected":false},"excerpt":{"rendered":"<p>\ud83c\udf81\u3010Verewigen Sie Ihre besten Momente, Mini-Fotodrucker f\u00fcr ein Geschenk\u3011\ud83c\udf81 Der Mini-Thermodrucker ist klein und leicht, mit einem Design in der Gr\u00f6\u00dfe einer Handfl\u00e4che, k\u00f6nnen Sie ihn leicht transportieren. Der Thermodrucker ist das beste Geschenk f\u00fcr Studenten, B\u00fcroangestellte, Liebhaber, Freunde, Familie usw. Die besten Momente k\u00f6nnen direkt vom Telefon gedruckt werden.<br \/>\n\ud83c\udfa8\u3010Klare Aufl\u00f6sung, Mini-Drucker von ausgezeichneter Qualit\u00e4t\u3011\ud83c\udfa8 Mit einer Aufl\u00f6sung von 203 dpi, hat der tragbare Fotodrucker eine klare Druckqualit\u00e4t. Mit einem hochwertigen Druckkopf kann das Druckerpapier Thermopapier mit einer Breite von 56-58 mm und einem Rollendurchmesser von 30 mm drucken. Die Geschwindigkeit des Instantdruckers ist auch sehr schnell.<br \/>\n\ud83d\udc85\u3010Anytime Anywhere-Druck\u3011\ud83d\udc85 Der Bluetooth-Thermodrucker kann Fotos, Etiketten, Aufkleber, Nachrichten, Listen drucken. Es kann verwendet werden, um Notizen und Flaschennoten zu Hause zu drucken. Der Tintenlose Drucker kann zum Drucken von Notizen w\u00e4hrend der Arbeit verwendet werden. Und es kann f\u00fcr Memos, Fotos verwendet werden. Auf Reisen ist der kompakte und leichte Smartphone Drucker bequem in Ihrer Tasche zu verstauen.<\/p>\n","protected":false},"featured_media":122107,"comment_status":"open","ping_status":"closed","template":"","meta":[],"product_brand":[],"product_cat":[863],"product_tag":[],"class_list":{"0":"post-122106","1":"product","2":"type-product","3":"status-publish","4":"has-post-thumbnail","6":"product_cat-computer-zubehoer","7":"pa_binding-elektronik","8":"pa_brand-buyounger","9":"pa_color-white","10":"pa_height-2-5196850368-zoll","11":"pa_length-4-0157480274-zoll","12":"pa_manufacturer-buyounger","13":"pa_model-bo005","14":"pa_width-3-543307083-zoll","16":"first","17":"instock","18":"shipping-taxable","19":"purchasable","20":"product-type-simple","21":"customify-col","22":"product-has-gallery"},"yoast_head":"<!-- This site is optimized with the Yoast SEO plugin v27.4 - https:\/\/yoast.com\/product\/yoast-seo-wordpress\/ -->\n<title>Buyounger Mini Drucker Mobiler Fotodrucker f\u00fcr Smartphone Multifunktionsger\u00e4t Bluetooth Drucker Klein Handy Sticker\u2026 - Markt-XXL<\/title>\n<meta name=\"description\" content=\"Markt-XXL Buyounger Mini Drucker Mobiler Fotodrucker f\u00fcr Smartphone Multifunktionsger\u00e4t Bluetooth Drucker Klein Handy Sticker\u2026\" \/>\n<meta name=\"robots\" content=\"index, follow, max-snippet:-1, max-image-preview:large, max-video-preview:-1\" \/>\n<link rel=\"canonical\" href=\"https:\/\/marktxxl.de\/markt\/produkt\/mini-drucker-mobiler-fotodrucker-fuer-smartphone-buyounger-multifunktionsgeraet-bluetooth-drucker-klein-handy-sticker-drucker-thermodrucker-usb-taschen-label-drucker-weiss-ohne-patrone\/\" \/>\n<meta property=\"og:locale\" content=\"de_DE\" \/>\n<meta property=\"og:type\" content=\"article\" \/>\n<meta property=\"og:title\" content=\"Buyounger Mini Drucker Mobiler Fotodrucker f\u00fcr Smartphone Multifunktionsger\u00e4t Bluetooth Drucker Klein Handy Sticker\u2026 - Markt-XXL\" \/>\n<meta property=\"og:description\" content=\"Markt-XXL Buyounger Mini Drucker Mobiler Fotodrucker f\u00fcr Smartphone Multifunktionsger\u00e4t Bluetooth Drucker Klein Handy Sticker\u2026\" \/>\n<meta property=\"og:url\" content=\"https:\/\/marktxxl.de\/markt\/produkt\/mini-drucker-mobiler-fotodrucker-fuer-smartphone-buyounger-multifunktionsgeraet-bluetooth-drucker-klein-handy-sticker-drucker-thermodrucker-usb-taschen-label-drucker-weiss-ohne-patrone\/\" \/>\n<meta property=\"og:site_name\" content=\"Markt-XXL\" \/>\n<meta property=\"article:modified_time\" content=\"2023-04-10T01:56:22+00:00\" \/>\n<meta property=\"og:image\" content=\"https:\/\/m.media-amazon.com\/images\/I\/31S0WUfT89L._SL500_.jpg\" \/>\n\t<meta property=\"og:image:width\" content=\"500\" \/>\n\t<meta property=\"og:image:height\" content=\"500\" \/>\n\t<meta property=\"og:image:type\" content=\"image\/jpeg\" \/>\n<meta name=\"twitter:card\" content=\"summary_large_image\" \/>\n<meta name=\"twitter:label1\" content=\"Gesch\u00e4tzte Lesezeit\" \/>\n\t<meta name=\"twitter:data1\" content=\"1\u00a0Minute\" \/>\n<script type=\"application\/ld+json\" class=\"yoast-schema-graph\">{\"@context\":\"https:\\\/\\\/schema.org\",\"@graph\":[{\"@type\":\"WebPage\",\"@id\":\"https:\\\/\\\/marktxxl.de\\\/markt\\\/produkt\\\/mini-drucker-mobiler-fotodrucker-fuer-smartphone-buyounger-multifunktionsgeraet-bluetooth-drucker-klein-handy-sticker-drucker-thermodrucker-usb-taschen-label-drucker-weiss-ohne-patrone\\\/\",\"url\":\"https:\\\/\\\/marktxxl.de\\\/markt\\\/produkt\\\/mini-drucker-mobiler-fotodrucker-fuer-smartphone-buyounger-multifunktionsgeraet-bluetooth-drucker-klein-handy-sticker-drucker-thermodrucker-usb-taschen-label-drucker-weiss-ohne-patrone\\\/\",\"name\":\"Buyounger Mini Drucker Mobiler Fotodrucker f\u00fcr Smartphone Multifunktionsger\u00e4t Bluetooth Drucker Klein Handy Sticker\u2026 - Markt-XXL\",\"isPartOf\":{\"@id\":\"https:\\\/\\\/marktxxl.de\\\/markt\\\/#website\"},\"primaryImageOfPage\":{\"@id\":\"https:\\\/\\\/marktxxl.de\\\/markt\\\/produkt\\\/mini-drucker-mobiler-fotodrucker-fuer-smartphone-buyounger-multifunktionsgeraet-bluetooth-drucker-klein-handy-sticker-drucker-thermodrucker-usb-taschen-label-drucker-weiss-ohne-patrone\\\/#primaryimage\"},\"image\":{\"@id\":\"https:\\\/\\\/marktxxl.de\\\/markt\\\/produkt\\\/mini-drucker-mobiler-fotodrucker-fuer-smartphone-buyounger-multifunktionsgeraet-bluetooth-drucker-klein-handy-sticker-drucker-thermodrucker-usb-taschen-label-drucker-weiss-ohne-patrone\\\/#primaryimage\"},\"thumbnailUrl\":\"https:\\\/\\\/m.media-amazon.com\\\/images\\\/I\\\/31S0WUfT89L._SL500_.jpg\",\"datePublished\":\"2022-05-15T06:25:25+00:00\",\"dateModified\":\"2023-04-10T01:56:22+00:00\",\"description\":\"Markt-XXL Buyounger Mini Drucker Mobiler Fotodrucker f\u00fcr Smartphone Multifunktionsger\u00e4t Bluetooth Drucker Klein Handy Sticker\u2026\",\"breadcrumb\":{\"@id\":\"https:\\\/\\\/marktxxl.de\\\/markt\\\/produkt\\\/mini-drucker-mobiler-fotodrucker-fuer-smartphone-buyounger-multifunktionsgeraet-bluetooth-drucker-klein-handy-sticker-drucker-thermodrucker-usb-taschen-label-drucker-weiss-ohne-patrone\\\/#breadcrumb\"},\"inLanguage\":\"de\",\"potentialAction\":[{\"@type\":\"ReadAction\",\"target\":[\"https:\\\/\\\/marktxxl.de\\\/markt\\\/produkt\\\/mini-drucker-mobiler-fotodrucker-fuer-smartphone-buyounger-multifunktionsgeraet-bluetooth-drucker-klein-handy-sticker-drucker-thermodrucker-usb-taschen-label-drucker-weiss-ohne-patrone\\\/\"]}]},{\"@type\":\"ImageObject\",\"inLanguage\":\"de\",\"@id\":\"https:\\\/\\\/marktxxl.de\\\/markt\\\/produkt\\\/mini-drucker-mobiler-fotodrucker-fuer-smartphone-buyounger-multifunktionsgeraet-bluetooth-drucker-klein-handy-sticker-drucker-thermodrucker-usb-taschen-label-drucker-weiss-ohne-patrone\\\/#primaryimage\",\"url\":\"https:\\\/\\\/m.media-amazon.com\\\/images\\\/I\\\/31S0WUfT89L._SL500_.jpg\",\"contentUrl\":\"https:\\\/\\\/m.media-amazon.com\\\/images\\\/I\\\/31S0WUfT89L._SL500_.jpg\",\"width\":500,\"height\":500},{\"@type\":\"BreadcrumbList\",\"@id\":\"https:\\\/\\\/marktxxl.de\\\/markt\\\/produkt\\\/mini-drucker-mobiler-fotodrucker-fuer-smartphone-buyounger-multifunktionsgeraet-bluetooth-drucker-klein-handy-sticker-drucker-thermodrucker-usb-taschen-label-drucker-weiss-ohne-patrone\\\/#breadcrumb\",\"itemListElement\":[{\"@type\":\"ListItem\",\"position\":1,\"name\":\"Startseite\",\"item\":\"https:\\\/\\\/marktxxl.de\\\/markt\\\/\"},{\"@type\":\"ListItem\",\"position\":2,\"name\":\"Markt\",\"item\":\"https:\\\/\\\/marktxxl.de\\\/markt\\\/\"},{\"@type\":\"ListItem\",\"position\":3,\"name\":\"Buyounger Mini Drucker Mobiler Fotodrucker f\u00fcr Smartphone Multifunktionsger\u00e4t Bluetooth Drucker Klein Handy Sticker\u2026\"}]},{\"@type\":\"WebSite\",\"@id\":\"https:\\\/\\\/marktxxl.de\\\/markt\\\/#website\",\"url\":\"https:\\\/\\\/marktxxl.de\\\/markt\\\/\",\"name\":\"Markt-XXL\",\"description\":\"Ihr Markt Online\",\"publisher\":{\"@id\":\"https:\\\/\\\/marktxxl.de\\\/markt\\\/#organization\"},\"potentialAction\":[{\"@type\":\"SearchAction\",\"target\":{\"@type\":\"EntryPoint\",\"urlTemplate\":\"https:\\\/\\\/marktxxl.de\\\/markt\\\/?s={search_term_string}\"},\"query-input\":{\"@type\":\"PropertyValueSpecification\",\"valueRequired\":true,\"valueName\":\"search_term_string\"}}],\"inLanguage\":\"de\"},{\"@type\":\"Organization\",\"@id\":\"https:\\\/\\\/marktxxl.de\\\/markt\\\/#organization\",\"name\":\"Markt-XXL\",\"url\":\"https:\\\/\\\/marktxxl.de\\\/markt\\\/\",\"logo\":{\"@type\":\"ImageObject\",\"inLanguage\":\"de\",\"@id\":\"https:\\\/\\\/marktxxl.de\\\/markt\\\/#\\\/schema\\\/logo\\\/image\\\/\",\"url\":\"https:\\\/\\\/marktxxl.de\\\/markt\\\/wp-content\\\/uploads\\\/sites\\\/3\\\/2020\\\/12\\\/logo.png\",\"contentUrl\":\"https:\\\/\\\/marktxxl.de\\\/markt\\\/wp-content\\\/uploads\\\/sites\\\/3\\\/2020\\\/12\\\/logo.png\",\"width\":200,\"height\":70,\"caption\":\"Markt-XXL\"},\"image\":{\"@id\":\"https:\\\/\\\/marktxxl.de\\\/markt\\\/#\\\/schema\\\/logo\\\/image\\\/\"}}]}<\/script>\n<!-- \/ Yoast SEO plugin. -->","yoast_head_json":{"title":"Buyounger Mini Drucker Mobiler Fotodrucker f\u00fcr Smartphone Multifunktionsger\u00e4t Bluetooth Drucker Klein Handy Sticker\u2026 - Markt-XXL","description":"Markt-XXL Buyounger Mini Drucker Mobiler Fotodrucker f\u00fcr Smartphone Multifunktionsger\u00e4t Bluetooth Drucker Klein Handy Sticker\u2026","robots":{"index":"index","follow":"follow","max-snippet":"max-snippet:-1","max-image-preview":"max-image-preview:large","max-video-preview":"max-video-preview:-1"},"canonical":"https:\/\/marktxxl.de\/markt\/produkt\/mini-drucker-mobiler-fotodrucker-fuer-smartphone-buyounger-multifunktionsgeraet-bluetooth-drucker-klein-handy-sticker-drucker-thermodrucker-usb-taschen-label-drucker-weiss-ohne-patrone\/","og_locale":"de_DE","og_type":"article","og_title":"Buyounger Mini Drucker Mobiler Fotodrucker f\u00fcr Smartphone Multifunktionsger\u00e4t Bluetooth Drucker Klein Handy Sticker\u2026 - Markt-XXL","og_description":"Markt-XXL Buyounger Mini Drucker Mobiler Fotodrucker f\u00fcr Smartphone Multifunktionsger\u00e4t Bluetooth Drucker Klein Handy Sticker\u2026","og_url":"https:\/\/marktxxl.de\/markt\/produkt\/mini-drucker-mobiler-fotodrucker-fuer-smartphone-buyounger-multifunktionsgeraet-bluetooth-drucker-klein-handy-sticker-drucker-thermodrucker-usb-taschen-label-drucker-weiss-ohne-patrone\/","og_site_name":"Markt-XXL","article_modified_time":"2023-04-10T01:56:22+00:00","og_image":[{"width":500,"height":500,"url":"https:\/\/m.media-amazon.com\/images\/I\/31S0WUfT89L._SL500_.jpg","type":"image\/jpeg"}],"twitter_card":"summary_large_image","twitter_misc":{"Gesch\u00e4tzte Lesezeit":"1\u00a0Minute"},"schema":{"@context":"https:\/\/schema.org","@graph":[{"@type":"WebPage","@id":"https:\/\/marktxxl.de\/markt\/produkt\/mini-drucker-mobiler-fotodrucker-fuer-smartphone-buyounger-multifunktionsgeraet-bluetooth-drucker-klein-handy-sticker-drucker-thermodrucker-usb-taschen-label-drucker-weiss-ohne-patrone\/","url":"https:\/\/marktxxl.de\/markt\/produkt\/mini-drucker-mobiler-fotodrucker-fuer-smartphone-buyounger-multifunktionsgeraet-bluetooth-drucker-klein-handy-sticker-drucker-thermodrucker-usb-taschen-label-drucker-weiss-ohne-patrone\/","name":"Buyounger Mini Drucker Mobiler Fotodrucker f\u00fcr Smartphone Multifunktionsger\u00e4t Bluetooth Drucker Klein Handy Sticker\u2026 - Markt-XXL","isPartOf":{"@id":"https:\/\/marktxxl.de\/markt\/#website"},"primaryImageOfPage":{"@id":"https:\/\/marktxxl.de\/markt\/produkt\/mini-drucker-mobiler-fotodrucker-fuer-smartphone-buyounger-multifunktionsgeraet-bluetooth-drucker-klein-handy-sticker-drucker-thermodrucker-usb-taschen-label-drucker-weiss-ohne-patrone\/#primaryimage"},"image":{"@id":"https:\/\/marktxxl.de\/markt\/produkt\/mini-drucker-mobiler-fotodrucker-fuer-smartphone-buyounger-multifunktionsgeraet-bluetooth-drucker-klein-handy-sticker-drucker-thermodrucker-usb-taschen-label-drucker-weiss-ohne-patrone\/#primaryimage"},"thumbnailUrl":"https:\/\/m.media-amazon.com\/images\/I\/31S0WUfT89L._SL500_.jpg","datePublished":"2022-05-15T06:25:25+00:00","dateModified":"2023-04-10T01:56:22+00:00","description":"Markt-XXL Buyounger Mini Drucker Mobiler Fotodrucker f\u00fcr Smartphone Multifunktionsger\u00e4t Bluetooth Drucker Klein Handy Sticker\u2026","breadcrumb":{"@id":"https:\/\/marktxxl.de\/markt\/produkt\/mini-drucker-mobiler-fotodrucker-fuer-smartphone-buyounger-multifunktionsgeraet-bluetooth-drucker-klein-handy-sticker-drucker-thermodrucker-usb-taschen-label-drucker-weiss-ohne-patrone\/#breadcrumb"},"inLanguage":"de","potentialAction":[{"@type":"ReadAction","target":["https:\/\/marktxxl.de\/markt\/produkt\/mini-drucker-mobiler-fotodrucker-fuer-smartphone-buyounger-multifunktionsgeraet-bluetooth-drucker-klein-handy-sticker-drucker-thermodrucker-usb-taschen-label-drucker-weiss-ohne-patrone\/"]}]},{"@type":"ImageObject","inLanguage":"de","@id":"https:\/\/marktxxl.de\/markt\/produkt\/mini-drucker-mobiler-fotodrucker-fuer-smartphone-buyounger-multifunktionsgeraet-bluetooth-drucker-klein-handy-sticker-drucker-thermodrucker-usb-taschen-label-drucker-weiss-ohne-patrone\/#primaryimage","url":"https:\/\/m.media-amazon.com\/images\/I\/31S0WUfT89L._SL500_.jpg","contentUrl":"https:\/\/m.media-amazon.com\/images\/I\/31S0WUfT89L._SL500_.jpg","width":500,"height":500},{"@type":"BreadcrumbList","@id":"https:\/\/marktxxl.de\/markt\/produkt\/mini-drucker-mobiler-fotodrucker-fuer-smartphone-buyounger-multifunktionsgeraet-bluetooth-drucker-klein-handy-sticker-drucker-thermodrucker-usb-taschen-label-drucker-weiss-ohne-patrone\/#breadcrumb","itemListElement":[{"@type":"ListItem","position":1,"name":"Startseite","item":"https:\/\/marktxxl.de\/markt\/"},{"@type":"ListItem","position":2,"name":"Markt","item":"https:\/\/marktxxl.de\/markt\/"},{"@type":"ListItem","position":3,"name":"Buyounger Mini Drucker Mobiler Fotodrucker f\u00fcr Smartphone Multifunktionsger\u00e4t Bluetooth Drucker Klein Handy Sticker\u2026"}]},{"@type":"WebSite","@id":"https:\/\/marktxxl.de\/markt\/#website","url":"https:\/\/marktxxl.de\/markt\/","name":"Markt-XXL","description":"Ihr Markt Online","publisher":{"@id":"https:\/\/marktxxl.de\/markt\/#organization"},"potentialAction":[{"@type":"SearchAction","target":{"@type":"EntryPoint","urlTemplate":"https:\/\/marktxxl.de\/markt\/?s={search_term_string}"},"query-input":{"@type":"PropertyValueSpecification","valueRequired":true,"valueName":"search_term_string"}}],"inLanguage":"de"},{"@type":"Organization","@id":"https:\/\/marktxxl.de\/markt\/#organization","name":"Markt-XXL","url":"https:\/\/marktxxl.de\/markt\/","logo":{"@type":"ImageObject","inLanguage":"de","@id":"https:\/\/marktxxl.de\/markt\/#\/schema\/logo\/image\/","url":"https:\/\/marktxxl.de\/markt\/wp-content\/uploads\/sites\/3\/2020\/12\/logo.png","contentUrl":"https:\/\/marktxxl.de\/markt\/wp-content\/uploads\/sites\/3\/2020\/12\/logo.png","width":200,"height":70,"caption":"Markt-XXL"},"image":{"@id":"https:\/\/marktxxl.de\/markt\/#\/schema\/logo\/image\/"}}]}},"_links":{"self":[{"href":"https:\/\/marktxxl.de\/markt\/wp-json\/wp\/v2\/product\/122106","targetHints":{"allow":["GET"]}}],"collection":[{"href":"https:\/\/marktxxl.de\/markt\/wp-json\/wp\/v2\/product"}],"about":[{"href":"https:\/\/marktxxl.de\/markt\/wp-json\/wp\/v2\/types\/product"}],"replies":[{"embeddable":true,"href":"https:\/\/marktxxl.de\/markt\/wp-json\/wp\/v2\/comments?post=122106"}],"wp:featuredmedia":[{"embeddable":true,"href":"https:\/\/marktxxl.de\/markt\/wp-json\/wp\/v2\/media\/122107"}],"wp:attachment":[{"href":"https:\/\/marktxxl.de\/markt\/wp-json\/wp\/v2\/media?parent=122106"}],"wp:term":[{"taxonomy":"product_brand","embeddable":true,"href":"https:\/\/marktxxl.de\/markt\/wp-json\/wp\/v2\/product_brand?post=122106"},{"taxonomy":"product_cat","embeddable":true,"href":"https:\/\/marktxxl.de\/markt\/wp-json\/wp\/v2\/product_cat?post=122106"},{"taxonomy":"product_tag","embeddable":true,"href":"https:\/\/marktxxl.de\/markt\/wp-json\/wp\/v2\/product_tag?post=122106"}],"curies":[{"name":"wp","href":"https:\/\/api.w.org\/{rel}","templated":true}]}}