{"id":121958,"date":"2022-05-15T08:19:52","date_gmt":"2022-05-15T06:19:52","guid":{"rendered":"https:\/\/marktxxl.de\/markt\/produkt\/usb-hub-aktiv-3-0-mit-netzteil-60w-10-ports-usb-3-0-hub-mit-laden-usb-c-datenport-ethernet-individuelle-ein-aus-schalter-usb-3-0-mehrfach-ports-verteiler-zum-laden-und-zur-datenuebertragung\/"},"modified":"2023-04-10T03:56:21","modified_gmt":"2023-04-10T01:56:21","slug":"usb-hub-aktiv-3-0-mit-netzteil-60w-10-ports-usb-3-0-hub-mit-laden-usb-c-datenport-ethernet-individuelle-ein-aus-schalter-usb-3-0-mehrfach-ports-verteiler-zum-laden-und-zur-datenuebertragung","status":"publish","type":"product","link":"https:\/\/marktxxl.de\/markt\/produkt\/usb-hub-aktiv-3-0-mit-netzteil-60w-10-ports-usb-3-0-hub-mit-laden-usb-c-datenport-ethernet-individuelle-ein-aus-schalter-usb-3-0-mehrfach-ports-verteiler-zum-laden-und-zur-datenuebertragung\/","title":{"rendered":"Aluminium USB Hub Aktiv 3.0 mit Netzteil, 10-IN-1 Anschluss USB C Hub, DC 60W (5V\/12A) Verteiler zum Laden und zur\u2026"},"content":{"rendered":"<p>\u3010USB 3.0-Hub mit Anschl\u00fcssen zum Aufladen und zur Daten\u00fcbertragung und im Netzwerk \u3011Der LIONWEI Multiport-Hub kann die USB-C- oder USB-A-Anschl\u00fcsse Ihres Computers auf 10 verschiedene Anschl\u00fcsse erweitern: 3x USB-A-Ladeanschl\u00fcsse, 4x USB-A-3.0 Daten\u00fcbertragungsports, 2x USB-C-Daten\u00fcbertragungsports, 1x Gigabit-Netzwerkport. Die perfekte L\u00f6sung f\u00fcr unzureichende Anschl\u00fcsse f\u00fcr Ethernet, Tastatur, Maus, Drucker, Festplatte und weitere USB-Ger\u00e4te.<br \/>\n\u30105 V\/2,4 A Schnellladung und 5 Gb\/s Daten\u00fcbertragung\u3011 3x USB-A-Ladeanschl\u00fcsse, die eine maximale Ausgangsleistung von 5 V\/2,4 A (12 W) bieten, um Ihr Mobiltelefon, und andere Ger\u00e4te schnell aufzuladen. 4x USB A 3.0-Anschl\u00fcsse, Daten\u00fcbertragungsgeschwindigkeit bis zu 5 Gb\/s, k\u00f6nnen gro\u00dfe Dateien wie Filme, Musik, Bilder schnell \u00fcbertragen. Sie k\u00f6nnen den USB-Datenanschluss an Ihre Festplatten, Flash-Laufwerke und andere USB-Ger\u00e4te anschlie\u00dfen. Die abw\u00e4rtskompatibel mit USB 2.0 \/ 1.1 sind.<br \/>\n\u3010USB-C-Daten\u00fcbertragungsport und RJ45 Lan\u30112x USB-C-Daten\u00fcbertragungsports bieten eine \u00dcbertragungsgeschwindigkeit von bis zu 5 Gb\/s. Der Netzwerkanschluss bietet schnelle und stabile Ethernet-Bedingungen mit Geschwindigkeiten von bis zu 1000 Mbit\/s (unterst\u00fctzt von 10\/100\/1000 Mbit\/s), wodurch Ihre Arbeit effizienter wird. \u25baBitte beachten Sie: Die 2 USB-C-Anschl\u00fcsse und 4 USB-A-Datenanschl\u00fcsse an der unteren H\u00e4lfte des Hubs werden nur zur Daten\u00fcbertragung verwendet, nicht zum Aufladen.<br \/>\n\u3010Aluminiumk\u00f6rper Hub&amp;Unabh\u00e4ngiger Schalter&amp;Kontrollleuchte\u3011 Power USB hub ist mit einer Aluminiumh\u00fclle ausgestattet, die robust und langlebig ist. Sowohl USB-A als auch USB-C Anschl\u00fcsse sind mit unabh\u00e4ngigen Schaltern ausgestattet, einschalten: dr\u00fccken, ausschalten: langes Dr\u00fccken f\u00fcr 2s, sparen Sie sich das wiederholte Ein- und Ausstecken von Ger\u00e4ten. Blaue LED-Anzeige zur Anzeige des Energiestatus.Homeoffice&amp;Gesch\u00e4ftsreise,Daten\u00fcbertragung, Aufladen und Internetverbindung jederzeit verf\u00fcgbar<br \/>\n\u3010Breite Kompatibilit\u00e4t\u3011 USB-betriebener Hub ist mit allen USB-C\/USB-A-Laptops kompatibel, geeignet f\u00fcr MacBook, Dell, HP, Lenovo, Acer, XPS, Surface Pro usw. Plug-and-Play, keine Treiber oder Software zu installieren. \u2764Systemanforderungen: Unterst\u00fctzt Windows XP\/2000\/7\/8\/10\/11, Android, Linux, Mac OS 10.3 oder h\u00f6her. \u2764Packliste: 1x Hub, 1x 60W-Netzteil, 1x USB-A-zu-USB-C-Datenkabel (100 cm), 1x USB-C-zu-USB-C-Datenkabel (100 cm), 1x Bedienungsanleitung. Bei Fragen helfen wir gerne weiter.<br \/>\n<div class=\"main-cross-sell\" data-asin=\"B09P4NPBJN\">\n\n\t<div class=\"WooZone-cross-sell-loader\">\n\t\t<div>\n\t\t\t<div id=\"floatingBarsG\">\n\t\t\t\t<div class=\"blockG\" id=\"rotateG_01\"><\/div>\n\t\t\t\t<div class=\"blockG\" id=\"rotateG_02\"><\/div>\n\t\t\t\t<div class=\"blockG\" id=\"rotateG_03\"><\/div>\n\t\t\t\t<div class=\"blockG\" id=\"rotateG_04\"><\/div>\n\t\t\t\t<div class=\"blockG\" id=\"rotateG_05\"><\/div>\n\t\t\t\t<div class=\"blockG\" id=\"rotateG_06\"><\/div>\n\t\t\t\t<div class=\"blockG\" id=\"rotateG_07\"><\/div>\n\t\t\t\t<div class=\"blockG\" id=\"rotateG_08\"><\/div>\n\t\t\t<\/div>\n\t\t\t<div class=\"WooZone-cross-sell-loader-text\"><\/div>\n\t\t<\/div>\n\t<\/div>\n\n\t\t\n<\/div>\n<div style=\"clear:both;\"><\/div><\/p>\n","protected":false},"excerpt":{"rendered":"<p>\u3010USB 3.0-Hub mit Anschl\u00fcssen zum Aufladen und zur Daten\u00fcbertragung und im Netzwerk \u3011Der LIONWEI Multiport-Hub kann die USB-C- oder USB-A-Anschl\u00fcsse Ihres Computers auf 10 verschiedene Anschl\u00fcsse erweitern: 3x USB-A-Ladeanschl\u00fcsse, 4x USB-A-3.0 Daten\u00fcbertragungsports, 2x USB-C-Daten\u00fcbertragungsports, 1x Gigabit-Netzwerkport. Die perfekte L\u00f6sung f\u00fcr unzureichende Anschl\u00fcsse f\u00fcr Ethernet, Tastatur, Maus, Drucker, Festplatte und weitere USB-Ger\u00e4te.<br \/>\n\u30105 V\/2,4 A Schnellladung und 5 Gb\/s Daten\u00fcbertragung\u3011 3x USB-A-Ladeanschl\u00fcsse, die eine maximale Ausgangsleistung von 5 V\/2,4 A (12 W) bieten, um Ihr Mobiltelefon, und andere Ger\u00e4te schnell aufzuladen. 4x USB A 3.0-Anschl\u00fcsse, Daten\u00fcbertragungsgeschwindigkeit bis zu 5 Gb\/s, k\u00f6nnen gro\u00dfe Dateien wie Filme, Musik, Bilder schnell \u00fcbertragen. Sie k\u00f6nnen den USB-Datenanschluss an Ihre Festplatten, Flash-Laufwerke und andere USB-Ger\u00e4te anschlie\u00dfen. Die abw\u00e4rtskompatibel mit USB 2.0 \/ 1.1 sind.<br \/>\n\u3010USB-C-Daten\u00fcbertragungsport und RJ45 Lan\u30112x USB-C-Daten\u00fcbertragungsports bieten eine \u00dcbertragungsgeschwindigkeit von bis zu 5 Gb\/s. Der Netzwerkanschluss bietet schnelle und stabile Ethernet-Bedingungen mit Geschwindigkeiten von bis zu 1000 Mbit\/s (unterst\u00fctzt von 10\/100\/1000 Mbit\/s), wodurch Ihre Arbeit effizienter wird. \u25baBitte beachten Sie: Die 2 USB-C-Anschl\u00fcsse und 4 USB-A-Datenanschl\u00fcsse an der unteren H\u00e4lfte des Hubs werden nur zur Daten\u00fcbertragung verwendet, nicht zum Aufladen.<\/p>\n","protected":false},"featured_media":121959,"comment_status":"open","ping_status":"closed","template":"","meta":[],"product_brand":[],"product_cat":[863],"product_tag":[],"class_list":{"0":"post-121958","1":"product","2":"type-product","3":"status-publish","4":"has-post-thumbnail","6":"product_cat-computer-zubehoer","7":"pa_brand-lionwei","8":"pa_color-grau","9":"pa_manufacturer-lionwei","10":"pa_model-liuc4102","12":"first","13":"instock","14":"shipping-taxable","15":"purchasable","16":"product-type-simple","17":"customify-col","18":"product-has-gallery"},"yoast_head":"<!-- This site is optimized with the Yoast SEO plugin v27.4 - https:\/\/yoast.com\/product\/yoast-seo-wordpress\/ -->\n<title>Aluminium USB Hub Aktiv 3.0 mit Netzteil, 10-IN-1 Anschluss USB C Hub, DC 60W (5V\/12A) Verteiler zum Laden und zur\u2026 - Markt-XXL<\/title>\n<meta name=\"description\" content=\"Markt-XXL Aluminium USB Hub Aktiv 3.0 mit Netzteil, 10-IN-1 Anschluss USB C Hub, DC 60W (5V\/12A) Verteiler zum Laden und zur\u2026\" \/>\n<meta name=\"robots\" content=\"index, follow, max-snippet:-1, max-image-preview:large, max-video-preview:-1\" \/>\n<link rel=\"canonical\" href=\"https:\/\/marktxxl.de\/markt\/produkt\/usb-hub-aktiv-3-0-mit-netzteil-60w-10-ports-usb-3-0-hub-mit-laden-usb-c-datenport-ethernet-individuelle-ein-aus-schalter-usb-3-0-mehrfach-ports-verteiler-zum-laden-und-zur-datenuebertragung\/\" \/>\n<meta property=\"og:locale\" content=\"de_DE\" \/>\n<meta property=\"og:type\" content=\"article\" \/>\n<meta property=\"og:title\" content=\"Aluminium USB Hub Aktiv 3.0 mit Netzteil, 10-IN-1 Anschluss USB C Hub, DC 60W (5V\/12A) Verteiler zum Laden und zur\u2026 - Markt-XXL\" \/>\n<meta property=\"og:description\" content=\"Markt-XXL Aluminium USB Hub Aktiv 3.0 mit Netzteil, 10-IN-1 Anschluss USB C Hub, DC 60W (5V\/12A) Verteiler zum Laden und zur\u2026\" \/>\n<meta property=\"og:url\" content=\"https:\/\/marktxxl.de\/markt\/produkt\/usb-hub-aktiv-3-0-mit-netzteil-60w-10-ports-usb-3-0-hub-mit-laden-usb-c-datenport-ethernet-individuelle-ein-aus-schalter-usb-3-0-mehrfach-ports-verteiler-zum-laden-und-zur-datenuebertragung\/\" \/>\n<meta property=\"og:site_name\" content=\"Markt-XXL\" \/>\n<meta property=\"article:modified_time\" content=\"2023-04-10T01:56:21+00:00\" \/>\n<meta property=\"og:image\" content=\"https:\/\/m.media-amazon.com\/images\/I\/41AKvBfL45L._SL500_.jpg\" \/>\n\t<meta property=\"og:image:width\" content=\"500\" \/>\n\t<meta property=\"og:image:height\" content=\"500\" \/>\n\t<meta property=\"og:image:type\" content=\"image\/jpeg\" \/>\n<meta name=\"twitter:card\" content=\"summary_large_image\" \/>\n<meta name=\"twitter:label1\" content=\"Gesch\u00e4tzte Lesezeit\" \/>\n\t<meta name=\"twitter:data1\" content=\"2\u00a0Minuten\" \/>\n<script type=\"application\/ld+json\" class=\"yoast-schema-graph\">{\"@context\":\"https:\\\/\\\/schema.org\",\"@graph\":[{\"@type\":\"WebPage\",\"@id\":\"https:\\\/\\\/marktxxl.de\\\/markt\\\/produkt\\\/usb-hub-aktiv-3-0-mit-netzteil-60w-10-ports-usb-3-0-hub-mit-laden-usb-c-datenport-ethernet-individuelle-ein-aus-schalter-usb-3-0-mehrfach-ports-verteiler-zum-laden-und-zur-datenuebertragung\\\/\",\"url\":\"https:\\\/\\\/marktxxl.de\\\/markt\\\/produkt\\\/usb-hub-aktiv-3-0-mit-netzteil-60w-10-ports-usb-3-0-hub-mit-laden-usb-c-datenport-ethernet-individuelle-ein-aus-schalter-usb-3-0-mehrfach-ports-verteiler-zum-laden-und-zur-datenuebertragung\\\/\",\"name\":\"Aluminium USB Hub Aktiv 3.0 mit Netzteil, 10-IN-1 Anschluss USB C Hub, DC 60W (5V\\\/12A) Verteiler zum Laden und zur\u2026 - Markt-XXL\",\"isPartOf\":{\"@id\":\"https:\\\/\\\/marktxxl.de\\\/markt\\\/#website\"},\"primaryImageOfPage\":{\"@id\":\"https:\\\/\\\/marktxxl.de\\\/markt\\\/produkt\\\/usb-hub-aktiv-3-0-mit-netzteil-60w-10-ports-usb-3-0-hub-mit-laden-usb-c-datenport-ethernet-individuelle-ein-aus-schalter-usb-3-0-mehrfach-ports-verteiler-zum-laden-und-zur-datenuebertragung\\\/#primaryimage\"},\"image\":{\"@id\":\"https:\\\/\\\/marktxxl.de\\\/markt\\\/produkt\\\/usb-hub-aktiv-3-0-mit-netzteil-60w-10-ports-usb-3-0-hub-mit-laden-usb-c-datenport-ethernet-individuelle-ein-aus-schalter-usb-3-0-mehrfach-ports-verteiler-zum-laden-und-zur-datenuebertragung\\\/#primaryimage\"},\"thumbnailUrl\":\"https:\\\/\\\/m.media-amazon.com\\\/images\\\/I\\\/41AKvBfL45L._SL500_.jpg\",\"datePublished\":\"2022-05-15T06:19:52+00:00\",\"dateModified\":\"2023-04-10T01:56:21+00:00\",\"description\":\"Markt-XXL Aluminium USB Hub Aktiv 3.0 mit Netzteil, 10-IN-1 Anschluss USB C Hub, DC 60W (5V\\\/12A) Verteiler zum Laden und zur\u2026\",\"breadcrumb\":{\"@id\":\"https:\\\/\\\/marktxxl.de\\\/markt\\\/produkt\\\/usb-hub-aktiv-3-0-mit-netzteil-60w-10-ports-usb-3-0-hub-mit-laden-usb-c-datenport-ethernet-individuelle-ein-aus-schalter-usb-3-0-mehrfach-ports-verteiler-zum-laden-und-zur-datenuebertragung\\\/#breadcrumb\"},\"inLanguage\":\"de\",\"potentialAction\":[{\"@type\":\"ReadAction\",\"target\":[\"https:\\\/\\\/marktxxl.de\\\/markt\\\/produkt\\\/usb-hub-aktiv-3-0-mit-netzteil-60w-10-ports-usb-3-0-hub-mit-laden-usb-c-datenport-ethernet-individuelle-ein-aus-schalter-usb-3-0-mehrfach-ports-verteiler-zum-laden-und-zur-datenuebertragung\\\/\"]}]},{\"@type\":\"ImageObject\",\"inLanguage\":\"de\",\"@id\":\"https:\\\/\\\/marktxxl.de\\\/markt\\\/produkt\\\/usb-hub-aktiv-3-0-mit-netzteil-60w-10-ports-usb-3-0-hub-mit-laden-usb-c-datenport-ethernet-individuelle-ein-aus-schalter-usb-3-0-mehrfach-ports-verteiler-zum-laden-und-zur-datenuebertragung\\\/#primaryimage\",\"url\":\"https:\\\/\\\/m.media-amazon.com\\\/images\\\/I\\\/41AKvBfL45L._SL500_.jpg\",\"contentUrl\":\"https:\\\/\\\/m.media-amazon.com\\\/images\\\/I\\\/41AKvBfL45L._SL500_.jpg\",\"width\":500,\"height\":500},{\"@type\":\"BreadcrumbList\",\"@id\":\"https:\\\/\\\/marktxxl.de\\\/markt\\\/produkt\\\/usb-hub-aktiv-3-0-mit-netzteil-60w-10-ports-usb-3-0-hub-mit-laden-usb-c-datenport-ethernet-individuelle-ein-aus-schalter-usb-3-0-mehrfach-ports-verteiler-zum-laden-und-zur-datenuebertragung\\\/#breadcrumb\",\"itemListElement\":[{\"@type\":\"ListItem\",\"position\":1,\"name\":\"Startseite\",\"item\":\"https:\\\/\\\/marktxxl.de\\\/markt\\\/\"},{\"@type\":\"ListItem\",\"position\":2,\"name\":\"Markt\",\"item\":\"https:\\\/\\\/marktxxl.de\\\/markt\\\/\"},{\"@type\":\"ListItem\",\"position\":3,\"name\":\"Aluminium USB Hub Aktiv 3.0 mit Netzteil, 10-IN-1 Anschluss USB C Hub, DC 60W (5V\\\/12A) Verteiler zum Laden und zur\u2026\"}]},{\"@type\":\"WebSite\",\"@id\":\"https:\\\/\\\/marktxxl.de\\\/markt\\\/#website\",\"url\":\"https:\\\/\\\/marktxxl.de\\\/markt\\\/\",\"name\":\"Markt-XXL\",\"description\":\"Ihr Markt Online\",\"publisher\":{\"@id\":\"https:\\\/\\\/marktxxl.de\\\/markt\\\/#organization\"},\"potentialAction\":[{\"@type\":\"SearchAction\",\"target\":{\"@type\":\"EntryPoint\",\"urlTemplate\":\"https:\\\/\\\/marktxxl.de\\\/markt\\\/?s={search_term_string}\"},\"query-input\":{\"@type\":\"PropertyValueSpecification\",\"valueRequired\":true,\"valueName\":\"search_term_string\"}}],\"inLanguage\":\"de\"},{\"@type\":\"Organization\",\"@id\":\"https:\\\/\\\/marktxxl.de\\\/markt\\\/#organization\",\"name\":\"Markt-XXL\",\"url\":\"https:\\\/\\\/marktxxl.de\\\/markt\\\/\",\"logo\":{\"@type\":\"ImageObject\",\"inLanguage\":\"de\",\"@id\":\"https:\\\/\\\/marktxxl.de\\\/markt\\\/#\\\/schema\\\/logo\\\/image\\\/\",\"url\":\"https:\\\/\\\/marktxxl.de\\\/markt\\\/wp-content\\\/uploads\\\/sites\\\/3\\\/2020\\\/12\\\/logo.png\",\"contentUrl\":\"https:\\\/\\\/marktxxl.de\\\/markt\\\/wp-content\\\/uploads\\\/sites\\\/3\\\/2020\\\/12\\\/logo.png\",\"width\":200,\"height\":70,\"caption\":\"Markt-XXL\"},\"image\":{\"@id\":\"https:\\\/\\\/marktxxl.de\\\/markt\\\/#\\\/schema\\\/logo\\\/image\\\/\"}}]}<\/script>\n<!-- \/ Yoast SEO plugin. -->","yoast_head_json":{"title":"Aluminium USB Hub Aktiv 3.0 mit Netzteil, 10-IN-1 Anschluss USB C Hub, DC 60W (5V\/12A) Verteiler zum Laden und zur\u2026 - Markt-XXL","description":"Markt-XXL Aluminium USB Hub Aktiv 3.0 mit Netzteil, 10-IN-1 Anschluss USB C Hub, DC 60W (5V\/12A) Verteiler zum Laden und zur\u2026","robots":{"index":"index","follow":"follow","max-snippet":"max-snippet:-1","max-image-preview":"max-image-preview:large","max-video-preview":"max-video-preview:-1"},"canonical":"https:\/\/marktxxl.de\/markt\/produkt\/usb-hub-aktiv-3-0-mit-netzteil-60w-10-ports-usb-3-0-hub-mit-laden-usb-c-datenport-ethernet-individuelle-ein-aus-schalter-usb-3-0-mehrfach-ports-verteiler-zum-laden-und-zur-datenuebertragung\/","og_locale":"de_DE","og_type":"article","og_title":"Aluminium USB Hub Aktiv 3.0 mit Netzteil, 10-IN-1 Anschluss USB C Hub, DC 60W (5V\/12A) Verteiler zum Laden und zur\u2026 - Markt-XXL","og_description":"Markt-XXL Aluminium USB Hub Aktiv 3.0 mit Netzteil, 10-IN-1 Anschluss USB C Hub, DC 60W (5V\/12A) Verteiler zum Laden und zur\u2026","og_url":"https:\/\/marktxxl.de\/markt\/produkt\/usb-hub-aktiv-3-0-mit-netzteil-60w-10-ports-usb-3-0-hub-mit-laden-usb-c-datenport-ethernet-individuelle-ein-aus-schalter-usb-3-0-mehrfach-ports-verteiler-zum-laden-und-zur-datenuebertragung\/","og_site_name":"Markt-XXL","article_modified_time":"2023-04-10T01:56:21+00:00","og_image":[{"width":500,"height":500,"url":"https:\/\/m.media-amazon.com\/images\/I\/41AKvBfL45L._SL500_.jpg","type":"image\/jpeg"}],"twitter_card":"summary_large_image","twitter_misc":{"Gesch\u00e4tzte Lesezeit":"2\u00a0Minuten"},"schema":{"@context":"https:\/\/schema.org","@graph":[{"@type":"WebPage","@id":"https:\/\/marktxxl.de\/markt\/produkt\/usb-hub-aktiv-3-0-mit-netzteil-60w-10-ports-usb-3-0-hub-mit-laden-usb-c-datenport-ethernet-individuelle-ein-aus-schalter-usb-3-0-mehrfach-ports-verteiler-zum-laden-und-zur-datenuebertragung\/","url":"https:\/\/marktxxl.de\/markt\/produkt\/usb-hub-aktiv-3-0-mit-netzteil-60w-10-ports-usb-3-0-hub-mit-laden-usb-c-datenport-ethernet-individuelle-ein-aus-schalter-usb-3-0-mehrfach-ports-verteiler-zum-laden-und-zur-datenuebertragung\/","name":"Aluminium USB Hub Aktiv 3.0 mit Netzteil, 10-IN-1 Anschluss USB C Hub, DC 60W (5V\/12A) Verteiler zum Laden und zur\u2026 - Markt-XXL","isPartOf":{"@id":"https:\/\/marktxxl.de\/markt\/#website"},"primaryImageOfPage":{"@id":"https:\/\/marktxxl.de\/markt\/produkt\/usb-hub-aktiv-3-0-mit-netzteil-60w-10-ports-usb-3-0-hub-mit-laden-usb-c-datenport-ethernet-individuelle-ein-aus-schalter-usb-3-0-mehrfach-ports-verteiler-zum-laden-und-zur-datenuebertragung\/#primaryimage"},"image":{"@id":"https:\/\/marktxxl.de\/markt\/produkt\/usb-hub-aktiv-3-0-mit-netzteil-60w-10-ports-usb-3-0-hub-mit-laden-usb-c-datenport-ethernet-individuelle-ein-aus-schalter-usb-3-0-mehrfach-ports-verteiler-zum-laden-und-zur-datenuebertragung\/#primaryimage"},"thumbnailUrl":"https:\/\/m.media-amazon.com\/images\/I\/41AKvBfL45L._SL500_.jpg","datePublished":"2022-05-15T06:19:52+00:00","dateModified":"2023-04-10T01:56:21+00:00","description":"Markt-XXL Aluminium USB Hub Aktiv 3.0 mit Netzteil, 10-IN-1 Anschluss USB C Hub, DC 60W (5V\/12A) Verteiler zum Laden und zur\u2026","breadcrumb":{"@id":"https:\/\/marktxxl.de\/markt\/produkt\/usb-hub-aktiv-3-0-mit-netzteil-60w-10-ports-usb-3-0-hub-mit-laden-usb-c-datenport-ethernet-individuelle-ein-aus-schalter-usb-3-0-mehrfach-ports-verteiler-zum-laden-und-zur-datenuebertragung\/#breadcrumb"},"inLanguage":"de","potentialAction":[{"@type":"ReadAction","target":["https:\/\/marktxxl.de\/markt\/produkt\/usb-hub-aktiv-3-0-mit-netzteil-60w-10-ports-usb-3-0-hub-mit-laden-usb-c-datenport-ethernet-individuelle-ein-aus-schalter-usb-3-0-mehrfach-ports-verteiler-zum-laden-und-zur-datenuebertragung\/"]}]},{"@type":"ImageObject","inLanguage":"de","@id":"https:\/\/marktxxl.de\/markt\/produkt\/usb-hub-aktiv-3-0-mit-netzteil-60w-10-ports-usb-3-0-hub-mit-laden-usb-c-datenport-ethernet-individuelle-ein-aus-schalter-usb-3-0-mehrfach-ports-verteiler-zum-laden-und-zur-datenuebertragung\/#primaryimage","url":"https:\/\/m.media-amazon.com\/images\/I\/41AKvBfL45L._SL500_.jpg","contentUrl":"https:\/\/m.media-amazon.com\/images\/I\/41AKvBfL45L._SL500_.jpg","width":500,"height":500},{"@type":"BreadcrumbList","@id":"https:\/\/marktxxl.de\/markt\/produkt\/usb-hub-aktiv-3-0-mit-netzteil-60w-10-ports-usb-3-0-hub-mit-laden-usb-c-datenport-ethernet-individuelle-ein-aus-schalter-usb-3-0-mehrfach-ports-verteiler-zum-laden-und-zur-datenuebertragung\/#breadcrumb","itemListElement":[{"@type":"ListItem","position":1,"name":"Startseite","item":"https:\/\/marktxxl.de\/markt\/"},{"@type":"ListItem","position":2,"name":"Markt","item":"https:\/\/marktxxl.de\/markt\/"},{"@type":"ListItem","position":3,"name":"Aluminium USB Hub Aktiv 3.0 mit Netzteil, 10-IN-1 Anschluss USB C Hub, DC 60W (5V\/12A) Verteiler zum Laden und zur\u2026"}]},{"@type":"WebSite","@id":"https:\/\/marktxxl.de\/markt\/#website","url":"https:\/\/marktxxl.de\/markt\/","name":"Markt-XXL","description":"Ihr Markt Online","publisher":{"@id":"https:\/\/marktxxl.de\/markt\/#organization"},"potentialAction":[{"@type":"SearchAction","target":{"@type":"EntryPoint","urlTemplate":"https:\/\/marktxxl.de\/markt\/?s={search_term_string}"},"query-input":{"@type":"PropertyValueSpecification","valueRequired":true,"valueName":"search_term_string"}}],"inLanguage":"de"},{"@type":"Organization","@id":"https:\/\/marktxxl.de\/markt\/#organization","name":"Markt-XXL","url":"https:\/\/marktxxl.de\/markt\/","logo":{"@type":"ImageObject","inLanguage":"de","@id":"https:\/\/marktxxl.de\/markt\/#\/schema\/logo\/image\/","url":"https:\/\/marktxxl.de\/markt\/wp-content\/uploads\/sites\/3\/2020\/12\/logo.png","contentUrl":"https:\/\/marktxxl.de\/markt\/wp-content\/uploads\/sites\/3\/2020\/12\/logo.png","width":200,"height":70,"caption":"Markt-XXL"},"image":{"@id":"https:\/\/marktxxl.de\/markt\/#\/schema\/logo\/image\/"}}]}},"_links":{"self":[{"href":"https:\/\/marktxxl.de\/markt\/wp-json\/wp\/v2\/product\/121958","targetHints":{"allow":["GET"]}}],"collection":[{"href":"https:\/\/marktxxl.de\/markt\/wp-json\/wp\/v2\/product"}],"about":[{"href":"https:\/\/marktxxl.de\/markt\/wp-json\/wp\/v2\/types\/product"}],"replies":[{"embeddable":true,"href":"https:\/\/marktxxl.de\/markt\/wp-json\/wp\/v2\/comments?post=121958"}],"wp:featuredmedia":[{"embeddable":true,"href":"https:\/\/marktxxl.de\/markt\/wp-json\/wp\/v2\/media\/121959"}],"wp:attachment":[{"href":"https:\/\/marktxxl.de\/markt\/wp-json\/wp\/v2\/media?parent=121958"}],"wp:term":[{"taxonomy":"product_brand","embeddable":true,"href":"https:\/\/marktxxl.de\/markt\/wp-json\/wp\/v2\/product_brand?post=121958"},{"taxonomy":"product_cat","embeddable":true,"href":"https:\/\/marktxxl.de\/markt\/wp-json\/wp\/v2\/product_cat?post=121958"},{"taxonomy":"product_tag","embeddable":true,"href":"https:\/\/marktxxl.de\/markt\/wp-json\/wp\/v2\/product_tag?post=121958"}],"curies":[{"name":"wp","href":"https:\/\/api.w.org\/{rel}","templated":true}]}}