{"id":121942,"date":"2022-05-15T08:19:30","date_gmt":"2022-05-15T06:19:30","guid":{"rendered":"https:\/\/marktxxl.de\/markt\/produkt\/good2have-black-beauty-laptopstaender-aus-aluminium-fuer-komfortables-gesundes-arbeiten-surfen-notebookstaender-fuer-10-bis-15-6-zoll-grosse-laptops-laptophalterung-laptop-staen\/"},"modified":"2023-04-10T03:56:21","modified_gmt":"2023-04-10T01:56:21","slug":"good2have-black-beauty-laptopstaender-aus-aluminium-fuer-komfortables-gesundes-arbeiten-surfen-notebookstaender-fuer-10-bis-15-6-zoll-grosse-laptops-laptophalterung-laptop-staen","status":"publish","type":"product","link":"https:\/\/marktxxl.de\/markt\/produkt\/good2have-black-beauty-laptopstaender-aus-aluminium-fuer-komfortables-gesundes-arbeiten-surfen-notebookstaender-fuer-10-bis-15-6-zoll-grosse-laptops-laptophalterung-laptop-staen\/","title":{"rendered":"good2have &#8211; Black Beauty &#8211; DEUTSCH &#8211; Laptopst\u00e4nder aus Aluminium &#8211; EXTRA LANGLEBIG durch mitgelieferten Schraubschl\u00fcssel\u2026"},"content":{"rendered":"<p>\ud83d\udcbb MACHE DEIN LEBEN KOMFORTABLER &#8211; Wir haben Materialien mit hoher Qualit\u00e4t genutzt, um Dir mehr Stabilit\u00e4t und somit eine bequemere Nutzung zu erm\u00f6glichen.<br \/>\n\ud83d\udcbb ENDLICH KEINE NACKENSCHMERZEN MEHR &#8211; Durch den erh\u00f6hten Stand von BLACK BEAUTY beugst Du Nacken- und R\u00fcckenschmerzen vor, da Du den Laptop auf Augenh\u00f6he nutzen kannst! Unser Notebook St\u00e4nder kann auf unterschiedliche H\u00f6hen gebracht werden. Somit f\u00fcr Jeden nutzbar!<br \/>\n\ud83d\udcbb L\u00c4NGER NUTZEN ALS ANDERE ST\u00c4NDER &#8211; Bist Du es auch Leid, dass Produkte kurzlebig sind und schnell ausgetauscht werden m\u00fcssen? Nicht mit dem good2have BLACK BEAUTY! Wir liefern Dir das passende Werkzeug mit, damit Du die Schrauben jederzeit wieder festziehen kannst! Somit kannst Du unseren Laptop St\u00e4nder l\u00e4nger nutzen, als vergleichbare Modelle!<br \/>\n\ud83d\udcbb SPARE DEINE KOSTBARE ZEIT &#8211; Kennst Du das auch? Man hat eine Frage oder ein Problem und ben\u00f6tigt Unterst\u00fctzung, jedoch ist der Support durch den Verk\u00e4ufer schleppend, versteht einen nicht und ist nicht l\u00f6sungsorientiert? Nicht mit uns! Wir legen viel Wert auf eine l\u00f6sungsorientierte Kundenkommunikation.<br \/>\n\ud83d\udcbb STELL DEIN LAPTOP SICHER AB &#8211; W\u00fcrden Sie nicht auch gerne Ihren Laptop auf einem sicheren Stand stellen, auf welchem er nicht hin und her rutscht? BLACK BEAUTY ist mit Silikonstoppern ausgestattet und l\u00f6st somit dieses Problem!<br \/>\n<div class=\"main-cross-sell\" data-asin=\"B09YYW8KXR\">\n\n\t<div class=\"WooZone-cross-sell-loader\">\n\t\t<div>\n\t\t\t<div id=\"floatingBarsG\">\n\t\t\t\t<div class=\"blockG\" id=\"rotateG_01\"><\/div>\n\t\t\t\t<div class=\"blockG\" id=\"rotateG_02\"><\/div>\n\t\t\t\t<div class=\"blockG\" id=\"rotateG_03\"><\/div>\n\t\t\t\t<div class=\"blockG\" id=\"rotateG_04\"><\/div>\n\t\t\t\t<div class=\"blockG\" id=\"rotateG_05\"><\/div>\n\t\t\t\t<div class=\"blockG\" id=\"rotateG_06\"><\/div>\n\t\t\t\t<div class=\"blockG\" id=\"rotateG_07\"><\/div>\n\t\t\t\t<div class=\"blockG\" id=\"rotateG_08\"><\/div>\n\t\t\t<\/div>\n\t\t\t<div class=\"WooZone-cross-sell-loader-text\"><\/div>\n\t\t<\/div>\n\t<\/div>\n\n\t\t\n<\/div>\n<div style=\"clear:both;\"><\/div><\/p>\n","protected":false},"excerpt":{"rendered":"<p>\ud83d\udcbb MACHE DEIN LEBEN KOMFORTABLER &#8211; Wir haben Materialien mit hoher Qualit\u00e4t genutzt, um Dir mehr Stabilit\u00e4t und somit eine bequemere Nutzung zu erm\u00f6glichen.<br \/>\n\ud83d\udcbb ENDLICH KEINE NACKENSCHMERZEN MEHR &#8211; Durch den erh\u00f6hten Stand von BLACK BEAUTY beugst Du Nacken- und R\u00fcckenschmerzen vor, da Du den Laptop auf Augenh\u00f6he nutzen kannst! Unser Notebook St\u00e4nder kann auf unterschiedliche H\u00f6hen gebracht werden. Somit f\u00fcr Jeden nutzbar!<br \/>\n\ud83d\udcbb L\u00c4NGER NUTZEN ALS ANDERE ST\u00c4NDER &#8211; Bist Du es auch Leid, dass Produkte kurzlebig sind und schnell ausgetauscht werden m\u00fcssen? Nicht mit dem good2have BLACK BEAUTY! Wir liefern Dir das passende Werkzeug mit, damit Du die Schrauben jederzeit wieder festziehen kannst! Somit kannst Du unseren Laptop St\u00e4nder l\u00e4nger nutzen, als vergleichbare Modelle!<\/p>\n","protected":false},"featured_media":121943,"comment_status":"open","ping_status":"closed","template":"","meta":[],"product_brand":[],"product_cat":[863],"product_tag":[],"class_list":{"0":"post-121942","1":"product","2":"type-product","3":"status-publish","4":"has-post-thumbnail","6":"product_cat-computer-zubehoer","7":"pa_binding-elektronik","8":"pa_brand-good2have","9":"pa_color-schwarz","10":"pa_height-1-181102361-zoll","11":"pa_length-9-055118101-zoll","12":"pa_manufacturer-good2have-ug","13":"pa_model-n-a","14":"pa_weight-2-20462262-pfund","15":"pa_width-7-87401574-zoll","17":"first","18":"instock","19":"shipping-taxable","20":"purchasable","21":"product-type-simple","22":"customify-col","23":"product-has-gallery"},"yoast_head":"<!-- This site is optimized with the Yoast SEO plugin v27.4 - https:\/\/yoast.com\/product\/yoast-seo-wordpress\/ -->\n<title>good2have - Black Beauty - DEUTSCH - Laptopst\u00e4nder aus Aluminium - EXTRA LANGLEBIG durch mitgelieferten Schraubschl\u00fcssel\u2026 - Markt-XXL<\/title>\n<meta name=\"description\" content=\"Markt-XXL good2have - Black Beauty - DEUTSCH - Laptopst\u00e4nder aus Aluminium - EXTRA LANGLEBIG durch mitgelieferten Schraubschl\u00fcssel\u2026\" \/>\n<meta name=\"robots\" content=\"index, follow, max-snippet:-1, max-image-preview:large, max-video-preview:-1\" \/>\n<link rel=\"canonical\" href=\"https:\/\/marktxxl.de\/markt\/produkt\/good2have-black-beauty-laptopstaender-aus-aluminium-fuer-komfortables-gesundes-arbeiten-surfen-notebookstaender-fuer-10-bis-15-6-zoll-grosse-laptops-laptophalterung-laptop-staen\/\" \/>\n<meta property=\"og:locale\" content=\"de_DE\" \/>\n<meta property=\"og:type\" content=\"article\" \/>\n<meta property=\"og:title\" content=\"good2have - Black Beauty - DEUTSCH - Laptopst\u00e4nder aus Aluminium - EXTRA LANGLEBIG durch mitgelieferten Schraubschl\u00fcssel\u2026 - Markt-XXL\" \/>\n<meta property=\"og:description\" content=\"Markt-XXL good2have - Black Beauty - DEUTSCH - Laptopst\u00e4nder aus Aluminium - EXTRA LANGLEBIG durch mitgelieferten Schraubschl\u00fcssel\u2026\" \/>\n<meta property=\"og:url\" content=\"https:\/\/marktxxl.de\/markt\/produkt\/good2have-black-beauty-laptopstaender-aus-aluminium-fuer-komfortables-gesundes-arbeiten-surfen-notebookstaender-fuer-10-bis-15-6-zoll-grosse-laptops-laptophalterung-laptop-staen\/\" \/>\n<meta property=\"og:site_name\" content=\"Markt-XXL\" \/>\n<meta property=\"article:modified_time\" content=\"2023-04-10T01:56:21+00:00\" \/>\n<meta property=\"og:image\" content=\"https:\/\/m.media-amazon.com\/images\/I\/31rW5rqVa9L._SL500_.jpg\" \/>\n\t<meta property=\"og:image:width\" content=\"500\" \/>\n\t<meta property=\"og:image:height\" content=\"500\" \/>\n\t<meta property=\"og:image:type\" content=\"image\/jpeg\" \/>\n<meta name=\"twitter:card\" content=\"summary_large_image\" \/>\n<meta name=\"twitter:label1\" content=\"Gesch\u00e4tzte Lesezeit\" \/>\n\t<meta name=\"twitter:data1\" content=\"1\u00a0Minute\" \/>\n<script type=\"application\/ld+json\" class=\"yoast-schema-graph\">{\"@context\":\"https:\\\/\\\/schema.org\",\"@graph\":[{\"@type\":\"WebPage\",\"@id\":\"https:\\\/\\\/marktxxl.de\\\/markt\\\/produkt\\\/good2have-black-beauty-laptopstaender-aus-aluminium-fuer-komfortables-gesundes-arbeiten-surfen-notebookstaender-fuer-10-bis-15-6-zoll-grosse-laptops-laptophalterung-laptop-staen\\\/\",\"url\":\"https:\\\/\\\/marktxxl.de\\\/markt\\\/produkt\\\/good2have-black-beauty-laptopstaender-aus-aluminium-fuer-komfortables-gesundes-arbeiten-surfen-notebookstaender-fuer-10-bis-15-6-zoll-grosse-laptops-laptophalterung-laptop-staen\\\/\",\"name\":\"good2have - Black Beauty - DEUTSCH - Laptopst\u00e4nder aus Aluminium - EXTRA LANGLEBIG durch mitgelieferten Schraubschl\u00fcssel\u2026 - Markt-XXL\",\"isPartOf\":{\"@id\":\"https:\\\/\\\/marktxxl.de\\\/markt\\\/#website\"},\"primaryImageOfPage\":{\"@id\":\"https:\\\/\\\/marktxxl.de\\\/markt\\\/produkt\\\/good2have-black-beauty-laptopstaender-aus-aluminium-fuer-komfortables-gesundes-arbeiten-surfen-notebookstaender-fuer-10-bis-15-6-zoll-grosse-laptops-laptophalterung-laptop-staen\\\/#primaryimage\"},\"image\":{\"@id\":\"https:\\\/\\\/marktxxl.de\\\/markt\\\/produkt\\\/good2have-black-beauty-laptopstaender-aus-aluminium-fuer-komfortables-gesundes-arbeiten-surfen-notebookstaender-fuer-10-bis-15-6-zoll-grosse-laptops-laptophalterung-laptop-staen\\\/#primaryimage\"},\"thumbnailUrl\":\"https:\\\/\\\/m.media-amazon.com\\\/images\\\/I\\\/31rW5rqVa9L._SL500_.jpg\",\"datePublished\":\"2022-05-15T06:19:30+00:00\",\"dateModified\":\"2023-04-10T01:56:21+00:00\",\"description\":\"Markt-XXL good2have - Black Beauty - DEUTSCH - Laptopst\u00e4nder aus Aluminium - EXTRA LANGLEBIG durch mitgelieferten Schraubschl\u00fcssel\u2026\",\"breadcrumb\":{\"@id\":\"https:\\\/\\\/marktxxl.de\\\/markt\\\/produkt\\\/good2have-black-beauty-laptopstaender-aus-aluminium-fuer-komfortables-gesundes-arbeiten-surfen-notebookstaender-fuer-10-bis-15-6-zoll-grosse-laptops-laptophalterung-laptop-staen\\\/#breadcrumb\"},\"inLanguage\":\"de\",\"potentialAction\":[{\"@type\":\"ReadAction\",\"target\":[\"https:\\\/\\\/marktxxl.de\\\/markt\\\/produkt\\\/good2have-black-beauty-laptopstaender-aus-aluminium-fuer-komfortables-gesundes-arbeiten-surfen-notebookstaender-fuer-10-bis-15-6-zoll-grosse-laptops-laptophalterung-laptop-staen\\\/\"]}]},{\"@type\":\"ImageObject\",\"inLanguage\":\"de\",\"@id\":\"https:\\\/\\\/marktxxl.de\\\/markt\\\/produkt\\\/good2have-black-beauty-laptopstaender-aus-aluminium-fuer-komfortables-gesundes-arbeiten-surfen-notebookstaender-fuer-10-bis-15-6-zoll-grosse-laptops-laptophalterung-laptop-staen\\\/#primaryimage\",\"url\":\"https:\\\/\\\/m.media-amazon.com\\\/images\\\/I\\\/31rW5rqVa9L._SL500_.jpg\",\"contentUrl\":\"https:\\\/\\\/m.media-amazon.com\\\/images\\\/I\\\/31rW5rqVa9L._SL500_.jpg\",\"width\":500,\"height\":500},{\"@type\":\"BreadcrumbList\",\"@id\":\"https:\\\/\\\/marktxxl.de\\\/markt\\\/produkt\\\/good2have-black-beauty-laptopstaender-aus-aluminium-fuer-komfortables-gesundes-arbeiten-surfen-notebookstaender-fuer-10-bis-15-6-zoll-grosse-laptops-laptophalterung-laptop-staen\\\/#breadcrumb\",\"itemListElement\":[{\"@type\":\"ListItem\",\"position\":1,\"name\":\"Startseite\",\"item\":\"https:\\\/\\\/marktxxl.de\\\/markt\\\/\"},{\"@type\":\"ListItem\",\"position\":2,\"name\":\"Markt\",\"item\":\"https:\\\/\\\/marktxxl.de\\\/markt\\\/\"},{\"@type\":\"ListItem\",\"position\":3,\"name\":\"good2have &#8211; Black Beauty &#8211; DEUTSCH &#8211; Laptopst\u00e4nder aus Aluminium &#8211; EXTRA LANGLEBIG durch mitgelieferten Schraubschl\u00fcssel\u2026\"}]},{\"@type\":\"WebSite\",\"@id\":\"https:\\\/\\\/marktxxl.de\\\/markt\\\/#website\",\"url\":\"https:\\\/\\\/marktxxl.de\\\/markt\\\/\",\"name\":\"Markt-XXL\",\"description\":\"Ihr Markt Online\",\"publisher\":{\"@id\":\"https:\\\/\\\/marktxxl.de\\\/markt\\\/#organization\"},\"potentialAction\":[{\"@type\":\"SearchAction\",\"target\":{\"@type\":\"EntryPoint\",\"urlTemplate\":\"https:\\\/\\\/marktxxl.de\\\/markt\\\/?s={search_term_string}\"},\"query-input\":{\"@type\":\"PropertyValueSpecification\",\"valueRequired\":true,\"valueName\":\"search_term_string\"}}],\"inLanguage\":\"de\"},{\"@type\":\"Organization\",\"@id\":\"https:\\\/\\\/marktxxl.de\\\/markt\\\/#organization\",\"name\":\"Markt-XXL\",\"url\":\"https:\\\/\\\/marktxxl.de\\\/markt\\\/\",\"logo\":{\"@type\":\"ImageObject\",\"inLanguage\":\"de\",\"@id\":\"https:\\\/\\\/marktxxl.de\\\/markt\\\/#\\\/schema\\\/logo\\\/image\\\/\",\"url\":\"https:\\\/\\\/marktxxl.de\\\/markt\\\/wp-content\\\/uploads\\\/sites\\\/3\\\/2020\\\/12\\\/logo.png\",\"contentUrl\":\"https:\\\/\\\/marktxxl.de\\\/markt\\\/wp-content\\\/uploads\\\/sites\\\/3\\\/2020\\\/12\\\/logo.png\",\"width\":200,\"height\":70,\"caption\":\"Markt-XXL\"},\"image\":{\"@id\":\"https:\\\/\\\/marktxxl.de\\\/markt\\\/#\\\/schema\\\/logo\\\/image\\\/\"}}]}<\/script>\n<!-- \/ Yoast SEO plugin. -->","yoast_head_json":{"title":"good2have - Black Beauty - DEUTSCH - Laptopst\u00e4nder aus Aluminium - EXTRA LANGLEBIG durch mitgelieferten Schraubschl\u00fcssel\u2026 - Markt-XXL","description":"Markt-XXL good2have - Black Beauty - DEUTSCH - Laptopst\u00e4nder aus Aluminium - EXTRA LANGLEBIG durch mitgelieferten Schraubschl\u00fcssel\u2026","robots":{"index":"index","follow":"follow","max-snippet":"max-snippet:-1","max-image-preview":"max-image-preview:large","max-video-preview":"max-video-preview:-1"},"canonical":"https:\/\/marktxxl.de\/markt\/produkt\/good2have-black-beauty-laptopstaender-aus-aluminium-fuer-komfortables-gesundes-arbeiten-surfen-notebookstaender-fuer-10-bis-15-6-zoll-grosse-laptops-laptophalterung-laptop-staen\/","og_locale":"de_DE","og_type":"article","og_title":"good2have - Black Beauty - DEUTSCH - Laptopst\u00e4nder aus Aluminium - EXTRA LANGLEBIG durch mitgelieferten Schraubschl\u00fcssel\u2026 - Markt-XXL","og_description":"Markt-XXL good2have - Black Beauty - DEUTSCH - Laptopst\u00e4nder aus Aluminium - EXTRA LANGLEBIG durch mitgelieferten Schraubschl\u00fcssel\u2026","og_url":"https:\/\/marktxxl.de\/markt\/produkt\/good2have-black-beauty-laptopstaender-aus-aluminium-fuer-komfortables-gesundes-arbeiten-surfen-notebookstaender-fuer-10-bis-15-6-zoll-grosse-laptops-laptophalterung-laptop-staen\/","og_site_name":"Markt-XXL","article_modified_time":"2023-04-10T01:56:21+00:00","og_image":[{"width":500,"height":500,"url":"https:\/\/m.media-amazon.com\/images\/I\/31rW5rqVa9L._SL500_.jpg","type":"image\/jpeg"}],"twitter_card":"summary_large_image","twitter_misc":{"Gesch\u00e4tzte Lesezeit":"1\u00a0Minute"},"schema":{"@context":"https:\/\/schema.org","@graph":[{"@type":"WebPage","@id":"https:\/\/marktxxl.de\/markt\/produkt\/good2have-black-beauty-laptopstaender-aus-aluminium-fuer-komfortables-gesundes-arbeiten-surfen-notebookstaender-fuer-10-bis-15-6-zoll-grosse-laptops-laptophalterung-laptop-staen\/","url":"https:\/\/marktxxl.de\/markt\/produkt\/good2have-black-beauty-laptopstaender-aus-aluminium-fuer-komfortables-gesundes-arbeiten-surfen-notebookstaender-fuer-10-bis-15-6-zoll-grosse-laptops-laptophalterung-laptop-staen\/","name":"good2have - Black Beauty - DEUTSCH - Laptopst\u00e4nder aus Aluminium - EXTRA LANGLEBIG durch mitgelieferten Schraubschl\u00fcssel\u2026 - Markt-XXL","isPartOf":{"@id":"https:\/\/marktxxl.de\/markt\/#website"},"primaryImageOfPage":{"@id":"https:\/\/marktxxl.de\/markt\/produkt\/good2have-black-beauty-laptopstaender-aus-aluminium-fuer-komfortables-gesundes-arbeiten-surfen-notebookstaender-fuer-10-bis-15-6-zoll-grosse-laptops-laptophalterung-laptop-staen\/#primaryimage"},"image":{"@id":"https:\/\/marktxxl.de\/markt\/produkt\/good2have-black-beauty-laptopstaender-aus-aluminium-fuer-komfortables-gesundes-arbeiten-surfen-notebookstaender-fuer-10-bis-15-6-zoll-grosse-laptops-laptophalterung-laptop-staen\/#primaryimage"},"thumbnailUrl":"https:\/\/m.media-amazon.com\/images\/I\/31rW5rqVa9L._SL500_.jpg","datePublished":"2022-05-15T06:19:30+00:00","dateModified":"2023-04-10T01:56:21+00:00","description":"Markt-XXL good2have - Black Beauty - DEUTSCH - Laptopst\u00e4nder aus Aluminium - EXTRA LANGLEBIG durch mitgelieferten Schraubschl\u00fcssel\u2026","breadcrumb":{"@id":"https:\/\/marktxxl.de\/markt\/produkt\/good2have-black-beauty-laptopstaender-aus-aluminium-fuer-komfortables-gesundes-arbeiten-surfen-notebookstaender-fuer-10-bis-15-6-zoll-grosse-laptops-laptophalterung-laptop-staen\/#breadcrumb"},"inLanguage":"de","potentialAction":[{"@type":"ReadAction","target":["https:\/\/marktxxl.de\/markt\/produkt\/good2have-black-beauty-laptopstaender-aus-aluminium-fuer-komfortables-gesundes-arbeiten-surfen-notebookstaender-fuer-10-bis-15-6-zoll-grosse-laptops-laptophalterung-laptop-staen\/"]}]},{"@type":"ImageObject","inLanguage":"de","@id":"https:\/\/marktxxl.de\/markt\/produkt\/good2have-black-beauty-laptopstaender-aus-aluminium-fuer-komfortables-gesundes-arbeiten-surfen-notebookstaender-fuer-10-bis-15-6-zoll-grosse-laptops-laptophalterung-laptop-staen\/#primaryimage","url":"https:\/\/m.media-amazon.com\/images\/I\/31rW5rqVa9L._SL500_.jpg","contentUrl":"https:\/\/m.media-amazon.com\/images\/I\/31rW5rqVa9L._SL500_.jpg","width":500,"height":500},{"@type":"BreadcrumbList","@id":"https:\/\/marktxxl.de\/markt\/produkt\/good2have-black-beauty-laptopstaender-aus-aluminium-fuer-komfortables-gesundes-arbeiten-surfen-notebookstaender-fuer-10-bis-15-6-zoll-grosse-laptops-laptophalterung-laptop-staen\/#breadcrumb","itemListElement":[{"@type":"ListItem","position":1,"name":"Startseite","item":"https:\/\/marktxxl.de\/markt\/"},{"@type":"ListItem","position":2,"name":"Markt","item":"https:\/\/marktxxl.de\/markt\/"},{"@type":"ListItem","position":3,"name":"good2have &#8211; Black Beauty &#8211; DEUTSCH &#8211; Laptopst\u00e4nder aus Aluminium &#8211; EXTRA LANGLEBIG durch mitgelieferten Schraubschl\u00fcssel\u2026"}]},{"@type":"WebSite","@id":"https:\/\/marktxxl.de\/markt\/#website","url":"https:\/\/marktxxl.de\/markt\/","name":"Markt-XXL","description":"Ihr Markt Online","publisher":{"@id":"https:\/\/marktxxl.de\/markt\/#organization"},"potentialAction":[{"@type":"SearchAction","target":{"@type":"EntryPoint","urlTemplate":"https:\/\/marktxxl.de\/markt\/?s={search_term_string}"},"query-input":{"@type":"PropertyValueSpecification","valueRequired":true,"valueName":"search_term_string"}}],"inLanguage":"de"},{"@type":"Organization","@id":"https:\/\/marktxxl.de\/markt\/#organization","name":"Markt-XXL","url":"https:\/\/marktxxl.de\/markt\/","logo":{"@type":"ImageObject","inLanguage":"de","@id":"https:\/\/marktxxl.de\/markt\/#\/schema\/logo\/image\/","url":"https:\/\/marktxxl.de\/markt\/wp-content\/uploads\/sites\/3\/2020\/12\/logo.png","contentUrl":"https:\/\/marktxxl.de\/markt\/wp-content\/uploads\/sites\/3\/2020\/12\/logo.png","width":200,"height":70,"caption":"Markt-XXL"},"image":{"@id":"https:\/\/marktxxl.de\/markt\/#\/schema\/logo\/image\/"}}]}},"_links":{"self":[{"href":"https:\/\/marktxxl.de\/markt\/wp-json\/wp\/v2\/product\/121942","targetHints":{"allow":["GET"]}}],"collection":[{"href":"https:\/\/marktxxl.de\/markt\/wp-json\/wp\/v2\/product"}],"about":[{"href":"https:\/\/marktxxl.de\/markt\/wp-json\/wp\/v2\/types\/product"}],"replies":[{"embeddable":true,"href":"https:\/\/marktxxl.de\/markt\/wp-json\/wp\/v2\/comments?post=121942"}],"wp:featuredmedia":[{"embeddable":true,"href":"https:\/\/marktxxl.de\/markt\/wp-json\/wp\/v2\/media\/121943"}],"wp:attachment":[{"href":"https:\/\/marktxxl.de\/markt\/wp-json\/wp\/v2\/media?parent=121942"}],"wp:term":[{"taxonomy":"product_brand","embeddable":true,"href":"https:\/\/marktxxl.de\/markt\/wp-json\/wp\/v2\/product_brand?post=121942"},{"taxonomy":"product_cat","embeddable":true,"href":"https:\/\/marktxxl.de\/markt\/wp-json\/wp\/v2\/product_cat?post=121942"},{"taxonomy":"product_tag","embeddable":true,"href":"https:\/\/marktxxl.de\/markt\/wp-json\/wp\/v2\/product_tag?post=121942"}],"curies":[{"name":"wp","href":"https:\/\/api.w.org\/{rel}","templated":true}]}}