{"id":121897,"date":"2022-05-15T08:16:52","date_gmt":"2022-05-15T06:16:52","guid":{"rendered":"https:\/\/marktxxl.de\/markt\/produkt\/intel-i7-4770-8-thread-3-90-ghz-business-office-multimedia-computer-mit-3-jahren-garantie-i7-4770-8-threads-3-8-ghz-16gb-ddr3-512-gb-ssd-dvd%c2%b1rw-usb3-windows-11-prof-64-bit-6970\/"},"modified":"2023-04-10T03:56:21","modified_gmt":"2023-04-10T01:56:21","slug":"intel-i7-4770-8-thread-3-90-ghz-business-office-multimedia-computer-mit-3-jahren-garantie-i7-4770-8-threads-3-8-ghz-16gb-ddr3-512-gb-ssd-dvd%c2%b1rw-usb3-windows-11-prof-64-bit-6970","status":"publish","type":"product","link":"https:\/\/marktxxl.de\/markt\/produkt\/intel-i7-4770-8-thread-3-90-ghz-business-office-multimedia-computer-mit-3-jahren-garantie-i7-4770-8-threads-3-8-ghz-16gb-ddr3-512-gb-ssd-dvd%c2%b1rw-usb3-windows-11-prof-64-bit-6970\/","title":{"rendered":"Intel i7 4770 8-Thread 3.90 GHz Business Office Multimedia Computer mit 3 Jahren Garantie! | i7 4770 8-Threads, 3.8 GHz\u2026"},"content":{"rendered":"<p>Hinweis: Neues Ger\u00e4t mit teilweise leichten Kratzern auf der Oberseite bedingt durch die Lagerung ohne Karton (Ger\u00e4t wird vor Transport nat\u00fcrlich verpackt). Keine Kratzer an der Front oder \u00e4hnliches, wirklich nur leichte kosmetische Kratzer auf der Oberseite, teilweise auch gar keine Kratzer. Volle 3 Jahre Garantie!<br \/>\nDas Ger\u00e4t ist mit einem sehr schnellen i7 4770 Prozessor sowie schnellen 16 GB DDR3 Markenarbeitsspeicher ausgestattet, die mehr als genug Leistung f\u00fcr rechenintensive Anwendungen, Multitasking und Multimedia bereitstellen. Die gro\u00dfe 512 GB SSD ist ideal um all ihre Daten zu speichern. Der schnelle DVD-Brenner liest und brennt zuverl\u00e4ssig alles auf CD oder DVD.<br \/>\nArbeiten Sie in Ruhe, ohne st\u00f6rende L\u00fcfter-Ger\u00e4usche! Das Ger\u00e4t verf\u00fcgt \u00fcber ein Silent Netzteil und einen geregelten, leisen CPU K\u00fchler.<br \/>\nDer PC wird mit Betriebssystem geliefert, Microsoft Windows 11 Professional 64Bit ist inkl. aller Treiber fertig installiert. Um Viren und andere Sch\u00e4dlinge zuverl\u00e4ssig abzuwehren ist die neueste GDATA Internet Security installiert inkl. einem halben Jahr Updates. Au\u00dferdem ist MS Office 2010 Starter (Word 2010 und Excel 2010 ) als Vollversion enthalten<br \/>\nshinobee gew\u00e4hrt auf dieses Ger\u00e4t 36 Monate Herstellergarantie !<br \/>\n<div class=\"main-cross-sell\" data-asin=\"B09ZJ4SP68\">\n\n\t<div class=\"WooZone-cross-sell-loader\">\n\t\t<div>\n\t\t\t<div id=\"floatingBarsG\">\n\t\t\t\t<div class=\"blockG\" id=\"rotateG_01\"><\/div>\n\t\t\t\t<div class=\"blockG\" id=\"rotateG_02\"><\/div>\n\t\t\t\t<div class=\"blockG\" id=\"rotateG_03\"><\/div>\n\t\t\t\t<div class=\"blockG\" id=\"rotateG_04\"><\/div>\n\t\t\t\t<div class=\"blockG\" id=\"rotateG_05\"><\/div>\n\t\t\t\t<div class=\"blockG\" id=\"rotateG_06\"><\/div>\n\t\t\t\t<div class=\"blockG\" id=\"rotateG_07\"><\/div>\n\t\t\t\t<div class=\"blockG\" id=\"rotateG_08\"><\/div>\n\t\t\t<\/div>\n\t\t\t<div class=\"WooZone-cross-sell-loader-text\"><\/div>\n\t\t<\/div>\n\t<\/div>\n\n\t\t\n<\/div>\n<div style=\"clear:both;\"><\/div><\/p>\n","protected":false},"excerpt":{"rendered":"<p>Hinweis: Neues Ger\u00e4t mit teilweise leichten Kratzern auf der Oberseite bedingt durch die Lagerung ohne Karton (Ger\u00e4t wird vor Transport nat\u00fcrlich verpackt). Keine Kratzer an der Front oder \u00e4hnliches, wirklich nur leichte kosmetische Kratzer auf der Oberseite, teilweise auch gar keine Kratzer. Volle 3 Jahre Garantie!<br \/>\nDas Ger\u00e4t ist mit einem sehr schnellen i7 4770 Prozessor sowie schnellen 16 GB DDR3 Markenarbeitsspeicher ausgestattet, die mehr als genug Leistung f\u00fcr rechenintensive Anwendungen, Multitasking und Multimedia bereitstellen. Die gro\u00dfe 512 GB SSD ist ideal um all ihre Daten zu speichern. Der schnelle DVD-Brenner liest und brennt zuverl\u00e4ssig alles auf CD oder DVD.<br \/>\nArbeiten Sie in Ruhe, ohne st\u00f6rende L\u00fcfter-Ger\u00e4usche! Das Ger\u00e4t verf\u00fcgt \u00fcber ein Silent Netzteil und einen geregelten, leisen CPU K\u00fchler.<\/p>\n","protected":false},"featured_media":121898,"comment_status":"open","ping_status":"closed","template":"","meta":[],"product_brand":[],"product_cat":[863],"product_tag":[],"class_list":{"0":"post-121897","1":"product","2":"type-product","3":"status-publish","4":"has-post-thumbnail","6":"product_cat-computer-zubehoer","7":"pa_binding-personal-computers","8":"pa_brand-shinobee","9":"pa_height-16-929133841-zoll","10":"pa_length-15-74803148-zoll","11":"pa_manufacturer-shinobee","12":"pa_model-35445","13":"pa_weight-17-63698096-pfund","14":"pa_width-6-692913379-zoll","16":"first","17":"instock","18":"shipping-taxable","19":"purchasable","20":"product-type-simple","21":"customify-col","22":"product-has-gallery"},"yoast_head":"<!-- This site is optimized with the Yoast SEO plugin v27.4 - https:\/\/yoast.com\/product\/yoast-seo-wordpress\/ -->\n<title>Intel i7 4770 8-Thread 3.90 GHz Business Office Multimedia Computer mit 3 Jahren Garantie! | i7 4770 8-Threads, 3.8 GHz\u2026 - Markt-XXL<\/title>\n<meta name=\"description\" content=\"Markt-XXL Intel i7 4770 8-Thread 3.90 GHz Business Office Multimedia Computer mit 3 Jahren Garantie! | i7 4770 8-Threads, 3.8 GHz\u2026\" \/>\n<meta name=\"robots\" content=\"index, follow, max-snippet:-1, max-image-preview:large, max-video-preview:-1\" \/>\n<link rel=\"canonical\" href=\"https:\/\/marktxxl.de\/markt\/produkt\/intel-i7-4770-8-thread-3-90-ghz-business-office-multimedia-computer-mit-3-jahren-garantie-i7-4770-8-threads-3-8-ghz-16gb-ddr3-512-gb-ssd-dvd\u00b1rw-usb3-windows-11-prof-64-bit-6970\/\" \/>\n<meta property=\"og:locale\" content=\"de_DE\" \/>\n<meta property=\"og:type\" content=\"article\" \/>\n<meta property=\"og:title\" content=\"Intel i7 4770 8-Thread 3.90 GHz Business Office Multimedia Computer mit 3 Jahren Garantie! | i7 4770 8-Threads, 3.8 GHz\u2026 - Markt-XXL\" \/>\n<meta property=\"og:description\" content=\"Markt-XXL Intel i7 4770 8-Thread 3.90 GHz Business Office Multimedia Computer mit 3 Jahren Garantie! | i7 4770 8-Threads, 3.8 GHz\u2026\" \/>\n<meta property=\"og:url\" content=\"https:\/\/marktxxl.de\/markt\/produkt\/intel-i7-4770-8-thread-3-90-ghz-business-office-multimedia-computer-mit-3-jahren-garantie-i7-4770-8-threads-3-8-ghz-16gb-ddr3-512-gb-ssd-dvd\u00b1rw-usb3-windows-11-prof-64-bit-6970\/\" \/>\n<meta property=\"og:site_name\" content=\"Markt-XXL\" \/>\n<meta property=\"article:modified_time\" content=\"2023-04-10T01:56:21+00:00\" \/>\n<meta property=\"og:image\" content=\"https:\/\/m.media-amazon.com\/images\/I\/61rUk+ZB1IL._SL500_.jpg\" \/>\n\t<meta property=\"og:image:width\" content=\"312\" \/>\n\t<meta property=\"og:image:height\" content=\"500\" \/>\n\t<meta property=\"og:image:type\" content=\"image\/jpeg\" \/>\n<meta name=\"twitter:card\" content=\"summary_large_image\" \/>\n<meta name=\"twitter:label1\" content=\"Gesch\u00e4tzte Lesezeit\" \/>\n\t<meta name=\"twitter:data1\" content=\"1\u00a0Minute\" \/>\n<script type=\"application\/ld+json\" class=\"yoast-schema-graph\">{\"@context\":\"https:\\\/\\\/schema.org\",\"@graph\":[{\"@type\":\"WebPage\",\"@id\":\"https:\\\/\\\/marktxxl.de\\\/markt\\\/produkt\\\/intel-i7-4770-8-thread-3-90-ghz-business-office-multimedia-computer-mit-3-jahren-garantie-i7-4770-8-threads-3-8-ghz-16gb-ddr3-512-gb-ssd-dvd%c2%b1rw-usb3-windows-11-prof-64-bit-6970\\\/\",\"url\":\"https:\\\/\\\/marktxxl.de\\\/markt\\\/produkt\\\/intel-i7-4770-8-thread-3-90-ghz-business-office-multimedia-computer-mit-3-jahren-garantie-i7-4770-8-threads-3-8-ghz-16gb-ddr3-512-gb-ssd-dvd%c2%b1rw-usb3-windows-11-prof-64-bit-6970\\\/\",\"name\":\"Intel i7 4770 8-Thread 3.90 GHz Business Office Multimedia Computer mit 3 Jahren Garantie! | i7 4770 8-Threads, 3.8 GHz\u2026 - Markt-XXL\",\"isPartOf\":{\"@id\":\"https:\\\/\\\/marktxxl.de\\\/markt\\\/#website\"},\"primaryImageOfPage\":{\"@id\":\"https:\\\/\\\/marktxxl.de\\\/markt\\\/produkt\\\/intel-i7-4770-8-thread-3-90-ghz-business-office-multimedia-computer-mit-3-jahren-garantie-i7-4770-8-threads-3-8-ghz-16gb-ddr3-512-gb-ssd-dvd%c2%b1rw-usb3-windows-11-prof-64-bit-6970\\\/#primaryimage\"},\"image\":{\"@id\":\"https:\\\/\\\/marktxxl.de\\\/markt\\\/produkt\\\/intel-i7-4770-8-thread-3-90-ghz-business-office-multimedia-computer-mit-3-jahren-garantie-i7-4770-8-threads-3-8-ghz-16gb-ddr3-512-gb-ssd-dvd%c2%b1rw-usb3-windows-11-prof-64-bit-6970\\\/#primaryimage\"},\"thumbnailUrl\":\"https:\\\/\\\/m.media-amazon.com\\\/images\\\/I\\\/61rUk+ZB1IL._SL500_.jpg\",\"datePublished\":\"2022-05-15T06:16:52+00:00\",\"dateModified\":\"2023-04-10T01:56:21+00:00\",\"description\":\"Markt-XXL Intel i7 4770 8-Thread 3.90 GHz Business Office Multimedia Computer mit 3 Jahren Garantie! | i7 4770 8-Threads, 3.8 GHz\u2026\",\"breadcrumb\":{\"@id\":\"https:\\\/\\\/marktxxl.de\\\/markt\\\/produkt\\\/intel-i7-4770-8-thread-3-90-ghz-business-office-multimedia-computer-mit-3-jahren-garantie-i7-4770-8-threads-3-8-ghz-16gb-ddr3-512-gb-ssd-dvd%c2%b1rw-usb3-windows-11-prof-64-bit-6970\\\/#breadcrumb\"},\"inLanguage\":\"de\",\"potentialAction\":[{\"@type\":\"ReadAction\",\"target\":[\"https:\\\/\\\/marktxxl.de\\\/markt\\\/produkt\\\/intel-i7-4770-8-thread-3-90-ghz-business-office-multimedia-computer-mit-3-jahren-garantie-i7-4770-8-threads-3-8-ghz-16gb-ddr3-512-gb-ssd-dvd%c2%b1rw-usb3-windows-11-prof-64-bit-6970\\\/\"]}]},{\"@type\":\"ImageObject\",\"inLanguage\":\"de\",\"@id\":\"https:\\\/\\\/marktxxl.de\\\/markt\\\/produkt\\\/intel-i7-4770-8-thread-3-90-ghz-business-office-multimedia-computer-mit-3-jahren-garantie-i7-4770-8-threads-3-8-ghz-16gb-ddr3-512-gb-ssd-dvd%c2%b1rw-usb3-windows-11-prof-64-bit-6970\\\/#primaryimage\",\"url\":\"https:\\\/\\\/m.media-amazon.com\\\/images\\\/I\\\/61rUk+ZB1IL._SL500_.jpg\",\"contentUrl\":\"https:\\\/\\\/m.media-amazon.com\\\/images\\\/I\\\/61rUk+ZB1IL._SL500_.jpg\",\"width\":312,\"height\":500},{\"@type\":\"BreadcrumbList\",\"@id\":\"https:\\\/\\\/marktxxl.de\\\/markt\\\/produkt\\\/intel-i7-4770-8-thread-3-90-ghz-business-office-multimedia-computer-mit-3-jahren-garantie-i7-4770-8-threads-3-8-ghz-16gb-ddr3-512-gb-ssd-dvd%c2%b1rw-usb3-windows-11-prof-64-bit-6970\\\/#breadcrumb\",\"itemListElement\":[{\"@type\":\"ListItem\",\"position\":1,\"name\":\"Startseite\",\"item\":\"https:\\\/\\\/marktxxl.de\\\/markt\\\/\"},{\"@type\":\"ListItem\",\"position\":2,\"name\":\"Markt\",\"item\":\"https:\\\/\\\/marktxxl.de\\\/markt\\\/\"},{\"@type\":\"ListItem\",\"position\":3,\"name\":\"Intel i7 4770 8-Thread 3.90 GHz Business Office Multimedia Computer mit 3 Jahren Garantie! | i7 4770 8-Threads, 3.8 GHz\u2026\"}]},{\"@type\":\"WebSite\",\"@id\":\"https:\\\/\\\/marktxxl.de\\\/markt\\\/#website\",\"url\":\"https:\\\/\\\/marktxxl.de\\\/markt\\\/\",\"name\":\"Markt-XXL\",\"description\":\"Ihr Markt Online\",\"publisher\":{\"@id\":\"https:\\\/\\\/marktxxl.de\\\/markt\\\/#organization\"},\"potentialAction\":[{\"@type\":\"SearchAction\",\"target\":{\"@type\":\"EntryPoint\",\"urlTemplate\":\"https:\\\/\\\/marktxxl.de\\\/markt\\\/?s={search_term_string}\"},\"query-input\":{\"@type\":\"PropertyValueSpecification\",\"valueRequired\":true,\"valueName\":\"search_term_string\"}}],\"inLanguage\":\"de\"},{\"@type\":\"Organization\",\"@id\":\"https:\\\/\\\/marktxxl.de\\\/markt\\\/#organization\",\"name\":\"Markt-XXL\",\"url\":\"https:\\\/\\\/marktxxl.de\\\/markt\\\/\",\"logo\":{\"@type\":\"ImageObject\",\"inLanguage\":\"de\",\"@id\":\"https:\\\/\\\/marktxxl.de\\\/markt\\\/#\\\/schema\\\/logo\\\/image\\\/\",\"url\":\"https:\\\/\\\/marktxxl.de\\\/markt\\\/wp-content\\\/uploads\\\/sites\\\/3\\\/2020\\\/12\\\/logo.png\",\"contentUrl\":\"https:\\\/\\\/marktxxl.de\\\/markt\\\/wp-content\\\/uploads\\\/sites\\\/3\\\/2020\\\/12\\\/logo.png\",\"width\":200,\"height\":70,\"caption\":\"Markt-XXL\"},\"image\":{\"@id\":\"https:\\\/\\\/marktxxl.de\\\/markt\\\/#\\\/schema\\\/logo\\\/image\\\/\"}}]}<\/script>\n<!-- \/ Yoast SEO plugin. -->","yoast_head_json":{"title":"Intel i7 4770 8-Thread 3.90 GHz Business Office Multimedia Computer mit 3 Jahren Garantie! | i7 4770 8-Threads, 3.8 GHz\u2026 - Markt-XXL","description":"Markt-XXL Intel i7 4770 8-Thread 3.90 GHz Business Office Multimedia Computer mit 3 Jahren Garantie! | i7 4770 8-Threads, 3.8 GHz\u2026","robots":{"index":"index","follow":"follow","max-snippet":"max-snippet:-1","max-image-preview":"max-image-preview:large","max-video-preview":"max-video-preview:-1"},"canonical":"https:\/\/marktxxl.de\/markt\/produkt\/intel-i7-4770-8-thread-3-90-ghz-business-office-multimedia-computer-mit-3-jahren-garantie-i7-4770-8-threads-3-8-ghz-16gb-ddr3-512-gb-ssd-dvd\u00b1rw-usb3-windows-11-prof-64-bit-6970\/","og_locale":"de_DE","og_type":"article","og_title":"Intel i7 4770 8-Thread 3.90 GHz Business Office Multimedia Computer mit 3 Jahren Garantie! | i7 4770 8-Threads, 3.8 GHz\u2026 - Markt-XXL","og_description":"Markt-XXL Intel i7 4770 8-Thread 3.90 GHz Business Office Multimedia Computer mit 3 Jahren Garantie! | i7 4770 8-Threads, 3.8 GHz\u2026","og_url":"https:\/\/marktxxl.de\/markt\/produkt\/intel-i7-4770-8-thread-3-90-ghz-business-office-multimedia-computer-mit-3-jahren-garantie-i7-4770-8-threads-3-8-ghz-16gb-ddr3-512-gb-ssd-dvd\u00b1rw-usb3-windows-11-prof-64-bit-6970\/","og_site_name":"Markt-XXL","article_modified_time":"2023-04-10T01:56:21+00:00","og_image":[{"width":312,"height":500,"url":"https:\/\/m.media-amazon.com\/images\/I\/61rUk+ZB1IL._SL500_.jpg","type":"image\/jpeg"}],"twitter_card":"summary_large_image","twitter_misc":{"Gesch\u00e4tzte Lesezeit":"1\u00a0Minute"},"schema":{"@context":"https:\/\/schema.org","@graph":[{"@type":"WebPage","@id":"https:\/\/marktxxl.de\/markt\/produkt\/intel-i7-4770-8-thread-3-90-ghz-business-office-multimedia-computer-mit-3-jahren-garantie-i7-4770-8-threads-3-8-ghz-16gb-ddr3-512-gb-ssd-dvd%c2%b1rw-usb3-windows-11-prof-64-bit-6970\/","url":"https:\/\/marktxxl.de\/markt\/produkt\/intel-i7-4770-8-thread-3-90-ghz-business-office-multimedia-computer-mit-3-jahren-garantie-i7-4770-8-threads-3-8-ghz-16gb-ddr3-512-gb-ssd-dvd%c2%b1rw-usb3-windows-11-prof-64-bit-6970\/","name":"Intel i7 4770 8-Thread 3.90 GHz Business Office Multimedia Computer mit 3 Jahren Garantie! | i7 4770 8-Threads, 3.8 GHz\u2026 - Markt-XXL","isPartOf":{"@id":"https:\/\/marktxxl.de\/markt\/#website"},"primaryImageOfPage":{"@id":"https:\/\/marktxxl.de\/markt\/produkt\/intel-i7-4770-8-thread-3-90-ghz-business-office-multimedia-computer-mit-3-jahren-garantie-i7-4770-8-threads-3-8-ghz-16gb-ddr3-512-gb-ssd-dvd%c2%b1rw-usb3-windows-11-prof-64-bit-6970\/#primaryimage"},"image":{"@id":"https:\/\/marktxxl.de\/markt\/produkt\/intel-i7-4770-8-thread-3-90-ghz-business-office-multimedia-computer-mit-3-jahren-garantie-i7-4770-8-threads-3-8-ghz-16gb-ddr3-512-gb-ssd-dvd%c2%b1rw-usb3-windows-11-prof-64-bit-6970\/#primaryimage"},"thumbnailUrl":"https:\/\/m.media-amazon.com\/images\/I\/61rUk+ZB1IL._SL500_.jpg","datePublished":"2022-05-15T06:16:52+00:00","dateModified":"2023-04-10T01:56:21+00:00","description":"Markt-XXL Intel i7 4770 8-Thread 3.90 GHz Business Office Multimedia Computer mit 3 Jahren Garantie! | i7 4770 8-Threads, 3.8 GHz\u2026","breadcrumb":{"@id":"https:\/\/marktxxl.de\/markt\/produkt\/intel-i7-4770-8-thread-3-90-ghz-business-office-multimedia-computer-mit-3-jahren-garantie-i7-4770-8-threads-3-8-ghz-16gb-ddr3-512-gb-ssd-dvd%c2%b1rw-usb3-windows-11-prof-64-bit-6970\/#breadcrumb"},"inLanguage":"de","potentialAction":[{"@type":"ReadAction","target":["https:\/\/marktxxl.de\/markt\/produkt\/intel-i7-4770-8-thread-3-90-ghz-business-office-multimedia-computer-mit-3-jahren-garantie-i7-4770-8-threads-3-8-ghz-16gb-ddr3-512-gb-ssd-dvd%c2%b1rw-usb3-windows-11-prof-64-bit-6970\/"]}]},{"@type":"ImageObject","inLanguage":"de","@id":"https:\/\/marktxxl.de\/markt\/produkt\/intel-i7-4770-8-thread-3-90-ghz-business-office-multimedia-computer-mit-3-jahren-garantie-i7-4770-8-threads-3-8-ghz-16gb-ddr3-512-gb-ssd-dvd%c2%b1rw-usb3-windows-11-prof-64-bit-6970\/#primaryimage","url":"https:\/\/m.media-amazon.com\/images\/I\/61rUk+ZB1IL._SL500_.jpg","contentUrl":"https:\/\/m.media-amazon.com\/images\/I\/61rUk+ZB1IL._SL500_.jpg","width":312,"height":500},{"@type":"BreadcrumbList","@id":"https:\/\/marktxxl.de\/markt\/produkt\/intel-i7-4770-8-thread-3-90-ghz-business-office-multimedia-computer-mit-3-jahren-garantie-i7-4770-8-threads-3-8-ghz-16gb-ddr3-512-gb-ssd-dvd%c2%b1rw-usb3-windows-11-prof-64-bit-6970\/#breadcrumb","itemListElement":[{"@type":"ListItem","position":1,"name":"Startseite","item":"https:\/\/marktxxl.de\/markt\/"},{"@type":"ListItem","position":2,"name":"Markt","item":"https:\/\/marktxxl.de\/markt\/"},{"@type":"ListItem","position":3,"name":"Intel i7 4770 8-Thread 3.90 GHz Business Office Multimedia Computer mit 3 Jahren Garantie! | i7 4770 8-Threads, 3.8 GHz\u2026"}]},{"@type":"WebSite","@id":"https:\/\/marktxxl.de\/markt\/#website","url":"https:\/\/marktxxl.de\/markt\/","name":"Markt-XXL","description":"Ihr Markt Online","publisher":{"@id":"https:\/\/marktxxl.de\/markt\/#organization"},"potentialAction":[{"@type":"SearchAction","target":{"@type":"EntryPoint","urlTemplate":"https:\/\/marktxxl.de\/markt\/?s={search_term_string}"},"query-input":{"@type":"PropertyValueSpecification","valueRequired":true,"valueName":"search_term_string"}}],"inLanguage":"de"},{"@type":"Organization","@id":"https:\/\/marktxxl.de\/markt\/#organization","name":"Markt-XXL","url":"https:\/\/marktxxl.de\/markt\/","logo":{"@type":"ImageObject","inLanguage":"de","@id":"https:\/\/marktxxl.de\/markt\/#\/schema\/logo\/image\/","url":"https:\/\/marktxxl.de\/markt\/wp-content\/uploads\/sites\/3\/2020\/12\/logo.png","contentUrl":"https:\/\/marktxxl.de\/markt\/wp-content\/uploads\/sites\/3\/2020\/12\/logo.png","width":200,"height":70,"caption":"Markt-XXL"},"image":{"@id":"https:\/\/marktxxl.de\/markt\/#\/schema\/logo\/image\/"}}]}},"_links":{"self":[{"href":"https:\/\/marktxxl.de\/markt\/wp-json\/wp\/v2\/product\/121897","targetHints":{"allow":["GET"]}}],"collection":[{"href":"https:\/\/marktxxl.de\/markt\/wp-json\/wp\/v2\/product"}],"about":[{"href":"https:\/\/marktxxl.de\/markt\/wp-json\/wp\/v2\/types\/product"}],"replies":[{"embeddable":true,"href":"https:\/\/marktxxl.de\/markt\/wp-json\/wp\/v2\/comments?post=121897"}],"wp:featuredmedia":[{"embeddable":true,"href":"https:\/\/marktxxl.de\/markt\/wp-json\/wp\/v2\/media\/121898"}],"wp:attachment":[{"href":"https:\/\/marktxxl.de\/markt\/wp-json\/wp\/v2\/media?parent=121897"}],"wp:term":[{"taxonomy":"product_brand","embeddable":true,"href":"https:\/\/marktxxl.de\/markt\/wp-json\/wp\/v2\/product_brand?post=121897"},{"taxonomy":"product_cat","embeddable":true,"href":"https:\/\/marktxxl.de\/markt\/wp-json\/wp\/v2\/product_cat?post=121897"},{"taxonomy":"product_tag","embeddable":true,"href":"https:\/\/marktxxl.de\/markt\/wp-json\/wp\/v2\/product_tag?post=121897"}],"curies":[{"name":"wp","href":"https:\/\/api.w.org\/{rel}","templated":true}]}}