{"id":121873,"date":"2022-05-15T08:16:30","date_gmt":"2022-05-15T06:16:30","guid":{"rendered":"https:\/\/marktxxl.de\/markt\/produkt\/micro-usb-kabel-micro-usb-ladekabel-schnellladekabel-android-handy-ladekabel-fuer-samsung-galaxy-s7-s6-j7-note-5huawei-wikonexusnokiakindleecho-dot-1m\/"},"modified":"2023-04-10T03:56:21","modified_gmt":"2023-04-10T01:56:21","slug":"micro-usb-kabel-micro-usb-ladekabel-schnellladekabel-android-handy-ladekabel-fuer-samsung-galaxy-s7-s6-j7-note-5huawei-wikonexusnokiakindleecho-dot-1m","status":"publish","type":"product","link":"https:\/\/marktxxl.de\/markt\/produkt\/micro-usb-kabel-micro-usb-ladekabel-schnellladekabel-android-handy-ladekabel-fuer-samsung-galaxy-s7-s6-j7-note-5huawei-wikonexusnokiakindleecho-dot-1m\/","title":{"rendered":"Micro USB Kabel Micro USB Ladekabel Schnellladekabel Android Handy Ladekabel f\u00fcr Samsung Galaxy S7\/ S6\/ J7\/ Note 5\u2026"},"content":{"rendered":"<p>\u3010Einzigartige Farbe Micro USB Kabel \u3011Einzigartige modische Farben sorgen f\u00fcr schnelles Aufladen und f\u00fchren gleichzeitig den Modetrend an<br \/>\n\u3010 Breite Micro USB Kompatibilit\u00e4t \u3011: Android Ladekabel f\u00fcr Smartphones, Tablets und andere Ger\u00e4te mit Micro-USB-Anschl\u00fcssen wie Samsung Galaxy S7 Edge S6 S5 S3 J3 J5 J6 J7 A6 A7 A10, Samsung Note 5\/4\/3, Samsung Tab A 8.0\/Tab A 10.1 (2016)\/Tab A 9.1. 7\/Tab A 7 .0\/Tab E 9.6\/Tab E 8.0\/Tab S2 8.0\/Tab S2 9.7\/Tab 4, Huawei P Smart, LG, HTC, Nexus, Sony, Xbox One, PS4 Controller und mehr. (Wichtige Hinweise: Dies ist ein USB 2.0 A-Stecker auf Micro Kabel, nicht kompatibel mit iPhone oder USB Typ C )<br \/>\n\u3010Schnelles Laden und Synchronisieren\u3011: Dieses Samsung Ladeger\u00e4t unterst\u00fctzt die Geschwindigkeit durch 5 V\/2,4 A sicheren Ladestrom und 480 Mbps Daten\u00fcbertragungsrate im Vergleich zu anderen USB Kabel. Genie\u00dfen Sie das schnelle Aufladen durch die Verwendung des Original Wandladeger\u00e4ts.<br \/>\n\u3010Starkes Nylon geflochtenes Ladekabel\u3011: Mit dem Schutz der strapazierf\u00e4higen Nylon-geflochtenen Ummantelung haben unsere USB Micro Kabel \u00fcber 10000 Biegungen und sind auch frei von Kabelsalat. Das erweiterte Design des Kabelenden bietet einen besseren Schutz vor Bruch \u00fcber die Jahre der Nutzung. Dar\u00fcber hinaus bietet das Premium-Geh\u00e4use aus Aluminiumlegierung nicht nur einen besseren Schutz, sondern verleiht ihm auch einen modischen Look.<br \/>\n\u30103D Aluminiumlegierungsstecker\u3011:Mit verbessertem 3D Aluminium Stecker und exklusiver Laserschwei\u00dftechnologie, die sicherstellt, dass der Metallteil dieses Micro USB Ladekabel nicht abbricht und auch eine st\u00e4rkere Verbindung hat, die auch mit einer Schutzh\u00fclle gut passt und nie eine lose Verbindung hat.<br \/>\n<div class=\"main-cross-sell\" data-asin=\"B09P199MQL\">\n\n\t<div class=\"WooZone-cross-sell-loader\">\n\t\t<div>\n\t\t\t<div id=\"floatingBarsG\">\n\t\t\t\t<div class=\"blockG\" id=\"rotateG_01\"><\/div>\n\t\t\t\t<div class=\"blockG\" id=\"rotateG_02\"><\/div>\n\t\t\t\t<div class=\"blockG\" id=\"rotateG_03\"><\/div>\n\t\t\t\t<div class=\"blockG\" id=\"rotateG_04\"><\/div>\n\t\t\t\t<div class=\"blockG\" id=\"rotateG_05\"><\/div>\n\t\t\t\t<div class=\"blockG\" id=\"rotateG_06\"><\/div>\n\t\t\t\t<div class=\"blockG\" id=\"rotateG_07\"><\/div>\n\t\t\t\t<div class=\"blockG\" id=\"rotateG_08\"><\/div>\n\t\t\t<\/div>\n\t\t\t<div class=\"WooZone-cross-sell-loader-text\"><\/div>\n\t\t<\/div>\n\t<\/div>\n\n\t\t\n<\/div>\n<div style=\"clear:both;\"><\/div><\/p>\n","protected":false},"excerpt":{"rendered":"<p>\u3010Einzigartige Farbe Micro USB Kabel \u3011Einzigartige modische Farben sorgen f\u00fcr schnelles Aufladen und f\u00fchren gleichzeitig den Modetrend an<br \/>\n\u3010 Breite Micro USB Kompatibilit\u00e4t \u3011: Android Ladekabel f\u00fcr Smartphones, Tablets und andere Ger\u00e4te mit Micro-USB-Anschl\u00fcssen wie Samsung Galaxy S7 Edge S6 S5 S3 J3 J5 J6 J7 A6 A7 A10, Samsung Note 5\/4\/3, Samsung Tab A 8.0\/Tab A 10.1 (2016)\/Tab A 9.1. 7\/Tab A 7 .0\/Tab E 9.6\/Tab E 8.0\/Tab S2 8.0\/Tab S2 9.7\/Tab 4, Huawei P Smart, LG, HTC, Nexus, Sony, Xbox One, PS4 Controller und mehr. (Wichtige Hinweise: Dies ist ein USB 2.0 A-Stecker auf Micro Kabel, nicht kompatibel mit iPhone oder USB Typ C )<br \/>\n\u3010Schnelles Laden und Synchronisieren\u3011: Dieses Samsung Ladeger\u00e4t unterst\u00fctzt die Geschwindigkeit durch 5 V\/2,4 A sicheren Ladestrom und 480 Mbps Daten\u00fcbertragungsrate im Vergleich zu anderen USB Kabel. Genie\u00dfen Sie das schnelle Aufladen durch die Verwendung des Original Wandladeger\u00e4ts.<\/p>\n","protected":false},"featured_media":121874,"comment_status":"open","ping_status":"closed","template":"","meta":[],"product_brand":[],"product_cat":[863],"product_tag":[],"class_list":{"0":"post-121873","1":"product","2":"type-product","3":"status-publish","4":"has-post-thumbnail","6":"product_cat-computer-zubehoer","7":"pa_brand-jmroy","8":"pa_manufacturer-jmroy","10":"first","11":"instock","12":"shipping-taxable","13":"purchasable","14":"product-type-simple","15":"customify-col","16":"product-has-gallery"},"yoast_head":"<!-- This site is optimized with the Yoast SEO plugin v27.4 - https:\/\/yoast.com\/product\/yoast-seo-wordpress\/ -->\n<title>Micro USB Kabel Micro USB Ladekabel Schnellladekabel Android Handy Ladekabel f\u00fcr Samsung Galaxy S7\/ S6\/ J7\/ Note 5\u2026 - Markt-XXL<\/title>\n<meta name=\"description\" content=\"Markt-XXL Micro USB Kabel Micro USB Ladekabel Schnellladekabel Android Handy Ladekabel f\u00fcr Samsung Galaxy S7\/ S6\/ J7\/ Note 5\u2026\" \/>\n<meta name=\"robots\" content=\"index, follow, max-snippet:-1, max-image-preview:large, max-video-preview:-1\" \/>\n<link rel=\"canonical\" href=\"https:\/\/marktxxl.de\/markt\/produkt\/micro-usb-kabel-micro-usb-ladekabel-schnellladekabel-android-handy-ladekabel-fuer-samsung-galaxy-s7-s6-j7-note-5huawei-wikonexusnokiakindleecho-dot-1m\/\" \/>\n<meta property=\"og:locale\" content=\"de_DE\" \/>\n<meta property=\"og:type\" content=\"article\" \/>\n<meta property=\"og:title\" content=\"Micro USB Kabel Micro USB Ladekabel Schnellladekabel Android Handy Ladekabel f\u00fcr Samsung Galaxy S7\/ S6\/ J7\/ Note 5\u2026 - Markt-XXL\" \/>\n<meta property=\"og:description\" content=\"Markt-XXL Micro USB Kabel Micro USB Ladekabel Schnellladekabel Android Handy Ladekabel f\u00fcr Samsung Galaxy S7\/ S6\/ J7\/ Note 5\u2026\" \/>\n<meta property=\"og:url\" content=\"https:\/\/marktxxl.de\/markt\/produkt\/micro-usb-kabel-micro-usb-ladekabel-schnellladekabel-android-handy-ladekabel-fuer-samsung-galaxy-s7-s6-j7-note-5huawei-wikonexusnokiakindleecho-dot-1m\/\" \/>\n<meta property=\"og:site_name\" content=\"Markt-XXL\" \/>\n<meta property=\"article:modified_time\" content=\"2023-04-10T01:56:21+00:00\" \/>\n<meta property=\"og:image\" content=\"https:\/\/m.media-amazon.com\/images\/I\/41HQghL2+oL._SL500_.jpg\" \/>\n\t<meta property=\"og:image:width\" content=\"500\" \/>\n\t<meta property=\"og:image:height\" content=\"500\" \/>\n\t<meta property=\"og:image:type\" content=\"image\/jpeg\" \/>\n<meta name=\"twitter:card\" content=\"summary_large_image\" \/>\n<meta name=\"twitter:label1\" content=\"Gesch\u00e4tzte Lesezeit\" \/>\n\t<meta name=\"twitter:data1\" content=\"1\u00a0Minute\" \/>\n<script type=\"application\/ld+json\" class=\"yoast-schema-graph\">{\"@context\":\"https:\\\/\\\/schema.org\",\"@graph\":[{\"@type\":\"WebPage\",\"@id\":\"https:\\\/\\\/marktxxl.de\\\/markt\\\/produkt\\\/micro-usb-kabel-micro-usb-ladekabel-schnellladekabel-android-handy-ladekabel-fuer-samsung-galaxy-s7-s6-j7-note-5huawei-wikonexusnokiakindleecho-dot-1m\\\/\",\"url\":\"https:\\\/\\\/marktxxl.de\\\/markt\\\/produkt\\\/micro-usb-kabel-micro-usb-ladekabel-schnellladekabel-android-handy-ladekabel-fuer-samsung-galaxy-s7-s6-j7-note-5huawei-wikonexusnokiakindleecho-dot-1m\\\/\",\"name\":\"Micro USB Kabel Micro USB Ladekabel Schnellladekabel Android Handy Ladekabel f\u00fcr Samsung Galaxy S7\\\/ S6\\\/ J7\\\/ Note 5\u2026 - Markt-XXL\",\"isPartOf\":{\"@id\":\"https:\\\/\\\/marktxxl.de\\\/markt\\\/#website\"},\"primaryImageOfPage\":{\"@id\":\"https:\\\/\\\/marktxxl.de\\\/markt\\\/produkt\\\/micro-usb-kabel-micro-usb-ladekabel-schnellladekabel-android-handy-ladekabel-fuer-samsung-galaxy-s7-s6-j7-note-5huawei-wikonexusnokiakindleecho-dot-1m\\\/#primaryimage\"},\"image\":{\"@id\":\"https:\\\/\\\/marktxxl.de\\\/markt\\\/produkt\\\/micro-usb-kabel-micro-usb-ladekabel-schnellladekabel-android-handy-ladekabel-fuer-samsung-galaxy-s7-s6-j7-note-5huawei-wikonexusnokiakindleecho-dot-1m\\\/#primaryimage\"},\"thumbnailUrl\":\"https:\\\/\\\/m.media-amazon.com\\\/images\\\/I\\\/41HQghL2+oL._SL500_.jpg\",\"datePublished\":\"2022-05-15T06:16:30+00:00\",\"dateModified\":\"2023-04-10T01:56:21+00:00\",\"description\":\"Markt-XXL Micro USB Kabel Micro USB Ladekabel Schnellladekabel Android Handy Ladekabel f\u00fcr Samsung Galaxy S7\\\/ S6\\\/ J7\\\/ Note 5\u2026\",\"breadcrumb\":{\"@id\":\"https:\\\/\\\/marktxxl.de\\\/markt\\\/produkt\\\/micro-usb-kabel-micro-usb-ladekabel-schnellladekabel-android-handy-ladekabel-fuer-samsung-galaxy-s7-s6-j7-note-5huawei-wikonexusnokiakindleecho-dot-1m\\\/#breadcrumb\"},\"inLanguage\":\"de\",\"potentialAction\":[{\"@type\":\"ReadAction\",\"target\":[\"https:\\\/\\\/marktxxl.de\\\/markt\\\/produkt\\\/micro-usb-kabel-micro-usb-ladekabel-schnellladekabel-android-handy-ladekabel-fuer-samsung-galaxy-s7-s6-j7-note-5huawei-wikonexusnokiakindleecho-dot-1m\\\/\"]}]},{\"@type\":\"ImageObject\",\"inLanguage\":\"de\",\"@id\":\"https:\\\/\\\/marktxxl.de\\\/markt\\\/produkt\\\/micro-usb-kabel-micro-usb-ladekabel-schnellladekabel-android-handy-ladekabel-fuer-samsung-galaxy-s7-s6-j7-note-5huawei-wikonexusnokiakindleecho-dot-1m\\\/#primaryimage\",\"url\":\"https:\\\/\\\/m.media-amazon.com\\\/images\\\/I\\\/41HQghL2+oL._SL500_.jpg\",\"contentUrl\":\"https:\\\/\\\/m.media-amazon.com\\\/images\\\/I\\\/41HQghL2+oL._SL500_.jpg\",\"width\":500,\"height\":500},{\"@type\":\"BreadcrumbList\",\"@id\":\"https:\\\/\\\/marktxxl.de\\\/markt\\\/produkt\\\/micro-usb-kabel-micro-usb-ladekabel-schnellladekabel-android-handy-ladekabel-fuer-samsung-galaxy-s7-s6-j7-note-5huawei-wikonexusnokiakindleecho-dot-1m\\\/#breadcrumb\",\"itemListElement\":[{\"@type\":\"ListItem\",\"position\":1,\"name\":\"Startseite\",\"item\":\"https:\\\/\\\/marktxxl.de\\\/markt\\\/\"},{\"@type\":\"ListItem\",\"position\":2,\"name\":\"Markt\",\"item\":\"https:\\\/\\\/marktxxl.de\\\/markt\\\/\"},{\"@type\":\"ListItem\",\"position\":3,\"name\":\"Micro USB Kabel Micro USB Ladekabel Schnellladekabel Android Handy Ladekabel f\u00fcr Samsung Galaxy S7\\\/ S6\\\/ J7\\\/ Note 5\u2026\"}]},{\"@type\":\"WebSite\",\"@id\":\"https:\\\/\\\/marktxxl.de\\\/markt\\\/#website\",\"url\":\"https:\\\/\\\/marktxxl.de\\\/markt\\\/\",\"name\":\"Markt-XXL\",\"description\":\"Ihr Markt Online\",\"publisher\":{\"@id\":\"https:\\\/\\\/marktxxl.de\\\/markt\\\/#organization\"},\"potentialAction\":[{\"@type\":\"SearchAction\",\"target\":{\"@type\":\"EntryPoint\",\"urlTemplate\":\"https:\\\/\\\/marktxxl.de\\\/markt\\\/?s={search_term_string}\"},\"query-input\":{\"@type\":\"PropertyValueSpecification\",\"valueRequired\":true,\"valueName\":\"search_term_string\"}}],\"inLanguage\":\"de\"},{\"@type\":\"Organization\",\"@id\":\"https:\\\/\\\/marktxxl.de\\\/markt\\\/#organization\",\"name\":\"Markt-XXL\",\"url\":\"https:\\\/\\\/marktxxl.de\\\/markt\\\/\",\"logo\":{\"@type\":\"ImageObject\",\"inLanguage\":\"de\",\"@id\":\"https:\\\/\\\/marktxxl.de\\\/markt\\\/#\\\/schema\\\/logo\\\/image\\\/\",\"url\":\"https:\\\/\\\/marktxxl.de\\\/markt\\\/wp-content\\\/uploads\\\/sites\\\/3\\\/2020\\\/12\\\/logo.png\",\"contentUrl\":\"https:\\\/\\\/marktxxl.de\\\/markt\\\/wp-content\\\/uploads\\\/sites\\\/3\\\/2020\\\/12\\\/logo.png\",\"width\":200,\"height\":70,\"caption\":\"Markt-XXL\"},\"image\":{\"@id\":\"https:\\\/\\\/marktxxl.de\\\/markt\\\/#\\\/schema\\\/logo\\\/image\\\/\"}}]}<\/script>\n<!-- \/ Yoast SEO plugin. -->","yoast_head_json":{"title":"Micro USB Kabel Micro USB Ladekabel Schnellladekabel Android Handy Ladekabel f\u00fcr Samsung Galaxy S7\/ S6\/ J7\/ Note 5\u2026 - Markt-XXL","description":"Markt-XXL Micro USB Kabel Micro USB Ladekabel Schnellladekabel Android Handy Ladekabel f\u00fcr Samsung Galaxy S7\/ S6\/ J7\/ Note 5\u2026","robots":{"index":"index","follow":"follow","max-snippet":"max-snippet:-1","max-image-preview":"max-image-preview:large","max-video-preview":"max-video-preview:-1"},"canonical":"https:\/\/marktxxl.de\/markt\/produkt\/micro-usb-kabel-micro-usb-ladekabel-schnellladekabel-android-handy-ladekabel-fuer-samsung-galaxy-s7-s6-j7-note-5huawei-wikonexusnokiakindleecho-dot-1m\/","og_locale":"de_DE","og_type":"article","og_title":"Micro USB Kabel Micro USB Ladekabel Schnellladekabel Android Handy Ladekabel f\u00fcr Samsung Galaxy S7\/ S6\/ J7\/ Note 5\u2026 - Markt-XXL","og_description":"Markt-XXL Micro USB Kabel Micro USB Ladekabel Schnellladekabel Android Handy Ladekabel f\u00fcr Samsung Galaxy S7\/ S6\/ J7\/ Note 5\u2026","og_url":"https:\/\/marktxxl.de\/markt\/produkt\/micro-usb-kabel-micro-usb-ladekabel-schnellladekabel-android-handy-ladekabel-fuer-samsung-galaxy-s7-s6-j7-note-5huawei-wikonexusnokiakindleecho-dot-1m\/","og_site_name":"Markt-XXL","article_modified_time":"2023-04-10T01:56:21+00:00","og_image":[{"width":500,"height":500,"url":"https:\/\/m.media-amazon.com\/images\/I\/41HQghL2+oL._SL500_.jpg","type":"image\/jpeg"}],"twitter_card":"summary_large_image","twitter_misc":{"Gesch\u00e4tzte Lesezeit":"1\u00a0Minute"},"schema":{"@context":"https:\/\/schema.org","@graph":[{"@type":"WebPage","@id":"https:\/\/marktxxl.de\/markt\/produkt\/micro-usb-kabel-micro-usb-ladekabel-schnellladekabel-android-handy-ladekabel-fuer-samsung-galaxy-s7-s6-j7-note-5huawei-wikonexusnokiakindleecho-dot-1m\/","url":"https:\/\/marktxxl.de\/markt\/produkt\/micro-usb-kabel-micro-usb-ladekabel-schnellladekabel-android-handy-ladekabel-fuer-samsung-galaxy-s7-s6-j7-note-5huawei-wikonexusnokiakindleecho-dot-1m\/","name":"Micro USB Kabel Micro USB Ladekabel Schnellladekabel Android Handy Ladekabel f\u00fcr Samsung Galaxy S7\/ S6\/ J7\/ Note 5\u2026 - Markt-XXL","isPartOf":{"@id":"https:\/\/marktxxl.de\/markt\/#website"},"primaryImageOfPage":{"@id":"https:\/\/marktxxl.de\/markt\/produkt\/micro-usb-kabel-micro-usb-ladekabel-schnellladekabel-android-handy-ladekabel-fuer-samsung-galaxy-s7-s6-j7-note-5huawei-wikonexusnokiakindleecho-dot-1m\/#primaryimage"},"image":{"@id":"https:\/\/marktxxl.de\/markt\/produkt\/micro-usb-kabel-micro-usb-ladekabel-schnellladekabel-android-handy-ladekabel-fuer-samsung-galaxy-s7-s6-j7-note-5huawei-wikonexusnokiakindleecho-dot-1m\/#primaryimage"},"thumbnailUrl":"https:\/\/m.media-amazon.com\/images\/I\/41HQghL2+oL._SL500_.jpg","datePublished":"2022-05-15T06:16:30+00:00","dateModified":"2023-04-10T01:56:21+00:00","description":"Markt-XXL Micro USB Kabel Micro USB Ladekabel Schnellladekabel Android Handy Ladekabel f\u00fcr Samsung Galaxy S7\/ S6\/ J7\/ Note 5\u2026","breadcrumb":{"@id":"https:\/\/marktxxl.de\/markt\/produkt\/micro-usb-kabel-micro-usb-ladekabel-schnellladekabel-android-handy-ladekabel-fuer-samsung-galaxy-s7-s6-j7-note-5huawei-wikonexusnokiakindleecho-dot-1m\/#breadcrumb"},"inLanguage":"de","potentialAction":[{"@type":"ReadAction","target":["https:\/\/marktxxl.de\/markt\/produkt\/micro-usb-kabel-micro-usb-ladekabel-schnellladekabel-android-handy-ladekabel-fuer-samsung-galaxy-s7-s6-j7-note-5huawei-wikonexusnokiakindleecho-dot-1m\/"]}]},{"@type":"ImageObject","inLanguage":"de","@id":"https:\/\/marktxxl.de\/markt\/produkt\/micro-usb-kabel-micro-usb-ladekabel-schnellladekabel-android-handy-ladekabel-fuer-samsung-galaxy-s7-s6-j7-note-5huawei-wikonexusnokiakindleecho-dot-1m\/#primaryimage","url":"https:\/\/m.media-amazon.com\/images\/I\/41HQghL2+oL._SL500_.jpg","contentUrl":"https:\/\/m.media-amazon.com\/images\/I\/41HQghL2+oL._SL500_.jpg","width":500,"height":500},{"@type":"BreadcrumbList","@id":"https:\/\/marktxxl.de\/markt\/produkt\/micro-usb-kabel-micro-usb-ladekabel-schnellladekabel-android-handy-ladekabel-fuer-samsung-galaxy-s7-s6-j7-note-5huawei-wikonexusnokiakindleecho-dot-1m\/#breadcrumb","itemListElement":[{"@type":"ListItem","position":1,"name":"Startseite","item":"https:\/\/marktxxl.de\/markt\/"},{"@type":"ListItem","position":2,"name":"Markt","item":"https:\/\/marktxxl.de\/markt\/"},{"@type":"ListItem","position":3,"name":"Micro USB Kabel Micro USB Ladekabel Schnellladekabel Android Handy Ladekabel f\u00fcr Samsung Galaxy S7\/ S6\/ J7\/ Note 5\u2026"}]},{"@type":"WebSite","@id":"https:\/\/marktxxl.de\/markt\/#website","url":"https:\/\/marktxxl.de\/markt\/","name":"Markt-XXL","description":"Ihr Markt Online","publisher":{"@id":"https:\/\/marktxxl.de\/markt\/#organization"},"potentialAction":[{"@type":"SearchAction","target":{"@type":"EntryPoint","urlTemplate":"https:\/\/marktxxl.de\/markt\/?s={search_term_string}"},"query-input":{"@type":"PropertyValueSpecification","valueRequired":true,"valueName":"search_term_string"}}],"inLanguage":"de"},{"@type":"Organization","@id":"https:\/\/marktxxl.de\/markt\/#organization","name":"Markt-XXL","url":"https:\/\/marktxxl.de\/markt\/","logo":{"@type":"ImageObject","inLanguage":"de","@id":"https:\/\/marktxxl.de\/markt\/#\/schema\/logo\/image\/","url":"https:\/\/marktxxl.de\/markt\/wp-content\/uploads\/sites\/3\/2020\/12\/logo.png","contentUrl":"https:\/\/marktxxl.de\/markt\/wp-content\/uploads\/sites\/3\/2020\/12\/logo.png","width":200,"height":70,"caption":"Markt-XXL"},"image":{"@id":"https:\/\/marktxxl.de\/markt\/#\/schema\/logo\/image\/"}}]}},"_links":{"self":[{"href":"https:\/\/marktxxl.de\/markt\/wp-json\/wp\/v2\/product\/121873","targetHints":{"allow":["GET"]}}],"collection":[{"href":"https:\/\/marktxxl.de\/markt\/wp-json\/wp\/v2\/product"}],"about":[{"href":"https:\/\/marktxxl.de\/markt\/wp-json\/wp\/v2\/types\/product"}],"replies":[{"embeddable":true,"href":"https:\/\/marktxxl.de\/markt\/wp-json\/wp\/v2\/comments?post=121873"}],"wp:featuredmedia":[{"embeddable":true,"href":"https:\/\/marktxxl.de\/markt\/wp-json\/wp\/v2\/media\/121874"}],"wp:attachment":[{"href":"https:\/\/marktxxl.de\/markt\/wp-json\/wp\/v2\/media?parent=121873"}],"wp:term":[{"taxonomy":"product_brand","embeddable":true,"href":"https:\/\/marktxxl.de\/markt\/wp-json\/wp\/v2\/product_brand?post=121873"},{"taxonomy":"product_cat","embeddable":true,"href":"https:\/\/marktxxl.de\/markt\/wp-json\/wp\/v2\/product_cat?post=121873"},{"taxonomy":"product_tag","embeddable":true,"href":"https:\/\/marktxxl.de\/markt\/wp-json\/wp\/v2\/product_tag?post=121873"}],"curies":[{"name":"wp","href":"https:\/\/api.w.org\/{rel}","templated":true}]}}