{"id":121863,"date":"2022-05-15T08:16:22","date_gmt":"2022-05-15T06:16:22","guid":{"rendered":"https:\/\/marktxxl.de\/markt\/produkt\/2-packs-mauspad-schwarz-pink-26x21x0-2cm-mousepad-mit-anti-rutsch-gaming-mousepad-mit-vernaehte-kanten-mouse-pad-fuer-computer-und-laptops\/"},"modified":"2023-04-10T03:56:20","modified_gmt":"2023-04-10T01:56:20","slug":"2-packs-mauspad-schwarz-pink-26x21x0-2cm-mousepad-mit-anti-rutsch-gaming-mousepad-mit-vernaehte-kanten-mouse-pad-fuer-computer-und-laptops","status":"publish","type":"product","link":"https:\/\/marktxxl.de\/markt\/produkt\/2-packs-mauspad-schwarz-pink-26x21x0-2cm-mousepad-mit-anti-rutsch-gaming-mousepad-mit-vernaehte-kanten-mouse-pad-fuer-computer-und-laptops\/","title":{"rendered":"2 Packs Mauspad Schwarz &amp; Pink &#8211; 26x21x0.2cm Mouse Pad mit Anti-Rutsch Gaming Mousepad Mous Pad mit Vern\u00e4hte Kanten\u2026"},"content":{"rendered":"<p>\u3010Ultra-glatte Oberfl\u00e4che\u3011: Unser Mauspad besteht aus gewebtem Mikrofasermaterial, die glatte Stoffoberfl\u00e4che erm\u00f6glicht es der Maus, sich hin her zu bewegen. Gleichzeitig haben wir das Design des Mousepad optimiert, um Geschwindigkeit und Pr\u00e4zision zuverbessern ein gro\u00dfartiges Arbeitserlebnis zu gew\u00e4hrleisten.<br \/>\n\u3010Zweierpack-Design\u3011: Dieses Mauspad schwarz und Pink, die wirtschaftlich praktisch sind. Wenn viele Leute arbeiten, k\u00f6nnen Sie eine pro Person haben, es ist auch f\u00fcr Paare und Familien geeignet. Sie k\u00f6nnen es auch als Ersatz verwenden, sodass Sie sich keine Sorgen machen m\u00fcssen, Mousepad in kurzer Zeit zu verlieren Ihre Arbeit zu beeintr\u00e4chtigen.<br \/>\n\u3010Anti-Rutsch-Gummi-Basis\u3011: Dieses Mauspad Schwarz und Pink verf\u00fcgt \u00fcber eine dichte, rutschfeste Gummibasis, die den Desktop fest greifen ihn bei der Verwendung immer in der gew\u00fcnschten Position halten kann. Die hochwertige rutschfeste Gummi-Mousepad-Basis erh\u00f6ht auch effektiv die Reibung und erh\u00e4lt die Stabilit\u00e4t, wodurch Sie eine gute Mauskontrolle erhalten.<br \/>\n\u3010Komfortables Material\u3011: Das 2 mm dicke, atmungsaktive Mousepad f\u00fchlt sich nicht unangenehm an, selbst wenn Mouse Pad wiederholt verwendet wird, kann der weiche Stoff dem Handgelenk zus\u00e4tzlichen Komfort bieten. Die Kante des Mauspad ist mit Garn bedeckt, strapazierf\u00e4hige, gen\u00e4hte Randpolster verhindert, das Maus Pad abrieb, sich verformt und abl\u00f6st. Durch diese spezielle Verarbeitungsmethode bleibt Mauspad f\u00fcr immer wie neu und kann lange verwendet werden.<br \/>\n\u3010Leicht Zu Tragen\u3011: Das maus pad l\u00e4sst sich zur Aufbewahrung zusammenrollen oder in ein Notebook einclipsen, sodass Sie dieses Mauspad mit einer Gr\u00f6\u00dfe von 260x210mm \u00fcberall hin mitnehmen k\u00f6nnen.Ob Home Office\/Game, B\u00fcro oder Gesch\u00e4ftsreise, das Mauspad ist sehr bequem zu tragen, dieses Mouse pad ist sehr praktisch.<br \/>\n<div class=\"main-cross-sell\" data-asin=\"B09XDQRX61\">\n\n\t<div class=\"WooZone-cross-sell-loader\">\n\t\t<div>\n\t\t\t<div id=\"floatingBarsG\">\n\t\t\t\t<div class=\"blockG\" id=\"rotateG_01\"><\/div>\n\t\t\t\t<div class=\"blockG\" id=\"rotateG_02\"><\/div>\n\t\t\t\t<div class=\"blockG\" id=\"rotateG_03\"><\/div>\n\t\t\t\t<div class=\"blockG\" id=\"rotateG_04\"><\/div>\n\t\t\t\t<div class=\"blockG\" id=\"rotateG_05\"><\/div>\n\t\t\t\t<div class=\"blockG\" id=\"rotateG_06\"><\/div>\n\t\t\t\t<div class=\"blockG\" id=\"rotateG_07\"><\/div>\n\t\t\t\t<div class=\"blockG\" id=\"rotateG_08\"><\/div>\n\t\t\t<\/div>\n\t\t\t<div class=\"WooZone-cross-sell-loader-text\"><\/div>\n\t\t<\/div>\n\t<\/div>\n\n\t\t\n<\/div>\n<div style=\"clear:both;\"><\/div><\/p>\n","protected":false},"excerpt":{"rendered":"<p>\u3010Ultra-glatte Oberfl\u00e4che\u3011: Unser Mauspad besteht aus gewebtem Mikrofasermaterial, die glatte Stoffoberfl\u00e4che erm\u00f6glicht es der Maus, sich hin her zu bewegen. Gleichzeitig haben wir das Design des Mousepad optimiert, um Geschwindigkeit und Pr\u00e4zision zuverbessern ein gro\u00dfartiges Arbeitserlebnis zu gew\u00e4hrleisten.<br \/>\n\u3010Zweierpack-Design\u3011: Dieses Mauspad schwarz und Pink, die wirtschaftlich praktisch sind. Wenn viele Leute arbeiten, k\u00f6nnen Sie eine pro Person haben, es ist auch f\u00fcr Paare und Familien geeignet. Sie k\u00f6nnen es auch als Ersatz verwenden, sodass Sie sich keine Sorgen machen m\u00fcssen, Mousepad in kurzer Zeit zu verlieren Ihre Arbeit zu beeintr\u00e4chtigen.<br \/>\n\u3010Anti-Rutsch-Gummi-Basis\u3011: Dieses Mauspad Schwarz und Pink verf\u00fcgt \u00fcber eine dichte, rutschfeste Gummibasis, die den Desktop fest greifen ihn bei der Verwendung immer in der gew\u00fcnschten Position halten kann. Die hochwertige rutschfeste Gummi-Mousepad-Basis erh\u00f6ht auch effektiv die Reibung und erh\u00e4lt die Stabilit\u00e4t, wodurch Sie eine gute Mauskontrolle erhalten.<\/p>\n","protected":false},"featured_media":121864,"comment_status":"open","ping_status":"closed","template":"","meta":[],"product_brand":[],"product_cat":[863],"product_tag":[],"class_list":{"0":"post-121863","1":"product","2":"type-product","3":"status-publish","4":"has-post-thumbnail","6":"product_cat-computer-zubehoer","7":"pa_brand-teryjn","8":"pa_color-rosa","9":"pa_manufacturer-teryjn","11":"first","12":"instock","13":"shipping-taxable","14":"purchasable","15":"product-type-simple","16":"customify-col","17":"product-has-gallery"},"yoast_head":"<!-- This site is optimized with the Yoast SEO plugin v27.4 - https:\/\/yoast.com\/product\/yoast-seo-wordpress\/ -->\n<title>2 Packs Mauspad Schwarz &amp; Pink - 26x21x0.2cm Mouse Pad mit Anti-Rutsch Gaming Mousepad Mous Pad mit Vern\u00e4hte Kanten\u2026 - Markt-XXL<\/title>\n<meta name=\"description\" content=\"Markt-XXL 2 Packs Mauspad Schwarz &amp; Pink - 26x21x0.2cm Mouse Pad mit Anti-Rutsch Gaming Mousepad Mous Pad mit Vern\u00e4hte Kanten\u2026\" \/>\n<meta name=\"robots\" content=\"index, follow, max-snippet:-1, max-image-preview:large, max-video-preview:-1\" \/>\n<link rel=\"canonical\" href=\"https:\/\/marktxxl.de\/markt\/produkt\/2-packs-mauspad-schwarz-pink-26x21x0-2cm-mousepad-mit-anti-rutsch-gaming-mousepad-mit-vernaehte-kanten-mouse-pad-fuer-computer-und-laptops\/\" \/>\n<meta property=\"og:locale\" content=\"de_DE\" \/>\n<meta property=\"og:type\" content=\"article\" \/>\n<meta property=\"og:title\" content=\"2 Packs Mauspad Schwarz &amp; Pink - 26x21x0.2cm Mouse Pad mit Anti-Rutsch Gaming Mousepad Mous Pad mit Vern\u00e4hte Kanten\u2026 - Markt-XXL\" \/>\n<meta property=\"og:description\" content=\"Markt-XXL 2 Packs Mauspad Schwarz &amp; Pink - 26x21x0.2cm Mouse Pad mit Anti-Rutsch Gaming Mousepad Mous Pad mit Vern\u00e4hte Kanten\u2026\" \/>\n<meta property=\"og:url\" content=\"https:\/\/marktxxl.de\/markt\/produkt\/2-packs-mauspad-schwarz-pink-26x21x0-2cm-mousepad-mit-anti-rutsch-gaming-mousepad-mit-vernaehte-kanten-mouse-pad-fuer-computer-und-laptops\/\" \/>\n<meta property=\"og:site_name\" content=\"Markt-XXL\" \/>\n<meta property=\"article:modified_time\" content=\"2023-04-10T01:56:20+00:00\" \/>\n<meta property=\"og:image\" content=\"https:\/\/m.media-amazon.com\/images\/I\/31LYUp7HBpL._SL500_.jpg\" \/>\n\t<meta property=\"og:image:width\" content=\"500\" \/>\n\t<meta property=\"og:image:height\" content=\"500\" \/>\n\t<meta property=\"og:image:type\" content=\"image\/jpeg\" \/>\n<meta name=\"twitter:card\" content=\"summary_large_image\" \/>\n<meta name=\"twitter:label1\" content=\"Gesch\u00e4tzte Lesezeit\" \/>\n\t<meta name=\"twitter:data1\" content=\"1\u00a0Minute\" \/>\n<script type=\"application\/ld+json\" class=\"yoast-schema-graph\">{\"@context\":\"https:\\\/\\\/schema.org\",\"@graph\":[{\"@type\":\"WebPage\",\"@id\":\"https:\\\/\\\/marktxxl.de\\\/markt\\\/produkt\\\/2-packs-mauspad-schwarz-pink-26x21x0-2cm-mousepad-mit-anti-rutsch-gaming-mousepad-mit-vernaehte-kanten-mouse-pad-fuer-computer-und-laptops\\\/\",\"url\":\"https:\\\/\\\/marktxxl.de\\\/markt\\\/produkt\\\/2-packs-mauspad-schwarz-pink-26x21x0-2cm-mousepad-mit-anti-rutsch-gaming-mousepad-mit-vernaehte-kanten-mouse-pad-fuer-computer-und-laptops\\\/\",\"name\":\"2 Packs Mauspad Schwarz &amp; Pink - 26x21x0.2cm Mouse Pad mit Anti-Rutsch Gaming Mousepad Mous Pad mit Vern\u00e4hte Kanten\u2026 - Markt-XXL\",\"isPartOf\":{\"@id\":\"https:\\\/\\\/marktxxl.de\\\/markt\\\/#website\"},\"primaryImageOfPage\":{\"@id\":\"https:\\\/\\\/marktxxl.de\\\/markt\\\/produkt\\\/2-packs-mauspad-schwarz-pink-26x21x0-2cm-mousepad-mit-anti-rutsch-gaming-mousepad-mit-vernaehte-kanten-mouse-pad-fuer-computer-und-laptops\\\/#primaryimage\"},\"image\":{\"@id\":\"https:\\\/\\\/marktxxl.de\\\/markt\\\/produkt\\\/2-packs-mauspad-schwarz-pink-26x21x0-2cm-mousepad-mit-anti-rutsch-gaming-mousepad-mit-vernaehte-kanten-mouse-pad-fuer-computer-und-laptops\\\/#primaryimage\"},\"thumbnailUrl\":\"https:\\\/\\\/m.media-amazon.com\\\/images\\\/I\\\/31LYUp7HBpL._SL500_.jpg\",\"datePublished\":\"2022-05-15T06:16:22+00:00\",\"dateModified\":\"2023-04-10T01:56:20+00:00\",\"description\":\"Markt-XXL 2 Packs Mauspad Schwarz &amp; Pink - 26x21x0.2cm Mouse Pad mit Anti-Rutsch Gaming Mousepad Mous Pad mit Vern\u00e4hte Kanten\u2026\",\"breadcrumb\":{\"@id\":\"https:\\\/\\\/marktxxl.de\\\/markt\\\/produkt\\\/2-packs-mauspad-schwarz-pink-26x21x0-2cm-mousepad-mit-anti-rutsch-gaming-mousepad-mit-vernaehte-kanten-mouse-pad-fuer-computer-und-laptops\\\/#breadcrumb\"},\"inLanguage\":\"de\",\"potentialAction\":[{\"@type\":\"ReadAction\",\"target\":[\"https:\\\/\\\/marktxxl.de\\\/markt\\\/produkt\\\/2-packs-mauspad-schwarz-pink-26x21x0-2cm-mousepad-mit-anti-rutsch-gaming-mousepad-mit-vernaehte-kanten-mouse-pad-fuer-computer-und-laptops\\\/\"]}]},{\"@type\":\"ImageObject\",\"inLanguage\":\"de\",\"@id\":\"https:\\\/\\\/marktxxl.de\\\/markt\\\/produkt\\\/2-packs-mauspad-schwarz-pink-26x21x0-2cm-mousepad-mit-anti-rutsch-gaming-mousepad-mit-vernaehte-kanten-mouse-pad-fuer-computer-und-laptops\\\/#primaryimage\",\"url\":\"https:\\\/\\\/m.media-amazon.com\\\/images\\\/I\\\/31LYUp7HBpL._SL500_.jpg\",\"contentUrl\":\"https:\\\/\\\/m.media-amazon.com\\\/images\\\/I\\\/31LYUp7HBpL._SL500_.jpg\",\"width\":500,\"height\":500},{\"@type\":\"BreadcrumbList\",\"@id\":\"https:\\\/\\\/marktxxl.de\\\/markt\\\/produkt\\\/2-packs-mauspad-schwarz-pink-26x21x0-2cm-mousepad-mit-anti-rutsch-gaming-mousepad-mit-vernaehte-kanten-mouse-pad-fuer-computer-und-laptops\\\/#breadcrumb\",\"itemListElement\":[{\"@type\":\"ListItem\",\"position\":1,\"name\":\"Startseite\",\"item\":\"https:\\\/\\\/marktxxl.de\\\/markt\\\/\"},{\"@type\":\"ListItem\",\"position\":2,\"name\":\"Markt\",\"item\":\"https:\\\/\\\/marktxxl.de\\\/markt\\\/\"},{\"@type\":\"ListItem\",\"position\":3,\"name\":\"2 Packs Mauspad Schwarz &amp; Pink &#8211; 26x21x0.2cm Mouse Pad mit Anti-Rutsch Gaming Mousepad Mous Pad mit Vern\u00e4hte Kanten\u2026\"}]},{\"@type\":\"WebSite\",\"@id\":\"https:\\\/\\\/marktxxl.de\\\/markt\\\/#website\",\"url\":\"https:\\\/\\\/marktxxl.de\\\/markt\\\/\",\"name\":\"Markt-XXL\",\"description\":\"Ihr Markt Online\",\"publisher\":{\"@id\":\"https:\\\/\\\/marktxxl.de\\\/markt\\\/#organization\"},\"potentialAction\":[{\"@type\":\"SearchAction\",\"target\":{\"@type\":\"EntryPoint\",\"urlTemplate\":\"https:\\\/\\\/marktxxl.de\\\/markt\\\/?s={search_term_string}\"},\"query-input\":{\"@type\":\"PropertyValueSpecification\",\"valueRequired\":true,\"valueName\":\"search_term_string\"}}],\"inLanguage\":\"de\"},{\"@type\":\"Organization\",\"@id\":\"https:\\\/\\\/marktxxl.de\\\/markt\\\/#organization\",\"name\":\"Markt-XXL\",\"url\":\"https:\\\/\\\/marktxxl.de\\\/markt\\\/\",\"logo\":{\"@type\":\"ImageObject\",\"inLanguage\":\"de\",\"@id\":\"https:\\\/\\\/marktxxl.de\\\/markt\\\/#\\\/schema\\\/logo\\\/image\\\/\",\"url\":\"https:\\\/\\\/marktxxl.de\\\/markt\\\/wp-content\\\/uploads\\\/sites\\\/3\\\/2020\\\/12\\\/logo.png\",\"contentUrl\":\"https:\\\/\\\/marktxxl.de\\\/markt\\\/wp-content\\\/uploads\\\/sites\\\/3\\\/2020\\\/12\\\/logo.png\",\"width\":200,\"height\":70,\"caption\":\"Markt-XXL\"},\"image\":{\"@id\":\"https:\\\/\\\/marktxxl.de\\\/markt\\\/#\\\/schema\\\/logo\\\/image\\\/\"}}]}<\/script>\n<!-- \/ Yoast SEO plugin. -->","yoast_head_json":{"title":"2 Packs Mauspad Schwarz &amp; Pink - 26x21x0.2cm Mouse Pad mit Anti-Rutsch Gaming Mousepad Mous Pad mit Vern\u00e4hte Kanten\u2026 - Markt-XXL","description":"Markt-XXL 2 Packs Mauspad Schwarz &amp; Pink - 26x21x0.2cm Mouse Pad mit Anti-Rutsch Gaming Mousepad Mous Pad mit Vern\u00e4hte Kanten\u2026","robots":{"index":"index","follow":"follow","max-snippet":"max-snippet:-1","max-image-preview":"max-image-preview:large","max-video-preview":"max-video-preview:-1"},"canonical":"https:\/\/marktxxl.de\/markt\/produkt\/2-packs-mauspad-schwarz-pink-26x21x0-2cm-mousepad-mit-anti-rutsch-gaming-mousepad-mit-vernaehte-kanten-mouse-pad-fuer-computer-und-laptops\/","og_locale":"de_DE","og_type":"article","og_title":"2 Packs Mauspad Schwarz &amp; Pink - 26x21x0.2cm Mouse Pad mit Anti-Rutsch Gaming Mousepad Mous Pad mit Vern\u00e4hte Kanten\u2026 - Markt-XXL","og_description":"Markt-XXL 2 Packs Mauspad Schwarz &amp; Pink - 26x21x0.2cm Mouse Pad mit Anti-Rutsch Gaming Mousepad Mous Pad mit Vern\u00e4hte Kanten\u2026","og_url":"https:\/\/marktxxl.de\/markt\/produkt\/2-packs-mauspad-schwarz-pink-26x21x0-2cm-mousepad-mit-anti-rutsch-gaming-mousepad-mit-vernaehte-kanten-mouse-pad-fuer-computer-und-laptops\/","og_site_name":"Markt-XXL","article_modified_time":"2023-04-10T01:56:20+00:00","og_image":[{"width":500,"height":500,"url":"https:\/\/m.media-amazon.com\/images\/I\/31LYUp7HBpL._SL500_.jpg","type":"image\/jpeg"}],"twitter_card":"summary_large_image","twitter_misc":{"Gesch\u00e4tzte Lesezeit":"1\u00a0Minute"},"schema":{"@context":"https:\/\/schema.org","@graph":[{"@type":"WebPage","@id":"https:\/\/marktxxl.de\/markt\/produkt\/2-packs-mauspad-schwarz-pink-26x21x0-2cm-mousepad-mit-anti-rutsch-gaming-mousepad-mit-vernaehte-kanten-mouse-pad-fuer-computer-und-laptops\/","url":"https:\/\/marktxxl.de\/markt\/produkt\/2-packs-mauspad-schwarz-pink-26x21x0-2cm-mousepad-mit-anti-rutsch-gaming-mousepad-mit-vernaehte-kanten-mouse-pad-fuer-computer-und-laptops\/","name":"2 Packs Mauspad Schwarz &amp; Pink - 26x21x0.2cm Mouse Pad mit Anti-Rutsch Gaming Mousepad Mous Pad mit Vern\u00e4hte Kanten\u2026 - Markt-XXL","isPartOf":{"@id":"https:\/\/marktxxl.de\/markt\/#website"},"primaryImageOfPage":{"@id":"https:\/\/marktxxl.de\/markt\/produkt\/2-packs-mauspad-schwarz-pink-26x21x0-2cm-mousepad-mit-anti-rutsch-gaming-mousepad-mit-vernaehte-kanten-mouse-pad-fuer-computer-und-laptops\/#primaryimage"},"image":{"@id":"https:\/\/marktxxl.de\/markt\/produkt\/2-packs-mauspad-schwarz-pink-26x21x0-2cm-mousepad-mit-anti-rutsch-gaming-mousepad-mit-vernaehte-kanten-mouse-pad-fuer-computer-und-laptops\/#primaryimage"},"thumbnailUrl":"https:\/\/m.media-amazon.com\/images\/I\/31LYUp7HBpL._SL500_.jpg","datePublished":"2022-05-15T06:16:22+00:00","dateModified":"2023-04-10T01:56:20+00:00","description":"Markt-XXL 2 Packs Mauspad Schwarz &amp; Pink - 26x21x0.2cm Mouse Pad mit Anti-Rutsch Gaming Mousepad Mous Pad mit Vern\u00e4hte Kanten\u2026","breadcrumb":{"@id":"https:\/\/marktxxl.de\/markt\/produkt\/2-packs-mauspad-schwarz-pink-26x21x0-2cm-mousepad-mit-anti-rutsch-gaming-mousepad-mit-vernaehte-kanten-mouse-pad-fuer-computer-und-laptops\/#breadcrumb"},"inLanguage":"de","potentialAction":[{"@type":"ReadAction","target":["https:\/\/marktxxl.de\/markt\/produkt\/2-packs-mauspad-schwarz-pink-26x21x0-2cm-mousepad-mit-anti-rutsch-gaming-mousepad-mit-vernaehte-kanten-mouse-pad-fuer-computer-und-laptops\/"]}]},{"@type":"ImageObject","inLanguage":"de","@id":"https:\/\/marktxxl.de\/markt\/produkt\/2-packs-mauspad-schwarz-pink-26x21x0-2cm-mousepad-mit-anti-rutsch-gaming-mousepad-mit-vernaehte-kanten-mouse-pad-fuer-computer-und-laptops\/#primaryimage","url":"https:\/\/m.media-amazon.com\/images\/I\/31LYUp7HBpL._SL500_.jpg","contentUrl":"https:\/\/m.media-amazon.com\/images\/I\/31LYUp7HBpL._SL500_.jpg","width":500,"height":500},{"@type":"BreadcrumbList","@id":"https:\/\/marktxxl.de\/markt\/produkt\/2-packs-mauspad-schwarz-pink-26x21x0-2cm-mousepad-mit-anti-rutsch-gaming-mousepad-mit-vernaehte-kanten-mouse-pad-fuer-computer-und-laptops\/#breadcrumb","itemListElement":[{"@type":"ListItem","position":1,"name":"Startseite","item":"https:\/\/marktxxl.de\/markt\/"},{"@type":"ListItem","position":2,"name":"Markt","item":"https:\/\/marktxxl.de\/markt\/"},{"@type":"ListItem","position":3,"name":"2 Packs Mauspad Schwarz &amp; Pink &#8211; 26x21x0.2cm Mouse Pad mit Anti-Rutsch Gaming Mousepad Mous Pad mit Vern\u00e4hte Kanten\u2026"}]},{"@type":"WebSite","@id":"https:\/\/marktxxl.de\/markt\/#website","url":"https:\/\/marktxxl.de\/markt\/","name":"Markt-XXL","description":"Ihr Markt Online","publisher":{"@id":"https:\/\/marktxxl.de\/markt\/#organization"},"potentialAction":[{"@type":"SearchAction","target":{"@type":"EntryPoint","urlTemplate":"https:\/\/marktxxl.de\/markt\/?s={search_term_string}"},"query-input":{"@type":"PropertyValueSpecification","valueRequired":true,"valueName":"search_term_string"}}],"inLanguage":"de"},{"@type":"Organization","@id":"https:\/\/marktxxl.de\/markt\/#organization","name":"Markt-XXL","url":"https:\/\/marktxxl.de\/markt\/","logo":{"@type":"ImageObject","inLanguage":"de","@id":"https:\/\/marktxxl.de\/markt\/#\/schema\/logo\/image\/","url":"https:\/\/marktxxl.de\/markt\/wp-content\/uploads\/sites\/3\/2020\/12\/logo.png","contentUrl":"https:\/\/marktxxl.de\/markt\/wp-content\/uploads\/sites\/3\/2020\/12\/logo.png","width":200,"height":70,"caption":"Markt-XXL"},"image":{"@id":"https:\/\/marktxxl.de\/markt\/#\/schema\/logo\/image\/"}}]}},"_links":{"self":[{"href":"https:\/\/marktxxl.de\/markt\/wp-json\/wp\/v2\/product\/121863","targetHints":{"allow":["GET"]}}],"collection":[{"href":"https:\/\/marktxxl.de\/markt\/wp-json\/wp\/v2\/product"}],"about":[{"href":"https:\/\/marktxxl.de\/markt\/wp-json\/wp\/v2\/types\/product"}],"replies":[{"embeddable":true,"href":"https:\/\/marktxxl.de\/markt\/wp-json\/wp\/v2\/comments?post=121863"}],"wp:featuredmedia":[{"embeddable":true,"href":"https:\/\/marktxxl.de\/markt\/wp-json\/wp\/v2\/media\/121864"}],"wp:attachment":[{"href":"https:\/\/marktxxl.de\/markt\/wp-json\/wp\/v2\/media?parent=121863"}],"wp:term":[{"taxonomy":"product_brand","embeddable":true,"href":"https:\/\/marktxxl.de\/markt\/wp-json\/wp\/v2\/product_brand?post=121863"},{"taxonomy":"product_cat","embeddable":true,"href":"https:\/\/marktxxl.de\/markt\/wp-json\/wp\/v2\/product_cat?post=121863"},{"taxonomy":"product_tag","embeddable":true,"href":"https:\/\/marktxxl.de\/markt\/wp-json\/wp\/v2\/product_tag?post=121863"}],"curies":[{"name":"wp","href":"https:\/\/api.w.org\/{rel}","templated":true}]}}