{"id":121681,"date":"2022-05-15T07:46:22","date_gmt":"2022-05-15T05:46:22","guid":{"rendered":"https:\/\/marktxxl.de\/markt\/produkt\/50-quadratische-briefumschlaege-16-x-16-cm-querlasche-mit-abziehstreifen-100g-farbeschnee-weiss-160-x-160-mm\/"},"modified":"2023-04-11T03:52:24","modified_gmt":"2023-04-11T01:52:24","slug":"50-quadratische-briefumschlaege-16-x-16-cm-querlasche-mit-abziehstreifen-100g-farbeschnee-weiss-160-x-160-mm","status":"publish","type":"product","link":"https:\/\/marktxxl.de\/markt\/produkt\/50-quadratische-briefumschlaege-16-x-16-cm-querlasche-mit-abziehstreifen-100g-farbeschnee-weiss-160-x-160-mm\/","title":{"rendered":"50 Quadratische Briefumschl\u00e4ge 16 x 16 cm Querlasche mit Abziehstreifen (100g) Farbe:Schnee Wei\u00df 160 x 160 mm"},"content":{"rendered":"<p>Grammage:100g\/m\u00b2<br \/>\nQuerlasche mit Haftstreifen<br \/>\nDeutsche Herstellung<br \/>\nUmschl\u00e4ge sollten 5 mm gr\u00f6\u00dfer sein, als die Karte<br \/>\n<div class=\"main-cross-sell\" data-asin=\"B009UZFDDK\">\n\n\t<div class=\"WooZone-cross-sell-loader\">\n\t\t<div>\n\t\t\t<div id=\"floatingBarsG\">\n\t\t\t\t<div class=\"blockG\" id=\"rotateG_01\"><\/div>\n\t\t\t\t<div class=\"blockG\" id=\"rotateG_02\"><\/div>\n\t\t\t\t<div class=\"blockG\" id=\"rotateG_03\"><\/div>\n\t\t\t\t<div class=\"blockG\" id=\"rotateG_04\"><\/div>\n\t\t\t\t<div class=\"blockG\" id=\"rotateG_05\"><\/div>\n\t\t\t\t<div class=\"blockG\" id=\"rotateG_06\"><\/div>\n\t\t\t\t<div class=\"blockG\" id=\"rotateG_07\"><\/div>\n\t\t\t\t<div class=\"blockG\" id=\"rotateG_08\"><\/div>\n\t\t\t<\/div>\n\t\t\t<div class=\"WooZone-cross-sell-loader-text\"><\/div>\n\t\t<\/div>\n\t<\/div>\n\n\t\t\n<\/div>\n<div style=\"clear:both;\"><\/div><\/p>\n","protected":false},"excerpt":{"rendered":"<p>Grammage:100g\/m\u00b2<br \/>\nQuerlasche mit Haftstreifen<br \/>\nDeutsche Herstellung<\/p>\n","protected":false},"featured_media":121682,"comment_status":"open","ping_status":"closed","template":"","meta":[],"product_brand":[],"product_cat":[504,8703],"product_tag":[],"class_list":{"0":"post-121681","1":"product","2":"type-product","3":"status-publish","4":"has-post-thumbnail","6":"product_cat-buerobedarf-schreibwaren","7":"product_cat-umschlaege-versandzubehoer","8":"pa_brand-paper24","9":"pa_color-weiss","10":"pa_height-0-00393700787-zoll","11":"pa_length-6-299212592-zoll","12":"pa_manufacturer-paper24","13":"pa_size-16-x-16-cm-160-x-160-mm","14":"pa_width-6-299212592-zoll","16":"first","17":"instock","18":"shipping-taxable","19":"purchasable","20":"product-type-simple","21":"customify-col","22":"product-has-gallery"},"yoast_head":"<!-- This site is optimized with the Yoast SEO plugin v27.4 - https:\/\/yoast.com\/product\/yoast-seo-wordpress\/ -->\n<title>50 Quadratische Briefumschl\u00e4ge 16 x 16 cm Querlasche mit Abziehstreifen (100g) Farbe:Schnee Wei\u00df 160 x 160 mm - Markt-XXL<\/title>\n<meta name=\"description\" content=\"Markt-XXL 50 Quadratische Briefumschl\u00e4ge 16 x 16 cm Querlasche mit Abziehstreifen (100g) Farbe:Schnee Wei\u00df 160 x 160 mm\" \/>\n<meta name=\"robots\" content=\"index, follow, max-snippet:-1, max-image-preview:large, max-video-preview:-1\" \/>\n<link rel=\"canonical\" href=\"https:\/\/marktxxl.de\/markt\/produkt\/50-quadratische-briefumschlaege-16-x-16-cm-querlasche-mit-abziehstreifen-100g-farbeschnee-weiss-160-x-160-mm\/\" \/>\n<meta property=\"og:locale\" content=\"de_DE\" \/>\n<meta property=\"og:type\" content=\"article\" \/>\n<meta property=\"og:title\" content=\"50 Quadratische Briefumschl\u00e4ge 16 x 16 cm Querlasche mit Abziehstreifen (100g) Farbe:Schnee Wei\u00df 160 x 160 mm - Markt-XXL\" \/>\n<meta property=\"og:description\" content=\"Markt-XXL 50 Quadratische Briefumschl\u00e4ge 16 x 16 cm Querlasche mit Abziehstreifen (100g) Farbe:Schnee Wei\u00df 160 x 160 mm\" \/>\n<meta property=\"og:url\" content=\"https:\/\/marktxxl.de\/markt\/produkt\/50-quadratische-briefumschlaege-16-x-16-cm-querlasche-mit-abziehstreifen-100g-farbeschnee-weiss-160-x-160-mm\/\" \/>\n<meta property=\"og:site_name\" content=\"Markt-XXL\" \/>\n<meta property=\"article:modified_time\" content=\"2023-04-11T01:52:24+00:00\" \/>\n<meta property=\"og:image\" content=\"https:\/\/m.media-amazon.com\/images\/I\/21Rfiue1StL._SL500_.jpg\" \/>\n\t<meta property=\"og:image:width\" content=\"500\" \/>\n\t<meta property=\"og:image:height\" content=\"500\" \/>\n\t<meta property=\"og:image:type\" content=\"image\/jpeg\" \/>\n<meta name=\"twitter:card\" content=\"summary_large_image\" \/>\n<script type=\"application\/ld+json\" class=\"yoast-schema-graph\">{\"@context\":\"https:\\\/\\\/schema.org\",\"@graph\":[{\"@type\":\"WebPage\",\"@id\":\"https:\\\/\\\/marktxxl.de\\\/markt\\\/produkt\\\/50-quadratische-briefumschlaege-16-x-16-cm-querlasche-mit-abziehstreifen-100g-farbeschnee-weiss-160-x-160-mm\\\/\",\"url\":\"https:\\\/\\\/marktxxl.de\\\/markt\\\/produkt\\\/50-quadratische-briefumschlaege-16-x-16-cm-querlasche-mit-abziehstreifen-100g-farbeschnee-weiss-160-x-160-mm\\\/\",\"name\":\"50 Quadratische Briefumschl\u00e4ge 16 x 16 cm Querlasche mit Abziehstreifen (100g) Farbe:Schnee Wei\u00df 160 x 160 mm - Markt-XXL\",\"isPartOf\":{\"@id\":\"https:\\\/\\\/marktxxl.de\\\/markt\\\/#website\"},\"primaryImageOfPage\":{\"@id\":\"https:\\\/\\\/marktxxl.de\\\/markt\\\/produkt\\\/50-quadratische-briefumschlaege-16-x-16-cm-querlasche-mit-abziehstreifen-100g-farbeschnee-weiss-160-x-160-mm\\\/#primaryimage\"},\"image\":{\"@id\":\"https:\\\/\\\/marktxxl.de\\\/markt\\\/produkt\\\/50-quadratische-briefumschlaege-16-x-16-cm-querlasche-mit-abziehstreifen-100g-farbeschnee-weiss-160-x-160-mm\\\/#primaryimage\"},\"thumbnailUrl\":\"https:\\\/\\\/m.media-amazon.com\\\/images\\\/I\\\/21Rfiue1StL._SL500_.jpg\",\"datePublished\":\"2022-05-15T05:46:22+00:00\",\"dateModified\":\"2023-04-11T01:52:24+00:00\",\"description\":\"Markt-XXL 50 Quadratische Briefumschl\u00e4ge 16 x 16 cm Querlasche mit Abziehstreifen (100g) Farbe:Schnee Wei\u00df 160 x 160 mm\",\"breadcrumb\":{\"@id\":\"https:\\\/\\\/marktxxl.de\\\/markt\\\/produkt\\\/50-quadratische-briefumschlaege-16-x-16-cm-querlasche-mit-abziehstreifen-100g-farbeschnee-weiss-160-x-160-mm\\\/#breadcrumb\"},\"inLanguage\":\"de\",\"potentialAction\":[{\"@type\":\"ReadAction\",\"target\":[\"https:\\\/\\\/marktxxl.de\\\/markt\\\/produkt\\\/50-quadratische-briefumschlaege-16-x-16-cm-querlasche-mit-abziehstreifen-100g-farbeschnee-weiss-160-x-160-mm\\\/\"]}]},{\"@type\":\"ImageObject\",\"inLanguage\":\"de\",\"@id\":\"https:\\\/\\\/marktxxl.de\\\/markt\\\/produkt\\\/50-quadratische-briefumschlaege-16-x-16-cm-querlasche-mit-abziehstreifen-100g-farbeschnee-weiss-160-x-160-mm\\\/#primaryimage\",\"url\":\"https:\\\/\\\/m.media-amazon.com\\\/images\\\/I\\\/21Rfiue1StL._SL500_.jpg\",\"contentUrl\":\"https:\\\/\\\/m.media-amazon.com\\\/images\\\/I\\\/21Rfiue1StL._SL500_.jpg\",\"width\":500,\"height\":500},{\"@type\":\"BreadcrumbList\",\"@id\":\"https:\\\/\\\/marktxxl.de\\\/markt\\\/produkt\\\/50-quadratische-briefumschlaege-16-x-16-cm-querlasche-mit-abziehstreifen-100g-farbeschnee-weiss-160-x-160-mm\\\/#breadcrumb\",\"itemListElement\":[{\"@type\":\"ListItem\",\"position\":1,\"name\":\"Startseite\",\"item\":\"https:\\\/\\\/marktxxl.de\\\/markt\\\/\"},{\"@type\":\"ListItem\",\"position\":2,\"name\":\"Markt\",\"item\":\"https:\\\/\\\/marktxxl.de\\\/markt\\\/\"},{\"@type\":\"ListItem\",\"position\":3,\"name\":\"50 Quadratische Briefumschl\u00e4ge 16 x 16 cm Querlasche mit Abziehstreifen (100g) Farbe:Schnee Wei\u00df 160 x 160 mm\"}]},{\"@type\":\"WebSite\",\"@id\":\"https:\\\/\\\/marktxxl.de\\\/markt\\\/#website\",\"url\":\"https:\\\/\\\/marktxxl.de\\\/markt\\\/\",\"name\":\"Markt-XXL\",\"description\":\"Ihr Markt Online\",\"publisher\":{\"@id\":\"https:\\\/\\\/marktxxl.de\\\/markt\\\/#organization\"},\"potentialAction\":[{\"@type\":\"SearchAction\",\"target\":{\"@type\":\"EntryPoint\",\"urlTemplate\":\"https:\\\/\\\/marktxxl.de\\\/markt\\\/?s={search_term_string}\"},\"query-input\":{\"@type\":\"PropertyValueSpecification\",\"valueRequired\":true,\"valueName\":\"search_term_string\"}}],\"inLanguage\":\"de\"},{\"@type\":\"Organization\",\"@id\":\"https:\\\/\\\/marktxxl.de\\\/markt\\\/#organization\",\"name\":\"Markt-XXL\",\"url\":\"https:\\\/\\\/marktxxl.de\\\/markt\\\/\",\"logo\":{\"@type\":\"ImageObject\",\"inLanguage\":\"de\",\"@id\":\"https:\\\/\\\/marktxxl.de\\\/markt\\\/#\\\/schema\\\/logo\\\/image\\\/\",\"url\":\"https:\\\/\\\/marktxxl.de\\\/markt\\\/wp-content\\\/uploads\\\/sites\\\/3\\\/2020\\\/12\\\/logo.png\",\"contentUrl\":\"https:\\\/\\\/marktxxl.de\\\/markt\\\/wp-content\\\/uploads\\\/sites\\\/3\\\/2020\\\/12\\\/logo.png\",\"width\":200,\"height\":70,\"caption\":\"Markt-XXL\"},\"image\":{\"@id\":\"https:\\\/\\\/marktxxl.de\\\/markt\\\/#\\\/schema\\\/logo\\\/image\\\/\"}}]}<\/script>\n<!-- \/ Yoast SEO plugin. -->","yoast_head_json":{"title":"50 Quadratische Briefumschl\u00e4ge 16 x 16 cm Querlasche mit Abziehstreifen (100g) Farbe:Schnee Wei\u00df 160 x 160 mm - Markt-XXL","description":"Markt-XXL 50 Quadratische Briefumschl\u00e4ge 16 x 16 cm Querlasche mit Abziehstreifen (100g) Farbe:Schnee Wei\u00df 160 x 160 mm","robots":{"index":"index","follow":"follow","max-snippet":"max-snippet:-1","max-image-preview":"max-image-preview:large","max-video-preview":"max-video-preview:-1"},"canonical":"https:\/\/marktxxl.de\/markt\/produkt\/50-quadratische-briefumschlaege-16-x-16-cm-querlasche-mit-abziehstreifen-100g-farbeschnee-weiss-160-x-160-mm\/","og_locale":"de_DE","og_type":"article","og_title":"50 Quadratische Briefumschl\u00e4ge 16 x 16 cm Querlasche mit Abziehstreifen (100g) Farbe:Schnee Wei\u00df 160 x 160 mm - Markt-XXL","og_description":"Markt-XXL 50 Quadratische Briefumschl\u00e4ge 16 x 16 cm Querlasche mit Abziehstreifen (100g) Farbe:Schnee Wei\u00df 160 x 160 mm","og_url":"https:\/\/marktxxl.de\/markt\/produkt\/50-quadratische-briefumschlaege-16-x-16-cm-querlasche-mit-abziehstreifen-100g-farbeschnee-weiss-160-x-160-mm\/","og_site_name":"Markt-XXL","article_modified_time":"2023-04-11T01:52:24+00:00","og_image":[{"width":500,"height":500,"url":"https:\/\/m.media-amazon.com\/images\/I\/21Rfiue1StL._SL500_.jpg","type":"image\/jpeg"}],"twitter_card":"summary_large_image","schema":{"@context":"https:\/\/schema.org","@graph":[{"@type":"WebPage","@id":"https:\/\/marktxxl.de\/markt\/produkt\/50-quadratische-briefumschlaege-16-x-16-cm-querlasche-mit-abziehstreifen-100g-farbeschnee-weiss-160-x-160-mm\/","url":"https:\/\/marktxxl.de\/markt\/produkt\/50-quadratische-briefumschlaege-16-x-16-cm-querlasche-mit-abziehstreifen-100g-farbeschnee-weiss-160-x-160-mm\/","name":"50 Quadratische Briefumschl\u00e4ge 16 x 16 cm Querlasche mit Abziehstreifen (100g) Farbe:Schnee Wei\u00df 160 x 160 mm - Markt-XXL","isPartOf":{"@id":"https:\/\/marktxxl.de\/markt\/#website"},"primaryImageOfPage":{"@id":"https:\/\/marktxxl.de\/markt\/produkt\/50-quadratische-briefumschlaege-16-x-16-cm-querlasche-mit-abziehstreifen-100g-farbeschnee-weiss-160-x-160-mm\/#primaryimage"},"image":{"@id":"https:\/\/marktxxl.de\/markt\/produkt\/50-quadratische-briefumschlaege-16-x-16-cm-querlasche-mit-abziehstreifen-100g-farbeschnee-weiss-160-x-160-mm\/#primaryimage"},"thumbnailUrl":"https:\/\/m.media-amazon.com\/images\/I\/21Rfiue1StL._SL500_.jpg","datePublished":"2022-05-15T05:46:22+00:00","dateModified":"2023-04-11T01:52:24+00:00","description":"Markt-XXL 50 Quadratische Briefumschl\u00e4ge 16 x 16 cm Querlasche mit Abziehstreifen (100g) Farbe:Schnee Wei\u00df 160 x 160 mm","breadcrumb":{"@id":"https:\/\/marktxxl.de\/markt\/produkt\/50-quadratische-briefumschlaege-16-x-16-cm-querlasche-mit-abziehstreifen-100g-farbeschnee-weiss-160-x-160-mm\/#breadcrumb"},"inLanguage":"de","potentialAction":[{"@type":"ReadAction","target":["https:\/\/marktxxl.de\/markt\/produkt\/50-quadratische-briefumschlaege-16-x-16-cm-querlasche-mit-abziehstreifen-100g-farbeschnee-weiss-160-x-160-mm\/"]}]},{"@type":"ImageObject","inLanguage":"de","@id":"https:\/\/marktxxl.de\/markt\/produkt\/50-quadratische-briefumschlaege-16-x-16-cm-querlasche-mit-abziehstreifen-100g-farbeschnee-weiss-160-x-160-mm\/#primaryimage","url":"https:\/\/m.media-amazon.com\/images\/I\/21Rfiue1StL._SL500_.jpg","contentUrl":"https:\/\/m.media-amazon.com\/images\/I\/21Rfiue1StL._SL500_.jpg","width":500,"height":500},{"@type":"BreadcrumbList","@id":"https:\/\/marktxxl.de\/markt\/produkt\/50-quadratische-briefumschlaege-16-x-16-cm-querlasche-mit-abziehstreifen-100g-farbeschnee-weiss-160-x-160-mm\/#breadcrumb","itemListElement":[{"@type":"ListItem","position":1,"name":"Startseite","item":"https:\/\/marktxxl.de\/markt\/"},{"@type":"ListItem","position":2,"name":"Markt","item":"https:\/\/marktxxl.de\/markt\/"},{"@type":"ListItem","position":3,"name":"50 Quadratische Briefumschl\u00e4ge 16 x 16 cm Querlasche mit Abziehstreifen (100g) Farbe:Schnee Wei\u00df 160 x 160 mm"}]},{"@type":"WebSite","@id":"https:\/\/marktxxl.de\/markt\/#website","url":"https:\/\/marktxxl.de\/markt\/","name":"Markt-XXL","description":"Ihr Markt Online","publisher":{"@id":"https:\/\/marktxxl.de\/markt\/#organization"},"potentialAction":[{"@type":"SearchAction","target":{"@type":"EntryPoint","urlTemplate":"https:\/\/marktxxl.de\/markt\/?s={search_term_string}"},"query-input":{"@type":"PropertyValueSpecification","valueRequired":true,"valueName":"search_term_string"}}],"inLanguage":"de"},{"@type":"Organization","@id":"https:\/\/marktxxl.de\/markt\/#organization","name":"Markt-XXL","url":"https:\/\/marktxxl.de\/markt\/","logo":{"@type":"ImageObject","inLanguage":"de","@id":"https:\/\/marktxxl.de\/markt\/#\/schema\/logo\/image\/","url":"https:\/\/marktxxl.de\/markt\/wp-content\/uploads\/sites\/3\/2020\/12\/logo.png","contentUrl":"https:\/\/marktxxl.de\/markt\/wp-content\/uploads\/sites\/3\/2020\/12\/logo.png","width":200,"height":70,"caption":"Markt-XXL"},"image":{"@id":"https:\/\/marktxxl.de\/markt\/#\/schema\/logo\/image\/"}}]}},"_links":{"self":[{"href":"https:\/\/marktxxl.de\/markt\/wp-json\/wp\/v2\/product\/121681","targetHints":{"allow":["GET"]}}],"collection":[{"href":"https:\/\/marktxxl.de\/markt\/wp-json\/wp\/v2\/product"}],"about":[{"href":"https:\/\/marktxxl.de\/markt\/wp-json\/wp\/v2\/types\/product"}],"replies":[{"embeddable":true,"href":"https:\/\/marktxxl.de\/markt\/wp-json\/wp\/v2\/comments?post=121681"}],"wp:featuredmedia":[{"embeddable":true,"href":"https:\/\/marktxxl.de\/markt\/wp-json\/wp\/v2\/media\/121682"}],"wp:attachment":[{"href":"https:\/\/marktxxl.de\/markt\/wp-json\/wp\/v2\/media?parent=121681"}],"wp:term":[{"taxonomy":"product_brand","embeddable":true,"href":"https:\/\/marktxxl.de\/markt\/wp-json\/wp\/v2\/product_brand?post=121681"},{"taxonomy":"product_cat","embeddable":true,"href":"https:\/\/marktxxl.de\/markt\/wp-json\/wp\/v2\/product_cat?post=121681"},{"taxonomy":"product_tag","embeddable":true,"href":"https:\/\/marktxxl.de\/markt\/wp-json\/wp\/v2\/product_tag?post=121681"}],"curies":[{"name":"wp","href":"https:\/\/api.w.org\/{rel}","templated":true}]}}