{"id":121080,"date":"2022-05-15T05:32:35","date_gmt":"2022-05-15T03:32:35","guid":{"rendered":"https:\/\/marktxxl.de\/markt\/produkt\/tf-publishing-susan-branch-heart-of-the-home-wandkalender-2022-zuhause-und-buero-organizer-grosses-monatliches-gitter-fuer-plaene-4-bonus-monate\/"},"modified":"2023-04-11T03:52:14","modified_gmt":"2023-04-11T01:52:14","slug":"tf-publishing-susan-branch-heart-of-the-home-wandkalender-2022-zuhause-und-buero-organizer-grosses-monatliches-gitter-fuer-plaene-4-bonus-monate","status":"publish","type":"product","link":"https:\/\/marktxxl.de\/markt\/produkt\/tf-publishing-susan-branch-heart-of-the-home-wandkalender-2022-zuhause-und-buero-organizer-grosses-monatliches-gitter-fuer-plaene-4-bonus-monate\/","title":{"rendered":"TF PUBLISHING &#8211; Susan Branch (Heart of the Home) Wandkalender 2022 \u2013 Zuhause und B\u00fcro Organizer \u2013 gro\u00dfes monatliches\u2026"},"content":{"rendered":"<p>T\u00e4glich zu Hause inspirieren: Dieser handgeschriebene und wasserfarbige Susan Branch Kalender ist die perfekte Erg\u00e4nzung f\u00fcr Ihr Zuhause. Charme, Weisheit, leckere Rezepte \u2013 jeden Monat l\u00e4sst Sie feiern, was das Leben s\u00fc\u00df macht. Es ist ein tolles Geschenk f\u00fcr Ihre Freundinnen<br \/>\nOrganisierung: H\u00e4ngen Sie diesen 12-monatigen Kalender in Ihrem B\u00fcro oder zu Hause auf, damit Ihr Zeitplan immer sichtbar ist. Jede monatliche Aufteilung und das gro\u00dfe Gitter bieten den Raum f\u00fcr Ihre t\u00e4glichen Pl\u00e4ne und die Erinnerungen, die Sie brauchen. Es ist Ihr neuer pers\u00f6nlicher Assistent!<br \/>\nGeradliniges Design: Das zeitlose Layout macht diesen Kalender einfach zu verwenden. Reichlich Platz zum Schreiben und eine Bonusauflage mit einer 4-monatigen Ansicht von Januar bis April 2023 ist ebenfalls enthalten f\u00fcr eine schnelle Referenz und einen Vorsprung im kommenden Jahr.<br \/>\nHohe Qualit\u00e4t: Dieser 30,5 x 30,5 cm gro\u00dfe Wandkalender sieht nicht nur gut aus \u2013 er ist auch langlebig. Das dicke, matte Papier ist einfach mit Ihren Lieblingsstiften und Bleistiften zu beschriften ohne zu verschmieren, durchbluten oder zu verschmieren. Sie werden es bis zum letzten Tag haben<br \/>\nUmweltfreundlich: Seit 1996 ist TF Publishing einer der beliebtesten L\u00e4den f\u00fcr Schreibwarenprodukte. Unser umweltbewusstes Unternehmen ist der Reduzierung von Abf\u00e4llen und der Verwendung von Kunststoffen verpflichtet, recycelt und produziert &#8220;Ware ohne Schuld&#8221;.<br \/>\n<div class=\"main-cross-sell\" data-asin=\"B08RR2RXGN\">\n\n\t<div class=\"WooZone-cross-sell-loader\">\n\t\t<div>\n\t\t\t<div id=\"floatingBarsG\">\n\t\t\t\t<div class=\"blockG\" id=\"rotateG_01\"><\/div>\n\t\t\t\t<div class=\"blockG\" id=\"rotateG_02\"><\/div>\n\t\t\t\t<div class=\"blockG\" id=\"rotateG_03\"><\/div>\n\t\t\t\t<div class=\"blockG\" id=\"rotateG_04\"><\/div>\n\t\t\t\t<div class=\"blockG\" id=\"rotateG_05\"><\/div>\n\t\t\t\t<div class=\"blockG\" id=\"rotateG_06\"><\/div>\n\t\t\t\t<div class=\"blockG\" id=\"rotateG_07\"><\/div>\n\t\t\t\t<div class=\"blockG\" id=\"rotateG_08\"><\/div>\n\t\t\t<\/div>\n\t\t\t<div class=\"WooZone-cross-sell-loader-text\"><\/div>\n\t\t<\/div>\n\t<\/div>\n\n\t\t\n<\/div>\n<div style=\"clear:both;\"><\/div><\/p>\n","protected":false},"excerpt":{"rendered":"<p>T\u00e4glich zu Hause inspirieren: Dieser handgeschriebene und wasserfarbige Susan Branch Kalender ist die perfekte Erg\u00e4nzung f\u00fcr Ihr Zuhause. Charme, Weisheit, leckere Rezepte \u2013 jeden Monat l\u00e4sst Sie feiern, was das Leben s\u00fc\u00df macht. Es ist ein tolles Geschenk f\u00fcr Ihre Freundinnen<br \/>\nOrganisierung: H\u00e4ngen Sie diesen 12-monatigen Kalender in Ihrem B\u00fcro oder zu Hause auf, damit Ihr Zeitplan immer sichtbar ist. Jede monatliche Aufteilung und das gro\u00dfe Gitter bieten den Raum f\u00fcr Ihre t\u00e4glichen Pl\u00e4ne und die Erinnerungen, die Sie brauchen. Es ist Ihr neuer pers\u00f6nlicher Assistent!<br \/>\nGeradliniges Design: Das zeitlose Layout macht diesen Kalender einfach zu verwenden. Reichlich Platz zum Schreiben und eine Bonusauflage mit einer 4-monatigen Ansicht von Januar bis April 2023 ist ebenfalls enthalten f\u00fcr eine schnelle Referenz und einen Vorsprung im kommenden Jahr.<\/p>\n","protected":false},"featured_media":121081,"comment_status":"open","ping_status":"closed","template":"","meta":[],"product_brand":[],"product_cat":[504,8381],"product_tag":[],"class_list":{"0":"post-121080","1":"product","2":"type-product","3":"status-publish","4":"has-post-thumbnail","6":"product_cat-buerobedarf-schreibwaren","7":"product_cat-kalender-planer-und-organizer","8":"pa_brand-tf-publishing","9":"pa_height-12-zoll","10":"pa_length-0-13-zoll","11":"pa_manufacturer-tf-publishing","12":"pa_size-12-inch-x-12-inch","13":"pa_width-12-zoll","15":"first","16":"instock","17":"shipping-taxable","18":"purchasable","19":"product-type-simple","20":"customify-col","21":"product-has-gallery"},"yoast_head":"<!-- This site is optimized with the Yoast SEO plugin v27.4 - https:\/\/yoast.com\/product\/yoast-seo-wordpress\/ -->\n<title>TF PUBLISHING - Susan Branch (Heart of the Home) Wandkalender 2022 \u2013 Zuhause und B\u00fcro Organizer \u2013 gro\u00dfes monatliches\u2026 - Markt-XXL<\/title>\n<meta name=\"description\" content=\"Markt-XXL TF PUBLISHING - Susan Branch (Heart of the Home) Wandkalender 2022 \u2013 Zuhause und B\u00fcro Organizer \u2013 gro\u00dfes monatliches\u2026\" \/>\n<meta name=\"robots\" content=\"index, follow, max-snippet:-1, max-image-preview:large, max-video-preview:-1\" \/>\n<link rel=\"canonical\" href=\"https:\/\/marktxxl.de\/markt\/produkt\/tf-publishing-susan-branch-heart-of-the-home-wandkalender-2022-zuhause-und-buero-organizer-grosses-monatliches-gitter-fuer-plaene-4-bonus-monate\/\" \/>\n<meta property=\"og:locale\" content=\"de_DE\" \/>\n<meta property=\"og:type\" content=\"article\" \/>\n<meta property=\"og:title\" content=\"TF PUBLISHING - Susan Branch (Heart of the Home) Wandkalender 2022 \u2013 Zuhause und B\u00fcro Organizer \u2013 gro\u00dfes monatliches\u2026 - Markt-XXL\" \/>\n<meta property=\"og:description\" content=\"Markt-XXL TF PUBLISHING - Susan Branch (Heart of the Home) Wandkalender 2022 \u2013 Zuhause und B\u00fcro Organizer \u2013 gro\u00dfes monatliches\u2026\" \/>\n<meta property=\"og:url\" content=\"https:\/\/marktxxl.de\/markt\/produkt\/tf-publishing-susan-branch-heart-of-the-home-wandkalender-2022-zuhause-und-buero-organizer-grosses-monatliches-gitter-fuer-plaene-4-bonus-monate\/\" \/>\n<meta property=\"og:site_name\" content=\"Markt-XXL\" \/>\n<meta property=\"article:modified_time\" content=\"2023-04-11T01:52:14+00:00\" \/>\n<meta property=\"og:image\" content=\"https:\/\/m.media-amazon.com\/images\/I\/61B2-tQJTyS._SL500_.jpg\" \/>\n\t<meta property=\"og:image:width\" content=\"500\" \/>\n\t<meta property=\"og:image:height\" content=\"500\" \/>\n\t<meta property=\"og:image:type\" content=\"image\/jpeg\" \/>\n<meta name=\"twitter:card\" content=\"summary_large_image\" \/>\n<meta name=\"twitter:label1\" content=\"Gesch\u00e4tzte Lesezeit\" \/>\n\t<meta name=\"twitter:data1\" content=\"1\u00a0Minute\" \/>\n<script type=\"application\/ld+json\" class=\"yoast-schema-graph\">{\"@context\":\"https:\\\/\\\/schema.org\",\"@graph\":[{\"@type\":\"WebPage\",\"@id\":\"https:\\\/\\\/marktxxl.de\\\/markt\\\/produkt\\\/tf-publishing-susan-branch-heart-of-the-home-wandkalender-2022-zuhause-und-buero-organizer-grosses-monatliches-gitter-fuer-plaene-4-bonus-monate\\\/\",\"url\":\"https:\\\/\\\/marktxxl.de\\\/markt\\\/produkt\\\/tf-publishing-susan-branch-heart-of-the-home-wandkalender-2022-zuhause-und-buero-organizer-grosses-monatliches-gitter-fuer-plaene-4-bonus-monate\\\/\",\"name\":\"TF PUBLISHING - Susan Branch (Heart of the Home) Wandkalender 2022 \u2013 Zuhause und B\u00fcro Organizer \u2013 gro\u00dfes monatliches\u2026 - Markt-XXL\",\"isPartOf\":{\"@id\":\"https:\\\/\\\/marktxxl.de\\\/markt\\\/#website\"},\"primaryImageOfPage\":{\"@id\":\"https:\\\/\\\/marktxxl.de\\\/markt\\\/produkt\\\/tf-publishing-susan-branch-heart-of-the-home-wandkalender-2022-zuhause-und-buero-organizer-grosses-monatliches-gitter-fuer-plaene-4-bonus-monate\\\/#primaryimage\"},\"image\":{\"@id\":\"https:\\\/\\\/marktxxl.de\\\/markt\\\/produkt\\\/tf-publishing-susan-branch-heart-of-the-home-wandkalender-2022-zuhause-und-buero-organizer-grosses-monatliches-gitter-fuer-plaene-4-bonus-monate\\\/#primaryimage\"},\"thumbnailUrl\":\"https:\\\/\\\/m.media-amazon.com\\\/images\\\/I\\\/61B2-tQJTyS._SL500_.jpg\",\"datePublished\":\"2022-05-15T03:32:35+00:00\",\"dateModified\":\"2023-04-11T01:52:14+00:00\",\"description\":\"Markt-XXL TF PUBLISHING - Susan Branch (Heart of the Home) Wandkalender 2022 \u2013 Zuhause und B\u00fcro Organizer \u2013 gro\u00dfes monatliches\u2026\",\"breadcrumb\":{\"@id\":\"https:\\\/\\\/marktxxl.de\\\/markt\\\/produkt\\\/tf-publishing-susan-branch-heart-of-the-home-wandkalender-2022-zuhause-und-buero-organizer-grosses-monatliches-gitter-fuer-plaene-4-bonus-monate\\\/#breadcrumb\"},\"inLanguage\":\"de\",\"potentialAction\":[{\"@type\":\"ReadAction\",\"target\":[\"https:\\\/\\\/marktxxl.de\\\/markt\\\/produkt\\\/tf-publishing-susan-branch-heart-of-the-home-wandkalender-2022-zuhause-und-buero-organizer-grosses-monatliches-gitter-fuer-plaene-4-bonus-monate\\\/\"]}]},{\"@type\":\"ImageObject\",\"inLanguage\":\"de\",\"@id\":\"https:\\\/\\\/marktxxl.de\\\/markt\\\/produkt\\\/tf-publishing-susan-branch-heart-of-the-home-wandkalender-2022-zuhause-und-buero-organizer-grosses-monatliches-gitter-fuer-plaene-4-bonus-monate\\\/#primaryimage\",\"url\":\"https:\\\/\\\/m.media-amazon.com\\\/images\\\/I\\\/61B2-tQJTyS._SL500_.jpg\",\"contentUrl\":\"https:\\\/\\\/m.media-amazon.com\\\/images\\\/I\\\/61B2-tQJTyS._SL500_.jpg\",\"width\":500,\"height\":500},{\"@type\":\"BreadcrumbList\",\"@id\":\"https:\\\/\\\/marktxxl.de\\\/markt\\\/produkt\\\/tf-publishing-susan-branch-heart-of-the-home-wandkalender-2022-zuhause-und-buero-organizer-grosses-monatliches-gitter-fuer-plaene-4-bonus-monate\\\/#breadcrumb\",\"itemListElement\":[{\"@type\":\"ListItem\",\"position\":1,\"name\":\"Startseite\",\"item\":\"https:\\\/\\\/marktxxl.de\\\/markt\\\/\"},{\"@type\":\"ListItem\",\"position\":2,\"name\":\"Markt\",\"item\":\"https:\\\/\\\/marktxxl.de\\\/markt\\\/\"},{\"@type\":\"ListItem\",\"position\":3,\"name\":\"TF PUBLISHING &#8211; Susan Branch (Heart of the Home) Wandkalender 2022 \u2013 Zuhause und B\u00fcro Organizer \u2013 gro\u00dfes monatliches\u2026\"}]},{\"@type\":\"WebSite\",\"@id\":\"https:\\\/\\\/marktxxl.de\\\/markt\\\/#website\",\"url\":\"https:\\\/\\\/marktxxl.de\\\/markt\\\/\",\"name\":\"Markt-XXL\",\"description\":\"Ihr Markt Online\",\"publisher\":{\"@id\":\"https:\\\/\\\/marktxxl.de\\\/markt\\\/#organization\"},\"potentialAction\":[{\"@type\":\"SearchAction\",\"target\":{\"@type\":\"EntryPoint\",\"urlTemplate\":\"https:\\\/\\\/marktxxl.de\\\/markt\\\/?s={search_term_string}\"},\"query-input\":{\"@type\":\"PropertyValueSpecification\",\"valueRequired\":true,\"valueName\":\"search_term_string\"}}],\"inLanguage\":\"de\"},{\"@type\":\"Organization\",\"@id\":\"https:\\\/\\\/marktxxl.de\\\/markt\\\/#organization\",\"name\":\"Markt-XXL\",\"url\":\"https:\\\/\\\/marktxxl.de\\\/markt\\\/\",\"logo\":{\"@type\":\"ImageObject\",\"inLanguage\":\"de\",\"@id\":\"https:\\\/\\\/marktxxl.de\\\/markt\\\/#\\\/schema\\\/logo\\\/image\\\/\",\"url\":\"https:\\\/\\\/marktxxl.de\\\/markt\\\/wp-content\\\/uploads\\\/sites\\\/3\\\/2020\\\/12\\\/logo.png\",\"contentUrl\":\"https:\\\/\\\/marktxxl.de\\\/markt\\\/wp-content\\\/uploads\\\/sites\\\/3\\\/2020\\\/12\\\/logo.png\",\"width\":200,\"height\":70,\"caption\":\"Markt-XXL\"},\"image\":{\"@id\":\"https:\\\/\\\/marktxxl.de\\\/markt\\\/#\\\/schema\\\/logo\\\/image\\\/\"}}]}<\/script>\n<!-- \/ Yoast SEO plugin. -->","yoast_head_json":{"title":"TF PUBLISHING - Susan Branch (Heart of the Home) Wandkalender 2022 \u2013 Zuhause und B\u00fcro Organizer \u2013 gro\u00dfes monatliches\u2026 - Markt-XXL","description":"Markt-XXL TF PUBLISHING - Susan Branch (Heart of the Home) Wandkalender 2022 \u2013 Zuhause und B\u00fcro Organizer \u2013 gro\u00dfes monatliches\u2026","robots":{"index":"index","follow":"follow","max-snippet":"max-snippet:-1","max-image-preview":"max-image-preview:large","max-video-preview":"max-video-preview:-1"},"canonical":"https:\/\/marktxxl.de\/markt\/produkt\/tf-publishing-susan-branch-heart-of-the-home-wandkalender-2022-zuhause-und-buero-organizer-grosses-monatliches-gitter-fuer-plaene-4-bonus-monate\/","og_locale":"de_DE","og_type":"article","og_title":"TF PUBLISHING - Susan Branch (Heart of the Home) Wandkalender 2022 \u2013 Zuhause und B\u00fcro Organizer \u2013 gro\u00dfes monatliches\u2026 - Markt-XXL","og_description":"Markt-XXL TF PUBLISHING - Susan Branch (Heart of the Home) Wandkalender 2022 \u2013 Zuhause und B\u00fcro Organizer \u2013 gro\u00dfes monatliches\u2026","og_url":"https:\/\/marktxxl.de\/markt\/produkt\/tf-publishing-susan-branch-heart-of-the-home-wandkalender-2022-zuhause-und-buero-organizer-grosses-monatliches-gitter-fuer-plaene-4-bonus-monate\/","og_site_name":"Markt-XXL","article_modified_time":"2023-04-11T01:52:14+00:00","og_image":[{"width":500,"height":500,"url":"https:\/\/m.media-amazon.com\/images\/I\/61B2-tQJTyS._SL500_.jpg","type":"image\/jpeg"}],"twitter_card":"summary_large_image","twitter_misc":{"Gesch\u00e4tzte Lesezeit":"1\u00a0Minute"},"schema":{"@context":"https:\/\/schema.org","@graph":[{"@type":"WebPage","@id":"https:\/\/marktxxl.de\/markt\/produkt\/tf-publishing-susan-branch-heart-of-the-home-wandkalender-2022-zuhause-und-buero-organizer-grosses-monatliches-gitter-fuer-plaene-4-bonus-monate\/","url":"https:\/\/marktxxl.de\/markt\/produkt\/tf-publishing-susan-branch-heart-of-the-home-wandkalender-2022-zuhause-und-buero-organizer-grosses-monatliches-gitter-fuer-plaene-4-bonus-monate\/","name":"TF PUBLISHING - Susan Branch (Heart of the Home) Wandkalender 2022 \u2013 Zuhause und B\u00fcro Organizer \u2013 gro\u00dfes monatliches\u2026 - Markt-XXL","isPartOf":{"@id":"https:\/\/marktxxl.de\/markt\/#website"},"primaryImageOfPage":{"@id":"https:\/\/marktxxl.de\/markt\/produkt\/tf-publishing-susan-branch-heart-of-the-home-wandkalender-2022-zuhause-und-buero-organizer-grosses-monatliches-gitter-fuer-plaene-4-bonus-monate\/#primaryimage"},"image":{"@id":"https:\/\/marktxxl.de\/markt\/produkt\/tf-publishing-susan-branch-heart-of-the-home-wandkalender-2022-zuhause-und-buero-organizer-grosses-monatliches-gitter-fuer-plaene-4-bonus-monate\/#primaryimage"},"thumbnailUrl":"https:\/\/m.media-amazon.com\/images\/I\/61B2-tQJTyS._SL500_.jpg","datePublished":"2022-05-15T03:32:35+00:00","dateModified":"2023-04-11T01:52:14+00:00","description":"Markt-XXL TF PUBLISHING - Susan Branch (Heart of the Home) Wandkalender 2022 \u2013 Zuhause und B\u00fcro Organizer \u2013 gro\u00dfes monatliches\u2026","breadcrumb":{"@id":"https:\/\/marktxxl.de\/markt\/produkt\/tf-publishing-susan-branch-heart-of-the-home-wandkalender-2022-zuhause-und-buero-organizer-grosses-monatliches-gitter-fuer-plaene-4-bonus-monate\/#breadcrumb"},"inLanguage":"de","potentialAction":[{"@type":"ReadAction","target":["https:\/\/marktxxl.de\/markt\/produkt\/tf-publishing-susan-branch-heart-of-the-home-wandkalender-2022-zuhause-und-buero-organizer-grosses-monatliches-gitter-fuer-plaene-4-bonus-monate\/"]}]},{"@type":"ImageObject","inLanguage":"de","@id":"https:\/\/marktxxl.de\/markt\/produkt\/tf-publishing-susan-branch-heart-of-the-home-wandkalender-2022-zuhause-und-buero-organizer-grosses-monatliches-gitter-fuer-plaene-4-bonus-monate\/#primaryimage","url":"https:\/\/m.media-amazon.com\/images\/I\/61B2-tQJTyS._SL500_.jpg","contentUrl":"https:\/\/m.media-amazon.com\/images\/I\/61B2-tQJTyS._SL500_.jpg","width":500,"height":500},{"@type":"BreadcrumbList","@id":"https:\/\/marktxxl.de\/markt\/produkt\/tf-publishing-susan-branch-heart-of-the-home-wandkalender-2022-zuhause-und-buero-organizer-grosses-monatliches-gitter-fuer-plaene-4-bonus-monate\/#breadcrumb","itemListElement":[{"@type":"ListItem","position":1,"name":"Startseite","item":"https:\/\/marktxxl.de\/markt\/"},{"@type":"ListItem","position":2,"name":"Markt","item":"https:\/\/marktxxl.de\/markt\/"},{"@type":"ListItem","position":3,"name":"TF PUBLISHING &#8211; Susan Branch (Heart of the Home) Wandkalender 2022 \u2013 Zuhause und B\u00fcro Organizer \u2013 gro\u00dfes monatliches\u2026"}]},{"@type":"WebSite","@id":"https:\/\/marktxxl.de\/markt\/#website","url":"https:\/\/marktxxl.de\/markt\/","name":"Markt-XXL","description":"Ihr Markt Online","publisher":{"@id":"https:\/\/marktxxl.de\/markt\/#organization"},"potentialAction":[{"@type":"SearchAction","target":{"@type":"EntryPoint","urlTemplate":"https:\/\/marktxxl.de\/markt\/?s={search_term_string}"},"query-input":{"@type":"PropertyValueSpecification","valueRequired":true,"valueName":"search_term_string"}}],"inLanguage":"de"},{"@type":"Organization","@id":"https:\/\/marktxxl.de\/markt\/#organization","name":"Markt-XXL","url":"https:\/\/marktxxl.de\/markt\/","logo":{"@type":"ImageObject","inLanguage":"de","@id":"https:\/\/marktxxl.de\/markt\/#\/schema\/logo\/image\/","url":"https:\/\/marktxxl.de\/markt\/wp-content\/uploads\/sites\/3\/2020\/12\/logo.png","contentUrl":"https:\/\/marktxxl.de\/markt\/wp-content\/uploads\/sites\/3\/2020\/12\/logo.png","width":200,"height":70,"caption":"Markt-XXL"},"image":{"@id":"https:\/\/marktxxl.de\/markt\/#\/schema\/logo\/image\/"}}]}},"_links":{"self":[{"href":"https:\/\/marktxxl.de\/markt\/wp-json\/wp\/v2\/product\/121080","targetHints":{"allow":["GET"]}}],"collection":[{"href":"https:\/\/marktxxl.de\/markt\/wp-json\/wp\/v2\/product"}],"about":[{"href":"https:\/\/marktxxl.de\/markt\/wp-json\/wp\/v2\/types\/product"}],"replies":[{"embeddable":true,"href":"https:\/\/marktxxl.de\/markt\/wp-json\/wp\/v2\/comments?post=121080"}],"wp:featuredmedia":[{"embeddable":true,"href":"https:\/\/marktxxl.de\/markt\/wp-json\/wp\/v2\/media\/121081"}],"wp:attachment":[{"href":"https:\/\/marktxxl.de\/markt\/wp-json\/wp\/v2\/media?parent=121080"}],"wp:term":[{"taxonomy":"product_brand","embeddable":true,"href":"https:\/\/marktxxl.de\/markt\/wp-json\/wp\/v2\/product_brand?post=121080"},{"taxonomy":"product_cat","embeddable":true,"href":"https:\/\/marktxxl.de\/markt\/wp-json\/wp\/v2\/product_cat?post=121080"},{"taxonomy":"product_tag","embeddable":true,"href":"https:\/\/marktxxl.de\/markt\/wp-json\/wp\/v2\/product_tag?post=121080"}],"curies":[{"name":"wp","href":"https:\/\/api.w.org\/{rel}","templated":true}]}}