{"id":120974,"date":"2022-05-15T05:28:33","date_gmt":"2022-05-15T03:28:33","guid":{"rendered":"https:\/\/marktxxl.de\/markt\/produkt\/vivo-stand-ac01r-halterung-fuer-duenne-glasplatten-und-andere-zerbrechliche-tischplatten-aus-stahl-mit-klemme-kompatibel-mit-den-meisten-monitorstaendern\/"},"modified":"2023-04-11T03:51:36","modified_gmt":"2023-04-11T01:51:36","slug":"vivo-stand-ac01r-halterung-fuer-duenne-glasplatten-und-andere-zerbrechliche-tischplatten-aus-stahl-mit-klemme-kompatibel-mit-den-meisten-monitorstaendern","status":"publish","type":"product","link":"https:\/\/marktxxl.de\/markt\/produkt\/vivo-stand-ac01r-halterung-fuer-duenne-glasplatten-und-andere-zerbrechliche-tischplatten-aus-stahl-mit-klemme-kompatibel-mit-den-meisten-monitorstaendern\/","title":{"rendered":"VIVO Stahlverst\u00e4rkung Halterung Halterung Halterung Platte f\u00fcr d\u00fcnne, Glas und andere zerbrechliche Tischplatten\u2026"},"content":{"rendered":"<p>VIVO Verst\u00e4rkungsklammern \u2013 Wir schaffen erschwingliche L\u00f6sungen, die mit Kreativit\u00e4t und Qualit\u00e4t entwickelt wurden, um Ihren einzigartigen Arbeitsplatz zu ver\u00e4ndern. STAND-AC01R ist ein Stahlverst\u00e4rkungsb\u00fcgel-Set, das zus\u00e4tzliche Unterst\u00fctzung f\u00fcr Ihre Tischklemme und Monitoreinstellungen bietet.<br \/>\nSolide Konstruktion \u2013 Die robuste Stahlkonstruktion wurde entwickelt, um Ihren Monitor jederzeit sicher und sicher zu halten. Die zus\u00e4tzliche Unterst\u00fctzung dieser Platten erh\u00f6ht die Stabilit\u00e4t Ihres gesamten Monitors.<br \/>\nErh\u00f6hte Stabilit\u00e4t \u2013 Diese Verst\u00e4rkungshalterung verringert die zentralisierte Schreibtischbelastung, indem das Gewicht auf eine gr\u00f6\u00dfere Fl\u00e4che verteilt wird (die Haupthalterung misst 19,1 x 15,1 cm). Dadurch k\u00f6nnen d\u00fcnnere Tischplatten mehr Gewicht bew\u00e4ltigen und auch schwere St\u00e4nder f\u00fcr mehrere Monitore unterst\u00fctzen.<br \/>\nKompatibilit\u00e4t \u2013 Dieses Produkt ist f\u00fcr die Montage von C-Klemmen konzipiert und passt auf die meisten Arten von C-Klemmen auf dem Markt. Eine Anti-Rutsch-Platte ist im Lieferumfang enthalten und wird an der Unterseite der Hauptplatte befestigt, um Ihre Schreibtischfl\u00e4che vor Abnutzung und Kratzern zu sch\u00fctzen.<br \/>\nEinfache Installation \u2013 Minimale Montage ist erforderlich, und die Installation ist ein schneller und einfacher Prozess mit der Ausrichtung der Halterungen an der C-Klemme, so dass Sie die Stabilit\u00e4t Ihres Schreibtischs und Monitors in k\u00fcrzester Zeit erh\u00f6hen k\u00f6nnen.<br \/>\n<div class=\"main-cross-sell\" data-asin=\"B07NNVJHRY\">\n\n\t<div class=\"WooZone-cross-sell-loader\">\n\t\t<div>\n\t\t\t<div id=\"floatingBarsG\">\n\t\t\t\t<div class=\"blockG\" id=\"rotateG_01\"><\/div>\n\t\t\t\t<div class=\"blockG\" id=\"rotateG_02\"><\/div>\n\t\t\t\t<div class=\"blockG\" id=\"rotateG_03\"><\/div>\n\t\t\t\t<div class=\"blockG\" id=\"rotateG_04\"><\/div>\n\t\t\t\t<div class=\"blockG\" id=\"rotateG_05\"><\/div>\n\t\t\t\t<div class=\"blockG\" id=\"rotateG_06\"><\/div>\n\t\t\t\t<div class=\"blockG\" id=\"rotateG_07\"><\/div>\n\t\t\t\t<div class=\"blockG\" id=\"rotateG_08\"><\/div>\n\t\t\t<\/div>\n\t\t\t<div class=\"WooZone-cross-sell-loader-text\"><\/div>\n\t\t<\/div>\n\t<\/div>\n\n\t\t\n<\/div>\n<div style=\"clear:both;\"><\/div><\/p>\n","protected":false},"excerpt":{"rendered":"<p>VIVO Verst\u00e4rkungsklammern \u2013 Wir schaffen erschwingliche L\u00f6sungen, die mit Kreativit\u00e4t und Qualit\u00e4t entwickelt wurden, um Ihren einzigartigen Arbeitsplatz zu ver\u00e4ndern. STAND-AC01R ist ein Stahlverst\u00e4rkungsb\u00fcgel-Set, das zus\u00e4tzliche Unterst\u00fctzung f\u00fcr Ihre Tischklemme und Monitoreinstellungen bietet.<br \/>\nSolide Konstruktion \u2013 Die robuste Stahlkonstruktion wurde entwickelt, um Ihren Monitor jederzeit sicher und sicher zu halten. Die zus\u00e4tzliche Unterst\u00fctzung dieser Platten erh\u00f6ht die Stabilit\u00e4t Ihres gesamten Monitors.<br \/>\nErh\u00f6hte Stabilit\u00e4t \u2013 Diese Verst\u00e4rkungshalterung verringert die zentralisierte Schreibtischbelastung, indem das Gewicht auf eine gr\u00f6\u00dfere Fl\u00e4che verteilt wird (die Haupthalterung misst 19,1 x 15,1 cm). Dadurch k\u00f6nnen d\u00fcnnere Tischplatten mehr Gewicht bew\u00e4ltigen und auch schwere St\u00e4nder f\u00fcr mehrere Monitore unterst\u00fctzen.<\/p>\n","protected":false},"featured_media":120975,"comment_status":"open","ping_status":"closed","template":"","meta":[],"product_brand":[],"product_cat":[504,8312],"product_tag":[],"class_list":{"0":"post-120974","1":"product","2":"type-product","3":"status-publish","4":"has-post-thumbnail","6":"product_cat-buerobedarf-schreibwaren","7":"product_cat-bueromoebel-beleuchtung","8":"pa_binding-personal-computers","9":"pa_brand-unbekannt","10":"pa_color-schwarz","11":"pa_manufacturer-vivo","12":"pa_model-stand-ac01r","14":"first","15":"instock","16":"shipping-taxable","17":"purchasable","18":"product-type-simple","19":"customify-col","20":"product-has-gallery"},"yoast_head":"<!-- This site is optimized with the Yoast SEO plugin v27.4 - https:\/\/yoast.com\/product\/yoast-seo-wordpress\/ -->\n<title>VIVO Stahlverst\u00e4rkung Halterung Halterung Halterung Platte f\u00fcr d\u00fcnne, Glas und andere zerbrechliche Tischplatten\u2026 - Markt-XXL<\/title>\n<meta name=\"description\" content=\"Markt-XXL VIVO Stahlverst\u00e4rkung Halterung Halterung Halterung Platte f\u00fcr d\u00fcnne, Glas und andere zerbrechliche Tischplatten\u2026\" \/>\n<meta name=\"robots\" content=\"index, follow, max-snippet:-1, max-image-preview:large, max-video-preview:-1\" \/>\n<link rel=\"canonical\" href=\"https:\/\/marktxxl.de\/markt\/produkt\/vivo-stand-ac01r-halterung-fuer-duenne-glasplatten-und-andere-zerbrechliche-tischplatten-aus-stahl-mit-klemme-kompatibel-mit-den-meisten-monitorstaendern\/\" \/>\n<meta property=\"og:locale\" content=\"de_DE\" \/>\n<meta property=\"og:type\" content=\"article\" \/>\n<meta property=\"og:title\" content=\"VIVO Stahlverst\u00e4rkung Halterung Halterung Halterung Platte f\u00fcr d\u00fcnne, Glas und andere zerbrechliche Tischplatten\u2026 - Markt-XXL\" \/>\n<meta property=\"og:description\" content=\"Markt-XXL VIVO Stahlverst\u00e4rkung Halterung Halterung Halterung Platte f\u00fcr d\u00fcnne, Glas und andere zerbrechliche Tischplatten\u2026\" \/>\n<meta property=\"og:url\" content=\"https:\/\/marktxxl.de\/markt\/produkt\/vivo-stand-ac01r-halterung-fuer-duenne-glasplatten-und-andere-zerbrechliche-tischplatten-aus-stahl-mit-klemme-kompatibel-mit-den-meisten-monitorstaendern\/\" \/>\n<meta property=\"og:site_name\" content=\"Markt-XXL\" \/>\n<meta property=\"article:modified_time\" content=\"2023-04-11T01:51:36+00:00\" \/>\n<meta property=\"og:image\" content=\"https:\/\/m.media-amazon.com\/images\/I\/31VKRO2q0gS._SL500_.jpg\" \/>\n\t<meta property=\"og:image:width\" content=\"500\" \/>\n\t<meta property=\"og:image:height\" content=\"500\" \/>\n\t<meta property=\"og:image:type\" content=\"image\/jpeg\" \/>\n<meta name=\"twitter:card\" content=\"summary_large_image\" \/>\n<meta name=\"twitter:label1\" content=\"Gesch\u00e4tzte Lesezeit\" \/>\n\t<meta name=\"twitter:data1\" content=\"1\u00a0Minute\" \/>\n<script type=\"application\/ld+json\" class=\"yoast-schema-graph\">{\"@context\":\"https:\\\/\\\/schema.org\",\"@graph\":[{\"@type\":\"WebPage\",\"@id\":\"https:\\\/\\\/marktxxl.de\\\/markt\\\/produkt\\\/vivo-stand-ac01r-halterung-fuer-duenne-glasplatten-und-andere-zerbrechliche-tischplatten-aus-stahl-mit-klemme-kompatibel-mit-den-meisten-monitorstaendern\\\/\",\"url\":\"https:\\\/\\\/marktxxl.de\\\/markt\\\/produkt\\\/vivo-stand-ac01r-halterung-fuer-duenne-glasplatten-und-andere-zerbrechliche-tischplatten-aus-stahl-mit-klemme-kompatibel-mit-den-meisten-monitorstaendern\\\/\",\"name\":\"VIVO Stahlverst\u00e4rkung Halterung Halterung Halterung Platte f\u00fcr d\u00fcnne, Glas und andere zerbrechliche Tischplatten\u2026 - Markt-XXL\",\"isPartOf\":{\"@id\":\"https:\\\/\\\/marktxxl.de\\\/markt\\\/#website\"},\"primaryImageOfPage\":{\"@id\":\"https:\\\/\\\/marktxxl.de\\\/markt\\\/produkt\\\/vivo-stand-ac01r-halterung-fuer-duenne-glasplatten-und-andere-zerbrechliche-tischplatten-aus-stahl-mit-klemme-kompatibel-mit-den-meisten-monitorstaendern\\\/#primaryimage\"},\"image\":{\"@id\":\"https:\\\/\\\/marktxxl.de\\\/markt\\\/produkt\\\/vivo-stand-ac01r-halterung-fuer-duenne-glasplatten-und-andere-zerbrechliche-tischplatten-aus-stahl-mit-klemme-kompatibel-mit-den-meisten-monitorstaendern\\\/#primaryimage\"},\"thumbnailUrl\":\"https:\\\/\\\/m.media-amazon.com\\\/images\\\/I\\\/31VKRO2q0gS._SL500_.jpg\",\"datePublished\":\"2022-05-15T03:28:33+00:00\",\"dateModified\":\"2023-04-11T01:51:36+00:00\",\"description\":\"Markt-XXL VIVO Stahlverst\u00e4rkung Halterung Halterung Halterung Platte f\u00fcr d\u00fcnne, Glas und andere zerbrechliche Tischplatten\u2026\",\"breadcrumb\":{\"@id\":\"https:\\\/\\\/marktxxl.de\\\/markt\\\/produkt\\\/vivo-stand-ac01r-halterung-fuer-duenne-glasplatten-und-andere-zerbrechliche-tischplatten-aus-stahl-mit-klemme-kompatibel-mit-den-meisten-monitorstaendern\\\/#breadcrumb\"},\"inLanguage\":\"de\",\"potentialAction\":[{\"@type\":\"ReadAction\",\"target\":[\"https:\\\/\\\/marktxxl.de\\\/markt\\\/produkt\\\/vivo-stand-ac01r-halterung-fuer-duenne-glasplatten-und-andere-zerbrechliche-tischplatten-aus-stahl-mit-klemme-kompatibel-mit-den-meisten-monitorstaendern\\\/\"]}]},{\"@type\":\"ImageObject\",\"inLanguage\":\"de\",\"@id\":\"https:\\\/\\\/marktxxl.de\\\/markt\\\/produkt\\\/vivo-stand-ac01r-halterung-fuer-duenne-glasplatten-und-andere-zerbrechliche-tischplatten-aus-stahl-mit-klemme-kompatibel-mit-den-meisten-monitorstaendern\\\/#primaryimage\",\"url\":\"https:\\\/\\\/m.media-amazon.com\\\/images\\\/I\\\/31VKRO2q0gS._SL500_.jpg\",\"contentUrl\":\"https:\\\/\\\/m.media-amazon.com\\\/images\\\/I\\\/31VKRO2q0gS._SL500_.jpg\",\"width\":500,\"height\":500},{\"@type\":\"BreadcrumbList\",\"@id\":\"https:\\\/\\\/marktxxl.de\\\/markt\\\/produkt\\\/vivo-stand-ac01r-halterung-fuer-duenne-glasplatten-und-andere-zerbrechliche-tischplatten-aus-stahl-mit-klemme-kompatibel-mit-den-meisten-monitorstaendern\\\/#breadcrumb\",\"itemListElement\":[{\"@type\":\"ListItem\",\"position\":1,\"name\":\"Startseite\",\"item\":\"https:\\\/\\\/marktxxl.de\\\/markt\\\/\"},{\"@type\":\"ListItem\",\"position\":2,\"name\":\"Markt\",\"item\":\"https:\\\/\\\/marktxxl.de\\\/markt\\\/\"},{\"@type\":\"ListItem\",\"position\":3,\"name\":\"VIVO Stahlverst\u00e4rkung Halterung Halterung Halterung Platte f\u00fcr d\u00fcnne, Glas und andere zerbrechliche Tischplatten\u2026\"}]},{\"@type\":\"WebSite\",\"@id\":\"https:\\\/\\\/marktxxl.de\\\/markt\\\/#website\",\"url\":\"https:\\\/\\\/marktxxl.de\\\/markt\\\/\",\"name\":\"Markt-XXL\",\"description\":\"Ihr Markt Online\",\"publisher\":{\"@id\":\"https:\\\/\\\/marktxxl.de\\\/markt\\\/#organization\"},\"potentialAction\":[{\"@type\":\"SearchAction\",\"target\":{\"@type\":\"EntryPoint\",\"urlTemplate\":\"https:\\\/\\\/marktxxl.de\\\/markt\\\/?s={search_term_string}\"},\"query-input\":{\"@type\":\"PropertyValueSpecification\",\"valueRequired\":true,\"valueName\":\"search_term_string\"}}],\"inLanguage\":\"de\"},{\"@type\":\"Organization\",\"@id\":\"https:\\\/\\\/marktxxl.de\\\/markt\\\/#organization\",\"name\":\"Markt-XXL\",\"url\":\"https:\\\/\\\/marktxxl.de\\\/markt\\\/\",\"logo\":{\"@type\":\"ImageObject\",\"inLanguage\":\"de\",\"@id\":\"https:\\\/\\\/marktxxl.de\\\/markt\\\/#\\\/schema\\\/logo\\\/image\\\/\",\"url\":\"https:\\\/\\\/marktxxl.de\\\/markt\\\/wp-content\\\/uploads\\\/sites\\\/3\\\/2020\\\/12\\\/logo.png\",\"contentUrl\":\"https:\\\/\\\/marktxxl.de\\\/markt\\\/wp-content\\\/uploads\\\/sites\\\/3\\\/2020\\\/12\\\/logo.png\",\"width\":200,\"height\":70,\"caption\":\"Markt-XXL\"},\"image\":{\"@id\":\"https:\\\/\\\/marktxxl.de\\\/markt\\\/#\\\/schema\\\/logo\\\/image\\\/\"}}]}<\/script>\n<!-- \/ Yoast SEO plugin. -->","yoast_head_json":{"title":"VIVO Stahlverst\u00e4rkung Halterung Halterung Halterung Platte f\u00fcr d\u00fcnne, Glas und andere zerbrechliche Tischplatten\u2026 - Markt-XXL","description":"Markt-XXL VIVO Stahlverst\u00e4rkung Halterung Halterung Halterung Platte f\u00fcr d\u00fcnne, Glas und andere zerbrechliche Tischplatten\u2026","robots":{"index":"index","follow":"follow","max-snippet":"max-snippet:-1","max-image-preview":"max-image-preview:large","max-video-preview":"max-video-preview:-1"},"canonical":"https:\/\/marktxxl.de\/markt\/produkt\/vivo-stand-ac01r-halterung-fuer-duenne-glasplatten-und-andere-zerbrechliche-tischplatten-aus-stahl-mit-klemme-kompatibel-mit-den-meisten-monitorstaendern\/","og_locale":"de_DE","og_type":"article","og_title":"VIVO Stahlverst\u00e4rkung Halterung Halterung Halterung Platte f\u00fcr d\u00fcnne, Glas und andere zerbrechliche Tischplatten\u2026 - Markt-XXL","og_description":"Markt-XXL VIVO Stahlverst\u00e4rkung Halterung Halterung Halterung Platte f\u00fcr d\u00fcnne, Glas und andere zerbrechliche Tischplatten\u2026","og_url":"https:\/\/marktxxl.de\/markt\/produkt\/vivo-stand-ac01r-halterung-fuer-duenne-glasplatten-und-andere-zerbrechliche-tischplatten-aus-stahl-mit-klemme-kompatibel-mit-den-meisten-monitorstaendern\/","og_site_name":"Markt-XXL","article_modified_time":"2023-04-11T01:51:36+00:00","og_image":[{"width":500,"height":500,"url":"https:\/\/m.media-amazon.com\/images\/I\/31VKRO2q0gS._SL500_.jpg","type":"image\/jpeg"}],"twitter_card":"summary_large_image","twitter_misc":{"Gesch\u00e4tzte Lesezeit":"1\u00a0Minute"},"schema":{"@context":"https:\/\/schema.org","@graph":[{"@type":"WebPage","@id":"https:\/\/marktxxl.de\/markt\/produkt\/vivo-stand-ac01r-halterung-fuer-duenne-glasplatten-und-andere-zerbrechliche-tischplatten-aus-stahl-mit-klemme-kompatibel-mit-den-meisten-monitorstaendern\/","url":"https:\/\/marktxxl.de\/markt\/produkt\/vivo-stand-ac01r-halterung-fuer-duenne-glasplatten-und-andere-zerbrechliche-tischplatten-aus-stahl-mit-klemme-kompatibel-mit-den-meisten-monitorstaendern\/","name":"VIVO Stahlverst\u00e4rkung Halterung Halterung Halterung Platte f\u00fcr d\u00fcnne, Glas und andere zerbrechliche Tischplatten\u2026 - Markt-XXL","isPartOf":{"@id":"https:\/\/marktxxl.de\/markt\/#website"},"primaryImageOfPage":{"@id":"https:\/\/marktxxl.de\/markt\/produkt\/vivo-stand-ac01r-halterung-fuer-duenne-glasplatten-und-andere-zerbrechliche-tischplatten-aus-stahl-mit-klemme-kompatibel-mit-den-meisten-monitorstaendern\/#primaryimage"},"image":{"@id":"https:\/\/marktxxl.de\/markt\/produkt\/vivo-stand-ac01r-halterung-fuer-duenne-glasplatten-und-andere-zerbrechliche-tischplatten-aus-stahl-mit-klemme-kompatibel-mit-den-meisten-monitorstaendern\/#primaryimage"},"thumbnailUrl":"https:\/\/m.media-amazon.com\/images\/I\/31VKRO2q0gS._SL500_.jpg","datePublished":"2022-05-15T03:28:33+00:00","dateModified":"2023-04-11T01:51:36+00:00","description":"Markt-XXL VIVO Stahlverst\u00e4rkung Halterung Halterung Halterung Platte f\u00fcr d\u00fcnne, Glas und andere zerbrechliche Tischplatten\u2026","breadcrumb":{"@id":"https:\/\/marktxxl.de\/markt\/produkt\/vivo-stand-ac01r-halterung-fuer-duenne-glasplatten-und-andere-zerbrechliche-tischplatten-aus-stahl-mit-klemme-kompatibel-mit-den-meisten-monitorstaendern\/#breadcrumb"},"inLanguage":"de","potentialAction":[{"@type":"ReadAction","target":["https:\/\/marktxxl.de\/markt\/produkt\/vivo-stand-ac01r-halterung-fuer-duenne-glasplatten-und-andere-zerbrechliche-tischplatten-aus-stahl-mit-klemme-kompatibel-mit-den-meisten-monitorstaendern\/"]}]},{"@type":"ImageObject","inLanguage":"de","@id":"https:\/\/marktxxl.de\/markt\/produkt\/vivo-stand-ac01r-halterung-fuer-duenne-glasplatten-und-andere-zerbrechliche-tischplatten-aus-stahl-mit-klemme-kompatibel-mit-den-meisten-monitorstaendern\/#primaryimage","url":"https:\/\/m.media-amazon.com\/images\/I\/31VKRO2q0gS._SL500_.jpg","contentUrl":"https:\/\/m.media-amazon.com\/images\/I\/31VKRO2q0gS._SL500_.jpg","width":500,"height":500},{"@type":"BreadcrumbList","@id":"https:\/\/marktxxl.de\/markt\/produkt\/vivo-stand-ac01r-halterung-fuer-duenne-glasplatten-und-andere-zerbrechliche-tischplatten-aus-stahl-mit-klemme-kompatibel-mit-den-meisten-monitorstaendern\/#breadcrumb","itemListElement":[{"@type":"ListItem","position":1,"name":"Startseite","item":"https:\/\/marktxxl.de\/markt\/"},{"@type":"ListItem","position":2,"name":"Markt","item":"https:\/\/marktxxl.de\/markt\/"},{"@type":"ListItem","position":3,"name":"VIVO Stahlverst\u00e4rkung Halterung Halterung Halterung Platte f\u00fcr d\u00fcnne, Glas und andere zerbrechliche Tischplatten\u2026"}]},{"@type":"WebSite","@id":"https:\/\/marktxxl.de\/markt\/#website","url":"https:\/\/marktxxl.de\/markt\/","name":"Markt-XXL","description":"Ihr Markt Online","publisher":{"@id":"https:\/\/marktxxl.de\/markt\/#organization"},"potentialAction":[{"@type":"SearchAction","target":{"@type":"EntryPoint","urlTemplate":"https:\/\/marktxxl.de\/markt\/?s={search_term_string}"},"query-input":{"@type":"PropertyValueSpecification","valueRequired":true,"valueName":"search_term_string"}}],"inLanguage":"de"},{"@type":"Organization","@id":"https:\/\/marktxxl.de\/markt\/#organization","name":"Markt-XXL","url":"https:\/\/marktxxl.de\/markt\/","logo":{"@type":"ImageObject","inLanguage":"de","@id":"https:\/\/marktxxl.de\/markt\/#\/schema\/logo\/image\/","url":"https:\/\/marktxxl.de\/markt\/wp-content\/uploads\/sites\/3\/2020\/12\/logo.png","contentUrl":"https:\/\/marktxxl.de\/markt\/wp-content\/uploads\/sites\/3\/2020\/12\/logo.png","width":200,"height":70,"caption":"Markt-XXL"},"image":{"@id":"https:\/\/marktxxl.de\/markt\/#\/schema\/logo\/image\/"}}]}},"_links":{"self":[{"href":"https:\/\/marktxxl.de\/markt\/wp-json\/wp\/v2\/product\/120974","targetHints":{"allow":["GET"]}}],"collection":[{"href":"https:\/\/marktxxl.de\/markt\/wp-json\/wp\/v2\/product"}],"about":[{"href":"https:\/\/marktxxl.de\/markt\/wp-json\/wp\/v2\/types\/product"}],"replies":[{"embeddable":true,"href":"https:\/\/marktxxl.de\/markt\/wp-json\/wp\/v2\/comments?post=120974"}],"wp:featuredmedia":[{"embeddable":true,"href":"https:\/\/marktxxl.de\/markt\/wp-json\/wp\/v2\/media\/120975"}],"wp:attachment":[{"href":"https:\/\/marktxxl.de\/markt\/wp-json\/wp\/v2\/media?parent=120974"}],"wp:term":[{"taxonomy":"product_brand","embeddable":true,"href":"https:\/\/marktxxl.de\/markt\/wp-json\/wp\/v2\/product_brand?post=120974"},{"taxonomy":"product_cat","embeddable":true,"href":"https:\/\/marktxxl.de\/markt\/wp-json\/wp\/v2\/product_cat?post=120974"},{"taxonomy":"product_tag","embeddable":true,"href":"https:\/\/marktxxl.de\/markt\/wp-json\/wp\/v2\/product_tag?post=120974"}],"curies":[{"name":"wp","href":"https:\/\/api.w.org\/{rel}","templated":true}]}}