{"id":120924,"date":"2022-05-15T05:25:48","date_gmt":"2022-05-15T03:25:48","guid":{"rendered":"https:\/\/marktxxl.de\/markt\/produkt\/svarog-laptop-staender-ergonomischer-notebook-stand-halter-aluminium-laptop-halterung-riser-halter-kompatibel-mit-lenovo-hp-dell-mehr-10-17-laptops-splitter\/"},"modified":"2023-04-11T03:51:35","modified_gmt":"2023-04-11T01:51:35","slug":"svarog-laptop-staender-ergonomischer-notebook-stand-halter-aluminium-laptop-halterung-riser-halter-kompatibel-mit-lenovo-hp-dell-mehr-10-17-laptops-splitter","status":"publish","type":"product","link":"https:\/\/marktxxl.de\/markt\/produkt\/svarog-laptop-staender-ergonomischer-notebook-stand-halter-aluminium-laptop-halterung-riser-halter-kompatibel-mit-lenovo-hp-dell-mehr-10-17-laptops-splitter\/","title":{"rendered":"Svarog Laptop St\u00e4nder, Ergonomischer Notebook Stand Halter, Aluminium Laptop Halterung, Riser, Halter Kompatibel mit\u2026"},"content":{"rendered":"<p>[Breite Kompatibilit\u00e4t] Svarog S5 Laptopst\u00e4nder ist kompatibel mit allen Laptops von 10 Zoll bis 17 Zoll, wie Apple MacBook 12\/13, MacBook Air 13, MacBook Pro 13\/15\/2018\/2017\/2016, Lenovo ThinkPad, HP, Dell Inspiron XPS, ASUS, Chromebook und andere Notebooks PC-Computer.<br \/>\n[Ergonomisches Design] Dieser Laptop-Computerst\u00e4nder kann Ihren Laptop um 7 Zoll auf eine perfekte Betrachtungsh\u00f6he anheben, Ihnen helfen, Ihre K\u00f6rperhaltung zu verbessern und Nackenschmerzen, Schulterschmerzen und Augenbelastung zu reduzieren. Au\u00dferdem ist die Breite des St\u00e4nders einstellbar.<br \/>\n[Robust und sch\u00fctzend] Dieser MacBook-St\u00e4nder besteht aus einer hochwertigen Aluminiumlegierung, sodass der St\u00e4nder stabiler ist. Er ist robust genug, um bis zu 4 kg (8,8 lbs) zu tragen, ohne sich um Wackeln sorgen zu m\u00fcssen. mit gro\u00dfen Gummipolstern auf der Oberseite, um Ihren Laptop stabil an Ort und Stelle zu halten und Ihr Ger\u00e4t maximal vor Kratzern und Verrutschen zu sch\u00fctzen<br \/>\n[W\u00e4rmeableitung] Aluminiumlegierungsmaterial hat einen sehr guten W\u00e4rmeableitungseffekt. Es kann helfen, Ihren Laptop zu k\u00fchlen. Der nach vorne geneigte Winkel und das offene Design bieten eine hervorragende Bel\u00fcftung und Luftzirkulation, um eine \u00dcberhitzung Ihres Notebooks zu verhindern.<br \/>\n[Zufriedenheitsgarantie] &#8211; Kommt mit 30 Tagen R\u00fcckgaberecht ohne Fragen &#8211; 24 Monate Umtausch und unserem lebenslangen freundlichen Kundenservice. &#8212;- Laptopst\u00e4nder f\u00fcr Schreibtisch &amp; St\u00e4nder f\u00fcr Laptop Schreibtisch &amp; Laptopst\u00e4nder &amp; Computerst\u00e4nder f\u00fcr Laptop &amp; Laptopst\u00e4nder &amp; Computerst\u00e4nder &amp; laptop halterung &amp; macbook halter &amp; macbook halterung<br \/>\n<div class=\"main-cross-sell\" data-asin=\"B08DD78RXV\">\n\n\t<div class=\"WooZone-cross-sell-loader\">\n\t\t<div>\n\t\t\t<div id=\"floatingBarsG\">\n\t\t\t\t<div class=\"blockG\" id=\"rotateG_01\"><\/div>\n\t\t\t\t<div class=\"blockG\" id=\"rotateG_02\"><\/div>\n\t\t\t\t<div class=\"blockG\" id=\"rotateG_03\"><\/div>\n\t\t\t\t<div class=\"blockG\" id=\"rotateG_04\"><\/div>\n\t\t\t\t<div class=\"blockG\" id=\"rotateG_05\"><\/div>\n\t\t\t\t<div class=\"blockG\" id=\"rotateG_06\"><\/div>\n\t\t\t\t<div class=\"blockG\" id=\"rotateG_07\"><\/div>\n\t\t\t\t<div class=\"blockG\" id=\"rotateG_08\"><\/div>\n\t\t\t<\/div>\n\t\t\t<div class=\"WooZone-cross-sell-loader-text\"><\/div>\n\t\t<\/div>\n\t<\/div>\n\n\t\t\n<\/div>\n<div style=\"clear:both;\"><\/div><\/p>\n","protected":false},"excerpt":{"rendered":"<p>[Breite Kompatibilit\u00e4t] Svarog S5 Laptopst\u00e4nder ist kompatibel mit allen Laptops von 10 Zoll bis 17 Zoll, wie Apple MacBook 12\/13, MacBook Air 13, MacBook Pro 13\/15\/2018\/2017\/2016, Lenovo ThinkPad, HP, Dell Inspiron XPS, ASUS, Chromebook und andere Notebooks PC-Computer.<br \/>\n[Ergonomisches Design] Dieser Laptop-Computerst\u00e4nder kann Ihren Laptop um 7 Zoll auf eine perfekte Betrachtungsh\u00f6he anheben, Ihnen helfen, Ihre K\u00f6rperhaltung zu verbessern und Nackenschmerzen, Schulterschmerzen und Augenbelastung zu reduzieren. Au\u00dferdem ist die Breite des St\u00e4nders einstellbar.<br \/>\n[Robust und sch\u00fctzend] Dieser MacBook-St\u00e4nder besteht aus einer hochwertigen Aluminiumlegierung, sodass der St\u00e4nder stabiler ist. Er ist robust genug, um bis zu 4 kg (8,8 lbs) zu tragen, ohne sich um Wackeln sorgen zu m\u00fcssen. mit gro\u00dfen Gummipolstern auf der Oberseite, um Ihren Laptop stabil an Ort und Stelle zu halten und Ihr Ger\u00e4t maximal vor Kratzern und Verrutschen zu sch\u00fctzen<\/p>\n","protected":false},"featured_media":120925,"comment_status":"open","ping_status":"closed","template":"","meta":[],"product_brand":[],"product_cat":[504,8312],"product_tag":[],"class_list":{"0":"post-120924","1":"product","2":"type-product","3":"status-publish","4":"has-post-thumbnail","6":"product_cat-buerobedarf-schreibwaren","7":"product_cat-bueromoebel-beleuchtung","8":"pa_brand-svarog","9":"pa_color-sliver","10":"pa_height-6-zoll","11":"pa_length-10-2-zoll","12":"pa_manufacturer-svarog","13":"pa_model-lf-hu-002","14":"pa_width-8-9-zoll","16":"first","17":"instock","18":"shipping-taxable","19":"purchasable","20":"product-type-simple","21":"customify-col","22":"product-has-gallery"},"yoast_head":"<!-- This site is optimized with the Yoast SEO plugin v27.3 - https:\/\/yoast.com\/product\/yoast-seo-wordpress\/ -->\n<title>Svarog Laptop St\u00e4nder, Ergonomischer Notebook Stand Halter, Aluminium Laptop Halterung, Riser, Halter Kompatibel mit\u2026 - Markt-XXL<\/title>\n<meta name=\"description\" content=\"Markt-XXL Svarog Laptop St\u00e4nder, Ergonomischer Notebook Stand Halter, Aluminium Laptop Halterung, Riser, Halter Kompatibel mit\u2026\" \/>\n<meta name=\"robots\" content=\"index, follow, max-snippet:-1, max-image-preview:large, max-video-preview:-1\" \/>\n<link rel=\"canonical\" href=\"https:\/\/marktxxl.de\/markt\/produkt\/svarog-laptop-staender-ergonomischer-notebook-stand-halter-aluminium-laptop-halterung-riser-halter-kompatibel-mit-lenovo-hp-dell-mehr-10-17-laptops-splitter\/\" \/>\n<meta property=\"og:locale\" content=\"de_DE\" \/>\n<meta property=\"og:type\" content=\"article\" \/>\n<meta property=\"og:title\" content=\"Svarog Laptop St\u00e4nder, Ergonomischer Notebook Stand Halter, Aluminium Laptop Halterung, Riser, Halter Kompatibel mit\u2026 - Markt-XXL\" \/>\n<meta property=\"og:description\" content=\"Markt-XXL Svarog Laptop St\u00e4nder, Ergonomischer Notebook Stand Halter, Aluminium Laptop Halterung, Riser, Halter Kompatibel mit\u2026\" \/>\n<meta property=\"og:url\" content=\"https:\/\/marktxxl.de\/markt\/produkt\/svarog-laptop-staender-ergonomischer-notebook-stand-halter-aluminium-laptop-halterung-riser-halter-kompatibel-mit-lenovo-hp-dell-mehr-10-17-laptops-splitter\/\" \/>\n<meta property=\"og:site_name\" content=\"Markt-XXL\" \/>\n<meta property=\"article:modified_time\" content=\"2023-04-11T01:51:35+00:00\" \/>\n<meta property=\"og:image\" content=\"https:\/\/m.media-amazon.com\/images\/I\/41WiU72entL._SL500_.jpg\" \/>\n\t<meta property=\"og:image:width\" content=\"500\" \/>\n\t<meta property=\"og:image:height\" content=\"500\" \/>\n\t<meta property=\"og:image:type\" content=\"image\/jpeg\" \/>\n<meta name=\"twitter:card\" content=\"summary_large_image\" \/>\n<meta name=\"twitter:label1\" content=\"Gesch\u00e4tzte Lesezeit\" \/>\n\t<meta name=\"twitter:data1\" content=\"1\u00a0Minute\" \/>\n<script type=\"application\/ld+json\" class=\"yoast-schema-graph\">{\"@context\":\"https:\\\/\\\/schema.org\",\"@graph\":[{\"@type\":\"WebPage\",\"@id\":\"https:\\\/\\\/marktxxl.de\\\/markt\\\/produkt\\\/svarog-laptop-staender-ergonomischer-notebook-stand-halter-aluminium-laptop-halterung-riser-halter-kompatibel-mit-lenovo-hp-dell-mehr-10-17-laptops-splitter\\\/\",\"url\":\"https:\\\/\\\/marktxxl.de\\\/markt\\\/produkt\\\/svarog-laptop-staender-ergonomischer-notebook-stand-halter-aluminium-laptop-halterung-riser-halter-kompatibel-mit-lenovo-hp-dell-mehr-10-17-laptops-splitter\\\/\",\"name\":\"Svarog Laptop St\u00e4nder, Ergonomischer Notebook Stand Halter, Aluminium Laptop Halterung, Riser, Halter Kompatibel mit\u2026 - Markt-XXL\",\"isPartOf\":{\"@id\":\"https:\\\/\\\/marktxxl.de\\\/markt\\\/#website\"},\"primaryImageOfPage\":{\"@id\":\"https:\\\/\\\/marktxxl.de\\\/markt\\\/produkt\\\/svarog-laptop-staender-ergonomischer-notebook-stand-halter-aluminium-laptop-halterung-riser-halter-kompatibel-mit-lenovo-hp-dell-mehr-10-17-laptops-splitter\\\/#primaryimage\"},\"image\":{\"@id\":\"https:\\\/\\\/marktxxl.de\\\/markt\\\/produkt\\\/svarog-laptop-staender-ergonomischer-notebook-stand-halter-aluminium-laptop-halterung-riser-halter-kompatibel-mit-lenovo-hp-dell-mehr-10-17-laptops-splitter\\\/#primaryimage\"},\"thumbnailUrl\":\"https:\\\/\\\/m.media-amazon.com\\\/images\\\/I\\\/41WiU72entL._SL500_.jpg\",\"datePublished\":\"2022-05-15T03:25:48+00:00\",\"dateModified\":\"2023-04-11T01:51:35+00:00\",\"description\":\"Markt-XXL Svarog Laptop St\u00e4nder, Ergonomischer Notebook Stand Halter, Aluminium Laptop Halterung, Riser, Halter Kompatibel mit\u2026\",\"breadcrumb\":{\"@id\":\"https:\\\/\\\/marktxxl.de\\\/markt\\\/produkt\\\/svarog-laptop-staender-ergonomischer-notebook-stand-halter-aluminium-laptop-halterung-riser-halter-kompatibel-mit-lenovo-hp-dell-mehr-10-17-laptops-splitter\\\/#breadcrumb\"},\"inLanguage\":\"de\",\"potentialAction\":[{\"@type\":\"ReadAction\",\"target\":[\"https:\\\/\\\/marktxxl.de\\\/markt\\\/produkt\\\/svarog-laptop-staender-ergonomischer-notebook-stand-halter-aluminium-laptop-halterung-riser-halter-kompatibel-mit-lenovo-hp-dell-mehr-10-17-laptops-splitter\\\/\"]}]},{\"@type\":\"ImageObject\",\"inLanguage\":\"de\",\"@id\":\"https:\\\/\\\/marktxxl.de\\\/markt\\\/produkt\\\/svarog-laptop-staender-ergonomischer-notebook-stand-halter-aluminium-laptop-halterung-riser-halter-kompatibel-mit-lenovo-hp-dell-mehr-10-17-laptops-splitter\\\/#primaryimage\",\"url\":\"https:\\\/\\\/m.media-amazon.com\\\/images\\\/I\\\/41WiU72entL._SL500_.jpg\",\"contentUrl\":\"https:\\\/\\\/m.media-amazon.com\\\/images\\\/I\\\/41WiU72entL._SL500_.jpg\",\"width\":500,\"height\":500},{\"@type\":\"BreadcrumbList\",\"@id\":\"https:\\\/\\\/marktxxl.de\\\/markt\\\/produkt\\\/svarog-laptop-staender-ergonomischer-notebook-stand-halter-aluminium-laptop-halterung-riser-halter-kompatibel-mit-lenovo-hp-dell-mehr-10-17-laptops-splitter\\\/#breadcrumb\",\"itemListElement\":[{\"@type\":\"ListItem\",\"position\":1,\"name\":\"Startseite\",\"item\":\"https:\\\/\\\/marktxxl.de\\\/markt\\\/\"},{\"@type\":\"ListItem\",\"position\":2,\"name\":\"Markt\",\"item\":\"https:\\\/\\\/marktxxl.de\\\/markt\\\/\"},{\"@type\":\"ListItem\",\"position\":3,\"name\":\"Svarog Laptop St\u00e4nder, Ergonomischer Notebook Stand Halter, Aluminium Laptop Halterung, Riser, Halter Kompatibel mit\u2026\"}]},{\"@type\":\"WebSite\",\"@id\":\"https:\\\/\\\/marktxxl.de\\\/markt\\\/#website\",\"url\":\"https:\\\/\\\/marktxxl.de\\\/markt\\\/\",\"name\":\"Markt-XXL\",\"description\":\"Ihr Markt Online\",\"publisher\":{\"@id\":\"https:\\\/\\\/marktxxl.de\\\/markt\\\/#organization\"},\"potentialAction\":[{\"@type\":\"SearchAction\",\"target\":{\"@type\":\"EntryPoint\",\"urlTemplate\":\"https:\\\/\\\/marktxxl.de\\\/markt\\\/?s={search_term_string}\"},\"query-input\":{\"@type\":\"PropertyValueSpecification\",\"valueRequired\":true,\"valueName\":\"search_term_string\"}}],\"inLanguage\":\"de\"},{\"@type\":\"Organization\",\"@id\":\"https:\\\/\\\/marktxxl.de\\\/markt\\\/#organization\",\"name\":\"Markt-XXL\",\"url\":\"https:\\\/\\\/marktxxl.de\\\/markt\\\/\",\"logo\":{\"@type\":\"ImageObject\",\"inLanguage\":\"de\",\"@id\":\"https:\\\/\\\/marktxxl.de\\\/markt\\\/#\\\/schema\\\/logo\\\/image\\\/\",\"url\":\"https:\\\/\\\/marktxxl.de\\\/markt\\\/wp-content\\\/uploads\\\/sites\\\/3\\\/2020\\\/12\\\/logo.png\",\"contentUrl\":\"https:\\\/\\\/marktxxl.de\\\/markt\\\/wp-content\\\/uploads\\\/sites\\\/3\\\/2020\\\/12\\\/logo.png\",\"width\":200,\"height\":70,\"caption\":\"Markt-XXL\"},\"image\":{\"@id\":\"https:\\\/\\\/marktxxl.de\\\/markt\\\/#\\\/schema\\\/logo\\\/image\\\/\"}}]}<\/script>\n<!-- \/ Yoast SEO plugin. -->","yoast_head_json":{"title":"Svarog Laptop St\u00e4nder, Ergonomischer Notebook Stand Halter, Aluminium Laptop Halterung, Riser, Halter Kompatibel mit\u2026 - Markt-XXL","description":"Markt-XXL Svarog Laptop St\u00e4nder, Ergonomischer Notebook Stand Halter, Aluminium Laptop Halterung, Riser, Halter Kompatibel mit\u2026","robots":{"index":"index","follow":"follow","max-snippet":"max-snippet:-1","max-image-preview":"max-image-preview:large","max-video-preview":"max-video-preview:-1"},"canonical":"https:\/\/marktxxl.de\/markt\/produkt\/svarog-laptop-staender-ergonomischer-notebook-stand-halter-aluminium-laptop-halterung-riser-halter-kompatibel-mit-lenovo-hp-dell-mehr-10-17-laptops-splitter\/","og_locale":"de_DE","og_type":"article","og_title":"Svarog Laptop St\u00e4nder, Ergonomischer Notebook Stand Halter, Aluminium Laptop Halterung, Riser, Halter Kompatibel mit\u2026 - Markt-XXL","og_description":"Markt-XXL Svarog Laptop St\u00e4nder, Ergonomischer Notebook Stand Halter, Aluminium Laptop Halterung, Riser, Halter Kompatibel mit\u2026","og_url":"https:\/\/marktxxl.de\/markt\/produkt\/svarog-laptop-staender-ergonomischer-notebook-stand-halter-aluminium-laptop-halterung-riser-halter-kompatibel-mit-lenovo-hp-dell-mehr-10-17-laptops-splitter\/","og_site_name":"Markt-XXL","article_modified_time":"2023-04-11T01:51:35+00:00","og_image":[{"width":500,"height":500,"url":"https:\/\/m.media-amazon.com\/images\/I\/41WiU72entL._SL500_.jpg","type":"image\/jpeg"}],"twitter_card":"summary_large_image","twitter_misc":{"Gesch\u00e4tzte Lesezeit":"1\u00a0Minute"},"schema":{"@context":"https:\/\/schema.org","@graph":[{"@type":"WebPage","@id":"https:\/\/marktxxl.de\/markt\/produkt\/svarog-laptop-staender-ergonomischer-notebook-stand-halter-aluminium-laptop-halterung-riser-halter-kompatibel-mit-lenovo-hp-dell-mehr-10-17-laptops-splitter\/","url":"https:\/\/marktxxl.de\/markt\/produkt\/svarog-laptop-staender-ergonomischer-notebook-stand-halter-aluminium-laptop-halterung-riser-halter-kompatibel-mit-lenovo-hp-dell-mehr-10-17-laptops-splitter\/","name":"Svarog Laptop St\u00e4nder, Ergonomischer Notebook Stand Halter, Aluminium Laptop Halterung, Riser, Halter Kompatibel mit\u2026 - Markt-XXL","isPartOf":{"@id":"https:\/\/marktxxl.de\/markt\/#website"},"primaryImageOfPage":{"@id":"https:\/\/marktxxl.de\/markt\/produkt\/svarog-laptop-staender-ergonomischer-notebook-stand-halter-aluminium-laptop-halterung-riser-halter-kompatibel-mit-lenovo-hp-dell-mehr-10-17-laptops-splitter\/#primaryimage"},"image":{"@id":"https:\/\/marktxxl.de\/markt\/produkt\/svarog-laptop-staender-ergonomischer-notebook-stand-halter-aluminium-laptop-halterung-riser-halter-kompatibel-mit-lenovo-hp-dell-mehr-10-17-laptops-splitter\/#primaryimage"},"thumbnailUrl":"https:\/\/m.media-amazon.com\/images\/I\/41WiU72entL._SL500_.jpg","datePublished":"2022-05-15T03:25:48+00:00","dateModified":"2023-04-11T01:51:35+00:00","description":"Markt-XXL Svarog Laptop St\u00e4nder, Ergonomischer Notebook Stand Halter, Aluminium Laptop Halterung, Riser, Halter Kompatibel mit\u2026","breadcrumb":{"@id":"https:\/\/marktxxl.de\/markt\/produkt\/svarog-laptop-staender-ergonomischer-notebook-stand-halter-aluminium-laptop-halterung-riser-halter-kompatibel-mit-lenovo-hp-dell-mehr-10-17-laptops-splitter\/#breadcrumb"},"inLanguage":"de","potentialAction":[{"@type":"ReadAction","target":["https:\/\/marktxxl.de\/markt\/produkt\/svarog-laptop-staender-ergonomischer-notebook-stand-halter-aluminium-laptop-halterung-riser-halter-kompatibel-mit-lenovo-hp-dell-mehr-10-17-laptops-splitter\/"]}]},{"@type":"ImageObject","inLanguage":"de","@id":"https:\/\/marktxxl.de\/markt\/produkt\/svarog-laptop-staender-ergonomischer-notebook-stand-halter-aluminium-laptop-halterung-riser-halter-kompatibel-mit-lenovo-hp-dell-mehr-10-17-laptops-splitter\/#primaryimage","url":"https:\/\/m.media-amazon.com\/images\/I\/41WiU72entL._SL500_.jpg","contentUrl":"https:\/\/m.media-amazon.com\/images\/I\/41WiU72entL._SL500_.jpg","width":500,"height":500},{"@type":"BreadcrumbList","@id":"https:\/\/marktxxl.de\/markt\/produkt\/svarog-laptop-staender-ergonomischer-notebook-stand-halter-aluminium-laptop-halterung-riser-halter-kompatibel-mit-lenovo-hp-dell-mehr-10-17-laptops-splitter\/#breadcrumb","itemListElement":[{"@type":"ListItem","position":1,"name":"Startseite","item":"https:\/\/marktxxl.de\/markt\/"},{"@type":"ListItem","position":2,"name":"Markt","item":"https:\/\/marktxxl.de\/markt\/"},{"@type":"ListItem","position":3,"name":"Svarog Laptop St\u00e4nder, Ergonomischer Notebook Stand Halter, Aluminium Laptop Halterung, Riser, Halter Kompatibel mit\u2026"}]},{"@type":"WebSite","@id":"https:\/\/marktxxl.de\/markt\/#website","url":"https:\/\/marktxxl.de\/markt\/","name":"Markt-XXL","description":"Ihr Markt Online","publisher":{"@id":"https:\/\/marktxxl.de\/markt\/#organization"},"potentialAction":[{"@type":"SearchAction","target":{"@type":"EntryPoint","urlTemplate":"https:\/\/marktxxl.de\/markt\/?s={search_term_string}"},"query-input":{"@type":"PropertyValueSpecification","valueRequired":true,"valueName":"search_term_string"}}],"inLanguage":"de"},{"@type":"Organization","@id":"https:\/\/marktxxl.de\/markt\/#organization","name":"Markt-XXL","url":"https:\/\/marktxxl.de\/markt\/","logo":{"@type":"ImageObject","inLanguage":"de","@id":"https:\/\/marktxxl.de\/markt\/#\/schema\/logo\/image\/","url":"https:\/\/marktxxl.de\/markt\/wp-content\/uploads\/sites\/3\/2020\/12\/logo.png","contentUrl":"https:\/\/marktxxl.de\/markt\/wp-content\/uploads\/sites\/3\/2020\/12\/logo.png","width":200,"height":70,"caption":"Markt-XXL"},"image":{"@id":"https:\/\/marktxxl.de\/markt\/#\/schema\/logo\/image\/"}}]}},"_links":{"self":[{"href":"https:\/\/marktxxl.de\/markt\/wp-json\/wp\/v2\/product\/120924","targetHints":{"allow":["GET"]}}],"collection":[{"href":"https:\/\/marktxxl.de\/markt\/wp-json\/wp\/v2\/product"}],"about":[{"href":"https:\/\/marktxxl.de\/markt\/wp-json\/wp\/v2\/types\/product"}],"replies":[{"embeddable":true,"href":"https:\/\/marktxxl.de\/markt\/wp-json\/wp\/v2\/comments?post=120924"}],"wp:featuredmedia":[{"embeddable":true,"href":"https:\/\/marktxxl.de\/markt\/wp-json\/wp\/v2\/media\/120925"}],"wp:attachment":[{"href":"https:\/\/marktxxl.de\/markt\/wp-json\/wp\/v2\/media?parent=120924"}],"wp:term":[{"taxonomy":"product_brand","embeddable":true,"href":"https:\/\/marktxxl.de\/markt\/wp-json\/wp\/v2\/product_brand?post=120924"},{"taxonomy":"product_cat","embeddable":true,"href":"https:\/\/marktxxl.de\/markt\/wp-json\/wp\/v2\/product_cat?post=120924"},{"taxonomy":"product_tag","embeddable":true,"href":"https:\/\/marktxxl.de\/markt\/wp-json\/wp\/v2\/product_tag?post=120924"}],"curies":[{"name":"wp","href":"https:\/\/api.w.org\/{rel}","templated":true}]}}