{"id":120862,"date":"2022-05-15T05:22:45","date_gmt":"2022-05-15T03:22:45","guid":{"rendered":"https:\/\/marktxxl.de\/markt\/produkt\/12-neodym-magnet-fuer-magnettafel-pinnwand-whiteboard-notenstaender-kuehlschrank-nicht-glasmagnettafeln-sehr-starke-kegelmagnete-klein-pin-vernickelte-stahl-magnete-notenmagnete-12x\/"},"modified":"2023-04-11T03:51:34","modified_gmt":"2023-04-11T01:51:34","slug":"12-neodym-magnet-fuer-magnettafel-pinnwand-whiteboard-notenstaender-kuehlschrank-nicht-glasmagnettafeln-sehr-starke-kegelmagnete-klein-pin-vernickelte-stahl-magnete-notenmagnete-12x","status":"publish","type":"product","link":"https:\/\/marktxxl.de\/markt\/produkt\/12-neodym-magnet-fuer-magnettafel-pinnwand-whiteboard-notenstaender-kuehlschrank-nicht-glasmagnettafeln-sehr-starke-kegelmagnete-klein-pin-vernickelte-stahl-magnete-notenmagnete-12x\/","title":{"rendered":"12 Neodym Magnet f\u00fcr Magnettafel \u2013 Pinnwand, Whiteboard, Notenst\u00e4nder, K\u00fchlschrank (Nicht Glasmagnettafeln), sehr Starke\u2026"},"content":{"rendered":"<p>UNIVERSAL EINSETZBAR &#8211; die Magneten sind universell einsetzbar. Sie k\u00f6nnen die am Memoboard, Flipchart, Taktiktafel, Notenst\u00e4nder, Unterricht Pinwand f\u00fcr Pr\u00e4sentation, usw. befestigen; Notenmagnete;<br \/>\nSUPER STARK \u2013 jeder neodymium Magnete ist super extra stark (Neodym N35 Magnet) und h\u00e4lt bis 10 DinA4 Bl\u00e4tter Papier, Fotos, Noten, u.s.w.; ACHTUNG: Die Kegelmagnete sind NICHT f\u00fcr Glasmagnetboards bzw. Glasmagnettafeln geeignet!<br \/>\nHOCHWERTIGES MATERIAL &amp; QUALIT\u00c4T &#8211; ein Magnet Pin ist 12mm X 16mm gro\u00df, hat eine Kegelform und sind als vernickelten Stahl hergestellt; magnete mit griff;<br \/>\nSUPER GREIFBAR &#8211; sie haben eine sch\u00f6ne und leicht zu greifende Form; sie sind verpackt in einer leicht wieder verschliessbaren Aufbewahrungsbox;<br \/>\n<div class=\"main-cross-sell\" data-asin=\"B077K14Y4L\">\n\n\t<div class=\"WooZone-cross-sell-loader\">\n\t\t<div>\n\t\t\t<div id=\"floatingBarsG\">\n\t\t\t\t<div class=\"blockG\" id=\"rotateG_01\"><\/div>\n\t\t\t\t<div class=\"blockG\" id=\"rotateG_02\"><\/div>\n\t\t\t\t<div class=\"blockG\" id=\"rotateG_03\"><\/div>\n\t\t\t\t<div class=\"blockG\" id=\"rotateG_04\"><\/div>\n\t\t\t\t<div class=\"blockG\" id=\"rotateG_05\"><\/div>\n\t\t\t\t<div class=\"blockG\" id=\"rotateG_06\"><\/div>\n\t\t\t\t<div class=\"blockG\" id=\"rotateG_07\"><\/div>\n\t\t\t\t<div class=\"blockG\" id=\"rotateG_08\"><\/div>\n\t\t\t<\/div>\n\t\t\t<div class=\"WooZone-cross-sell-loader-text\"><\/div>\n\t\t<\/div>\n\t<\/div>\n\n\t\t\n<\/div>\n<div style=\"clear:both;\"><\/div><\/p>\n","protected":false},"excerpt":{"rendered":"<p>UNIVERSAL EINSETZBAR &#8211; die Magneten sind universell einsetzbar. Sie k\u00f6nnen die am Memoboard, Flipchart, Taktiktafel, Notenst\u00e4nder, Unterricht Pinwand f\u00fcr Pr\u00e4sentation, usw. befestigen; Notenmagnete;<br \/>\nSUPER STARK \u2013 jeder neodymium Magnete ist super extra stark (Neodym N35 Magnet) und h\u00e4lt bis 10 DinA4 Bl\u00e4tter Papier, Fotos, Noten, u.s.w.; ACHTUNG: Die Kegelmagnete sind NICHT f\u00fcr Glasmagnetboards bzw. Glasmagnettafeln geeignet!<br \/>\nHOCHWERTIGES MATERIAL &amp; QUALIT\u00c4T &#8211; ein Magnet Pin ist 12mm X 16mm gro\u00df, hat eine Kegelform und sind als vernickelten Stahl hergestellt; magnete mit griff;<\/p>\n","protected":false},"featured_media":120863,"comment_status":"open","ping_status":"closed","template":"","meta":[],"product_brand":[],"product_cat":[504,8284],"product_tag":[],"class_list":{"0":"post-120862","1":"product","2":"type-product","3":"status-publish","4":"has-post-thumbnail","6":"product_cat-buerobedarf-schreibwaren","7":"product_cat-bueromaterial","8":"pa_binding-buerobedarf-schreibwaren","9":"pa_brand-intervisio","10":"pa_height-1-1417322823-zoll","11":"pa_length-2-9527559025-zoll","12":"pa_manufacturer-sigma-team-gmbh","13":"pa_model-neodymmag","14":"pa_weight-0-20282528104-pfund","15":"pa_width-1-7716535415-zoll","17":"first","18":"instock","19":"shipping-taxable","20":"purchasable","21":"product-type-simple","22":"customify-col","23":"product-has-gallery"},"yoast_head":"<!-- This site is optimized with the Yoast SEO plugin v27.4 - https:\/\/yoast.com\/product\/yoast-seo-wordpress\/ -->\n<title>12 Neodym Magnet f\u00fcr Magnettafel \u2013 Pinnwand, Whiteboard, Notenst\u00e4nder, K\u00fchlschrank (Nicht Glasmagnettafeln), sehr Starke\u2026 - Markt-XXL<\/title>\n<meta name=\"description\" content=\"Markt-XXL 12 Neodym Magnet f\u00fcr Magnettafel \u2013 Pinnwand, Whiteboard, Notenst\u00e4nder, K\u00fchlschrank (Nicht Glasmagnettafeln), sehr Starke\u2026\" \/>\n<meta name=\"robots\" content=\"index, follow, max-snippet:-1, max-image-preview:large, max-video-preview:-1\" \/>\n<link rel=\"canonical\" href=\"https:\/\/marktxxl.de\/markt\/produkt\/12-neodym-magnet-fuer-magnettafel-pinnwand-whiteboard-notenstaender-kuehlschrank-nicht-glasmagnettafeln-sehr-starke-kegelmagnete-klein-pin-vernickelte-stahl-magnete-notenmagnete-12x\/\" \/>\n<meta property=\"og:locale\" content=\"de_DE\" \/>\n<meta property=\"og:type\" content=\"article\" \/>\n<meta property=\"og:title\" content=\"12 Neodym Magnet f\u00fcr Magnettafel \u2013 Pinnwand, Whiteboard, Notenst\u00e4nder, K\u00fchlschrank (Nicht Glasmagnettafeln), sehr Starke\u2026 - Markt-XXL\" \/>\n<meta property=\"og:description\" content=\"Markt-XXL 12 Neodym Magnet f\u00fcr Magnettafel \u2013 Pinnwand, Whiteboard, Notenst\u00e4nder, K\u00fchlschrank (Nicht Glasmagnettafeln), sehr Starke\u2026\" \/>\n<meta property=\"og:url\" content=\"https:\/\/marktxxl.de\/markt\/produkt\/12-neodym-magnet-fuer-magnettafel-pinnwand-whiteboard-notenstaender-kuehlschrank-nicht-glasmagnettafeln-sehr-starke-kegelmagnete-klein-pin-vernickelte-stahl-magnete-notenmagnete-12x\/\" \/>\n<meta property=\"og:site_name\" content=\"Markt-XXL\" \/>\n<meta property=\"article:modified_time\" content=\"2023-04-11T01:51:34+00:00\" \/>\n<meta property=\"og:image\" content=\"https:\/\/m.media-amazon.com\/images\/I\/41I5X2YYhbL._SL500_.jpg\" \/>\n\t<meta property=\"og:image:width\" content=\"500\" \/>\n\t<meta property=\"og:image:height\" content=\"500\" \/>\n\t<meta property=\"og:image:type\" content=\"image\/jpeg\" \/>\n<meta name=\"twitter:card\" content=\"summary_large_image\" \/>\n<meta name=\"twitter:label1\" content=\"Gesch\u00e4tzte Lesezeit\" \/>\n\t<meta name=\"twitter:data1\" content=\"1\u00a0Minute\" \/>\n<script type=\"application\/ld+json\" class=\"yoast-schema-graph\">{\"@context\":\"https:\\\/\\\/schema.org\",\"@graph\":[{\"@type\":\"WebPage\",\"@id\":\"https:\\\/\\\/marktxxl.de\\\/markt\\\/produkt\\\/12-neodym-magnet-fuer-magnettafel-pinnwand-whiteboard-notenstaender-kuehlschrank-nicht-glasmagnettafeln-sehr-starke-kegelmagnete-klein-pin-vernickelte-stahl-magnete-notenmagnete-12x\\\/\",\"url\":\"https:\\\/\\\/marktxxl.de\\\/markt\\\/produkt\\\/12-neodym-magnet-fuer-magnettafel-pinnwand-whiteboard-notenstaender-kuehlschrank-nicht-glasmagnettafeln-sehr-starke-kegelmagnete-klein-pin-vernickelte-stahl-magnete-notenmagnete-12x\\\/\",\"name\":\"12 Neodym Magnet f\u00fcr Magnettafel \u2013 Pinnwand, Whiteboard, Notenst\u00e4nder, K\u00fchlschrank (Nicht Glasmagnettafeln), sehr Starke\u2026 - Markt-XXL\",\"isPartOf\":{\"@id\":\"https:\\\/\\\/marktxxl.de\\\/markt\\\/#website\"},\"primaryImageOfPage\":{\"@id\":\"https:\\\/\\\/marktxxl.de\\\/markt\\\/produkt\\\/12-neodym-magnet-fuer-magnettafel-pinnwand-whiteboard-notenstaender-kuehlschrank-nicht-glasmagnettafeln-sehr-starke-kegelmagnete-klein-pin-vernickelte-stahl-magnete-notenmagnete-12x\\\/#primaryimage\"},\"image\":{\"@id\":\"https:\\\/\\\/marktxxl.de\\\/markt\\\/produkt\\\/12-neodym-magnet-fuer-magnettafel-pinnwand-whiteboard-notenstaender-kuehlschrank-nicht-glasmagnettafeln-sehr-starke-kegelmagnete-klein-pin-vernickelte-stahl-magnete-notenmagnete-12x\\\/#primaryimage\"},\"thumbnailUrl\":\"https:\\\/\\\/m.media-amazon.com\\\/images\\\/I\\\/41I5X2YYhbL._SL500_.jpg\",\"datePublished\":\"2022-05-15T03:22:45+00:00\",\"dateModified\":\"2023-04-11T01:51:34+00:00\",\"description\":\"Markt-XXL 12 Neodym Magnet f\u00fcr Magnettafel \u2013 Pinnwand, Whiteboard, Notenst\u00e4nder, K\u00fchlschrank (Nicht Glasmagnettafeln), sehr Starke\u2026\",\"breadcrumb\":{\"@id\":\"https:\\\/\\\/marktxxl.de\\\/markt\\\/produkt\\\/12-neodym-magnet-fuer-magnettafel-pinnwand-whiteboard-notenstaender-kuehlschrank-nicht-glasmagnettafeln-sehr-starke-kegelmagnete-klein-pin-vernickelte-stahl-magnete-notenmagnete-12x\\\/#breadcrumb\"},\"inLanguage\":\"de\",\"potentialAction\":[{\"@type\":\"ReadAction\",\"target\":[\"https:\\\/\\\/marktxxl.de\\\/markt\\\/produkt\\\/12-neodym-magnet-fuer-magnettafel-pinnwand-whiteboard-notenstaender-kuehlschrank-nicht-glasmagnettafeln-sehr-starke-kegelmagnete-klein-pin-vernickelte-stahl-magnete-notenmagnete-12x\\\/\"]}]},{\"@type\":\"ImageObject\",\"inLanguage\":\"de\",\"@id\":\"https:\\\/\\\/marktxxl.de\\\/markt\\\/produkt\\\/12-neodym-magnet-fuer-magnettafel-pinnwand-whiteboard-notenstaender-kuehlschrank-nicht-glasmagnettafeln-sehr-starke-kegelmagnete-klein-pin-vernickelte-stahl-magnete-notenmagnete-12x\\\/#primaryimage\",\"url\":\"https:\\\/\\\/m.media-amazon.com\\\/images\\\/I\\\/41I5X2YYhbL._SL500_.jpg\",\"contentUrl\":\"https:\\\/\\\/m.media-amazon.com\\\/images\\\/I\\\/41I5X2YYhbL._SL500_.jpg\",\"width\":500,\"height\":500},{\"@type\":\"BreadcrumbList\",\"@id\":\"https:\\\/\\\/marktxxl.de\\\/markt\\\/produkt\\\/12-neodym-magnet-fuer-magnettafel-pinnwand-whiteboard-notenstaender-kuehlschrank-nicht-glasmagnettafeln-sehr-starke-kegelmagnete-klein-pin-vernickelte-stahl-magnete-notenmagnete-12x\\\/#breadcrumb\",\"itemListElement\":[{\"@type\":\"ListItem\",\"position\":1,\"name\":\"Startseite\",\"item\":\"https:\\\/\\\/marktxxl.de\\\/markt\\\/\"},{\"@type\":\"ListItem\",\"position\":2,\"name\":\"Markt\",\"item\":\"https:\\\/\\\/marktxxl.de\\\/markt\\\/\"},{\"@type\":\"ListItem\",\"position\":3,\"name\":\"12 Neodym Magnet f\u00fcr Magnettafel \u2013 Pinnwand, Whiteboard, Notenst\u00e4nder, K\u00fchlschrank (Nicht Glasmagnettafeln), sehr Starke\u2026\"}]},{\"@type\":\"WebSite\",\"@id\":\"https:\\\/\\\/marktxxl.de\\\/markt\\\/#website\",\"url\":\"https:\\\/\\\/marktxxl.de\\\/markt\\\/\",\"name\":\"Markt-XXL\",\"description\":\"Ihr Markt Online\",\"publisher\":{\"@id\":\"https:\\\/\\\/marktxxl.de\\\/markt\\\/#organization\"},\"potentialAction\":[{\"@type\":\"SearchAction\",\"target\":{\"@type\":\"EntryPoint\",\"urlTemplate\":\"https:\\\/\\\/marktxxl.de\\\/markt\\\/?s={search_term_string}\"},\"query-input\":{\"@type\":\"PropertyValueSpecification\",\"valueRequired\":true,\"valueName\":\"search_term_string\"}}],\"inLanguage\":\"de\"},{\"@type\":\"Organization\",\"@id\":\"https:\\\/\\\/marktxxl.de\\\/markt\\\/#organization\",\"name\":\"Markt-XXL\",\"url\":\"https:\\\/\\\/marktxxl.de\\\/markt\\\/\",\"logo\":{\"@type\":\"ImageObject\",\"inLanguage\":\"de\",\"@id\":\"https:\\\/\\\/marktxxl.de\\\/markt\\\/#\\\/schema\\\/logo\\\/image\\\/\",\"url\":\"https:\\\/\\\/marktxxl.de\\\/markt\\\/wp-content\\\/uploads\\\/sites\\\/3\\\/2020\\\/12\\\/logo.png\",\"contentUrl\":\"https:\\\/\\\/marktxxl.de\\\/markt\\\/wp-content\\\/uploads\\\/sites\\\/3\\\/2020\\\/12\\\/logo.png\",\"width\":200,\"height\":70,\"caption\":\"Markt-XXL\"},\"image\":{\"@id\":\"https:\\\/\\\/marktxxl.de\\\/markt\\\/#\\\/schema\\\/logo\\\/image\\\/\"}}]}<\/script>\n<!-- \/ Yoast SEO plugin. -->","yoast_head_json":{"title":"12 Neodym Magnet f\u00fcr Magnettafel \u2013 Pinnwand, Whiteboard, Notenst\u00e4nder, K\u00fchlschrank (Nicht Glasmagnettafeln), sehr Starke\u2026 - Markt-XXL","description":"Markt-XXL 12 Neodym Magnet f\u00fcr Magnettafel \u2013 Pinnwand, Whiteboard, Notenst\u00e4nder, K\u00fchlschrank (Nicht Glasmagnettafeln), sehr Starke\u2026","robots":{"index":"index","follow":"follow","max-snippet":"max-snippet:-1","max-image-preview":"max-image-preview:large","max-video-preview":"max-video-preview:-1"},"canonical":"https:\/\/marktxxl.de\/markt\/produkt\/12-neodym-magnet-fuer-magnettafel-pinnwand-whiteboard-notenstaender-kuehlschrank-nicht-glasmagnettafeln-sehr-starke-kegelmagnete-klein-pin-vernickelte-stahl-magnete-notenmagnete-12x\/","og_locale":"de_DE","og_type":"article","og_title":"12 Neodym Magnet f\u00fcr Magnettafel \u2013 Pinnwand, Whiteboard, Notenst\u00e4nder, K\u00fchlschrank (Nicht Glasmagnettafeln), sehr Starke\u2026 - Markt-XXL","og_description":"Markt-XXL 12 Neodym Magnet f\u00fcr Magnettafel \u2013 Pinnwand, Whiteboard, Notenst\u00e4nder, K\u00fchlschrank (Nicht Glasmagnettafeln), sehr Starke\u2026","og_url":"https:\/\/marktxxl.de\/markt\/produkt\/12-neodym-magnet-fuer-magnettafel-pinnwand-whiteboard-notenstaender-kuehlschrank-nicht-glasmagnettafeln-sehr-starke-kegelmagnete-klein-pin-vernickelte-stahl-magnete-notenmagnete-12x\/","og_site_name":"Markt-XXL","article_modified_time":"2023-04-11T01:51:34+00:00","og_image":[{"width":500,"height":500,"url":"https:\/\/m.media-amazon.com\/images\/I\/41I5X2YYhbL._SL500_.jpg","type":"image\/jpeg"}],"twitter_card":"summary_large_image","twitter_misc":{"Gesch\u00e4tzte Lesezeit":"1\u00a0Minute"},"schema":{"@context":"https:\/\/schema.org","@graph":[{"@type":"WebPage","@id":"https:\/\/marktxxl.de\/markt\/produkt\/12-neodym-magnet-fuer-magnettafel-pinnwand-whiteboard-notenstaender-kuehlschrank-nicht-glasmagnettafeln-sehr-starke-kegelmagnete-klein-pin-vernickelte-stahl-magnete-notenmagnete-12x\/","url":"https:\/\/marktxxl.de\/markt\/produkt\/12-neodym-magnet-fuer-magnettafel-pinnwand-whiteboard-notenstaender-kuehlschrank-nicht-glasmagnettafeln-sehr-starke-kegelmagnete-klein-pin-vernickelte-stahl-magnete-notenmagnete-12x\/","name":"12 Neodym Magnet f\u00fcr Magnettafel \u2013 Pinnwand, Whiteboard, Notenst\u00e4nder, K\u00fchlschrank (Nicht Glasmagnettafeln), sehr Starke\u2026 - Markt-XXL","isPartOf":{"@id":"https:\/\/marktxxl.de\/markt\/#website"},"primaryImageOfPage":{"@id":"https:\/\/marktxxl.de\/markt\/produkt\/12-neodym-magnet-fuer-magnettafel-pinnwand-whiteboard-notenstaender-kuehlschrank-nicht-glasmagnettafeln-sehr-starke-kegelmagnete-klein-pin-vernickelte-stahl-magnete-notenmagnete-12x\/#primaryimage"},"image":{"@id":"https:\/\/marktxxl.de\/markt\/produkt\/12-neodym-magnet-fuer-magnettafel-pinnwand-whiteboard-notenstaender-kuehlschrank-nicht-glasmagnettafeln-sehr-starke-kegelmagnete-klein-pin-vernickelte-stahl-magnete-notenmagnete-12x\/#primaryimage"},"thumbnailUrl":"https:\/\/m.media-amazon.com\/images\/I\/41I5X2YYhbL._SL500_.jpg","datePublished":"2022-05-15T03:22:45+00:00","dateModified":"2023-04-11T01:51:34+00:00","description":"Markt-XXL 12 Neodym Magnet f\u00fcr Magnettafel \u2013 Pinnwand, Whiteboard, Notenst\u00e4nder, K\u00fchlschrank (Nicht Glasmagnettafeln), sehr Starke\u2026","breadcrumb":{"@id":"https:\/\/marktxxl.de\/markt\/produkt\/12-neodym-magnet-fuer-magnettafel-pinnwand-whiteboard-notenstaender-kuehlschrank-nicht-glasmagnettafeln-sehr-starke-kegelmagnete-klein-pin-vernickelte-stahl-magnete-notenmagnete-12x\/#breadcrumb"},"inLanguage":"de","potentialAction":[{"@type":"ReadAction","target":["https:\/\/marktxxl.de\/markt\/produkt\/12-neodym-magnet-fuer-magnettafel-pinnwand-whiteboard-notenstaender-kuehlschrank-nicht-glasmagnettafeln-sehr-starke-kegelmagnete-klein-pin-vernickelte-stahl-magnete-notenmagnete-12x\/"]}]},{"@type":"ImageObject","inLanguage":"de","@id":"https:\/\/marktxxl.de\/markt\/produkt\/12-neodym-magnet-fuer-magnettafel-pinnwand-whiteboard-notenstaender-kuehlschrank-nicht-glasmagnettafeln-sehr-starke-kegelmagnete-klein-pin-vernickelte-stahl-magnete-notenmagnete-12x\/#primaryimage","url":"https:\/\/m.media-amazon.com\/images\/I\/41I5X2YYhbL._SL500_.jpg","contentUrl":"https:\/\/m.media-amazon.com\/images\/I\/41I5X2YYhbL._SL500_.jpg","width":500,"height":500},{"@type":"BreadcrumbList","@id":"https:\/\/marktxxl.de\/markt\/produkt\/12-neodym-magnet-fuer-magnettafel-pinnwand-whiteboard-notenstaender-kuehlschrank-nicht-glasmagnettafeln-sehr-starke-kegelmagnete-klein-pin-vernickelte-stahl-magnete-notenmagnete-12x\/#breadcrumb","itemListElement":[{"@type":"ListItem","position":1,"name":"Startseite","item":"https:\/\/marktxxl.de\/markt\/"},{"@type":"ListItem","position":2,"name":"Markt","item":"https:\/\/marktxxl.de\/markt\/"},{"@type":"ListItem","position":3,"name":"12 Neodym Magnet f\u00fcr Magnettafel \u2013 Pinnwand, Whiteboard, Notenst\u00e4nder, K\u00fchlschrank (Nicht Glasmagnettafeln), sehr Starke\u2026"}]},{"@type":"WebSite","@id":"https:\/\/marktxxl.de\/markt\/#website","url":"https:\/\/marktxxl.de\/markt\/","name":"Markt-XXL","description":"Ihr Markt Online","publisher":{"@id":"https:\/\/marktxxl.de\/markt\/#organization"},"potentialAction":[{"@type":"SearchAction","target":{"@type":"EntryPoint","urlTemplate":"https:\/\/marktxxl.de\/markt\/?s={search_term_string}"},"query-input":{"@type":"PropertyValueSpecification","valueRequired":true,"valueName":"search_term_string"}}],"inLanguage":"de"},{"@type":"Organization","@id":"https:\/\/marktxxl.de\/markt\/#organization","name":"Markt-XXL","url":"https:\/\/marktxxl.de\/markt\/","logo":{"@type":"ImageObject","inLanguage":"de","@id":"https:\/\/marktxxl.de\/markt\/#\/schema\/logo\/image\/","url":"https:\/\/marktxxl.de\/markt\/wp-content\/uploads\/sites\/3\/2020\/12\/logo.png","contentUrl":"https:\/\/marktxxl.de\/markt\/wp-content\/uploads\/sites\/3\/2020\/12\/logo.png","width":200,"height":70,"caption":"Markt-XXL"},"image":{"@id":"https:\/\/marktxxl.de\/markt\/#\/schema\/logo\/image\/"}}]}},"_links":{"self":[{"href":"https:\/\/marktxxl.de\/markt\/wp-json\/wp\/v2\/product\/120862","targetHints":{"allow":["GET"]}}],"collection":[{"href":"https:\/\/marktxxl.de\/markt\/wp-json\/wp\/v2\/product"}],"about":[{"href":"https:\/\/marktxxl.de\/markt\/wp-json\/wp\/v2\/types\/product"}],"replies":[{"embeddable":true,"href":"https:\/\/marktxxl.de\/markt\/wp-json\/wp\/v2\/comments?post=120862"}],"wp:featuredmedia":[{"embeddable":true,"href":"https:\/\/marktxxl.de\/markt\/wp-json\/wp\/v2\/media\/120863"}],"wp:attachment":[{"href":"https:\/\/marktxxl.de\/markt\/wp-json\/wp\/v2\/media?parent=120862"}],"wp:term":[{"taxonomy":"product_brand","embeddable":true,"href":"https:\/\/marktxxl.de\/markt\/wp-json\/wp\/v2\/product_brand?post=120862"},{"taxonomy":"product_cat","embeddable":true,"href":"https:\/\/marktxxl.de\/markt\/wp-json\/wp\/v2\/product_cat?post=120862"},{"taxonomy":"product_tag","embeddable":true,"href":"https:\/\/marktxxl.de\/markt\/wp-json\/wp\/v2\/product_tag?post=120862"}],"curies":[{"name":"wp","href":"https:\/\/api.w.org\/{rel}","templated":true}]}}