{"id":120733,"date":"2022-05-15T05:17:56","date_gmt":"2022-05-15T03:17:56","guid":{"rendered":"https:\/\/marktxxl.de\/markt\/produkt\/wqoe-metall-magnete-18-stueck-12-x-16mm-pin-magneten-mit-aufbewahrungs-box-edelstahl-kegelmagnete-stahl-magnete-pinnwand-magnete-fuer-magnettafel-whiteboard-kuehlschrank-usw\/"},"modified":"2023-04-11T03:51:33","modified_gmt":"2023-04-11T01:51:33","slug":"wqoe-metall-magnete-18-stueck-12-x-16mm-pin-magneten-mit-aufbewahrungs-box-edelstahl-kegelmagnete-stahl-magnete-pinnwand-magnete-fuer-magnettafel-whiteboard-kuehlschrank-usw","status":"publish","type":"product","link":"https:\/\/marktxxl.de\/markt\/produkt\/wqoe-metall-magnete-18-stueck-12-x-16mm-pin-magneten-mit-aufbewahrungs-box-edelstahl-kegelmagnete-stahl-magnete-pinnwand-magnete-fuer-magnettafel-whiteboard-kuehlschrank-usw\/","title":{"rendered":"WQOE Metal Magnets Pack of 18, 12 x 16 mm Pin Magnets with Storage Box &#8211; Stainless Steel Cone Magnets Pin Board Magnets\u2026"},"content":{"rendered":"<p>\u2727Hervorragende Qualit\u00e4t: Die Oberfl\u00e4che der Magnete ist dreifach beschichtet: Nickel-Kupfer-Nickel. Die massive Metalloberfl\u00e4che sch\u00fctzt den Magneten vor Bruch, was seine Lebensdauer erheblich verl\u00e4ngert.<br \/>\n\u2727 Perfekte Gr\u00f6\u00dfe \u00d8 Haftkraft: Produktgr\u00f6\u00dfe: 18 St\u00fcck \u00d8 12&#215;16 mm. Jeder Magnet h\u00e4lt bis zu 800g oder 20 Din A4 Blatt Papier auf metallischer Oberfl\u00e4che.(NUR 10 Din A4 Blatt Papie auf Whiteboard).<br \/>\n\u2727 Weite Verbreitungen: Bestens geeignet zu Papier, Fotos, Karten und Notizen auf verschiedenen Metalloberfl\u00e4chen wie K\u00fchlschr\u00e4nken, Whiteboards, Aluminium-B\u00fccherregalen usw.. Geeignet auch als Haken zum Aufh\u00e4ngen von schl\u00fcssel usw.. [NICHT f\u00fcr Glasmagnetboard oder Glasmagnettafeln geeignet!]<br \/>\n\u2727 Leicht Greifende \u00d8 Tragbar: Der extrem leicht zu greifende konische Griff erm\u00f6glicht das einfache Anbringen oder Verschieben von Magneten. Verpackt in einer tragbaren Aufbewahrungsbox, um Ihre Magnete besser zu lagern. Nie Magnet verloren!<br \/>\n\u2727 Achtung: \u2460 NICHT f\u00fcr Kinder geeignet. Es gibt Erstickungsgefahr durch verschluckbare Kleinteile. \u2461 HALTEN Patienten mit Herzschrittmachern und Defibrillator FERN!<br \/>\n<div class=\"main-cross-sell\" data-asin=\"B09NNHBZNT\">\n\n\t<div class=\"WooZone-cross-sell-loader\">\n\t\t<div>\n\t\t\t<div id=\"floatingBarsG\">\n\t\t\t\t<div class=\"blockG\" id=\"rotateG_01\"><\/div>\n\t\t\t\t<div class=\"blockG\" id=\"rotateG_02\"><\/div>\n\t\t\t\t<div class=\"blockG\" id=\"rotateG_03\"><\/div>\n\t\t\t\t<div class=\"blockG\" id=\"rotateG_04\"><\/div>\n\t\t\t\t<div class=\"blockG\" id=\"rotateG_05\"><\/div>\n\t\t\t\t<div class=\"blockG\" id=\"rotateG_06\"><\/div>\n\t\t\t\t<div class=\"blockG\" id=\"rotateG_07\"><\/div>\n\t\t\t\t<div class=\"blockG\" id=\"rotateG_08\"><\/div>\n\t\t\t<\/div>\n\t\t\t<div class=\"WooZone-cross-sell-loader-text\"><\/div>\n\t\t<\/div>\n\t<\/div>\n\n\t\t\n<\/div>\n<div style=\"clear:both;\"><\/div><\/p>\n","protected":false},"excerpt":{"rendered":"<p>\u2727Hervorragende Qualit\u00e4t: Die Oberfl\u00e4che der Magnete ist dreifach beschichtet: Nickel-Kupfer-Nickel. Die massive Metalloberfl\u00e4che sch\u00fctzt den Magneten vor Bruch, was seine Lebensdauer erheblich verl\u00e4ngert.<br \/>\n\u2727 Perfekte Gr\u00f6\u00dfe \u00d8 Haftkraft: Produktgr\u00f6\u00dfe: 18 St\u00fcck \u00d8 12&#215;16 mm. Jeder Magnet h\u00e4lt bis zu 800g oder 20 Din A4 Blatt Papier auf metallischer Oberfl\u00e4che.(NUR 10 Din A4 Blatt Papie auf Whiteboard).<br \/>\n\u2727 Weite Verbreitungen: Bestens geeignet zu Papier, Fotos, Karten und Notizen auf verschiedenen Metalloberfl\u00e4chen wie K\u00fchlschr\u00e4nken, Whiteboards, Aluminium-B\u00fccherregalen usw.. Geeignet auch als Haken zum Aufh\u00e4ngen von schl\u00fcssel usw.. [NICHT f\u00fcr Glasmagnetboard oder Glasmagnettafeln geeignet!]<\/p>\n","protected":false},"featured_media":120734,"comment_status":"open","ping_status":"closed","template":"","meta":[],"product_brand":[],"product_cat":[504,8284],"product_tag":[],"class_list":{"0":"post-120733","1":"product","2":"type-product","3":"status-publish","4":"has-post-thumbnail","6":"product_cat-buerobedarf-schreibwaren","7":"product_cat-bueromaterial","8":"pa_brand-wqoe","9":"pa_manufacturer-uixop-uk","11":"first","12":"instock","13":"shipping-taxable","14":"purchasable","15":"product-type-simple","16":"customify-col","17":"product-has-gallery"},"yoast_head":"<!-- This site is optimized with the Yoast SEO plugin v27.4 - https:\/\/yoast.com\/product\/yoast-seo-wordpress\/ -->\n<title>WQOE Metal Magnets Pack of 18, 12 x 16 mm Pin Magnets with Storage Box - Stainless Steel Cone Magnets Pin Board Magnets\u2026 - Markt-XXL<\/title>\n<meta name=\"description\" content=\"Markt-XXL WQOE Metal Magnets Pack of 18, 12 x 16 mm Pin Magnets with Storage Box - Stainless Steel Cone Magnets Pin Board Magnets\u2026\" \/>\n<meta name=\"robots\" content=\"index, follow, max-snippet:-1, max-image-preview:large, max-video-preview:-1\" \/>\n<link rel=\"canonical\" href=\"https:\/\/marktxxl.de\/markt\/produkt\/wqoe-metall-magnete-18-stueck-12-x-16mm-pin-magneten-mit-aufbewahrungs-box-edelstahl-kegelmagnete-stahl-magnete-pinnwand-magnete-fuer-magnettafel-whiteboard-kuehlschrank-usw\/\" \/>\n<meta property=\"og:locale\" content=\"de_DE\" \/>\n<meta property=\"og:type\" content=\"article\" \/>\n<meta property=\"og:title\" content=\"WQOE Metal Magnets Pack of 18, 12 x 16 mm Pin Magnets with Storage Box - Stainless Steel Cone Magnets Pin Board Magnets\u2026 - Markt-XXL\" \/>\n<meta property=\"og:description\" content=\"Markt-XXL WQOE Metal Magnets Pack of 18, 12 x 16 mm Pin Magnets with Storage Box - Stainless Steel Cone Magnets Pin Board Magnets\u2026\" \/>\n<meta property=\"og:url\" content=\"https:\/\/marktxxl.de\/markt\/produkt\/wqoe-metall-magnete-18-stueck-12-x-16mm-pin-magneten-mit-aufbewahrungs-box-edelstahl-kegelmagnete-stahl-magnete-pinnwand-magnete-fuer-magnettafel-whiteboard-kuehlschrank-usw\/\" \/>\n<meta property=\"og:site_name\" content=\"Markt-XXL\" \/>\n<meta property=\"article:modified_time\" content=\"2023-04-11T01:51:33+00:00\" \/>\n<meta property=\"og:image\" content=\"https:\/\/m.media-amazon.com\/images\/I\/51BLGIPYsYL._SL500_.jpg\" \/>\n\t<meta property=\"og:image:width\" content=\"500\" \/>\n\t<meta property=\"og:image:height\" content=\"500\" \/>\n\t<meta property=\"og:image:type\" content=\"image\/jpeg\" \/>\n<meta name=\"twitter:card\" content=\"summary_large_image\" \/>\n<meta name=\"twitter:label1\" content=\"Gesch\u00e4tzte Lesezeit\" \/>\n\t<meta name=\"twitter:data1\" content=\"1\u00a0Minute\" \/>\n<script type=\"application\/ld+json\" class=\"yoast-schema-graph\">{\"@context\":\"https:\\\/\\\/schema.org\",\"@graph\":[{\"@type\":\"WebPage\",\"@id\":\"https:\\\/\\\/marktxxl.de\\\/markt\\\/produkt\\\/wqoe-metall-magnete-18-stueck-12-x-16mm-pin-magneten-mit-aufbewahrungs-box-edelstahl-kegelmagnete-stahl-magnete-pinnwand-magnete-fuer-magnettafel-whiteboard-kuehlschrank-usw\\\/\",\"url\":\"https:\\\/\\\/marktxxl.de\\\/markt\\\/produkt\\\/wqoe-metall-magnete-18-stueck-12-x-16mm-pin-magneten-mit-aufbewahrungs-box-edelstahl-kegelmagnete-stahl-magnete-pinnwand-magnete-fuer-magnettafel-whiteboard-kuehlschrank-usw\\\/\",\"name\":\"WQOE Metal Magnets Pack of 18, 12 x 16 mm Pin Magnets with Storage Box - Stainless Steel Cone Magnets Pin Board Magnets\u2026 - Markt-XXL\",\"isPartOf\":{\"@id\":\"https:\\\/\\\/marktxxl.de\\\/markt\\\/#website\"},\"primaryImageOfPage\":{\"@id\":\"https:\\\/\\\/marktxxl.de\\\/markt\\\/produkt\\\/wqoe-metall-magnete-18-stueck-12-x-16mm-pin-magneten-mit-aufbewahrungs-box-edelstahl-kegelmagnete-stahl-magnete-pinnwand-magnete-fuer-magnettafel-whiteboard-kuehlschrank-usw\\\/#primaryimage\"},\"image\":{\"@id\":\"https:\\\/\\\/marktxxl.de\\\/markt\\\/produkt\\\/wqoe-metall-magnete-18-stueck-12-x-16mm-pin-magneten-mit-aufbewahrungs-box-edelstahl-kegelmagnete-stahl-magnete-pinnwand-magnete-fuer-magnettafel-whiteboard-kuehlschrank-usw\\\/#primaryimage\"},\"thumbnailUrl\":\"https:\\\/\\\/m.media-amazon.com\\\/images\\\/I\\\/51BLGIPYsYL._SL500_.jpg\",\"datePublished\":\"2022-05-15T03:17:56+00:00\",\"dateModified\":\"2023-04-11T01:51:33+00:00\",\"description\":\"Markt-XXL WQOE Metal Magnets Pack of 18, 12 x 16 mm Pin Magnets with Storage Box - Stainless Steel Cone Magnets Pin Board Magnets\u2026\",\"breadcrumb\":{\"@id\":\"https:\\\/\\\/marktxxl.de\\\/markt\\\/produkt\\\/wqoe-metall-magnete-18-stueck-12-x-16mm-pin-magneten-mit-aufbewahrungs-box-edelstahl-kegelmagnete-stahl-magnete-pinnwand-magnete-fuer-magnettafel-whiteboard-kuehlschrank-usw\\\/#breadcrumb\"},\"inLanguage\":\"de\",\"potentialAction\":[{\"@type\":\"ReadAction\",\"target\":[\"https:\\\/\\\/marktxxl.de\\\/markt\\\/produkt\\\/wqoe-metall-magnete-18-stueck-12-x-16mm-pin-magneten-mit-aufbewahrungs-box-edelstahl-kegelmagnete-stahl-magnete-pinnwand-magnete-fuer-magnettafel-whiteboard-kuehlschrank-usw\\\/\"]}]},{\"@type\":\"ImageObject\",\"inLanguage\":\"de\",\"@id\":\"https:\\\/\\\/marktxxl.de\\\/markt\\\/produkt\\\/wqoe-metall-magnete-18-stueck-12-x-16mm-pin-magneten-mit-aufbewahrungs-box-edelstahl-kegelmagnete-stahl-magnete-pinnwand-magnete-fuer-magnettafel-whiteboard-kuehlschrank-usw\\\/#primaryimage\",\"url\":\"https:\\\/\\\/m.media-amazon.com\\\/images\\\/I\\\/51BLGIPYsYL._SL500_.jpg\",\"contentUrl\":\"https:\\\/\\\/m.media-amazon.com\\\/images\\\/I\\\/51BLGIPYsYL._SL500_.jpg\",\"width\":500,\"height\":500},{\"@type\":\"BreadcrumbList\",\"@id\":\"https:\\\/\\\/marktxxl.de\\\/markt\\\/produkt\\\/wqoe-metall-magnete-18-stueck-12-x-16mm-pin-magneten-mit-aufbewahrungs-box-edelstahl-kegelmagnete-stahl-magnete-pinnwand-magnete-fuer-magnettafel-whiteboard-kuehlschrank-usw\\\/#breadcrumb\",\"itemListElement\":[{\"@type\":\"ListItem\",\"position\":1,\"name\":\"Startseite\",\"item\":\"https:\\\/\\\/marktxxl.de\\\/markt\\\/\"},{\"@type\":\"ListItem\",\"position\":2,\"name\":\"Markt\",\"item\":\"https:\\\/\\\/marktxxl.de\\\/markt\\\/\"},{\"@type\":\"ListItem\",\"position\":3,\"name\":\"WQOE Metal Magnets Pack of 18, 12 x 16 mm Pin Magnets with Storage Box &#8211; Stainless Steel Cone Magnets Pin Board Magnets\u2026\"}]},{\"@type\":\"WebSite\",\"@id\":\"https:\\\/\\\/marktxxl.de\\\/markt\\\/#website\",\"url\":\"https:\\\/\\\/marktxxl.de\\\/markt\\\/\",\"name\":\"Markt-XXL\",\"description\":\"Ihr Markt Online\",\"publisher\":{\"@id\":\"https:\\\/\\\/marktxxl.de\\\/markt\\\/#organization\"},\"potentialAction\":[{\"@type\":\"SearchAction\",\"target\":{\"@type\":\"EntryPoint\",\"urlTemplate\":\"https:\\\/\\\/marktxxl.de\\\/markt\\\/?s={search_term_string}\"},\"query-input\":{\"@type\":\"PropertyValueSpecification\",\"valueRequired\":true,\"valueName\":\"search_term_string\"}}],\"inLanguage\":\"de\"},{\"@type\":\"Organization\",\"@id\":\"https:\\\/\\\/marktxxl.de\\\/markt\\\/#organization\",\"name\":\"Markt-XXL\",\"url\":\"https:\\\/\\\/marktxxl.de\\\/markt\\\/\",\"logo\":{\"@type\":\"ImageObject\",\"inLanguage\":\"de\",\"@id\":\"https:\\\/\\\/marktxxl.de\\\/markt\\\/#\\\/schema\\\/logo\\\/image\\\/\",\"url\":\"https:\\\/\\\/marktxxl.de\\\/markt\\\/wp-content\\\/uploads\\\/sites\\\/3\\\/2020\\\/12\\\/logo.png\",\"contentUrl\":\"https:\\\/\\\/marktxxl.de\\\/markt\\\/wp-content\\\/uploads\\\/sites\\\/3\\\/2020\\\/12\\\/logo.png\",\"width\":200,\"height\":70,\"caption\":\"Markt-XXL\"},\"image\":{\"@id\":\"https:\\\/\\\/marktxxl.de\\\/markt\\\/#\\\/schema\\\/logo\\\/image\\\/\"}}]}<\/script>\n<!-- \/ Yoast SEO plugin. -->","yoast_head_json":{"title":"WQOE Metal Magnets Pack of 18, 12 x 16 mm Pin Magnets with Storage Box - Stainless Steel Cone Magnets Pin Board Magnets\u2026 - Markt-XXL","description":"Markt-XXL WQOE Metal Magnets Pack of 18, 12 x 16 mm Pin Magnets with Storage Box - Stainless Steel Cone Magnets Pin Board Magnets\u2026","robots":{"index":"index","follow":"follow","max-snippet":"max-snippet:-1","max-image-preview":"max-image-preview:large","max-video-preview":"max-video-preview:-1"},"canonical":"https:\/\/marktxxl.de\/markt\/produkt\/wqoe-metall-magnete-18-stueck-12-x-16mm-pin-magneten-mit-aufbewahrungs-box-edelstahl-kegelmagnete-stahl-magnete-pinnwand-magnete-fuer-magnettafel-whiteboard-kuehlschrank-usw\/","og_locale":"de_DE","og_type":"article","og_title":"WQOE Metal Magnets Pack of 18, 12 x 16 mm Pin Magnets with Storage Box - Stainless Steel Cone Magnets Pin Board Magnets\u2026 - Markt-XXL","og_description":"Markt-XXL WQOE Metal Magnets Pack of 18, 12 x 16 mm Pin Magnets with Storage Box - Stainless Steel Cone Magnets Pin Board Magnets\u2026","og_url":"https:\/\/marktxxl.de\/markt\/produkt\/wqoe-metall-magnete-18-stueck-12-x-16mm-pin-magneten-mit-aufbewahrungs-box-edelstahl-kegelmagnete-stahl-magnete-pinnwand-magnete-fuer-magnettafel-whiteboard-kuehlschrank-usw\/","og_site_name":"Markt-XXL","article_modified_time":"2023-04-11T01:51:33+00:00","og_image":[{"width":500,"height":500,"url":"https:\/\/m.media-amazon.com\/images\/I\/51BLGIPYsYL._SL500_.jpg","type":"image\/jpeg"}],"twitter_card":"summary_large_image","twitter_misc":{"Gesch\u00e4tzte Lesezeit":"1\u00a0Minute"},"schema":{"@context":"https:\/\/schema.org","@graph":[{"@type":"WebPage","@id":"https:\/\/marktxxl.de\/markt\/produkt\/wqoe-metall-magnete-18-stueck-12-x-16mm-pin-magneten-mit-aufbewahrungs-box-edelstahl-kegelmagnete-stahl-magnete-pinnwand-magnete-fuer-magnettafel-whiteboard-kuehlschrank-usw\/","url":"https:\/\/marktxxl.de\/markt\/produkt\/wqoe-metall-magnete-18-stueck-12-x-16mm-pin-magneten-mit-aufbewahrungs-box-edelstahl-kegelmagnete-stahl-magnete-pinnwand-magnete-fuer-magnettafel-whiteboard-kuehlschrank-usw\/","name":"WQOE Metal Magnets Pack of 18, 12 x 16 mm Pin Magnets with Storage Box - Stainless Steel Cone Magnets Pin Board Magnets\u2026 - Markt-XXL","isPartOf":{"@id":"https:\/\/marktxxl.de\/markt\/#website"},"primaryImageOfPage":{"@id":"https:\/\/marktxxl.de\/markt\/produkt\/wqoe-metall-magnete-18-stueck-12-x-16mm-pin-magneten-mit-aufbewahrungs-box-edelstahl-kegelmagnete-stahl-magnete-pinnwand-magnete-fuer-magnettafel-whiteboard-kuehlschrank-usw\/#primaryimage"},"image":{"@id":"https:\/\/marktxxl.de\/markt\/produkt\/wqoe-metall-magnete-18-stueck-12-x-16mm-pin-magneten-mit-aufbewahrungs-box-edelstahl-kegelmagnete-stahl-magnete-pinnwand-magnete-fuer-magnettafel-whiteboard-kuehlschrank-usw\/#primaryimage"},"thumbnailUrl":"https:\/\/m.media-amazon.com\/images\/I\/51BLGIPYsYL._SL500_.jpg","datePublished":"2022-05-15T03:17:56+00:00","dateModified":"2023-04-11T01:51:33+00:00","description":"Markt-XXL WQOE Metal Magnets Pack of 18, 12 x 16 mm Pin Magnets with Storage Box - Stainless Steel Cone Magnets Pin Board Magnets\u2026","breadcrumb":{"@id":"https:\/\/marktxxl.de\/markt\/produkt\/wqoe-metall-magnete-18-stueck-12-x-16mm-pin-magneten-mit-aufbewahrungs-box-edelstahl-kegelmagnete-stahl-magnete-pinnwand-magnete-fuer-magnettafel-whiteboard-kuehlschrank-usw\/#breadcrumb"},"inLanguage":"de","potentialAction":[{"@type":"ReadAction","target":["https:\/\/marktxxl.de\/markt\/produkt\/wqoe-metall-magnete-18-stueck-12-x-16mm-pin-magneten-mit-aufbewahrungs-box-edelstahl-kegelmagnete-stahl-magnete-pinnwand-magnete-fuer-magnettafel-whiteboard-kuehlschrank-usw\/"]}]},{"@type":"ImageObject","inLanguage":"de","@id":"https:\/\/marktxxl.de\/markt\/produkt\/wqoe-metall-magnete-18-stueck-12-x-16mm-pin-magneten-mit-aufbewahrungs-box-edelstahl-kegelmagnete-stahl-magnete-pinnwand-magnete-fuer-magnettafel-whiteboard-kuehlschrank-usw\/#primaryimage","url":"https:\/\/m.media-amazon.com\/images\/I\/51BLGIPYsYL._SL500_.jpg","contentUrl":"https:\/\/m.media-amazon.com\/images\/I\/51BLGIPYsYL._SL500_.jpg","width":500,"height":500},{"@type":"BreadcrumbList","@id":"https:\/\/marktxxl.de\/markt\/produkt\/wqoe-metall-magnete-18-stueck-12-x-16mm-pin-magneten-mit-aufbewahrungs-box-edelstahl-kegelmagnete-stahl-magnete-pinnwand-magnete-fuer-magnettafel-whiteboard-kuehlschrank-usw\/#breadcrumb","itemListElement":[{"@type":"ListItem","position":1,"name":"Startseite","item":"https:\/\/marktxxl.de\/markt\/"},{"@type":"ListItem","position":2,"name":"Markt","item":"https:\/\/marktxxl.de\/markt\/"},{"@type":"ListItem","position":3,"name":"WQOE Metal Magnets Pack of 18, 12 x 16 mm Pin Magnets with Storage Box &#8211; Stainless Steel Cone Magnets Pin Board Magnets\u2026"}]},{"@type":"WebSite","@id":"https:\/\/marktxxl.de\/markt\/#website","url":"https:\/\/marktxxl.de\/markt\/","name":"Markt-XXL","description":"Ihr Markt Online","publisher":{"@id":"https:\/\/marktxxl.de\/markt\/#organization"},"potentialAction":[{"@type":"SearchAction","target":{"@type":"EntryPoint","urlTemplate":"https:\/\/marktxxl.de\/markt\/?s={search_term_string}"},"query-input":{"@type":"PropertyValueSpecification","valueRequired":true,"valueName":"search_term_string"}}],"inLanguage":"de"},{"@type":"Organization","@id":"https:\/\/marktxxl.de\/markt\/#organization","name":"Markt-XXL","url":"https:\/\/marktxxl.de\/markt\/","logo":{"@type":"ImageObject","inLanguage":"de","@id":"https:\/\/marktxxl.de\/markt\/#\/schema\/logo\/image\/","url":"https:\/\/marktxxl.de\/markt\/wp-content\/uploads\/sites\/3\/2020\/12\/logo.png","contentUrl":"https:\/\/marktxxl.de\/markt\/wp-content\/uploads\/sites\/3\/2020\/12\/logo.png","width":200,"height":70,"caption":"Markt-XXL"},"image":{"@id":"https:\/\/marktxxl.de\/markt\/#\/schema\/logo\/image\/"}}]}},"_links":{"self":[{"href":"https:\/\/marktxxl.de\/markt\/wp-json\/wp\/v2\/product\/120733","targetHints":{"allow":["GET"]}}],"collection":[{"href":"https:\/\/marktxxl.de\/markt\/wp-json\/wp\/v2\/product"}],"about":[{"href":"https:\/\/marktxxl.de\/markt\/wp-json\/wp\/v2\/types\/product"}],"replies":[{"embeddable":true,"href":"https:\/\/marktxxl.de\/markt\/wp-json\/wp\/v2\/comments?post=120733"}],"wp:featuredmedia":[{"embeddable":true,"href":"https:\/\/marktxxl.de\/markt\/wp-json\/wp\/v2\/media\/120734"}],"wp:attachment":[{"href":"https:\/\/marktxxl.de\/markt\/wp-json\/wp\/v2\/media?parent=120733"}],"wp:term":[{"taxonomy":"product_brand","embeddable":true,"href":"https:\/\/marktxxl.de\/markt\/wp-json\/wp\/v2\/product_brand?post=120733"},{"taxonomy":"product_cat","embeddable":true,"href":"https:\/\/marktxxl.de\/markt\/wp-json\/wp\/v2\/product_cat?post=120733"},{"taxonomy":"product_tag","embeddable":true,"href":"https:\/\/marktxxl.de\/markt\/wp-json\/wp\/v2\/product_tag?post=120733"}],"curies":[{"name":"wp","href":"https:\/\/api.w.org\/{rel}","templated":true}]}}